{"id":16627,"date":"2017-04-04T11:12:34","date_gmt":"2017-04-04T08:12:34","guid":{"rendered":"https:\/\/sleepwellbed.com\/firmast\/"},"modified":"2025-12-15T11:21:31","modified_gmt":"2025-12-15T09:21:31","slug":"apie-mus","status":"publish","type":"page","link":"https:\/\/sleepwellbed.com\/lt\/apie-mus\/","title":{"rendered":"Apie mus"},"content":{"rendered":"<div class=\"wpb-content-wrapper\"><p>[vc_row full_width=&#8221;stretch_row&#8221; equal_height=&#8221;yes&#8221; bg_type=&#8221;bg_color&#8221; type=&#8221;vc_default&#8221; margin_top=&#8221;75&#8243; margin_bottom=&#8221;-20&#8243; css=&#8221;.vc_custom_1561114111912{padding-top: 70px !important;padding-bottom: 50px !important;background-color: #ffffff !important;}&#8221; bg_color_value=&#8221;#ffffff&#8221;][vc_column width=&#8221;2\/3&#8243; offset=&#8221;vc_col-md-offset-0 vc_col-sm-offset-0&#8243; css=&#8221;.vc_custom_1561114221436{padding-bottom: 0px !important;}&#8221;]<div id=\"ultimate-heading-99396a08cd61b5308\" class=\"uvc-heading ult-adjust-bottom-margin ultimate-heading-99396a08cd61b5308 uvc-7711  uvc-heading-default-font-sizes\" data-hspacer=\"no_spacer\"  data-halign=\"left\" style=\"text-align:left\"><div class=\"uvc-heading-spacer no_spacer\" style=\"top\"><\/div><div class=\"uvc-main-heading ult-responsive\"  data-ultimate-target='.uvc-heading.ultimate-heading-99396a08cd61b5308 h3'  data-responsive-json-new='{\"font-size\":\"\",\"line-height\":\"\"}' ><h3 style=\"--font-weight:theme;color:#9d2235;margin-bottom:50px;\">Hilding Anders Estonia AS<\/h3><\/div><\/div>[vc_row_inner equal_height=&#8221;yes&#8221; el_class=&#8221;sw-about&#8221;][vc_column_inner width=&#8221;1\/2&#8243; css=&#8221;.vc_custom_1479032888299{padding-bottom: 35px !important;}&#8221;]<div class=\"aio-icon-component  vc_custom_1765790489119   style_1\"><div id=\"Info-box-wrap-2766\" class=\"aio-icon-box left-icon\" style=\"\"  ><div class=\"aio-icon-left\"><div class=\"ult-just-icon-wrapper  \"><div class=\"align-icon\" style=\"text-align:center;\">\n<div class=\"aio-icon-img \" style=\"font-size:48px;display:inline-block;\" >\n\t<img decoding=\"async\" class=\"img-icon\" alt=\"null\" src=\"https:\/\/sleepwellbed.com\/wp-content\/uploads\/2019\/06\/address-icon.png\"\/>\n<\/div><\/div><\/div><\/div><div class=\"aio-ibd-block\"><div class=\"aio-icon-header\" ><h3 class=\"aio-icon-title ult-responsive\"  data-ultimate-target='#Info-box-wrap-2766 .aio-icon-title'  data-responsive-json-new='{\"font-size\":\"\",\"line-height\":\"\"}'  style=\"\">Autorizuotas Sleepwell salonas<\/h3><\/div> <!-- header --><div class=\"aio-icon-description ult-responsive\"  data-ultimate-target='#Info-box-wrap-2766 .aio-icon-description'  data-responsive-json-new='{\"font-size\":\"\",\"line-height\":\"\"}'  style=\"\">P. Luk\u0161io 21<\/p>\n<p>LT-09132 Vilnius, Lietuva<\/p>\n<p>Salono tel.: <a href=\"tel:+37069044888\">+370 690 44 888<\/a><\/div> <!-- description --><\/div> <!-- aio-ibd-block --><\/div> <!-- aio-icon-box --><\/div> <!-- aio-icon-component -->[\/vc_column_inner][vc_column_inner width=&#8221;1\/2&#8243; css=&#8221;.vc_custom_1479032916919{padding-bottom: 35px !important;}&#8221;][\/vc_column_inner][\/vc_row_inner][vc_row_inner equal_height=&#8221;yes&#8221; el_class=&#8221;sw-about&#8221;][vc_column_inner width=&#8221;1\/2&#8243; css=&#8221;.vc_custom_1479032916919{padding-bottom: 35px !important;}&#8221;][\/vc_column_inner][\/vc_row_inner][\/vc_column][vc_column width=&#8221;1\/3&#8243; el_class=&#8221;sw-owl&#8221;][vc_single_image image=&#8221;2149&#8243; img_size=&#8221;full&#8221;]<div class=\"ult-content-box-container \" >\t\t<div class=\"ult-content-box\" style=\"background-color:#eaeaea;box-shadow: px px px px none;padding-top:35px;padding-right:70px;padding-bottom:35px;padding-left:25px;-webkit-transition: all 700ms ease;-moz-transition: all 700ms ease;-ms-transition: all 700ms ease;-o-transition: all 700ms ease;transition: all 700ms ease;\"  data-hover_box_shadow=\"none\"     data-bg=\"#eaeaea\" ><div id=\"ultimate-heading-1166a08cd61b5706\" class=\"uvc-heading ult-adjust-bottom-margin ultimate-heading-1166a08cd61b5706 uvc-5774 \" data-hspacer=\"no_spacer\"  data-halign=\"left\" style=\"text-align:left\"><div class=\"uvc-heading-spacer no_spacer\" style=\"top\"><\/div><div class=\"uvc-main-heading ult-responsive\"  data-ultimate-target='.uvc-heading.ultimate-heading-1166a08cd61b5706 h3'  data-responsive-json-new='{\"font-size\":\"\",\"line-height\":\"desktop:40px;\"}' ><h3 style=\"--font-weight:theme;color:#9d2235;margin-bottom:30px;\">Susipa\u017einkite \u2013 HILDA ir ANDERSAS!<\/h3><\/div><div class=\"uvc-sub-heading ult-responsive\"  data-ultimate-target='.uvc-heading.ultimate-heading-1166a08cd61b5706 .uvc-sub-heading '  data-responsive-json-new='{\"font-size\":\"\",\"line-height\":\"\"}'  style=\"font-weight:normal;\">\u201eSleepwell\u201c mano, kad svarbiausia yra pad\u0117ti ken\u010diantiems nuo nemigos ir visiems u\u017etikrinti ger\u0105 mieg\u0105!<\/p>\n<p>Nuo 2013 m. \u201eHilding Anders Estonia AS\u201c remia dvi Talino zoologijos sode gyvenan\u010dias laplandines pel\u0117das.<\/div><\/div>\t\t<\/div><\/div>[\/vc_column][\/vc_row][vc_row css=&#8221;.vc_custom_1561114566822{margin-bottom: 50px !important;}&#8221;][vc_column]<div id=\"ultimate-heading-35856a08cd61b573f\" class=\"uvc-heading ult-adjust-bottom-margin ultimate-heading-35856a08cd61b573f uvc-4296  uvc-heading-default-font-sizes\" data-hspacer=\"no_spacer\"  data-halign=\"left\" style=\"text-align:left\"><div class=\"uvc-heading-spacer no_spacer\" style=\"top\"><\/div><div class=\"uvc-main-heading ult-responsive\"  data-ultimate-target='.uvc-heading.ultimate-heading-35856a08cd61b573f h3'  data-responsive-json-new='{\"font-size\":\"\",\"line-height\":\"\"}' ><h3 style=\"--font-weight:theme;color:#9d2235;margin-bottom:50px;\">Estijos pardavimo biuras<\/h3><\/div><\/div>[vc_row_inner el_class=&#8221;sw-about&#8221;][vc_column_inner width=&#8221;1\/3&#8243;][vc_single_image image=&#8221;461980&#8243; img_size=&#8221;large&#8221;]<div id=\"ultimate-heading-14436a08cd61b5768\" class=\"uvc-heading ult-adjust-bottom-margin ultimate-heading-14436a08cd61b5768 uvc-4294  uvc-heading-default-font-sizes\" data-hspacer=\"no_spacer\"  data-halign=\"left\" style=\"text-align:left\"><div class=\"uvc-heading-spacer no_spacer\" style=\"top\"><\/div><div class=\"uvc-main-heading ult-responsive\"  data-ultimate-target='.uvc-heading.ultimate-heading-14436a08cd61b5768 h4'  data-responsive-json-new='{\"font-size\":\"\",\"line-height\":\"\"}' ><h4 style=\"--font-weight:theme;margin-top:20px;margin-bottom:10px;\">Tiina Liivam\u00e4gi<\/h4><\/div><div class=\"uvc-sub-heading ult-responsive\"  data-ultimate-target='.uvc-heading.ultimate-heading-14436a08cd61b5768 .uvc-sub-heading '  data-responsive-json-new='{\"font-size\":\"\",\"line-height\":\"\"}'  style=\"font-weight:normal;\"><strong>Klient\u0173 vadybininkas<\/strong><\/p>\n<p><a href=\"mailto:order.baltic@hildinganders.com\">order.baltic@hildinganders.com<\/a><\/div><\/div>[\/vc_column_inner][vc_column_inner width=&#8221;1\/3&#8243;][\/vc_column_inner][\/vc_row_inner][\/vc_column][\/vc_row][vc_row css=&#8221;.vc_custom_1561114603363{margin-bottom: 50px !important;}&#8221;][vc_column]<div id=\"ultimate-heading-45446a08cd61b5789\" class=\"uvc-heading ult-adjust-bottom-margin ultimate-heading-45446a08cd61b5789 uvc-5321  uvc-heading-default-font-sizes\" data-hspacer=\"no_spacer\"  data-halign=\"left\" style=\"text-align:left\"><div class=\"uvc-heading-spacer no_spacer\" style=\"top\"><\/div><div class=\"uvc-main-heading ult-responsive\"  data-ultimate-target='.uvc-heading.ultimate-heading-45446a08cd61b5789 h3'  data-responsive-json-new='{\"font-size\":\"\",\"line-height\":\"\"}' ><h3 style=\"--font-weight:theme;color:#9d2235;margin-bottom:50px;\">Lietuvos pardavimo biuras<\/h3><\/div><\/div>[vc_row_inner el_class=&#8221;sw-about&#8221;][vc_column_inner width=&#8221;1\/3&#8243; css=&#8221;.vc_custom_1561114577789{margin-bottom: 20px !important;}&#8221;][vc_single_image image=&#8221;21440&#8243; img_size=&#8221;225&#215;225&#8243;]<div id=\"ultimate-heading-24926a08cd61b57a9\" class=\"uvc-heading ult-adjust-bottom-margin ultimate-heading-24926a08cd61b57a9 uvc-8679  uvc-heading-default-font-sizes\" data-hspacer=\"no_spacer\"  data-halign=\"left\" style=\"text-align:left\"><div class=\"uvc-heading-spacer no_spacer\" style=\"top\"><\/div><div class=\"uvc-main-heading ult-responsive\"  data-ultimate-target='.uvc-heading.ultimate-heading-24926a08cd61b57a9 h4'  data-responsive-json-new='{\"font-size\":\"\",\"line-height\":\"\"}' ><h4 style=\"--font-weight:theme;margin-top:20px;margin-bottom:10px;\">Laurynas Laukys<\/h4><\/div><div class=\"uvc-sub-heading ult-responsive\"  data-ultimate-target='.uvc-heading.ultimate-heading-24926a08cd61b57a9 .uvc-sub-heading '  data-responsive-json-new='{\"font-size\":\"\",\"line-height\":\"\"}'  style=\"font-weight:normal;\">Prekybos agentas Lietuvai<\/p>\n<p><a href=\"tel:+37065549895\">+370 655 49895<\/a><\/p>\n<p><a href=\"mailto:laurynas.laukys@troolo.com\">laurynas.laukys@troolo.com<\/a><\/p>\n<p>P. Luk\u0161io 21, LT-09132 Vilnius, Lietuva<\/div><\/div>[\/vc_column_inner][vc_column_inner width=&#8221;1\/3&#8243; css=&#8221;.vc_custom_1561114582777{margin-bottom: 20px !important;}&#8221;][\/vc_column_inner][vc_column_inner width=&#8221;1\/3&#8243; css=&#8221;.vc_custom_1561114586713{margin-bottom: 20px !important;}&#8221;][\/vc_column_inner][\/vc_row_inner][\/vc_column][\/vc_row][vc_row css=&#8221;.vc_custom_1561114620672{margin-bottom: 50px !important;}&#8221;][vc_column]<div id=\"ultimate-heading-12286a08cd61b57c8\" class=\"uvc-heading ult-adjust-bottom-margin ultimate-heading-12286a08cd61b57c8 uvc-2923  uvc-heading-default-font-sizes\" data-hspacer=\"no_spacer\"  data-halign=\"left\" style=\"text-align:left\"><div class=\"uvc-heading-spacer no_spacer\" style=\"top\"><\/div><div class=\"uvc-main-heading ult-responsive\"  data-ultimate-target='.uvc-heading.ultimate-heading-12286a08cd61b57c8 h3'  data-responsive-json-new='{\"font-size\":\"\",\"line-height\":\"\"}' ><h3 style=\"--font-weight:theme;color:#9d2235;margin-bottom:50px;\">Hilding Anders Group<\/h3><\/div><\/div>[vc_row_inner equal_height=&#8221;yes&#8221; content_placement=&#8221;middle&#8221;][vc_column_inner width=&#8221;1\/3&#8243;][vc_single_image image=&#8221;1976&#8243; img_size=&#8221;full&#8221; alignment=&#8221;center&#8221;][\/vc_column_inner][vc_column_inner width=&#8221;2\/3&#8243; css=&#8221;.vc_custom_1561114625129{margin-bottom: 20px !important;}&#8221;][vc_column_text]<\/p>\n<div class=\"info\">\n<p>Bendrov\u0117 \u201eHilding Anders Group\u201c, kurios b\u016bstin\u0117 yra Malm\u0117je, \u0160vedijoje, yra pirmaujanti Europos lov\u0173 gamintoja. 1939 m. \u0160vedijoje \u012fkurta bendrov\u0117 \u201eHilding Anders\u201c dabar veikia daugiau nei 65 \u0161alyse, o joje dirba daugiau nei 5000 darbuotoj\u0173. 2022 m. grynasis grup\u0117s pelnas sudar\u0117 599 milijon\u0173 eur\u0173. Pagrindiniai \u201eHilding Anders\u201c prek\u0117s \u017eenklai apima visus poreikius atitinkan\u010dias lovas ir \u010diu\u017einius. Kiekvien\u0105 dien\u0105 mes stengiam\u0117s, kad visame pasaulyje \u017emon\u0117s gerai i\u0161simiegot\u0173, o m\u016bs\u0173 tikslas yra tapti pasaulyje pirmaujan\u010dia lov\u0173 tiek\u0117ja. Nor\u0117dami gauti daugiau informacijos apie \u201eHilding Anders Group\u201c, apsilankykite svetain\u0117je <a href=\"http:\/\/www.hildinganders.com\/\" target=\"_blank\" rel=\"noopener noreferrer\">www.hildinganders.com<\/a>.<\/p>\n<p>Estijos gamykloje nuo 2004 m. Gaminame \u201eSleepwell\u201c prek\u0117s \u017eenklo \u010diu\u017einius ir lovas.<\/p>\n<\/div>\n<p>[\/vc_column_text][\/vc_column_inner][\/vc_row_inner][\/vc_column][\/vc_row]<\/p>\n<\/div>","protected":false},"excerpt":{"rendered":"<p>[vc_row full_width=&#8221;stretch_row&#8221; equal_height=&#8221;yes&#8221; bg_type=&#8221;bg_color&#8221; type=&#8221;vc_default&#8221; margin_top=&#8221;75&#8243; margin_bottom=&#8221;-20&#8243; css=&#8221;.vc_custom_1561114111912{padding-top: 70px !important;padding-bottom: 50px !important;background-color: #ffffff !important;}&#8221; bg_color_value=&#8221;#ffffff&#8221;][vc_column width=&#8221;2\/3&#8243; offset=&#8221;vc_col-md-offset-0 vc_col-sm-offset-0&#8243; css=&#8221;.vc_custom_1561114221436{padding-bottom: 0px !important;}&#8221;][vc_row_inner equal_height=&#8221;yes&#8221; el_class=&#8221;sw-about&#8221;][vc_column_inner width=&#8221;1\/2&#8243; css=&#8221;.vc_custom_1479032888299{padding-bottom: 35px !important;}&#8221;][\/vc_column_inner][vc_column_inner width=&#8221;1\/2&#8243; css=&#8221;.vc_custom_1479032916919{padding-bottom: 35px !important;}&#8221;][\/vc_column_inner][\/vc_row_inner][vc_row_inner equal_height=&#8221;yes&#8221; el_class=&#8221;sw-about&#8221;][vc_column_inner width=&#8221;1\/2&#8243; css=&#8221;.vc_custom_1479032916919{padding-bottom: 35px !important;}&#8221;][\/vc_column_inner][\/vc_row_inner][\/vc_column][vc_column width=&#8221;1\/3&#8243; el_class=&#8221;sw-owl&#8221;][vc_single_image image=&#8221;2149&#8243; img_size=&#8221;full&#8221;][\/vc_column][\/vc_row][vc_row css=&#8221;.vc_custom_1561114566822{margin-bottom: 50px !important;}&#8221;][vc_column][vc_row_inner el_class=&#8221;sw-about&#8221;][vc_column_inner width=&#8221;1\/3&#8243;][vc_single_image image=&#8221;461980&#8243; img_size=&#8221;large&#8221;][\/vc_column_inner][vc_column_inner width=&#8221;1\/3&#8243;][\/vc_column_inner][\/vc_row_inner][\/vc_column][\/vc_row][vc_row css=&#8221;.vc_custom_1561114603363{margin-bottom: 50px !important;}&#8221;][vc_column][vc_row_inner el_class=&#8221;sw-about&#8221;][vc_column_inner width=&#8221;1\/3&#8243; css=&#8221;.vc_custom_1561114577789{margin-bottom:&hellip;<\/p>\n","protected":false},"author":1,"featured_media":0,"parent":0,"menu_order":50,"comment_status":"closed","ping_status":"closed","template":"","meta":{"_acf_changed":false,"footnotes":""},"class_list":["post-16627","page","type-page","status-publish","hentry","description-off"],"acf":[],"yoast_head":"<!-- This site is optimized with the Yoast SEO plugin v27.0 - https:\/\/yoast.com\/product\/yoast-seo-wordpress\/ -->\n<title>Apie mus - Sleepwell<\/title>\n<meta name=\"robots\" content=\"index, follow, max-snippet:-1, max-image-preview:large, max-video-preview:-1\" \/>\n<link rel=\"canonical\" href=\"https:\/\/sleepwellbed.com\/lt\/apie-mus\/\" \/>\n<meta property=\"og:locale\" content=\"lt_LT\" \/>\n<meta property=\"og:type\" content=\"article\" \/>\n<meta property=\"og:title\" content=\"Apie mus - Sleepwell\" \/>\n<meta property=\"og:description\" content=\"[vc_row full_width=&#8221;stretch_row&#8221; equal_height=&#8221;yes&#8221; bg_type=&#8221;bg_color&#8221; type=&#8221;vc_default&#8221; margin_top=&#8221;75&#8243; margin_bottom=&#8221;-20&#8243; css=&#8221;.vc_custom_1561114111912{padding-top: 70px !important;padding-bottom: 50px !important;background-color: #ffffff !important;}&#8221; bg_color_value=&#8221;#ffffff&#8221;][vc_column width=&#8221;2\/3&#8243; offset=&#8221;vc_col-md-offset-0 vc_col-sm-offset-0&#8243; css=&#8221;.vc_custom_1561114221436{padding-bottom: 0px !important;}&#8221;][vc_row_inner equal_height=&#8221;yes&#8221; el_class=&#8221;sw-about&#8221;][vc_column_inner width=&#8221;1\/2&#8243; css=&#8221;.vc_custom_1479032888299{padding-bottom: 35px !important;}&#8221;][\/vc_column_inner][vc_column_inner width=&#8221;1\/2&#8243; css=&#8221;.vc_custom_1479032916919{padding-bottom: 35px !important;}&#8221;][\/vc_column_inner][\/vc_row_inner][vc_row_inner equal_height=&#8221;yes&#8221; el_class=&#8221;sw-about&#8221;][vc_column_inner width=&#8221;1\/2&#8243; css=&#8221;.vc_custom_1479032916919{padding-bottom: 35px !important;}&#8221;][\/vc_column_inner][\/vc_row_inner][\/vc_column][vc_column width=&#8221;1\/3&#8243; el_class=&#8221;sw-owl&#8221;][vc_single_image image=&#8221;2149&#8243; img_size=&#8221;full&#8221;][\/vc_column][\/vc_row][vc_row css=&#8221;.vc_custom_1561114566822{margin-bottom: 50px !important;}&#8221;][vc_column][vc_row_inner el_class=&#8221;sw-about&#8221;][vc_column_inner width=&#8221;1\/3&#8243;][vc_single_image image=&#8221;461980&#8243; img_size=&#8221;large&#8221;][\/vc_column_inner][vc_column_inner width=&#8221;1\/3&#8243;][\/vc_column_inner][\/vc_row_inner][\/vc_column][\/vc_row][vc_row css=&#8221;.vc_custom_1561114603363{margin-bottom: 50px !important;}&#8221;][vc_column][vc_row_inner el_class=&#8221;sw-about&#8221;][vc_column_inner width=&#8221;1\/3&#8243; css=&#8221;.vc_custom_1561114577789{margin-bottom:&hellip;\" \/>\n<meta property=\"og:url\" content=\"https:\/\/sleepwellbed.com\/lt\/apie-mus\/\" \/>\n<meta property=\"og:site_name\" content=\"Sleepwell\" \/>\n<meta property=\"article:modified_time\" content=\"2025-12-15T09:21:31+00:00\" \/>\n<meta name=\"twitter:card\" content=\"summary_large_image\" \/>\n<meta name=\"twitter:label1\" content=\"Est. reading time\" \/>\n\t<meta name=\"twitter:data1\" content=\"3 minut\u0117s\" \/>\n<script type=\"application\/ld+json\" class=\"yoast-schema-graph\">{\"@context\":\"https:\/\/schema.org\",\"@graph\":[{\"@type\":\"WebPage\",\"@id\":\"https:\/\/sleepwellbed.com\/lt\/apie-mus\/\",\"url\":\"https:\/\/sleepwellbed.com\/lt\/apie-mus\/\",\"name\":\"Apie mus - Sleepwell\",\"isPartOf\":{\"@id\":\"https:\/\/sleepwellbed.com\/#website\"},\"datePublished\":\"2017-04-04T08:12:34+00:00\",\"dateModified\":\"2025-12-15T09:21:31+00:00\",\"breadcrumb\":{\"@id\":\"https:\/\/sleepwellbed.com\/lt\/apie-mus\/#breadcrumb\"},\"inLanguage\":\"lt-LT\",\"potentialAction\":[{\"@type\":\"ReadAction\",\"target\":[\"https:\/\/sleepwellbed.com\/lt\/apie-mus\/\"]}]},{\"@type\":\"BreadcrumbList\",\"@id\":\"https:\/\/sleepwellbed.com\/lt\/apie-mus\/#breadcrumb\",\"itemListElement\":[{\"@type\":\"ListItem\",\"position\":1,\"name\":\"Home\",\"item\":\"https:\/\/sleepwellbed.com\/lt\/\"},{\"@type\":\"ListItem\",\"position\":2,\"name\":\"Apie mus\"}]},{\"@type\":\"WebSite\",\"@id\":\"https:\/\/sleepwellbed.com\/#website\",\"url\":\"https:\/\/sleepwellbed.com\/\",\"name\":\"Sleepwell\",\"description\":\"\",\"potentialAction\":[{\"@type\":\"SearchAction\",\"target\":{\"@type\":\"EntryPoint\",\"urlTemplate\":\"https:\/\/sleepwellbed.com\/?s={search_term_string}\"},\"query-input\":{\"@type\":\"PropertyValueSpecification\",\"valueRequired\":true,\"valueName\":\"search_term_string\"}}],\"inLanguage\":\"lt-LT\"}]}<\/script>\n<!-- \/ Yoast SEO plugin. -->","yoast_head_json":{"title":"Apie mus - Sleepwell","robots":{"index":"index","follow":"follow","max-snippet":"max-snippet:-1","max-image-preview":"max-image-preview:large","max-video-preview":"max-video-preview:-1"},"canonical":"https:\/\/sleepwellbed.com\/lt\/apie-mus\/","og_locale":"lt_LT","og_type":"article","og_title":"Apie mus - Sleepwell","og_description":"[vc_row full_width=&#8221;stretch_row&#8221; equal_height=&#8221;yes&#8221; bg_type=&#8221;bg_color&#8221; type=&#8221;vc_default&#8221; margin_top=&#8221;75&#8243; margin_bottom=&#8221;-20&#8243; css=&#8221;.vc_custom_1561114111912{padding-top: 70px !important;padding-bottom: 50px !important;background-color: #ffffff !important;}&#8221; bg_color_value=&#8221;#ffffff&#8221;][vc_column width=&#8221;2\/3&#8243; offset=&#8221;vc_col-md-offset-0 vc_col-sm-offset-0&#8243; css=&#8221;.vc_custom_1561114221436{padding-bottom: 0px !important;}&#8221;][vc_row_inner equal_height=&#8221;yes&#8221; el_class=&#8221;sw-about&#8221;][vc_column_inner width=&#8221;1\/2&#8243; css=&#8221;.vc_custom_1479032888299{padding-bottom: 35px !important;}&#8221;][\/vc_column_inner][vc_column_inner width=&#8221;1\/2&#8243; css=&#8221;.vc_custom_1479032916919{padding-bottom: 35px !important;}&#8221;][\/vc_column_inner][\/vc_row_inner][vc_row_inner equal_height=&#8221;yes&#8221; el_class=&#8221;sw-about&#8221;][vc_column_inner width=&#8221;1\/2&#8243; css=&#8221;.vc_custom_1479032916919{padding-bottom: 35px !important;}&#8221;][\/vc_column_inner][\/vc_row_inner][\/vc_column][vc_column width=&#8221;1\/3&#8243; el_class=&#8221;sw-owl&#8221;][vc_single_image image=&#8221;2149&#8243; img_size=&#8221;full&#8221;][\/vc_column][\/vc_row][vc_row css=&#8221;.vc_custom_1561114566822{margin-bottom: 50px !important;}&#8221;][vc_column][vc_row_inner el_class=&#8221;sw-about&#8221;][vc_column_inner width=&#8221;1\/3&#8243;][vc_single_image image=&#8221;461980&#8243; img_size=&#8221;large&#8221;][\/vc_column_inner][vc_column_inner width=&#8221;1\/3&#8243;][\/vc_column_inner][\/vc_row_inner][\/vc_column][\/vc_row][vc_row css=&#8221;.vc_custom_1561114603363{margin-bottom: 50px !important;}&#8221;][vc_column][vc_row_inner el_class=&#8221;sw-about&#8221;][vc_column_inner width=&#8221;1\/3&#8243; css=&#8221;.vc_custom_1561114577789{margin-bottom:&hellip;","og_url":"https:\/\/sleepwellbed.com\/lt\/apie-mus\/","og_site_name":"Sleepwell","article_modified_time":"2025-12-15T09:21:31+00:00","twitter_card":"summary_large_image","twitter_misc":{"Est. reading time":"3 minut\u0117s"},"schema":{"@context":"https:\/\/schema.org","@graph":[{"@type":"WebPage","@id":"https:\/\/sleepwellbed.com\/lt\/apie-mus\/","url":"https:\/\/sleepwellbed.com\/lt\/apie-mus\/","name":"Apie mus - Sleepwell","isPartOf":{"@id":"https:\/\/sleepwellbed.com\/#website"},"datePublished":"2017-04-04T08:12:34+00:00","dateModified":"2025-12-15T09:21:31+00:00","breadcrumb":{"@id":"https:\/\/sleepwellbed.com\/lt\/apie-mus\/#breadcrumb"},"inLanguage":"lt-LT","potentialAction":[{"@type":"ReadAction","target":["https:\/\/sleepwellbed.com\/lt\/apie-mus\/"]}]},{"@type":"BreadcrumbList","@id":"https:\/\/sleepwellbed.com\/lt\/apie-mus\/#breadcrumb","itemListElement":[{"@type":"ListItem","position":1,"name":"Home","item":"https:\/\/sleepwellbed.com\/lt\/"},{"@type":"ListItem","position":2,"name":"Apie mus"}]},{"@type":"WebSite","@id":"https:\/\/sleepwellbed.com\/#website","url":"https:\/\/sleepwellbed.com\/","name":"Sleepwell","description":"","potentialAction":[{"@type":"SearchAction","target":{"@type":"EntryPoint","urlTemplate":"https:\/\/sleepwellbed.com\/?s={search_term_string}"},"query-input":{"@type":"PropertyValueSpecification","valueRequired":true,"valueName":"search_term_string"}}],"inLanguage":"lt-LT"}]}},"_links":{"self":[{"href":"https:\/\/sleepwellbed.com\/lt\/wp-json\/wp\/v2\/pages\/16627","targetHints":{"allow":["GET"]}}],"collection":[{"href":"https:\/\/sleepwellbed.com\/lt\/wp-json\/wp\/v2\/pages"}],"about":[{"href":"https:\/\/sleepwellbed.com\/lt\/wp-json\/wp\/v2\/types\/page"}],"author":[{"embeddable":true,"href":"https:\/\/sleepwellbed.com\/lt\/wp-json\/wp\/v2\/users\/1"}],"replies":[{"embeddable":true,"href":"https:\/\/sleepwellbed.com\/lt\/wp-json\/wp\/v2\/comments?post=16627"}],"version-history":[{"count":39,"href":"https:\/\/sleepwellbed.com\/lt\/wp-json\/wp\/v2\/pages\/16627\/revisions"}],"predecessor-version":[{"id":566827,"href":"https:\/\/sleepwellbed.com\/lt\/wp-json\/wp\/v2\/pages\/16627\/revisions\/566827"}],"wp:attachment":[{"href":"https:\/\/sleepwellbed.com\/lt\/wp-json\/wp\/v2\/media?parent=16627"}],"curies":[{"name":"wp","href":"https:\/\/api.w.org\/{rel}","templated":true}]}}