{"id":461988,"date":"2024-02-08T15:13:32","date_gmt":"2024-02-08T13:13:32","guid":{"rendered":"https:\/\/sleepwellbed.com\/?page_id=461988"},"modified":"2024-02-08T15:15:50","modified_gmt":"2024-02-08T13:15:50","slug":"prekybos-atstovu-elektronines-parduotuves","status":"publish","type":"page","link":"https:\/\/sleepwellbed.com\/lt\/prekybos-atstovu-elektronines-parduotuves\/","title":{"rendered":"Prekybos atstov\u0173 elektronin\u0117s parduotuv\u0117s"},"content":{"rendered":"<div class=\"wpb-content-wrapper\"><p>[vc_row][vc_column el_id=&#8221;wpsl-wrap&#8221;][vc_column_text el_class=&#8221;wpsl-eshops show-eshops&#8221;]<\/p>\n<p style=\"text-align: right;\"><a href=\"https:\/\/sleepwellbed.com\/lt\/prekybos-atstovu-parduotuves\/\">Per\u017ei\u016br\u0117kite prekybos atstov\u0173 parduotuves <i class=\"fas fa-angle-double-right\"><\/i><\/a><\/p>\n<p>[\/vc_column_text][vc_column_text el_class=&#8221;wpsl-eshops show-eshops&#8221;]\n\t\t<script type=\"text\/javascript\">\n\t\t\tjQuery(document).ready(function($) {\n\t\t\t\t$(document).on(\"click\", \"#show-eshops, .wpsl-eshops > span\", function(e){\n\t\t\t\t\te.preventDefault();\n\t\t\t\t\t$( \".wpsl-eshops\" ).slideToggle( \"slow\", function() {\n\t\t\t\t\t\t$(\"html, body\").animate({ scrollTop: $(\"#wpsl-wrap\").offset().top - 120 });\n\t\t\t\t\t});\n\t\t\t\t});\n\t\t\t\t$(\"#wpsl-stores\").bind(\"DOMSubtreeModified\",function(event) {\n\t\t\t\t\t$( \".wpsl-eshops\" ).slideUp();\n\t\t\t\t});\n\t\t\t});\n\t\t<\/script>\n\t<ul><li><a href=\"https:\/\/miegoimperija.lt\/pigus-ciuziniai?gamintojai=hilding,sleepwell&#038;ismatavimai-cm=160x200\" target=\"_blank\"><img loading=\"lazy\" decoding=\"async\" width=\"1638\" height=\"996\" src=\"https:\/\/sleepwellbed.com\/wp-content\/uploads\/2024\/06\/Miego-imperija_logo.jpg\" class=\"wpsl-store-thumb wp-post-image\" alt=\"miegoimperija.lt\" srcset=\"https:\/\/sleepwellbed.com\/wp-content\/uploads\/2024\/06\/Miego-imperija_logo.jpg 1638w, https:\/\/sleepwellbed.com\/wp-content\/uploads\/2024\/06\/Miego-imperija_logo-300x182.jpg 300w, https:\/\/sleepwellbed.com\/wp-content\/uploads\/2024\/06\/Miego-imperija_logo-1024x623.jpg 1024w, https:\/\/sleepwellbed.com\/wp-content\/uploads\/2024\/06\/Miego-imperija_logo-768x467.jpg 768w, https:\/\/sleepwellbed.com\/wp-content\/uploads\/2024\/06\/Miego-imperija_logo-1536x934.jpg 1536w, https:\/\/sleepwellbed.com\/wp-content\/uploads\/2024\/06\/Miego-imperija_logo-600x365.jpg 600w\" sizes=\"auto, (max-width: 1638px) 100vw, 1638px\" \/>miegoimperija.lt<\/a><\/li><li><a href=\"https:\/\/www.senukai.lt\/paieska\/?q=sleepwell\" target=\"_blank\"><img loading=\"lazy\" decoding=\"async\" width=\"1446\" height=\"738\" src=\"https:\/\/sleepwellbed.com\/wp-content\/uploads\/2024\/01\/Senukai-LT.png\" class=\"wpsl-store-thumb wp-post-image\" alt=\"senukai.lt\" srcset=\"https:\/\/sleepwellbed.com\/wp-content\/uploads\/2024\/01\/Senukai-LT.png 1446w, https:\/\/sleepwellbed.com\/wp-content\/uploads\/2024\/01\/Senukai-LT-300x153.png 300w, https:\/\/sleepwellbed.com\/wp-content\/uploads\/2024\/01\/Senukai-LT-1024x523.png 1024w, https:\/\/sleepwellbed.com\/wp-content\/uploads\/2024\/01\/Senukai-LT-768x392.png 768w, https:\/\/sleepwellbed.com\/wp-content\/uploads\/2024\/01\/Senukai-LT-600x306.png 600w\" sizes=\"auto, (max-width: 1446px) 100vw, 1446px\" \/>senukai.lt<\/a><\/li><li><a href=\"https:\/\/www.1a.lt\/paieska\/?q=sleepwell\" target=\"_blank\"><img loading=\"lazy\" decoding=\"async\" width=\"600\" height=\"300\" src=\"https:\/\/sleepwellbed.com\/wp-content\/uploads\/2024\/01\/1A_LT.png\" class=\"wpsl-store-thumb wp-post-image\" alt=\"1a.lt\" srcset=\"https:\/\/sleepwellbed.com\/wp-content\/uploads\/2024\/01\/1A_LT.png 600w, https:\/\/sleepwellbed.com\/wp-content\/uploads\/2024\/01\/1A_LT-300x150.png 300w\" sizes=\"auto, (max-width: 600px) 100vw, 600px\" \/>1a.lt<\/a><\/li><li><a href=\"https:\/\/hilding.lt\/\" target=\"_blank\"><img loading=\"lazy\" decoding=\"async\" width=\"300\" height=\"60\" src=\"https:\/\/sleepwellbed.com\/wp-content\/uploads\/2023\/03\/logo-hilding-1-1.png\" class=\"wpsl-store-thumb wp-post-image\" alt=\"hilding.lt\" \/>hilding.lt<\/a><\/li><li><a href=\"https:\/\/www.unihus.lt\/\" target=\"_blank\"><img loading=\"lazy\" decoding=\"async\" width=\"300\" height=\"100\" src=\"https:\/\/sleepwellbed.com\/wp-content\/uploads\/2021\/02\/Logo_full-box_black_slogan_transparent_HR.png\" class=\"wpsl-store-thumb wp-post-image\" alt=\"Unihus.lt\" \/>Unihus.lt<\/a><\/li><li><a href=\"https:\/\/www.miegocentras.lt\/ciuziniai\/?show_desc=matmenys-160x200cm-o1-v18hilding-anders-C5A1vedija-lenkijasleepwell-estija-m1112sortp.priceorderASClimit24#\/matmenys-160x200cm-o1-v18\/hilding-anders-vedija-lenkija,sleepwell-estija-m11,12\/sort=p.price\/order=ASC\/limit=24\" target=\"_blank\"><img loading=\"lazy\" decoding=\"async\" width=\"500\" height=\"134\" src=\"https:\/\/sleepwellbed.com\/wp-content\/uploads\/2019\/09\/Miego-Centras_logo7.jpg\" class=\"wpsl-store-thumb wp-post-image\" alt=\"miegocentras.lt\" srcset=\"https:\/\/sleepwellbed.com\/wp-content\/uploads\/2019\/09\/Miego-Centras_logo7.jpg 500w, https:\/\/sleepwellbed.com\/wp-content\/uploads\/2019\/09\/Miego-Centras_logo7-300x80.jpg 300w\" sizes=\"auto, (max-width: 500px) 100vw, 500px\" \/>miegocentras.lt<\/a><\/li><li><a href=\"https:\/\/pigu.lt\/lt\/ciuziniai\/f\/sleepwell\" target=\"_blank\"><img loading=\"lazy\" decoding=\"async\" width=\"256\" height=\"99\" src=\"https:\/\/sleepwellbed.com\/wp-content\/uploads\/2019\/09\/Pigu-LT-Logo-Black-no-gradient.jpg\" class=\"wpsl-store-thumb wp-post-image\" alt=\"pigu.lt\" \/>pigu.lt<\/a><\/li><\/ul>[\/vc_column_text][\/vc_column][\/vc_row]<\/p>\n<\/div>","protected":false},"excerpt":{"rendered":"<p>[vc_row][vc_column el_id=&#8221;wpsl-wrap&#8221;][vc_column_text el_class=&#8221;wpsl-eshops show-eshops&#8221;] Per\u017ei\u016br\u0117kite prekybos atstov\u0173 parduotuves [\/vc_column_text][vc_column_text el_class=&#8221;wpsl-eshops show-eshops&#8221;][\/vc_column_text][\/vc_column][\/vc_row]<\/p>\n","protected":false},"author":1,"featured_media":0,"parent":0,"menu_order":50,"comment_status":"closed","ping_status":"closed","template":"","meta":{"_acf_changed":false,"footnotes":""},"class_list":["post-461988","page","type-page","status-publish","hentry","description-off"],"acf":[],"yoast_head":"<!-- This site is optimized with the Yoast SEO plugin v27.0 - https:\/\/yoast.com\/product\/yoast-seo-wordpress\/ -->\n<title>Prekybos atstov\u0173 elektronin\u0117s parduotuv\u0117s - Sleepwell<\/title>\n<meta name=\"robots\" content=\"index, follow, max-snippet:-1, max-image-preview:large, max-video-preview:-1\" \/>\n<link rel=\"canonical\" href=\"https:\/\/sleepwellbed.com\/lt\/prekybos-atstovu-elektronines-parduotuves\/\" \/>\n<meta property=\"og:locale\" content=\"lt_LT\" \/>\n<meta property=\"og:type\" content=\"article\" \/>\n<meta property=\"og:title\" content=\"Prekybos atstov\u0173 elektronin\u0117s parduotuv\u0117s - Sleepwell\" \/>\n<meta property=\"og:description\" content=\"[vc_row][vc_column el_id=&#8221;wpsl-wrap&#8221;][vc_column_text el_class=&#8221;wpsl-eshops show-eshops&#8221;] Per\u017ei\u016br\u0117kite prekybos atstov\u0173 parduotuves [\/vc_column_text][vc_column_text el_class=&#8221;wpsl-eshops show-eshops&#8221;][\/vc_column_text][\/vc_column][\/vc_row]\" \/>\n<meta property=\"og:url\" content=\"https:\/\/sleepwellbed.com\/lt\/prekybos-atstovu-elektronines-parduotuves\/\" \/>\n<meta property=\"og:site_name\" content=\"Sleepwell\" \/>\n<meta property=\"article:modified_time\" content=\"2024-02-08T13:15:50+00:00\" \/>\n<meta name=\"twitter:card\" content=\"summary_large_image\" \/>\n<meta name=\"twitter:label1\" content=\"Est. reading time\" \/>\n\t<meta name=\"twitter:data1\" content=\"1 minut\u0117\" \/>\n<script type=\"application\/ld+json\" class=\"yoast-schema-graph\">{\"@context\":\"https:\/\/schema.org\",\"@graph\":[{\"@type\":\"WebPage\",\"@id\":\"https:\/\/sleepwellbed.com\/lt\/prekybos-atstovu-elektronines-parduotuves\/\",\"url\":\"https:\/\/sleepwellbed.com\/lt\/prekybos-atstovu-elektronines-parduotuves\/\",\"name\":\"Prekybos atstov\u0173 elektronin\u0117s parduotuv\u0117s - Sleepwell\",\"isPartOf\":{\"@id\":\"https:\/\/sleepwellbed.com\/#website\"},\"datePublished\":\"2024-02-08T13:13:32+00:00\",\"dateModified\":\"2024-02-08T13:15:50+00:00\",\"breadcrumb\":{\"@id\":\"https:\/\/sleepwellbed.com\/lt\/prekybos-atstovu-elektronines-parduotuves\/#breadcrumb\"},\"inLanguage\":\"lt-LT\",\"potentialAction\":[{\"@type\":\"ReadAction\",\"target\":[\"https:\/\/sleepwellbed.com\/lt\/prekybos-atstovu-elektronines-parduotuves\/\"]}]},{\"@type\":\"BreadcrumbList\",\"@id\":\"https:\/\/sleepwellbed.com\/lt\/prekybos-atstovu-elektronines-parduotuves\/#breadcrumb\",\"itemListElement\":[{\"@type\":\"ListItem\",\"position\":1,\"name\":\"Home\",\"item\":\"https:\/\/sleepwellbed.com\/lt\/\"},{\"@type\":\"ListItem\",\"position\":2,\"name\":\"Prekybos atstov\u0173 elektronin\u0117s parduotuv\u0117s\"}]},{\"@type\":\"WebSite\",\"@id\":\"https:\/\/sleepwellbed.com\/#website\",\"url\":\"https:\/\/sleepwellbed.com\/\",\"name\":\"Sleepwell\",\"description\":\"\",\"potentialAction\":[{\"@type\":\"SearchAction\",\"target\":{\"@type\":\"EntryPoint\",\"urlTemplate\":\"https:\/\/sleepwellbed.com\/?s={search_term_string}\"},\"query-input\":{\"@type\":\"PropertyValueSpecification\",\"valueRequired\":true,\"valueName\":\"search_term_string\"}}],\"inLanguage\":\"lt-LT\"}]}<\/script>\n<!-- \/ Yoast SEO plugin. -->","yoast_head_json":{"title":"Prekybos atstov\u0173 elektronin\u0117s parduotuv\u0117s - Sleepwell","robots":{"index":"index","follow":"follow","max-snippet":"max-snippet:-1","max-image-preview":"max-image-preview:large","max-video-preview":"max-video-preview:-1"},"canonical":"https:\/\/sleepwellbed.com\/lt\/prekybos-atstovu-elektronines-parduotuves\/","og_locale":"lt_LT","og_type":"article","og_title":"Prekybos atstov\u0173 elektronin\u0117s parduotuv\u0117s - Sleepwell","og_description":"[vc_row][vc_column el_id=&#8221;wpsl-wrap&#8221;][vc_column_text el_class=&#8221;wpsl-eshops show-eshops&#8221;] Per\u017ei\u016br\u0117kite prekybos atstov\u0173 parduotuves [\/vc_column_text][vc_column_text el_class=&#8221;wpsl-eshops show-eshops&#8221;][\/vc_column_text][\/vc_column][\/vc_row]","og_url":"https:\/\/sleepwellbed.com\/lt\/prekybos-atstovu-elektronines-parduotuves\/","og_site_name":"Sleepwell","article_modified_time":"2024-02-08T13:15:50+00:00","twitter_card":"summary_large_image","twitter_misc":{"Est. reading time":"1 minut\u0117"},"schema":{"@context":"https:\/\/schema.org","@graph":[{"@type":"WebPage","@id":"https:\/\/sleepwellbed.com\/lt\/prekybos-atstovu-elektronines-parduotuves\/","url":"https:\/\/sleepwellbed.com\/lt\/prekybos-atstovu-elektronines-parduotuves\/","name":"Prekybos atstov\u0173 elektronin\u0117s parduotuv\u0117s - Sleepwell","isPartOf":{"@id":"https:\/\/sleepwellbed.com\/#website"},"datePublished":"2024-02-08T13:13:32+00:00","dateModified":"2024-02-08T13:15:50+00:00","breadcrumb":{"@id":"https:\/\/sleepwellbed.com\/lt\/prekybos-atstovu-elektronines-parduotuves\/#breadcrumb"},"inLanguage":"lt-LT","potentialAction":[{"@type":"ReadAction","target":["https:\/\/sleepwellbed.com\/lt\/prekybos-atstovu-elektronines-parduotuves\/"]}]},{"@type":"BreadcrumbList","@id":"https:\/\/sleepwellbed.com\/lt\/prekybos-atstovu-elektronines-parduotuves\/#breadcrumb","itemListElement":[{"@type":"ListItem","position":1,"name":"Home","item":"https:\/\/sleepwellbed.com\/lt\/"},{"@type":"ListItem","position":2,"name":"Prekybos atstov\u0173 elektronin\u0117s parduotuv\u0117s"}]},{"@type":"WebSite","@id":"https:\/\/sleepwellbed.com\/#website","url":"https:\/\/sleepwellbed.com\/","name":"Sleepwell","description":"","potentialAction":[{"@type":"SearchAction","target":{"@type":"EntryPoint","urlTemplate":"https:\/\/sleepwellbed.com\/?s={search_term_string}"},"query-input":{"@type":"PropertyValueSpecification","valueRequired":true,"valueName":"search_term_string"}}],"inLanguage":"lt-LT"}]}},"_links":{"self":[{"href":"https:\/\/sleepwellbed.com\/lt\/wp-json\/wp\/v2\/pages\/461988","targetHints":{"allow":["GET"]}}],"collection":[{"href":"https:\/\/sleepwellbed.com\/lt\/wp-json\/wp\/v2\/pages"}],"about":[{"href":"https:\/\/sleepwellbed.com\/lt\/wp-json\/wp\/v2\/types\/page"}],"author":[{"embeddable":true,"href":"https:\/\/sleepwellbed.com\/lt\/wp-json\/wp\/v2\/users\/1"}],"replies":[{"embeddable":true,"href":"https:\/\/sleepwellbed.com\/lt\/wp-json\/wp\/v2\/comments?post=461988"}],"version-history":[{"count":3,"href":"https:\/\/sleepwellbed.com\/lt\/wp-json\/wp\/v2\/pages\/461988\/revisions"}],"predecessor-version":[{"id":462001,"href":"https:\/\/sleepwellbed.com\/lt\/wp-json\/wp\/v2\/pages\/461988\/revisions\/462001"}],"wp:attachment":[{"href":"https:\/\/sleepwellbed.com\/lt\/wp-json\/wp\/v2\/media?parent=461988"}],"curies":[{"name":"wp","href":"https:\/\/api.w.org\/{rel}","templated":true}]}}