{"id":461993,"date":"2024-02-08T15:13:30","date_gmt":"2024-02-08T13:13:30","guid":{"rendered":"https:\/\/sleepwellbed.com\/?page_id=461993"},"modified":"2024-02-08T15:14:58","modified_gmt":"2024-02-08T13:14:58","slug":"prekybos-atstovu-parduotuves","status":"publish","type":"page","link":"https:\/\/sleepwellbed.com\/lt\/prekybos-atstovu-parduotuves\/","title":{"rendered":"Prekybos atstov\u0173 parduotuv\u0117s"},"content":{"rendered":"<div class=\"wpb-content-wrapper\"><p>[vc_row][vc_column css=&#8221;.vc_custom_1706281986303{margin-bottom: 20px !important;}&#8221;][vc_column_text]<style>\r\n\t#wpsl-stores .wpsl-store-thumb {height:300px !important; width:300px !important;}\r\n\t#wpsl-stores, #wpsl-direction-details, #wpsl-gmap {height:350px !important;}\r\n\t#wpsl-gmap .wpsl-info-window {max-width:225px !important;}\r\n\t.wpsl-input label, #wpsl-radius label, #wpsl-category label {width:95px;}\r\n\t#wpsl-search-input  {width:179px;}\r\n<\/style>\r\n<div id=\"wpsl-wrap\" class=\"wpsl-store-below\">\r\n\t<div class=\"wpsl-search wpsl-clearfix wpsl-no-filters\">\r\n\t\t<div id=\"wpsl-search-wrap\">\r\n\t\t\t<form autocomplete=\"off\">\r\n\t\t\t\t<div class=\"sw-categories\">\n\t\t<script type=\"text\/javascript\">\n\t\t\tjQuery(\"#wpsl-wrap\").addClass(\"loading\");\n\t\t\tjQuery(\"#wpsl-wrap .sw-categories button\").attr(\"disabled\", true);\n\t\t\tjQuery(document).ready(function($) {\n\t\t\t\t$(document).on(\"click\", \"#wpsl-search-wrap .sw-categories button\", function(e){\n\t\t\t\t\te.preventDefault();\n\t\t\t\t\tvar _this = $(this);\n\t\t\t\t\t_this.closest(\"#wpsl-wrap\").addClass(\"loading\");\n\t\t\t\t\t$(\"#wpsl-wrap .sw-categories button\").attr(\"disabled\", true);\n\t\t\t\t\tjQuery.ajax({\n\t\t\t\t\t\ttype: \"POST\",\n\t\t\t\t\t\turl: select_store_city_obj.ajaxurl,\n\t\t\t\t\t\tdata: {\n\t\t\t\t\t\t\t\"action\": \"select_store_city\",\n\t\t\t\t\t\t\t\"city\" : _this.val(),\n\t\t\t\t\t\t},\n\t\t\t\t\t\tsuccess:function(ajaxresponse) {\n\t\t\t\t\t\t\t$(\"#wpsl-search-wrap .sw-categories button.selected\").removeClass(\"selected\");\n\t\t\t\t\t\t\t_this.addClass(\"selected\");\n\t\t\t\t\t\t\tsetTimeout(function() {\n\t\t\t\t\t\t\t\t$(\"#wpsl-wrap .sw-categories button\").attr(\"disabled\", false);\n\t\t\t\t\t\t\t\t_this.closest(\"#wpsl-wrap\").removeClass(\"loading\");\n\t\t\t\t\t\t\t}, 500);\n\t\t\t\t\t\t},\n\t\t\t\t\t\terror: function(errorThrown){\n\t\t\t\t\t\t\tconsole.log(errorThrown);\n\t\t\t\t\t\t}\n\t\t\t\t\t});\n\t\t\t\t\t$(\"#wpsl-search-input\").val(_this.val());\n\t\t\t\t\t$(\"#wpsl-search-btn\").trigger(\"click\");\n\t\t\t\t});\n\t\t\t\t$(\"#wpsl-search-input\").keypress(function(e) {\n\t\t\t\t\tif (e.which === 13) { e.stopPropagation(); e.preventDefault(); $(\"#wpsl-search-btn\").click(); }\n\t\t\t\t});\n\t\t\t\tsetTimeout(function() {\n\t\t\t\t\t\t$(\"#wpsl-wrap .sw-categories button\").attr(\"disabled\", false);\n\t\t\t\t\tjQuery(\"#wpsl-wrap\").removeClass(\"loading\");\n\t\t\t\t}, 2000);\n\t\t\t});\n\t\t<\/script>\n\t<ul>\n\t\t\t\t<li>\n\t\t\t\t\t<button class=\"dt-btn dt-btn-m\" value=\"vilnius\">Vilnius<\/button>\n\t\t\t\t<\/li>\n\t\t\t\n\t\t\t\t<li>\n\t\t\t\t\t<button class=\"dt-btn dt-btn-m\" value=\"kaunas\">Kaunas<\/button>\n\t\t\t\t<\/li>\n\t\t\t\n\t\t\t\t<li>\n\t\t\t\t\t<button class=\"dt-btn dt-btn-m\" value=\"klaipeda\">Klaip\u0117da<\/button>\n\t\t\t\t<\/li>\n\t\t\t\n\t\t\t\t<li>\n\t\t\t\t\t<button class=\"dt-btn dt-btn-m\" value=\"marijampole\">Marijampol\u0117<\/button>\n\t\t\t\t<\/li>\n\t\t\t\n\t\t\t\t<li>\n\t\t\t\t\t<button class=\"dt-btn dt-btn-m\" value=\"pasvalys\">Pasvalys<\/button>\n\t\t\t\t<\/li>\n\t\t\t\n\t\t\t\t<li>\n\t\t\t\t\t<button class=\"dt-btn dt-btn-m\" value=\"raseiniai\">Raseiniai<\/button>\n\t\t\t\t<\/li>\n\t\t\t\n\t\t\t\t<li>\n\t\t\t\t\t<button class=\"dt-btn dt-btn-m\" value=\"taurage\">Taurag\u0117<\/button>\n\t\t\t\t<\/li>\n\t\t\t\n\t\t\t\t<li>\n\t\t\t\t\t<button class=\"dt-btn dt-btn-m\" value=\"ukmerge\">Ukmerg\u0117<\/button>\n\t\t\t\t<\/li>\n\t\t\t\n\t\t\t\t<li>\n\t\t\t\t\t<button class=\"dt-btn dt-btn-m\" value=\"utena\">Utena<\/button>\n\t\t\t\t<\/li>\n\t\t\t\n\t\t\t\t<li>\n\t\t\t\t\t<button class=\"dt-btn dt-btn-m\" value=\"siauliai\">\u0160iauliai<\/button>\n\t\t\t\t<\/li>\n\t\t\t\n\t\t\t\t<li>\n\t\t\t\t\t<button class=\"dt-btn dt-btn-m\" value=\"kretinga\">Kretinga<\/button>\n\t\t\t\t<\/li>\n\t\t\t<\/ul><\/div>\r\n\t\t\t<div class=\"wpsl-input\">\r\n\t\t\t\t<input id=\"wpsl-search-input\" type=\"text\" value=\"\" name=\"wpsl-search-input\" placeholder=\"Vieta\" aria-required=\"true\" \/>\r\n\t\t\t<\/div>\r\n\t\t\t\t<div class=\"wpsl-search-btn-wrap\"><input id=\"wpsl-search-btn\" type=\"submit\" value=\"Rasti parduotuv\u0119\"><\/div>\r\n\t\t<\/form>\r\n\t\t<\/div>\r\n\t<\/div>\r\n\t<p class=\"wpsl-shops-link\"><a href=\"https:\/\/sleepwellbed.com\/lt\/prekybos-atstovu-elektronines-parduotuves\/\">Per\u017ei\u016br\u0117kite prekybos atstov\u0173 elektronines parduotuves <i class=\"fas fa-angle-double-right\"><\/i><\/a><\/p>\r\n\t<div id=\"wpsl-gmap\" class=\"wpsl-gmap-canvas\"><\/div>\r\n\t<div id=\"wpsl-result-list\">\r\n\t\t<div id=\"wpsl-stores\" >\r\n\t\t\t<ul><\/ul>\r\n\t\t<\/div>\r\n\t\t<div id=\"wpsl-direction-details\">\r\n\t\t\t<ul><\/ul>\r\n\t\t<\/div>\r\n\t<\/div>\r\n<\/div>\r\n[\/vc_column_text][\/vc_column][\/vc_row]<\/p>\n<\/div>","protected":false},"excerpt":{"rendered":"<p>[vc_row][vc_column css=&#8221;.vc_custom_1706281986303{margin-bottom: 20px !important;}&#8221;][vc_column_text][\/vc_column_text][\/vc_column][\/vc_row]<\/p>\n","protected":false},"author":1,"featured_media":0,"parent":0,"menu_order":50,"comment_status":"closed","ping_status":"closed","template":"","meta":{"_acf_changed":false,"footnotes":""},"class_list":["post-461993","page","type-page","status-publish","hentry","description-off"],"acf":[],"yoast_head":"<!-- This site is optimized with the Yoast SEO plugin v27.0 - https:\/\/yoast.com\/product\/yoast-seo-wordpress\/ -->\n<title>Prekybos atstov\u0173 parduotuv\u0117s - Sleepwell<\/title>\n<meta name=\"robots\" content=\"index, follow, max-snippet:-1, max-image-preview:large, max-video-preview:-1\" \/>\n<link rel=\"canonical\" href=\"https:\/\/sleepwellbed.com\/lt\/prekybos-atstovu-parduotuves\/\" \/>\n<meta property=\"og:locale\" content=\"lt_LT\" \/>\n<meta property=\"og:type\" content=\"article\" \/>\n<meta property=\"og:title\" content=\"Prekybos atstov\u0173 parduotuv\u0117s - Sleepwell\" \/>\n<meta property=\"og:description\" content=\"[vc_row][vc_column css=&#8221;.vc_custom_1706281986303{margin-bottom: 20px !important;}&#8221;][vc_column_text][\/vc_column_text][\/vc_column][\/vc_row]\" \/>\n<meta property=\"og:url\" content=\"https:\/\/sleepwellbed.com\/lt\/prekybos-atstovu-parduotuves\/\" \/>\n<meta property=\"og:site_name\" content=\"Sleepwell\" \/>\n<meta property=\"article:modified_time\" content=\"2024-02-08T13:14:58+00:00\" \/>\n<meta name=\"twitter:card\" content=\"summary_large_image\" \/>\n<meta name=\"twitter:label1\" content=\"Est. reading time\" \/>\n\t<meta name=\"twitter:data1\" content=\"1 minut\u0117\" \/>\n<script type=\"application\/ld+json\" class=\"yoast-schema-graph\">{\"@context\":\"https:\/\/schema.org\",\"@graph\":[{\"@type\":\"WebPage\",\"@id\":\"https:\/\/sleepwellbed.com\/lt\/prekybos-atstovu-parduotuves\/\",\"url\":\"https:\/\/sleepwellbed.com\/lt\/prekybos-atstovu-parduotuves\/\",\"name\":\"Prekybos atstov\u0173 parduotuv\u0117s - Sleepwell\",\"isPartOf\":{\"@id\":\"https:\/\/sleepwellbed.com\/#website\"},\"datePublished\":\"2024-02-08T13:13:30+00:00\",\"dateModified\":\"2024-02-08T13:14:58+00:00\",\"breadcrumb\":{\"@id\":\"https:\/\/sleepwellbed.com\/lt\/prekybos-atstovu-parduotuves\/#breadcrumb\"},\"inLanguage\":\"lt-LT\",\"potentialAction\":[{\"@type\":\"ReadAction\",\"target\":[\"https:\/\/sleepwellbed.com\/lt\/prekybos-atstovu-parduotuves\/\"]}]},{\"@type\":\"BreadcrumbList\",\"@id\":\"https:\/\/sleepwellbed.com\/lt\/prekybos-atstovu-parduotuves\/#breadcrumb\",\"itemListElement\":[{\"@type\":\"ListItem\",\"position\":1,\"name\":\"Home\",\"item\":\"https:\/\/sleepwellbed.com\/lt\/\"},{\"@type\":\"ListItem\",\"position\":2,\"name\":\"Prekybos atstov\u0173 parduotuv\u0117s\"}]},{\"@type\":\"WebSite\",\"@id\":\"https:\/\/sleepwellbed.com\/#website\",\"url\":\"https:\/\/sleepwellbed.com\/\",\"name\":\"Sleepwell\",\"description\":\"\",\"potentialAction\":[{\"@type\":\"SearchAction\",\"target\":{\"@type\":\"EntryPoint\",\"urlTemplate\":\"https:\/\/sleepwellbed.com\/?s={search_term_string}\"},\"query-input\":{\"@type\":\"PropertyValueSpecification\",\"valueRequired\":true,\"valueName\":\"search_term_string\"}}],\"inLanguage\":\"lt-LT\"}]}<\/script>\n<!-- \/ Yoast SEO plugin. -->","yoast_head_json":{"title":"Prekybos atstov\u0173 parduotuv\u0117s - Sleepwell","robots":{"index":"index","follow":"follow","max-snippet":"max-snippet:-1","max-image-preview":"max-image-preview:large","max-video-preview":"max-video-preview:-1"},"canonical":"https:\/\/sleepwellbed.com\/lt\/prekybos-atstovu-parduotuves\/","og_locale":"lt_LT","og_type":"article","og_title":"Prekybos atstov\u0173 parduotuv\u0117s - Sleepwell","og_description":"[vc_row][vc_column css=&#8221;.vc_custom_1706281986303{margin-bottom: 20px !important;}&#8221;][vc_column_text][\/vc_column_text][\/vc_column][\/vc_row]","og_url":"https:\/\/sleepwellbed.com\/lt\/prekybos-atstovu-parduotuves\/","og_site_name":"Sleepwell","article_modified_time":"2024-02-08T13:14:58+00:00","twitter_card":"summary_large_image","twitter_misc":{"Est. reading time":"1 minut\u0117"},"schema":{"@context":"https:\/\/schema.org","@graph":[{"@type":"WebPage","@id":"https:\/\/sleepwellbed.com\/lt\/prekybos-atstovu-parduotuves\/","url":"https:\/\/sleepwellbed.com\/lt\/prekybos-atstovu-parduotuves\/","name":"Prekybos atstov\u0173 parduotuv\u0117s - Sleepwell","isPartOf":{"@id":"https:\/\/sleepwellbed.com\/#website"},"datePublished":"2024-02-08T13:13:30+00:00","dateModified":"2024-02-08T13:14:58+00:00","breadcrumb":{"@id":"https:\/\/sleepwellbed.com\/lt\/prekybos-atstovu-parduotuves\/#breadcrumb"},"inLanguage":"lt-LT","potentialAction":[{"@type":"ReadAction","target":["https:\/\/sleepwellbed.com\/lt\/prekybos-atstovu-parduotuves\/"]}]},{"@type":"BreadcrumbList","@id":"https:\/\/sleepwellbed.com\/lt\/prekybos-atstovu-parduotuves\/#breadcrumb","itemListElement":[{"@type":"ListItem","position":1,"name":"Home","item":"https:\/\/sleepwellbed.com\/lt\/"},{"@type":"ListItem","position":2,"name":"Prekybos atstov\u0173 parduotuv\u0117s"}]},{"@type":"WebSite","@id":"https:\/\/sleepwellbed.com\/#website","url":"https:\/\/sleepwellbed.com\/","name":"Sleepwell","description":"","potentialAction":[{"@type":"SearchAction","target":{"@type":"EntryPoint","urlTemplate":"https:\/\/sleepwellbed.com\/?s={search_term_string}"},"query-input":{"@type":"PropertyValueSpecification","valueRequired":true,"valueName":"search_term_string"}}],"inLanguage":"lt-LT"}]}},"_links":{"self":[{"href":"https:\/\/sleepwellbed.com\/lt\/wp-json\/wp\/v2\/pages\/461993","targetHints":{"allow":["GET"]}}],"collection":[{"href":"https:\/\/sleepwellbed.com\/lt\/wp-json\/wp\/v2\/pages"}],"about":[{"href":"https:\/\/sleepwellbed.com\/lt\/wp-json\/wp\/v2\/types\/page"}],"author":[{"embeddable":true,"href":"https:\/\/sleepwellbed.com\/lt\/wp-json\/wp\/v2\/users\/1"}],"replies":[{"embeddable":true,"href":"https:\/\/sleepwellbed.com\/lt\/wp-json\/wp\/v2\/comments?post=461993"}],"version-history":[{"count":3,"href":"https:\/\/sleepwellbed.com\/lt\/wp-json\/wp\/v2\/pages\/461993\/revisions"}],"predecessor-version":[{"id":461999,"href":"https:\/\/sleepwellbed.com\/lt\/wp-json\/wp\/v2\/pages\/461993\/revisions\/461999"}],"wp:attachment":[{"href":"https:\/\/sleepwellbed.com\/lt\/wp-json\/wp\/v2\/media?parent=461993"}],"curies":[{"name":"wp","href":"https:\/\/api.w.org\/{rel}","templated":true}]}}