{"id":145202,"date":"2023-01-23T20:15:12","date_gmt":"2023-01-23T18:15:12","guid":{"rendered":"https:\/\/sleepwellbed.com\/product\/red-pocket-kusett\/"},"modified":"2026-04-10T08:15:31","modified_gmt":"2026-04-10T05:15:31","slug":"red-pocket-kusete","status":"publish","type":"product","link":"https:\/\/sleepwellbed.com\/lt\/produktas\/red-pocket-kusete\/","title":{"rendered":"RED POCKET KU\u0160ET\u0116"},"content":{"rendered":"<p><strong>Dviej\u0173 sluoksni\u0173 spyruokli\u0173 sistema \u2013 5 zon\u0173 \u201epocket\u201c tipo spyruokl\u0117s vir\u0161uje, \u201emini pocket\u201c apa\u010dioje.<\/strong><br \/>\u0160ioje ku\u0161et\u0117je rasite \u201eTiger Touch\u201c put\u0173 poliuretan\u0105. Jis yra ypatingai orui pralaidus ir suformuojantis maloniai elasting\u0105, k\u016bn\u0105 palaikant\u012f pagrind\u0105. Papildomo patogumo suteikia ku\u0161et\u0119 dengiantis medviln\u0117s sluoksnis.<\/p>\n<p>Galima pasirinkti vir\u0161utini\u0173 \u201epocket\u201c spyruokli\u0173 kietum\u0105 \u2013 kietas, vidutinio kietumo.<br \/>I\u0161 plataus audini\u0173 asortimento galima i\u0161sirinkti kiekvienam miegamajam tinkam\u0105 spalv\u0105. Si\u016blomi 14 spalv\u0173 audiniai. <br \/>Galima u\u017esisakyti tokio pat baldinio audinio galv\u016bgal\u012f. Si\u016blomi 14 modeli\u0173 galv\u016bgaliai.<\/p>\n<p>Kartu galima u\u017esisakyti tokio pat audinio \u0161onines ki\u0161enes, kuriose patogu laikyti \u017eurnalus, televizoriaus pultel\u012f ir kt. Galima u\u017esisakyti tokiu pat audiniu aptraukt\u0105 suolad\u0117\u017e\u0119, skirt\u0105 drabu\u017eiams laikyti ir s\u0117d\u0117ti.<br \/><strong>\u010ciu\u017einys, ant\u010diu\u017einis, galv\u016bgalis, kojos ir kiti priedai \u012f komplekt\u0105 ne\u012feina, juos turite pasirinkti pagal savo pageidavimus.<\/strong><br \/>Galimi matmenys: 80&#215;200, 90&#215;200, 120&#215;200, 140&#215;200.<\/p>\n<p>Sukurta ir pagaminta Estijoje.<br \/><strong>put\u0173 poliuretanas yra patvirtintas Estijos alergijos asociacijos. Sleepwell gamini\u0173 audiniai, medviln\u0117, vilna ir vatinas atitinka tarptautin\u012f \u201e\u00d6ko-Tex 100\u201c standart\u0105.<\/strong><\/p>\n","protected":false},"excerpt":{"rendered":"<p>\u0160ioje ku\u0161et\u0117je rasite \u201eTiger Touch\u201c put\u0173 poliuretan\u0105, kuris yra naujausias sprendimas med\u017eiag\u0173 pramon\u0117je. Jis yra ypatingai orui pralaidus ir suformuojantis maloniai elasting\u0105, k\u016bn\u0105 palaikant\u012f pagrind\u0105.<\/p>\n<p>Dviej\u0173 sluoksni\u0173 spyruokli\u0173 sistema \u2013 5 zon\u0173 \u201epocket\u201c tipo spyruokl\u0117s vir\u0161uje, \u201emini pocket\u201c apa\u010dioje.<\/p>\n<p>Galima pasirinkti vir\u0161utini\u0173 \u201epocket\u201c spyruokli\u0173 kietum\u0105 \u2013 kietas, vidutinio kietumo.<\/p>\n<p>Galima rinktis i\u0161 14 baldinio audinio spalv\u0173.<\/p>\n","protected":false},"featured_media":564070,"template":"","meta":{"_acf_changed":false},"product_brand":[],"product_cat":[976],"product_tag":[1024],"class_list":{"0":"post-145202","1":"product","2":"type-product","3":"status-publish","4":"has-post-thumbnail","6":"product_cat-kusetes","7":"product_tag-red-lt","8":"description-off","10":"first","11":"outofstock","12":"sale","13":"taxable","14":"shipping-taxable","15":"purchasable","16":"product-type-variable"},"acf":[],"yoast_head":"<!-- This site is optimized with the Yoast SEO plugin v27.0 - https:\/\/yoast.com\/product\/yoast-seo-wordpress\/ -->\n<title>RED POCKET KU\u0160ET\u0116 - Sleepwell<\/title>\n<meta name=\"robots\" content=\"index, follow, max-snippet:-1, max-image-preview:large, max-video-preview:-1\" \/>\n<link rel=\"canonical\" href=\"https:\/\/sleepwellbed.com\/lt\/produktas\/red-pocket-kusete\/\" \/>\n<meta property=\"og:locale\" content=\"lt_LT\" \/>\n<meta property=\"og:type\" content=\"article\" \/>\n<meta property=\"og:title\" content=\"RED POCKET KU\u0160ET\u0116 - Sleepwell\" \/>\n<meta property=\"og:description\" content=\"\u0160ioje ku\u0161et\u0117je rasite \u201eTiger Touch\u201c put\u0173 poliuretan\u0105, kuris yra naujausias sprendimas med\u017eiag\u0173 pramon\u0117je. Jis yra ypatingai orui pralaidus ir suformuojantis maloniai elasting\u0105, k\u016bn\u0105 palaikant\u012f pagrind\u0105.Dviej\u0173 sluoksni\u0173 spyruokli\u0173 sistema \u2013 5 zon\u0173 \u201epocket\u201c tipo spyruokl\u0117s vir\u0161uje, \u201emini pocket\u201c apa\u010dioje.Galima pasirinkti vir\u0161utini\u0173 \u201epocket\u201c spyruokli\u0173 kietum\u0105 \u2013 kietas, vidutinio kietumo.Galima rinktis i\u0161 14 baldinio audinio spalv\u0173.\" \/>\n<meta property=\"og:url\" content=\"https:\/\/sleepwellbed.com\/lt\/produktas\/red-pocket-kusete\/\" \/>\n<meta property=\"og:site_name\" content=\"Sleepwell\" \/>\n<meta property=\"article:modified_time\" content=\"2026-04-10T05:15:31+00:00\" \/>\n<meta property=\"og:image\" content=\"https:\/\/sleepwellbed.com\/wp-content\/uploads\/2025\/11\/RED-POCKET-KUSETT-140-labiloige.png\" \/>\n\t<meta property=\"og:image:width\" content=\"1414\" \/>\n\t<meta property=\"og:image:height\" content=\"1000\" \/>\n\t<meta property=\"og:image:type\" content=\"image\/png\" \/>\n<meta name=\"twitter:card\" content=\"summary_large_image\" \/>\n<meta name=\"twitter:label1\" content=\"Est. reading time\" \/>\n\t<meta name=\"twitter:data1\" content=\"1 minut\u0117\" \/>\n<script type=\"application\/ld+json\" class=\"yoast-schema-graph\">{\"@context\":\"https:\/\/schema.org\",\"@graph\":[{\"@type\":\"WebPage\",\"@id\":\"https:\/\/sleepwellbed.com\/lt\/produktas\/red-pocket-kusete\/\",\"url\":\"https:\/\/sleepwellbed.com\/lt\/produktas\/red-pocket-kusete\/\",\"name\":\"RED POCKET KU\u0160ET\u0116 - Sleepwell\",\"isPartOf\":{\"@id\":\"https:\/\/sleepwellbed.com\/#website\"},\"primaryImageOfPage\":{\"@id\":\"https:\/\/sleepwellbed.com\/lt\/produktas\/red-pocket-kusete\/#primaryimage\"},\"image\":{\"@id\":\"https:\/\/sleepwellbed.com\/lt\/produktas\/red-pocket-kusete\/#primaryimage\"},\"thumbnailUrl\":\"https:\/\/sleepwellbed.com\/wp-content\/uploads\/2025\/11\/RED-POCKET-KUSETT-140-labiloige.png\",\"datePublished\":\"2023-01-23T18:15:12+00:00\",\"dateModified\":\"2026-04-10T05:15:31+00:00\",\"breadcrumb\":{\"@id\":\"https:\/\/sleepwellbed.com\/lt\/produktas\/red-pocket-kusete\/#breadcrumb\"},\"inLanguage\":\"lt-LT\",\"potentialAction\":[{\"@type\":\"ReadAction\",\"target\":[\"https:\/\/sleepwellbed.com\/lt\/produktas\/red-pocket-kusete\/\"]}]},{\"@type\":\"ImageObject\",\"inLanguage\":\"lt-LT\",\"@id\":\"https:\/\/sleepwellbed.com\/lt\/produktas\/red-pocket-kusete\/#primaryimage\",\"url\":\"https:\/\/sleepwellbed.com\/wp-content\/uploads\/2025\/11\/RED-POCKET-KUSETT-140-labiloige.png\",\"contentUrl\":\"https:\/\/sleepwellbed.com\/wp-content\/uploads\/2025\/11\/RED-POCKET-KUSETT-140-labiloige.png\",\"width\":1414,\"height\":1000},{\"@type\":\"BreadcrumbList\",\"@id\":\"https:\/\/sleepwellbed.com\/lt\/produktas\/red-pocket-kusete\/#breadcrumb\",\"itemListElement\":[{\"@type\":\"ListItem\",\"position\":1,\"name\":\"Home\",\"item\":\"https:\/\/sleepwellbed.com\/lt\/\"},{\"@type\":\"ListItem\",\"position\":2,\"name\":\"Produktai\",\"item\":\"https:\/\/sleepwellbed.com\/lt\/produktai\/\"},{\"@type\":\"ListItem\",\"position\":3,\"name\":\"RED POCKET KU\u0160ET\u0116\"}]},{\"@type\":\"WebSite\",\"@id\":\"https:\/\/sleepwellbed.com\/#website\",\"url\":\"https:\/\/sleepwellbed.com\/\",\"name\":\"Sleepwell\",\"description\":\"\",\"potentialAction\":[{\"@type\":\"SearchAction\",\"target\":{\"@type\":\"EntryPoint\",\"urlTemplate\":\"https:\/\/sleepwellbed.com\/?s={search_term_string}\"},\"query-input\":{\"@type\":\"PropertyValueSpecification\",\"valueRequired\":true,\"valueName\":\"search_term_string\"}}],\"inLanguage\":\"lt-LT\"}]}<\/script>\n<!-- \/ Yoast SEO plugin. -->","yoast_head_json":{"title":"RED POCKET KU\u0160ET\u0116 - Sleepwell","robots":{"index":"index","follow":"follow","max-snippet":"max-snippet:-1","max-image-preview":"max-image-preview:large","max-video-preview":"max-video-preview:-1"},"canonical":"https:\/\/sleepwellbed.com\/lt\/produktas\/red-pocket-kusete\/","og_locale":"lt_LT","og_type":"article","og_title":"RED POCKET KU\u0160ET\u0116 - Sleepwell","og_description":"\u0160ioje ku\u0161et\u0117je rasite \u201eTiger Touch\u201c put\u0173 poliuretan\u0105, kuris yra naujausias sprendimas med\u017eiag\u0173 pramon\u0117je. Jis yra ypatingai orui pralaidus ir suformuojantis maloniai elasting\u0105, k\u016bn\u0105 palaikant\u012f pagrind\u0105.Dviej\u0173 sluoksni\u0173 spyruokli\u0173 sistema \u2013 5 zon\u0173 \u201epocket\u201c tipo spyruokl\u0117s vir\u0161uje, \u201emini pocket\u201c apa\u010dioje.Galima pasirinkti vir\u0161utini\u0173 \u201epocket\u201c spyruokli\u0173 kietum\u0105 \u2013 kietas, vidutinio kietumo.Galima rinktis i\u0161 14 baldinio audinio spalv\u0173.","og_url":"https:\/\/sleepwellbed.com\/lt\/produktas\/red-pocket-kusete\/","og_site_name":"Sleepwell","article_modified_time":"2026-04-10T05:15:31+00:00","og_image":[{"width":1414,"height":1000,"url":"https:\/\/sleepwellbed.com\/wp-content\/uploads\/2025\/11\/RED-POCKET-KUSETT-140-labiloige.png","type":"image\/png"}],"twitter_card":"summary_large_image","twitter_misc":{"Est. reading time":"1 minut\u0117"},"schema":{"@context":"https:\/\/schema.org","@graph":[{"@type":"WebPage","@id":"https:\/\/sleepwellbed.com\/lt\/produktas\/red-pocket-kusete\/","url":"https:\/\/sleepwellbed.com\/lt\/produktas\/red-pocket-kusete\/","name":"RED POCKET KU\u0160ET\u0116 - Sleepwell","isPartOf":{"@id":"https:\/\/sleepwellbed.com\/#website"},"primaryImageOfPage":{"@id":"https:\/\/sleepwellbed.com\/lt\/produktas\/red-pocket-kusete\/#primaryimage"},"image":{"@id":"https:\/\/sleepwellbed.com\/lt\/produktas\/red-pocket-kusete\/#primaryimage"},"thumbnailUrl":"https:\/\/sleepwellbed.com\/wp-content\/uploads\/2025\/11\/RED-POCKET-KUSETT-140-labiloige.png","datePublished":"2023-01-23T18:15:12+00:00","dateModified":"2026-04-10T05:15:31+00:00","breadcrumb":{"@id":"https:\/\/sleepwellbed.com\/lt\/produktas\/red-pocket-kusete\/#breadcrumb"},"inLanguage":"lt-LT","potentialAction":[{"@type":"ReadAction","target":["https:\/\/sleepwellbed.com\/lt\/produktas\/red-pocket-kusete\/"]}]},{"@type":"ImageObject","inLanguage":"lt-LT","@id":"https:\/\/sleepwellbed.com\/lt\/produktas\/red-pocket-kusete\/#primaryimage","url":"https:\/\/sleepwellbed.com\/wp-content\/uploads\/2025\/11\/RED-POCKET-KUSETT-140-labiloige.png","contentUrl":"https:\/\/sleepwellbed.com\/wp-content\/uploads\/2025\/11\/RED-POCKET-KUSETT-140-labiloige.png","width":1414,"height":1000},{"@type":"BreadcrumbList","@id":"https:\/\/sleepwellbed.com\/lt\/produktas\/red-pocket-kusete\/#breadcrumb","itemListElement":[{"@type":"ListItem","position":1,"name":"Home","item":"https:\/\/sleepwellbed.com\/lt\/"},{"@type":"ListItem","position":2,"name":"Produktai","item":"https:\/\/sleepwellbed.com\/lt\/produktai\/"},{"@type":"ListItem","position":3,"name":"RED POCKET KU\u0160ET\u0116"}]},{"@type":"WebSite","@id":"https:\/\/sleepwellbed.com\/#website","url":"https:\/\/sleepwellbed.com\/","name":"Sleepwell","description":"","potentialAction":[{"@type":"SearchAction","target":{"@type":"EntryPoint","urlTemplate":"https:\/\/sleepwellbed.com\/?s={search_term_string}"},"query-input":{"@type":"PropertyValueSpecification","valueRequired":true,"valueName":"search_term_string"}}],"inLanguage":"lt-LT"}]}},"_links":{"self":[{"href":"https:\/\/sleepwellbed.com\/lt\/wp-json\/wp\/v2\/product\/145202","targetHints":{"allow":["GET"]}}],"collection":[{"href":"https:\/\/sleepwellbed.com\/lt\/wp-json\/wp\/v2\/product"}],"about":[{"href":"https:\/\/sleepwellbed.com\/lt\/wp-json\/wp\/v2\/types\/product"}],"wp:featuredmedia":[{"embeddable":true,"href":"https:\/\/sleepwellbed.com\/lt\/wp-json\/wp\/v2\/media\/564070"}],"wp:attachment":[{"href":"https:\/\/sleepwellbed.com\/lt\/wp-json\/wp\/v2\/media?parent=145202"}],"wp:term":[{"taxonomy":"product_brand","embeddable":true,"href":"https:\/\/sleepwellbed.com\/lt\/wp-json\/wp\/v2\/product_brand?post=145202"},{"taxonomy":"product_cat","embeddable":true,"href":"https:\/\/sleepwellbed.com\/lt\/wp-json\/wp\/v2\/product_cat?post=145202"},{"taxonomy":"product_tag","embeddable":true,"href":"https:\/\/sleepwellbed.com\/lt\/wp-json\/wp\/v2\/product_tag?post=145202"}],"curies":[{"name":"wp","href":"https:\/\/api.w.org\/{rel}","templated":true}]}}