{"id":152350,"date":"2023-01-23T20:49:17","date_gmt":"2023-01-23T18:49:17","guid":{"rendered":"https:\/\/sleepwellbed.com\/product\/top-hygienic-madratsikaitse\/"},"modified":"2026-04-20T04:50:46","modified_gmt":"2026-04-20T01:50:46","slug":"top-hygienic-apsauginis-ciuzinio-apklotas","status":"publish","type":"product","link":"https:\/\/sleepwellbed.com\/lt\/produktas\/top-hygienic-apsauginis-ciuzinio-apklotas\/","title":{"rendered":"TOP HYGIENIC APSAUGINIS \u010cIU\u017dINIO APKLOTAS"},"content":{"rendered":"<p>Apsauginis \u010diu\u017einio apklotas saugo \u010diu\u017ein\u012f nuo ne\u0161varum\u0173. <br \/>Kokybi\u0161k\u0105 dygsniuot\u0105 paklot\u0105 i\u0161 \u0161viesaus tampraus audinio galima skalbti <strong>iki 40 laipsni\u0173 temperat\u016bros vandenyje.<\/strong><\/p>\n<p>Apkloto kampuose yra <strong>gumin\u0117s juostel\u0117s,<\/strong> kuriomis apklot\u0105 galima patogiai pritvirtinti prie \u010diu\u017einio.<br \/>Galimi matmenys: 80&#215;200, 90&#215;200, 120&#215;200, 140&#215;200, 160&#215;200 ir 180&#215;200.<\/p>\n<p>Sukurta ir pagaminta Estijoje.<br \/>Sleepwell gamini\u0173 audiniai, medviln\u0117, vilna ir vatinas atitinka tarptautin\u012f \u201e\u00d6ko-Tex 100\u201c standart\u0105.<\/p>\n","protected":false},"excerpt":{"rendered":"<p>Apsauginis \u010diu\u017einio apklotas saugo \u010diu\u017ein\u012f nuo ne\u0161varum\u0173.<\/p>\n<p>Galima skalbti iki 40 laipsni\u0173 temperat\u016bros vandenyje.<\/p>\n","protected":false},"featured_media":564086,"template":"","meta":{"_acf_changed":false},"product_brand":[],"product_cat":[1067],"product_tag":[1069],"class_list":{"0":"post-152350","1":"product","2":"type-product","3":"status-publish","4":"has-post-thumbnail","6":"product_cat-antciuziniai","7":"product_tag-top-lt","8":"description-off","10":"first","11":"outofstock","12":"sale","13":"taxable","14":"shipping-taxable","15":"purchasable","16":"product-type-variable"},"acf":[],"yoast_head":"<!-- This site is optimized with the Yoast SEO plugin v27.0 - https:\/\/yoast.com\/product\/yoast-seo-wordpress\/ -->\n<title>TOP HYGIENIC APSAUGINIS \u010cIU\u017dINIO APKLOTAS - Sleepwell<\/title>\n<meta name=\"robots\" content=\"index, follow, max-snippet:-1, max-image-preview:large, max-video-preview:-1\" \/>\n<link rel=\"canonical\" href=\"https:\/\/sleepwellbed.com\/lt\/produktas\/top-hygienic-apsauginis-ciuzinio-apklotas\/\" \/>\n<meta property=\"og:locale\" content=\"lt_LT\" \/>\n<meta property=\"og:type\" content=\"article\" \/>\n<meta property=\"og:title\" content=\"TOP HYGIENIC APSAUGINIS \u010cIU\u017dINIO APKLOTAS - Sleepwell\" \/>\n<meta property=\"og:description\" content=\"Apsauginis \u010diu\u017einio apklotas saugo \u010diu\u017ein\u012f nuo ne\u0161varum\u0173.Galima skalbti iki 40 laipsni\u0173 temperat\u016bros vandenyje.\" \/>\n<meta property=\"og:url\" content=\"https:\/\/sleepwellbed.com\/lt\/produktas\/top-hygienic-apsauginis-ciuzinio-apklotas\/\" \/>\n<meta property=\"og:site_name\" content=\"Sleepwell\" \/>\n<meta property=\"article:modified_time\" content=\"2026-04-20T01:50:46+00:00\" \/>\n<meta property=\"og:image\" content=\"https:\/\/sleepwellbed.com\/wp-content\/uploads\/2025\/11\/TB-Top-Hygenic-160.png\" \/>\n\t<meta property=\"og:image:width\" content=\"1414\" \/>\n\t<meta property=\"og:image:height\" content=\"1000\" \/>\n\t<meta property=\"og:image:type\" content=\"image\/png\" \/>\n<meta name=\"twitter:card\" content=\"summary_large_image\" \/>\n<meta name=\"twitter:label1\" content=\"Est. reading time\" \/>\n\t<meta name=\"twitter:data1\" content=\"1 minut\u0117\" \/>\n<script type=\"application\/ld+json\" class=\"yoast-schema-graph\">{\"@context\":\"https:\/\/schema.org\",\"@graph\":[{\"@type\":\"WebPage\",\"@id\":\"https:\/\/sleepwellbed.com\/lt\/produktas\/top-hygienic-apsauginis-ciuzinio-apklotas\/\",\"url\":\"https:\/\/sleepwellbed.com\/lt\/produktas\/top-hygienic-apsauginis-ciuzinio-apklotas\/\",\"name\":\"TOP HYGIENIC APSAUGINIS \u010cIU\u017dINIO APKLOTAS - Sleepwell\",\"isPartOf\":{\"@id\":\"https:\/\/sleepwellbed.com\/#website\"},\"primaryImageOfPage\":{\"@id\":\"https:\/\/sleepwellbed.com\/lt\/produktas\/top-hygienic-apsauginis-ciuzinio-apklotas\/#primaryimage\"},\"image\":{\"@id\":\"https:\/\/sleepwellbed.com\/lt\/produktas\/top-hygienic-apsauginis-ciuzinio-apklotas\/#primaryimage\"},\"thumbnailUrl\":\"https:\/\/sleepwellbed.com\/wp-content\/uploads\/2025\/11\/TB-Top-Hygenic-160.png\",\"datePublished\":\"2023-01-23T18:49:17+00:00\",\"dateModified\":\"2026-04-20T01:50:46+00:00\",\"breadcrumb\":{\"@id\":\"https:\/\/sleepwellbed.com\/lt\/produktas\/top-hygienic-apsauginis-ciuzinio-apklotas\/#breadcrumb\"},\"inLanguage\":\"lt-LT\",\"potentialAction\":[{\"@type\":\"ReadAction\",\"target\":[\"https:\/\/sleepwellbed.com\/lt\/produktas\/top-hygienic-apsauginis-ciuzinio-apklotas\/\"]}]},{\"@type\":\"ImageObject\",\"inLanguage\":\"lt-LT\",\"@id\":\"https:\/\/sleepwellbed.com\/lt\/produktas\/top-hygienic-apsauginis-ciuzinio-apklotas\/#primaryimage\",\"url\":\"https:\/\/sleepwellbed.com\/wp-content\/uploads\/2025\/11\/TB-Top-Hygenic-160.png\",\"contentUrl\":\"https:\/\/sleepwellbed.com\/wp-content\/uploads\/2025\/11\/TB-Top-Hygenic-160.png\",\"width\":1414,\"height\":1000},{\"@type\":\"BreadcrumbList\",\"@id\":\"https:\/\/sleepwellbed.com\/lt\/produktas\/top-hygienic-apsauginis-ciuzinio-apklotas\/#breadcrumb\",\"itemListElement\":[{\"@type\":\"ListItem\",\"position\":1,\"name\":\"Home\",\"item\":\"https:\/\/sleepwellbed.com\/lt\/\"},{\"@type\":\"ListItem\",\"position\":2,\"name\":\"Produktai\",\"item\":\"https:\/\/sleepwellbed.com\/lt\/produktai\/\"},{\"@type\":\"ListItem\",\"position\":3,\"name\":\"TOP HYGIENIC APSAUGINIS \u010cIU\u017dINIO APKLOTAS\"}]},{\"@type\":\"WebSite\",\"@id\":\"https:\/\/sleepwellbed.com\/#website\",\"url\":\"https:\/\/sleepwellbed.com\/\",\"name\":\"Sleepwell\",\"description\":\"\",\"potentialAction\":[{\"@type\":\"SearchAction\",\"target\":{\"@type\":\"EntryPoint\",\"urlTemplate\":\"https:\/\/sleepwellbed.com\/?s={search_term_string}\"},\"query-input\":{\"@type\":\"PropertyValueSpecification\",\"valueRequired\":true,\"valueName\":\"search_term_string\"}}],\"inLanguage\":\"lt-LT\"}]}<\/script>\n<!-- \/ Yoast SEO plugin. -->","yoast_head_json":{"title":"TOP HYGIENIC APSAUGINIS \u010cIU\u017dINIO APKLOTAS - Sleepwell","robots":{"index":"index","follow":"follow","max-snippet":"max-snippet:-1","max-image-preview":"max-image-preview:large","max-video-preview":"max-video-preview:-1"},"canonical":"https:\/\/sleepwellbed.com\/lt\/produktas\/top-hygienic-apsauginis-ciuzinio-apklotas\/","og_locale":"lt_LT","og_type":"article","og_title":"TOP HYGIENIC APSAUGINIS \u010cIU\u017dINIO APKLOTAS - Sleepwell","og_description":"Apsauginis \u010diu\u017einio apklotas saugo \u010diu\u017ein\u012f nuo ne\u0161varum\u0173.Galima skalbti iki 40 laipsni\u0173 temperat\u016bros vandenyje.","og_url":"https:\/\/sleepwellbed.com\/lt\/produktas\/top-hygienic-apsauginis-ciuzinio-apklotas\/","og_site_name":"Sleepwell","article_modified_time":"2026-04-20T01:50:46+00:00","og_image":[{"width":1414,"height":1000,"url":"https:\/\/sleepwellbed.com\/wp-content\/uploads\/2025\/11\/TB-Top-Hygenic-160.png","type":"image\/png"}],"twitter_card":"summary_large_image","twitter_misc":{"Est. reading time":"1 minut\u0117"},"schema":{"@context":"https:\/\/schema.org","@graph":[{"@type":"WebPage","@id":"https:\/\/sleepwellbed.com\/lt\/produktas\/top-hygienic-apsauginis-ciuzinio-apklotas\/","url":"https:\/\/sleepwellbed.com\/lt\/produktas\/top-hygienic-apsauginis-ciuzinio-apklotas\/","name":"TOP HYGIENIC APSAUGINIS \u010cIU\u017dINIO APKLOTAS - Sleepwell","isPartOf":{"@id":"https:\/\/sleepwellbed.com\/#website"},"primaryImageOfPage":{"@id":"https:\/\/sleepwellbed.com\/lt\/produktas\/top-hygienic-apsauginis-ciuzinio-apklotas\/#primaryimage"},"image":{"@id":"https:\/\/sleepwellbed.com\/lt\/produktas\/top-hygienic-apsauginis-ciuzinio-apklotas\/#primaryimage"},"thumbnailUrl":"https:\/\/sleepwellbed.com\/wp-content\/uploads\/2025\/11\/TB-Top-Hygenic-160.png","datePublished":"2023-01-23T18:49:17+00:00","dateModified":"2026-04-20T01:50:46+00:00","breadcrumb":{"@id":"https:\/\/sleepwellbed.com\/lt\/produktas\/top-hygienic-apsauginis-ciuzinio-apklotas\/#breadcrumb"},"inLanguage":"lt-LT","potentialAction":[{"@type":"ReadAction","target":["https:\/\/sleepwellbed.com\/lt\/produktas\/top-hygienic-apsauginis-ciuzinio-apklotas\/"]}]},{"@type":"ImageObject","inLanguage":"lt-LT","@id":"https:\/\/sleepwellbed.com\/lt\/produktas\/top-hygienic-apsauginis-ciuzinio-apklotas\/#primaryimage","url":"https:\/\/sleepwellbed.com\/wp-content\/uploads\/2025\/11\/TB-Top-Hygenic-160.png","contentUrl":"https:\/\/sleepwellbed.com\/wp-content\/uploads\/2025\/11\/TB-Top-Hygenic-160.png","width":1414,"height":1000},{"@type":"BreadcrumbList","@id":"https:\/\/sleepwellbed.com\/lt\/produktas\/top-hygienic-apsauginis-ciuzinio-apklotas\/#breadcrumb","itemListElement":[{"@type":"ListItem","position":1,"name":"Home","item":"https:\/\/sleepwellbed.com\/lt\/"},{"@type":"ListItem","position":2,"name":"Produktai","item":"https:\/\/sleepwellbed.com\/lt\/produktai\/"},{"@type":"ListItem","position":3,"name":"TOP HYGIENIC APSAUGINIS \u010cIU\u017dINIO APKLOTAS"}]},{"@type":"WebSite","@id":"https:\/\/sleepwellbed.com\/#website","url":"https:\/\/sleepwellbed.com\/","name":"Sleepwell","description":"","potentialAction":[{"@type":"SearchAction","target":{"@type":"EntryPoint","urlTemplate":"https:\/\/sleepwellbed.com\/?s={search_term_string}"},"query-input":{"@type":"PropertyValueSpecification","valueRequired":true,"valueName":"search_term_string"}}],"inLanguage":"lt-LT"}]}},"_links":{"self":[{"href":"https:\/\/sleepwellbed.com\/lt\/wp-json\/wp\/v2\/product\/152350","targetHints":{"allow":["GET"]}}],"collection":[{"href":"https:\/\/sleepwellbed.com\/lt\/wp-json\/wp\/v2\/product"}],"about":[{"href":"https:\/\/sleepwellbed.com\/lt\/wp-json\/wp\/v2\/types\/product"}],"wp:featuredmedia":[{"embeddable":true,"href":"https:\/\/sleepwellbed.com\/lt\/wp-json\/wp\/v2\/media\/564086"}],"wp:attachment":[{"href":"https:\/\/sleepwellbed.com\/lt\/wp-json\/wp\/v2\/media?parent=152350"}],"wp:term":[{"taxonomy":"product_brand","embeddable":true,"href":"https:\/\/sleepwellbed.com\/lt\/wp-json\/wp\/v2\/product_brand?post=152350"},{"taxonomy":"product_cat","embeddable":true,"href":"https:\/\/sleepwellbed.com\/lt\/wp-json\/wp\/v2\/product_cat?post=152350"},{"taxonomy":"product_tag","embeddable":true,"href":"https:\/\/sleepwellbed.com\/lt\/wp-json\/wp\/v2\/product_tag?post=152350"}],"curies":[{"name":"wp","href":"https:\/\/api.w.org\/{rel}","templated":true}]}}