{"id":152378,"date":"2023-01-23T20:54:57","date_gmt":"2023-01-23T18:54:57","guid":{"rendered":"https:\/\/sleepwellbed.com\/product\/top-hygienic-lux-madratsikaitse\/"},"modified":"2026-04-17T04:50:40","modified_gmt":"2026-04-17T01:50:40","slug":"top-hygienic-lux-apsauginis-ciuzinio-apklotas","status":"publish","type":"product","link":"https:\/\/sleepwellbed.com\/lt\/produktas\/top-hygienic-lux-apsauginis-ciuzinio-apklotas\/","title":{"rendered":"TOP HYGIENIC LUX APSAUGINIS \u010cIU\u017dINIO APKLOTAS"},"content":{"rendered":"<div>Apsauginis \u010diu\u017einio apklotas saugo \u010diu\u017ein\u012f nuo ne\u0161varum\u0173. <br \/>Dygsniuotas paklotas gaminamas i\u0161 \u0161viesaus tampraus audinio \u2013 mink\u0161to ir prabangaus \u201eSuper Soft\u2122\u201c, kuris reguliuoja dr\u0117gm\u0119 ir d\u0117l termostatin\u0117s funkcijos padeda palaikyti k\u016bno temperat\u016br\u0105 miegant, suteikdamas did\u017eiausi\u0105 komfort\u0105.<\/p>\n<p>Audinys padengtas specialia \u201e<strong>Sensity\u2122\u201c danga<\/strong>, kuri saugo nuo dulki\u0173 erku\u010di\u0173, pel\u0117sio ir kenksming\u0173 bakterij\u0173 bei neutralizuoja nemalonius kvapus. J\u016bs\u0173 gaivus ir sveikas miegas garantuotas.<br \/>Apkloto kampuose yra gumin\u0117s juostel\u0117s, kuriomis apklot\u0105 galima patogiai pritvirtinti prie \u010diu\u017einio.<br \/>\u010ciu\u017einio apklot\u0105 galima skalbti iki 60 laipsni\u0173 temperat\u016bros vandenyje.<br \/>Galimi matmenys: 80&#215;200, 90&#215;200, 120&#215;200, 140&#215;200, 160&#215;200 ir 180&#215;200. Galima u\u017esisakyti ir speciali\u0173 dyd\u017ei\u0173 gamini\u0173.<\/p>\n<p>Sukurta ir pagaminta Estijoje<br \/>Gaminys turi Estijos alergijos asociacijos patvirtinimo \u017eenkl\u0105. <strong>Sleepwell gamini\u0173 audiniai, medviln\u0117, vilna ir vatinas atitinka tarptautin\u012f \u201e\u00d6ko-Tex 100\u201c standart\u0105.<\/strong><\/div>\n","protected":false},"excerpt":{"rendered":"<div>Prabangus apsauginis \u010diu\u017einio apklotas saugo \u010diu\u017ein\u012f nuo ne\u0161varum\u0173.<\/p>\n<p>Itin mink\u0161tas ir prabangus \u201eSuper Soft\u2122\u201c audinys.<\/p>\n<p>\u201eSensity\u2122\u201c danga labai suma\u017eina alergen\u0173 kiek\u012f ir i\u0161laiko \u010diu\u017ein\u012f gaiv\u0173 ilg\u0105 laik\u0105.<\/p>\n<p>Galima skalbti iki 60 laipsni\u0173 temperat\u016bros vandenyje.<\/p><\/div>\n","protected":false},"featured_media":564088,"template":"","meta":{"_acf_changed":false},"product_brand":[],"product_cat":[1067],"product_tag":[1069],"class_list":{"0":"post-152378","1":"product","2":"type-product","3":"status-publish","4":"has-post-thumbnail","6":"product_cat-antciuziniai","7":"product_tag-top-lt","8":"description-off","10":"first","11":"outofstock","12":"sale","13":"taxable","14":"shipping-taxable","15":"purchasable","16":"product-type-variable"},"acf":[],"yoast_head":"<!-- This site is optimized with the Yoast SEO plugin v27.0 - https:\/\/yoast.com\/product\/yoast-seo-wordpress\/ -->\n<title>TOP HYGIENIC LUX APSAUGINIS \u010cIU\u017dINIO APKLOTAS - Sleepwell<\/title>\n<meta name=\"robots\" content=\"index, follow, max-snippet:-1, max-image-preview:large, max-video-preview:-1\" \/>\n<link rel=\"canonical\" href=\"https:\/\/sleepwellbed.com\/lt\/produktas\/top-hygienic-lux-apsauginis-ciuzinio-apklotas\/\" \/>\n<meta property=\"og:locale\" content=\"lt_LT\" \/>\n<meta property=\"og:type\" content=\"article\" \/>\n<meta property=\"og:title\" content=\"TOP HYGIENIC LUX APSAUGINIS \u010cIU\u017dINIO APKLOTAS - Sleepwell\" \/>\n<meta property=\"og:description\" content=\"Prabangus apsauginis \u010diu\u017einio apklotas saugo \u010diu\u017ein\u012f nuo ne\u0161varum\u0173.Itin mink\u0161tas ir prabangus \u201eSuper Soft\u2122\u201c audinys.\u201eSensity\u2122\u201c danga labai suma\u017eina alergen\u0173 kiek\u012f ir i\u0161laiko \u010diu\u017ein\u012f gaiv\u0173 ilg\u0105 laik\u0105.Galima skalbti iki 60 laipsni\u0173 temperat\u016bros vandenyje.\" \/>\n<meta property=\"og:url\" content=\"https:\/\/sleepwellbed.com\/lt\/produktas\/top-hygienic-lux-apsauginis-ciuzinio-apklotas\/\" \/>\n<meta property=\"og:site_name\" content=\"Sleepwell\" \/>\n<meta property=\"article:modified_time\" content=\"2026-04-17T01:50:40+00:00\" \/>\n<meta property=\"og:image\" content=\"https:\/\/sleepwellbed.com\/wp-content\/uploads\/2025\/11\/TOP-HYGENIC-LUX-160-kattetekk.png\" \/>\n\t<meta property=\"og:image:width\" content=\"1414\" \/>\n\t<meta property=\"og:image:height\" content=\"1000\" \/>\n\t<meta property=\"og:image:type\" content=\"image\/png\" \/>\n<meta name=\"twitter:card\" content=\"summary_large_image\" \/>\n<meta name=\"twitter:label1\" content=\"Est. reading time\" \/>\n\t<meta name=\"twitter:data1\" content=\"1 minut\u0117\" \/>\n<script type=\"application\/ld+json\" class=\"yoast-schema-graph\">{\"@context\":\"https:\/\/schema.org\",\"@graph\":[{\"@type\":\"WebPage\",\"@id\":\"https:\/\/sleepwellbed.com\/lt\/produktas\/top-hygienic-lux-apsauginis-ciuzinio-apklotas\/\",\"url\":\"https:\/\/sleepwellbed.com\/lt\/produktas\/top-hygienic-lux-apsauginis-ciuzinio-apklotas\/\",\"name\":\"TOP HYGIENIC LUX APSAUGINIS \u010cIU\u017dINIO APKLOTAS - Sleepwell\",\"isPartOf\":{\"@id\":\"https:\/\/sleepwellbed.com\/#website\"},\"primaryImageOfPage\":{\"@id\":\"https:\/\/sleepwellbed.com\/lt\/produktas\/top-hygienic-lux-apsauginis-ciuzinio-apklotas\/#primaryimage\"},\"image\":{\"@id\":\"https:\/\/sleepwellbed.com\/lt\/produktas\/top-hygienic-lux-apsauginis-ciuzinio-apklotas\/#primaryimage\"},\"thumbnailUrl\":\"https:\/\/sleepwellbed.com\/wp-content\/uploads\/2025\/11\/TOP-HYGENIC-LUX-160-kattetekk.png\",\"datePublished\":\"2023-01-23T18:54:57+00:00\",\"dateModified\":\"2026-04-17T01:50:40+00:00\",\"breadcrumb\":{\"@id\":\"https:\/\/sleepwellbed.com\/lt\/produktas\/top-hygienic-lux-apsauginis-ciuzinio-apklotas\/#breadcrumb\"},\"inLanguage\":\"lt-LT\",\"potentialAction\":[{\"@type\":\"ReadAction\",\"target\":[\"https:\/\/sleepwellbed.com\/lt\/produktas\/top-hygienic-lux-apsauginis-ciuzinio-apklotas\/\"]}]},{\"@type\":\"ImageObject\",\"inLanguage\":\"lt-LT\",\"@id\":\"https:\/\/sleepwellbed.com\/lt\/produktas\/top-hygienic-lux-apsauginis-ciuzinio-apklotas\/#primaryimage\",\"url\":\"https:\/\/sleepwellbed.com\/wp-content\/uploads\/2025\/11\/TOP-HYGENIC-LUX-160-kattetekk.png\",\"contentUrl\":\"https:\/\/sleepwellbed.com\/wp-content\/uploads\/2025\/11\/TOP-HYGENIC-LUX-160-kattetekk.png\",\"width\":1414,\"height\":1000},{\"@type\":\"BreadcrumbList\",\"@id\":\"https:\/\/sleepwellbed.com\/lt\/produktas\/top-hygienic-lux-apsauginis-ciuzinio-apklotas\/#breadcrumb\",\"itemListElement\":[{\"@type\":\"ListItem\",\"position\":1,\"name\":\"Home\",\"item\":\"https:\/\/sleepwellbed.com\/lt\/\"},{\"@type\":\"ListItem\",\"position\":2,\"name\":\"Produktai\",\"item\":\"https:\/\/sleepwellbed.com\/lt\/produktai\/\"},{\"@type\":\"ListItem\",\"position\":3,\"name\":\"TOP HYGIENIC LUX APSAUGINIS \u010cIU\u017dINIO APKLOTAS\"}]},{\"@type\":\"WebSite\",\"@id\":\"https:\/\/sleepwellbed.com\/#website\",\"url\":\"https:\/\/sleepwellbed.com\/\",\"name\":\"Sleepwell\",\"description\":\"\",\"potentialAction\":[{\"@type\":\"SearchAction\",\"target\":{\"@type\":\"EntryPoint\",\"urlTemplate\":\"https:\/\/sleepwellbed.com\/?s={search_term_string}\"},\"query-input\":{\"@type\":\"PropertyValueSpecification\",\"valueRequired\":true,\"valueName\":\"search_term_string\"}}],\"inLanguage\":\"lt-LT\"}]}<\/script>\n<!-- \/ Yoast SEO plugin. -->","yoast_head_json":{"title":"TOP HYGIENIC LUX APSAUGINIS \u010cIU\u017dINIO APKLOTAS - Sleepwell","robots":{"index":"index","follow":"follow","max-snippet":"max-snippet:-1","max-image-preview":"max-image-preview:large","max-video-preview":"max-video-preview:-1"},"canonical":"https:\/\/sleepwellbed.com\/lt\/produktas\/top-hygienic-lux-apsauginis-ciuzinio-apklotas\/","og_locale":"lt_LT","og_type":"article","og_title":"TOP HYGIENIC LUX APSAUGINIS \u010cIU\u017dINIO APKLOTAS - Sleepwell","og_description":"Prabangus apsauginis \u010diu\u017einio apklotas saugo \u010diu\u017ein\u012f nuo ne\u0161varum\u0173.Itin mink\u0161tas ir prabangus \u201eSuper Soft\u2122\u201c audinys.\u201eSensity\u2122\u201c danga labai suma\u017eina alergen\u0173 kiek\u012f ir i\u0161laiko \u010diu\u017ein\u012f gaiv\u0173 ilg\u0105 laik\u0105.Galima skalbti iki 60 laipsni\u0173 temperat\u016bros vandenyje.","og_url":"https:\/\/sleepwellbed.com\/lt\/produktas\/top-hygienic-lux-apsauginis-ciuzinio-apklotas\/","og_site_name":"Sleepwell","article_modified_time":"2026-04-17T01:50:40+00:00","og_image":[{"width":1414,"height":1000,"url":"https:\/\/sleepwellbed.com\/wp-content\/uploads\/2025\/11\/TOP-HYGENIC-LUX-160-kattetekk.png","type":"image\/png"}],"twitter_card":"summary_large_image","twitter_misc":{"Est. reading time":"1 minut\u0117"},"schema":{"@context":"https:\/\/schema.org","@graph":[{"@type":"WebPage","@id":"https:\/\/sleepwellbed.com\/lt\/produktas\/top-hygienic-lux-apsauginis-ciuzinio-apklotas\/","url":"https:\/\/sleepwellbed.com\/lt\/produktas\/top-hygienic-lux-apsauginis-ciuzinio-apklotas\/","name":"TOP HYGIENIC LUX APSAUGINIS \u010cIU\u017dINIO APKLOTAS - Sleepwell","isPartOf":{"@id":"https:\/\/sleepwellbed.com\/#website"},"primaryImageOfPage":{"@id":"https:\/\/sleepwellbed.com\/lt\/produktas\/top-hygienic-lux-apsauginis-ciuzinio-apklotas\/#primaryimage"},"image":{"@id":"https:\/\/sleepwellbed.com\/lt\/produktas\/top-hygienic-lux-apsauginis-ciuzinio-apklotas\/#primaryimage"},"thumbnailUrl":"https:\/\/sleepwellbed.com\/wp-content\/uploads\/2025\/11\/TOP-HYGENIC-LUX-160-kattetekk.png","datePublished":"2023-01-23T18:54:57+00:00","dateModified":"2026-04-17T01:50:40+00:00","breadcrumb":{"@id":"https:\/\/sleepwellbed.com\/lt\/produktas\/top-hygienic-lux-apsauginis-ciuzinio-apklotas\/#breadcrumb"},"inLanguage":"lt-LT","potentialAction":[{"@type":"ReadAction","target":["https:\/\/sleepwellbed.com\/lt\/produktas\/top-hygienic-lux-apsauginis-ciuzinio-apklotas\/"]}]},{"@type":"ImageObject","inLanguage":"lt-LT","@id":"https:\/\/sleepwellbed.com\/lt\/produktas\/top-hygienic-lux-apsauginis-ciuzinio-apklotas\/#primaryimage","url":"https:\/\/sleepwellbed.com\/wp-content\/uploads\/2025\/11\/TOP-HYGENIC-LUX-160-kattetekk.png","contentUrl":"https:\/\/sleepwellbed.com\/wp-content\/uploads\/2025\/11\/TOP-HYGENIC-LUX-160-kattetekk.png","width":1414,"height":1000},{"@type":"BreadcrumbList","@id":"https:\/\/sleepwellbed.com\/lt\/produktas\/top-hygienic-lux-apsauginis-ciuzinio-apklotas\/#breadcrumb","itemListElement":[{"@type":"ListItem","position":1,"name":"Home","item":"https:\/\/sleepwellbed.com\/lt\/"},{"@type":"ListItem","position":2,"name":"Produktai","item":"https:\/\/sleepwellbed.com\/lt\/produktai\/"},{"@type":"ListItem","position":3,"name":"TOP HYGIENIC LUX APSAUGINIS \u010cIU\u017dINIO APKLOTAS"}]},{"@type":"WebSite","@id":"https:\/\/sleepwellbed.com\/#website","url":"https:\/\/sleepwellbed.com\/","name":"Sleepwell","description":"","potentialAction":[{"@type":"SearchAction","target":{"@type":"EntryPoint","urlTemplate":"https:\/\/sleepwellbed.com\/?s={search_term_string}"},"query-input":{"@type":"PropertyValueSpecification","valueRequired":true,"valueName":"search_term_string"}}],"inLanguage":"lt-LT"}]}},"_links":{"self":[{"href":"https:\/\/sleepwellbed.com\/lt\/wp-json\/wp\/v2\/product\/152378","targetHints":{"allow":["GET"]}}],"collection":[{"href":"https:\/\/sleepwellbed.com\/lt\/wp-json\/wp\/v2\/product"}],"about":[{"href":"https:\/\/sleepwellbed.com\/lt\/wp-json\/wp\/v2\/types\/product"}],"wp:featuredmedia":[{"embeddable":true,"href":"https:\/\/sleepwellbed.com\/lt\/wp-json\/wp\/v2\/media\/564088"}],"wp:attachment":[{"href":"https:\/\/sleepwellbed.com\/lt\/wp-json\/wp\/v2\/media?parent=152378"}],"wp:term":[{"taxonomy":"product_brand","embeddable":true,"href":"https:\/\/sleepwellbed.com\/lt\/wp-json\/wp\/v2\/product_brand?post=152378"},{"taxonomy":"product_cat","embeddable":true,"href":"https:\/\/sleepwellbed.com\/lt\/wp-json\/wp\/v2\/product_cat?post=152378"},{"taxonomy":"product_tag","embeddable":true,"href":"https:\/\/sleepwellbed.com\/lt\/wp-json\/wp\/v2\/product_tag?post=152378"}],"curies":[{"name":"wp","href":"https:\/\/api.w.org\/{rel}","templated":true}]}}