{"id":167474,"date":"2023-01-23T22:22:29","date_gmt":"2023-01-23T20:22:29","guid":{"rendered":"https:\/\/sleepwellbed.com\/product\/blue-continental-kontinentaalvoodi\/"},"modified":"2026-05-06T08:01:29","modified_gmt":"2026-05-06T05:01:29","slug":"blue-continental-tipo-lova","status":"publish","type":"product","link":"https:\/\/sleepwellbed.com\/lt\/produktas\/blue-continental-tipo-lova\/","title":{"rendered":"BLUE CONTINENTAL TIPO LOVA"},"content":{"rendered":"<p><strong>BLUE Continental tipo lova<\/strong> \u2013 sald\u017eiam miegui. <br \/>Continental tipo lovos komplekt\u0105 sudaro viena (140&#215;200 dyd\u017eio) arba dvi bazin\u0117s ku\u0161et\u0117s ir spyruoklinis \u010diu\u017einys. Ant\u010diu\u017einis, galv\u016bgalis, kojel\u0117s ir kiti priedai \u012f komplekt\u0105 ne\u012feina, juos reikia pasirinkti pagal savo pageidavimus.<\/p>\n<p>Spyruoklinis \u010diu\u017einys turi tvirtas<strong> \u201epocket\u201c spyruokles, <\/strong>i\u0161 abiej\u0173 pusi\u0173 padengtas auk\u0161tos kokyb\u0117s put\u0173 poliuretanu.<br \/>BLUE serijos baldinis audinys si\u016blomas 3 atspalvi\u0173 \u2013 pilkas, tamsiai pilkas ir sm\u0117lio spalvos. Galima u\u017esisakyti tokio pat baldinio audinio galv\u016bgal\u012f. Si\u016blomi 3 modeli\u0173 galv\u016bgaliai.<br \/>Galimi matmenys: 140&#215;200, 160&#215;200 ir 180&#215;200.<\/p>\n<p>Sukurta ir pagaminta Estijoje.<br \/>Sleepwell gamini\u0173 audiniai, medviln\u0117, vilna ir vatinas atitinka tarptautin\u012f \u201e\u00d6ko-Tex 100\u201c standart\u0105.<\/p>\n","protected":false},"excerpt":{"rendered":"<p>Tvirtos \u201epocket\u201c spyruokl\u0117s.<\/p>\n<p>Su kokybi\u0161ku put\u0173 poliuretanu.<\/p>\n<p>BLUE serijos baldinis audinys si\u016blomas 3 atspalvi\u0173 \u2013 pilkas, tamsiai pilkas ir sm\u0117lio spalvos.<\/p>\n","protected":false},"featured_media":564106,"template":"","meta":{"_acf_changed":false},"product_brand":[],"product_cat":[1023],"product_tag":[967],"class_list":{"0":"post-167474","1":"product","2":"type-product","3":"status-publish","4":"has-post-thumbnail","6":"product_cat-continental-tipo-lovos","7":"product_tag-blue-lt","8":"description-off","10":"first","11":"outofstock","12":"sale","13":"taxable","14":"shipping-taxable","15":"purchasable","16":"product-type-variable"},"acf":[],"yoast_head":"<!-- This site is optimized with the Yoast SEO plugin v27.0 - https:\/\/yoast.com\/product\/yoast-seo-wordpress\/ -->\n<title>BLUE CONTINENTAL TIPO LOVA - Sleepwell<\/title>\n<meta name=\"robots\" content=\"index, follow, max-snippet:-1, max-image-preview:large, max-video-preview:-1\" \/>\n<link rel=\"canonical\" href=\"https:\/\/sleepwellbed.com\/lt\/produktas\/blue-continental-tipo-lova\/\" \/>\n<meta property=\"og:locale\" content=\"lt_LT\" \/>\n<meta property=\"og:type\" content=\"article\" \/>\n<meta property=\"og:title\" content=\"BLUE CONTINENTAL TIPO LOVA - Sleepwell\" \/>\n<meta property=\"og:description\" content=\"Tvirtos \u201epocket\u201c spyruokl\u0117s.Su kokybi\u0161ku put\u0173 poliuretanu.BLUE serijos baldinis audinys si\u016blomas 3 atspalvi\u0173 \u2013 pilkas, tamsiai pilkas ir sm\u0117lio spalvos.\" \/>\n<meta property=\"og:url\" content=\"https:\/\/sleepwellbed.com\/lt\/produktas\/blue-continental-tipo-lova\/\" \/>\n<meta property=\"og:site_name\" content=\"Sleepwell\" \/>\n<meta property=\"article:modified_time\" content=\"2026-05-06T05:01:29+00:00\" \/>\n<meta property=\"og:image\" content=\"https:\/\/sleepwellbed.com\/wp-content\/uploads\/2025\/11\/BLUE-CONTINENTAL-KONTINENTAALVOODI-160-labiloige.png\" \/>\n\t<meta property=\"og:image:width\" content=\"1414\" \/>\n\t<meta property=\"og:image:height\" content=\"1000\" \/>\n\t<meta property=\"og:image:type\" content=\"image\/png\" \/>\n<meta name=\"twitter:card\" content=\"summary_large_image\" \/>\n<meta name=\"twitter:label1\" content=\"Est. reading time\" \/>\n\t<meta name=\"twitter:data1\" content=\"1 minut\u0117\" \/>\n<script type=\"application\/ld+json\" class=\"yoast-schema-graph\">{\"@context\":\"https:\/\/schema.org\",\"@graph\":[{\"@type\":\"WebPage\",\"@id\":\"https:\/\/sleepwellbed.com\/lt\/produktas\/blue-continental-tipo-lova\/\",\"url\":\"https:\/\/sleepwellbed.com\/lt\/produktas\/blue-continental-tipo-lova\/\",\"name\":\"BLUE CONTINENTAL TIPO LOVA - Sleepwell\",\"isPartOf\":{\"@id\":\"https:\/\/sleepwellbed.com\/#website\"},\"primaryImageOfPage\":{\"@id\":\"https:\/\/sleepwellbed.com\/lt\/produktas\/blue-continental-tipo-lova\/#primaryimage\"},\"image\":{\"@id\":\"https:\/\/sleepwellbed.com\/lt\/produktas\/blue-continental-tipo-lova\/#primaryimage\"},\"thumbnailUrl\":\"https:\/\/sleepwellbed.com\/wp-content\/uploads\/2025\/11\/BLUE-CONTINENTAL-KONTINENTAALVOODI-160-labiloige.png\",\"datePublished\":\"2023-01-23T20:22:29+00:00\",\"dateModified\":\"2026-05-06T05:01:29+00:00\",\"breadcrumb\":{\"@id\":\"https:\/\/sleepwellbed.com\/lt\/produktas\/blue-continental-tipo-lova\/#breadcrumb\"},\"inLanguage\":\"lt-LT\",\"potentialAction\":[{\"@type\":\"ReadAction\",\"target\":[\"https:\/\/sleepwellbed.com\/lt\/produktas\/blue-continental-tipo-lova\/\"]}]},{\"@type\":\"ImageObject\",\"inLanguage\":\"lt-LT\",\"@id\":\"https:\/\/sleepwellbed.com\/lt\/produktas\/blue-continental-tipo-lova\/#primaryimage\",\"url\":\"https:\/\/sleepwellbed.com\/wp-content\/uploads\/2025\/11\/BLUE-CONTINENTAL-KONTINENTAALVOODI-160-labiloige.png\",\"contentUrl\":\"https:\/\/sleepwellbed.com\/wp-content\/uploads\/2025\/11\/BLUE-CONTINENTAL-KONTINENTAALVOODI-160-labiloige.png\",\"width\":1414,\"height\":1000},{\"@type\":\"BreadcrumbList\",\"@id\":\"https:\/\/sleepwellbed.com\/lt\/produktas\/blue-continental-tipo-lova\/#breadcrumb\",\"itemListElement\":[{\"@type\":\"ListItem\",\"position\":1,\"name\":\"Home\",\"item\":\"https:\/\/sleepwellbed.com\/lt\/\"},{\"@type\":\"ListItem\",\"position\":2,\"name\":\"Produktai\",\"item\":\"https:\/\/sleepwellbed.com\/lt\/produktai\/\"},{\"@type\":\"ListItem\",\"position\":3,\"name\":\"BLUE CONTINENTAL TIPO LOVA\"}]},{\"@type\":\"WebSite\",\"@id\":\"https:\/\/sleepwellbed.com\/#website\",\"url\":\"https:\/\/sleepwellbed.com\/\",\"name\":\"Sleepwell\",\"description\":\"\",\"potentialAction\":[{\"@type\":\"SearchAction\",\"target\":{\"@type\":\"EntryPoint\",\"urlTemplate\":\"https:\/\/sleepwellbed.com\/?s={search_term_string}\"},\"query-input\":{\"@type\":\"PropertyValueSpecification\",\"valueRequired\":true,\"valueName\":\"search_term_string\"}}],\"inLanguage\":\"lt-LT\"}]}<\/script>\n<!-- \/ Yoast SEO plugin. -->","yoast_head_json":{"title":"BLUE CONTINENTAL TIPO LOVA - Sleepwell","robots":{"index":"index","follow":"follow","max-snippet":"max-snippet:-1","max-image-preview":"max-image-preview:large","max-video-preview":"max-video-preview:-1"},"canonical":"https:\/\/sleepwellbed.com\/lt\/produktas\/blue-continental-tipo-lova\/","og_locale":"lt_LT","og_type":"article","og_title":"BLUE CONTINENTAL TIPO LOVA - Sleepwell","og_description":"Tvirtos \u201epocket\u201c spyruokl\u0117s.Su kokybi\u0161ku put\u0173 poliuretanu.BLUE serijos baldinis audinys si\u016blomas 3 atspalvi\u0173 \u2013 pilkas, tamsiai pilkas ir sm\u0117lio spalvos.","og_url":"https:\/\/sleepwellbed.com\/lt\/produktas\/blue-continental-tipo-lova\/","og_site_name":"Sleepwell","article_modified_time":"2026-05-06T05:01:29+00:00","og_image":[{"width":1414,"height":1000,"url":"https:\/\/sleepwellbed.com\/wp-content\/uploads\/2025\/11\/BLUE-CONTINENTAL-KONTINENTAALVOODI-160-labiloige.png","type":"image\/png"}],"twitter_card":"summary_large_image","twitter_misc":{"Est. reading time":"1 minut\u0117"},"schema":{"@context":"https:\/\/schema.org","@graph":[{"@type":"WebPage","@id":"https:\/\/sleepwellbed.com\/lt\/produktas\/blue-continental-tipo-lova\/","url":"https:\/\/sleepwellbed.com\/lt\/produktas\/blue-continental-tipo-lova\/","name":"BLUE CONTINENTAL TIPO LOVA - Sleepwell","isPartOf":{"@id":"https:\/\/sleepwellbed.com\/#website"},"primaryImageOfPage":{"@id":"https:\/\/sleepwellbed.com\/lt\/produktas\/blue-continental-tipo-lova\/#primaryimage"},"image":{"@id":"https:\/\/sleepwellbed.com\/lt\/produktas\/blue-continental-tipo-lova\/#primaryimage"},"thumbnailUrl":"https:\/\/sleepwellbed.com\/wp-content\/uploads\/2025\/11\/BLUE-CONTINENTAL-KONTINENTAALVOODI-160-labiloige.png","datePublished":"2023-01-23T20:22:29+00:00","dateModified":"2026-05-06T05:01:29+00:00","breadcrumb":{"@id":"https:\/\/sleepwellbed.com\/lt\/produktas\/blue-continental-tipo-lova\/#breadcrumb"},"inLanguage":"lt-LT","potentialAction":[{"@type":"ReadAction","target":["https:\/\/sleepwellbed.com\/lt\/produktas\/blue-continental-tipo-lova\/"]}]},{"@type":"ImageObject","inLanguage":"lt-LT","@id":"https:\/\/sleepwellbed.com\/lt\/produktas\/blue-continental-tipo-lova\/#primaryimage","url":"https:\/\/sleepwellbed.com\/wp-content\/uploads\/2025\/11\/BLUE-CONTINENTAL-KONTINENTAALVOODI-160-labiloige.png","contentUrl":"https:\/\/sleepwellbed.com\/wp-content\/uploads\/2025\/11\/BLUE-CONTINENTAL-KONTINENTAALVOODI-160-labiloige.png","width":1414,"height":1000},{"@type":"BreadcrumbList","@id":"https:\/\/sleepwellbed.com\/lt\/produktas\/blue-continental-tipo-lova\/#breadcrumb","itemListElement":[{"@type":"ListItem","position":1,"name":"Home","item":"https:\/\/sleepwellbed.com\/lt\/"},{"@type":"ListItem","position":2,"name":"Produktai","item":"https:\/\/sleepwellbed.com\/lt\/produktai\/"},{"@type":"ListItem","position":3,"name":"BLUE CONTINENTAL TIPO LOVA"}]},{"@type":"WebSite","@id":"https:\/\/sleepwellbed.com\/#website","url":"https:\/\/sleepwellbed.com\/","name":"Sleepwell","description":"","potentialAction":[{"@type":"SearchAction","target":{"@type":"EntryPoint","urlTemplate":"https:\/\/sleepwellbed.com\/?s={search_term_string}"},"query-input":{"@type":"PropertyValueSpecification","valueRequired":true,"valueName":"search_term_string"}}],"inLanguage":"lt-LT"}]}},"_links":{"self":[{"href":"https:\/\/sleepwellbed.com\/lt\/wp-json\/wp\/v2\/product\/167474","targetHints":{"allow":["GET"]}}],"collection":[{"href":"https:\/\/sleepwellbed.com\/lt\/wp-json\/wp\/v2\/product"}],"about":[{"href":"https:\/\/sleepwellbed.com\/lt\/wp-json\/wp\/v2\/types\/product"}],"wp:featuredmedia":[{"embeddable":true,"href":"https:\/\/sleepwellbed.com\/lt\/wp-json\/wp\/v2\/media\/564106"}],"wp:attachment":[{"href":"https:\/\/sleepwellbed.com\/lt\/wp-json\/wp\/v2\/media?parent=167474"}],"wp:term":[{"taxonomy":"product_brand","embeddable":true,"href":"https:\/\/sleepwellbed.com\/lt\/wp-json\/wp\/v2\/product_brand?post=167474"},{"taxonomy":"product_cat","embeddable":true,"href":"https:\/\/sleepwellbed.com\/lt\/wp-json\/wp\/v2\/product_cat?post=167474"},{"taxonomy":"product_tag","embeddable":true,"href":"https:\/\/sleepwellbed.com\/lt\/wp-json\/wp\/v2\/product_tag?post=167474"}],"curies":[{"name":"wp","href":"https:\/\/api.w.org\/{rel}","templated":true}]}}