{"id":172274,"date":"2023-01-23T22:45:12","date_gmt":"2023-01-23T20:45:12","guid":{"rendered":"https:\/\/sleepwellbed.com\/product\/black-continental-kontinentaalvoodi-8-jalaga\/"},"modified":"2026-04-12T06:31:25","modified_gmt":"2026-04-12T03:31:25","slug":"black-continental-tipo-lova-su-8-kojelemis","status":"publish","type":"product","link":"https:\/\/sleepwellbed.com\/lt\/produktas\/black-continental-tipo-lova-su-8-kojelemis\/","title":{"rendered":"BLACK CONTINENTAL TIPO LOVA (su 8 kojel\u0117mis)"},"content":{"rendered":"<div>Komplekt\u0105 sudaro dvi bazin\u0117s ku\u0161et\u0117s ir jas dengiantis spyruoklinis \u010diu\u017einys.<br \/>Ku\u0161e\u010di\u0173 viduje yra dviej\u0173 sluoksni\u0173 \u201epocket\u201c spyruokli\u0173 blokas, spyruoklinis \u010diu\u017einys pagamintas i\u0161 7 zon\u0173 \u201emultipocket\u201c spyruokli\u0173, kuri\u0173 didelis kiekis viename kv. metre suteikia k\u016bnui puiki\u0105 atram\u0105. 3 vienas kit\u0105 papildantys spyruokli\u0173 sluoksniai \u2013 kiekvieno miego gurmano svajon\u0117.<br \/>Viena spyruoklinio \u010diu\u017einio pus\u0117 i\u0161klota nat\u016braliu lateksu i\u0161 kau\u010diukmed\u017eio sul\u010di\u0173. Kitoje pus\u0117je \u2013 \u201eTiger Touch\u201c porolonas, kuris yra naujausias sprendimas med\u017eiag\u0173 pramon\u0117je. Jis pralaidus orui ir suformuojantis maloniai elasting\u0105, k\u016bn\u0105 palaikant\u012f pagrind\u0105.&nbsp;<br \/>Galima pasirinkti kiet\u0105 arba mink\u0161t\u0105 spyruoklin\u012f \u010diu\u017ein\u012f.<br \/>&nbsp;<br \/>I\u0161 plataus audini\u0173 asortimento galima i\u0161sirinkti kiekvienam miegamajam tinkam\u0105 spalv\u0105. Galima u\u017esisakyti tokio pat baldinio audinio galv\u016bgal\u012f. Si\u016blomi 34 modeli\u0173 galv\u016bgaliai. Si\u016blomi 9 spalv\u0173 galv\u016bgaliai. Galv\u016bgalyje galima prisukti 12 cm plastikines kojeles, kad b\u016bt\u0173 galima reguliuoti auk\u0161t\u012f. Tokiu atveju kontinentin\u0117s lovos kojos taip pat turi b\u016bti 12 cm auk\u0161\u010dio.<br \/>Kartu galima u\u017esisakyti tokio pat audinio \u0161onines ki\u0161enes, kuriose patogu laikyti \u017eurnalus, televizoriaus pultel\u012f ir kt. Galima u\u017esisakyti tokiu pat audiniu aptraukt\u0105 patalyn\u0117s d\u0117\u017e\u0119, skirt\u0105 drabu\u017eiams laikyti ir s\u0117d\u0117ti.<\/p>\n<p>Ant\u010diu\u017einis, galv\u016bgalis, kojos ir kiti priedai \u012f komplekt\u0105 ne\u012feina, juos reikia pasirinkti pagal savo pageidavimus.<br \/>Galimi matmenys: 160&#215;200 ir 180&#215;200<\/p>\n<p>Sukurta ir pagaminta Estijoje.<br \/>Put\u0173 poliuretanas yra patvirtintas Estijos alergijos asociacijos. Sleepwell gamini\u0173 audiniai, medviln\u0117, vilna ir vatinas atitinka tarptautin\u012f \u201e\u00d6ko-Tex 100\u201c standart\u0105. Spyruokli\u0173 sistem\u0173 kokyb\u0117 patvirtinta DIN EN ISO 9001 sertifikatu.<\/div>\n","protected":false},"excerpt":{"rendered":"<div>Itin patogi lova su trij\u0173 vienas kit\u0105 papildan\u010di\u0173 spyruokli\u0173 sluoksni\u0173 sistema. Ku\u0161e\u010di\u0173 viduje \u201epocket\u201c spyruokli\u0173 blokas remiasi \u012f \u201emini-pocket\u201c spyruokles. Viena spyruoklinio \u010diu\u017einio pus\u0117 i\u0161klota nat\u016braliu lateksu. Kitoje pus\u0117je \u2013 \u201eTiger Touch\u201c porolonas, kuris yra naujausias sprendimas med\u017eiag\u0173 pramon\u0117je.<\/p>\n<p>Galima pasirinkti mink\u0161t\u0105 arba kiet\u0105 spyruoklin\u012f \u010diu\u017ein\u012f.<\/p>\n<p>BLACK gamini\u0173 serija si\u016blo plat\u0173 apmu\u0161al\u0173 audini\u0173 pasirinkim\u0105, kad lova puikiai der\u0117t\u0173 miegamajame.<\/p>\n<p>Trys vienas kit\u0105 papildantys spyruokli\u0173 sluoksniai \u2013 kiekvieno miego gurmano svajon\u0117.<\/p><\/div>\n","protected":false},"featured_media":564127,"template":"","meta":{"_acf_changed":false},"product_brand":[],"product_cat":[1023],"product_tag":[1094],"class_list":{"0":"post-172274","1":"product","2":"type-product","3":"status-publish","4":"has-post-thumbnail","6":"product_cat-continental-tipo-lovos","7":"product_tag-black-lt","8":"description-off","10":"first","11":"outofstock","12":"sale","13":"taxable","14":"shipping-taxable","15":"purchasable","16":"product-type-variable"},"acf":[],"yoast_head":"<!-- This site is optimized with the Yoast SEO plugin v27.0 - https:\/\/yoast.com\/product\/yoast-seo-wordpress\/ -->\n<title>BLACK CONTINENTAL TIPO LOVA (su 8 kojel\u0117mis) - Sleepwell<\/title>\n<meta name=\"robots\" content=\"index, follow, max-snippet:-1, max-image-preview:large, max-video-preview:-1\" \/>\n<link rel=\"canonical\" href=\"https:\/\/sleepwellbed.com\/lt\/produktas\/black-continental-tipo-lova-su-8-kojelemis\/\" \/>\n<meta property=\"og:locale\" content=\"lt_LT\" \/>\n<meta property=\"og:type\" content=\"article\" \/>\n<meta property=\"og:title\" content=\"BLACK CONTINENTAL TIPO LOVA (su 8 kojel\u0117mis) - Sleepwell\" \/>\n<meta property=\"og:description\" content=\"Itin patogi lova su trij\u0173 vienas kit\u0105 papildan\u010di\u0173 spyruokli\u0173 sluoksni\u0173 sistema. Ku\u0161e\u010di\u0173 viduje \u201epocket\u201c spyruokli\u0173 blokas remiasi \u012f \u201emini-pocket\u201c spyruokles. Viena spyruoklinio \u010diu\u017einio pus\u0117 i\u0161klota nat\u016braliu lateksu. Kitoje pus\u0117je \u2013 \u201eTiger Touch\u201c porolonas, kuris yra naujausias sprendimas med\u017eiag\u0173 pramon\u0117je.Galima pasirinkti mink\u0161t\u0105 arba kiet\u0105 spyruoklin\u012f \u010diu\u017ein\u012f.BLACK gamini\u0173 serija si\u016blo plat\u0173 apmu\u0161al\u0173 audini\u0173 pasirinkim\u0105, kad lova puikiai der\u0117t\u0173 miegamajame.Trys vienas kit\u0105 papildantys spyruokli\u0173 sluoksniai \u2013 kiekvieno miego gurmano svajon\u0117.\" \/>\n<meta property=\"og:url\" content=\"https:\/\/sleepwellbed.com\/lt\/produktas\/black-continental-tipo-lova-su-8-kojelemis\/\" \/>\n<meta property=\"og:site_name\" content=\"Sleepwell\" \/>\n<meta property=\"article:modified_time\" content=\"2026-04-12T03:31:25+00:00\" \/>\n<meta property=\"og:image\" content=\"https:\/\/sleepwellbed.com\/wp-content\/uploads\/2025\/11\/BLACK-CONTINENTAL-KONTINENTAALVOODI-8-jalaga-labiloige.png\" \/>\n\t<meta property=\"og:image:width\" content=\"1414\" \/>\n\t<meta property=\"og:image:height\" content=\"1000\" \/>\n\t<meta property=\"og:image:type\" content=\"image\/png\" \/>\n<meta name=\"twitter:card\" content=\"summary_large_image\" \/>\n<meta name=\"twitter:label1\" content=\"Est. reading time\" \/>\n\t<meta name=\"twitter:data1\" content=\"2 minut\u0117s\" \/>\n<script type=\"application\/ld+json\" class=\"yoast-schema-graph\">{\"@context\":\"https:\/\/schema.org\",\"@graph\":[{\"@type\":\"WebPage\",\"@id\":\"https:\/\/sleepwellbed.com\/lt\/produktas\/black-continental-tipo-lova-su-8-kojelemis\/\",\"url\":\"https:\/\/sleepwellbed.com\/lt\/produktas\/black-continental-tipo-lova-su-8-kojelemis\/\",\"name\":\"BLACK CONTINENTAL TIPO LOVA (su 8 kojel\u0117mis) - Sleepwell\",\"isPartOf\":{\"@id\":\"https:\/\/sleepwellbed.com\/#website\"},\"primaryImageOfPage\":{\"@id\":\"https:\/\/sleepwellbed.com\/lt\/produktas\/black-continental-tipo-lova-su-8-kojelemis\/#primaryimage\"},\"image\":{\"@id\":\"https:\/\/sleepwellbed.com\/lt\/produktas\/black-continental-tipo-lova-su-8-kojelemis\/#primaryimage\"},\"thumbnailUrl\":\"https:\/\/sleepwellbed.com\/wp-content\/uploads\/2025\/11\/BLACK-CONTINENTAL-KONTINENTAALVOODI-8-jalaga-labiloige.png\",\"datePublished\":\"2023-01-23T20:45:12+00:00\",\"dateModified\":\"2026-04-12T03:31:25+00:00\",\"breadcrumb\":{\"@id\":\"https:\/\/sleepwellbed.com\/lt\/produktas\/black-continental-tipo-lova-su-8-kojelemis\/#breadcrumb\"},\"inLanguage\":\"lt-LT\",\"potentialAction\":[{\"@type\":\"ReadAction\",\"target\":[\"https:\/\/sleepwellbed.com\/lt\/produktas\/black-continental-tipo-lova-su-8-kojelemis\/\"]}]},{\"@type\":\"ImageObject\",\"inLanguage\":\"lt-LT\",\"@id\":\"https:\/\/sleepwellbed.com\/lt\/produktas\/black-continental-tipo-lova-su-8-kojelemis\/#primaryimage\",\"url\":\"https:\/\/sleepwellbed.com\/wp-content\/uploads\/2025\/11\/BLACK-CONTINENTAL-KONTINENTAALVOODI-8-jalaga-labiloige.png\",\"contentUrl\":\"https:\/\/sleepwellbed.com\/wp-content\/uploads\/2025\/11\/BLACK-CONTINENTAL-KONTINENTAALVOODI-8-jalaga-labiloige.png\",\"width\":1414,\"height\":1000},{\"@type\":\"BreadcrumbList\",\"@id\":\"https:\/\/sleepwellbed.com\/lt\/produktas\/black-continental-tipo-lova-su-8-kojelemis\/#breadcrumb\",\"itemListElement\":[{\"@type\":\"ListItem\",\"position\":1,\"name\":\"Home\",\"item\":\"https:\/\/sleepwellbed.com\/lt\/\"},{\"@type\":\"ListItem\",\"position\":2,\"name\":\"Produktai\",\"item\":\"https:\/\/sleepwellbed.com\/lt\/produktai\/\"},{\"@type\":\"ListItem\",\"position\":3,\"name\":\"BLACK CONTINENTAL TIPO LOVA (su 8 kojel\u0117mis)\"}]},{\"@type\":\"WebSite\",\"@id\":\"https:\/\/sleepwellbed.com\/#website\",\"url\":\"https:\/\/sleepwellbed.com\/\",\"name\":\"Sleepwell\",\"description\":\"\",\"potentialAction\":[{\"@type\":\"SearchAction\",\"target\":{\"@type\":\"EntryPoint\",\"urlTemplate\":\"https:\/\/sleepwellbed.com\/?s={search_term_string}\"},\"query-input\":{\"@type\":\"PropertyValueSpecification\",\"valueRequired\":true,\"valueName\":\"search_term_string\"}}],\"inLanguage\":\"lt-LT\"}]}<\/script>\n<!-- \/ Yoast SEO plugin. -->","yoast_head_json":{"title":"BLACK CONTINENTAL TIPO LOVA (su 8 kojel\u0117mis) - Sleepwell","robots":{"index":"index","follow":"follow","max-snippet":"max-snippet:-1","max-image-preview":"max-image-preview:large","max-video-preview":"max-video-preview:-1"},"canonical":"https:\/\/sleepwellbed.com\/lt\/produktas\/black-continental-tipo-lova-su-8-kojelemis\/","og_locale":"lt_LT","og_type":"article","og_title":"BLACK CONTINENTAL TIPO LOVA (su 8 kojel\u0117mis) - Sleepwell","og_description":"Itin patogi lova su trij\u0173 vienas kit\u0105 papildan\u010di\u0173 spyruokli\u0173 sluoksni\u0173 sistema. Ku\u0161e\u010di\u0173 viduje \u201epocket\u201c spyruokli\u0173 blokas remiasi \u012f \u201emini-pocket\u201c spyruokles. Viena spyruoklinio \u010diu\u017einio pus\u0117 i\u0161klota nat\u016braliu lateksu. Kitoje pus\u0117je \u2013 \u201eTiger Touch\u201c porolonas, kuris yra naujausias sprendimas med\u017eiag\u0173 pramon\u0117je.Galima pasirinkti mink\u0161t\u0105 arba kiet\u0105 spyruoklin\u012f \u010diu\u017ein\u012f.BLACK gamini\u0173 serija si\u016blo plat\u0173 apmu\u0161al\u0173 audini\u0173 pasirinkim\u0105, kad lova puikiai der\u0117t\u0173 miegamajame.Trys vienas kit\u0105 papildantys spyruokli\u0173 sluoksniai \u2013 kiekvieno miego gurmano svajon\u0117.","og_url":"https:\/\/sleepwellbed.com\/lt\/produktas\/black-continental-tipo-lova-su-8-kojelemis\/","og_site_name":"Sleepwell","article_modified_time":"2026-04-12T03:31:25+00:00","og_image":[{"width":1414,"height":1000,"url":"https:\/\/sleepwellbed.com\/wp-content\/uploads\/2025\/11\/BLACK-CONTINENTAL-KONTINENTAALVOODI-8-jalaga-labiloige.png","type":"image\/png"}],"twitter_card":"summary_large_image","twitter_misc":{"Est. reading time":"2 minut\u0117s"},"schema":{"@context":"https:\/\/schema.org","@graph":[{"@type":"WebPage","@id":"https:\/\/sleepwellbed.com\/lt\/produktas\/black-continental-tipo-lova-su-8-kojelemis\/","url":"https:\/\/sleepwellbed.com\/lt\/produktas\/black-continental-tipo-lova-su-8-kojelemis\/","name":"BLACK CONTINENTAL TIPO LOVA (su 8 kojel\u0117mis) - Sleepwell","isPartOf":{"@id":"https:\/\/sleepwellbed.com\/#website"},"primaryImageOfPage":{"@id":"https:\/\/sleepwellbed.com\/lt\/produktas\/black-continental-tipo-lova-su-8-kojelemis\/#primaryimage"},"image":{"@id":"https:\/\/sleepwellbed.com\/lt\/produktas\/black-continental-tipo-lova-su-8-kojelemis\/#primaryimage"},"thumbnailUrl":"https:\/\/sleepwellbed.com\/wp-content\/uploads\/2025\/11\/BLACK-CONTINENTAL-KONTINENTAALVOODI-8-jalaga-labiloige.png","datePublished":"2023-01-23T20:45:12+00:00","dateModified":"2026-04-12T03:31:25+00:00","breadcrumb":{"@id":"https:\/\/sleepwellbed.com\/lt\/produktas\/black-continental-tipo-lova-su-8-kojelemis\/#breadcrumb"},"inLanguage":"lt-LT","potentialAction":[{"@type":"ReadAction","target":["https:\/\/sleepwellbed.com\/lt\/produktas\/black-continental-tipo-lova-su-8-kojelemis\/"]}]},{"@type":"ImageObject","inLanguage":"lt-LT","@id":"https:\/\/sleepwellbed.com\/lt\/produktas\/black-continental-tipo-lova-su-8-kojelemis\/#primaryimage","url":"https:\/\/sleepwellbed.com\/wp-content\/uploads\/2025\/11\/BLACK-CONTINENTAL-KONTINENTAALVOODI-8-jalaga-labiloige.png","contentUrl":"https:\/\/sleepwellbed.com\/wp-content\/uploads\/2025\/11\/BLACK-CONTINENTAL-KONTINENTAALVOODI-8-jalaga-labiloige.png","width":1414,"height":1000},{"@type":"BreadcrumbList","@id":"https:\/\/sleepwellbed.com\/lt\/produktas\/black-continental-tipo-lova-su-8-kojelemis\/#breadcrumb","itemListElement":[{"@type":"ListItem","position":1,"name":"Home","item":"https:\/\/sleepwellbed.com\/lt\/"},{"@type":"ListItem","position":2,"name":"Produktai","item":"https:\/\/sleepwellbed.com\/lt\/produktai\/"},{"@type":"ListItem","position":3,"name":"BLACK CONTINENTAL TIPO LOVA (su 8 kojel\u0117mis)"}]},{"@type":"WebSite","@id":"https:\/\/sleepwellbed.com\/#website","url":"https:\/\/sleepwellbed.com\/","name":"Sleepwell","description":"","potentialAction":[{"@type":"SearchAction","target":{"@type":"EntryPoint","urlTemplate":"https:\/\/sleepwellbed.com\/?s={search_term_string}"},"query-input":{"@type":"PropertyValueSpecification","valueRequired":true,"valueName":"search_term_string"}}],"inLanguage":"lt-LT"}]}},"_links":{"self":[{"href":"https:\/\/sleepwellbed.com\/lt\/wp-json\/wp\/v2\/product\/172274","targetHints":{"allow":["GET"]}}],"collection":[{"href":"https:\/\/sleepwellbed.com\/lt\/wp-json\/wp\/v2\/product"}],"about":[{"href":"https:\/\/sleepwellbed.com\/lt\/wp-json\/wp\/v2\/types\/product"}],"wp:featuredmedia":[{"embeddable":true,"href":"https:\/\/sleepwellbed.com\/lt\/wp-json\/wp\/v2\/media\/564127"}],"wp:attachment":[{"href":"https:\/\/sleepwellbed.com\/lt\/wp-json\/wp\/v2\/media?parent=172274"}],"wp:term":[{"taxonomy":"product_brand","embeddable":true,"href":"https:\/\/sleepwellbed.com\/lt\/wp-json\/wp\/v2\/product_brand?post=172274"},{"taxonomy":"product_cat","embeddable":true,"href":"https:\/\/sleepwellbed.com\/lt\/wp-json\/wp\/v2\/product_cat?post=172274"},{"taxonomy":"product_tag","embeddable":true,"href":"https:\/\/sleepwellbed.com\/lt\/wp-json\/wp\/v2\/product_tag?post=172274"}],"curies":[{"name":"wp","href":"https:\/\/api.w.org\/{rel}","templated":true}]}}