{"id":177266,"date":"2023-01-23T23:20:05","date_gmt":"2023-01-23T21:20:05","guid":{"rendered":"https:\/\/sleepwellbed.com\/product\/red-mootorvoodi\/"},"modified":"2026-04-12T06:31:32","modified_gmt":"2026-04-12T03:31:32","slug":"red-motorine-lova","status":"publish","type":"product","link":"https:\/\/sleepwellbed.com\/lt\/produktas\/red-motorine-lova\/","title":{"rendered":"RED MOTORIN\u0116 LOVA"},"content":{"rendered":"<p>\u012e komplekt\u0105 \u012feina baldiniu audiniu aptrauktas medinis r\u0117mas su varikliu ir pulteliu bei 5 zon\u0173 put\u0173 poliuretano \u010diu\u017einys su \u201epocket\u201c spyruokl\u0117mis. Galima rinktis i\u0161 7 spalv\u0173 baldini\u0173 audini\u0173 (\u201eAVOLA\u201c ir \u201eMANGO\u201c). <br \/>Su specialiu ant\u010diu\u017einiu i\u0161 dviej\u0173 motorini\u0173 lov\u0173 galima suformuoti didesn\u0119 160&#215;200 arba 180&#215;200 dyd\u017eio lov\u0105.<br \/><strong>Ant\u010diu\u017einis ir kojel\u0117s \u012f rinkin\u012f ne\u012feina, juos reikia u\u017esakyti atskirai.<br \/><\/strong>Taip pat galima u\u017esisakyti to paties audinio galv\u016bgal\u012f ir \u0161onines ki\u0161enes, kuriose patogu laikyti \u017eurnalus, televizoriaus pultel\u012f ir kt.<\/p>\n<p><strong>Put\u0173 poliuretanas yra patvirtintas Estijos alergijos asociacijos. Sleepwell gamini\u0173 audiniai, medviln\u0117, vilna ir vatinas atitinka tarptautin\u012f \u201e\u00d6ko-Tex 100\u201c standart\u0105.<\/strong><\/p>\n","protected":false},"excerpt":{"rendered":"<p>Reguliuojama 5 zon\u0173 lova su \u201epocket\u201c spyruokl\u0117mis.<\/p>\n<p>Galima rinktis i\u0161 7 baldini\u0173 audini\u0173 spalv\u0173 (\u201eAVOLA\u201c ir \u201eMANGO\u201c).<\/p>\n","protected":false},"featured_media":564132,"template":"","meta":{"_acf_changed":false},"product_brand":[],"product_cat":[1023],"product_tag":[1024],"class_list":{"0":"post-177266","1":"product","2":"type-product","3":"status-publish","4":"has-post-thumbnail","6":"product_cat-continental-tipo-lovos","7":"product_tag-red-lt","8":"description-off","10":"first","11":"outofstock","12":"sale","13":"taxable","14":"shipping-taxable","15":"purchasable","16":"product-type-variable"},"acf":[],"yoast_head":"<!-- This site is optimized with the Yoast SEO plugin v27.0 - https:\/\/yoast.com\/product\/yoast-seo-wordpress\/ -->\n<title>RED MOTORIN\u0116 LOVA - Sleepwell<\/title>\n<meta name=\"robots\" content=\"index, follow, max-snippet:-1, max-image-preview:large, max-video-preview:-1\" \/>\n<link rel=\"canonical\" href=\"https:\/\/sleepwellbed.com\/lt\/produktas\/red-motorine-lova\/\" \/>\n<meta property=\"og:locale\" content=\"lt_LT\" \/>\n<meta property=\"og:type\" content=\"article\" \/>\n<meta property=\"og:title\" content=\"RED MOTORIN\u0116 LOVA - Sleepwell\" \/>\n<meta property=\"og:description\" content=\"Reguliuojama 5 zon\u0173 lova su \u201epocket\u201c spyruokl\u0117mis.Galima rinktis i\u0161 7 baldini\u0173 audini\u0173 spalv\u0173 (\u201eAVOLA\u201c ir \u201eMANGO\u201c).\" \/>\n<meta property=\"og:url\" content=\"https:\/\/sleepwellbed.com\/lt\/produktas\/red-motorine-lova\/\" \/>\n<meta property=\"og:site_name\" content=\"Sleepwell\" \/>\n<meta property=\"article:modified_time\" content=\"2026-04-12T03:31:32+00:00\" \/>\n<meta property=\"og:image\" content=\"https:\/\/sleepwellbed.com\/wp-content\/uploads\/2025\/11\/RED-MOOTORVOODI-160-labiloige.png\" \/>\n\t<meta property=\"og:image:width\" content=\"1414\" \/>\n\t<meta property=\"og:image:height\" content=\"1000\" \/>\n\t<meta property=\"og:image:type\" content=\"image\/png\" \/>\n<meta name=\"twitter:card\" content=\"summary_large_image\" \/>\n<meta name=\"twitter:label1\" content=\"Est. reading time\" \/>\n\t<meta name=\"twitter:data1\" content=\"1 minut\u0117\" \/>\n<script type=\"application\/ld+json\" class=\"yoast-schema-graph\">{\"@context\":\"https:\/\/schema.org\",\"@graph\":[{\"@type\":\"WebPage\",\"@id\":\"https:\/\/sleepwellbed.com\/lt\/produktas\/red-motorine-lova\/\",\"url\":\"https:\/\/sleepwellbed.com\/lt\/produktas\/red-motorine-lova\/\",\"name\":\"RED MOTORIN\u0116 LOVA - Sleepwell\",\"isPartOf\":{\"@id\":\"https:\/\/sleepwellbed.com\/#website\"},\"primaryImageOfPage\":{\"@id\":\"https:\/\/sleepwellbed.com\/lt\/produktas\/red-motorine-lova\/#primaryimage\"},\"image\":{\"@id\":\"https:\/\/sleepwellbed.com\/lt\/produktas\/red-motorine-lova\/#primaryimage\"},\"thumbnailUrl\":\"https:\/\/sleepwellbed.com\/wp-content\/uploads\/2025\/11\/RED-MOOTORVOODI-160-labiloige.png\",\"datePublished\":\"2023-01-23T21:20:05+00:00\",\"dateModified\":\"2026-04-12T03:31:32+00:00\",\"breadcrumb\":{\"@id\":\"https:\/\/sleepwellbed.com\/lt\/produktas\/red-motorine-lova\/#breadcrumb\"},\"inLanguage\":\"lt-LT\",\"potentialAction\":[{\"@type\":\"ReadAction\",\"target\":[\"https:\/\/sleepwellbed.com\/lt\/produktas\/red-motorine-lova\/\"]}]},{\"@type\":\"ImageObject\",\"inLanguage\":\"lt-LT\",\"@id\":\"https:\/\/sleepwellbed.com\/lt\/produktas\/red-motorine-lova\/#primaryimage\",\"url\":\"https:\/\/sleepwellbed.com\/wp-content\/uploads\/2025\/11\/RED-MOOTORVOODI-160-labiloige.png\",\"contentUrl\":\"https:\/\/sleepwellbed.com\/wp-content\/uploads\/2025\/11\/RED-MOOTORVOODI-160-labiloige.png\",\"width\":1414,\"height\":1000},{\"@type\":\"BreadcrumbList\",\"@id\":\"https:\/\/sleepwellbed.com\/lt\/produktas\/red-motorine-lova\/#breadcrumb\",\"itemListElement\":[{\"@type\":\"ListItem\",\"position\":1,\"name\":\"Home\",\"item\":\"https:\/\/sleepwellbed.com\/lt\/\"},{\"@type\":\"ListItem\",\"position\":2,\"name\":\"Produktai\",\"item\":\"https:\/\/sleepwellbed.com\/lt\/produktai\/\"},{\"@type\":\"ListItem\",\"position\":3,\"name\":\"RED MOTORIN\u0116 LOVA\"}]},{\"@type\":\"WebSite\",\"@id\":\"https:\/\/sleepwellbed.com\/#website\",\"url\":\"https:\/\/sleepwellbed.com\/\",\"name\":\"Sleepwell\",\"description\":\"\",\"potentialAction\":[{\"@type\":\"SearchAction\",\"target\":{\"@type\":\"EntryPoint\",\"urlTemplate\":\"https:\/\/sleepwellbed.com\/?s={search_term_string}\"},\"query-input\":{\"@type\":\"PropertyValueSpecification\",\"valueRequired\":true,\"valueName\":\"search_term_string\"}}],\"inLanguage\":\"lt-LT\"}]}<\/script>\n<!-- \/ Yoast SEO plugin. -->","yoast_head_json":{"title":"RED MOTORIN\u0116 LOVA - Sleepwell","robots":{"index":"index","follow":"follow","max-snippet":"max-snippet:-1","max-image-preview":"max-image-preview:large","max-video-preview":"max-video-preview:-1"},"canonical":"https:\/\/sleepwellbed.com\/lt\/produktas\/red-motorine-lova\/","og_locale":"lt_LT","og_type":"article","og_title":"RED MOTORIN\u0116 LOVA - Sleepwell","og_description":"Reguliuojama 5 zon\u0173 lova su \u201epocket\u201c spyruokl\u0117mis.Galima rinktis i\u0161 7 baldini\u0173 audini\u0173 spalv\u0173 (\u201eAVOLA\u201c ir \u201eMANGO\u201c).","og_url":"https:\/\/sleepwellbed.com\/lt\/produktas\/red-motorine-lova\/","og_site_name":"Sleepwell","article_modified_time":"2026-04-12T03:31:32+00:00","og_image":[{"width":1414,"height":1000,"url":"https:\/\/sleepwellbed.com\/wp-content\/uploads\/2025\/11\/RED-MOOTORVOODI-160-labiloige.png","type":"image\/png"}],"twitter_card":"summary_large_image","twitter_misc":{"Est. reading time":"1 minut\u0117"},"schema":{"@context":"https:\/\/schema.org","@graph":[{"@type":"WebPage","@id":"https:\/\/sleepwellbed.com\/lt\/produktas\/red-motorine-lova\/","url":"https:\/\/sleepwellbed.com\/lt\/produktas\/red-motorine-lova\/","name":"RED MOTORIN\u0116 LOVA - Sleepwell","isPartOf":{"@id":"https:\/\/sleepwellbed.com\/#website"},"primaryImageOfPage":{"@id":"https:\/\/sleepwellbed.com\/lt\/produktas\/red-motorine-lova\/#primaryimage"},"image":{"@id":"https:\/\/sleepwellbed.com\/lt\/produktas\/red-motorine-lova\/#primaryimage"},"thumbnailUrl":"https:\/\/sleepwellbed.com\/wp-content\/uploads\/2025\/11\/RED-MOOTORVOODI-160-labiloige.png","datePublished":"2023-01-23T21:20:05+00:00","dateModified":"2026-04-12T03:31:32+00:00","breadcrumb":{"@id":"https:\/\/sleepwellbed.com\/lt\/produktas\/red-motorine-lova\/#breadcrumb"},"inLanguage":"lt-LT","potentialAction":[{"@type":"ReadAction","target":["https:\/\/sleepwellbed.com\/lt\/produktas\/red-motorine-lova\/"]}]},{"@type":"ImageObject","inLanguage":"lt-LT","@id":"https:\/\/sleepwellbed.com\/lt\/produktas\/red-motorine-lova\/#primaryimage","url":"https:\/\/sleepwellbed.com\/wp-content\/uploads\/2025\/11\/RED-MOOTORVOODI-160-labiloige.png","contentUrl":"https:\/\/sleepwellbed.com\/wp-content\/uploads\/2025\/11\/RED-MOOTORVOODI-160-labiloige.png","width":1414,"height":1000},{"@type":"BreadcrumbList","@id":"https:\/\/sleepwellbed.com\/lt\/produktas\/red-motorine-lova\/#breadcrumb","itemListElement":[{"@type":"ListItem","position":1,"name":"Home","item":"https:\/\/sleepwellbed.com\/lt\/"},{"@type":"ListItem","position":2,"name":"Produktai","item":"https:\/\/sleepwellbed.com\/lt\/produktai\/"},{"@type":"ListItem","position":3,"name":"RED MOTORIN\u0116 LOVA"}]},{"@type":"WebSite","@id":"https:\/\/sleepwellbed.com\/#website","url":"https:\/\/sleepwellbed.com\/","name":"Sleepwell","description":"","potentialAction":[{"@type":"SearchAction","target":{"@type":"EntryPoint","urlTemplate":"https:\/\/sleepwellbed.com\/?s={search_term_string}"},"query-input":{"@type":"PropertyValueSpecification","valueRequired":true,"valueName":"search_term_string"}}],"inLanguage":"lt-LT"}]}},"_links":{"self":[{"href":"https:\/\/sleepwellbed.com\/lt\/wp-json\/wp\/v2\/product\/177266","targetHints":{"allow":["GET"]}}],"collection":[{"href":"https:\/\/sleepwellbed.com\/lt\/wp-json\/wp\/v2\/product"}],"about":[{"href":"https:\/\/sleepwellbed.com\/lt\/wp-json\/wp\/v2\/types\/product"}],"wp:featuredmedia":[{"embeddable":true,"href":"https:\/\/sleepwellbed.com\/lt\/wp-json\/wp\/v2\/media\/564132"}],"wp:attachment":[{"href":"https:\/\/sleepwellbed.com\/lt\/wp-json\/wp\/v2\/media?parent=177266"}],"wp:term":[{"taxonomy":"product_brand","embeddable":true,"href":"https:\/\/sleepwellbed.com\/lt\/wp-json\/wp\/v2\/product_brand?post=177266"},{"taxonomy":"product_cat","embeddable":true,"href":"https:\/\/sleepwellbed.com\/lt\/wp-json\/wp\/v2\/product_cat?post=177266"},{"taxonomy":"product_tag","embeddable":true,"href":"https:\/\/sleepwellbed.com\/lt\/wp-json\/wp\/v2\/product_tag?post=177266"}],"curies":[{"name":"wp","href":"https:\/\/api.w.org\/{rel}","templated":true}]}}