{"id":178282,"date":"2023-01-23T23:40:05","date_gmt":"2023-01-23T21:40:05","guid":{"rendered":"https:\/\/sleepwellbed.com\/product\/red-pocket-storage-kusett\/"},"modified":"2026-04-12T06:31:43","modified_gmt":"2026-04-12T03:31:43","slug":"red-storage-kusete","status":"publish","type":"product","link":"https:\/\/sleepwellbed.com\/lt\/produktas\/red-storage-kusete\/","title":{"rendered":"RED STORAGE KU\u0160ET\u0116"},"content":{"rendered":"<div>Komplekt\u0105 sudaro apatin\u0117 talpi daiktad\u0117\u017e\u0117 ir vir\u0161utin\u0117 ku\u0161et\u0117.<br \/>Su \u201eTiger Touch\u201c put\u0173 poliuretanu, kuris yra naujausias sprendimas med\u017eiag\u0173 pramon\u0117je. Orui pralaidus ir suformuojantis maloniai elasting\u0105, k\u016bn\u0105 palaikant\u012f pagrind\u0105. Papildomo patogumo suteikia ku\u0161et\u0119 dengiantis medviln\u0117s sluoksnis.<\/p>\n<p>Lova turi lengvai ir tyliai varstomus amortizatorius.<br \/>Galima pasirinkti \u201epocket\u201c spyruokli\u0173 kietum\u0105 \u2013 kietas, vidutinio kietumo arba mink\u0161tas.<br \/>I\u0161 plataus audini\u0173 asortimento galima i\u0161sirinkti kiekvienam miegamajam tinkam\u0105 spalv\u0105. Si\u016blomi 14 spalv\u0173 audiniai.<br \/>Galima u\u017esisakyti tokio pat baldinio audinio galv\u016bgal\u012f. Si\u016blomi 14 modeli\u0173 galv\u016bgaliai.<br \/>Kartu galima u\u017esisakyti tokio pat audinio \u0161onines ki\u0161enes, kuriose patogu laikyti \u017eurnalus, televizoriaus pultel\u012f ir kt.<\/p>\n<p><strong>I\u0161 dviej\u0173 ku\u0161e\u010di\u0173 galima suformuoti Continental tipo lov\u0105, kurios plotis b\u016bt\u0173 160 cm arba 180 cm, \u012fsigyjant dvi ku\u0161etes dengiant\u012f vientis\u0105 ant\u010diu\u017ein\u012f.<\/strong> Naudoti ant\u010diu\u017ein\u012f \u201eRed Storage\u201c modelio atveju yra b\u016btina, kad b\u016bt\u0173 u\u017etikrintas miego komfortas ir ilgesnis lovos tarnavimo laikas. Naudojant lov\u0105 be ant\u010diu\u017einio, laikui b\u0117gant ku\u0161e\u010di\u0173 sujungimo vietoje gali atsirasti tarpas, kuriam garantija negalioja. Rekomenduojame naudoti storesnius, bent 4 cm u\u017epildo ant\u010diu\u017einius. <br \/>Galimi matmenys: 80&#215;200, 90&#215;200 ir 120&#215;200.<\/p>\n<p>Sukurta ir pagaminta Estijoje.<br \/><strong>Put\u0173 poliuretanas yra patvirtintas Estijos alergijos asociacijos. Sleepwell gamini\u0173 audiniai, medviln\u0117, vilna ir vatinas atitinka tarptautin\u012f \u201e\u00d6ko-Tex 100\u201c standart\u0105.<\/strong><\/div>\n","protected":false},"excerpt":{"rendered":"<div>Stilingos ir prakti\u0161kos ku\u0161et\u0117s apa\u010dioje yra erdvi daiktad\u0117\u017e\u0117 \u2013 puiki vieta patalynei ir kitiems daiktams laikyti.<\/p>\n<p>Su \u201eTiger Touch\u201c put\u0173 poliuretanu, kuris yra naujausias sprendimas med\u017eiag\u0173 pramon\u0117je. Orui pralaidus ir suformuojantis maloniai elasting\u0105, k\u016bn\u0105 palaikant\u012f pagrind\u0105.<\/p>\n<p>Galima pasirinkti \u201epocket\u201c spyruokli\u0173 kietum\u0105 \u2013 kietas, vidutinio kietumo arba mink\u0161tas.<\/p>\n<p>Galima rinktis i\u0161 14 baldinio audinio spalv\u0173.<\/p><\/div>\n","protected":false},"featured_media":564143,"template":"","meta":{"_acf_changed":false},"product_brand":[],"product_cat":[1023],"product_tag":[1024],"class_list":{"0":"post-178282","1":"product","2":"type-product","3":"status-publish","4":"has-post-thumbnail","6":"product_cat-continental-tipo-lovos","7":"product_tag-red-lt","8":"description-off","10":"first","11":"outofstock","12":"sale","13":"taxable","14":"shipping-taxable","15":"purchasable","16":"product-type-variable"},"acf":[],"yoast_head":"<!-- This site is optimized with the Yoast SEO plugin v27.0 - https:\/\/yoast.com\/product\/yoast-seo-wordpress\/ -->\n<title>RED STORAGE KU\u0160ET\u0116 - Sleepwell<\/title>\n<meta name=\"robots\" content=\"index, follow, max-snippet:-1, max-image-preview:large, max-video-preview:-1\" \/>\n<link rel=\"canonical\" href=\"https:\/\/sleepwellbed.com\/lt\/produktas\/red-storage-kusete\/\" \/>\n<meta property=\"og:locale\" content=\"lt_LT\" \/>\n<meta property=\"og:type\" content=\"article\" \/>\n<meta property=\"og:title\" content=\"RED STORAGE KU\u0160ET\u0116 - Sleepwell\" \/>\n<meta property=\"og:description\" content=\"Stilingos ir prakti\u0161kos ku\u0161et\u0117s apa\u010dioje yra erdvi daiktad\u0117\u017e\u0117 \u2013 puiki vieta patalynei ir kitiems daiktams laikyti.Su \u201eTiger Touch\u201c put\u0173 poliuretanu, kuris yra naujausias sprendimas med\u017eiag\u0173 pramon\u0117je. Orui pralaidus ir suformuojantis maloniai elasting\u0105, k\u016bn\u0105 palaikant\u012f pagrind\u0105.Galima pasirinkti \u201epocket\u201c spyruokli\u0173 kietum\u0105 \u2013 kietas, vidutinio kietumo arba mink\u0161tas.Galima rinktis i\u0161 14 baldinio audinio spalv\u0173.\" \/>\n<meta property=\"og:url\" content=\"https:\/\/sleepwellbed.com\/lt\/produktas\/red-storage-kusete\/\" \/>\n<meta property=\"og:site_name\" content=\"Sleepwell\" \/>\n<meta property=\"article:modified_time\" content=\"2026-04-12T03:31:43+00:00\" \/>\n<meta property=\"og:image\" content=\"https:\/\/sleepwellbed.com\/wp-content\/uploads\/2025\/11\/RED-POCKET-STORAGE-KUSETT-90-labiloige.png\" \/>\n\t<meta property=\"og:image:width\" content=\"1414\" \/>\n\t<meta property=\"og:image:height\" content=\"1000\" \/>\n\t<meta property=\"og:image:type\" content=\"image\/png\" \/>\n<meta name=\"twitter:card\" content=\"summary_large_image\" \/>\n<meta name=\"twitter:label1\" content=\"Est. reading time\" \/>\n\t<meta name=\"twitter:data1\" content=\"1 minut\u0117\" \/>\n<script type=\"application\/ld+json\" class=\"yoast-schema-graph\">{\"@context\":\"https:\/\/schema.org\",\"@graph\":[{\"@type\":\"WebPage\",\"@id\":\"https:\/\/sleepwellbed.com\/lt\/produktas\/red-storage-kusete\/\",\"url\":\"https:\/\/sleepwellbed.com\/lt\/produktas\/red-storage-kusete\/\",\"name\":\"RED STORAGE KU\u0160ET\u0116 - Sleepwell\",\"isPartOf\":{\"@id\":\"https:\/\/sleepwellbed.com\/#website\"},\"primaryImageOfPage\":{\"@id\":\"https:\/\/sleepwellbed.com\/lt\/produktas\/red-storage-kusete\/#primaryimage\"},\"image\":{\"@id\":\"https:\/\/sleepwellbed.com\/lt\/produktas\/red-storage-kusete\/#primaryimage\"},\"thumbnailUrl\":\"https:\/\/sleepwellbed.com\/wp-content\/uploads\/2025\/11\/RED-POCKET-STORAGE-KUSETT-90-labiloige.png\",\"datePublished\":\"2023-01-23T21:40:05+00:00\",\"dateModified\":\"2026-04-12T03:31:43+00:00\",\"breadcrumb\":{\"@id\":\"https:\/\/sleepwellbed.com\/lt\/produktas\/red-storage-kusete\/#breadcrumb\"},\"inLanguage\":\"lt-LT\",\"potentialAction\":[{\"@type\":\"ReadAction\",\"target\":[\"https:\/\/sleepwellbed.com\/lt\/produktas\/red-storage-kusete\/\"]}]},{\"@type\":\"ImageObject\",\"inLanguage\":\"lt-LT\",\"@id\":\"https:\/\/sleepwellbed.com\/lt\/produktas\/red-storage-kusete\/#primaryimage\",\"url\":\"https:\/\/sleepwellbed.com\/wp-content\/uploads\/2025\/11\/RED-POCKET-STORAGE-KUSETT-90-labiloige.png\",\"contentUrl\":\"https:\/\/sleepwellbed.com\/wp-content\/uploads\/2025\/11\/RED-POCKET-STORAGE-KUSETT-90-labiloige.png\",\"width\":1414,\"height\":1000},{\"@type\":\"BreadcrumbList\",\"@id\":\"https:\/\/sleepwellbed.com\/lt\/produktas\/red-storage-kusete\/#breadcrumb\",\"itemListElement\":[{\"@type\":\"ListItem\",\"position\":1,\"name\":\"Home\",\"item\":\"https:\/\/sleepwellbed.com\/lt\/\"},{\"@type\":\"ListItem\",\"position\":2,\"name\":\"Produktai\",\"item\":\"https:\/\/sleepwellbed.com\/lt\/produktai\/\"},{\"@type\":\"ListItem\",\"position\":3,\"name\":\"RED STORAGE KU\u0160ET\u0116\"}]},{\"@type\":\"WebSite\",\"@id\":\"https:\/\/sleepwellbed.com\/#website\",\"url\":\"https:\/\/sleepwellbed.com\/\",\"name\":\"Sleepwell\",\"description\":\"\",\"potentialAction\":[{\"@type\":\"SearchAction\",\"target\":{\"@type\":\"EntryPoint\",\"urlTemplate\":\"https:\/\/sleepwellbed.com\/?s={search_term_string}\"},\"query-input\":{\"@type\":\"PropertyValueSpecification\",\"valueRequired\":true,\"valueName\":\"search_term_string\"}}],\"inLanguage\":\"lt-LT\"}]}<\/script>\n<!-- \/ Yoast SEO plugin. -->","yoast_head_json":{"title":"RED STORAGE KU\u0160ET\u0116 - Sleepwell","robots":{"index":"index","follow":"follow","max-snippet":"max-snippet:-1","max-image-preview":"max-image-preview:large","max-video-preview":"max-video-preview:-1"},"canonical":"https:\/\/sleepwellbed.com\/lt\/produktas\/red-storage-kusete\/","og_locale":"lt_LT","og_type":"article","og_title":"RED STORAGE KU\u0160ET\u0116 - Sleepwell","og_description":"Stilingos ir prakti\u0161kos ku\u0161et\u0117s apa\u010dioje yra erdvi daiktad\u0117\u017e\u0117 \u2013 puiki vieta patalynei ir kitiems daiktams laikyti.Su \u201eTiger Touch\u201c put\u0173 poliuretanu, kuris yra naujausias sprendimas med\u017eiag\u0173 pramon\u0117je. Orui pralaidus ir suformuojantis maloniai elasting\u0105, k\u016bn\u0105 palaikant\u012f pagrind\u0105.Galima pasirinkti \u201epocket\u201c spyruokli\u0173 kietum\u0105 \u2013 kietas, vidutinio kietumo arba mink\u0161tas.Galima rinktis i\u0161 14 baldinio audinio spalv\u0173.","og_url":"https:\/\/sleepwellbed.com\/lt\/produktas\/red-storage-kusete\/","og_site_name":"Sleepwell","article_modified_time":"2026-04-12T03:31:43+00:00","og_image":[{"width":1414,"height":1000,"url":"https:\/\/sleepwellbed.com\/wp-content\/uploads\/2025\/11\/RED-POCKET-STORAGE-KUSETT-90-labiloige.png","type":"image\/png"}],"twitter_card":"summary_large_image","twitter_misc":{"Est. reading time":"1 minut\u0117"},"schema":{"@context":"https:\/\/schema.org","@graph":[{"@type":"WebPage","@id":"https:\/\/sleepwellbed.com\/lt\/produktas\/red-storage-kusete\/","url":"https:\/\/sleepwellbed.com\/lt\/produktas\/red-storage-kusete\/","name":"RED STORAGE KU\u0160ET\u0116 - Sleepwell","isPartOf":{"@id":"https:\/\/sleepwellbed.com\/#website"},"primaryImageOfPage":{"@id":"https:\/\/sleepwellbed.com\/lt\/produktas\/red-storage-kusete\/#primaryimage"},"image":{"@id":"https:\/\/sleepwellbed.com\/lt\/produktas\/red-storage-kusete\/#primaryimage"},"thumbnailUrl":"https:\/\/sleepwellbed.com\/wp-content\/uploads\/2025\/11\/RED-POCKET-STORAGE-KUSETT-90-labiloige.png","datePublished":"2023-01-23T21:40:05+00:00","dateModified":"2026-04-12T03:31:43+00:00","breadcrumb":{"@id":"https:\/\/sleepwellbed.com\/lt\/produktas\/red-storage-kusete\/#breadcrumb"},"inLanguage":"lt-LT","potentialAction":[{"@type":"ReadAction","target":["https:\/\/sleepwellbed.com\/lt\/produktas\/red-storage-kusete\/"]}]},{"@type":"ImageObject","inLanguage":"lt-LT","@id":"https:\/\/sleepwellbed.com\/lt\/produktas\/red-storage-kusete\/#primaryimage","url":"https:\/\/sleepwellbed.com\/wp-content\/uploads\/2025\/11\/RED-POCKET-STORAGE-KUSETT-90-labiloige.png","contentUrl":"https:\/\/sleepwellbed.com\/wp-content\/uploads\/2025\/11\/RED-POCKET-STORAGE-KUSETT-90-labiloige.png","width":1414,"height":1000},{"@type":"BreadcrumbList","@id":"https:\/\/sleepwellbed.com\/lt\/produktas\/red-storage-kusete\/#breadcrumb","itemListElement":[{"@type":"ListItem","position":1,"name":"Home","item":"https:\/\/sleepwellbed.com\/lt\/"},{"@type":"ListItem","position":2,"name":"Produktai","item":"https:\/\/sleepwellbed.com\/lt\/produktai\/"},{"@type":"ListItem","position":3,"name":"RED STORAGE KU\u0160ET\u0116"}]},{"@type":"WebSite","@id":"https:\/\/sleepwellbed.com\/#website","url":"https:\/\/sleepwellbed.com\/","name":"Sleepwell","description":"","potentialAction":[{"@type":"SearchAction","target":{"@type":"EntryPoint","urlTemplate":"https:\/\/sleepwellbed.com\/?s={search_term_string}"},"query-input":{"@type":"PropertyValueSpecification","valueRequired":true,"valueName":"search_term_string"}}],"inLanguage":"lt-LT"}]}},"_links":{"self":[{"href":"https:\/\/sleepwellbed.com\/lt\/wp-json\/wp\/v2\/product\/178282","targetHints":{"allow":["GET"]}}],"collection":[{"href":"https:\/\/sleepwellbed.com\/lt\/wp-json\/wp\/v2\/product"}],"about":[{"href":"https:\/\/sleepwellbed.com\/lt\/wp-json\/wp\/v2\/types\/product"}],"wp:featuredmedia":[{"embeddable":true,"href":"https:\/\/sleepwellbed.com\/lt\/wp-json\/wp\/v2\/media\/564143"}],"wp:attachment":[{"href":"https:\/\/sleepwellbed.com\/lt\/wp-json\/wp\/v2\/media?parent=178282"}],"wp:term":[{"taxonomy":"product_brand","embeddable":true,"href":"https:\/\/sleepwellbed.com\/lt\/wp-json\/wp\/v2\/product_brand?post=178282"},{"taxonomy":"product_cat","embeddable":true,"href":"https:\/\/sleepwellbed.com\/lt\/wp-json\/wp\/v2\/product_cat?post=178282"},{"taxonomy":"product_tag","embeddable":true,"href":"https:\/\/sleepwellbed.com\/lt\/wp-json\/wp\/v2\/product_tag?post=178282"}],"curies":[{"name":"wp","href":"https:\/\/api.w.org\/{rel}","templated":true}]}}