{"id":179982,"date":"2023-01-24T00:40:05","date_gmt":"2023-01-23T22:40:05","guid":{"rendered":"https:\/\/sleepwellbed.com\/product\/tugijalad\/"},"modified":"2026-04-17T04:50:44","modified_gmt":"2026-04-17T01:50:44","slug":"palaikanciosios-kojeles","status":"publish","type":"product","link":"https:\/\/sleepwellbed.com\/lt\/produktas\/palaikanciosios-kojeles\/","title":{"rendered":"PALAIKAN\u010cIOSIOS KOJEL\u0116S"},"content":{"rendered":"<p>Rekomenduojama naudoti r\u0117mams ir lovoms platesniems nei 120cm.<\/p>\n<p><strong>Palaikan\u010diosios kojos auk\u0161tis:<\/strong><br \/>10cm<br \/>15cm<br \/>18cm<br \/>23cm<\/p>\n","protected":false},"excerpt":{"rendered":"<p>Naudojama lovos r\u0117mo palaikymui ir suteikia stabilumo.<\/p>\n","protected":false},"featured_media":564178,"template":"","meta":{"_acf_changed":false},"product_brand":[],"product_cat":[4138],"product_tag":[],"class_list":{"0":"post-179982","1":"product","2":"type-product","3":"status-publish","4":"has-post-thumbnail","6":"product_cat-kojos","7":"description-off","9":"first","10":"outofstock","11":"sale","12":"taxable","13":"shipping-taxable","14":"purchasable","15":"product-type-variable"},"acf":[],"yoast_head":"<!-- This site is optimized with the Yoast SEO plugin v27.0 - https:\/\/yoast.com\/product\/yoast-seo-wordpress\/ -->\n<title>PALAIKAN\u010cIOSIOS KOJEL\u0116S - Sleepwell<\/title>\n<meta name=\"robots\" content=\"index, follow, max-snippet:-1, max-image-preview:large, max-video-preview:-1\" \/>\n<link rel=\"canonical\" href=\"https:\/\/sleepwellbed.com\/lt\/produktas\/palaikanciosios-kojeles\/\" \/>\n<meta property=\"og:locale\" content=\"lt_LT\" \/>\n<meta property=\"og:type\" content=\"article\" \/>\n<meta property=\"og:title\" content=\"PALAIKAN\u010cIOSIOS KOJEL\u0116S - Sleepwell\" \/>\n<meta property=\"og:description\" content=\"Naudojama lovos r\u0117mo palaikymui ir suteikia stabilumo.\" \/>\n<meta property=\"og:url\" content=\"https:\/\/sleepwellbed.com\/lt\/produktas\/palaikanciosios-kojeles\/\" \/>\n<meta property=\"og:site_name\" content=\"Sleepwell\" \/>\n<meta property=\"article:modified_time\" content=\"2026-04-17T01:50:44+00:00\" \/>\n<meta property=\"og:image\" content=\"https:\/\/sleepwellbed.com\/wp-content\/uploads\/2025\/11\/Kuseti-ja-alusraami-tugijalg-metallist.png\" \/>\n\t<meta property=\"og:image:width\" content=\"940\" \/>\n\t<meta property=\"og:image:height\" content=\"788\" \/>\n\t<meta property=\"og:image:type\" content=\"image\/png\" \/>\n<meta name=\"twitter:card\" content=\"summary_large_image\" \/>\n<meta name=\"twitter:label1\" content=\"Est. reading time\" \/>\n\t<meta name=\"twitter:data1\" content=\"1 minut\u0117\" \/>\n<script type=\"application\/ld+json\" class=\"yoast-schema-graph\">{\"@context\":\"https:\/\/schema.org\",\"@graph\":[{\"@type\":\"WebPage\",\"@id\":\"https:\/\/sleepwellbed.com\/lt\/produktas\/palaikanciosios-kojeles\/\",\"url\":\"https:\/\/sleepwellbed.com\/lt\/produktas\/palaikanciosios-kojeles\/\",\"name\":\"PALAIKAN\u010cIOSIOS KOJEL\u0116S - Sleepwell\",\"isPartOf\":{\"@id\":\"https:\/\/sleepwellbed.com\/#website\"},\"primaryImageOfPage\":{\"@id\":\"https:\/\/sleepwellbed.com\/lt\/produktas\/palaikanciosios-kojeles\/#primaryimage\"},\"image\":{\"@id\":\"https:\/\/sleepwellbed.com\/lt\/produktas\/palaikanciosios-kojeles\/#primaryimage\"},\"thumbnailUrl\":\"https:\/\/sleepwellbed.com\/wp-content\/uploads\/2025\/11\/Kuseti-ja-alusraami-tugijalg-metallist.png\",\"datePublished\":\"2023-01-23T22:40:05+00:00\",\"dateModified\":\"2026-04-17T01:50:44+00:00\",\"breadcrumb\":{\"@id\":\"https:\/\/sleepwellbed.com\/lt\/produktas\/palaikanciosios-kojeles\/#breadcrumb\"},\"inLanguage\":\"lt-LT\",\"potentialAction\":[{\"@type\":\"ReadAction\",\"target\":[\"https:\/\/sleepwellbed.com\/lt\/produktas\/palaikanciosios-kojeles\/\"]}]},{\"@type\":\"ImageObject\",\"inLanguage\":\"lt-LT\",\"@id\":\"https:\/\/sleepwellbed.com\/lt\/produktas\/palaikanciosios-kojeles\/#primaryimage\",\"url\":\"https:\/\/sleepwellbed.com\/wp-content\/uploads\/2025\/11\/Kuseti-ja-alusraami-tugijalg-metallist.png\",\"contentUrl\":\"https:\/\/sleepwellbed.com\/wp-content\/uploads\/2025\/11\/Kuseti-ja-alusraami-tugijalg-metallist.png\",\"width\":940,\"height\":788},{\"@type\":\"BreadcrumbList\",\"@id\":\"https:\/\/sleepwellbed.com\/lt\/produktas\/palaikanciosios-kojeles\/#breadcrumb\",\"itemListElement\":[{\"@type\":\"ListItem\",\"position\":1,\"name\":\"Home\",\"item\":\"https:\/\/sleepwellbed.com\/lt\/\"},{\"@type\":\"ListItem\",\"position\":2,\"name\":\"Produktai\",\"item\":\"https:\/\/sleepwellbed.com\/lt\/produktai\/\"},{\"@type\":\"ListItem\",\"position\":3,\"name\":\"PALAIKAN\u010cIOSIOS KOJEL\u0116S\"}]},{\"@type\":\"WebSite\",\"@id\":\"https:\/\/sleepwellbed.com\/#website\",\"url\":\"https:\/\/sleepwellbed.com\/\",\"name\":\"Sleepwell\",\"description\":\"\",\"potentialAction\":[{\"@type\":\"SearchAction\",\"target\":{\"@type\":\"EntryPoint\",\"urlTemplate\":\"https:\/\/sleepwellbed.com\/?s={search_term_string}\"},\"query-input\":{\"@type\":\"PropertyValueSpecification\",\"valueRequired\":true,\"valueName\":\"search_term_string\"}}],\"inLanguage\":\"lt-LT\"}]}<\/script>\n<!-- \/ Yoast SEO plugin. -->","yoast_head_json":{"title":"PALAIKAN\u010cIOSIOS KOJEL\u0116S - Sleepwell","robots":{"index":"index","follow":"follow","max-snippet":"max-snippet:-1","max-image-preview":"max-image-preview:large","max-video-preview":"max-video-preview:-1"},"canonical":"https:\/\/sleepwellbed.com\/lt\/produktas\/palaikanciosios-kojeles\/","og_locale":"lt_LT","og_type":"article","og_title":"PALAIKAN\u010cIOSIOS KOJEL\u0116S - Sleepwell","og_description":"Naudojama lovos r\u0117mo palaikymui ir suteikia stabilumo.","og_url":"https:\/\/sleepwellbed.com\/lt\/produktas\/palaikanciosios-kojeles\/","og_site_name":"Sleepwell","article_modified_time":"2026-04-17T01:50:44+00:00","og_image":[{"width":940,"height":788,"url":"https:\/\/sleepwellbed.com\/wp-content\/uploads\/2025\/11\/Kuseti-ja-alusraami-tugijalg-metallist.png","type":"image\/png"}],"twitter_card":"summary_large_image","twitter_misc":{"Est. reading time":"1 minut\u0117"},"schema":{"@context":"https:\/\/schema.org","@graph":[{"@type":"WebPage","@id":"https:\/\/sleepwellbed.com\/lt\/produktas\/palaikanciosios-kojeles\/","url":"https:\/\/sleepwellbed.com\/lt\/produktas\/palaikanciosios-kojeles\/","name":"PALAIKAN\u010cIOSIOS KOJEL\u0116S - Sleepwell","isPartOf":{"@id":"https:\/\/sleepwellbed.com\/#website"},"primaryImageOfPage":{"@id":"https:\/\/sleepwellbed.com\/lt\/produktas\/palaikanciosios-kojeles\/#primaryimage"},"image":{"@id":"https:\/\/sleepwellbed.com\/lt\/produktas\/palaikanciosios-kojeles\/#primaryimage"},"thumbnailUrl":"https:\/\/sleepwellbed.com\/wp-content\/uploads\/2025\/11\/Kuseti-ja-alusraami-tugijalg-metallist.png","datePublished":"2023-01-23T22:40:05+00:00","dateModified":"2026-04-17T01:50:44+00:00","breadcrumb":{"@id":"https:\/\/sleepwellbed.com\/lt\/produktas\/palaikanciosios-kojeles\/#breadcrumb"},"inLanguage":"lt-LT","potentialAction":[{"@type":"ReadAction","target":["https:\/\/sleepwellbed.com\/lt\/produktas\/palaikanciosios-kojeles\/"]}]},{"@type":"ImageObject","inLanguage":"lt-LT","@id":"https:\/\/sleepwellbed.com\/lt\/produktas\/palaikanciosios-kojeles\/#primaryimage","url":"https:\/\/sleepwellbed.com\/wp-content\/uploads\/2025\/11\/Kuseti-ja-alusraami-tugijalg-metallist.png","contentUrl":"https:\/\/sleepwellbed.com\/wp-content\/uploads\/2025\/11\/Kuseti-ja-alusraami-tugijalg-metallist.png","width":940,"height":788},{"@type":"BreadcrumbList","@id":"https:\/\/sleepwellbed.com\/lt\/produktas\/palaikanciosios-kojeles\/#breadcrumb","itemListElement":[{"@type":"ListItem","position":1,"name":"Home","item":"https:\/\/sleepwellbed.com\/lt\/"},{"@type":"ListItem","position":2,"name":"Produktai","item":"https:\/\/sleepwellbed.com\/lt\/produktai\/"},{"@type":"ListItem","position":3,"name":"PALAIKAN\u010cIOSIOS KOJEL\u0116S"}]},{"@type":"WebSite","@id":"https:\/\/sleepwellbed.com\/#website","url":"https:\/\/sleepwellbed.com\/","name":"Sleepwell","description":"","potentialAction":[{"@type":"SearchAction","target":{"@type":"EntryPoint","urlTemplate":"https:\/\/sleepwellbed.com\/?s={search_term_string}"},"query-input":{"@type":"PropertyValueSpecification","valueRequired":true,"valueName":"search_term_string"}}],"inLanguage":"lt-LT"}]}},"_links":{"self":[{"href":"https:\/\/sleepwellbed.com\/lt\/wp-json\/wp\/v2\/product\/179982","targetHints":{"allow":["GET"]}}],"collection":[{"href":"https:\/\/sleepwellbed.com\/lt\/wp-json\/wp\/v2\/product"}],"about":[{"href":"https:\/\/sleepwellbed.com\/lt\/wp-json\/wp\/v2\/types\/product"}],"wp:featuredmedia":[{"embeddable":true,"href":"https:\/\/sleepwellbed.com\/lt\/wp-json\/wp\/v2\/media\/564178"}],"wp:attachment":[{"href":"https:\/\/sleepwellbed.com\/lt\/wp-json\/wp\/v2\/media?parent=179982"}],"wp:term":[{"taxonomy":"product_brand","embeddable":true,"href":"https:\/\/sleepwellbed.com\/lt\/wp-json\/wp\/v2\/product_brand?post=179982"},{"taxonomy":"product_cat","embeddable":true,"href":"https:\/\/sleepwellbed.com\/lt\/wp-json\/wp\/v2\/product_cat?post=179982"},{"taxonomy":"product_tag","embeddable":true,"href":"https:\/\/sleepwellbed.com\/lt\/wp-json\/wp\/v2\/product_tag?post=179982"}],"curies":[{"name":"wp","href":"https:\/\/api.w.org\/{rel}","templated":true}]}}