{"id":180534,"date":"2023-01-24T01:00:04","date_gmt":"2023-01-23T23:00:04","guid":{"rendered":"https:\/\/sleepwellbed.com\/product\/red-black-plain-kontinentaalvoodi-jalutsikast\/"},"modified":"2026-04-10T08:17:04","modified_gmt":"2026-04-10T05:17:04","slug":"red-black-plain-continental-lovu-patalynes-dezes","status":"publish","type":"product","link":"https:\/\/sleepwellbed.com\/lt\/produktas\/red-black-plain-continental-lovu-patalynes-dezes\/","title":{"rendered":"RED\/BLACK PLAIN CONTINENTAL LOV\u0172 PATALYN\u0116S D\u0116\u017d\u0116S"},"content":{"rendered":"<p><strong>\u0160i patalyn\u0117s d\u0117\u017e\u0117 yra puikiai tinkama s\u0117d\u0117jimui ar daikt\u0173 pasid\u0117jimui. <\/strong><br \/>Ji pasi\u017eymi stipria konstrukcija bei tyliu ir kokybi\u0161ku u\u017esidarymu. <br \/>Yra \u012fvairi\u0173 dyd\u017ei\u0173 120cm, 150cm ir 180cm. <\/p>\n<p><strong>NB! Kojel\u0117s ne\u012fskai\u010diuotos \u012f komplekto kain\u0105!<\/strong><\/p>\n","protected":false},"excerpt":{"rendered":"<p>Patalyn\u0117s d\u0117\u017e\u0117s yra patogi vieta r\u016bbams ar kitiems b\u016btiniems daiktams laikyti.<\/p>\n<p>Yra \u012fvairi\u0173 dyd\u017ei\u0173 \u2013 120, 150 ir 180 cm.<\/p>\n<p>Galimos 14 spalvos.<\/p>\n","protected":false},"featured_media":564181,"template":"","meta":{"_acf_changed":false},"product_brand":[],"product_cat":[1046],"product_tag":[1024],"class_list":{"0":"post-180534","1":"product","2":"type-product","3":"status-publish","4":"has-post-thumbnail","6":"product_cat-galvugaliai","7":"product_tag-red-lt","8":"description-off","10":"first","11":"outofstock","12":"sale","13":"taxable","14":"shipping-taxable","15":"purchasable","16":"product-type-variable"},"acf":[],"yoast_head":"<!-- This site is optimized with the Yoast SEO plugin v27.0 - https:\/\/yoast.com\/product\/yoast-seo-wordpress\/ -->\n<title>RED\/BLACK PLAIN CONTINENTAL LOV\u0172 PATALYN\u0116S D\u0116\u017d\u0116S - Sleepwell<\/title>\n<meta name=\"robots\" content=\"index, follow, max-snippet:-1, max-image-preview:large, max-video-preview:-1\" \/>\n<link rel=\"canonical\" href=\"https:\/\/sleepwellbed.com\/lt\/produktas\/red-black-plain-continental-lovu-patalynes-dezes\/\" \/>\n<meta property=\"og:locale\" content=\"lt_LT\" \/>\n<meta property=\"og:type\" content=\"article\" \/>\n<meta property=\"og:title\" content=\"RED\/BLACK PLAIN CONTINENTAL LOV\u0172 PATALYN\u0116S D\u0116\u017d\u0116S - Sleepwell\" \/>\n<meta property=\"og:description\" content=\"Patalyn\u0117s d\u0117\u017e\u0117s yra patogi vieta r\u016bbams ar kitiems b\u016btiniems daiktams laikyti.Yra \u012fvairi\u0173 dyd\u017ei\u0173 \u2013 120, 150 ir 180 cm.Galimos 14 spalvos.\" \/>\n<meta property=\"og:url\" content=\"https:\/\/sleepwellbed.com\/lt\/produktas\/red-black-plain-continental-lovu-patalynes-dezes\/\" \/>\n<meta property=\"og:site_name\" content=\"Sleepwell\" \/>\n<meta property=\"article:modified_time\" content=\"2026-04-10T05:17:04+00:00\" \/>\n<meta property=\"og:image\" content=\"https:\/\/sleepwellbed.com\/wp-content\/uploads\/2025\/11\/Plain.png\" \/>\n\t<meta property=\"og:image:width\" content=\"1414\" \/>\n\t<meta property=\"og:image:height\" content=\"1000\" \/>\n\t<meta property=\"og:image:type\" content=\"image\/png\" \/>\n<meta name=\"twitter:card\" content=\"summary_large_image\" \/>\n<meta name=\"twitter:label1\" content=\"Est. reading time\" \/>\n\t<meta name=\"twitter:data1\" content=\"1 minut\u0117\" \/>\n<script type=\"application\/ld+json\" class=\"yoast-schema-graph\">{\"@context\":\"https:\/\/schema.org\",\"@graph\":[{\"@type\":\"WebPage\",\"@id\":\"https:\/\/sleepwellbed.com\/lt\/produktas\/red-black-plain-continental-lovu-patalynes-dezes\/\",\"url\":\"https:\/\/sleepwellbed.com\/lt\/produktas\/red-black-plain-continental-lovu-patalynes-dezes\/\",\"name\":\"RED\/BLACK PLAIN CONTINENTAL LOV\u0172 PATALYN\u0116S D\u0116\u017d\u0116S - Sleepwell\",\"isPartOf\":{\"@id\":\"https:\/\/sleepwellbed.com\/#website\"},\"primaryImageOfPage\":{\"@id\":\"https:\/\/sleepwellbed.com\/lt\/produktas\/red-black-plain-continental-lovu-patalynes-dezes\/#primaryimage\"},\"image\":{\"@id\":\"https:\/\/sleepwellbed.com\/lt\/produktas\/red-black-plain-continental-lovu-patalynes-dezes\/#primaryimage\"},\"thumbnailUrl\":\"https:\/\/sleepwellbed.com\/wp-content\/uploads\/2025\/11\/Plain.png\",\"datePublished\":\"2023-01-23T23:00:04+00:00\",\"dateModified\":\"2026-04-10T05:17:04+00:00\",\"breadcrumb\":{\"@id\":\"https:\/\/sleepwellbed.com\/lt\/produktas\/red-black-plain-continental-lovu-patalynes-dezes\/#breadcrumb\"},\"inLanguage\":\"lt-LT\",\"potentialAction\":[{\"@type\":\"ReadAction\",\"target\":[\"https:\/\/sleepwellbed.com\/lt\/produktas\/red-black-plain-continental-lovu-patalynes-dezes\/\"]}]},{\"@type\":\"ImageObject\",\"inLanguage\":\"lt-LT\",\"@id\":\"https:\/\/sleepwellbed.com\/lt\/produktas\/red-black-plain-continental-lovu-patalynes-dezes\/#primaryimage\",\"url\":\"https:\/\/sleepwellbed.com\/wp-content\/uploads\/2025\/11\/Plain.png\",\"contentUrl\":\"https:\/\/sleepwellbed.com\/wp-content\/uploads\/2025\/11\/Plain.png\",\"width\":1414,\"height\":1000},{\"@type\":\"BreadcrumbList\",\"@id\":\"https:\/\/sleepwellbed.com\/lt\/produktas\/red-black-plain-continental-lovu-patalynes-dezes\/#breadcrumb\",\"itemListElement\":[{\"@type\":\"ListItem\",\"position\":1,\"name\":\"Home\",\"item\":\"https:\/\/sleepwellbed.com\/lt\/\"},{\"@type\":\"ListItem\",\"position\":2,\"name\":\"Produktai\",\"item\":\"https:\/\/sleepwellbed.com\/lt\/produktai\/\"},{\"@type\":\"ListItem\",\"position\":3,\"name\":\"RED\/BLACK PLAIN CONTINENTAL LOV\u0172 PATALYN\u0116S D\u0116\u017d\u0116S\"}]},{\"@type\":\"WebSite\",\"@id\":\"https:\/\/sleepwellbed.com\/#website\",\"url\":\"https:\/\/sleepwellbed.com\/\",\"name\":\"Sleepwell\",\"description\":\"\",\"potentialAction\":[{\"@type\":\"SearchAction\",\"target\":{\"@type\":\"EntryPoint\",\"urlTemplate\":\"https:\/\/sleepwellbed.com\/?s={search_term_string}\"},\"query-input\":{\"@type\":\"PropertyValueSpecification\",\"valueRequired\":true,\"valueName\":\"search_term_string\"}}],\"inLanguage\":\"lt-LT\"}]}<\/script>\n<!-- \/ Yoast SEO plugin. -->","yoast_head_json":{"title":"RED\/BLACK PLAIN CONTINENTAL LOV\u0172 PATALYN\u0116S D\u0116\u017d\u0116S - Sleepwell","robots":{"index":"index","follow":"follow","max-snippet":"max-snippet:-1","max-image-preview":"max-image-preview:large","max-video-preview":"max-video-preview:-1"},"canonical":"https:\/\/sleepwellbed.com\/lt\/produktas\/red-black-plain-continental-lovu-patalynes-dezes\/","og_locale":"lt_LT","og_type":"article","og_title":"RED\/BLACK PLAIN CONTINENTAL LOV\u0172 PATALYN\u0116S D\u0116\u017d\u0116S - Sleepwell","og_description":"Patalyn\u0117s d\u0117\u017e\u0117s yra patogi vieta r\u016bbams ar kitiems b\u016btiniems daiktams laikyti.Yra \u012fvairi\u0173 dyd\u017ei\u0173 \u2013 120, 150 ir 180 cm.Galimos 14 spalvos.","og_url":"https:\/\/sleepwellbed.com\/lt\/produktas\/red-black-plain-continental-lovu-patalynes-dezes\/","og_site_name":"Sleepwell","article_modified_time":"2026-04-10T05:17:04+00:00","og_image":[{"width":1414,"height":1000,"url":"https:\/\/sleepwellbed.com\/wp-content\/uploads\/2025\/11\/Plain.png","type":"image\/png"}],"twitter_card":"summary_large_image","twitter_misc":{"Est. reading time":"1 minut\u0117"},"schema":{"@context":"https:\/\/schema.org","@graph":[{"@type":"WebPage","@id":"https:\/\/sleepwellbed.com\/lt\/produktas\/red-black-plain-continental-lovu-patalynes-dezes\/","url":"https:\/\/sleepwellbed.com\/lt\/produktas\/red-black-plain-continental-lovu-patalynes-dezes\/","name":"RED\/BLACK PLAIN CONTINENTAL LOV\u0172 PATALYN\u0116S D\u0116\u017d\u0116S - Sleepwell","isPartOf":{"@id":"https:\/\/sleepwellbed.com\/#website"},"primaryImageOfPage":{"@id":"https:\/\/sleepwellbed.com\/lt\/produktas\/red-black-plain-continental-lovu-patalynes-dezes\/#primaryimage"},"image":{"@id":"https:\/\/sleepwellbed.com\/lt\/produktas\/red-black-plain-continental-lovu-patalynes-dezes\/#primaryimage"},"thumbnailUrl":"https:\/\/sleepwellbed.com\/wp-content\/uploads\/2025\/11\/Plain.png","datePublished":"2023-01-23T23:00:04+00:00","dateModified":"2026-04-10T05:17:04+00:00","breadcrumb":{"@id":"https:\/\/sleepwellbed.com\/lt\/produktas\/red-black-plain-continental-lovu-patalynes-dezes\/#breadcrumb"},"inLanguage":"lt-LT","potentialAction":[{"@type":"ReadAction","target":["https:\/\/sleepwellbed.com\/lt\/produktas\/red-black-plain-continental-lovu-patalynes-dezes\/"]}]},{"@type":"ImageObject","inLanguage":"lt-LT","@id":"https:\/\/sleepwellbed.com\/lt\/produktas\/red-black-plain-continental-lovu-patalynes-dezes\/#primaryimage","url":"https:\/\/sleepwellbed.com\/wp-content\/uploads\/2025\/11\/Plain.png","contentUrl":"https:\/\/sleepwellbed.com\/wp-content\/uploads\/2025\/11\/Plain.png","width":1414,"height":1000},{"@type":"BreadcrumbList","@id":"https:\/\/sleepwellbed.com\/lt\/produktas\/red-black-plain-continental-lovu-patalynes-dezes\/#breadcrumb","itemListElement":[{"@type":"ListItem","position":1,"name":"Home","item":"https:\/\/sleepwellbed.com\/lt\/"},{"@type":"ListItem","position":2,"name":"Produktai","item":"https:\/\/sleepwellbed.com\/lt\/produktai\/"},{"@type":"ListItem","position":3,"name":"RED\/BLACK PLAIN CONTINENTAL LOV\u0172 PATALYN\u0116S D\u0116\u017d\u0116S"}]},{"@type":"WebSite","@id":"https:\/\/sleepwellbed.com\/#website","url":"https:\/\/sleepwellbed.com\/","name":"Sleepwell","description":"","potentialAction":[{"@type":"SearchAction","target":{"@type":"EntryPoint","urlTemplate":"https:\/\/sleepwellbed.com\/?s={search_term_string}"},"query-input":{"@type":"PropertyValueSpecification","valueRequired":true,"valueName":"search_term_string"}}],"inLanguage":"lt-LT"}]}},"_links":{"self":[{"href":"https:\/\/sleepwellbed.com\/lt\/wp-json\/wp\/v2\/product\/180534","targetHints":{"allow":["GET"]}}],"collection":[{"href":"https:\/\/sleepwellbed.com\/lt\/wp-json\/wp\/v2\/product"}],"about":[{"href":"https:\/\/sleepwellbed.com\/lt\/wp-json\/wp\/v2\/types\/product"}],"wp:featuredmedia":[{"embeddable":true,"href":"https:\/\/sleepwellbed.com\/lt\/wp-json\/wp\/v2\/media\/564181"}],"wp:attachment":[{"href":"https:\/\/sleepwellbed.com\/lt\/wp-json\/wp\/v2\/media?parent=180534"}],"wp:term":[{"taxonomy":"product_brand","embeddable":true,"href":"https:\/\/sleepwellbed.com\/lt\/wp-json\/wp\/v2\/product_brand?post=180534"},{"taxonomy":"product_cat","embeddable":true,"href":"https:\/\/sleepwellbed.com\/lt\/wp-json\/wp\/v2\/product_cat?post=180534"},{"taxonomy":"product_tag","embeddable":true,"href":"https:\/\/sleepwellbed.com\/lt\/wp-json\/wp\/v2\/product_tag?post=180534"}],"curies":[{"name":"wp","href":"https:\/\/api.w.org\/{rel}","templated":true}]}}