{"id":181598,"date":"2023-01-24T01:20:04","date_gmt":"2023-01-23T23:20:04","guid":{"rendered":"https:\/\/sleepwellbed.com\/product\/blue-pocket-vedrumadrats\/"},"modified":"2026-04-10T08:17:10","modified_gmt":"2026-04-10T05:17:10","slug":"blue-pocket-spyruoklinis-ciuzinys","status":"publish","type":"product","link":"https:\/\/sleepwellbed.com\/lt\/produktas\/blue-pocket-spyruoklinis-ciuzinys\/","title":{"rendered":"BLUE POCKET SPYRUOKLINIS \u010cIU\u017dINYS"},"content":{"rendered":"<p>Vidutinis spyruoklinis \u010diu\u017einys, i\u0161 abiej\u0173 pusi\u0173 padengtas auk\u0161tos kokyb\u0117s put\u0173 poliuretanu.<br \/>\u0160viesus \u010diu\u017einio u\u017evalkalas pagamintas i\u0161 mink\u0161to, odai malonaus ir orui pralaidaus tampraus audinio, kur\u012f galima lengvai nuimti atsegus u\u017etrauktuk\u0105 ir skalbti iki 4<strong>0 laipsni\u0173 temperat\u016bros vandenyje.<\/strong><\/p>\n<p>Galimi matmenys: 80&#215;200, 90&#215;200, 120&#215;200, 140&#215;200, 160&#215;200 ir 180&#215;200.<br \/>\u010ciu\u017einiui taip pat reikalingas Sleepwell ant\u010diu\u017einis, kuris suteikia papildomo komforto, apsaugo \u010diu\u017ein\u012f, pailgina jo naudojimo laik\u0105 ir pagerina lovos higien\u0105.<\/p>\n<p>Sukurta ir pagaminta Estijoje.<br \/><strong>Sleepwell gamini\u0173 audiniai, medviln\u0117, vilna ir vatinas atitinka tarptautin\u012f \u201e\u00d6ko-Tex 100\u201c standart\u0105.<\/strong><\/p>\n","protected":false},"excerpt":{"rendered":"<p>Vidutinis spyruoklinis \u010diu\u017einys.<\/p>\n<p>Pamink\u0161tintas auk\u0161tos kokyb\u0117s put\u0173 poliuretanu.<\/p>\n<p>\u010ciu\u017einio u\u017evalkal\u0105 galima skalbti iki 40 laipsni\u0173 temperat\u016bros vandenyje.<\/p>\n","protected":false},"featured_media":564186,"template":"","meta":{"_acf_changed":false},"product_brand":[],"product_cat":[966],"product_tag":[967],"class_list":{"0":"post-181598","1":"product","2":"type-product","3":"status-publish","4":"has-post-thumbnail","6":"product_cat-spyruokliniai-ciuziniai","7":"product_tag-blue-lt","8":"description-off","10":"first","11":"outofstock","12":"sale","13":"taxable","14":"shipping-taxable","15":"purchasable","16":"product-type-variable"},"acf":[],"yoast_head":"<!-- This site is optimized with the Yoast SEO plugin v27.0 - https:\/\/yoast.com\/product\/yoast-seo-wordpress\/ -->\n<title>BLUE POCKET SPYRUOKLINIS \u010cIU\u017dINYS - Sleepwell<\/title>\n<meta name=\"robots\" content=\"index, follow, max-snippet:-1, max-image-preview:large, max-video-preview:-1\" \/>\n<link rel=\"canonical\" href=\"https:\/\/sleepwellbed.com\/lt\/produktas\/blue-pocket-spyruoklinis-ciuzinys\/\" \/>\n<meta property=\"og:locale\" content=\"lt_LT\" \/>\n<meta property=\"og:type\" content=\"article\" \/>\n<meta property=\"og:title\" content=\"BLUE POCKET SPYRUOKLINIS \u010cIU\u017dINYS - Sleepwell\" \/>\n<meta property=\"og:description\" content=\"Vidutinis spyruoklinis \u010diu\u017einys.Pamink\u0161tintas auk\u0161tos kokyb\u0117s put\u0173 poliuretanu.\u010ciu\u017einio u\u017evalkal\u0105 galima skalbti iki 40 laipsni\u0173 temperat\u016bros vandenyje.\" \/>\n<meta property=\"og:url\" content=\"https:\/\/sleepwellbed.com\/lt\/produktas\/blue-pocket-spyruoklinis-ciuzinys\/\" \/>\n<meta property=\"og:site_name\" content=\"Sleepwell\" \/>\n<meta property=\"article:modified_time\" content=\"2026-04-10T05:17:10+00:00\" \/>\n<meta property=\"og:image\" content=\"https:\/\/sleepwellbed.com\/wp-content\/uploads\/2025\/11\/BLUE-POCKET-160-labiloige.png\" \/>\n\t<meta property=\"og:image:width\" content=\"1414\" \/>\n\t<meta property=\"og:image:height\" content=\"1000\" \/>\n\t<meta property=\"og:image:type\" content=\"image\/png\" \/>\n<meta name=\"twitter:card\" content=\"summary_large_image\" \/>\n<meta name=\"twitter:label1\" content=\"Est. reading time\" \/>\n\t<meta name=\"twitter:data1\" content=\"1 minut\u0117\" \/>\n<script type=\"application\/ld+json\" class=\"yoast-schema-graph\">{\"@context\":\"https:\/\/schema.org\",\"@graph\":[{\"@type\":\"WebPage\",\"@id\":\"https:\/\/sleepwellbed.com\/lt\/produktas\/blue-pocket-spyruoklinis-ciuzinys\/\",\"url\":\"https:\/\/sleepwellbed.com\/lt\/produktas\/blue-pocket-spyruoklinis-ciuzinys\/\",\"name\":\"BLUE POCKET SPYRUOKLINIS \u010cIU\u017dINYS - Sleepwell\",\"isPartOf\":{\"@id\":\"https:\/\/sleepwellbed.com\/#website\"},\"primaryImageOfPage\":{\"@id\":\"https:\/\/sleepwellbed.com\/lt\/produktas\/blue-pocket-spyruoklinis-ciuzinys\/#primaryimage\"},\"image\":{\"@id\":\"https:\/\/sleepwellbed.com\/lt\/produktas\/blue-pocket-spyruoklinis-ciuzinys\/#primaryimage\"},\"thumbnailUrl\":\"https:\/\/sleepwellbed.com\/wp-content\/uploads\/2025\/11\/BLUE-POCKET-160-labiloige.png\",\"datePublished\":\"2023-01-23T23:20:04+00:00\",\"dateModified\":\"2026-04-10T05:17:10+00:00\",\"breadcrumb\":{\"@id\":\"https:\/\/sleepwellbed.com\/lt\/produktas\/blue-pocket-spyruoklinis-ciuzinys\/#breadcrumb\"},\"inLanguage\":\"lt-LT\",\"potentialAction\":[{\"@type\":\"ReadAction\",\"target\":[\"https:\/\/sleepwellbed.com\/lt\/produktas\/blue-pocket-spyruoklinis-ciuzinys\/\"]}]},{\"@type\":\"ImageObject\",\"inLanguage\":\"lt-LT\",\"@id\":\"https:\/\/sleepwellbed.com\/lt\/produktas\/blue-pocket-spyruoklinis-ciuzinys\/#primaryimage\",\"url\":\"https:\/\/sleepwellbed.com\/wp-content\/uploads\/2025\/11\/BLUE-POCKET-160-labiloige.png\",\"contentUrl\":\"https:\/\/sleepwellbed.com\/wp-content\/uploads\/2025\/11\/BLUE-POCKET-160-labiloige.png\",\"width\":1414,\"height\":1000},{\"@type\":\"BreadcrumbList\",\"@id\":\"https:\/\/sleepwellbed.com\/lt\/produktas\/blue-pocket-spyruoklinis-ciuzinys\/#breadcrumb\",\"itemListElement\":[{\"@type\":\"ListItem\",\"position\":1,\"name\":\"Home\",\"item\":\"https:\/\/sleepwellbed.com\/lt\/\"},{\"@type\":\"ListItem\",\"position\":2,\"name\":\"Produktai\",\"item\":\"https:\/\/sleepwellbed.com\/lt\/produktai\/\"},{\"@type\":\"ListItem\",\"position\":3,\"name\":\"BLUE POCKET SPYRUOKLINIS \u010cIU\u017dINYS\"}]},{\"@type\":\"WebSite\",\"@id\":\"https:\/\/sleepwellbed.com\/#website\",\"url\":\"https:\/\/sleepwellbed.com\/\",\"name\":\"Sleepwell\",\"description\":\"\",\"potentialAction\":[{\"@type\":\"SearchAction\",\"target\":{\"@type\":\"EntryPoint\",\"urlTemplate\":\"https:\/\/sleepwellbed.com\/?s={search_term_string}\"},\"query-input\":{\"@type\":\"PropertyValueSpecification\",\"valueRequired\":true,\"valueName\":\"search_term_string\"}}],\"inLanguage\":\"lt-LT\"}]}<\/script>\n<!-- \/ Yoast SEO plugin. -->","yoast_head_json":{"title":"BLUE POCKET SPYRUOKLINIS \u010cIU\u017dINYS - Sleepwell","robots":{"index":"index","follow":"follow","max-snippet":"max-snippet:-1","max-image-preview":"max-image-preview:large","max-video-preview":"max-video-preview:-1"},"canonical":"https:\/\/sleepwellbed.com\/lt\/produktas\/blue-pocket-spyruoklinis-ciuzinys\/","og_locale":"lt_LT","og_type":"article","og_title":"BLUE POCKET SPYRUOKLINIS \u010cIU\u017dINYS - Sleepwell","og_description":"Vidutinis spyruoklinis \u010diu\u017einys.Pamink\u0161tintas auk\u0161tos kokyb\u0117s put\u0173 poliuretanu.\u010ciu\u017einio u\u017evalkal\u0105 galima skalbti iki 40 laipsni\u0173 temperat\u016bros vandenyje.","og_url":"https:\/\/sleepwellbed.com\/lt\/produktas\/blue-pocket-spyruoklinis-ciuzinys\/","og_site_name":"Sleepwell","article_modified_time":"2026-04-10T05:17:10+00:00","og_image":[{"width":1414,"height":1000,"url":"https:\/\/sleepwellbed.com\/wp-content\/uploads\/2025\/11\/BLUE-POCKET-160-labiloige.png","type":"image\/png"}],"twitter_card":"summary_large_image","twitter_misc":{"Est. reading time":"1 minut\u0117"},"schema":{"@context":"https:\/\/schema.org","@graph":[{"@type":"WebPage","@id":"https:\/\/sleepwellbed.com\/lt\/produktas\/blue-pocket-spyruoklinis-ciuzinys\/","url":"https:\/\/sleepwellbed.com\/lt\/produktas\/blue-pocket-spyruoklinis-ciuzinys\/","name":"BLUE POCKET SPYRUOKLINIS \u010cIU\u017dINYS - Sleepwell","isPartOf":{"@id":"https:\/\/sleepwellbed.com\/#website"},"primaryImageOfPage":{"@id":"https:\/\/sleepwellbed.com\/lt\/produktas\/blue-pocket-spyruoklinis-ciuzinys\/#primaryimage"},"image":{"@id":"https:\/\/sleepwellbed.com\/lt\/produktas\/blue-pocket-spyruoklinis-ciuzinys\/#primaryimage"},"thumbnailUrl":"https:\/\/sleepwellbed.com\/wp-content\/uploads\/2025\/11\/BLUE-POCKET-160-labiloige.png","datePublished":"2023-01-23T23:20:04+00:00","dateModified":"2026-04-10T05:17:10+00:00","breadcrumb":{"@id":"https:\/\/sleepwellbed.com\/lt\/produktas\/blue-pocket-spyruoklinis-ciuzinys\/#breadcrumb"},"inLanguage":"lt-LT","potentialAction":[{"@type":"ReadAction","target":["https:\/\/sleepwellbed.com\/lt\/produktas\/blue-pocket-spyruoklinis-ciuzinys\/"]}]},{"@type":"ImageObject","inLanguage":"lt-LT","@id":"https:\/\/sleepwellbed.com\/lt\/produktas\/blue-pocket-spyruoklinis-ciuzinys\/#primaryimage","url":"https:\/\/sleepwellbed.com\/wp-content\/uploads\/2025\/11\/BLUE-POCKET-160-labiloige.png","contentUrl":"https:\/\/sleepwellbed.com\/wp-content\/uploads\/2025\/11\/BLUE-POCKET-160-labiloige.png","width":1414,"height":1000},{"@type":"BreadcrumbList","@id":"https:\/\/sleepwellbed.com\/lt\/produktas\/blue-pocket-spyruoklinis-ciuzinys\/#breadcrumb","itemListElement":[{"@type":"ListItem","position":1,"name":"Home","item":"https:\/\/sleepwellbed.com\/lt\/"},{"@type":"ListItem","position":2,"name":"Produktai","item":"https:\/\/sleepwellbed.com\/lt\/produktai\/"},{"@type":"ListItem","position":3,"name":"BLUE POCKET SPYRUOKLINIS \u010cIU\u017dINYS"}]},{"@type":"WebSite","@id":"https:\/\/sleepwellbed.com\/#website","url":"https:\/\/sleepwellbed.com\/","name":"Sleepwell","description":"","potentialAction":[{"@type":"SearchAction","target":{"@type":"EntryPoint","urlTemplate":"https:\/\/sleepwellbed.com\/?s={search_term_string}"},"query-input":{"@type":"PropertyValueSpecification","valueRequired":true,"valueName":"search_term_string"}}],"inLanguage":"lt-LT"}]}},"_links":{"self":[{"href":"https:\/\/sleepwellbed.com\/lt\/wp-json\/wp\/v2\/product\/181598","targetHints":{"allow":["GET"]}}],"collection":[{"href":"https:\/\/sleepwellbed.com\/lt\/wp-json\/wp\/v2\/product"}],"about":[{"href":"https:\/\/sleepwellbed.com\/lt\/wp-json\/wp\/v2\/types\/product"}],"wp:featuredmedia":[{"embeddable":true,"href":"https:\/\/sleepwellbed.com\/lt\/wp-json\/wp\/v2\/media\/564186"}],"wp:attachment":[{"href":"https:\/\/sleepwellbed.com\/lt\/wp-json\/wp\/v2\/media?parent=181598"}],"wp:term":[{"taxonomy":"product_brand","embeddable":true,"href":"https:\/\/sleepwellbed.com\/lt\/wp-json\/wp\/v2\/product_brand?post=181598"},{"taxonomy":"product_cat","embeddable":true,"href":"https:\/\/sleepwellbed.com\/lt\/wp-json\/wp\/v2\/product_cat?post=181598"},{"taxonomy":"product_tag","embeddable":true,"href":"https:\/\/sleepwellbed.com\/lt\/wp-json\/wp\/v2\/product_tag?post=181598"}],"curies":[{"name":"wp","href":"https:\/\/api.w.org\/{rel}","templated":true}]}}