{"id":188314,"date":"2023-01-24T03:00:05","date_gmt":"2023-01-24T01:00:05","guid":{"rendered":"https:\/\/sleepwellbed.com\/product\/red-orthopedic-vedrumadrats\/"},"modified":"2026-04-13T04:51:54","modified_gmt":"2026-04-13T01:51:54","slug":"red-orthopedic-spyruoklinis-ciuzinys","status":"publish","type":"product","link":"https:\/\/sleepwellbed.com\/lt\/produktas\/red-orthopedic-spyruoklinis-ciuzinys\/","title":{"rendered":"RED ORTHOPEDIC SPYRUOKLINIS \u010cIU\u017dINYS"},"content":{"rendered":"<div>Vis\u0173, m\u0117gstan\u010di\u0173 miegoti ant kieto pagrindo, svajoni\u0173 \u010diu\u017einys su 5 zon\u0173 \u201epocket\u201c spyruokl\u0117mis.<br \/>Vienoje pus\u0117je yra standus sluoksnis, pagamintas i\u0161 nat\u016bralaus kokos\u0173 pluo\u0161to. Kitoje pus\u0117je \u2013 \u201eTiger Touch\u201c porolonas, kuris yra naujausias sprendimas med\u017eiag\u0173 pramon\u0117je. Pralaidus orui ir suformuojantis maloniai elasting\u0105, k\u016bn\u0105 palaikant\u012f pagrind\u0105.<\/p>\n<p>Nat\u016bralaus bambuko pluo\u0161to audinys gerai praleid\u017eia dr\u0117gm\u0119 ir suma\u017eina prakaitavimo rizik\u0105.<br \/>Galimi matmenys: 80&#215;200, 90&#215;200, 120&#215;200, 140&#215;200, 160&#215;200 ir 180&#215;200.<\/p>\n<p>\u010ciu\u017einiui taip pat reikomenduojamas \u201eSleepwell\u201c ant\u010diu\u017einis, kuris suteikia papildomo komforto, apsaugo \u010diu\u017ein\u012f, pailgina jo naudojimo laik\u0105 ir pagerina lovos higien\u0105.<\/p>\n<p>Sukurta ir pagaminta Estijoje.<br \/>Put\u0173 poliuretanas yra patvirtintas Estijos alergijos asociacijos. Sleepwell gamini\u0173 audiniai, medviln\u0117, vilna ir vatinas atitinka tarptautin\u012f \u201e\u00d6ko-Tex 100\u201c standart\u0105.<\/div>\n","protected":false},"excerpt":{"rendered":"<div>Vienoje pus\u0117je yra standus sluoksnis, pagamintas i\u0161 nat\u016bralaus kokos\u0173 pluo\u0161to.<\/p>\n<p>Kitoje pus\u0117je \u2013 \u201eTiger Touch\u201c porolonas, kuris leid\u017eia laisvai jud\u0117ti orui ir suformuoja maloniai elasting\u0105, k\u016bn\u0105 palaikant\u012f pagrind\u0105.<\/p>\n<p>Nat\u016bralaus bambuko pluo\u0161to audinys gerai praleid\u017eia dr\u0117gm\u0119 ir suma\u017eina prakaitavimo rizik\u0105.<\/p><\/div>\n","protected":false},"featured_media":564210,"template":"","meta":{"_acf_changed":false},"product_brand":[],"product_cat":[966],"product_tag":[1024],"class_list":{"0":"post-188314","1":"product","2":"type-product","3":"status-publish","4":"has-post-thumbnail","6":"product_cat-spyruokliniai-ciuziniai","7":"product_tag-red-lt","8":"description-off","10":"first","11":"outofstock","12":"sale","13":"featured","14":"taxable","15":"shipping-taxable","16":"purchasable","17":"product-type-variable"},"acf":[],"yoast_head":"<!-- This site is optimized with the Yoast SEO plugin v27.0 - https:\/\/yoast.com\/product\/yoast-seo-wordpress\/ -->\n<title>RED ORTHOPEDIC SPYRUOKLINIS \u010cIU\u017dINYS - Sleepwell<\/title>\n<meta name=\"robots\" content=\"index, follow, max-snippet:-1, max-image-preview:large, max-video-preview:-1\" \/>\n<link rel=\"canonical\" href=\"https:\/\/sleepwellbed.com\/lt\/produktas\/red-orthopedic-spyruoklinis-ciuzinys\/\" \/>\n<meta property=\"og:locale\" content=\"lt_LT\" \/>\n<meta property=\"og:type\" content=\"article\" \/>\n<meta property=\"og:title\" content=\"RED ORTHOPEDIC SPYRUOKLINIS \u010cIU\u017dINYS - Sleepwell\" \/>\n<meta property=\"og:description\" content=\"Vienoje pus\u0117je yra standus sluoksnis, pagamintas i\u0161 nat\u016bralaus kokos\u0173 pluo\u0161to.Kitoje pus\u0117je \u2013 \u201eTiger Touch\u201c porolonas, kuris leid\u017eia laisvai jud\u0117ti orui ir suformuoja maloniai elasting\u0105, k\u016bn\u0105 palaikant\u012f pagrind\u0105.Nat\u016bralaus bambuko pluo\u0161to audinys gerai praleid\u017eia dr\u0117gm\u0119 ir suma\u017eina prakaitavimo rizik\u0105.\" \/>\n<meta property=\"og:url\" content=\"https:\/\/sleepwellbed.com\/lt\/produktas\/red-orthopedic-spyruoklinis-ciuzinys\/\" \/>\n<meta property=\"og:site_name\" content=\"Sleepwell\" \/>\n<meta property=\"article:modified_time\" content=\"2026-04-13T01:51:54+00:00\" \/>\n<meta property=\"og:image\" content=\"https:\/\/sleepwellbed.com\/wp-content\/uploads\/2025\/11\/RED-ORTHOPEDIC-160-vedrumadrats-labiloige.png\" \/>\n\t<meta property=\"og:image:width\" content=\"1414\" \/>\n\t<meta property=\"og:image:height\" content=\"1000\" \/>\n\t<meta property=\"og:image:type\" content=\"image\/png\" \/>\n<meta name=\"twitter:card\" content=\"summary_large_image\" \/>\n<meta name=\"twitter:label1\" content=\"Est. reading time\" \/>\n\t<meta name=\"twitter:data1\" content=\"1 minut\u0117\" \/>\n<script type=\"application\/ld+json\" class=\"yoast-schema-graph\">{\"@context\":\"https:\/\/schema.org\",\"@graph\":[{\"@type\":\"WebPage\",\"@id\":\"https:\/\/sleepwellbed.com\/lt\/produktas\/red-orthopedic-spyruoklinis-ciuzinys\/\",\"url\":\"https:\/\/sleepwellbed.com\/lt\/produktas\/red-orthopedic-spyruoklinis-ciuzinys\/\",\"name\":\"RED ORTHOPEDIC SPYRUOKLINIS \u010cIU\u017dINYS - Sleepwell\",\"isPartOf\":{\"@id\":\"https:\/\/sleepwellbed.com\/#website\"},\"primaryImageOfPage\":{\"@id\":\"https:\/\/sleepwellbed.com\/lt\/produktas\/red-orthopedic-spyruoklinis-ciuzinys\/#primaryimage\"},\"image\":{\"@id\":\"https:\/\/sleepwellbed.com\/lt\/produktas\/red-orthopedic-spyruoklinis-ciuzinys\/#primaryimage\"},\"thumbnailUrl\":\"https:\/\/sleepwellbed.com\/wp-content\/uploads\/2025\/11\/RED-ORTHOPEDIC-160-vedrumadrats-labiloige.png\",\"datePublished\":\"2023-01-24T01:00:05+00:00\",\"dateModified\":\"2026-04-13T01:51:54+00:00\",\"breadcrumb\":{\"@id\":\"https:\/\/sleepwellbed.com\/lt\/produktas\/red-orthopedic-spyruoklinis-ciuzinys\/#breadcrumb\"},\"inLanguage\":\"lt-LT\",\"potentialAction\":[{\"@type\":\"ReadAction\",\"target\":[\"https:\/\/sleepwellbed.com\/lt\/produktas\/red-orthopedic-spyruoklinis-ciuzinys\/\"]}]},{\"@type\":\"ImageObject\",\"inLanguage\":\"lt-LT\",\"@id\":\"https:\/\/sleepwellbed.com\/lt\/produktas\/red-orthopedic-spyruoklinis-ciuzinys\/#primaryimage\",\"url\":\"https:\/\/sleepwellbed.com\/wp-content\/uploads\/2025\/11\/RED-ORTHOPEDIC-160-vedrumadrats-labiloige.png\",\"contentUrl\":\"https:\/\/sleepwellbed.com\/wp-content\/uploads\/2025\/11\/RED-ORTHOPEDIC-160-vedrumadrats-labiloige.png\",\"width\":1414,\"height\":1000},{\"@type\":\"BreadcrumbList\",\"@id\":\"https:\/\/sleepwellbed.com\/lt\/produktas\/red-orthopedic-spyruoklinis-ciuzinys\/#breadcrumb\",\"itemListElement\":[{\"@type\":\"ListItem\",\"position\":1,\"name\":\"Home\",\"item\":\"https:\/\/sleepwellbed.com\/lt\/\"},{\"@type\":\"ListItem\",\"position\":2,\"name\":\"Produktai\",\"item\":\"https:\/\/sleepwellbed.com\/lt\/produktai\/\"},{\"@type\":\"ListItem\",\"position\":3,\"name\":\"RED ORTHOPEDIC SPYRUOKLINIS \u010cIU\u017dINYS\"}]},{\"@type\":\"WebSite\",\"@id\":\"https:\/\/sleepwellbed.com\/#website\",\"url\":\"https:\/\/sleepwellbed.com\/\",\"name\":\"Sleepwell\",\"description\":\"\",\"potentialAction\":[{\"@type\":\"SearchAction\",\"target\":{\"@type\":\"EntryPoint\",\"urlTemplate\":\"https:\/\/sleepwellbed.com\/?s={search_term_string}\"},\"query-input\":{\"@type\":\"PropertyValueSpecification\",\"valueRequired\":true,\"valueName\":\"search_term_string\"}}],\"inLanguage\":\"lt-LT\"}]}<\/script>\n<!-- \/ Yoast SEO plugin. -->","yoast_head_json":{"title":"RED ORTHOPEDIC SPYRUOKLINIS \u010cIU\u017dINYS - Sleepwell","robots":{"index":"index","follow":"follow","max-snippet":"max-snippet:-1","max-image-preview":"max-image-preview:large","max-video-preview":"max-video-preview:-1"},"canonical":"https:\/\/sleepwellbed.com\/lt\/produktas\/red-orthopedic-spyruoklinis-ciuzinys\/","og_locale":"lt_LT","og_type":"article","og_title":"RED ORTHOPEDIC SPYRUOKLINIS \u010cIU\u017dINYS - Sleepwell","og_description":"Vienoje pus\u0117je yra standus sluoksnis, pagamintas i\u0161 nat\u016bralaus kokos\u0173 pluo\u0161to.Kitoje pus\u0117je \u2013 \u201eTiger Touch\u201c porolonas, kuris leid\u017eia laisvai jud\u0117ti orui ir suformuoja maloniai elasting\u0105, k\u016bn\u0105 palaikant\u012f pagrind\u0105.Nat\u016bralaus bambuko pluo\u0161to audinys gerai praleid\u017eia dr\u0117gm\u0119 ir suma\u017eina prakaitavimo rizik\u0105.","og_url":"https:\/\/sleepwellbed.com\/lt\/produktas\/red-orthopedic-spyruoklinis-ciuzinys\/","og_site_name":"Sleepwell","article_modified_time":"2026-04-13T01:51:54+00:00","og_image":[{"width":1414,"height":1000,"url":"https:\/\/sleepwellbed.com\/wp-content\/uploads\/2025\/11\/RED-ORTHOPEDIC-160-vedrumadrats-labiloige.png","type":"image\/png"}],"twitter_card":"summary_large_image","twitter_misc":{"Est. reading time":"1 minut\u0117"},"schema":{"@context":"https:\/\/schema.org","@graph":[{"@type":"WebPage","@id":"https:\/\/sleepwellbed.com\/lt\/produktas\/red-orthopedic-spyruoklinis-ciuzinys\/","url":"https:\/\/sleepwellbed.com\/lt\/produktas\/red-orthopedic-spyruoklinis-ciuzinys\/","name":"RED ORTHOPEDIC SPYRUOKLINIS \u010cIU\u017dINYS - Sleepwell","isPartOf":{"@id":"https:\/\/sleepwellbed.com\/#website"},"primaryImageOfPage":{"@id":"https:\/\/sleepwellbed.com\/lt\/produktas\/red-orthopedic-spyruoklinis-ciuzinys\/#primaryimage"},"image":{"@id":"https:\/\/sleepwellbed.com\/lt\/produktas\/red-orthopedic-spyruoklinis-ciuzinys\/#primaryimage"},"thumbnailUrl":"https:\/\/sleepwellbed.com\/wp-content\/uploads\/2025\/11\/RED-ORTHOPEDIC-160-vedrumadrats-labiloige.png","datePublished":"2023-01-24T01:00:05+00:00","dateModified":"2026-04-13T01:51:54+00:00","breadcrumb":{"@id":"https:\/\/sleepwellbed.com\/lt\/produktas\/red-orthopedic-spyruoklinis-ciuzinys\/#breadcrumb"},"inLanguage":"lt-LT","potentialAction":[{"@type":"ReadAction","target":["https:\/\/sleepwellbed.com\/lt\/produktas\/red-orthopedic-spyruoklinis-ciuzinys\/"]}]},{"@type":"ImageObject","inLanguage":"lt-LT","@id":"https:\/\/sleepwellbed.com\/lt\/produktas\/red-orthopedic-spyruoklinis-ciuzinys\/#primaryimage","url":"https:\/\/sleepwellbed.com\/wp-content\/uploads\/2025\/11\/RED-ORTHOPEDIC-160-vedrumadrats-labiloige.png","contentUrl":"https:\/\/sleepwellbed.com\/wp-content\/uploads\/2025\/11\/RED-ORTHOPEDIC-160-vedrumadrats-labiloige.png","width":1414,"height":1000},{"@type":"BreadcrumbList","@id":"https:\/\/sleepwellbed.com\/lt\/produktas\/red-orthopedic-spyruoklinis-ciuzinys\/#breadcrumb","itemListElement":[{"@type":"ListItem","position":1,"name":"Home","item":"https:\/\/sleepwellbed.com\/lt\/"},{"@type":"ListItem","position":2,"name":"Produktai","item":"https:\/\/sleepwellbed.com\/lt\/produktai\/"},{"@type":"ListItem","position":3,"name":"RED ORTHOPEDIC SPYRUOKLINIS \u010cIU\u017dINYS"}]},{"@type":"WebSite","@id":"https:\/\/sleepwellbed.com\/#website","url":"https:\/\/sleepwellbed.com\/","name":"Sleepwell","description":"","potentialAction":[{"@type":"SearchAction","target":{"@type":"EntryPoint","urlTemplate":"https:\/\/sleepwellbed.com\/?s={search_term_string}"},"query-input":{"@type":"PropertyValueSpecification","valueRequired":true,"valueName":"search_term_string"}}],"inLanguage":"lt-LT"}]}},"_links":{"self":[{"href":"https:\/\/sleepwellbed.com\/lt\/wp-json\/wp\/v2\/product\/188314","targetHints":{"allow":["GET"]}}],"collection":[{"href":"https:\/\/sleepwellbed.com\/lt\/wp-json\/wp\/v2\/product"}],"about":[{"href":"https:\/\/sleepwellbed.com\/lt\/wp-json\/wp\/v2\/types\/product"}],"wp:featuredmedia":[{"embeddable":true,"href":"https:\/\/sleepwellbed.com\/lt\/wp-json\/wp\/v2\/media\/564210"}],"wp:attachment":[{"href":"https:\/\/sleepwellbed.com\/lt\/wp-json\/wp\/v2\/media?parent=188314"}],"wp:term":[{"taxonomy":"product_brand","embeddable":true,"href":"https:\/\/sleepwellbed.com\/lt\/wp-json\/wp\/v2\/product_brand?post=188314"},{"taxonomy":"product_cat","embeddable":true,"href":"https:\/\/sleepwellbed.com\/lt\/wp-json\/wp\/v2\/product_cat?post=188314"},{"taxonomy":"product_tag","embeddable":true,"href":"https:\/\/sleepwellbed.com\/lt\/wp-json\/wp\/v2\/product_tag?post=188314"}],"curies":[{"name":"wp","href":"https:\/\/api.w.org\/{rel}","templated":true}]}}