{"id":193858,"date":"2023-01-24T04:00:04","date_gmt":"2023-01-24T02:00:04","guid":{"rendered":"https:\/\/sleepwellbed.com\/product\/top-profiled-foam-kattemadrats\/"},"modified":"2026-04-21T04:51:44","modified_gmt":"2026-04-21T01:51:44","slug":"top-profiled-foam-antciuzinis","status":"publish","type":"product","link":"https:\/\/sleepwellbed.com\/lt\/produktas\/top-profiled-foam-antciuzinis\/","title":{"rendered":"TOP PROFILED FOAM ANT\u010cIU\u017dINIS"},"content":{"rendered":"<p>Ant\u010diu\u017einio viduje yra kokybi\u0161kas<strong> profiliuotas put\u0173 poliuretanas<\/strong>, kuris u\u017etikrina ger\u0105 oro apykait\u0105 ir i\u0161leid\u017eia dr\u0117gm\u0119. Profiliuotas put\u0173 poliuretanas suteikia \u010diu\u017einiui mink\u0161tumo ir patogumo bei gerai u\u017epildo tarpus tarp sofos-lovos pagalvi\u0173.<\/p>\n<p>Lygesn\u0117 ant\u010diu\u017einio pus\u0117 yra<strong> kietesn\u0117,<\/strong> o profiliuota \u2013<strong> mink\u0161tesn\u0117. <\/strong>Tai u\u017etikrina geriausi\u0105 k\u016bno atram\u0105 ir mieg\u0105.<br \/>\u0160viesus \u010diu\u017einio u\u017evalkalas pagamintas i\u0161 mink\u0161to, odai malonaus ir orui pralaidaus tampraus audinio, kur\u012f galima lengvai nuimti atsegus u\u017etrauktuk\u0105 ir skalbti <strong>iki 40 laipsni\u0173 temperat\u016bros vandenyje.<\/strong><br \/>Galimi matmenys: 80&#215;200, 90&#215;200, 120&#215;200, 140&#215;200, 160&#215;200 ir 180&#215;200.<\/p>\n<p>Sukurta ir pagaminta Estijoje.<br \/><strong>Sleepwell gamini\u0173 audiniai, medviln\u0117, vilna ir vatinas atitinka tarptautin\u012f \u201e\u00d6ko-Tex 100\u201c standart\u0105.<\/strong><\/p>\n","protected":false},"excerpt":{"rendered":"<p>Ant\u010diu\u017einio viduje yra auk\u0161tos kokyb\u0117s profiliuotas put\u0173 poliuretanas.<\/p>\n<p>Lygesn\u0117 pus\u0117 yra kietesn\u0117, o profiliuota \u2013 mink\u0161tesn\u0117.<\/p>\n<p>\u010ciu\u017einio u\u017evalkal\u0105 galima skalbti iki 40 laipsni\u0173 temperat\u016bros vandenyje.<\/p>\n<p>Ant\u010diu\u017ein\u012f galima u\u017esisakyti ir su baldinio audinio kra\u0161tais.<\/p>\n","protected":false},"featured_media":564229,"template":"","meta":{"_acf_changed":false},"product_brand":[],"product_cat":[1067],"product_tag":[1069],"class_list":{"0":"post-193858","1":"product","2":"type-product","3":"status-publish","4":"has-post-thumbnail","6":"product_cat-antciuziniai","7":"product_tag-top-lt","8":"description-off","10":"first","11":"outofstock","12":"sale","13":"taxable","14":"shipping-taxable","15":"purchasable","16":"product-type-variable"},"acf":[],"yoast_head":"<!-- This site is optimized with the Yoast SEO plugin v27.0 - https:\/\/yoast.com\/product\/yoast-seo-wordpress\/ -->\n<title>TOP PROFILED FOAM ANT\u010cIU\u017dINIS - Sleepwell<\/title>\n<meta name=\"robots\" content=\"index, follow, max-snippet:-1, max-image-preview:large, max-video-preview:-1\" \/>\n<link rel=\"canonical\" href=\"https:\/\/sleepwellbed.com\/lt\/produktas\/top-profiled-foam-antciuzinis\/\" \/>\n<meta property=\"og:locale\" content=\"lt_LT\" \/>\n<meta property=\"og:type\" content=\"article\" \/>\n<meta property=\"og:title\" content=\"TOP PROFILED FOAM ANT\u010cIU\u017dINIS - Sleepwell\" \/>\n<meta property=\"og:description\" content=\"Ant\u010diu\u017einio viduje yra auk\u0161tos kokyb\u0117s profiliuotas put\u0173 poliuretanas.Lygesn\u0117 pus\u0117 yra kietesn\u0117, o profiliuota \u2013 mink\u0161tesn\u0117.\u010ciu\u017einio u\u017evalkal\u0105 galima skalbti iki 40 laipsni\u0173 temperat\u016bros vandenyje.Ant\u010diu\u017ein\u012f galima u\u017esisakyti ir su baldinio audinio kra\u0161tais.\" \/>\n<meta property=\"og:url\" content=\"https:\/\/sleepwellbed.com\/lt\/produktas\/top-profiled-foam-antciuzinis\/\" \/>\n<meta property=\"og:site_name\" content=\"Sleepwell\" \/>\n<meta property=\"article:modified_time\" content=\"2026-04-21T01:51:44+00:00\" \/>\n<meta property=\"og:image\" content=\"https:\/\/sleepwellbed.com\/wp-content\/uploads\/2025\/11\/TOP-PROFILED-FOAM-160-labiloige-kattemadrats.png\" \/>\n\t<meta property=\"og:image:width\" content=\"1414\" \/>\n\t<meta property=\"og:image:height\" content=\"1000\" \/>\n\t<meta property=\"og:image:type\" content=\"image\/png\" \/>\n<meta name=\"twitter:card\" content=\"summary_large_image\" \/>\n<meta name=\"twitter:label1\" content=\"Est. reading time\" \/>\n\t<meta name=\"twitter:data1\" content=\"1 minut\u0117\" \/>\n<script type=\"application\/ld+json\" class=\"yoast-schema-graph\">{\"@context\":\"https:\/\/schema.org\",\"@graph\":[{\"@type\":\"WebPage\",\"@id\":\"https:\/\/sleepwellbed.com\/lt\/produktas\/top-profiled-foam-antciuzinis\/\",\"url\":\"https:\/\/sleepwellbed.com\/lt\/produktas\/top-profiled-foam-antciuzinis\/\",\"name\":\"TOP PROFILED FOAM ANT\u010cIU\u017dINIS - Sleepwell\",\"isPartOf\":{\"@id\":\"https:\/\/sleepwellbed.com\/#website\"},\"primaryImageOfPage\":{\"@id\":\"https:\/\/sleepwellbed.com\/lt\/produktas\/top-profiled-foam-antciuzinis\/#primaryimage\"},\"image\":{\"@id\":\"https:\/\/sleepwellbed.com\/lt\/produktas\/top-profiled-foam-antciuzinis\/#primaryimage\"},\"thumbnailUrl\":\"https:\/\/sleepwellbed.com\/wp-content\/uploads\/2025\/11\/TOP-PROFILED-FOAM-160-labiloige-kattemadrats.png\",\"datePublished\":\"2023-01-24T02:00:04+00:00\",\"dateModified\":\"2026-04-21T01:51:44+00:00\",\"breadcrumb\":{\"@id\":\"https:\/\/sleepwellbed.com\/lt\/produktas\/top-profiled-foam-antciuzinis\/#breadcrumb\"},\"inLanguage\":\"lt-LT\",\"potentialAction\":[{\"@type\":\"ReadAction\",\"target\":[\"https:\/\/sleepwellbed.com\/lt\/produktas\/top-profiled-foam-antciuzinis\/\"]}]},{\"@type\":\"ImageObject\",\"inLanguage\":\"lt-LT\",\"@id\":\"https:\/\/sleepwellbed.com\/lt\/produktas\/top-profiled-foam-antciuzinis\/#primaryimage\",\"url\":\"https:\/\/sleepwellbed.com\/wp-content\/uploads\/2025\/11\/TOP-PROFILED-FOAM-160-labiloige-kattemadrats.png\",\"contentUrl\":\"https:\/\/sleepwellbed.com\/wp-content\/uploads\/2025\/11\/TOP-PROFILED-FOAM-160-labiloige-kattemadrats.png\",\"width\":1414,\"height\":1000},{\"@type\":\"BreadcrumbList\",\"@id\":\"https:\/\/sleepwellbed.com\/lt\/produktas\/top-profiled-foam-antciuzinis\/#breadcrumb\",\"itemListElement\":[{\"@type\":\"ListItem\",\"position\":1,\"name\":\"Home\",\"item\":\"https:\/\/sleepwellbed.com\/lt\/\"},{\"@type\":\"ListItem\",\"position\":2,\"name\":\"Produktai\",\"item\":\"https:\/\/sleepwellbed.com\/lt\/produktai\/\"},{\"@type\":\"ListItem\",\"position\":3,\"name\":\"TOP PROFILED FOAM ANT\u010cIU\u017dINIS\"}]},{\"@type\":\"WebSite\",\"@id\":\"https:\/\/sleepwellbed.com\/#website\",\"url\":\"https:\/\/sleepwellbed.com\/\",\"name\":\"Sleepwell\",\"description\":\"\",\"potentialAction\":[{\"@type\":\"SearchAction\",\"target\":{\"@type\":\"EntryPoint\",\"urlTemplate\":\"https:\/\/sleepwellbed.com\/?s={search_term_string}\"},\"query-input\":{\"@type\":\"PropertyValueSpecification\",\"valueRequired\":true,\"valueName\":\"search_term_string\"}}],\"inLanguage\":\"lt-LT\"}]}<\/script>\n<!-- \/ Yoast SEO plugin. -->","yoast_head_json":{"title":"TOP PROFILED FOAM ANT\u010cIU\u017dINIS - Sleepwell","robots":{"index":"index","follow":"follow","max-snippet":"max-snippet:-1","max-image-preview":"max-image-preview:large","max-video-preview":"max-video-preview:-1"},"canonical":"https:\/\/sleepwellbed.com\/lt\/produktas\/top-profiled-foam-antciuzinis\/","og_locale":"lt_LT","og_type":"article","og_title":"TOP PROFILED FOAM ANT\u010cIU\u017dINIS - Sleepwell","og_description":"Ant\u010diu\u017einio viduje yra auk\u0161tos kokyb\u0117s profiliuotas put\u0173 poliuretanas.Lygesn\u0117 pus\u0117 yra kietesn\u0117, o profiliuota \u2013 mink\u0161tesn\u0117.\u010ciu\u017einio u\u017evalkal\u0105 galima skalbti iki 40 laipsni\u0173 temperat\u016bros vandenyje.Ant\u010diu\u017ein\u012f galima u\u017esisakyti ir su baldinio audinio kra\u0161tais.","og_url":"https:\/\/sleepwellbed.com\/lt\/produktas\/top-profiled-foam-antciuzinis\/","og_site_name":"Sleepwell","article_modified_time":"2026-04-21T01:51:44+00:00","og_image":[{"width":1414,"height":1000,"url":"https:\/\/sleepwellbed.com\/wp-content\/uploads\/2025\/11\/TOP-PROFILED-FOAM-160-labiloige-kattemadrats.png","type":"image\/png"}],"twitter_card":"summary_large_image","twitter_misc":{"Est. reading time":"1 minut\u0117"},"schema":{"@context":"https:\/\/schema.org","@graph":[{"@type":"WebPage","@id":"https:\/\/sleepwellbed.com\/lt\/produktas\/top-profiled-foam-antciuzinis\/","url":"https:\/\/sleepwellbed.com\/lt\/produktas\/top-profiled-foam-antciuzinis\/","name":"TOP PROFILED FOAM ANT\u010cIU\u017dINIS - Sleepwell","isPartOf":{"@id":"https:\/\/sleepwellbed.com\/#website"},"primaryImageOfPage":{"@id":"https:\/\/sleepwellbed.com\/lt\/produktas\/top-profiled-foam-antciuzinis\/#primaryimage"},"image":{"@id":"https:\/\/sleepwellbed.com\/lt\/produktas\/top-profiled-foam-antciuzinis\/#primaryimage"},"thumbnailUrl":"https:\/\/sleepwellbed.com\/wp-content\/uploads\/2025\/11\/TOP-PROFILED-FOAM-160-labiloige-kattemadrats.png","datePublished":"2023-01-24T02:00:04+00:00","dateModified":"2026-04-21T01:51:44+00:00","breadcrumb":{"@id":"https:\/\/sleepwellbed.com\/lt\/produktas\/top-profiled-foam-antciuzinis\/#breadcrumb"},"inLanguage":"lt-LT","potentialAction":[{"@type":"ReadAction","target":["https:\/\/sleepwellbed.com\/lt\/produktas\/top-profiled-foam-antciuzinis\/"]}]},{"@type":"ImageObject","inLanguage":"lt-LT","@id":"https:\/\/sleepwellbed.com\/lt\/produktas\/top-profiled-foam-antciuzinis\/#primaryimage","url":"https:\/\/sleepwellbed.com\/wp-content\/uploads\/2025\/11\/TOP-PROFILED-FOAM-160-labiloige-kattemadrats.png","contentUrl":"https:\/\/sleepwellbed.com\/wp-content\/uploads\/2025\/11\/TOP-PROFILED-FOAM-160-labiloige-kattemadrats.png","width":1414,"height":1000},{"@type":"BreadcrumbList","@id":"https:\/\/sleepwellbed.com\/lt\/produktas\/top-profiled-foam-antciuzinis\/#breadcrumb","itemListElement":[{"@type":"ListItem","position":1,"name":"Home","item":"https:\/\/sleepwellbed.com\/lt\/"},{"@type":"ListItem","position":2,"name":"Produktai","item":"https:\/\/sleepwellbed.com\/lt\/produktai\/"},{"@type":"ListItem","position":3,"name":"TOP PROFILED FOAM ANT\u010cIU\u017dINIS"}]},{"@type":"WebSite","@id":"https:\/\/sleepwellbed.com\/#website","url":"https:\/\/sleepwellbed.com\/","name":"Sleepwell","description":"","potentialAction":[{"@type":"SearchAction","target":{"@type":"EntryPoint","urlTemplate":"https:\/\/sleepwellbed.com\/?s={search_term_string}"},"query-input":{"@type":"PropertyValueSpecification","valueRequired":true,"valueName":"search_term_string"}}],"inLanguage":"lt-LT"}]}},"_links":{"self":[{"href":"https:\/\/sleepwellbed.com\/lt\/wp-json\/wp\/v2\/product\/193858","targetHints":{"allow":["GET"]}}],"collection":[{"href":"https:\/\/sleepwellbed.com\/lt\/wp-json\/wp\/v2\/product"}],"about":[{"href":"https:\/\/sleepwellbed.com\/lt\/wp-json\/wp\/v2\/types\/product"}],"wp:featuredmedia":[{"embeddable":true,"href":"https:\/\/sleepwellbed.com\/lt\/wp-json\/wp\/v2\/media\/564229"}],"wp:attachment":[{"href":"https:\/\/sleepwellbed.com\/lt\/wp-json\/wp\/v2\/media?parent=193858"}],"wp:term":[{"taxonomy":"product_brand","embeddable":true,"href":"https:\/\/sleepwellbed.com\/lt\/wp-json\/wp\/v2\/product_brand?post=193858"},{"taxonomy":"product_cat","embeddable":true,"href":"https:\/\/sleepwellbed.com\/lt\/wp-json\/wp\/v2\/product_cat?post=193858"},{"taxonomy":"product_tag","embeddable":true,"href":"https:\/\/sleepwellbed.com\/lt\/wp-json\/wp\/v2\/product_tag?post=193858"}],"curies":[{"name":"wp","href":"https:\/\/api.w.org\/{rel}","templated":true}]}}