{"id":197878,"date":"2023-01-24T05:40:05","date_gmt":"2023-01-24T03:40:05","guid":{"rendered":"https:\/\/sleepwellbed.com\/product\/top-latex-etno-duo-kattemadrats\/"},"modified":"2026-04-10T08:18:39","modified_gmt":"2026-04-10T05:18:39","slug":"top-latex-etno-duo-antciuzinis","status":"publish","type":"product","link":"https:\/\/sleepwellbed.com\/lt\/produktas\/top-latex-etno-duo-antciuzinis\/","title":{"rendered":"TOP LATEX ETNO DUO ANT\u010cIU\u017dINIS"},"content":{"rendered":"<p>An\u010diu\u017einis su angomis, padedan\u010diomis sujungti motorin\u0119 lov\u0105 \u012f vien\u0105 visum\u0105 ir atskirai judinti galv\u016bgal\u012f ir kojas.<br \/>Ant\u010diu\u017einio viduje yra 3 cm nat\u016bralaus kau\u010diuko latekso sluoksnis, kurio perforacija leid\u017eia orui laisvai jud\u0117ti, tod\u0117l ma\u017eiau prakaituojama.<\/p>\n<p>Papildomo komforto suteikia i\u0161 vienos pus\u0117s esanti vilna (\u017eiemai), o i\u0161 kitos \u2013 medviln\u0117 (vasarai).<br \/>Tamprus audinys su tautini\u0173 ra\u0161t\u0173 motyvais apsaugotas nuo dulki\u0173 erku\u010di\u0173 <strong>100 % nat\u016bralia \u201eSensity\u2122\u201c danga<\/strong>, mink\u0161tas ir malonus k\u016bnui.<br \/>\u010ciu\u017einio u\u017evalkal\u0105 galima nuimti ir skalbti <strong>iki 40 laipsni\u0173 temperat\u016bros vandenyje.<\/strong><br \/>Galimi matmenys: 160&#215;200 ir 180&#215;200 cm.<\/p>\n<p>Sukurta ir pagaminta Estijoje.<br \/><strong>Sleepwell gamini\u0173 audiniai, medviln\u0117, vilna ir vatinas atitinka tarptautin\u012f \u201e\u00d6ko-Tex 100\u201c standart\u0105.<\/strong><\/p>\n","protected":false},"excerpt":{"rendered":"<p>An\u010diu\u017einis su angomis, padedan\u010diomis sujungti motorin\u0119 lov\u0105 \u012f vien\u0105 visum\u0105 ir atskirai judinti galv\u016bgal\u012f ir kojas.<\/p>\n<p>Viduje \u2013 3 cm storio nat\u016bralaus kau\u010diuko latekso sluoksnis.<\/p>\n<p>Audinys su tautini\u0173 ra\u0161t\u0173 motyvais apsaugotas nuo dulki\u0173 erku\u010di\u0173 \u201eSensity\u2122\u201c danga.<\/p>\n","protected":false},"featured_media":564262,"template":"","meta":{"_acf_changed":false},"product_brand":[],"product_cat":[1067],"product_tag":[1069],"class_list":{"0":"post-197878","1":"product","2":"type-product","3":"status-publish","4":"has-post-thumbnail","6":"product_cat-antciuziniai","7":"product_tag-top-lt","8":"description-off","10":"first","11":"outofstock","12":"sale","13":"taxable","14":"shipping-taxable","15":"purchasable","16":"product-type-variable"},"acf":[],"yoast_head":"<!-- This site is optimized with the Yoast SEO plugin v27.0 - https:\/\/yoast.com\/product\/yoast-seo-wordpress\/ -->\n<title>TOP LATEX ETNO DUO ANT\u010cIU\u017dINIS - Sleepwell<\/title>\n<meta name=\"robots\" content=\"index, follow, max-snippet:-1, max-image-preview:large, max-video-preview:-1\" \/>\n<link rel=\"canonical\" href=\"https:\/\/sleepwellbed.com\/lt\/produktas\/top-latex-etno-duo-antciuzinis\/\" \/>\n<meta property=\"og:locale\" content=\"lt_LT\" \/>\n<meta property=\"og:type\" content=\"article\" \/>\n<meta property=\"og:title\" content=\"TOP LATEX ETNO DUO ANT\u010cIU\u017dINIS - Sleepwell\" \/>\n<meta property=\"og:description\" content=\"An\u010diu\u017einis su angomis, padedan\u010diomis sujungti motorin\u0119 lov\u0105 \u012f vien\u0105 visum\u0105 ir atskirai judinti galv\u016bgal\u012f ir kojas.Viduje \u2013 3 cm storio nat\u016bralaus kau\u010diuko latekso sluoksnis.Audinys su tautini\u0173 ra\u0161t\u0173 motyvais apsaugotas nuo dulki\u0173 erku\u010di\u0173 \u201eSensity\u2122\u201c danga.\" \/>\n<meta property=\"og:url\" content=\"https:\/\/sleepwellbed.com\/lt\/produktas\/top-latex-etno-duo-antciuzinis\/\" \/>\n<meta property=\"og:site_name\" content=\"Sleepwell\" \/>\n<meta property=\"article:modified_time\" content=\"2026-04-10T05:18:39+00:00\" \/>\n<meta property=\"og:image\" content=\"https:\/\/sleepwellbed.com\/wp-content\/uploads\/2025\/11\/TOP-LATEX-ETNO-DUO-160-labiloige-kattemadrats.png\" \/>\n\t<meta property=\"og:image:width\" content=\"1414\" \/>\n\t<meta property=\"og:image:height\" content=\"1000\" \/>\n\t<meta property=\"og:image:type\" content=\"image\/png\" \/>\n<meta name=\"twitter:card\" content=\"summary_large_image\" \/>\n<meta name=\"twitter:label1\" content=\"Est. reading time\" \/>\n\t<meta name=\"twitter:data1\" content=\"1 minut\u0117\" \/>\n<script type=\"application\/ld+json\" class=\"yoast-schema-graph\">{\"@context\":\"https:\/\/schema.org\",\"@graph\":[{\"@type\":\"WebPage\",\"@id\":\"https:\/\/sleepwellbed.com\/lt\/produktas\/top-latex-etno-duo-antciuzinis\/\",\"url\":\"https:\/\/sleepwellbed.com\/lt\/produktas\/top-latex-etno-duo-antciuzinis\/\",\"name\":\"TOP LATEX ETNO DUO ANT\u010cIU\u017dINIS - Sleepwell\",\"isPartOf\":{\"@id\":\"https:\/\/sleepwellbed.com\/#website\"},\"primaryImageOfPage\":{\"@id\":\"https:\/\/sleepwellbed.com\/lt\/produktas\/top-latex-etno-duo-antciuzinis\/#primaryimage\"},\"image\":{\"@id\":\"https:\/\/sleepwellbed.com\/lt\/produktas\/top-latex-etno-duo-antciuzinis\/#primaryimage\"},\"thumbnailUrl\":\"https:\/\/sleepwellbed.com\/wp-content\/uploads\/2025\/11\/TOP-LATEX-ETNO-DUO-160-labiloige-kattemadrats.png\",\"datePublished\":\"2023-01-24T03:40:05+00:00\",\"dateModified\":\"2026-04-10T05:18:39+00:00\",\"breadcrumb\":{\"@id\":\"https:\/\/sleepwellbed.com\/lt\/produktas\/top-latex-etno-duo-antciuzinis\/#breadcrumb\"},\"inLanguage\":\"lt-LT\",\"potentialAction\":[{\"@type\":\"ReadAction\",\"target\":[\"https:\/\/sleepwellbed.com\/lt\/produktas\/top-latex-etno-duo-antciuzinis\/\"]}]},{\"@type\":\"ImageObject\",\"inLanguage\":\"lt-LT\",\"@id\":\"https:\/\/sleepwellbed.com\/lt\/produktas\/top-latex-etno-duo-antciuzinis\/#primaryimage\",\"url\":\"https:\/\/sleepwellbed.com\/wp-content\/uploads\/2025\/11\/TOP-LATEX-ETNO-DUO-160-labiloige-kattemadrats.png\",\"contentUrl\":\"https:\/\/sleepwellbed.com\/wp-content\/uploads\/2025\/11\/TOP-LATEX-ETNO-DUO-160-labiloige-kattemadrats.png\",\"width\":1414,\"height\":1000},{\"@type\":\"BreadcrumbList\",\"@id\":\"https:\/\/sleepwellbed.com\/lt\/produktas\/top-latex-etno-duo-antciuzinis\/#breadcrumb\",\"itemListElement\":[{\"@type\":\"ListItem\",\"position\":1,\"name\":\"Home\",\"item\":\"https:\/\/sleepwellbed.com\/lt\/\"},{\"@type\":\"ListItem\",\"position\":2,\"name\":\"Produktai\",\"item\":\"https:\/\/sleepwellbed.com\/lt\/produktai\/\"},{\"@type\":\"ListItem\",\"position\":3,\"name\":\"TOP LATEX ETNO DUO ANT\u010cIU\u017dINIS\"}]},{\"@type\":\"WebSite\",\"@id\":\"https:\/\/sleepwellbed.com\/#website\",\"url\":\"https:\/\/sleepwellbed.com\/\",\"name\":\"Sleepwell\",\"description\":\"\",\"potentialAction\":[{\"@type\":\"SearchAction\",\"target\":{\"@type\":\"EntryPoint\",\"urlTemplate\":\"https:\/\/sleepwellbed.com\/?s={search_term_string}\"},\"query-input\":{\"@type\":\"PropertyValueSpecification\",\"valueRequired\":true,\"valueName\":\"search_term_string\"}}],\"inLanguage\":\"lt-LT\"}]}<\/script>\n<!-- \/ Yoast SEO plugin. -->","yoast_head_json":{"title":"TOP LATEX ETNO DUO ANT\u010cIU\u017dINIS - Sleepwell","robots":{"index":"index","follow":"follow","max-snippet":"max-snippet:-1","max-image-preview":"max-image-preview:large","max-video-preview":"max-video-preview:-1"},"canonical":"https:\/\/sleepwellbed.com\/lt\/produktas\/top-latex-etno-duo-antciuzinis\/","og_locale":"lt_LT","og_type":"article","og_title":"TOP LATEX ETNO DUO ANT\u010cIU\u017dINIS - Sleepwell","og_description":"An\u010diu\u017einis su angomis, padedan\u010diomis sujungti motorin\u0119 lov\u0105 \u012f vien\u0105 visum\u0105 ir atskirai judinti galv\u016bgal\u012f ir kojas.Viduje \u2013 3 cm storio nat\u016bralaus kau\u010diuko latekso sluoksnis.Audinys su tautini\u0173 ra\u0161t\u0173 motyvais apsaugotas nuo dulki\u0173 erku\u010di\u0173 \u201eSensity\u2122\u201c danga.","og_url":"https:\/\/sleepwellbed.com\/lt\/produktas\/top-latex-etno-duo-antciuzinis\/","og_site_name":"Sleepwell","article_modified_time":"2026-04-10T05:18:39+00:00","og_image":[{"width":1414,"height":1000,"url":"https:\/\/sleepwellbed.com\/wp-content\/uploads\/2025\/11\/TOP-LATEX-ETNO-DUO-160-labiloige-kattemadrats.png","type":"image\/png"}],"twitter_card":"summary_large_image","twitter_misc":{"Est. reading time":"1 minut\u0117"},"schema":{"@context":"https:\/\/schema.org","@graph":[{"@type":"WebPage","@id":"https:\/\/sleepwellbed.com\/lt\/produktas\/top-latex-etno-duo-antciuzinis\/","url":"https:\/\/sleepwellbed.com\/lt\/produktas\/top-latex-etno-duo-antciuzinis\/","name":"TOP LATEX ETNO DUO ANT\u010cIU\u017dINIS - Sleepwell","isPartOf":{"@id":"https:\/\/sleepwellbed.com\/#website"},"primaryImageOfPage":{"@id":"https:\/\/sleepwellbed.com\/lt\/produktas\/top-latex-etno-duo-antciuzinis\/#primaryimage"},"image":{"@id":"https:\/\/sleepwellbed.com\/lt\/produktas\/top-latex-etno-duo-antciuzinis\/#primaryimage"},"thumbnailUrl":"https:\/\/sleepwellbed.com\/wp-content\/uploads\/2025\/11\/TOP-LATEX-ETNO-DUO-160-labiloige-kattemadrats.png","datePublished":"2023-01-24T03:40:05+00:00","dateModified":"2026-04-10T05:18:39+00:00","breadcrumb":{"@id":"https:\/\/sleepwellbed.com\/lt\/produktas\/top-latex-etno-duo-antciuzinis\/#breadcrumb"},"inLanguage":"lt-LT","potentialAction":[{"@type":"ReadAction","target":["https:\/\/sleepwellbed.com\/lt\/produktas\/top-latex-etno-duo-antciuzinis\/"]}]},{"@type":"ImageObject","inLanguage":"lt-LT","@id":"https:\/\/sleepwellbed.com\/lt\/produktas\/top-latex-etno-duo-antciuzinis\/#primaryimage","url":"https:\/\/sleepwellbed.com\/wp-content\/uploads\/2025\/11\/TOP-LATEX-ETNO-DUO-160-labiloige-kattemadrats.png","contentUrl":"https:\/\/sleepwellbed.com\/wp-content\/uploads\/2025\/11\/TOP-LATEX-ETNO-DUO-160-labiloige-kattemadrats.png","width":1414,"height":1000},{"@type":"BreadcrumbList","@id":"https:\/\/sleepwellbed.com\/lt\/produktas\/top-latex-etno-duo-antciuzinis\/#breadcrumb","itemListElement":[{"@type":"ListItem","position":1,"name":"Home","item":"https:\/\/sleepwellbed.com\/lt\/"},{"@type":"ListItem","position":2,"name":"Produktai","item":"https:\/\/sleepwellbed.com\/lt\/produktai\/"},{"@type":"ListItem","position":3,"name":"TOP LATEX ETNO DUO ANT\u010cIU\u017dINIS"}]},{"@type":"WebSite","@id":"https:\/\/sleepwellbed.com\/#website","url":"https:\/\/sleepwellbed.com\/","name":"Sleepwell","description":"","potentialAction":[{"@type":"SearchAction","target":{"@type":"EntryPoint","urlTemplate":"https:\/\/sleepwellbed.com\/?s={search_term_string}"},"query-input":{"@type":"PropertyValueSpecification","valueRequired":true,"valueName":"search_term_string"}}],"inLanguage":"lt-LT"}]}},"_links":{"self":[{"href":"https:\/\/sleepwellbed.com\/lt\/wp-json\/wp\/v2\/product\/197878","targetHints":{"allow":["GET"]}}],"collection":[{"href":"https:\/\/sleepwellbed.com\/lt\/wp-json\/wp\/v2\/product"}],"about":[{"href":"https:\/\/sleepwellbed.com\/lt\/wp-json\/wp\/v2\/types\/product"}],"wp:featuredmedia":[{"embeddable":true,"href":"https:\/\/sleepwellbed.com\/lt\/wp-json\/wp\/v2\/media\/564262"}],"wp:attachment":[{"href":"https:\/\/sleepwellbed.com\/lt\/wp-json\/wp\/v2\/media?parent=197878"}],"wp:term":[{"taxonomy":"product_brand","embeddable":true,"href":"https:\/\/sleepwellbed.com\/lt\/wp-json\/wp\/v2\/product_brand?post=197878"},{"taxonomy":"product_cat","embeddable":true,"href":"https:\/\/sleepwellbed.com\/lt\/wp-json\/wp\/v2\/product_cat?post=197878"},{"taxonomy":"product_tag","embeddable":true,"href":"https:\/\/sleepwellbed.com\/lt\/wp-json\/wp\/v2\/product_tag?post=197878"}],"curies":[{"name":"wp","href":"https:\/\/api.w.org\/{rel}","templated":true}]}}