{"id":198142,"date":"2023-01-24T06:20:05","date_gmt":"2023-01-24T04:20:05","guid":{"rendered":"https:\/\/sleepwellbed.com\/product\/daggkapa-kaitselinad\/"},"modified":"2026-04-21T04:51:48","modified_gmt":"2026-04-21T01:51:48","slug":"daggkapa-patalyne-antciuziniams","status":"publish","type":"product","link":"https:\/\/sleepwellbed.com\/lt\/produktas\/daggkapa-patalyne-antciuziniams\/","title":{"rendered":"DAGGKA\u030aPA PATALYN\u0116 ANT\u010cIU\u017dINIAMS"},"content":{"rendered":"<p>Tai \u2013 dr\u0117gm\u0117s nepraleid\u017eiantis sluoksnis, tiesiamas ant vaik\u0173 ir suaugusi\u0173j\u0173 \u010diu\u017eini\u0173 siekiant u\u017etikrinti higien\u0105.<br \/>Ant\u010diu\u017einiams skirti \u201eDAGGKA\u030aPA\u201c audiniai yra padengti Lyocell sluoksniais, kuriems pagaminti naudojama greitai auganti eukalipto mediena.<br \/>Apsaugin\u0117s paklod\u0117s \u010diu\u017einiams ir vaiki\u0161kiems \u010diu\u017einiams padengtos patogiu vir\u0161utiniu sluoksniu i\u0161 medviln\u0117s ir poliesterio.<br \/>Kv\u0117puojan\u010dios ir skys\u010diams nelaid\u017eios Daggkapa pagalvi\u0173 apsaugos yra padengtos vir\u0161utiniu Lyocell sluoksniu, kuris gaminamas i\u0161 eukalipt\u0173.<\/p>\n<p>Vir\u0161utinis sluoksnis gali sugerti dvigubai daugiau skys\u010dio nei pats sveria.<br \/>Paklod\u0119 su guma lengva u\u017ed\u0117ti, ji tvirtai laikosi.<br \/><strong>I\u0161saugo unikalias savybes iki 100 skalbim\u0173.<\/strong><\/p>\n","protected":false},"excerpt":{"rendered":"<p>Tai \u2013 dr\u0117gm\u0117s nepraleid\u017eiantis sluoksnis, tiesiamas ant vaik\u0173 ir suaugusi\u0173j\u0173 \u010diu\u017eini\u0173 siekiant u\u017etikrinti higien\u0105.<\/p>\n<p>Vir\u0161utinis sluoksnis gali sugerti dvigubai daugiau skys\u010dio nei pats sveria.<\/p>\n","protected":false},"featured_media":564266,"template":"","meta":{"_acf_changed":false},"product_brand":[],"product_cat":[1067],"product_tag":[1069],"class_list":{"0":"post-198142","1":"product","2":"type-product","3":"status-publish","4":"has-post-thumbnail","6":"product_cat-antciuziniai","7":"product_tag-top-lt","8":"description-off","10":"first","11":"outofstock","12":"sale","13":"taxable","14":"shipping-taxable","15":"purchasable","16":"product-type-variable"},"acf":[],"yoast_head":"<!-- This site is optimized with the Yoast SEO plugin v27.0 - https:\/\/yoast.com\/product\/yoast-seo-wordpress\/ -->\n<title>DAGGKA\u030aPA PATALYN\u0116 ANT\u010cIU\u017dINIAMS - Sleepwell<\/title>\n<meta name=\"robots\" content=\"index, follow, max-snippet:-1, max-image-preview:large, max-video-preview:-1\" \/>\n<link rel=\"canonical\" href=\"https:\/\/sleepwellbed.com\/lt\/produktas\/daggkapa-patalyne-antciuziniams\/\" \/>\n<meta property=\"og:locale\" content=\"lt_LT\" \/>\n<meta property=\"og:type\" content=\"article\" \/>\n<meta property=\"og:title\" content=\"DAGGKA\u030aPA PATALYN\u0116 ANT\u010cIU\u017dINIAMS - Sleepwell\" \/>\n<meta property=\"og:description\" content=\"Tai \u2013 dr\u0117gm\u0117s nepraleid\u017eiantis sluoksnis, tiesiamas ant vaik\u0173 ir suaugusi\u0173j\u0173 \u010diu\u017eini\u0173 siekiant u\u017etikrinti higien\u0105.Vir\u0161utinis sluoksnis gali sugerti dvigubai daugiau skys\u010dio nei pats sveria.\" \/>\n<meta property=\"og:url\" content=\"https:\/\/sleepwellbed.com\/lt\/produktas\/daggkapa-patalyne-antciuziniams\/\" \/>\n<meta property=\"og:site_name\" content=\"Sleepwell\" \/>\n<meta property=\"article:modified_time\" content=\"2026-04-21T01:51:48+00:00\" \/>\n<meta property=\"og:image\" content=\"https:\/\/sleepwellbed.com\/wp-content\/uploads\/2025\/11\/IMG_8456daggkapa-\u2013-toodeldud.png\" \/>\n\t<meta property=\"og:image:width\" content=\"1600\" \/>\n\t<meta property=\"og:image:height\" content=\"643\" \/>\n\t<meta property=\"og:image:type\" content=\"image\/png\" \/>\n<meta name=\"twitter:card\" content=\"summary_large_image\" \/>\n<meta name=\"twitter:label1\" content=\"Est. reading time\" \/>\n\t<meta name=\"twitter:data1\" content=\"1 minut\u0117\" \/>\n<script type=\"application\/ld+json\" class=\"yoast-schema-graph\">{\"@context\":\"https:\/\/schema.org\",\"@graph\":[{\"@type\":\"WebPage\",\"@id\":\"https:\/\/sleepwellbed.com\/lt\/produktas\/daggkapa-patalyne-antciuziniams\/\",\"url\":\"https:\/\/sleepwellbed.com\/lt\/produktas\/daggkapa-patalyne-antciuziniams\/\",\"name\":\"DAGGKA\u030aPA PATALYN\u0116 ANT\u010cIU\u017dINIAMS - Sleepwell\",\"isPartOf\":{\"@id\":\"https:\/\/sleepwellbed.com\/#website\"},\"primaryImageOfPage\":{\"@id\":\"https:\/\/sleepwellbed.com\/lt\/produktas\/daggkapa-patalyne-antciuziniams\/#primaryimage\"},\"image\":{\"@id\":\"https:\/\/sleepwellbed.com\/lt\/produktas\/daggkapa-patalyne-antciuziniams\/#primaryimage\"},\"thumbnailUrl\":\"https:\/\/sleepwellbed.com\/wp-content\/uploads\/2025\/11\/IMG_8456daggkapa-\u2013-toodeldud.png\",\"datePublished\":\"2023-01-24T04:20:05+00:00\",\"dateModified\":\"2026-04-21T01:51:48+00:00\",\"breadcrumb\":{\"@id\":\"https:\/\/sleepwellbed.com\/lt\/produktas\/daggkapa-patalyne-antciuziniams\/#breadcrumb\"},\"inLanguage\":\"lt-LT\",\"potentialAction\":[{\"@type\":\"ReadAction\",\"target\":[\"https:\/\/sleepwellbed.com\/lt\/produktas\/daggkapa-patalyne-antciuziniams\/\"]}]},{\"@type\":\"ImageObject\",\"inLanguage\":\"lt-LT\",\"@id\":\"https:\/\/sleepwellbed.com\/lt\/produktas\/daggkapa-patalyne-antciuziniams\/#primaryimage\",\"url\":\"https:\/\/sleepwellbed.com\/wp-content\/uploads\/2025\/11\/IMG_8456daggkapa-\u2013-toodeldud.png\",\"contentUrl\":\"https:\/\/sleepwellbed.com\/wp-content\/uploads\/2025\/11\/IMG_8456daggkapa-\u2013-toodeldud.png\",\"width\":1600,\"height\":643},{\"@type\":\"BreadcrumbList\",\"@id\":\"https:\/\/sleepwellbed.com\/lt\/produktas\/daggkapa-patalyne-antciuziniams\/#breadcrumb\",\"itemListElement\":[{\"@type\":\"ListItem\",\"position\":1,\"name\":\"Home\",\"item\":\"https:\/\/sleepwellbed.com\/lt\/\"},{\"@type\":\"ListItem\",\"position\":2,\"name\":\"Produktai\",\"item\":\"https:\/\/sleepwellbed.com\/lt\/produktai\/\"},{\"@type\":\"ListItem\",\"position\":3,\"name\":\"DAGGKA\u030aPA PATALYN\u0116 ANT\u010cIU\u017dINIAMS\"}]},{\"@type\":\"WebSite\",\"@id\":\"https:\/\/sleepwellbed.com\/#website\",\"url\":\"https:\/\/sleepwellbed.com\/\",\"name\":\"Sleepwell\",\"description\":\"\",\"potentialAction\":[{\"@type\":\"SearchAction\",\"target\":{\"@type\":\"EntryPoint\",\"urlTemplate\":\"https:\/\/sleepwellbed.com\/?s={search_term_string}\"},\"query-input\":{\"@type\":\"PropertyValueSpecification\",\"valueRequired\":true,\"valueName\":\"search_term_string\"}}],\"inLanguage\":\"lt-LT\"}]}<\/script>\n<!-- \/ Yoast SEO plugin. -->","yoast_head_json":{"title":"DAGGKA\u030aPA PATALYN\u0116 ANT\u010cIU\u017dINIAMS - Sleepwell","robots":{"index":"index","follow":"follow","max-snippet":"max-snippet:-1","max-image-preview":"max-image-preview:large","max-video-preview":"max-video-preview:-1"},"canonical":"https:\/\/sleepwellbed.com\/lt\/produktas\/daggkapa-patalyne-antciuziniams\/","og_locale":"lt_LT","og_type":"article","og_title":"DAGGKA\u030aPA PATALYN\u0116 ANT\u010cIU\u017dINIAMS - Sleepwell","og_description":"Tai \u2013 dr\u0117gm\u0117s nepraleid\u017eiantis sluoksnis, tiesiamas ant vaik\u0173 ir suaugusi\u0173j\u0173 \u010diu\u017eini\u0173 siekiant u\u017etikrinti higien\u0105.Vir\u0161utinis sluoksnis gali sugerti dvigubai daugiau skys\u010dio nei pats sveria.","og_url":"https:\/\/sleepwellbed.com\/lt\/produktas\/daggkapa-patalyne-antciuziniams\/","og_site_name":"Sleepwell","article_modified_time":"2026-04-21T01:51:48+00:00","og_image":[{"width":1600,"height":643,"url":"https:\/\/sleepwellbed.com\/wp-content\/uploads\/2025\/11\/IMG_8456daggkapa-\u2013-toodeldud.png","type":"image\/png"}],"twitter_card":"summary_large_image","twitter_misc":{"Est. reading time":"1 minut\u0117"},"schema":{"@context":"https:\/\/schema.org","@graph":[{"@type":"WebPage","@id":"https:\/\/sleepwellbed.com\/lt\/produktas\/daggkapa-patalyne-antciuziniams\/","url":"https:\/\/sleepwellbed.com\/lt\/produktas\/daggkapa-patalyne-antciuziniams\/","name":"DAGGKA\u030aPA PATALYN\u0116 ANT\u010cIU\u017dINIAMS - Sleepwell","isPartOf":{"@id":"https:\/\/sleepwellbed.com\/#website"},"primaryImageOfPage":{"@id":"https:\/\/sleepwellbed.com\/lt\/produktas\/daggkapa-patalyne-antciuziniams\/#primaryimage"},"image":{"@id":"https:\/\/sleepwellbed.com\/lt\/produktas\/daggkapa-patalyne-antciuziniams\/#primaryimage"},"thumbnailUrl":"https:\/\/sleepwellbed.com\/wp-content\/uploads\/2025\/11\/IMG_8456daggkapa-\u2013-toodeldud.png","datePublished":"2023-01-24T04:20:05+00:00","dateModified":"2026-04-21T01:51:48+00:00","breadcrumb":{"@id":"https:\/\/sleepwellbed.com\/lt\/produktas\/daggkapa-patalyne-antciuziniams\/#breadcrumb"},"inLanguage":"lt-LT","potentialAction":[{"@type":"ReadAction","target":["https:\/\/sleepwellbed.com\/lt\/produktas\/daggkapa-patalyne-antciuziniams\/"]}]},{"@type":"ImageObject","inLanguage":"lt-LT","@id":"https:\/\/sleepwellbed.com\/lt\/produktas\/daggkapa-patalyne-antciuziniams\/#primaryimage","url":"https:\/\/sleepwellbed.com\/wp-content\/uploads\/2025\/11\/IMG_8456daggkapa-\u2013-toodeldud.png","contentUrl":"https:\/\/sleepwellbed.com\/wp-content\/uploads\/2025\/11\/IMG_8456daggkapa-\u2013-toodeldud.png","width":1600,"height":643},{"@type":"BreadcrumbList","@id":"https:\/\/sleepwellbed.com\/lt\/produktas\/daggkapa-patalyne-antciuziniams\/#breadcrumb","itemListElement":[{"@type":"ListItem","position":1,"name":"Home","item":"https:\/\/sleepwellbed.com\/lt\/"},{"@type":"ListItem","position":2,"name":"Produktai","item":"https:\/\/sleepwellbed.com\/lt\/produktai\/"},{"@type":"ListItem","position":3,"name":"DAGGKA\u030aPA PATALYN\u0116 ANT\u010cIU\u017dINIAMS"}]},{"@type":"WebSite","@id":"https:\/\/sleepwellbed.com\/#website","url":"https:\/\/sleepwellbed.com\/","name":"Sleepwell","description":"","potentialAction":[{"@type":"SearchAction","target":{"@type":"EntryPoint","urlTemplate":"https:\/\/sleepwellbed.com\/?s={search_term_string}"},"query-input":{"@type":"PropertyValueSpecification","valueRequired":true,"valueName":"search_term_string"}}],"inLanguage":"lt-LT"}]}},"_links":{"self":[{"href":"https:\/\/sleepwellbed.com\/lt\/wp-json\/wp\/v2\/product\/198142","targetHints":{"allow":["GET"]}}],"collection":[{"href":"https:\/\/sleepwellbed.com\/lt\/wp-json\/wp\/v2\/product"}],"about":[{"href":"https:\/\/sleepwellbed.com\/lt\/wp-json\/wp\/v2\/types\/product"}],"wp:featuredmedia":[{"embeddable":true,"href":"https:\/\/sleepwellbed.com\/lt\/wp-json\/wp\/v2\/media\/564266"}],"wp:attachment":[{"href":"https:\/\/sleepwellbed.com\/lt\/wp-json\/wp\/v2\/media?parent=198142"}],"wp:term":[{"taxonomy":"product_brand","embeddable":true,"href":"https:\/\/sleepwellbed.com\/lt\/wp-json\/wp\/v2\/product_brand?post=198142"},{"taxonomy":"product_cat","embeddable":true,"href":"https:\/\/sleepwellbed.com\/lt\/wp-json\/wp\/v2\/product_cat?post=198142"},{"taxonomy":"product_tag","embeddable":true,"href":"https:\/\/sleepwellbed.com\/lt\/wp-json\/wp\/v2\/product_tag?post=198142"}],"curies":[{"name":"wp","href":"https:\/\/api.w.org\/{rel}","templated":true}]}}