{"id":198382,"date":"2023-01-24T06:40:05","date_gmt":"2023-01-24T04:40:05","guid":{"rendered":"https:\/\/sleepwellbed.com\/product\/hilding-rumba-vedrudeta-madrats\/"},"modified":"2026-05-01T04:51:55","modified_gmt":"2026-05-01T01:51:55","slug":"hilding-rumba-ciuzinys","status":"publish","type":"product","link":"https:\/\/sleepwellbed.com\/lt\/produktas\/hilding-rumba-ciuzinys\/","title":{"rendered":"HILDING RUMBA \u010cIU\u017dINYS"},"content":{"rendered":"<div><strong>7 zon\u0173 vienpusis \u010diu\u017einys.<\/strong><br \/>Vidutinis standumas.<\/p>\n<p>Vir\u0161utinis sluoksnis pagamintas i\u0161 storos viskoelastin\u0117s med\u017eiagos, kuri, veikiama k\u016bno temperat\u016bros, sudaro palaikan\u010di\u0105 form\u0105 aplink k\u016bn\u0105.<br \/>Apatinis \u010diu\u017einio sluoksnis yra pagamintas i\u0161 profiliuoto put\u0173 poliuretano \u201eVelvet Touch\u201c \u2013 ypatingo tipo HR put\u0173 poliuretano, kuris yra elastingesnis ir geriau prisitaikantis nei \u012fprastas HR put\u0173 poliuretanas.<br \/>\u201eVelvet Touch HR\u201c put\u0173 poliuretano auk\u0161tis 12,5 cm. Viskoelastin\u0117s med\u017eiagos auk\u0161tis 7cm.<\/p>\n<p>\u010ciu\u017ein\u012f galima \u012fsigyti dviem skirtingais u\u017evalkalais: Elips \u2013 dygsniuotas u\u017evalkalas su 3D audinio juostele + rankenomis \u0161onuose ir Medicott Velur &#8211; veli\u016brinis, mink\u0161tas u\u017evalkalas su 2 cm viskoelastin\u0117s med\u017eiagos sluoksniu viduje.<\/p>\n<p><strong>\u010ciu\u017eini\u0173 u\u017evalkalai yra nuimami ir plaunami. Elips u\u017evalkalas plaunamas iki 60\u00b0C temperat\u016bros, o Medicott Velur- iki 30\u00b0C temperat\u016bros vandenyje.<\/strong><br \/>\u010ciu\u017einio auk\u0161tis 22cm<br \/>Galimi plo\u010diai: 80, 90, 100, 120, 140, 160, 180 cm.<\/div>\n","protected":false},"excerpt":{"rendered":"<div>7 zon\u0173 vienpusis \u010diu\u017einys.<\/p>\n<p>Vidutinis standumas.<\/p>\n<p>\u010ciu\u017einio u\u017evalkal\u0105 galima i\u0161sirinkti i\u0161 dviej\u0173 skirting\u0173 variant\u0173.<\/p>\n<p>\u010ciu\u017einio u\u017evalkalas yra nuimamas ir plaunamas iki 60\u00b0C temperat\u016bros vandenyje.<\/p><\/div>\n","protected":false},"featured_media":564271,"template":"","meta":{"_acf_changed":false},"product_brand":[],"product_cat":[1191],"product_tag":[1192],"class_list":{"0":"post-198382","1":"product","2":"type-product","3":"status-publish","4":"has-post-thumbnail","6":"product_cat-putu-poliuretano-ciuziniai","7":"product_tag-hilding-lt","8":"description-off","10":"first","11":"outofstock","12":"sale","13":"taxable","14":"shipping-taxable","15":"purchasable","16":"product-type-variable"},"acf":[],"yoast_head":"<!-- This site is optimized with the Yoast SEO plugin v27.0 - https:\/\/yoast.com\/product\/yoast-seo-wordpress\/ -->\n<title>HILDING RUMBA \u010cIU\u017dINYS - Sleepwell<\/title>\n<meta name=\"robots\" content=\"index, follow, max-snippet:-1, max-image-preview:large, max-video-preview:-1\" \/>\n<link rel=\"canonical\" href=\"https:\/\/sleepwellbed.com\/lt\/produktas\/hilding-rumba-ciuzinys\/\" \/>\n<meta property=\"og:locale\" content=\"lt_LT\" \/>\n<meta property=\"og:type\" content=\"article\" \/>\n<meta property=\"og:title\" content=\"HILDING RUMBA \u010cIU\u017dINYS - Sleepwell\" \/>\n<meta property=\"og:description\" content=\"7 zon\u0173 vienpusis \u010diu\u017einys.Vidutinis standumas.\u010ciu\u017einio u\u017evalkal\u0105 galima i\u0161sirinkti i\u0161 dviej\u0173 skirting\u0173 variant\u0173.\u010ciu\u017einio u\u017evalkalas yra nuimamas ir plaunamas iki 60\u00b0C temperat\u016bros vandenyje.\" \/>\n<meta property=\"og:url\" content=\"https:\/\/sleepwellbed.com\/lt\/produktas\/hilding-rumba-ciuzinys\/\" \/>\n<meta property=\"og:site_name\" content=\"Sleepwell\" \/>\n<meta property=\"article:modified_time\" content=\"2026-05-01T01:51:55+00:00\" \/>\n<meta property=\"og:image\" content=\"https:\/\/sleepwellbed.com\/wp-content\/uploads\/2025\/11\/rumba_elips_keskmine.png\" \/>\n\t<meta property=\"og:image:width\" content=\"1489\" \/>\n\t<meta property=\"og:image:height\" content=\"723\" \/>\n\t<meta property=\"og:image:type\" content=\"image\/png\" \/>\n<meta name=\"twitter:card\" content=\"summary_large_image\" \/>\n<meta name=\"twitter:label1\" content=\"Est. reading time\" \/>\n\t<meta name=\"twitter:data1\" content=\"1 minut\u0117\" \/>\n<script type=\"application\/ld+json\" class=\"yoast-schema-graph\">{\"@context\":\"https:\/\/schema.org\",\"@graph\":[{\"@type\":\"WebPage\",\"@id\":\"https:\/\/sleepwellbed.com\/lt\/produktas\/hilding-rumba-ciuzinys\/\",\"url\":\"https:\/\/sleepwellbed.com\/lt\/produktas\/hilding-rumba-ciuzinys\/\",\"name\":\"HILDING RUMBA \u010cIU\u017dINYS - Sleepwell\",\"isPartOf\":{\"@id\":\"https:\/\/sleepwellbed.com\/#website\"},\"primaryImageOfPage\":{\"@id\":\"https:\/\/sleepwellbed.com\/lt\/produktas\/hilding-rumba-ciuzinys\/#primaryimage\"},\"image\":{\"@id\":\"https:\/\/sleepwellbed.com\/lt\/produktas\/hilding-rumba-ciuzinys\/#primaryimage\"},\"thumbnailUrl\":\"https:\/\/sleepwellbed.com\/wp-content\/uploads\/2025\/11\/rumba_elips_keskmine.png\",\"datePublished\":\"2023-01-24T04:40:05+00:00\",\"dateModified\":\"2026-05-01T01:51:55+00:00\",\"breadcrumb\":{\"@id\":\"https:\/\/sleepwellbed.com\/lt\/produktas\/hilding-rumba-ciuzinys\/#breadcrumb\"},\"inLanguage\":\"lt-LT\",\"potentialAction\":[{\"@type\":\"ReadAction\",\"target\":[\"https:\/\/sleepwellbed.com\/lt\/produktas\/hilding-rumba-ciuzinys\/\"]}]},{\"@type\":\"ImageObject\",\"inLanguage\":\"lt-LT\",\"@id\":\"https:\/\/sleepwellbed.com\/lt\/produktas\/hilding-rumba-ciuzinys\/#primaryimage\",\"url\":\"https:\/\/sleepwellbed.com\/wp-content\/uploads\/2025\/11\/rumba_elips_keskmine.png\",\"contentUrl\":\"https:\/\/sleepwellbed.com\/wp-content\/uploads\/2025\/11\/rumba_elips_keskmine.png\",\"width\":1489,\"height\":723},{\"@type\":\"BreadcrumbList\",\"@id\":\"https:\/\/sleepwellbed.com\/lt\/produktas\/hilding-rumba-ciuzinys\/#breadcrumb\",\"itemListElement\":[{\"@type\":\"ListItem\",\"position\":1,\"name\":\"Home\",\"item\":\"https:\/\/sleepwellbed.com\/lt\/\"},{\"@type\":\"ListItem\",\"position\":2,\"name\":\"Produktai\",\"item\":\"https:\/\/sleepwellbed.com\/lt\/produktai\/\"},{\"@type\":\"ListItem\",\"position\":3,\"name\":\"HILDING RUMBA \u010cIU\u017dINYS\"}]},{\"@type\":\"WebSite\",\"@id\":\"https:\/\/sleepwellbed.com\/#website\",\"url\":\"https:\/\/sleepwellbed.com\/\",\"name\":\"Sleepwell\",\"description\":\"\",\"potentialAction\":[{\"@type\":\"SearchAction\",\"target\":{\"@type\":\"EntryPoint\",\"urlTemplate\":\"https:\/\/sleepwellbed.com\/?s={search_term_string}\"},\"query-input\":{\"@type\":\"PropertyValueSpecification\",\"valueRequired\":true,\"valueName\":\"search_term_string\"}}],\"inLanguage\":\"lt-LT\"}]}<\/script>\n<!-- \/ Yoast SEO plugin. -->","yoast_head_json":{"title":"HILDING RUMBA \u010cIU\u017dINYS - Sleepwell","robots":{"index":"index","follow":"follow","max-snippet":"max-snippet:-1","max-image-preview":"max-image-preview:large","max-video-preview":"max-video-preview:-1"},"canonical":"https:\/\/sleepwellbed.com\/lt\/produktas\/hilding-rumba-ciuzinys\/","og_locale":"lt_LT","og_type":"article","og_title":"HILDING RUMBA \u010cIU\u017dINYS - Sleepwell","og_description":"7 zon\u0173 vienpusis \u010diu\u017einys.Vidutinis standumas.\u010ciu\u017einio u\u017evalkal\u0105 galima i\u0161sirinkti i\u0161 dviej\u0173 skirting\u0173 variant\u0173.\u010ciu\u017einio u\u017evalkalas yra nuimamas ir plaunamas iki 60\u00b0C temperat\u016bros vandenyje.","og_url":"https:\/\/sleepwellbed.com\/lt\/produktas\/hilding-rumba-ciuzinys\/","og_site_name":"Sleepwell","article_modified_time":"2026-05-01T01:51:55+00:00","og_image":[{"width":1489,"height":723,"url":"https:\/\/sleepwellbed.com\/wp-content\/uploads\/2025\/11\/rumba_elips_keskmine.png","type":"image\/png"}],"twitter_card":"summary_large_image","twitter_misc":{"Est. reading time":"1 minut\u0117"},"schema":{"@context":"https:\/\/schema.org","@graph":[{"@type":"WebPage","@id":"https:\/\/sleepwellbed.com\/lt\/produktas\/hilding-rumba-ciuzinys\/","url":"https:\/\/sleepwellbed.com\/lt\/produktas\/hilding-rumba-ciuzinys\/","name":"HILDING RUMBA \u010cIU\u017dINYS - Sleepwell","isPartOf":{"@id":"https:\/\/sleepwellbed.com\/#website"},"primaryImageOfPage":{"@id":"https:\/\/sleepwellbed.com\/lt\/produktas\/hilding-rumba-ciuzinys\/#primaryimage"},"image":{"@id":"https:\/\/sleepwellbed.com\/lt\/produktas\/hilding-rumba-ciuzinys\/#primaryimage"},"thumbnailUrl":"https:\/\/sleepwellbed.com\/wp-content\/uploads\/2025\/11\/rumba_elips_keskmine.png","datePublished":"2023-01-24T04:40:05+00:00","dateModified":"2026-05-01T01:51:55+00:00","breadcrumb":{"@id":"https:\/\/sleepwellbed.com\/lt\/produktas\/hilding-rumba-ciuzinys\/#breadcrumb"},"inLanguage":"lt-LT","potentialAction":[{"@type":"ReadAction","target":["https:\/\/sleepwellbed.com\/lt\/produktas\/hilding-rumba-ciuzinys\/"]}]},{"@type":"ImageObject","inLanguage":"lt-LT","@id":"https:\/\/sleepwellbed.com\/lt\/produktas\/hilding-rumba-ciuzinys\/#primaryimage","url":"https:\/\/sleepwellbed.com\/wp-content\/uploads\/2025\/11\/rumba_elips_keskmine.png","contentUrl":"https:\/\/sleepwellbed.com\/wp-content\/uploads\/2025\/11\/rumba_elips_keskmine.png","width":1489,"height":723},{"@type":"BreadcrumbList","@id":"https:\/\/sleepwellbed.com\/lt\/produktas\/hilding-rumba-ciuzinys\/#breadcrumb","itemListElement":[{"@type":"ListItem","position":1,"name":"Home","item":"https:\/\/sleepwellbed.com\/lt\/"},{"@type":"ListItem","position":2,"name":"Produktai","item":"https:\/\/sleepwellbed.com\/lt\/produktai\/"},{"@type":"ListItem","position":3,"name":"HILDING RUMBA \u010cIU\u017dINYS"}]},{"@type":"WebSite","@id":"https:\/\/sleepwellbed.com\/#website","url":"https:\/\/sleepwellbed.com\/","name":"Sleepwell","description":"","potentialAction":[{"@type":"SearchAction","target":{"@type":"EntryPoint","urlTemplate":"https:\/\/sleepwellbed.com\/?s={search_term_string}"},"query-input":{"@type":"PropertyValueSpecification","valueRequired":true,"valueName":"search_term_string"}}],"inLanguage":"lt-LT"}]}},"_links":{"self":[{"href":"https:\/\/sleepwellbed.com\/lt\/wp-json\/wp\/v2\/product\/198382","targetHints":{"allow":["GET"]}}],"collection":[{"href":"https:\/\/sleepwellbed.com\/lt\/wp-json\/wp\/v2\/product"}],"about":[{"href":"https:\/\/sleepwellbed.com\/lt\/wp-json\/wp\/v2\/types\/product"}],"wp:featuredmedia":[{"embeddable":true,"href":"https:\/\/sleepwellbed.com\/lt\/wp-json\/wp\/v2\/media\/564271"}],"wp:attachment":[{"href":"https:\/\/sleepwellbed.com\/lt\/wp-json\/wp\/v2\/media?parent=198382"}],"wp:term":[{"taxonomy":"product_brand","embeddable":true,"href":"https:\/\/sleepwellbed.com\/lt\/wp-json\/wp\/v2\/product_brand?post=198382"},{"taxonomy":"product_cat","embeddable":true,"href":"https:\/\/sleepwellbed.com\/lt\/wp-json\/wp\/v2\/product_cat?post=198382"},{"taxonomy":"product_tag","embeddable":true,"href":"https:\/\/sleepwellbed.com\/lt\/wp-json\/wp\/v2\/product_tag?post=198382"}],"curies":[{"name":"wp","href":"https:\/\/api.w.org\/{rel}","templated":true}]}}