{"id":198854,"date":"2023-01-24T08:10:05","date_gmt":"2023-01-24T06:10:05","guid":{"rendered":"https:\/\/sleepwellbed.com\/product\/hilding-conga-vedrudeta-madrats\/"},"modified":"2026-04-17T04:52:03","modified_gmt":"2026-04-17T01:52:03","slug":"hilding-conga-cashmere-ciuzinys","status":"publish","type":"product","link":"https:\/\/sleepwellbed.com\/lt\/produktas\/hilding-conga-cashmere-ciuzinys\/","title":{"rendered":"HILDING CONGA CASHMERE \u010cIU\u017dINYS"},"content":{"rendered":"<div><strong>7 zon\u0173 dvipusis \u010diu\u017einys.<\/strong><br \/>\u010ciu\u017einys pagamintas i\u0161 kieto profiliuoto HR put\u0173 poliuretano, kuris puikiai tinka didesnio k\u016bno svorio (iki 120 kg) \u017emon\u0117ms. Velvet \u010diu\u017einio danga turi antialergin\u012f poveik\u012f. (Tas pats kaip Sensity).<br \/>\u0160onuose yra 3D audinio juostel\u0117, kad b\u016bt\u0173 geriau v\u0117dinama. \u0160onuose yra rankenos \u010diu\u017einiui pakelti.<br \/><strong><br \/>\u010ciu\u017einio u\u017evalkalas yra nuimamas ir plaunamas iki 40 laipsni\u0173 temperat\u016bros vandenyje<\/strong><br \/>Galimi plo\u010diai: 80, 90, 100, 120, 140, 160, 180 cm.<\/div>\n","protected":false},"excerpt":{"rendered":"<div>7 zon\u0173 dvipusis \u010diu\u017einys.<\/p>\n<p>\u010ciu\u017einys pagamintas i\u0161 kieto profiliuoto HR put\u0173 poliuretano.<\/p>\n<p>\u010ciu\u017einio u\u017evalkalas yra nuimamas ir plaunamas iki 60 laipsni\u0173 temperat\u016bros vandenyje.<\/p><\/div>\n","protected":false},"featured_media":564309,"template":"","meta":{"_acf_changed":false},"product_brand":[],"product_cat":[1191],"product_tag":[1192],"class_list":{"0":"post-198854","1":"product","2":"type-product","3":"status-publish","4":"has-post-thumbnail","6":"product_cat-putu-poliuretano-ciuziniai","7":"product_tag-hilding-lt","8":"description-off","10":"first","11":"outofstock","12":"sale","13":"taxable","14":"shipping-taxable","15":"purchasable","16":"product-type-variable"},"acf":[],"yoast_head":"<!-- This site is optimized with the Yoast SEO plugin v27.0 - https:\/\/yoast.com\/product\/yoast-seo-wordpress\/ -->\n<title>HILDING CONGA CASHMERE \u010cIU\u017dINYS - Sleepwell<\/title>\n<meta name=\"robots\" content=\"index, follow, max-snippet:-1, max-image-preview:large, max-video-preview:-1\" \/>\n<link rel=\"canonical\" href=\"https:\/\/sleepwellbed.com\/lt\/produktas\/hilding-conga-cashmere-ciuzinys\/\" \/>\n<meta property=\"og:locale\" content=\"lt_LT\" \/>\n<meta property=\"og:type\" content=\"article\" \/>\n<meta property=\"og:title\" content=\"HILDING CONGA CASHMERE \u010cIU\u017dINYS - Sleepwell\" \/>\n<meta property=\"og:description\" content=\"7 zon\u0173 dvipusis \u010diu\u017einys.\u010ciu\u017einys pagamintas i\u0161 kieto profiliuoto HR put\u0173 poliuretano.\u010ciu\u017einio u\u017evalkalas yra nuimamas ir plaunamas iki 60 laipsni\u0173 temperat\u016bros vandenyje.\" \/>\n<meta property=\"og:url\" content=\"https:\/\/sleepwellbed.com\/lt\/produktas\/hilding-conga-cashmere-ciuzinys\/\" \/>\n<meta property=\"og:site_name\" content=\"Sleepwell\" \/>\n<meta property=\"article:modified_time\" content=\"2026-04-17T01:52:03+00:00\" \/>\n<meta property=\"og:image\" content=\"https:\/\/sleepwellbed.com\/wp-content\/uploads\/2025\/11\/conga_wyciety-kopia.png\" \/>\n\t<meta property=\"og:image:width\" content=\"1600\" \/>\n\t<meta property=\"og:image:height\" content=\"913\" \/>\n\t<meta property=\"og:image:type\" content=\"image\/png\" \/>\n<meta name=\"twitter:card\" content=\"summary_large_image\" \/>\n<meta name=\"twitter:label1\" content=\"Est. reading time\" \/>\n\t<meta name=\"twitter:data1\" content=\"1 minut\u0117\" \/>\n<script type=\"application\/ld+json\" class=\"yoast-schema-graph\">{\"@context\":\"https:\/\/schema.org\",\"@graph\":[{\"@type\":\"WebPage\",\"@id\":\"https:\/\/sleepwellbed.com\/lt\/produktas\/hilding-conga-cashmere-ciuzinys\/\",\"url\":\"https:\/\/sleepwellbed.com\/lt\/produktas\/hilding-conga-cashmere-ciuzinys\/\",\"name\":\"HILDING CONGA CASHMERE \u010cIU\u017dINYS - Sleepwell\",\"isPartOf\":{\"@id\":\"https:\/\/sleepwellbed.com\/#website\"},\"primaryImageOfPage\":{\"@id\":\"https:\/\/sleepwellbed.com\/lt\/produktas\/hilding-conga-cashmere-ciuzinys\/#primaryimage\"},\"image\":{\"@id\":\"https:\/\/sleepwellbed.com\/lt\/produktas\/hilding-conga-cashmere-ciuzinys\/#primaryimage\"},\"thumbnailUrl\":\"https:\/\/sleepwellbed.com\/wp-content\/uploads\/2025\/11\/conga_wyciety-kopia.png\",\"datePublished\":\"2023-01-24T06:10:05+00:00\",\"dateModified\":\"2026-04-17T01:52:03+00:00\",\"breadcrumb\":{\"@id\":\"https:\/\/sleepwellbed.com\/lt\/produktas\/hilding-conga-cashmere-ciuzinys\/#breadcrumb\"},\"inLanguage\":\"lt-LT\",\"potentialAction\":[{\"@type\":\"ReadAction\",\"target\":[\"https:\/\/sleepwellbed.com\/lt\/produktas\/hilding-conga-cashmere-ciuzinys\/\"]}]},{\"@type\":\"ImageObject\",\"inLanguage\":\"lt-LT\",\"@id\":\"https:\/\/sleepwellbed.com\/lt\/produktas\/hilding-conga-cashmere-ciuzinys\/#primaryimage\",\"url\":\"https:\/\/sleepwellbed.com\/wp-content\/uploads\/2025\/11\/conga_wyciety-kopia.png\",\"contentUrl\":\"https:\/\/sleepwellbed.com\/wp-content\/uploads\/2025\/11\/conga_wyciety-kopia.png\",\"width\":1600,\"height\":913},{\"@type\":\"BreadcrumbList\",\"@id\":\"https:\/\/sleepwellbed.com\/lt\/produktas\/hilding-conga-cashmere-ciuzinys\/#breadcrumb\",\"itemListElement\":[{\"@type\":\"ListItem\",\"position\":1,\"name\":\"Home\",\"item\":\"https:\/\/sleepwellbed.com\/lt\/\"},{\"@type\":\"ListItem\",\"position\":2,\"name\":\"Produktai\",\"item\":\"https:\/\/sleepwellbed.com\/lt\/produktai\/\"},{\"@type\":\"ListItem\",\"position\":3,\"name\":\"HILDING CONGA CASHMERE \u010cIU\u017dINYS\"}]},{\"@type\":\"WebSite\",\"@id\":\"https:\/\/sleepwellbed.com\/#website\",\"url\":\"https:\/\/sleepwellbed.com\/\",\"name\":\"Sleepwell\",\"description\":\"\",\"potentialAction\":[{\"@type\":\"SearchAction\",\"target\":{\"@type\":\"EntryPoint\",\"urlTemplate\":\"https:\/\/sleepwellbed.com\/?s={search_term_string}\"},\"query-input\":{\"@type\":\"PropertyValueSpecification\",\"valueRequired\":true,\"valueName\":\"search_term_string\"}}],\"inLanguage\":\"lt-LT\"}]}<\/script>\n<!-- \/ Yoast SEO plugin. -->","yoast_head_json":{"title":"HILDING CONGA CASHMERE \u010cIU\u017dINYS - Sleepwell","robots":{"index":"index","follow":"follow","max-snippet":"max-snippet:-1","max-image-preview":"max-image-preview:large","max-video-preview":"max-video-preview:-1"},"canonical":"https:\/\/sleepwellbed.com\/lt\/produktas\/hilding-conga-cashmere-ciuzinys\/","og_locale":"lt_LT","og_type":"article","og_title":"HILDING CONGA CASHMERE \u010cIU\u017dINYS - Sleepwell","og_description":"7 zon\u0173 dvipusis \u010diu\u017einys.\u010ciu\u017einys pagamintas i\u0161 kieto profiliuoto HR put\u0173 poliuretano.\u010ciu\u017einio u\u017evalkalas yra nuimamas ir plaunamas iki 60 laipsni\u0173 temperat\u016bros vandenyje.","og_url":"https:\/\/sleepwellbed.com\/lt\/produktas\/hilding-conga-cashmere-ciuzinys\/","og_site_name":"Sleepwell","article_modified_time":"2026-04-17T01:52:03+00:00","og_image":[{"width":1600,"height":913,"url":"https:\/\/sleepwellbed.com\/wp-content\/uploads\/2025\/11\/conga_wyciety-kopia.png","type":"image\/png"}],"twitter_card":"summary_large_image","twitter_misc":{"Est. reading time":"1 minut\u0117"},"schema":{"@context":"https:\/\/schema.org","@graph":[{"@type":"WebPage","@id":"https:\/\/sleepwellbed.com\/lt\/produktas\/hilding-conga-cashmere-ciuzinys\/","url":"https:\/\/sleepwellbed.com\/lt\/produktas\/hilding-conga-cashmere-ciuzinys\/","name":"HILDING CONGA CASHMERE \u010cIU\u017dINYS - Sleepwell","isPartOf":{"@id":"https:\/\/sleepwellbed.com\/#website"},"primaryImageOfPage":{"@id":"https:\/\/sleepwellbed.com\/lt\/produktas\/hilding-conga-cashmere-ciuzinys\/#primaryimage"},"image":{"@id":"https:\/\/sleepwellbed.com\/lt\/produktas\/hilding-conga-cashmere-ciuzinys\/#primaryimage"},"thumbnailUrl":"https:\/\/sleepwellbed.com\/wp-content\/uploads\/2025\/11\/conga_wyciety-kopia.png","datePublished":"2023-01-24T06:10:05+00:00","dateModified":"2026-04-17T01:52:03+00:00","breadcrumb":{"@id":"https:\/\/sleepwellbed.com\/lt\/produktas\/hilding-conga-cashmere-ciuzinys\/#breadcrumb"},"inLanguage":"lt-LT","potentialAction":[{"@type":"ReadAction","target":["https:\/\/sleepwellbed.com\/lt\/produktas\/hilding-conga-cashmere-ciuzinys\/"]}]},{"@type":"ImageObject","inLanguage":"lt-LT","@id":"https:\/\/sleepwellbed.com\/lt\/produktas\/hilding-conga-cashmere-ciuzinys\/#primaryimage","url":"https:\/\/sleepwellbed.com\/wp-content\/uploads\/2025\/11\/conga_wyciety-kopia.png","contentUrl":"https:\/\/sleepwellbed.com\/wp-content\/uploads\/2025\/11\/conga_wyciety-kopia.png","width":1600,"height":913},{"@type":"BreadcrumbList","@id":"https:\/\/sleepwellbed.com\/lt\/produktas\/hilding-conga-cashmere-ciuzinys\/#breadcrumb","itemListElement":[{"@type":"ListItem","position":1,"name":"Home","item":"https:\/\/sleepwellbed.com\/lt\/"},{"@type":"ListItem","position":2,"name":"Produktai","item":"https:\/\/sleepwellbed.com\/lt\/produktai\/"},{"@type":"ListItem","position":3,"name":"HILDING CONGA CASHMERE \u010cIU\u017dINYS"}]},{"@type":"WebSite","@id":"https:\/\/sleepwellbed.com\/#website","url":"https:\/\/sleepwellbed.com\/","name":"Sleepwell","description":"","potentialAction":[{"@type":"SearchAction","target":{"@type":"EntryPoint","urlTemplate":"https:\/\/sleepwellbed.com\/?s={search_term_string}"},"query-input":{"@type":"PropertyValueSpecification","valueRequired":true,"valueName":"search_term_string"}}],"inLanguage":"lt-LT"}]}},"_links":{"self":[{"href":"https:\/\/sleepwellbed.com\/lt\/wp-json\/wp\/v2\/product\/198854","targetHints":{"allow":["GET"]}}],"collection":[{"href":"https:\/\/sleepwellbed.com\/lt\/wp-json\/wp\/v2\/product"}],"about":[{"href":"https:\/\/sleepwellbed.com\/lt\/wp-json\/wp\/v2\/types\/product"}],"wp:featuredmedia":[{"embeddable":true,"href":"https:\/\/sleepwellbed.com\/lt\/wp-json\/wp\/v2\/media\/564309"}],"wp:attachment":[{"href":"https:\/\/sleepwellbed.com\/lt\/wp-json\/wp\/v2\/media?parent=198854"}],"wp:term":[{"taxonomy":"product_brand","embeddable":true,"href":"https:\/\/sleepwellbed.com\/lt\/wp-json\/wp\/v2\/product_brand?post=198854"},{"taxonomy":"product_cat","embeddable":true,"href":"https:\/\/sleepwellbed.com\/lt\/wp-json\/wp\/v2\/product_cat?post=198854"},{"taxonomy":"product_tag","embeddable":true,"href":"https:\/\/sleepwellbed.com\/lt\/wp-json\/wp\/v2\/product_tag?post=198854"}],"curies":[{"name":"wp","href":"https:\/\/api.w.org\/{rel}","templated":true}]}}