{"id":198986,"date":"2023-01-24T08:40:05","date_gmt":"2023-01-24T06:40:05","guid":{"rendered":"https:\/\/sleepwellbed.com\/product\/hilding-dobranocka-vedrudeta-beebimadrats\/"},"modified":"2026-04-14T04:52:33","modified_gmt":"2026-04-14T01:52:33","slug":"hilding-dobranocka-lotus-ciuzinys-kudikiui","status":"publish","type":"product","link":"https:\/\/sleepwellbed.com\/lt\/produktas\/hilding-dobranocka-lotus-ciuzinys-kudikiui\/","title":{"rendered":"HILDING DOBRANOCKA LOTUS \u010cIU\u017dINYS K\u016aDIKIUI"},"content":{"rendered":"<p>\u010ciu\u017einio branduol\u012f sudaro profiliuotas padidinto elastingumo,orui pralaidus orui Flexifoam put\u0173 poliuretanas.<\/p>\n<p>\u010ciu\u017einys yra anatominis, t.y. idealiai prisitaiko prie ma\u017eylio k\u016bno, o put\u0173 poliuretano poros bei profiliuoti kanalai u\u017etikrina ideal\u0173 oro pralaidum\u0105 bei u\u017ekerta keli\u0105 prakaito kaupimuisi.<br \/>\u010ciu\u017einio u\u017evalkalas Heros skirtas specialiai vaikams \u2013 antialerginis, \u0161velnus, su vaiki\u0161kais pie\u0161inukais. U\u017evalkalo audinyje nenaudojami optiniai balikliai (OB Free).<\/p>\n<p>\u010ciu\u017einio auk\u0161tis \u2013 11 cm.<br \/>Nuvelkamas \u010diu\u017einio u\u017evalkalas atitinka tarptautin\u012f \u00d6ko-Tex 100 standart\u0105 (pagaminti tausojant gamt\u0105 bei nenaudojant \u017emogui kenksming\u0173 <strong>med\u017eiag\u0173) yra plaunamas iki 60 laipsni\u0173 C temperat\u016bros vandenyje.<\/strong><\/p>\n","protected":false},"excerpt":{"rendered":"<p>\u010ciu\u017einio branduol\u012f sudaro profiliuotas padidinto elastingumo,orui pralaidus put\u0173 poliuretanas.<\/p>\n<p>\u010ciu\u017einio u\u017evalkalas Heros skirtas specialiai vaikams \u2013 antialerginis, \u0161velnus, su vaiki\u0161kais pie\u0161inukais.<\/p>\n","protected":false},"featured_media":564321,"template":"","meta":{"_acf_changed":false},"product_brand":[],"product_cat":[1191],"product_tag":[1192],"class_list":{"0":"post-198986","1":"product","2":"type-product","3":"status-publish","4":"has-post-thumbnail","6":"product_cat-putu-poliuretano-ciuziniai","7":"product_tag-hilding-lt","8":"description-off","10":"first","11":"outofstock","12":"sale","13":"taxable","14":"shipping-taxable","15":"purchasable","16":"product-type-variable"},"acf":[],"yoast_head":"<!-- This site is optimized with the Yoast SEO plugin v27.0 - https:\/\/yoast.com\/product\/yoast-seo-wordpress\/ -->\n<title>HILDING DOBRANOCKA LOTUS \u010cIU\u017dINYS K\u016aDIKIUI - Sleepwell<\/title>\n<meta name=\"robots\" content=\"index, follow, max-snippet:-1, max-image-preview:large, max-video-preview:-1\" \/>\n<link rel=\"canonical\" href=\"https:\/\/sleepwellbed.com\/lt\/produktas\/hilding-dobranocka-lotus-ciuzinys-kudikiui\/\" \/>\n<meta property=\"og:locale\" content=\"lt_LT\" \/>\n<meta property=\"og:type\" content=\"article\" \/>\n<meta property=\"og:title\" content=\"HILDING DOBRANOCKA LOTUS \u010cIU\u017dINYS K\u016aDIKIUI - Sleepwell\" \/>\n<meta property=\"og:description\" content=\"\u010ciu\u017einio branduol\u012f sudaro profiliuotas padidinto elastingumo,orui pralaidus put\u0173 poliuretanas.\u010ciu\u017einio u\u017evalkalas Heros skirtas specialiai vaikams \u2013 antialerginis, \u0161velnus, su vaiki\u0161kais pie\u0161inukais.\" \/>\n<meta property=\"og:url\" content=\"https:\/\/sleepwellbed.com\/lt\/produktas\/hilding-dobranocka-lotus-ciuzinys-kudikiui\/\" \/>\n<meta property=\"og:site_name\" content=\"Sleepwell\" \/>\n<meta property=\"article:modified_time\" content=\"2026-04-14T01:52:33+00:00\" \/>\n<meta property=\"og:image\" content=\"https:\/\/sleepwellbed.com\/wp-content\/uploads\/2025\/11\/dobranocka_wyciety-1.png\" \/>\n\t<meta property=\"og:image:width\" content=\"1600\" \/>\n\t<meta property=\"og:image:height\" content=\"913\" \/>\n\t<meta property=\"og:image:type\" content=\"image\/png\" \/>\n<meta name=\"twitter:card\" content=\"summary_large_image\" \/>\n<meta name=\"twitter:label1\" content=\"Est. reading time\" \/>\n\t<meta name=\"twitter:data1\" content=\"1 minut\u0117\" \/>\n<script type=\"application\/ld+json\" class=\"yoast-schema-graph\">{\"@context\":\"https:\/\/schema.org\",\"@graph\":[{\"@type\":\"WebPage\",\"@id\":\"https:\/\/sleepwellbed.com\/lt\/produktas\/hilding-dobranocka-lotus-ciuzinys-kudikiui\/\",\"url\":\"https:\/\/sleepwellbed.com\/lt\/produktas\/hilding-dobranocka-lotus-ciuzinys-kudikiui\/\",\"name\":\"HILDING DOBRANOCKA LOTUS \u010cIU\u017dINYS K\u016aDIKIUI - Sleepwell\",\"isPartOf\":{\"@id\":\"https:\/\/sleepwellbed.com\/#website\"},\"primaryImageOfPage\":{\"@id\":\"https:\/\/sleepwellbed.com\/lt\/produktas\/hilding-dobranocka-lotus-ciuzinys-kudikiui\/#primaryimage\"},\"image\":{\"@id\":\"https:\/\/sleepwellbed.com\/lt\/produktas\/hilding-dobranocka-lotus-ciuzinys-kudikiui\/#primaryimage\"},\"thumbnailUrl\":\"https:\/\/sleepwellbed.com\/wp-content\/uploads\/2025\/11\/dobranocka_wyciety-1.png\",\"datePublished\":\"2023-01-24T06:40:05+00:00\",\"dateModified\":\"2026-04-14T01:52:33+00:00\",\"breadcrumb\":{\"@id\":\"https:\/\/sleepwellbed.com\/lt\/produktas\/hilding-dobranocka-lotus-ciuzinys-kudikiui\/#breadcrumb\"},\"inLanguage\":\"lt-LT\",\"potentialAction\":[{\"@type\":\"ReadAction\",\"target\":[\"https:\/\/sleepwellbed.com\/lt\/produktas\/hilding-dobranocka-lotus-ciuzinys-kudikiui\/\"]}]},{\"@type\":\"ImageObject\",\"inLanguage\":\"lt-LT\",\"@id\":\"https:\/\/sleepwellbed.com\/lt\/produktas\/hilding-dobranocka-lotus-ciuzinys-kudikiui\/#primaryimage\",\"url\":\"https:\/\/sleepwellbed.com\/wp-content\/uploads\/2025\/11\/dobranocka_wyciety-1.png\",\"contentUrl\":\"https:\/\/sleepwellbed.com\/wp-content\/uploads\/2025\/11\/dobranocka_wyciety-1.png\",\"width\":1600,\"height\":913},{\"@type\":\"BreadcrumbList\",\"@id\":\"https:\/\/sleepwellbed.com\/lt\/produktas\/hilding-dobranocka-lotus-ciuzinys-kudikiui\/#breadcrumb\",\"itemListElement\":[{\"@type\":\"ListItem\",\"position\":1,\"name\":\"Home\",\"item\":\"https:\/\/sleepwellbed.com\/lt\/\"},{\"@type\":\"ListItem\",\"position\":2,\"name\":\"Produktai\",\"item\":\"https:\/\/sleepwellbed.com\/lt\/produktai\/\"},{\"@type\":\"ListItem\",\"position\":3,\"name\":\"HILDING DOBRANOCKA LOTUS \u010cIU\u017dINYS K\u016aDIKIUI\"}]},{\"@type\":\"WebSite\",\"@id\":\"https:\/\/sleepwellbed.com\/#website\",\"url\":\"https:\/\/sleepwellbed.com\/\",\"name\":\"Sleepwell\",\"description\":\"\",\"potentialAction\":[{\"@type\":\"SearchAction\",\"target\":{\"@type\":\"EntryPoint\",\"urlTemplate\":\"https:\/\/sleepwellbed.com\/?s={search_term_string}\"},\"query-input\":{\"@type\":\"PropertyValueSpecification\",\"valueRequired\":true,\"valueName\":\"search_term_string\"}}],\"inLanguage\":\"lt-LT\"}]}<\/script>\n<!-- \/ Yoast SEO plugin. -->","yoast_head_json":{"title":"HILDING DOBRANOCKA LOTUS \u010cIU\u017dINYS K\u016aDIKIUI - Sleepwell","robots":{"index":"index","follow":"follow","max-snippet":"max-snippet:-1","max-image-preview":"max-image-preview:large","max-video-preview":"max-video-preview:-1"},"canonical":"https:\/\/sleepwellbed.com\/lt\/produktas\/hilding-dobranocka-lotus-ciuzinys-kudikiui\/","og_locale":"lt_LT","og_type":"article","og_title":"HILDING DOBRANOCKA LOTUS \u010cIU\u017dINYS K\u016aDIKIUI - Sleepwell","og_description":"\u010ciu\u017einio branduol\u012f sudaro profiliuotas padidinto elastingumo,orui pralaidus put\u0173 poliuretanas.\u010ciu\u017einio u\u017evalkalas Heros skirtas specialiai vaikams \u2013 antialerginis, \u0161velnus, su vaiki\u0161kais pie\u0161inukais.","og_url":"https:\/\/sleepwellbed.com\/lt\/produktas\/hilding-dobranocka-lotus-ciuzinys-kudikiui\/","og_site_name":"Sleepwell","article_modified_time":"2026-04-14T01:52:33+00:00","og_image":[{"width":1600,"height":913,"url":"https:\/\/sleepwellbed.com\/wp-content\/uploads\/2025\/11\/dobranocka_wyciety-1.png","type":"image\/png"}],"twitter_card":"summary_large_image","twitter_misc":{"Est. reading time":"1 minut\u0117"},"schema":{"@context":"https:\/\/schema.org","@graph":[{"@type":"WebPage","@id":"https:\/\/sleepwellbed.com\/lt\/produktas\/hilding-dobranocka-lotus-ciuzinys-kudikiui\/","url":"https:\/\/sleepwellbed.com\/lt\/produktas\/hilding-dobranocka-lotus-ciuzinys-kudikiui\/","name":"HILDING DOBRANOCKA LOTUS \u010cIU\u017dINYS K\u016aDIKIUI - Sleepwell","isPartOf":{"@id":"https:\/\/sleepwellbed.com\/#website"},"primaryImageOfPage":{"@id":"https:\/\/sleepwellbed.com\/lt\/produktas\/hilding-dobranocka-lotus-ciuzinys-kudikiui\/#primaryimage"},"image":{"@id":"https:\/\/sleepwellbed.com\/lt\/produktas\/hilding-dobranocka-lotus-ciuzinys-kudikiui\/#primaryimage"},"thumbnailUrl":"https:\/\/sleepwellbed.com\/wp-content\/uploads\/2025\/11\/dobranocka_wyciety-1.png","datePublished":"2023-01-24T06:40:05+00:00","dateModified":"2026-04-14T01:52:33+00:00","breadcrumb":{"@id":"https:\/\/sleepwellbed.com\/lt\/produktas\/hilding-dobranocka-lotus-ciuzinys-kudikiui\/#breadcrumb"},"inLanguage":"lt-LT","potentialAction":[{"@type":"ReadAction","target":["https:\/\/sleepwellbed.com\/lt\/produktas\/hilding-dobranocka-lotus-ciuzinys-kudikiui\/"]}]},{"@type":"ImageObject","inLanguage":"lt-LT","@id":"https:\/\/sleepwellbed.com\/lt\/produktas\/hilding-dobranocka-lotus-ciuzinys-kudikiui\/#primaryimage","url":"https:\/\/sleepwellbed.com\/wp-content\/uploads\/2025\/11\/dobranocka_wyciety-1.png","contentUrl":"https:\/\/sleepwellbed.com\/wp-content\/uploads\/2025\/11\/dobranocka_wyciety-1.png","width":1600,"height":913},{"@type":"BreadcrumbList","@id":"https:\/\/sleepwellbed.com\/lt\/produktas\/hilding-dobranocka-lotus-ciuzinys-kudikiui\/#breadcrumb","itemListElement":[{"@type":"ListItem","position":1,"name":"Home","item":"https:\/\/sleepwellbed.com\/lt\/"},{"@type":"ListItem","position":2,"name":"Produktai","item":"https:\/\/sleepwellbed.com\/lt\/produktai\/"},{"@type":"ListItem","position":3,"name":"HILDING DOBRANOCKA LOTUS \u010cIU\u017dINYS K\u016aDIKIUI"}]},{"@type":"WebSite","@id":"https:\/\/sleepwellbed.com\/#website","url":"https:\/\/sleepwellbed.com\/","name":"Sleepwell","description":"","potentialAction":[{"@type":"SearchAction","target":{"@type":"EntryPoint","urlTemplate":"https:\/\/sleepwellbed.com\/?s={search_term_string}"},"query-input":{"@type":"PropertyValueSpecification","valueRequired":true,"valueName":"search_term_string"}}],"inLanguage":"lt-LT"}]}},"_links":{"self":[{"href":"https:\/\/sleepwellbed.com\/lt\/wp-json\/wp\/v2\/product\/198986","targetHints":{"allow":["GET"]}}],"collection":[{"href":"https:\/\/sleepwellbed.com\/lt\/wp-json\/wp\/v2\/product"}],"about":[{"href":"https:\/\/sleepwellbed.com\/lt\/wp-json\/wp\/v2\/types\/product"}],"wp:featuredmedia":[{"embeddable":true,"href":"https:\/\/sleepwellbed.com\/lt\/wp-json\/wp\/v2\/media\/564321"}],"wp:attachment":[{"href":"https:\/\/sleepwellbed.com\/lt\/wp-json\/wp\/v2\/media?parent=198986"}],"wp:term":[{"taxonomy":"product_brand","embeddable":true,"href":"https:\/\/sleepwellbed.com\/lt\/wp-json\/wp\/v2\/product_brand?post=198986"},{"taxonomy":"product_cat","embeddable":true,"href":"https:\/\/sleepwellbed.com\/lt\/wp-json\/wp\/v2\/product_cat?post=198986"},{"taxonomy":"product_tag","embeddable":true,"href":"https:\/\/sleepwellbed.com\/lt\/wp-json\/wp\/v2\/product_tag?post=198986"}],"curies":[{"name":"wp","href":"https:\/\/api.w.org\/{rel}","templated":true}]}}