{"id":523008,"date":"2025-02-01T02:35:04","date_gmt":"2025-02-01T00:35:04","guid":{"rendered":"https:\/\/sleepwellbed.com\/product\/kit-sw22-red-modular\/"},"modified":"2026-04-12T06:31:38","modified_gmt":"2026-04-12T03:31:38","slug":"red-modular-lova","status":"publish","type":"product","link":"https:\/\/sleepwellbed.com\/lt\/produktas\/red-modular-lova\/","title":{"rendered":"RED MODULAR lova"},"content":{"rendered":"<div>\u201eRED Modular\u201c lova yra modernus ir stilingas miegojimo sprendimas, kuriame dera patvari konstrukcija ir minimalistinis dizainas. Lovos r\u0117mas aptrauktas auk\u0161tos kokyb\u0117s audiniu, o tvirtas medinis karkasas u\u017etikrina ilgalaik\u012f patvarum\u0105.<br \/>Tvirta ir ilgaam\u017e\u0117 medin\u0117 konstrukcija<br \/>Patogus ir orui pralaidus lovos pagrindas su skersiniais<br \/>Lova lengvai surenkama ir suderinama su \u012fvairiais \u010diu\u017einiais<br \/>Minimalistinis ir nesenstantis dizainas, tinkantis bet kokiam interjerui<br \/>\u012e komplekt\u0105 \u012feina lovos r\u0117mas, galv\u016bgalis, skersiniai, atrama ir lovos kojel\u0117s. Spyruoklinis \u010diu\u017einys \u012f komplekt\u0105 ne\u012feina ir turi b\u016bti pasirenkamas atskirai.&nbsp;<\/p>\n<p>Galimi dyd\u017eiai: 120&#215;200, 140&#215;200, 160&#215;200, 180&#215;200.<\/p>\n<p>\u0160i lova \u2013 idealus pasirinkimas vertinantiems komfort\u0105, kokyb\u0119 ir modernaus dizaino estetik\u0105.<br \/>Papildykite savo miegam\u0105j\u012f \u201eRED Modular\u201c lova ir sukurkite tobul\u0105 miego aplink\u0105, kurioje gro\u017eis dera su komfortu!<br \/>\u0160is gaminys suprojektuotas ir pagamintas Estijoje, naudojant auk\u0161tos kokyb\u0117s patvarias med\u017eiagas. Visi gamyboje naudojami audiniai, medviln\u0117, vilna ir vatinas atitinka tarptautin\u012f \u201e\u00d6ko-Tex 100\u201c standart\u0105, kuris garantuoja j\u0173 ekologi\u0161kum\u0105 ir saugum\u0105.<\/div>\n","protected":false},"excerpt":{"rendered":"<div>\u201eRED Modular\u201c lova yra modernus ir stilingas miegojimo sprendimas, kuriame dera patvari konstrukcija ir minimalistinis dizainas. Lovos r\u0117mas aptrauktas auk\u0161tos kokyb\u0117s audiniu, o tvirtas medinis karkasas u\u017etikrina ilgalaik\u012f patvarum\u0105.<br \/>\u012e komplekt\u0105 \u012feina lovos r\u0117mas, galv\u016bgalis, skersiniai, atrama ir lovos kojel\u0117s.<\/div>\n","protected":false},"featured_media":564139,"template":"","meta":{"_acf_changed":false},"product_brand":[],"product_cat":[976],"product_tag":[1024],"class_list":{"0":"post-523008","1":"product","2":"type-product","3":"status-publish","4":"has-post-thumbnail","6":"product_cat-kusetes","7":"product_tag-red-lt","8":"description-off","10":"first","11":"outofstock","12":"sale","13":"featured","14":"taxable","15":"shipping-taxable","16":"purchasable","17":"product-type-variable"},"acf":[],"yoast_head":"<!-- This site is optimized with the Yoast SEO plugin v27.0 - https:\/\/yoast.com\/product\/yoast-seo-wordpress\/ -->\n<title>RED MODULAR lova - Sleepwell<\/title>\n<meta name=\"robots\" content=\"index, follow, max-snippet:-1, max-image-preview:large, max-video-preview:-1\" \/>\n<link rel=\"canonical\" href=\"https:\/\/sleepwellbed.com\/lt\/produktas\/red-modular-lova\/\" \/>\n<meta property=\"og:locale\" content=\"lt_LT\" \/>\n<meta property=\"og:type\" content=\"article\" \/>\n<meta property=\"og:title\" content=\"RED MODULAR lova - Sleepwell\" \/>\n<meta property=\"og:description\" content=\"\u201eRED Modular\u201c lova yra modernus ir stilingas miegojimo sprendimas, kuriame dera patvari konstrukcija ir minimalistinis dizainas. Lovos r\u0117mas aptrauktas auk\u0161tos kokyb\u0117s audiniu, o tvirtas medinis karkasas u\u017etikrina ilgalaik\u012f patvarum\u0105.\u012e komplekt\u0105 \u012feina lovos r\u0117mas, galv\u016bgalis, skersiniai, atrama ir lovos kojel\u0117s.\" \/>\n<meta property=\"og:url\" content=\"https:\/\/sleepwellbed.com\/lt\/produktas\/red-modular-lova\/\" \/>\n<meta property=\"og:site_name\" content=\"Sleepwell\" \/>\n<meta property=\"article:modified_time\" content=\"2026-04-12T03:31:38+00:00\" \/>\n<meta property=\"og:image\" content=\"https:\/\/sleepwellbed.com\/wp-content\/uploads\/2025\/11\/RED-Modular-voodi-180.png\" \/>\n\t<meta property=\"og:image:width\" content=\"1413\" \/>\n\t<meta property=\"og:image:height\" content=\"1000\" \/>\n\t<meta property=\"og:image:type\" content=\"image\/png\" \/>\n<meta name=\"twitter:card\" content=\"summary_large_image\" \/>\n<meta name=\"twitter:label1\" content=\"Est. reading time\" \/>\n\t<meta name=\"twitter:data1\" content=\"1 minut\u0117\" \/>\n<script type=\"application\/ld+json\" class=\"yoast-schema-graph\">{\"@context\":\"https:\/\/schema.org\",\"@graph\":[{\"@type\":\"WebPage\",\"@id\":\"https:\/\/sleepwellbed.com\/lt\/produktas\/red-modular-lova\/\",\"url\":\"https:\/\/sleepwellbed.com\/lt\/produktas\/red-modular-lova\/\",\"name\":\"RED MODULAR lova - Sleepwell\",\"isPartOf\":{\"@id\":\"https:\/\/sleepwellbed.com\/#website\"},\"primaryImageOfPage\":{\"@id\":\"https:\/\/sleepwellbed.com\/lt\/produktas\/red-modular-lova\/#primaryimage\"},\"image\":{\"@id\":\"https:\/\/sleepwellbed.com\/lt\/produktas\/red-modular-lova\/#primaryimage\"},\"thumbnailUrl\":\"https:\/\/sleepwellbed.com\/wp-content\/uploads\/2025\/11\/RED-Modular-voodi-180.png\",\"datePublished\":\"2025-02-01T00:35:04+00:00\",\"dateModified\":\"2026-04-12T03:31:38+00:00\",\"breadcrumb\":{\"@id\":\"https:\/\/sleepwellbed.com\/lt\/produktas\/red-modular-lova\/#breadcrumb\"},\"inLanguage\":\"lt-LT\",\"potentialAction\":[{\"@type\":\"ReadAction\",\"target\":[\"https:\/\/sleepwellbed.com\/lt\/produktas\/red-modular-lova\/\"]}]},{\"@type\":\"ImageObject\",\"inLanguage\":\"lt-LT\",\"@id\":\"https:\/\/sleepwellbed.com\/lt\/produktas\/red-modular-lova\/#primaryimage\",\"url\":\"https:\/\/sleepwellbed.com\/wp-content\/uploads\/2025\/11\/RED-Modular-voodi-180.png\",\"contentUrl\":\"https:\/\/sleepwellbed.com\/wp-content\/uploads\/2025\/11\/RED-Modular-voodi-180.png\",\"width\":1413,\"height\":1000},{\"@type\":\"BreadcrumbList\",\"@id\":\"https:\/\/sleepwellbed.com\/lt\/produktas\/red-modular-lova\/#breadcrumb\",\"itemListElement\":[{\"@type\":\"ListItem\",\"position\":1,\"name\":\"Home\",\"item\":\"https:\/\/sleepwellbed.com\/lt\/\"},{\"@type\":\"ListItem\",\"position\":2,\"name\":\"Produktai\",\"item\":\"https:\/\/sleepwellbed.com\/lt\/produktai\/\"},{\"@type\":\"ListItem\",\"position\":3,\"name\":\"RED MODULAR lova\"}]},{\"@type\":\"WebSite\",\"@id\":\"https:\/\/sleepwellbed.com\/#website\",\"url\":\"https:\/\/sleepwellbed.com\/\",\"name\":\"Sleepwell\",\"description\":\"\",\"potentialAction\":[{\"@type\":\"SearchAction\",\"target\":{\"@type\":\"EntryPoint\",\"urlTemplate\":\"https:\/\/sleepwellbed.com\/?s={search_term_string}\"},\"query-input\":{\"@type\":\"PropertyValueSpecification\",\"valueRequired\":true,\"valueName\":\"search_term_string\"}}],\"inLanguage\":\"lt-LT\"}]}<\/script>\n<!-- \/ Yoast SEO plugin. -->","yoast_head_json":{"title":"RED MODULAR lova - Sleepwell","robots":{"index":"index","follow":"follow","max-snippet":"max-snippet:-1","max-image-preview":"max-image-preview:large","max-video-preview":"max-video-preview:-1"},"canonical":"https:\/\/sleepwellbed.com\/lt\/produktas\/red-modular-lova\/","og_locale":"lt_LT","og_type":"article","og_title":"RED MODULAR lova - Sleepwell","og_description":"\u201eRED Modular\u201c lova yra modernus ir stilingas miegojimo sprendimas, kuriame dera patvari konstrukcija ir minimalistinis dizainas. Lovos r\u0117mas aptrauktas auk\u0161tos kokyb\u0117s audiniu, o tvirtas medinis karkasas u\u017etikrina ilgalaik\u012f patvarum\u0105.\u012e komplekt\u0105 \u012feina lovos r\u0117mas, galv\u016bgalis, skersiniai, atrama ir lovos kojel\u0117s.","og_url":"https:\/\/sleepwellbed.com\/lt\/produktas\/red-modular-lova\/","og_site_name":"Sleepwell","article_modified_time":"2026-04-12T03:31:38+00:00","og_image":[{"width":1413,"height":1000,"url":"https:\/\/sleepwellbed.com\/wp-content\/uploads\/2025\/11\/RED-Modular-voodi-180.png","type":"image\/png"}],"twitter_card":"summary_large_image","twitter_misc":{"Est. reading time":"1 minut\u0117"},"schema":{"@context":"https:\/\/schema.org","@graph":[{"@type":"WebPage","@id":"https:\/\/sleepwellbed.com\/lt\/produktas\/red-modular-lova\/","url":"https:\/\/sleepwellbed.com\/lt\/produktas\/red-modular-lova\/","name":"RED MODULAR lova - Sleepwell","isPartOf":{"@id":"https:\/\/sleepwellbed.com\/#website"},"primaryImageOfPage":{"@id":"https:\/\/sleepwellbed.com\/lt\/produktas\/red-modular-lova\/#primaryimage"},"image":{"@id":"https:\/\/sleepwellbed.com\/lt\/produktas\/red-modular-lova\/#primaryimage"},"thumbnailUrl":"https:\/\/sleepwellbed.com\/wp-content\/uploads\/2025\/11\/RED-Modular-voodi-180.png","datePublished":"2025-02-01T00:35:04+00:00","dateModified":"2026-04-12T03:31:38+00:00","breadcrumb":{"@id":"https:\/\/sleepwellbed.com\/lt\/produktas\/red-modular-lova\/#breadcrumb"},"inLanguage":"lt-LT","potentialAction":[{"@type":"ReadAction","target":["https:\/\/sleepwellbed.com\/lt\/produktas\/red-modular-lova\/"]}]},{"@type":"ImageObject","inLanguage":"lt-LT","@id":"https:\/\/sleepwellbed.com\/lt\/produktas\/red-modular-lova\/#primaryimage","url":"https:\/\/sleepwellbed.com\/wp-content\/uploads\/2025\/11\/RED-Modular-voodi-180.png","contentUrl":"https:\/\/sleepwellbed.com\/wp-content\/uploads\/2025\/11\/RED-Modular-voodi-180.png","width":1413,"height":1000},{"@type":"BreadcrumbList","@id":"https:\/\/sleepwellbed.com\/lt\/produktas\/red-modular-lova\/#breadcrumb","itemListElement":[{"@type":"ListItem","position":1,"name":"Home","item":"https:\/\/sleepwellbed.com\/lt\/"},{"@type":"ListItem","position":2,"name":"Produktai","item":"https:\/\/sleepwellbed.com\/lt\/produktai\/"},{"@type":"ListItem","position":3,"name":"RED MODULAR lova"}]},{"@type":"WebSite","@id":"https:\/\/sleepwellbed.com\/#website","url":"https:\/\/sleepwellbed.com\/","name":"Sleepwell","description":"","potentialAction":[{"@type":"SearchAction","target":{"@type":"EntryPoint","urlTemplate":"https:\/\/sleepwellbed.com\/?s={search_term_string}"},"query-input":{"@type":"PropertyValueSpecification","valueRequired":true,"valueName":"search_term_string"}}],"inLanguage":"lt-LT"}]}},"_links":{"self":[{"href":"https:\/\/sleepwellbed.com\/lt\/wp-json\/wp\/v2\/product\/523008","targetHints":{"allow":["GET"]}}],"collection":[{"href":"https:\/\/sleepwellbed.com\/lt\/wp-json\/wp\/v2\/product"}],"about":[{"href":"https:\/\/sleepwellbed.com\/lt\/wp-json\/wp\/v2\/types\/product"}],"wp:featuredmedia":[{"embeddable":true,"href":"https:\/\/sleepwellbed.com\/lt\/wp-json\/wp\/v2\/media\/564139"}],"wp:attachment":[{"href":"https:\/\/sleepwellbed.com\/lt\/wp-json\/wp\/v2\/media?parent=523008"}],"wp:term":[{"taxonomy":"product_brand","embeddable":true,"href":"https:\/\/sleepwellbed.com\/lt\/wp-json\/wp\/v2\/product_brand?post=523008"},{"taxonomy":"product_cat","embeddable":true,"href":"https:\/\/sleepwellbed.com\/lt\/wp-json\/wp\/v2\/product_cat?post=523008"},{"taxonomy":"product_tag","embeddable":true,"href":"https:\/\/sleepwellbed.com\/lt\/wp-json\/wp\/v2\/product_tag?post=523008"}],"curies":[{"name":"wp","href":"https:\/\/api.w.org\/{rel}","templated":true}]}}