{"id":533748,"date":"2025-06-01T02:45:03","date_gmt":"2025-05-31T23:45:03","guid":{"rendered":"https:\/\/sleepwellbed.com\/product\/top-hygienic-cool-madratsikaitse\/"},"modified":"2026-05-14T08:15:56","modified_gmt":"2026-05-14T05:15:56","slug":"top-hygienic-cool-apsauginis-ciuzinio-apklotas","status":"publish","type":"product","link":"https:\/\/sleepwellbed.com\/lt\/produktas\/top-hygienic-cool-apsauginis-ciuzinio-apklotas\/","title":{"rendered":"TOP HYGIENIC COOL APSAUGINIS \u010cIU\u017dINIO APKLOTAS"},"content":{"rendered":"<div>\u0160is novatori\u0161kas \u010diu\u017einio u\u017evalkalas sukurtas siekiant padidinti miego komfort\u0105, u\u017etikrinant efektyv\u0173 v\u0117sinim\u0105 net \u0161iltomis vasaros naktimis.<\/p>\n<p>U\u017evalkalas pagamintas i\u0161 v\u0117sinan\u010dio \u201e<strong>Coolness<\/strong>\u201c audinio, kurio technologija u\u017etikrina optimali\u0105 oro cirkuliacij\u0105 ir \u0161ilumos paskirstym\u0105. Tai sukuria gaivi\u0105 ir maloniai v\u0117si\u0105 miego aplink\u0105, padedan\u010di\u0105 i\u0161laikyti miego kokyb\u0119 visos nakties metu.<\/p>\n<p>Sveikatai palanki ir gaiv\u0105 i\u0161laikanti miego patirtis garantuota.<\/p>\n<p>Kampuose esantys guminiai dir\u017eeliai leid\u017eia u\u017evalkal\u0105 patogiai ir saugiai pritvirtinti prie pagrindinio \u010diu\u017einio.<\/p>\n<p>\u010ciu\u017einio u\u017evalkal\u0105 galima skalbti skalbimo ma\u0161inoje iki <strong>30 laipsni\u0173 temperat\u016broje<\/strong>, u\u017etikrinant paprast\u0105 prie\u017ei\u016br\u0105 ir ilgalaik\u0119 kokyb\u0119.<\/p>\n<p>Galimi dyd\u017eiai: 80&#215;200, 90&#215;200, 120&#215;200, 140&#215;200, 160&#215;200, 180&#215;200. Taip pat galima u\u017esisakyti pagal individual\u0173 i\u0161matavim\u0105.<\/p>\n<p>Produktas sukurtas ir pagamintas Estijoje.<\/p>\n<p>Visos Sleepwell gaminiuose naudojamos med\u017eiagos, \u012fskaitant audinius, medviln\u0119, viln\u0105 ir vat\u0105, atitinka tarptautin\u012f Oeko-Tex 100 standart\u0105, u\u017etikrinant\u012f ekologi\u0161kum\u0105 ir saugum\u0105.<\/p><\/div>\n","protected":false},"excerpt":{"rendered":"<div><strong>Atv\u0117sinantis \u010diu\u017einio u\u017evalkalas<\/strong>, u\u017etikrinantis gaiv\u0173 ir patog\u0173 mieg\u0105 \u2013 veiksmingai v\u0117sina net kar\u0161tomis vasaros naktimis.<\/p>\n<p>Kv\u0117puojantis ir \u0161ilum\u0105 paskirstantis \u201e<strong>Coolness<\/strong>\u201c audinys sukuria maloniai v\u0117si\u0105 miego aplink\u0105.<\/p>\n<p>U\u017evalkal\u0105 galima skalbti skalbimo ma\u0161inoje iki <strong>30 laipsni\u0173 temperat\u016broje.<\/strong><\/div>\n","protected":false},"featured_media":564090,"template":"","meta":{"_acf_changed":false},"product_brand":[],"product_cat":[1067],"product_tag":[1069],"class_list":{"0":"post-533748","1":"product","2":"type-product","3":"status-publish","4":"has-post-thumbnail","6":"product_cat-antciuziniai","7":"product_tag-top-lt","8":"description-off","10":"first","11":"outofstock","12":"sale","13":"taxable","14":"shipping-taxable","15":"purchasable","16":"product-type-variable"},"acf":[],"yoast_head":"<!-- This site is optimized with the Yoast SEO plugin v27.0 - https:\/\/yoast.com\/product\/yoast-seo-wordpress\/ -->\n<title>TOP HYGIENIC COOL APSAUGINIS \u010cIU\u017dINIO APKLOTAS - Sleepwell<\/title>\n<meta name=\"robots\" content=\"index, follow, max-snippet:-1, max-image-preview:large, max-video-preview:-1\" \/>\n<link rel=\"canonical\" href=\"https:\/\/sleepwellbed.com\/lt\/produktas\/top-hygienic-cool-apsauginis-ciuzinio-apklotas\/\" \/>\n<meta property=\"og:locale\" content=\"lt_LT\" \/>\n<meta property=\"og:type\" content=\"article\" \/>\n<meta property=\"og:title\" content=\"TOP HYGIENIC COOL APSAUGINIS \u010cIU\u017dINIO APKLOTAS - Sleepwell\" \/>\n<meta property=\"og:description\" content=\"Atv\u0117sinantis \u010diu\u017einio u\u017evalkalas, u\u017etikrinantis gaiv\u0173 ir patog\u0173 mieg\u0105 \u2013 veiksmingai v\u0117sina net kar\u0161tomis vasaros naktimis.Kv\u0117puojantis ir \u0161ilum\u0105 paskirstantis \u201eCoolness\u201c audinys sukuria maloniai v\u0117si\u0105 miego aplink\u0105.U\u017evalkal\u0105 galima skalbti skalbimo ma\u0161inoje iki 30 laipsni\u0173 temperat\u016broje.\" \/>\n<meta property=\"og:url\" content=\"https:\/\/sleepwellbed.com\/lt\/produktas\/top-hygienic-cool-apsauginis-ciuzinio-apklotas\/\" \/>\n<meta property=\"og:site_name\" content=\"Sleepwell\" \/>\n<meta property=\"article:modified_time\" content=\"2026-05-14T05:15:56+00:00\" \/>\n<meta property=\"og:image\" content=\"https:\/\/sleepwellbed.com\/wp-content\/uploads\/2025\/11\/TOP-HYGIENIC-COOL-160-kate.png\" \/>\n\t<meta property=\"og:image:width\" content=\"1333\" \/>\n\t<meta property=\"og:image:height\" content=\"1000\" \/>\n\t<meta property=\"og:image:type\" content=\"image\/png\" \/>\n<meta name=\"twitter:card\" content=\"summary_large_image\" \/>\n<meta name=\"twitter:label1\" content=\"Est. reading time\" \/>\n\t<meta name=\"twitter:data1\" content=\"1 minut\u0117\" \/>\n<script type=\"application\/ld+json\" class=\"yoast-schema-graph\">{\"@context\":\"https:\/\/schema.org\",\"@graph\":[{\"@type\":\"WebPage\",\"@id\":\"https:\/\/sleepwellbed.com\/lt\/produktas\/top-hygienic-cool-apsauginis-ciuzinio-apklotas\/\",\"url\":\"https:\/\/sleepwellbed.com\/lt\/produktas\/top-hygienic-cool-apsauginis-ciuzinio-apklotas\/\",\"name\":\"TOP HYGIENIC COOL APSAUGINIS \u010cIU\u017dINIO APKLOTAS - Sleepwell\",\"isPartOf\":{\"@id\":\"https:\/\/sleepwellbed.com\/#website\"},\"primaryImageOfPage\":{\"@id\":\"https:\/\/sleepwellbed.com\/lt\/produktas\/top-hygienic-cool-apsauginis-ciuzinio-apklotas\/#primaryimage\"},\"image\":{\"@id\":\"https:\/\/sleepwellbed.com\/lt\/produktas\/top-hygienic-cool-apsauginis-ciuzinio-apklotas\/#primaryimage\"},\"thumbnailUrl\":\"https:\/\/sleepwellbed.com\/wp-content\/uploads\/2025\/11\/TOP-HYGIENIC-COOL-160-kate.png\",\"datePublished\":\"2025-05-31T23:45:03+00:00\",\"dateModified\":\"2026-05-14T05:15:56+00:00\",\"breadcrumb\":{\"@id\":\"https:\/\/sleepwellbed.com\/lt\/produktas\/top-hygienic-cool-apsauginis-ciuzinio-apklotas\/#breadcrumb\"},\"inLanguage\":\"lt-LT\",\"potentialAction\":[{\"@type\":\"ReadAction\",\"target\":[\"https:\/\/sleepwellbed.com\/lt\/produktas\/top-hygienic-cool-apsauginis-ciuzinio-apklotas\/\"]}]},{\"@type\":\"ImageObject\",\"inLanguage\":\"lt-LT\",\"@id\":\"https:\/\/sleepwellbed.com\/lt\/produktas\/top-hygienic-cool-apsauginis-ciuzinio-apklotas\/#primaryimage\",\"url\":\"https:\/\/sleepwellbed.com\/wp-content\/uploads\/2025\/11\/TOP-HYGIENIC-COOL-160-kate.png\",\"contentUrl\":\"https:\/\/sleepwellbed.com\/wp-content\/uploads\/2025\/11\/TOP-HYGIENIC-COOL-160-kate.png\",\"width\":1333,\"height\":1000},{\"@type\":\"BreadcrumbList\",\"@id\":\"https:\/\/sleepwellbed.com\/lt\/produktas\/top-hygienic-cool-apsauginis-ciuzinio-apklotas\/#breadcrumb\",\"itemListElement\":[{\"@type\":\"ListItem\",\"position\":1,\"name\":\"Home\",\"item\":\"https:\/\/sleepwellbed.com\/lt\/\"},{\"@type\":\"ListItem\",\"position\":2,\"name\":\"Produktai\",\"item\":\"https:\/\/sleepwellbed.com\/lt\/produktai\/\"},{\"@type\":\"ListItem\",\"position\":3,\"name\":\"TOP HYGIENIC COOL APSAUGINIS \u010cIU\u017dINIO APKLOTAS\"}]},{\"@type\":\"WebSite\",\"@id\":\"https:\/\/sleepwellbed.com\/#website\",\"url\":\"https:\/\/sleepwellbed.com\/\",\"name\":\"Sleepwell\",\"description\":\"\",\"potentialAction\":[{\"@type\":\"SearchAction\",\"target\":{\"@type\":\"EntryPoint\",\"urlTemplate\":\"https:\/\/sleepwellbed.com\/?s={search_term_string}\"},\"query-input\":{\"@type\":\"PropertyValueSpecification\",\"valueRequired\":true,\"valueName\":\"search_term_string\"}}],\"inLanguage\":\"lt-LT\"}]}<\/script>\n<!-- \/ Yoast SEO plugin. -->","yoast_head_json":{"title":"TOP HYGIENIC COOL APSAUGINIS \u010cIU\u017dINIO APKLOTAS - Sleepwell","robots":{"index":"index","follow":"follow","max-snippet":"max-snippet:-1","max-image-preview":"max-image-preview:large","max-video-preview":"max-video-preview:-1"},"canonical":"https:\/\/sleepwellbed.com\/lt\/produktas\/top-hygienic-cool-apsauginis-ciuzinio-apklotas\/","og_locale":"lt_LT","og_type":"article","og_title":"TOP HYGIENIC COOL APSAUGINIS \u010cIU\u017dINIO APKLOTAS - Sleepwell","og_description":"Atv\u0117sinantis \u010diu\u017einio u\u017evalkalas, u\u017etikrinantis gaiv\u0173 ir patog\u0173 mieg\u0105 \u2013 veiksmingai v\u0117sina net kar\u0161tomis vasaros naktimis.Kv\u0117puojantis ir \u0161ilum\u0105 paskirstantis \u201eCoolness\u201c audinys sukuria maloniai v\u0117si\u0105 miego aplink\u0105.U\u017evalkal\u0105 galima skalbti skalbimo ma\u0161inoje iki 30 laipsni\u0173 temperat\u016broje.","og_url":"https:\/\/sleepwellbed.com\/lt\/produktas\/top-hygienic-cool-apsauginis-ciuzinio-apklotas\/","og_site_name":"Sleepwell","article_modified_time":"2026-05-14T05:15:56+00:00","og_image":[{"width":1333,"height":1000,"url":"https:\/\/sleepwellbed.com\/wp-content\/uploads\/2025\/11\/TOP-HYGIENIC-COOL-160-kate.png","type":"image\/png"}],"twitter_card":"summary_large_image","twitter_misc":{"Est. reading time":"1 minut\u0117"},"schema":{"@context":"https:\/\/schema.org","@graph":[{"@type":"WebPage","@id":"https:\/\/sleepwellbed.com\/lt\/produktas\/top-hygienic-cool-apsauginis-ciuzinio-apklotas\/","url":"https:\/\/sleepwellbed.com\/lt\/produktas\/top-hygienic-cool-apsauginis-ciuzinio-apklotas\/","name":"TOP HYGIENIC COOL APSAUGINIS \u010cIU\u017dINIO APKLOTAS - Sleepwell","isPartOf":{"@id":"https:\/\/sleepwellbed.com\/#website"},"primaryImageOfPage":{"@id":"https:\/\/sleepwellbed.com\/lt\/produktas\/top-hygienic-cool-apsauginis-ciuzinio-apklotas\/#primaryimage"},"image":{"@id":"https:\/\/sleepwellbed.com\/lt\/produktas\/top-hygienic-cool-apsauginis-ciuzinio-apklotas\/#primaryimage"},"thumbnailUrl":"https:\/\/sleepwellbed.com\/wp-content\/uploads\/2025\/11\/TOP-HYGIENIC-COOL-160-kate.png","datePublished":"2025-05-31T23:45:03+00:00","dateModified":"2026-05-14T05:15:56+00:00","breadcrumb":{"@id":"https:\/\/sleepwellbed.com\/lt\/produktas\/top-hygienic-cool-apsauginis-ciuzinio-apklotas\/#breadcrumb"},"inLanguage":"lt-LT","potentialAction":[{"@type":"ReadAction","target":["https:\/\/sleepwellbed.com\/lt\/produktas\/top-hygienic-cool-apsauginis-ciuzinio-apklotas\/"]}]},{"@type":"ImageObject","inLanguage":"lt-LT","@id":"https:\/\/sleepwellbed.com\/lt\/produktas\/top-hygienic-cool-apsauginis-ciuzinio-apklotas\/#primaryimage","url":"https:\/\/sleepwellbed.com\/wp-content\/uploads\/2025\/11\/TOP-HYGIENIC-COOL-160-kate.png","contentUrl":"https:\/\/sleepwellbed.com\/wp-content\/uploads\/2025\/11\/TOP-HYGIENIC-COOL-160-kate.png","width":1333,"height":1000},{"@type":"BreadcrumbList","@id":"https:\/\/sleepwellbed.com\/lt\/produktas\/top-hygienic-cool-apsauginis-ciuzinio-apklotas\/#breadcrumb","itemListElement":[{"@type":"ListItem","position":1,"name":"Home","item":"https:\/\/sleepwellbed.com\/lt\/"},{"@type":"ListItem","position":2,"name":"Produktai","item":"https:\/\/sleepwellbed.com\/lt\/produktai\/"},{"@type":"ListItem","position":3,"name":"TOP HYGIENIC COOL APSAUGINIS \u010cIU\u017dINIO APKLOTAS"}]},{"@type":"WebSite","@id":"https:\/\/sleepwellbed.com\/#website","url":"https:\/\/sleepwellbed.com\/","name":"Sleepwell","description":"","potentialAction":[{"@type":"SearchAction","target":{"@type":"EntryPoint","urlTemplate":"https:\/\/sleepwellbed.com\/?s={search_term_string}"},"query-input":{"@type":"PropertyValueSpecification","valueRequired":true,"valueName":"search_term_string"}}],"inLanguage":"lt-LT"}]}},"_links":{"self":[{"href":"https:\/\/sleepwellbed.com\/lt\/wp-json\/wp\/v2\/product\/533748","targetHints":{"allow":["GET"]}}],"collection":[{"href":"https:\/\/sleepwellbed.com\/lt\/wp-json\/wp\/v2\/product"}],"about":[{"href":"https:\/\/sleepwellbed.com\/lt\/wp-json\/wp\/v2\/types\/product"}],"wp:featuredmedia":[{"embeddable":true,"href":"https:\/\/sleepwellbed.com\/lt\/wp-json\/wp\/v2\/media\/564090"}],"wp:attachment":[{"href":"https:\/\/sleepwellbed.com\/lt\/wp-json\/wp\/v2\/media?parent=533748"}],"wp:term":[{"taxonomy":"product_brand","embeddable":true,"href":"https:\/\/sleepwellbed.com\/lt\/wp-json\/wp\/v2\/product_brand?post=533748"},{"taxonomy":"product_cat","embeddable":true,"href":"https:\/\/sleepwellbed.com\/lt\/wp-json\/wp\/v2\/product_cat?post=533748"},{"taxonomy":"product_tag","embeddable":true,"href":"https:\/\/sleepwellbed.com\/lt\/wp-json\/wp\/v2\/product_tag?post=533748"}],"curies":[{"name":"wp","href":"https:\/\/api.w.org\/{rel}","templated":true}]}}