{"id":539872,"date":"2025-08-22T02:15:21","date_gmt":"2025-08-21T23:15:21","guid":{"rendered":"https:\/\/sleepwellbed.com\/product\/kit-sw22-blue-stor\/"},"modified":"2026-04-12T06:31:47","modified_gmt":"2026-04-12T03:31:47","slug":"blue-storage-kusete","status":"publish","type":"product","link":"https:\/\/sleepwellbed.com\/lt\/produktas\/blue-storage-kusete\/","title":{"rendered":"BLUE STORAGE KU\u0160ET\u0116"},"content":{"rendered":"<div><strong>\u201eBlue Storage\u201c komplektas <\/strong>susideda i\u0161 talpios<strong> ku\u0161et\u0117s su daikt\u0173 laikymo d\u0117\u017ee, galv\u016bgalio <\/strong>ir<strong> lovos kojeli\u0173<\/strong>.<\/p>\n<p>Ku\u0161et\u0117s pamink\u0161tinimas pagamintas i\u0161 patvaraus porolono, kuris gerai praleid\u017eia or\u0105 ir sukuria maloniai elasting\u0105, k\u016bn\u0105 palaikan\u010di\u0105 form\u0105.&nbsp;<\/p>\n<\/div>\n<div>Lova yra su lengvai ir tyliai u\u017esidaran\u010diomis duj\u0173 spyruokl\u0117mis.&nbsp;<\/p>\n<\/div>\n<div>Paprastas, bet dinami\u0161kas audini\u0173 asortimentas leid\u017eia pasirinkti kiekvienam miegamajam tinkam\u0105 spalv\u0105. Bald\u0173 audini\u0173 asortimentas si\u016blo 5 skirting\u0173 atspalvi\u0173 audinius.&nbsp;<br \/>Komplekt\u0105 sudaro to paties bald\u0173 audinio galv\u016bgalis ir 5 cm auk\u0161\u010dio plastikin\u0117s kojel\u0117s. Pagal pageidavim\u0105 galima \u012fsigyti bet kokio auk\u0161\u010dio ir i\u0161vaizdos kojeles i\u0161 \u201eSleepwell\u201c kolekcijos.&nbsp;<br \/>&nbsp;<\/div>\n<div>\u201eStorage\u201c lovos sprendimui rekomenduojame naudoti storesn\u012f, ne ma\u017eiau kaip 4 cm storio \u010diu\u017ein\u012f.<br \/>&nbsp;\u010ciu\u017einys ne\u012feina \u012f komplekt\u0105, j\u012f reikia pasirinkti pagal savo pageidavimus.<\/p>\n<\/div>\n<div>Galimi matmenys 90&#215;200, 120&#215;200, 160&#215;200, 180&#215;200.&nbsp;<\/p>\n<\/div>\n<div>Produktas yra suprojektuotas ir pagamintas Estijoje. <br \/>&nbsp;<strong>Porolonas yra patvirtintas Estijos alergijos asociacijos. \u201eSleepwell\u201c produktuose naudojamos med\u017eiagos, tokios kaip audinys, medviln\u0117, vilna ir vatina, atitinka tarptautin\u012f \u201e\u00d6ko-Tex 100\u201c standart\u0105.&nbsp;<br \/><\/strong><\/div>\n","protected":false},"excerpt":{"rendered":"<div>Stilingos ir prakti\u0161kos ku\u0161et\u0117s apa\u010dioje yra <strong>talpi daikt\u0173 laikymo vieta, <\/strong>idealiai tinkanti patalui ir kitiems reikalingiems daiktams laikyti. Ku\u0161et\u0117 turi<strong> vidutinio kietumo ki\u0161enines spyruokles.&nbsp;<br \/><\/strong><\/div>\n<div>Pamu\u0161ta <strong>patvariu porolonu<\/strong>, kuris gerai praleid\u017eia or\u0105 ir sukuria maloniai elasting\u0105, k\u016bn\u0105 palaikan\u010di\u0105 form\u0105. <strong>Porolonas yra patvirtintas Estijos alergijos asociacijos.&nbsp;<br \/><\/strong><\/div>\n<div>Penki\u0173 atspalvi\u0173 apgalvotas audini\u0173 pasirinkimas tinka <strong>kiekvieno miegamojo interjerui<\/strong>.<\/p>\n<\/div>\n","protected":false},"featured_media":564151,"template":"","meta":{"_acf_changed":false},"product_brand":[],"product_cat":[1023],"product_tag":[967],"class_list":{"0":"post-539872","1":"product","2":"type-product","3":"status-publish","4":"has-post-thumbnail","6":"product_cat-continental-tipo-lovos","7":"product_tag-blue-lt","8":"description-off","10":"first","11":"outofstock","12":"sale","13":"taxable","14":"shipping-taxable","15":"purchasable","16":"product-type-variable"},"acf":[],"yoast_head":"<!-- This site is optimized with the Yoast SEO plugin v27.0 - https:\/\/yoast.com\/product\/yoast-seo-wordpress\/ -->\n<title>BLUE STORAGE KU\u0160ET\u0116 - Sleepwell<\/title>\n<meta name=\"robots\" content=\"index, follow, max-snippet:-1, max-image-preview:large, max-video-preview:-1\" \/>\n<link rel=\"canonical\" href=\"https:\/\/sleepwellbed.com\/lt\/produktas\/blue-storage-kusete\/\" \/>\n<meta property=\"og:locale\" content=\"lt_LT\" \/>\n<meta property=\"og:type\" content=\"article\" \/>\n<meta property=\"og:title\" content=\"BLUE STORAGE KU\u0160ET\u0116 - Sleepwell\" \/>\n<meta property=\"og:description\" content=\"Stilingos ir prakti\u0161kos ku\u0161et\u0117s apa\u010dioje yra talpi daikt\u0173 laikymo vieta, idealiai tinkanti patalui ir kitiems reikalingiems daiktams laikyti. Ku\u0161et\u0117 turi vidutinio kietumo ki\u0161enines spyruokles.&nbsp;Pamu\u0161ta patvariu porolonu, kuris gerai praleid\u017eia or\u0105 ir sukuria maloniai elasting\u0105, k\u016bn\u0105 palaikan\u010di\u0105 form\u0105. Porolonas yra patvirtintas Estijos alergijos asociacijos.&nbsp;Penki\u0173 atspalvi\u0173 apgalvotas audini\u0173 pasirinkimas tinka kiekvieno miegamojo interjerui.\" \/>\n<meta property=\"og:url\" content=\"https:\/\/sleepwellbed.com\/lt\/produktas\/blue-storage-kusete\/\" \/>\n<meta property=\"og:site_name\" content=\"Sleepwell\" \/>\n<meta property=\"article:modified_time\" content=\"2026-04-12T03:31:47+00:00\" \/>\n<meta property=\"og:image\" content=\"https:\/\/sleepwellbed.com\/wp-content\/uploads\/2025\/11\/TTM3053-Edit_M.jpg\" \/>\n\t<meta property=\"og:image:width\" content=\"1339\" \/>\n\t<meta property=\"og:image:height\" content=\"1000\" \/>\n\t<meta property=\"og:image:type\" content=\"image\/jpeg\" \/>\n<meta name=\"twitter:card\" content=\"summary_large_image\" \/>\n<meta name=\"twitter:label1\" content=\"Est. reading time\" \/>\n\t<meta name=\"twitter:data1\" content=\"1 minut\u0117\" \/>\n<script type=\"application\/ld+json\" class=\"yoast-schema-graph\">{\"@context\":\"https:\/\/schema.org\",\"@graph\":[{\"@type\":\"WebPage\",\"@id\":\"https:\/\/sleepwellbed.com\/lt\/produktas\/blue-storage-kusete\/\",\"url\":\"https:\/\/sleepwellbed.com\/lt\/produktas\/blue-storage-kusete\/\",\"name\":\"BLUE STORAGE KU\u0160ET\u0116 - Sleepwell\",\"isPartOf\":{\"@id\":\"https:\/\/sleepwellbed.com\/#website\"},\"primaryImageOfPage\":{\"@id\":\"https:\/\/sleepwellbed.com\/lt\/produktas\/blue-storage-kusete\/#primaryimage\"},\"image\":{\"@id\":\"https:\/\/sleepwellbed.com\/lt\/produktas\/blue-storage-kusete\/#primaryimage\"},\"thumbnailUrl\":\"https:\/\/sleepwellbed.com\/wp-content\/uploads\/2025\/11\/TTM3053-Edit_M.jpg\",\"datePublished\":\"2025-08-21T23:15:21+00:00\",\"dateModified\":\"2026-04-12T03:31:47+00:00\",\"breadcrumb\":{\"@id\":\"https:\/\/sleepwellbed.com\/lt\/produktas\/blue-storage-kusete\/#breadcrumb\"},\"inLanguage\":\"lt-LT\",\"potentialAction\":[{\"@type\":\"ReadAction\",\"target\":[\"https:\/\/sleepwellbed.com\/lt\/produktas\/blue-storage-kusete\/\"]}]},{\"@type\":\"ImageObject\",\"inLanguage\":\"lt-LT\",\"@id\":\"https:\/\/sleepwellbed.com\/lt\/produktas\/blue-storage-kusete\/#primaryimage\",\"url\":\"https:\/\/sleepwellbed.com\/wp-content\/uploads\/2025\/11\/TTM3053-Edit_M.jpg\",\"contentUrl\":\"https:\/\/sleepwellbed.com\/wp-content\/uploads\/2025\/11\/TTM3053-Edit_M.jpg\",\"width\":1339,\"height\":1000},{\"@type\":\"BreadcrumbList\",\"@id\":\"https:\/\/sleepwellbed.com\/lt\/produktas\/blue-storage-kusete\/#breadcrumb\",\"itemListElement\":[{\"@type\":\"ListItem\",\"position\":1,\"name\":\"Home\",\"item\":\"https:\/\/sleepwellbed.com\/lt\/\"},{\"@type\":\"ListItem\",\"position\":2,\"name\":\"Produktai\",\"item\":\"https:\/\/sleepwellbed.com\/lt\/produktai\/\"},{\"@type\":\"ListItem\",\"position\":3,\"name\":\"BLUE STORAGE KU\u0160ET\u0116\"}]},{\"@type\":\"WebSite\",\"@id\":\"https:\/\/sleepwellbed.com\/#website\",\"url\":\"https:\/\/sleepwellbed.com\/\",\"name\":\"Sleepwell\",\"description\":\"\",\"potentialAction\":[{\"@type\":\"SearchAction\",\"target\":{\"@type\":\"EntryPoint\",\"urlTemplate\":\"https:\/\/sleepwellbed.com\/?s={search_term_string}\"},\"query-input\":{\"@type\":\"PropertyValueSpecification\",\"valueRequired\":true,\"valueName\":\"search_term_string\"}}],\"inLanguage\":\"lt-LT\"}]}<\/script>\n<!-- \/ Yoast SEO plugin. -->","yoast_head_json":{"title":"BLUE STORAGE KU\u0160ET\u0116 - Sleepwell","robots":{"index":"index","follow":"follow","max-snippet":"max-snippet:-1","max-image-preview":"max-image-preview:large","max-video-preview":"max-video-preview:-1"},"canonical":"https:\/\/sleepwellbed.com\/lt\/produktas\/blue-storage-kusete\/","og_locale":"lt_LT","og_type":"article","og_title":"BLUE STORAGE KU\u0160ET\u0116 - Sleepwell","og_description":"Stilingos ir prakti\u0161kos ku\u0161et\u0117s apa\u010dioje yra talpi daikt\u0173 laikymo vieta, idealiai tinkanti patalui ir kitiems reikalingiems daiktams laikyti. Ku\u0161et\u0117 turi vidutinio kietumo ki\u0161enines spyruokles.&nbsp;Pamu\u0161ta patvariu porolonu, kuris gerai praleid\u017eia or\u0105 ir sukuria maloniai elasting\u0105, k\u016bn\u0105 palaikan\u010di\u0105 form\u0105. Porolonas yra patvirtintas Estijos alergijos asociacijos.&nbsp;Penki\u0173 atspalvi\u0173 apgalvotas audini\u0173 pasirinkimas tinka kiekvieno miegamojo interjerui.","og_url":"https:\/\/sleepwellbed.com\/lt\/produktas\/blue-storage-kusete\/","og_site_name":"Sleepwell","article_modified_time":"2026-04-12T03:31:47+00:00","og_image":[{"width":1339,"height":1000,"url":"https:\/\/sleepwellbed.com\/wp-content\/uploads\/2025\/11\/TTM3053-Edit_M.jpg","type":"image\/jpeg"}],"twitter_card":"summary_large_image","twitter_misc":{"Est. reading time":"1 minut\u0117"},"schema":{"@context":"https:\/\/schema.org","@graph":[{"@type":"WebPage","@id":"https:\/\/sleepwellbed.com\/lt\/produktas\/blue-storage-kusete\/","url":"https:\/\/sleepwellbed.com\/lt\/produktas\/blue-storage-kusete\/","name":"BLUE STORAGE KU\u0160ET\u0116 - Sleepwell","isPartOf":{"@id":"https:\/\/sleepwellbed.com\/#website"},"primaryImageOfPage":{"@id":"https:\/\/sleepwellbed.com\/lt\/produktas\/blue-storage-kusete\/#primaryimage"},"image":{"@id":"https:\/\/sleepwellbed.com\/lt\/produktas\/blue-storage-kusete\/#primaryimage"},"thumbnailUrl":"https:\/\/sleepwellbed.com\/wp-content\/uploads\/2025\/11\/TTM3053-Edit_M.jpg","datePublished":"2025-08-21T23:15:21+00:00","dateModified":"2026-04-12T03:31:47+00:00","breadcrumb":{"@id":"https:\/\/sleepwellbed.com\/lt\/produktas\/blue-storage-kusete\/#breadcrumb"},"inLanguage":"lt-LT","potentialAction":[{"@type":"ReadAction","target":["https:\/\/sleepwellbed.com\/lt\/produktas\/blue-storage-kusete\/"]}]},{"@type":"ImageObject","inLanguage":"lt-LT","@id":"https:\/\/sleepwellbed.com\/lt\/produktas\/blue-storage-kusete\/#primaryimage","url":"https:\/\/sleepwellbed.com\/wp-content\/uploads\/2025\/11\/TTM3053-Edit_M.jpg","contentUrl":"https:\/\/sleepwellbed.com\/wp-content\/uploads\/2025\/11\/TTM3053-Edit_M.jpg","width":1339,"height":1000},{"@type":"BreadcrumbList","@id":"https:\/\/sleepwellbed.com\/lt\/produktas\/blue-storage-kusete\/#breadcrumb","itemListElement":[{"@type":"ListItem","position":1,"name":"Home","item":"https:\/\/sleepwellbed.com\/lt\/"},{"@type":"ListItem","position":2,"name":"Produktai","item":"https:\/\/sleepwellbed.com\/lt\/produktai\/"},{"@type":"ListItem","position":3,"name":"BLUE STORAGE KU\u0160ET\u0116"}]},{"@type":"WebSite","@id":"https:\/\/sleepwellbed.com\/#website","url":"https:\/\/sleepwellbed.com\/","name":"Sleepwell","description":"","potentialAction":[{"@type":"SearchAction","target":{"@type":"EntryPoint","urlTemplate":"https:\/\/sleepwellbed.com\/?s={search_term_string}"},"query-input":{"@type":"PropertyValueSpecification","valueRequired":true,"valueName":"search_term_string"}}],"inLanguage":"lt-LT"}]}},"_links":{"self":[{"href":"https:\/\/sleepwellbed.com\/lt\/wp-json\/wp\/v2\/product\/539872","targetHints":{"allow":["GET"]}}],"collection":[{"href":"https:\/\/sleepwellbed.com\/lt\/wp-json\/wp\/v2\/product"}],"about":[{"href":"https:\/\/sleepwellbed.com\/lt\/wp-json\/wp\/v2\/types\/product"}],"wp:featuredmedia":[{"embeddable":true,"href":"https:\/\/sleepwellbed.com\/lt\/wp-json\/wp\/v2\/media\/564151"}],"wp:attachment":[{"href":"https:\/\/sleepwellbed.com\/lt\/wp-json\/wp\/v2\/media?parent=539872"}],"wp:term":[{"taxonomy":"product_brand","embeddable":true,"href":"https:\/\/sleepwellbed.com\/lt\/wp-json\/wp\/v2\/product_brand?post=539872"},{"taxonomy":"product_cat","embeddable":true,"href":"https:\/\/sleepwellbed.com\/lt\/wp-json\/wp\/v2\/product_cat?post=539872"},{"taxonomy":"product_tag","embeddable":true,"href":"https:\/\/sleepwellbed.com\/lt\/wp-json\/wp\/v2\/product_tag?post=539872"}],"curies":[{"name":"wp","href":"https:\/\/api.w.org\/{rel}","templated":true}]}}