{"id":16626,"date":"2017-04-04T11:12:34","date_gmt":"2017-04-04T08:12:34","guid":{"rendered":"https:\/\/sleepwellbed.com\/firmast\/"},"modified":"2026-04-07T16:11:48","modified_gmt":"2026-04-07T13:11:48","slug":"par-firmu","status":"publish","type":"page","link":"https:\/\/sleepwellbed.com\/lv\/par-firmu\/","title":{"rendered":"Par firmu"},"content":{"rendered":"<div class=\"wpb-content-wrapper\"><p>[vc_row full_width=&#8221;stretch_row&#8221; equal_height=&#8221;yes&#8221; bg_type=&#8221;bg_color&#8221; type=&#8221;vc_default&#8221; margin_top=&#8221;75&#8243; margin_bottom=&#8221;-20&#8243; css=&#8221;.vc_custom_1561114111912{padding-top: 70px !important;padding-bottom: 50px !important;background-color: #ffffff !important;}&#8221; bg_color_value=&#8221;#ffffff&#8221;][vc_column width=&#8221;2\/3&#8243; offset=&#8221;vc_col-md-offset-0 vc_col-sm-offset-0&#8243; css=&#8221;.vc_custom_1561114221436{padding-bottom: 0px !important;}&#8221;]<div id=\"ultimate-heading-350969e52e1dca617\" class=\"uvc-heading ult-adjust-bottom-margin ultimate-heading-350969e52e1dca617 uvc-3923  uvc-heading-default-font-sizes\" data-hspacer=\"no_spacer\"  data-halign=\"left\" style=\"text-align:left\"><div class=\"uvc-heading-spacer no_spacer\" style=\"top\"><\/div><div class=\"uvc-main-heading ult-responsive\"  data-ultimate-target='.uvc-heading.ultimate-heading-350969e52e1dca617 h3'  data-responsive-json-new='{\"font-size\":\"\",\"line-height\":\"\"}' ><h3 style=\"--font-weight:theme;color:#9d2235;margin-bottom:50px;\">Hilding Anders Estonia AS<\/h3><\/div><\/div>[vc_row_inner equal_height=&#8221;yes&#8221; el_class=&#8221;sw-about&#8221;][vc_column_inner width=&#8221;1\/2&#8243; css=&#8221;.vc_custom_1479032888299{padding-bottom: 35px !important;}&#8221;]<div class=\"aio-icon-component  vc_custom_1568032302205   style_1\"><div id=\"Info-box-wrap-6461\" class=\"aio-icon-box left-icon\" style=\"\"  ><div class=\"aio-icon-left\"><div class=\"ult-just-icon-wrapper  \"><div class=\"align-icon\" style=\"text-align:center;\">\n<div class=\"aio-icon-img \" style=\"font-size:48px;display:inline-block;\" >\n\t<img decoding=\"async\" class=\"img-icon\" alt=\"null\" src=\"https:\/\/sleepwellbed.com\/wp-content\/uploads\/2019\/06\/address-icon.png\"\/>\n<\/div><\/div><\/div><\/div><div class=\"aio-ibd-block\"><div class=\"aio-icon-header\" ><h3 class=\"aio-icon-title ult-responsive\"  data-ultimate-target='#Info-box-wrap-6461 .aio-icon-title'  data-responsive-json-new='{\"font-size\":\"\",\"line-height\":\"\"}'  style=\"\">Adrese<\/h3><\/div> <!-- header --><div class=\"aio-icon-description ult-responsive\"  data-ultimate-target='#Info-box-wrap-6461 .aio-icon-description'  data-responsive-json-new='{\"font-size\":\"\",\"line-height\":\"\"}'  style=\"\">Loom\u00e4e tee 10<\/p>\n<p>Lehmja k\u00fcla, Rae vald<\/p>\n<p>Harjumaa 75306, Eesti<\/div> <!-- description --><\/div> <!-- aio-ibd-block --><\/div> <!-- aio-icon-box --><\/div> <!-- aio-icon-component -->[\/vc_column_inner][vc_column_inner width=&#8221;1\/2&#8243; css=&#8221;.vc_custom_1479032916919{padding-bottom: 35px !important;}&#8221;]<div class=\"aio-icon-component  vc_custom_1775567505760   style_1\"><div id=\"Info-box-wrap-5814\" class=\"aio-icon-box left-icon\" style=\"\"  ><div class=\"aio-icon-left\"><div class=\"ult-just-icon-wrapper  \"><div class=\"align-icon\" style=\"text-align:center;\">\n<div class=\"aio-icon-img \" style=\"font-size:48px;display:inline-block;\" >\n\t<img decoding=\"async\" class=\"img-icon\" alt=\"null\" src=\"https:\/\/sleepwellbed.com\/wp-content\/uploads\/2019\/06\/contact-icon.png\"\/>\n<\/div><\/div><\/div><\/div><div class=\"aio-ibd-block\"><div class=\"aio-icon-header\" ><h3 class=\"aio-icon-title ult-responsive\"  data-ultimate-target='#Info-box-wrap-5814 .aio-icon-title'  data-responsive-json-new='{\"font-size\":\"\",\"line-height\":\"\"}'  style=\"\">Sazinieties<\/h3><\/div> <!-- header --><div class=\"aio-icon-description ult-responsive\"  data-ultimate-target='#Info-box-wrap-5814 .aio-icon-description'  data-responsive-json-new='{\"font-size\":\"\",\"line-height\":\"\"}'  style=\"\"><a href=\"tel:+3726248098\">+372 624 8098<\/a><\/p>\n<p><a href=\"mailto:info.baltic@hildinganders.com\">info.est@hildinganders.com<\/a><\/div> <!-- description --><\/div> <!-- aio-ibd-block --><\/div> <!-- aio-icon-box --><\/div> <!-- aio-icon-component -->[\/vc_column_inner][\/vc_row_inner][vc_row_inner equal_height=&#8221;yes&#8221; el_class=&#8221;sw-about&#8221;][vc_column_inner width=&#8221;1\/2&#8243; css=&#8221;.vc_custom_1479032888299{padding-bottom: 35px !important;}&#8221;]<div class=\"aio-icon-component  vc_custom_1568032349604   style_1\"><div id=\"Info-box-wrap-4553\" class=\"aio-icon-box left-icon\" style=\"\"  ><div class=\"aio-icon-left\"><div class=\"ult-just-icon-wrapper  \"><div class=\"align-icon\" style=\"text-align:center;\">\n<div class=\"aio-icon-img \" style=\"font-size:48px;display:inline-block;\" >\n\t<img decoding=\"async\" class=\"img-icon\" alt=\"null\" src=\"https:\/\/sleepwellbed.com\/wp-content\/uploads\/2019\/06\/maininfo-icon.png\"\/>\n<\/div><\/div><\/div><\/div><div class=\"aio-ibd-block\"><div class=\"aio-icon-header\" ><h3 class=\"aio-icon-title ult-responsive\"  data-ultimate-target='#Info-box-wrap-4553 .aio-icon-title'  data-responsive-json-new='{\"font-size\":\"\",\"line-height\":\"\"}'  style=\"\">Visp\u0101r\u012bga inform\u0101cija<\/h3><\/div> <!-- header --><div class=\"aio-icon-description ult-responsive\"  data-ultimate-target='#Info-box-wrap-4553 .aio-icon-description'  data-responsive-json-new='{\"font-size\":\"\",\"line-height\":\"\"}'  style=\"\">Reg nr. 10258395<\/p>\n<p>KMKR nr. EE100325481<\/div> <!-- description --><\/div> <!-- aio-ibd-block --><\/div> <!-- aio-icon-box --><\/div> <!-- aio-icon-component -->[\/vc_column_inner][vc_column_inner width=&#8221;1\/2&#8243; css=&#8221;.vc_custom_1479032916919{padding-bottom: 35px !important;}&#8221;][\/vc_column_inner][\/vc_row_inner][\/vc_column][vc_column width=&#8221;1\/3&#8243; el_class=&#8221;sw-owl&#8221;][vc_single_image image=&#8221;2148&#8243; img_size=&#8221;full&#8221;]<div class=\"ult-content-box-container \" >\t\t<div class=\"ult-content-box\" style=\"background-color:#eaeaea;box-shadow: px px px px none;padding-top:35px;padding-right:70px;padding-bottom:35px;padding-left:25px;-webkit-transition: all 700ms ease;-moz-transition: all 700ms ease;-ms-transition: all 700ms ease;-o-transition: all 700ms ease;transition: all 700ms ease;\"  data-hover_box_shadow=\"none\"     data-bg=\"#eaeaea\" ><div id=\"ultimate-heading-593469e52e1dcaba0\" class=\"uvc-heading ult-adjust-bottom-margin ultimate-heading-593469e52e1dcaba0 uvc-7940 \" data-hspacer=\"no_spacer\"  data-halign=\"left\" style=\"text-align:left\"><div class=\"uvc-heading-spacer no_spacer\" style=\"top\"><\/div><div class=\"uvc-main-heading ult-responsive\"  data-ultimate-target='.uvc-heading.ultimate-heading-593469e52e1dcaba0 h3'  data-responsive-json-new='{\"font-size\":\"\",\"line-height\":\"desktop:40px;\"}' ><h3 style=\"--font-weight:theme;color:#9d2235;margin-bottom:30px;\">Iepaz\u012bstieties \u2013 HILDA un ANDERS!<\/h3><\/div><div class=\"uvc-sub-heading ult-responsive\"  data-ultimate-target='.uvc-heading.ultimate-heading-593469e52e1dcaba0 .uvc-sub-heading '  data-responsive-json-new='{\"font-size\":\"\",\"line-height\":\"\"}'  style=\"font-weight:normal;\">Sleepwell sirdslieta ir pal\u012bdz\u0113t tikt va\u013c\u0101 no bezmiega un sniegt labu miegu visiem!<\/p>\n<p>Kop\u0160 2013. gada Hilding Anders Estonia AS ir divu Tallinas Zood\u0101rza zieme\u013cp\u016b\u010du aizbildnis.<\/div><\/div>\t\t<\/div><\/div>[\/vc_column][\/vc_row][vc_row css=&#8221;.vc_custom_1561114566822{margin-bottom: 50px !important;}&#8221;][vc_column]<div id=\"ultimate-heading-124369e52e1dcabcf\" class=\"uvc-heading ult-adjust-bottom-margin ultimate-heading-124369e52e1dcabcf uvc-5738  uvc-heading-default-font-sizes\" data-hspacer=\"no_spacer\"  data-halign=\"left\" style=\"text-align:left\"><div class=\"uvc-heading-spacer no_spacer\" style=\"top\"><\/div><div class=\"uvc-main-heading ult-responsive\"  data-ultimate-target='.uvc-heading.ultimate-heading-124369e52e1dcabcf h3'  data-responsive-json-new='{\"font-size\":\"\",\"line-height\":\"\"}' ><h3 style=\"--font-weight:theme;color:#9d2235;margin-bottom:50px;\">Igaunijas tirdzniec\u012bbas birojs<\/h3><\/div><\/div>[vc_row_inner el_class=&#8221;sw-about&#8221;][vc_column_inner width=&#8221;1\/3&#8243;][vc_single_image image=&#8221;461979&#8243; img_size=&#8221;large&#8221;]<div id=\"ultimate-heading-7169e52e1dcabf1\" class=\"uvc-heading ult-adjust-bottom-margin ultimate-heading-7169e52e1dcabf1 uvc-771  uvc-heading-default-font-sizes\" data-hspacer=\"no_spacer\"  data-halign=\"left\" style=\"text-align:left\"><div class=\"uvc-heading-spacer no_spacer\" style=\"top\"><\/div><div class=\"uvc-main-heading ult-responsive\"  data-ultimate-target='.uvc-heading.ultimate-heading-7169e52e1dcabf1 h4'  data-responsive-json-new='{\"font-size\":\"\",\"line-height\":\"\"}' ><h4 style=\"--font-weight:theme;margin-top:20px;margin-bottom:10px;\">Tiina Liivam\u00e4gi<\/h4><\/div><div class=\"uvc-sub-heading ult-responsive\"  data-ultimate-target='.uvc-heading.ultimate-heading-7169e52e1dcabf1 .uvc-sub-heading '  data-responsive-json-new='{\"font-size\":\"\",\"line-height\":\"\"}'  style=\"font-weight:normal;\"><strong>Klientu mened\u017eeris<\/strong><\/p>\n<p><a href=\"mailto:order.baltic@hildinganders.com\">order.baltic@hildinganders.com<\/a><\/div><\/div>[\/vc_column_inner][vc_column_inner width=&#8221;1\/3&#8243;][\/vc_column_inner][\/vc_row_inner][\/vc_column][\/vc_row][vc_row css=&#8221;.vc_custom_1561114603363{margin-bottom: 50px !important;}&#8221;][vc_column]<div id=\"ultimate-heading-408769e52e1dcac12\" class=\"uvc-heading ult-adjust-bottom-margin ultimate-heading-408769e52e1dcac12 uvc-4297  uvc-heading-default-font-sizes\" data-hspacer=\"no_spacer\"  data-halign=\"left\" style=\"text-align:left\"><div class=\"uvc-heading-spacer no_spacer\" style=\"top\"><\/div><div class=\"uvc-main-heading ult-responsive\"  data-ultimate-target='.uvc-heading.ultimate-heading-408769e52e1dcac12 h3'  data-responsive-json-new='{\"font-size\":\"\",\"line-height\":\"\"}' ><h3 style=\"--font-weight:theme;color:#9d2235;margin-bottom:50px;\">Lietuvas tirdzniec\u012bbas birojs<\/h3><\/div><\/div>[vc_row_inner el_class=&#8221;sw-about&#8221;][vc_column_inner width=&#8221;1\/3&#8243; css=&#8221;.vc_custom_1561114577789{margin-bottom: 20px !important;}&#8221;][vc_single_image image=&#8221;21439&#8243; img_size=&#8221;225&#215;225&#8243;]<div id=\"ultimate-heading-292969e52e1dcac44\" class=\"uvc-heading ult-adjust-bottom-margin ultimate-heading-292969e52e1dcac44 uvc-4764  uvc-heading-default-font-sizes\" data-hspacer=\"no_spacer\"  data-halign=\"left\" style=\"text-align:left\"><div class=\"uvc-heading-spacer no_spacer\" style=\"top\"><\/div><div class=\"uvc-main-heading ult-responsive\"  data-ultimate-target='.uvc-heading.ultimate-heading-292969e52e1dcac44 h4'  data-responsive-json-new='{\"font-size\":\"\",\"line-height\":\"\"}' ><h4 style=\"--font-weight:theme;margin-top:20px;margin-bottom:10px;\">Laurynas Laukys<\/h4><\/div><div class=\"uvc-sub-heading ult-responsive\"  data-ultimate-target='.uvc-heading.ultimate-heading-292969e52e1dcac44 .uvc-sub-heading '  data-responsive-json-new='{\"font-size\":\"\",\"line-height\":\"\"}'  style=\"font-weight:normal;\">Tirdzniec\u012bbas a\u0123ents Lietuva<\/p>\n<p><a href=\"tel:+37065549895\">+370 655 49895<\/a><\/p>\n<p><a href=\"mailto:laurynas.laukys@troolo.com\">laurynas.laukys@troolo.com<\/a><\/p>\n<p>Vytenio 46, LT-03229 Vilnius, Lietuva<\/div><\/div>[\/vc_column_inner][vc_column_inner width=&#8221;1\/3&#8243; css=&#8221;.vc_custom_1561114582777{margin-bottom: 20px !important;}&#8221;][\/vc_column_inner][vc_column_inner width=&#8221;1\/3&#8243; css=&#8221;.vc_custom_1561114586713{margin-bottom: 20px !important;}&#8221;][\/vc_column_inner][\/vc_row_inner][\/vc_column][\/vc_row][vc_row css=&#8221;.vc_custom_1561114620672{margin-bottom: 50px !important;}&#8221;][vc_column]<div id=\"ultimate-heading-786769e52e1dcac68\" class=\"uvc-heading ult-adjust-bottom-margin ultimate-heading-786769e52e1dcac68 uvc-74  uvc-heading-default-font-sizes\" data-hspacer=\"no_spacer\"  data-halign=\"left\" style=\"text-align:left\"><div class=\"uvc-heading-spacer no_spacer\" style=\"top\"><\/div><div class=\"uvc-main-heading ult-responsive\"  data-ultimate-target='.uvc-heading.ultimate-heading-786769e52e1dcac68 h3'  data-responsive-json-new='{\"font-size\":\"\",\"line-height\":\"\"}' ><h3 style=\"--font-weight:theme;color:#9d2235;margin-bottom:50px;\">Hilding Anders Group<\/h3><\/div><\/div>[vc_row_inner equal_height=&#8221;yes&#8221; content_placement=&#8221;middle&#8221;][vc_column_inner width=&#8221;1\/3&#8243;][vc_single_image image=&#8221;1975&#8243; img_size=&#8221;full&#8221; alignment=&#8221;center&#8221;][\/vc_column_inner][vc_column_inner width=&#8221;2\/3&#8243; css=&#8221;.vc_custom_1561114625129{margin-bottom: 20px !important;}&#8221;][vc_column_text]<\/p>\n<div class=\"info\">\n<p>Hilding Anders Group, kura galvenais birojs atrodas Zviedrijas pils\u0113t\u0101 Malm\u0113, ir Eiropas vado\u0161ais gultu ra\u017eot\u0101js. 1939. gad\u0101 Zviedrij\u0101 dibin\u0101t\u0101 firma Hilding Anders \u0161obr\u012bd darbojas vair\u0101k nek\u0101 65 valst\u012bs, un uz\u0146\u0113mum\u0101 kop\u0101 str\u0101d\u0101 vair\u0101k nek\u0101 5000 darbinieku. Grupas 2022. gada neto apgroz\u012bjums bija 599 miljoni eiro. Gultas un matra\u010di ar Hilding Anders z\u012bmolu apmierina jebkura vajadz\u012bbas. Katru dienu str\u0101d\u0101jam, lai visiem pasaules cilv\u0113kiem nodro\u0161in\u0101tu labu miegu, un m\u016bsu m\u0113r\u0137is ir k\u013c\u016bt par vado\u0161o gultu ra\u017eot\u0101ju vis\u0101 pasaul\u0113. Vair\u0101k inform\u0101cijas par koncerna Hilding Anders Group varat atrast m\u016bsu vietn\u0113 <a href=\"https:\/\/www.hildinganders.com\/\">www.hildinganders.com<\/a>.<\/p>\n<p>Kop\u0161 2004. gada m\u016bsu Igaunijas r\u016bpn\u012bc\u0101 tiek ra\u017eoti Sleepwell z\u012bmolu matra\u010di un gultas.<\/p>\n<\/div>\n<p>[\/vc_column_text][\/vc_column_inner][\/vc_row_inner][\/vc_column][\/vc_row]<\/p>\n<\/div>","protected":false},"excerpt":{"rendered":"<p>[vc_row full_width=&#8221;stretch_row&#8221; equal_height=&#8221;yes&#8221; bg_type=&#8221;bg_color&#8221; type=&#8221;vc_default&#8221; margin_top=&#8221;75&#8243; margin_bottom=&#8221;-20&#8243; css=&#8221;.vc_custom_1561114111912{padding-top: 70px !important;padding-bottom: 50px !important;background-color: #ffffff !important;}&#8221; bg_color_value=&#8221;#ffffff&#8221;][vc_column width=&#8221;2\/3&#8243; offset=&#8221;vc_col-md-offset-0 vc_col-sm-offset-0&#8243; css=&#8221;.vc_custom_1561114221436{padding-bottom: 0px !important;}&#8221;][vc_row_inner equal_height=&#8221;yes&#8221; el_class=&#8221;sw-about&#8221;][vc_column_inner width=&#8221;1\/2&#8243; css=&#8221;.vc_custom_1479032888299{padding-bottom: 35px !important;}&#8221;][\/vc_column_inner][vc_column_inner width=&#8221;1\/2&#8243; css=&#8221;.vc_custom_1479032916919{padding-bottom: 35px !important;}&#8221;][\/vc_column_inner][\/vc_row_inner][vc_row_inner equal_height=&#8221;yes&#8221; el_class=&#8221;sw-about&#8221;][vc_column_inner width=&#8221;1\/2&#8243; css=&#8221;.vc_custom_1479032888299{padding-bottom: 35px !important;}&#8221;][\/vc_column_inner][vc_column_inner width=&#8221;1\/2&#8243; css=&#8221;.vc_custom_1479032916919{padding-bottom: 35px !important;}&#8221;][\/vc_column_inner][\/vc_row_inner][\/vc_column][vc_column width=&#8221;1\/3&#8243; el_class=&#8221;sw-owl&#8221;][vc_single_image image=&#8221;2148&#8243; img_size=&#8221;full&#8221;][\/vc_column][\/vc_row][vc_row css=&#8221;.vc_custom_1561114566822{margin-bottom: 50px !important;}&#8221;][vc_column][vc_row_inner el_class=&#8221;sw-about&#8221;][vc_column_inner width=&#8221;1\/3&#8243;][vc_single_image image=&#8221;461979&#8243; img_size=&#8221;large&#8221;][\/vc_column_inner][vc_column_inner width=&#8221;1\/3&#8243;][\/vc_column_inner][\/vc_row_inner][\/vc_column][\/vc_row][vc_row css=&#8221;.vc_custom_1561114603363{margin-bottom: 50px&hellip;<\/p>\n","protected":false},"author":1,"featured_media":0,"parent":0,"menu_order":50,"comment_status":"closed","ping_status":"closed","template":"","meta":{"_acf_changed":false,"footnotes":""},"class_list":["post-16626","page","type-page","status-publish","hentry","description-off"],"acf":[],"yoast_head":"<!-- This site is optimized with the Yoast SEO plugin v27.0 - https:\/\/yoast.com\/product\/yoast-seo-wordpress\/ -->\n<title>Par firmu - Sleepwell<\/title>\n<meta name=\"robots\" content=\"index, follow, max-snippet:-1, max-image-preview:large, max-video-preview:-1\" \/>\n<link rel=\"canonical\" href=\"https:\/\/sleepwellbed.com\/lv\/par-firmu\/\" \/>\n<meta property=\"og:locale\" content=\"lv_LV\" \/>\n<meta property=\"og:type\" content=\"article\" \/>\n<meta property=\"og:title\" content=\"Par firmu - Sleepwell\" \/>\n<meta property=\"og:description\" content=\"[vc_row full_width=&#8221;stretch_row&#8221; equal_height=&#8221;yes&#8221; bg_type=&#8221;bg_color&#8221; type=&#8221;vc_default&#8221; margin_top=&#8221;75&#8243; margin_bottom=&#8221;-20&#8243; css=&#8221;.vc_custom_1561114111912{padding-top: 70px !important;padding-bottom: 50px !important;background-color: #ffffff !important;}&#8221; bg_color_value=&#8221;#ffffff&#8221;][vc_column width=&#8221;2\/3&#8243; offset=&#8221;vc_col-md-offset-0 vc_col-sm-offset-0&#8243; css=&#8221;.vc_custom_1561114221436{padding-bottom: 0px !important;}&#8221;][vc_row_inner equal_height=&#8221;yes&#8221; el_class=&#8221;sw-about&#8221;][vc_column_inner width=&#8221;1\/2&#8243; css=&#8221;.vc_custom_1479032888299{padding-bottom: 35px !important;}&#8221;][\/vc_column_inner][vc_column_inner width=&#8221;1\/2&#8243; css=&#8221;.vc_custom_1479032916919{padding-bottom: 35px !important;}&#8221;][\/vc_column_inner][\/vc_row_inner][vc_row_inner equal_height=&#8221;yes&#8221; el_class=&#8221;sw-about&#8221;][vc_column_inner width=&#8221;1\/2&#8243; css=&#8221;.vc_custom_1479032888299{padding-bottom: 35px !important;}&#8221;][\/vc_column_inner][vc_column_inner width=&#8221;1\/2&#8243; css=&#8221;.vc_custom_1479032916919{padding-bottom: 35px !important;}&#8221;][\/vc_column_inner][\/vc_row_inner][\/vc_column][vc_column width=&#8221;1\/3&#8243; el_class=&#8221;sw-owl&#8221;][vc_single_image image=&#8221;2148&#8243; img_size=&#8221;full&#8221;][\/vc_column][\/vc_row][vc_row css=&#8221;.vc_custom_1561114566822{margin-bottom: 50px !important;}&#8221;][vc_column][vc_row_inner el_class=&#8221;sw-about&#8221;][vc_column_inner width=&#8221;1\/3&#8243;][vc_single_image image=&#8221;461979&#8243; img_size=&#8221;large&#8221;][\/vc_column_inner][vc_column_inner width=&#8221;1\/3&#8243;][\/vc_column_inner][\/vc_row_inner][\/vc_column][\/vc_row][vc_row css=&#8221;.vc_custom_1561114603363{margin-bottom: 50px&hellip;\" \/>\n<meta property=\"og:url\" content=\"https:\/\/sleepwellbed.com\/lv\/par-firmu\/\" \/>\n<meta property=\"og:site_name\" content=\"Sleepwell\" \/>\n<meta property=\"article:modified_time\" content=\"2026-04-07T13:11:48+00:00\" \/>\n<meta name=\"twitter:card\" content=\"summary_large_image\" \/>\n<meta name=\"twitter:label1\" content=\"Est. reading time\" \/>\n\t<meta name=\"twitter:data1\" content=\"3 minutes\" \/>\n<script type=\"application\/ld+json\" class=\"yoast-schema-graph\">{\"@context\":\"https:\/\/schema.org\",\"@graph\":[{\"@type\":\"WebPage\",\"@id\":\"https:\/\/sleepwellbed.com\/lv\/par-firmu\/\",\"url\":\"https:\/\/sleepwellbed.com\/lv\/par-firmu\/\",\"name\":\"Par firmu - Sleepwell\",\"isPartOf\":{\"@id\":\"https:\/\/sleepwellbed.com\/#website\"},\"datePublished\":\"2017-04-04T08:12:34+00:00\",\"dateModified\":\"2026-04-07T13:11:48+00:00\",\"breadcrumb\":{\"@id\":\"https:\/\/sleepwellbed.com\/lv\/par-firmu\/#breadcrumb\"},\"inLanguage\":\"lv-LV\",\"potentialAction\":[{\"@type\":\"ReadAction\",\"target\":[\"https:\/\/sleepwellbed.com\/lv\/par-firmu\/\"]}]},{\"@type\":\"BreadcrumbList\",\"@id\":\"https:\/\/sleepwellbed.com\/lv\/par-firmu\/#breadcrumb\",\"itemListElement\":[{\"@type\":\"ListItem\",\"position\":1,\"name\":\"Home\",\"item\":\"https:\/\/sleepwellbed.com\/lv\/\"},{\"@type\":\"ListItem\",\"position\":2,\"name\":\"Par firmu\"}]},{\"@type\":\"WebSite\",\"@id\":\"https:\/\/sleepwellbed.com\/#website\",\"url\":\"https:\/\/sleepwellbed.com\/\",\"name\":\"Sleepwell\",\"description\":\"\",\"potentialAction\":[{\"@type\":\"SearchAction\",\"target\":{\"@type\":\"EntryPoint\",\"urlTemplate\":\"https:\/\/sleepwellbed.com\/?s={search_term_string}\"},\"query-input\":{\"@type\":\"PropertyValueSpecification\",\"valueRequired\":true,\"valueName\":\"search_term_string\"}}],\"inLanguage\":\"lv-LV\"}]}<\/script>\n<!-- \/ Yoast SEO plugin. -->","yoast_head_json":{"title":"Par firmu - Sleepwell","robots":{"index":"index","follow":"follow","max-snippet":"max-snippet:-1","max-image-preview":"max-image-preview:large","max-video-preview":"max-video-preview:-1"},"canonical":"https:\/\/sleepwellbed.com\/lv\/par-firmu\/","og_locale":"lv_LV","og_type":"article","og_title":"Par firmu - Sleepwell","og_description":"[vc_row full_width=&#8221;stretch_row&#8221; equal_height=&#8221;yes&#8221; bg_type=&#8221;bg_color&#8221; type=&#8221;vc_default&#8221; margin_top=&#8221;75&#8243; margin_bottom=&#8221;-20&#8243; css=&#8221;.vc_custom_1561114111912{padding-top: 70px !important;padding-bottom: 50px !important;background-color: #ffffff !important;}&#8221; bg_color_value=&#8221;#ffffff&#8221;][vc_column width=&#8221;2\/3&#8243; offset=&#8221;vc_col-md-offset-0 vc_col-sm-offset-0&#8243; css=&#8221;.vc_custom_1561114221436{padding-bottom: 0px !important;}&#8221;][vc_row_inner equal_height=&#8221;yes&#8221; el_class=&#8221;sw-about&#8221;][vc_column_inner width=&#8221;1\/2&#8243; css=&#8221;.vc_custom_1479032888299{padding-bottom: 35px !important;}&#8221;][\/vc_column_inner][vc_column_inner width=&#8221;1\/2&#8243; css=&#8221;.vc_custom_1479032916919{padding-bottom: 35px !important;}&#8221;][\/vc_column_inner][\/vc_row_inner][vc_row_inner equal_height=&#8221;yes&#8221; el_class=&#8221;sw-about&#8221;][vc_column_inner width=&#8221;1\/2&#8243; css=&#8221;.vc_custom_1479032888299{padding-bottom: 35px !important;}&#8221;][\/vc_column_inner][vc_column_inner width=&#8221;1\/2&#8243; css=&#8221;.vc_custom_1479032916919{padding-bottom: 35px !important;}&#8221;][\/vc_column_inner][\/vc_row_inner][\/vc_column][vc_column width=&#8221;1\/3&#8243; el_class=&#8221;sw-owl&#8221;][vc_single_image image=&#8221;2148&#8243; img_size=&#8221;full&#8221;][\/vc_column][\/vc_row][vc_row css=&#8221;.vc_custom_1561114566822{margin-bottom: 50px !important;}&#8221;][vc_column][vc_row_inner el_class=&#8221;sw-about&#8221;][vc_column_inner width=&#8221;1\/3&#8243;][vc_single_image image=&#8221;461979&#8243; img_size=&#8221;large&#8221;][\/vc_column_inner][vc_column_inner width=&#8221;1\/3&#8243;][\/vc_column_inner][\/vc_row_inner][\/vc_column][\/vc_row][vc_row css=&#8221;.vc_custom_1561114603363{margin-bottom: 50px&hellip;","og_url":"https:\/\/sleepwellbed.com\/lv\/par-firmu\/","og_site_name":"Sleepwell","article_modified_time":"2026-04-07T13:11:48+00:00","twitter_card":"summary_large_image","twitter_misc":{"Est. reading time":"3 minutes"},"schema":{"@context":"https:\/\/schema.org","@graph":[{"@type":"WebPage","@id":"https:\/\/sleepwellbed.com\/lv\/par-firmu\/","url":"https:\/\/sleepwellbed.com\/lv\/par-firmu\/","name":"Par firmu - Sleepwell","isPartOf":{"@id":"https:\/\/sleepwellbed.com\/#website"},"datePublished":"2017-04-04T08:12:34+00:00","dateModified":"2026-04-07T13:11:48+00:00","breadcrumb":{"@id":"https:\/\/sleepwellbed.com\/lv\/par-firmu\/#breadcrumb"},"inLanguage":"lv-LV","potentialAction":[{"@type":"ReadAction","target":["https:\/\/sleepwellbed.com\/lv\/par-firmu\/"]}]},{"@type":"BreadcrumbList","@id":"https:\/\/sleepwellbed.com\/lv\/par-firmu\/#breadcrumb","itemListElement":[{"@type":"ListItem","position":1,"name":"Home","item":"https:\/\/sleepwellbed.com\/lv\/"},{"@type":"ListItem","position":2,"name":"Par firmu"}]},{"@type":"WebSite","@id":"https:\/\/sleepwellbed.com\/#website","url":"https:\/\/sleepwellbed.com\/","name":"Sleepwell","description":"","potentialAction":[{"@type":"SearchAction","target":{"@type":"EntryPoint","urlTemplate":"https:\/\/sleepwellbed.com\/?s={search_term_string}"},"query-input":{"@type":"PropertyValueSpecification","valueRequired":true,"valueName":"search_term_string"}}],"inLanguage":"lv-LV"}]}},"_links":{"self":[{"href":"https:\/\/sleepwellbed.com\/lv\/wp-json\/wp\/v2\/pages\/16626","targetHints":{"allow":["GET"]}}],"collection":[{"href":"https:\/\/sleepwellbed.com\/lv\/wp-json\/wp\/v2\/pages"}],"about":[{"href":"https:\/\/sleepwellbed.com\/lv\/wp-json\/wp\/v2\/types\/page"}],"author":[{"embeddable":true,"href":"https:\/\/sleepwellbed.com\/lv\/wp-json\/wp\/v2\/users\/1"}],"replies":[{"embeddable":true,"href":"https:\/\/sleepwellbed.com\/lv\/wp-json\/wp\/v2\/comments?post=16626"}],"version-history":[{"count":38,"href":"https:\/\/sleepwellbed.com\/lv\/wp-json\/wp\/v2\/pages\/16626\/revisions"}],"predecessor-version":[{"id":579833,"href":"https:\/\/sleepwellbed.com\/lv\/wp-json\/wp\/v2\/pages\/16626\/revisions\/579833"}],"wp:attachment":[{"href":"https:\/\/sleepwellbed.com\/lv\/wp-json\/wp\/v2\/media?parent=16626"}],"curies":[{"name":"wp","href":"https:\/\/api.w.org\/{rel}","templated":true}]}}