{"id":17683,"date":"2019-03-28T14:19:23","date_gmt":"2019-03-28T11:19:23","guid":{"rendered":"https:\/\/sleepwellbed.com\/edasimuujad\/"},"modified":"2024-02-08T16:25:52","modified_gmt":"2024-02-08T14:25:52","slug":"izplatitaji","status":"publish","type":"page","link":"https:\/\/sleepwellbed.com\/lv\/izplatitaji\/","title":{"rendered":"Izplatitaji"},"content":{"rendered":"<div class=\"wpb-content-wrapper\"><p>[vc_row disable_element=&#8221;yes&#8221;][vc_column][vc_column_text]<style>\r\n\t#wpsl-stores .wpsl-store-thumb {height:300px !important; width:300px !important;}\r\n\t#wpsl-stores, #wpsl-direction-details, #wpsl-gmap {height:350px !important;}\r\n\t#wpsl-gmap .wpsl-info-window {max-width:225px !important;}\r\n\t.wpsl-input label, #wpsl-radius label, #wpsl-category label {width:95px;}\r\n\t#wpsl-search-input  {width:179px;}\r\n<\/style>\r\n<div id=\"wpsl-wrap\" class=\"wpsl-store-below\">\r\n\t<div class=\"wpsl-search wpsl-clearfix wpsl-no-filters\">\r\n\t\t<div id=\"wpsl-search-wrap\">\r\n\t\t\t<form autocomplete=\"off\">\r\n\t\t\t\t<div class=\"sw-categories\">\n\t\t<script type=\"text\/javascript\">\n\t\t\tjQuery(\"#wpsl-wrap\").addClass(\"loading\");\n\t\t\tjQuery(\"#wpsl-wrap .sw-categories button\").attr(\"disabled\", true);\n\t\t\tjQuery(document).ready(function($) {\n\t\t\t\t$(document).on(\"click\", \"#wpsl-search-wrap .sw-categories button\", function(e){\n\t\t\t\t\te.preventDefault();\n\t\t\t\t\tvar _this = $(this);\n\t\t\t\t\t_this.closest(\"#wpsl-wrap\").addClass(\"loading\");\n\t\t\t\t\t$(\"#wpsl-wrap .sw-categories button\").attr(\"disabled\", true);\n\t\t\t\t\tjQuery.ajax({\n\t\t\t\t\t\ttype: \"POST\",\n\t\t\t\t\t\turl: select_store_city_obj.ajaxurl,\n\t\t\t\t\t\tdata: {\n\t\t\t\t\t\t\t\"action\": \"select_store_city\",\n\t\t\t\t\t\t\t\"city\" : _this.val(),\n\t\t\t\t\t\t},\n\t\t\t\t\t\tsuccess:function(ajaxresponse) {\n\t\t\t\t\t\t\t$(\"#wpsl-search-wrap .sw-categories button.selected\").removeClass(\"selected\");\n\t\t\t\t\t\t\t_this.addClass(\"selected\");\n\t\t\t\t\t\t\tsetTimeout(function() {\n\t\t\t\t\t\t\t\t$(\"#wpsl-wrap .sw-categories button\").attr(\"disabled\", false);\n\t\t\t\t\t\t\t\t_this.closest(\"#wpsl-wrap\").removeClass(\"loading\");\n\t\t\t\t\t\t\t}, 500);\n\t\t\t\t\t\t},\n\t\t\t\t\t\terror: function(errorThrown){\n\t\t\t\t\t\t\tconsole.log(errorThrown);\n\t\t\t\t\t\t}\n\t\t\t\t\t});\n\t\t\t\t\t$(\"#wpsl-search-input\").val(_this.val());\n\t\t\t\t\t$(\"#wpsl-search-btn\").trigger(\"click\");\n\t\t\t\t});\n\t\t\t\t$(\"#wpsl-search-input\").keypress(function(e) {\n\t\t\t\t\tif (e.which === 13) { e.stopPropagation(); e.preventDefault(); $(\"#wpsl-search-btn\").click(); }\n\t\t\t\t});\n\t\t\t\tsetTimeout(function() {\n\t\t\t\t\t\t$(\"#wpsl-wrap .sw-categories button\").attr(\"disabled\", false);\n\t\t\t\t\tjQuery(\"#wpsl-wrap\").removeClass(\"loading\");\n\t\t\t\t}, 2000);\n\t\t\t});\n\t\t<\/script>\n\t<ul>\n\t\t\t\t<li>\n\t\t\t\t\t<button class=\"dt-btn dt-btn-m\" value=\"valmiera\">Valmiera<\/button>\n\t\t\t\t<\/li>\n\t\t\t\n\t\t\t\t<li>\n\t\t\t\t\t<button class=\"dt-btn dt-btn-m\" value=\"limbazi\">Limba\u017ei<\/button>\n\t\t\t\t<\/li>\n\t\t\t\n\t\t\t\t<li>\n\t\t\t\t\t<button class=\"dt-btn dt-btn-m\" value=\"cesis\">C\u0113sis<\/button>\n\t\t\t\t<\/li>\n\t\t\t\n\t\t\t\t<li>\n\t\t\t\t\t<button class=\"dt-btn dt-btn-m\" value=\"riga\">R\u012bga<\/button>\n\t\t\t\t<\/li>\n\t\t\t\n\t\t\t\t<li>\n\t\t\t\t\t<button class=\"dt-btn dt-btn-m\" value=\"ventspils\">Ventspils<\/button>\n\t\t\t\t<\/li>\n\t\t\t<\/ul><\/div>\r\n\t\t\t<div class=\"wpsl-input\">\r\n\t\t\t\t<input id=\"wpsl-search-input\" type=\"text\" value=\"\" name=\"wpsl-search-input\" placeholder=\"Atra\u0161an\u0101s vieta\" aria-required=\"true\" \/>\r\n\t\t\t<\/div>\r\n\t\t\t\t<div class=\"wpsl-search-btn-wrap\"><input id=\"wpsl-search-btn\" type=\"submit\" value=\"Atrast veikalu\"><\/div>\r\n\t\t<\/form>\r\n\t\t<\/div>\r\n\t<\/div>\r\n\t<p class=\"wpsl-shops-link\"><a href=\"https:\/\/sleepwellbed.com\/lv\/izplatitaju-e-veikali\/\">Skat\u012bt izplat\u012bt\u0101ju e-veikalus <i class=\"fas fa-angle-double-right\"><\/i><\/a><\/p>\r\n\t<div id=\"wpsl-gmap\" class=\"wpsl-gmap-canvas\"><\/div>\r\n\t<div id=\"wpsl-result-list\">\r\n\t\t<div id=\"wpsl-stores\" >\r\n\t\t\t<ul><\/ul>\r\n\t\t<\/div>\r\n\t\t<div id=\"wpsl-direction-details\">\r\n\t\t\t<ul><\/ul>\r\n\t\t<\/div>\r\n\t<\/div>\r\n<\/div>\r\n[\/vc_column_text][\/vc_column][\/vc_row][vc_row full_width=&#8221;stretch_row&#8221; css=&#8221;.vc_custom_1707137966363{padding-top: 70px !important;padding-bottom: 50px !important;background-color: #f1f1f1 !important;}&#8221; el_id=&#8221;resellers&#8221;][vc_column width=&#8221;1\/2&#8243; css=&#8221;.vc_custom_1706805230456{margin-bottom: 30px !important;}&#8221;]<div class=\"ult-content-box-container \" >\t<a class=\"ult-content-box-anchor\" href=\"https:\/\/sleepwellbed.com\/lv\/izplatitaju-veikali\/\" title=\"Izplat\u012bt\u0101ju veikali\" >\t\t<div class=\"ult-content-box\" style=\"background-color:#ffffff;box-shadow: px px px px none;-webkit-transition: all 700ms ease;-moz-transition: all 700ms ease;-ms-transition: all 700ms ease;-o-transition: all 700ms ease;transition: all 700ms ease;\"  data-hover_box_shadow=\"none\"     data-bg=\"#ffffff\" >[vc_single_image image=&#8221;25640&#8243; img_size=&#8221;large&#8221; alignment=&#8221;center&#8221; image_hovers=&#8221;false&#8221;]<style type=\"text\/css\" data-type=\"the7_shortcodes-inline-css\">.icon-with-text-shortcode.icon-text-id-9da11a2b170cf5e0fd6ad2e438d55cac .text-icon {\n  width: 40px;\n  height: 40px;\n  line-height: 40px;\n  font-size: 32px;\n  border-radius: 0px;\n  margin: 0px 0px 0px 0px;\n}\n.icon-with-text-shortcode.icon-text-id-9da11a2b170cf5e0fd6ad2e438d55cac .text-icon .icon-inner {\n  min-width: 40px;\n  min-height: 40px;\n  border-radius: 0px;\n}\n@media all and (-ms-high-contrast: none) {\n  .icon-with-text-shortcode.icon-text-id-9da11a2b170cf5e0fd6ad2e438d55cac .text-icon .icon-inner {\n    height: 40px;\n  }\n}\n.icon-with-text-shortcode.icon-text-id-9da11a2b170cf5e0fd6ad2e438d55cac .text-icon .dt-hover-icon {\n  line-height: 40px;\n}\n.icon-with-text-shortcode.icon-text-id-9da11a2b170cf5e0fd6ad2e438d55cac .text-icon:before,\n.icon-with-text-shortcode.icon-text-id-9da11a2b170cf5e0fd6ad2e438d55cac .text-icon:after,\n.icon-with-text-shortcode.icon-text-id-9da11a2b170cf5e0fd6ad2e438d55cac .text-icon .icon-inner:before,\n.icon-with-text-shortcode.icon-text-id-9da11a2b170cf5e0fd6ad2e438d55cac .text-icon .icon-inner:after {\n  min-width: 100%;\n  min-height: 100%;\n  padding: inherit;\n  border-radius: inherit;\n}\n.icon-with-text-shortcode.icon-text-id-9da11a2b170cf5e0fd6ad2e438d55cac .text-icon.dt-icon-border-on:before {\n  border-width: 0px;\n  border-style: solid;\n}\n.dt-icon-border-dashed.icon-with-text-shortcode.icon-text-id-9da11a2b170cf5e0fd6ad2e438d55cac .text-icon.dt-icon-border-on:before {\n  border-style: dashed;\n}\n.dt-icon-border-dotted.icon-with-text-shortcode.icon-text-id-9da11a2b170cf5e0fd6ad2e438d55cac .text-icon.dt-icon-border-on:before {\n  border-style: dotted;\n}\n.dt-icon-border-double.icon-with-text-shortcode.icon-text-id-9da11a2b170cf5e0fd6ad2e438d55cac .text-icon.dt-icon-border-on:before {\n  border-style: double;\n}\n.icon-with-text-shortcode.icon-text-id-9da11a2b170cf5e0fd6ad2e438d55cac .text-icon.dt-icon-border-dashed.dt-icon-border-on:before {\n  border-style: dashed;\n}\n.icon-with-text-shortcode.icon-text-id-9da11a2b170cf5e0fd6ad2e438d55cac .text-icon.dt-icon-border-dotted.dt-icon-border-on:before {\n  border-style: dotted;\n}\n.icon-with-text-shortcode.icon-text-id-9da11a2b170cf5e0fd6ad2e438d55cac .text-icon.dt-icon-border-double.dt-icon-border-on:before {\n  border-style: double;\n}\n.icon-with-text-shortcode.icon-text-id-9da11a2b170cf5e0fd6ad2e438d55cac .text-icon.dt-icon-hover-border-on:after {\n  border-width: 0px;\n  border-style: solid;\n}\n.icon-with-text-shortcode.icon-text-id-9da11a2b170cf5e0fd6ad2e438d55cac .text-icon.dt-icon-border-dashed.dt-icon-hover-border-on:after {\n  border-style: dashed;\n}\n.icon-with-text-shortcode.icon-text-id-9da11a2b170cf5e0fd6ad2e438d55cac .text-icon.dt-icon-border-dotted.dt-icon-hover-border-on:after {\n  border-style: dotted;\n}\n.icon-with-text-shortcode.icon-text-id-9da11a2b170cf5e0fd6ad2e438d55cac .text-icon.dt-icon-border-double.dt-icon-hover-border-on:after {\n  border-style: double;\n}\n.icon-with-text-shortcode.icon-text-id-9da11a2b170cf5e0fd6ad2e438d55cac .text-icon.dt-icon-hover-on:hover {\n  font-size: 32px;\n}\n#page .icon-with-text-shortcode.icon-text-id-9da11a2b170cf5e0fd6ad2e438d55cac .text-icon.dt-icon-hover-on:hover .soc-font-icon,\n#phantom .icon-with-text-shortcode.icon-text-id-9da11a2b170cf5e0fd6ad2e438d55cac .text-icon.dt-icon-hover-on:hover .soc-font-icon,\n#page .icon-with-text-shortcode.icon-text-id-9da11a2b170cf5e0fd6ad2e438d55cac .text-icon.dt-icon-hover-on:hover .soc-icon,\n#phantom .icon-with-text-shortcode.icon-text-id-9da11a2b170cf5e0fd6ad2e438d55cac .text-icon.dt-icon-hover-on:hover .soc-icon {\n  color: #fff;\n  background: none;\n}\n.icon-with-text-shortcode.icon-text-id-9da11a2b170cf5e0fd6ad2e438d55cac.layout-1 {\n  grid-template-columns: 40px minmax(0,1fr);\n  grid-column-gap: 0px;\n}\n.icon-with-text-shortcode.icon-text-id-9da11a2b170cf5e0fd6ad2e438d55cac.layout-2 {\n  grid-template-columns: minmax(0,1fr) 40px;\n  grid-column-gap: 0px;\n}\n.icon-with-text-shortcode.icon-text-id-9da11a2b170cf5e0fd6ad2e438d55cac.layout-2 .text-icon {\n  margin-left: 0;\n}\n.icon-with-text-shortcode.icon-text-id-9da11a2b170cf5e0fd6ad2e438d55cac.layout-3 {\n  grid-template-columns: 40px minmax(0,1fr);\n}\n.icon-with-text-shortcode.icon-text-id-9da11a2b170cf5e0fd6ad2e438d55cac.layout-3 .dt-text-title {\n  margin-left: 0px;\n}\n.icon-with-text-shortcode.icon-text-id-9da11a2b170cf5e0fd6ad2e438d55cac .dt-text-title {\n  margin-bottom: 0px;\n}\n.icon-with-text-shortcode.icon-text-id-9da11a2b170cf5e0fd6ad2e438d55cac .dt-text-desc {\n  margin-bottom: 0px;\n}<\/style><div class=\"icon-with-text-shortcode  icon-text-id-9da11a2b170cf5e0fd6ad2e438d55cac layout-2  vc_custom_1707402322265 \" ><span   class=\"text-icon dt-icon-bg-off dt-icon-hover-off\" ><span class=\"icon-inner\"><i class=\"dt-regular-icon soc-icon fas fa-angle-double-right\"><\/i><i class=\"dt-hover-icon soc-icon fas fa-angle-double-right\"><\/i><\/span><\/span><h4 class=\"dt-text-title\"  >Izplat\u012bt\u0101ju veikali<\/h4><\/div>\t\t<\/div>\t<\/a><\/div>[\/vc_column][vc_column width=&#8221;1\/2&#8243; css=&#8221;.vc_custom_1706805237906{margin-bottom: 30px !important;}&#8221;]<div class=\"ult-content-box-container \" >\t<a class=\"ult-content-box-anchor\" href=\"https:\/\/sleepwellbed.com\/lv\/izplatitaju-e-veikali\/\" title=\"Izplat\u012bt\u0101ju e-veikali\" >\t\t<div class=\"ult-content-box\" style=\"background-color:#ffffff;box-shadow: px px px px none;-webkit-transition: all 700ms ease;-moz-transition: all 700ms ease;-ms-transition: all 700ms ease;-o-transition: all 700ms ease;transition: all 700ms ease;\"  data-hover_box_shadow=\"none\"     data-bg=\"#ffffff\" >[vc_single_image image=&#8221;462017&#8243; img_size=&#8221;large&#8221; alignment=&#8221;center&#8221; image_hovers=&#8221;false&#8221;]<style type=\"text\/css\" data-type=\"the7_shortcodes-inline-css\">.icon-with-text-shortcode.icon-text-id-0cf6b5ef885664822f8e223c67cdf784 .text-icon {\n  width: 40px;\n  height: 40px;\n  line-height: 40px;\n  font-size: 32px;\n  border-radius: 0px;\n  margin: 0px 0px 0px 0px;\n}\n.icon-with-text-shortcode.icon-text-id-0cf6b5ef885664822f8e223c67cdf784 .text-icon .icon-inner {\n  min-width: 40px;\n  min-height: 40px;\n  border-radius: 0px;\n}\n@media all and (-ms-high-contrast: none) {\n  .icon-with-text-shortcode.icon-text-id-0cf6b5ef885664822f8e223c67cdf784 .text-icon .icon-inner {\n    height: 40px;\n  }\n}\n.icon-with-text-shortcode.icon-text-id-0cf6b5ef885664822f8e223c67cdf784 .text-icon .dt-hover-icon {\n  line-height: 40px;\n}\n.icon-with-text-shortcode.icon-text-id-0cf6b5ef885664822f8e223c67cdf784 .text-icon:before,\n.icon-with-text-shortcode.icon-text-id-0cf6b5ef885664822f8e223c67cdf784 .text-icon:after,\n.icon-with-text-shortcode.icon-text-id-0cf6b5ef885664822f8e223c67cdf784 .text-icon .icon-inner:before,\n.icon-with-text-shortcode.icon-text-id-0cf6b5ef885664822f8e223c67cdf784 .text-icon .icon-inner:after {\n  min-width: 100%;\n  min-height: 100%;\n  padding: inherit;\n  border-radius: inherit;\n}\n.icon-with-text-shortcode.icon-text-id-0cf6b5ef885664822f8e223c67cdf784 .text-icon.dt-icon-border-on:before {\n  border-width: 0px;\n  border-style: solid;\n}\n.dt-icon-border-dashed.icon-with-text-shortcode.icon-text-id-0cf6b5ef885664822f8e223c67cdf784 .text-icon.dt-icon-border-on:before {\n  border-style: dashed;\n}\n.dt-icon-border-dotted.icon-with-text-shortcode.icon-text-id-0cf6b5ef885664822f8e223c67cdf784 .text-icon.dt-icon-border-on:before {\n  border-style: dotted;\n}\n.dt-icon-border-double.icon-with-text-shortcode.icon-text-id-0cf6b5ef885664822f8e223c67cdf784 .text-icon.dt-icon-border-on:before {\n  border-style: double;\n}\n.icon-with-text-shortcode.icon-text-id-0cf6b5ef885664822f8e223c67cdf784 .text-icon.dt-icon-border-dashed.dt-icon-border-on:before {\n  border-style: dashed;\n}\n.icon-with-text-shortcode.icon-text-id-0cf6b5ef885664822f8e223c67cdf784 .text-icon.dt-icon-border-dotted.dt-icon-border-on:before {\n  border-style: dotted;\n}\n.icon-with-text-shortcode.icon-text-id-0cf6b5ef885664822f8e223c67cdf784 .text-icon.dt-icon-border-double.dt-icon-border-on:before {\n  border-style: double;\n}\n.icon-with-text-shortcode.icon-text-id-0cf6b5ef885664822f8e223c67cdf784 .text-icon.dt-icon-hover-border-on:after {\n  border-width: 0px;\n  border-style: solid;\n}\n.icon-with-text-shortcode.icon-text-id-0cf6b5ef885664822f8e223c67cdf784 .text-icon.dt-icon-border-dashed.dt-icon-hover-border-on:after {\n  border-style: dashed;\n}\n.icon-with-text-shortcode.icon-text-id-0cf6b5ef885664822f8e223c67cdf784 .text-icon.dt-icon-border-dotted.dt-icon-hover-border-on:after {\n  border-style: dotted;\n}\n.icon-with-text-shortcode.icon-text-id-0cf6b5ef885664822f8e223c67cdf784 .text-icon.dt-icon-border-double.dt-icon-hover-border-on:after {\n  border-style: double;\n}\n.icon-with-text-shortcode.icon-text-id-0cf6b5ef885664822f8e223c67cdf784 .text-icon.dt-icon-hover-on:hover {\n  font-size: 32px;\n}\n#page .icon-with-text-shortcode.icon-text-id-0cf6b5ef885664822f8e223c67cdf784 .text-icon.dt-icon-hover-on:hover .soc-font-icon,\n#phantom .icon-with-text-shortcode.icon-text-id-0cf6b5ef885664822f8e223c67cdf784 .text-icon.dt-icon-hover-on:hover .soc-font-icon,\n#page .icon-with-text-shortcode.icon-text-id-0cf6b5ef885664822f8e223c67cdf784 .text-icon.dt-icon-hover-on:hover .soc-icon,\n#phantom .icon-with-text-shortcode.icon-text-id-0cf6b5ef885664822f8e223c67cdf784 .text-icon.dt-icon-hover-on:hover .soc-icon {\n  color: #fff;\n  background: none;\n}\n.icon-with-text-shortcode.icon-text-id-0cf6b5ef885664822f8e223c67cdf784.layout-1 {\n  grid-template-columns: 40px minmax(0,1fr);\n  grid-column-gap: 0px;\n}\n.icon-with-text-shortcode.icon-text-id-0cf6b5ef885664822f8e223c67cdf784.layout-2 {\n  grid-template-columns: minmax(0,1fr) 40px;\n  grid-column-gap: 0px;\n}\n.icon-with-text-shortcode.icon-text-id-0cf6b5ef885664822f8e223c67cdf784.layout-2 .text-icon {\n  margin-left: 0;\n}\n.icon-with-text-shortcode.icon-text-id-0cf6b5ef885664822f8e223c67cdf784.layout-3 {\n  grid-template-columns: 40px minmax(0,1fr);\n}\n.icon-with-text-shortcode.icon-text-id-0cf6b5ef885664822f8e223c67cdf784.layout-3 .dt-text-title {\n  margin-left: 0px;\n}\n.icon-with-text-shortcode.icon-text-id-0cf6b5ef885664822f8e223c67cdf784 .dt-text-title {\n  margin-bottom: 0px;\n}\n.icon-with-text-shortcode.icon-text-id-0cf6b5ef885664822f8e223c67cdf784 .dt-text-desc {\n  margin-bottom: 0px;\n}<\/style><div class=\"icon-with-text-shortcode  icon-text-id-0cf6b5ef885664822f8e223c67cdf784 layout-2  vc_custom_1707402341338 \" ><span   class=\"text-icon dt-icon-bg-off dt-icon-hover-off\" ><span class=\"icon-inner\"><i class=\"dt-regular-icon soc-icon fas fa-angle-double-right\"><\/i><i class=\"dt-hover-icon soc-icon fas fa-angle-double-right\"><\/i><\/span><\/span><h4 class=\"dt-text-title\"  >Izplat\u012bt\u0101ju e-veikali<\/h4><\/div>\t\t<\/div>\t<\/a><\/div>[\/vc_column][\/vc_row]<\/p>\n<\/div>","protected":false},"excerpt":{"rendered":"<p>[vc_row disable_element=&#8221;yes&#8221;][vc_column][vc_column_text][\/vc_column_text][\/vc_column][\/vc_row][vc_row full_width=&#8221;stretch_row&#8221; css=&#8221;.vc_custom_1707137966363{padding-top: 70px !important;padding-bottom: 50px !important;background-color: #f1f1f1 !important;}&#8221; el_id=&#8221;resellers&#8221;][vc_column width=&#8221;1\/2&#8243; css=&#8221;.vc_custom_1706805230456{margin-bottom: 30px !important;}&#8221;][\/vc_column][vc_column width=&#8221;1\/2&#8243; css=&#8221;.vc_custom_1706805237906{margin-bottom: 30px !important;}&#8221;][\/vc_column][\/vc_row]<\/p>\n","protected":false},"author":1,"featured_media":0,"parent":0,"menu_order":50,"comment_status":"closed","ping_status":"closed","template":"","meta":{"_acf_changed":false,"footnotes":""},"class_list":["post-17683","page","type-page","status-publish","hentry","description-off"],"acf":[],"yoast_head":"<!-- This site is optimized with the Yoast SEO plugin v27.0 - https:\/\/yoast.com\/product\/yoast-seo-wordpress\/ -->\n<title>Izplatitaji - Sleepwell<\/title>\n<meta name=\"robots\" content=\"index, follow, max-snippet:-1, max-image-preview:large, max-video-preview:-1\" \/>\n<link rel=\"canonical\" href=\"https:\/\/sleepwellbed.com\/lv\/izplatitaji\/\" \/>\n<meta property=\"og:locale\" content=\"lv_LV\" \/>\n<meta property=\"og:type\" content=\"article\" \/>\n<meta property=\"og:title\" content=\"Izplatitaji - Sleepwell\" \/>\n<meta property=\"og:description\" content=\"[vc_row disable_element=&#8221;yes&#8221;][vc_column][vc_column_text][\/vc_column_text][\/vc_column][\/vc_row][vc_row full_width=&#8221;stretch_row&#8221; css=&#8221;.vc_custom_1707137966363{padding-top: 70px !important;padding-bottom: 50px !important;background-color: #f1f1f1 !important;}&#8221; el_id=&#8221;resellers&#8221;][vc_column width=&#8221;1\/2&#8243; css=&#8221;.vc_custom_1706805230456{margin-bottom: 30px !important;}&#8221;][\/vc_column][vc_column width=&#8221;1\/2&#8243; css=&#8221;.vc_custom_1706805237906{margin-bottom: 30px !important;}&#8221;][\/vc_column][\/vc_row]\" \/>\n<meta property=\"og:url\" content=\"https:\/\/sleepwellbed.com\/lv\/izplatitaji\/\" \/>\n<meta property=\"og:site_name\" content=\"Sleepwell\" \/>\n<meta property=\"article:modified_time\" content=\"2024-02-08T14:25:52+00:00\" \/>\n<meta name=\"twitter:card\" content=\"summary_large_image\" \/>\n<meta name=\"twitter:label1\" content=\"Est. reading time\" \/>\n\t<meta name=\"twitter:data1\" content=\"1 minute\" \/>\n<script type=\"application\/ld+json\" class=\"yoast-schema-graph\">{\"@context\":\"https:\/\/schema.org\",\"@graph\":[{\"@type\":\"WebPage\",\"@id\":\"https:\/\/sleepwellbed.com\/lv\/izplatitaji\/\",\"url\":\"https:\/\/sleepwellbed.com\/lv\/izplatitaji\/\",\"name\":\"Izplatitaji - Sleepwell\",\"isPartOf\":{\"@id\":\"https:\/\/sleepwellbed.com\/#website\"},\"datePublished\":\"2019-03-28T11:19:23+00:00\",\"dateModified\":\"2024-02-08T14:25:52+00:00\",\"breadcrumb\":{\"@id\":\"https:\/\/sleepwellbed.com\/lv\/izplatitaji\/#breadcrumb\"},\"inLanguage\":\"lv-LV\",\"potentialAction\":[{\"@type\":\"ReadAction\",\"target\":[\"https:\/\/sleepwellbed.com\/lv\/izplatitaji\/\"]}]},{\"@type\":\"BreadcrumbList\",\"@id\":\"https:\/\/sleepwellbed.com\/lv\/izplatitaji\/#breadcrumb\",\"itemListElement\":[{\"@type\":\"ListItem\",\"position\":1,\"name\":\"Home\",\"item\":\"https:\/\/sleepwellbed.com\/lv\/\"},{\"@type\":\"ListItem\",\"position\":2,\"name\":\"Izplatitaji\"}]},{\"@type\":\"WebSite\",\"@id\":\"https:\/\/sleepwellbed.com\/#website\",\"url\":\"https:\/\/sleepwellbed.com\/\",\"name\":\"Sleepwell\",\"description\":\"\",\"potentialAction\":[{\"@type\":\"SearchAction\",\"target\":{\"@type\":\"EntryPoint\",\"urlTemplate\":\"https:\/\/sleepwellbed.com\/?s={search_term_string}\"},\"query-input\":{\"@type\":\"PropertyValueSpecification\",\"valueRequired\":true,\"valueName\":\"search_term_string\"}}],\"inLanguage\":\"lv-LV\"}]}<\/script>\n<!-- \/ Yoast SEO plugin. -->","yoast_head_json":{"title":"Izplatitaji - Sleepwell","robots":{"index":"index","follow":"follow","max-snippet":"max-snippet:-1","max-image-preview":"max-image-preview:large","max-video-preview":"max-video-preview:-1"},"canonical":"https:\/\/sleepwellbed.com\/lv\/izplatitaji\/","og_locale":"lv_LV","og_type":"article","og_title":"Izplatitaji - Sleepwell","og_description":"[vc_row disable_element=&#8221;yes&#8221;][vc_column][vc_column_text][\/vc_column_text][\/vc_column][\/vc_row][vc_row full_width=&#8221;stretch_row&#8221; css=&#8221;.vc_custom_1707137966363{padding-top: 70px !important;padding-bottom: 50px !important;background-color: #f1f1f1 !important;}&#8221; el_id=&#8221;resellers&#8221;][vc_column width=&#8221;1\/2&#8243; css=&#8221;.vc_custom_1706805230456{margin-bottom: 30px !important;}&#8221;][\/vc_column][vc_column width=&#8221;1\/2&#8243; css=&#8221;.vc_custom_1706805237906{margin-bottom: 30px !important;}&#8221;][\/vc_column][\/vc_row]","og_url":"https:\/\/sleepwellbed.com\/lv\/izplatitaji\/","og_site_name":"Sleepwell","article_modified_time":"2024-02-08T14:25:52+00:00","twitter_card":"summary_large_image","twitter_misc":{"Est. reading time":"1 minute"},"schema":{"@context":"https:\/\/schema.org","@graph":[{"@type":"WebPage","@id":"https:\/\/sleepwellbed.com\/lv\/izplatitaji\/","url":"https:\/\/sleepwellbed.com\/lv\/izplatitaji\/","name":"Izplatitaji - Sleepwell","isPartOf":{"@id":"https:\/\/sleepwellbed.com\/#website"},"datePublished":"2019-03-28T11:19:23+00:00","dateModified":"2024-02-08T14:25:52+00:00","breadcrumb":{"@id":"https:\/\/sleepwellbed.com\/lv\/izplatitaji\/#breadcrumb"},"inLanguage":"lv-LV","potentialAction":[{"@type":"ReadAction","target":["https:\/\/sleepwellbed.com\/lv\/izplatitaji\/"]}]},{"@type":"BreadcrumbList","@id":"https:\/\/sleepwellbed.com\/lv\/izplatitaji\/#breadcrumb","itemListElement":[{"@type":"ListItem","position":1,"name":"Home","item":"https:\/\/sleepwellbed.com\/lv\/"},{"@type":"ListItem","position":2,"name":"Izplatitaji"}]},{"@type":"WebSite","@id":"https:\/\/sleepwellbed.com\/#website","url":"https:\/\/sleepwellbed.com\/","name":"Sleepwell","description":"","potentialAction":[{"@type":"SearchAction","target":{"@type":"EntryPoint","urlTemplate":"https:\/\/sleepwellbed.com\/?s={search_term_string}"},"query-input":{"@type":"PropertyValueSpecification","valueRequired":true,"valueName":"search_term_string"}}],"inLanguage":"lv-LV"}]}},"_links":{"self":[{"href":"https:\/\/sleepwellbed.com\/lv\/wp-json\/wp\/v2\/pages\/17683","targetHints":{"allow":["GET"]}}],"collection":[{"href":"https:\/\/sleepwellbed.com\/lv\/wp-json\/wp\/v2\/pages"}],"about":[{"href":"https:\/\/sleepwellbed.com\/lv\/wp-json\/wp\/v2\/types\/page"}],"author":[{"embeddable":true,"href":"https:\/\/sleepwellbed.com\/lv\/wp-json\/wp\/v2\/users\/1"}],"replies":[{"embeddable":true,"href":"https:\/\/sleepwellbed.com\/lv\/wp-json\/wp\/v2\/comments?post=17683"}],"version-history":[{"count":17,"href":"https:\/\/sleepwellbed.com\/lv\/wp-json\/wp\/v2\/pages\/17683\/revisions"}],"predecessor-version":[{"id":462038,"href":"https:\/\/sleepwellbed.com\/lv\/wp-json\/wp\/v2\/pages\/17683\/revisions\/462038"}],"wp:attachment":[{"href":"https:\/\/sleepwellbed.com\/lv\/wp-json\/wp\/v2\/media?parent=17683"}],"curies":[{"name":"wp","href":"https:\/\/api.w.org\/{rel}","templated":true}]}}