{"id":461987,"date":"2024-02-08T15:17:11","date_gmt":"2024-02-08T13:17:11","guid":{"rendered":"https:\/\/sleepwellbed.com\/?page_id=461987"},"modified":"2024-02-08T15:18:20","modified_gmt":"2024-02-08T13:18:20","slug":"izplatitaju-e-veikali","status":"publish","type":"page","link":"https:\/\/sleepwellbed.com\/lv\/izplatitaju-e-veikali\/","title":{"rendered":"Izplat\u012bt\u0101ju e-veikali"},"content":{"rendered":"<div class=\"wpb-content-wrapper\"><p>[vc_row][vc_column el_id=&#8221;wpsl-wrap&#8221;][vc_column_text el_class=&#8221;wpsl-eshops show-eshops&#8221;]<\/p>\n<p style=\"text-align: right;\"><a href=\"https:\/\/sleepwellbed.com\/lv\/izplatitaju-veikali\/\">Skat\u012bt izplat\u012bt\u0101ju veikalus <i class=\"fas fa-angle-double-right\"><\/i><\/a><\/p>\n<p>[\/vc_column_text][vc_column_text el_class=&#8221;wpsl-eshops show-eshops&#8221;]\n\t\t<script type=\"text\/javascript\">\n\t\t\tjQuery(document).ready(function($) {\n\t\t\t\t$(document).on(\"click\", \"#show-eshops, .wpsl-eshops > span\", function(e){\n\t\t\t\t\te.preventDefault();\n\t\t\t\t\t$( \".wpsl-eshops\" ).slideToggle( \"slow\", function() {\n\t\t\t\t\t\t$(\"html, body\").animate({ scrollTop: $(\"#wpsl-wrap\").offset().top - 120 });\n\t\t\t\t\t});\n\t\t\t\t});\n\t\t\t\t$(\"#wpsl-stores\").bind(\"DOMSubtreeModified\",function(event) {\n\t\t\t\t\t$( \".wpsl-eshops\" ).slideUp();\n\t\t\t\t});\n\t\t\t});\n\t\t<\/script>\n\t<ul><li><a href=\"https:\/\/www.ciekurs.lv\/kolekcijas\/augstas-kvalitates-ortopediski-matraci-sleepwell-43\" target=\"_blank\"><img loading=\"lazy\" decoding=\"async\" width=\"359\" height=\"120\" src=\"https:\/\/sleepwellbed.com\/wp-content\/uploads\/2019\/09\/Ciekurs_logo_caursp.png\" class=\"wpsl-store-thumb wp-post-image\" alt=\"\u010ciekurs\" srcset=\"https:\/\/sleepwellbed.com\/wp-content\/uploads\/2019\/09\/Ciekurs_logo_caursp.png 359w, https:\/\/sleepwellbed.com\/wp-content\/uploads\/2019\/09\/Ciekurs_logo_caursp-300x100.png 300w\" sizes=\"auto, (max-width: 359px) 100vw, 359px\" \/>\u010ciekurs<\/a><\/li><li><a href=\"https:\/\/www.larus.lv\/lv\/catalog\/301-matraci\/\" target=\"_blank\"><img loading=\"lazy\" decoding=\"async\" width=\"600\" height=\"160\" src=\"https:\/\/sleepwellbed.com\/wp-content\/uploads\/2024\/04\/Larus-logo.png\" class=\"wpsl-store-thumb wp-post-image\" alt=\"Larus\" srcset=\"https:\/\/sleepwellbed.com\/wp-content\/uploads\/2024\/04\/Larus-logo.png 600w, https:\/\/sleepwellbed.com\/wp-content\/uploads\/2024\/04\/Larus-logo-300x80.png 300w\" sizes=\"auto, (max-width: 600px) 100vw, 600px\" \/>Larus<\/a><\/li><li><a href=\"https:\/\/www.ksenukai.lv\/meklesana\/?q=sleepwell\" target=\"_blank\"><img loading=\"lazy\" decoding=\"async\" width=\"1080\" height=\"1080\" src=\"https:\/\/sleepwellbed.com\/wp-content\/uploads\/2024\/01\/ksenukai.png\" class=\"wpsl-store-thumb wp-post-image\" alt=\"Sensukai\" srcset=\"https:\/\/sleepwellbed.com\/wp-content\/uploads\/2024\/01\/ksenukai.png 1080w, https:\/\/sleepwellbed.com\/wp-content\/uploads\/2024\/01\/ksenukai-300x300.png 300w, https:\/\/sleepwellbed.com\/wp-content\/uploads\/2024\/01\/ksenukai-1024x1024.png 1024w, https:\/\/sleepwellbed.com\/wp-content\/uploads\/2024\/01\/ksenukai-150x150.png 150w, https:\/\/sleepwellbed.com\/wp-content\/uploads\/2024\/01\/ksenukai-768x768.png 768w, https:\/\/sleepwellbed.com\/wp-content\/uploads\/2024\/01\/ksenukai-600x600.png 600w, https:\/\/sleepwellbed.com\/wp-content\/uploads\/2024\/01\/ksenukai-200x200.png 200w\" sizes=\"auto, (max-width: 1080px) 100vw, 1080px\" \/>Sensukai<\/a><\/li><li><a href=\"https:\/\/www.1a.lv\/meklesana\/?q=sleepwell\" target=\"_blank\"><img loading=\"lazy\" decoding=\"async\" width=\"600\" height=\"300\" src=\"https:\/\/sleepwellbed.com\/wp-content\/uploads\/2024\/01\/1A_LV-1.png\" class=\"wpsl-store-thumb wp-post-image\" alt=\"1a\" srcset=\"https:\/\/sleepwellbed.com\/wp-content\/uploads\/2024\/01\/1A_LV-1.png 600w, https:\/\/sleepwellbed.com\/wp-content\/uploads\/2024\/01\/1A_LV-1-300x150.png 300w\" sizes=\"auto, (max-width: 600px) 100vw, 600px\" \/>1a<\/a><\/li><li><a href=\"https:\/\/4istabas.lv\/p\/matracis-red-orthopedic-160x200\/\" target=\"_blank\"><img loading=\"lazy\" decoding=\"async\" width=\"610\" height=\"617\" src=\"https:\/\/sleepwellbed.com\/wp-content\/uploads\/2021\/09\/4istabas_logo_kantains.jpg\" class=\"wpsl-store-thumb wp-post-image\" alt=\"4 Istabas\" srcset=\"https:\/\/sleepwellbed.com\/wp-content\/uploads\/2021\/09\/4istabas_logo_kantains.jpg 610w, https:\/\/sleepwellbed.com\/wp-content\/uploads\/2021\/09\/4istabas_logo_kantains-297x300.jpg 297w, https:\/\/sleepwellbed.com\/wp-content\/uploads\/2021\/09\/4istabas_logo_kantains-600x607.jpg 600w\" sizes=\"auto, (max-width: 610px) 100vw, 610px\" \/>4 Istabas<\/a><\/li><\/ul>[\/vc_column_text][\/vc_column][\/vc_row]<\/p>\n<\/div>","protected":false},"excerpt":{"rendered":"<p>[vc_row][vc_column el_id=&#8221;wpsl-wrap&#8221;][vc_column_text el_class=&#8221;wpsl-eshops show-eshops&#8221;] Skat\u012bt izplat\u012bt\u0101ju veikalus [\/vc_column_text][vc_column_text el_class=&#8221;wpsl-eshops show-eshops&#8221;][\/vc_column_text][\/vc_column][\/vc_row]<\/p>\n","protected":false},"author":1,"featured_media":0,"parent":0,"menu_order":50,"comment_status":"closed","ping_status":"closed","template":"","meta":{"_acf_changed":false,"footnotes":""},"class_list":["post-461987","page","type-page","status-publish","hentry","description-off"],"acf":[],"yoast_head":"<!-- This site is optimized with the Yoast SEO plugin v27.0 - https:\/\/yoast.com\/product\/yoast-seo-wordpress\/ -->\n<title>Izplat\u012bt\u0101ju e-veikali - Sleepwell<\/title>\n<meta name=\"robots\" content=\"index, follow, max-snippet:-1, max-image-preview:large, max-video-preview:-1\" \/>\n<link rel=\"canonical\" href=\"https:\/\/sleepwellbed.com\/lv\/izplatitaju-e-veikali\/\" \/>\n<meta property=\"og:locale\" content=\"lv_LV\" \/>\n<meta property=\"og:type\" content=\"article\" \/>\n<meta property=\"og:title\" content=\"Izplat\u012bt\u0101ju e-veikali - Sleepwell\" \/>\n<meta property=\"og:description\" content=\"[vc_row][vc_column el_id=&#8221;wpsl-wrap&#8221;][vc_column_text el_class=&#8221;wpsl-eshops show-eshops&#8221;] Skat\u012bt izplat\u012bt\u0101ju veikalus [\/vc_column_text][vc_column_text el_class=&#8221;wpsl-eshops show-eshops&#8221;][\/vc_column_text][\/vc_column][\/vc_row]\" \/>\n<meta property=\"og:url\" content=\"https:\/\/sleepwellbed.com\/lv\/izplatitaju-e-veikali\/\" \/>\n<meta property=\"og:site_name\" content=\"Sleepwell\" \/>\n<meta property=\"article:modified_time\" content=\"2024-02-08T13:18:20+00:00\" \/>\n<meta name=\"twitter:card\" content=\"summary_large_image\" \/>\n<meta name=\"twitter:label1\" content=\"Est. reading time\" \/>\n\t<meta name=\"twitter:data1\" content=\"1 minute\" \/>\n<script type=\"application\/ld+json\" class=\"yoast-schema-graph\">{\"@context\":\"https:\/\/schema.org\",\"@graph\":[{\"@type\":\"WebPage\",\"@id\":\"https:\/\/sleepwellbed.com\/lv\/izplatitaju-e-veikali\/\",\"url\":\"https:\/\/sleepwellbed.com\/lv\/izplatitaju-e-veikali\/\",\"name\":\"Izplat\u012bt\u0101ju e-veikali - Sleepwell\",\"isPartOf\":{\"@id\":\"https:\/\/sleepwellbed.com\/#website\"},\"datePublished\":\"2024-02-08T13:17:11+00:00\",\"dateModified\":\"2024-02-08T13:18:20+00:00\",\"breadcrumb\":{\"@id\":\"https:\/\/sleepwellbed.com\/lv\/izplatitaju-e-veikali\/#breadcrumb\"},\"inLanguage\":\"lv-LV\",\"potentialAction\":[{\"@type\":\"ReadAction\",\"target\":[\"https:\/\/sleepwellbed.com\/lv\/izplatitaju-e-veikali\/\"]}]},{\"@type\":\"BreadcrumbList\",\"@id\":\"https:\/\/sleepwellbed.com\/lv\/izplatitaju-e-veikali\/#breadcrumb\",\"itemListElement\":[{\"@type\":\"ListItem\",\"position\":1,\"name\":\"Home\",\"item\":\"https:\/\/sleepwellbed.com\/lv\/\"},{\"@type\":\"ListItem\",\"position\":2,\"name\":\"Izplat\u012bt\u0101ju e-veikali\"}]},{\"@type\":\"WebSite\",\"@id\":\"https:\/\/sleepwellbed.com\/#website\",\"url\":\"https:\/\/sleepwellbed.com\/\",\"name\":\"Sleepwell\",\"description\":\"\",\"potentialAction\":[{\"@type\":\"SearchAction\",\"target\":{\"@type\":\"EntryPoint\",\"urlTemplate\":\"https:\/\/sleepwellbed.com\/?s={search_term_string}\"},\"query-input\":{\"@type\":\"PropertyValueSpecification\",\"valueRequired\":true,\"valueName\":\"search_term_string\"}}],\"inLanguage\":\"lv-LV\"}]}<\/script>\n<!-- \/ Yoast SEO plugin. -->","yoast_head_json":{"title":"Izplat\u012bt\u0101ju e-veikali - Sleepwell","robots":{"index":"index","follow":"follow","max-snippet":"max-snippet:-1","max-image-preview":"max-image-preview:large","max-video-preview":"max-video-preview:-1"},"canonical":"https:\/\/sleepwellbed.com\/lv\/izplatitaju-e-veikali\/","og_locale":"lv_LV","og_type":"article","og_title":"Izplat\u012bt\u0101ju e-veikali - Sleepwell","og_description":"[vc_row][vc_column el_id=&#8221;wpsl-wrap&#8221;][vc_column_text el_class=&#8221;wpsl-eshops show-eshops&#8221;] Skat\u012bt izplat\u012bt\u0101ju veikalus [\/vc_column_text][vc_column_text el_class=&#8221;wpsl-eshops show-eshops&#8221;][\/vc_column_text][\/vc_column][\/vc_row]","og_url":"https:\/\/sleepwellbed.com\/lv\/izplatitaju-e-veikali\/","og_site_name":"Sleepwell","article_modified_time":"2024-02-08T13:18:20+00:00","twitter_card":"summary_large_image","twitter_misc":{"Est. reading time":"1 minute"},"schema":{"@context":"https:\/\/schema.org","@graph":[{"@type":"WebPage","@id":"https:\/\/sleepwellbed.com\/lv\/izplatitaju-e-veikali\/","url":"https:\/\/sleepwellbed.com\/lv\/izplatitaju-e-veikali\/","name":"Izplat\u012bt\u0101ju e-veikali - Sleepwell","isPartOf":{"@id":"https:\/\/sleepwellbed.com\/#website"},"datePublished":"2024-02-08T13:17:11+00:00","dateModified":"2024-02-08T13:18:20+00:00","breadcrumb":{"@id":"https:\/\/sleepwellbed.com\/lv\/izplatitaju-e-veikali\/#breadcrumb"},"inLanguage":"lv-LV","potentialAction":[{"@type":"ReadAction","target":["https:\/\/sleepwellbed.com\/lv\/izplatitaju-e-veikali\/"]}]},{"@type":"BreadcrumbList","@id":"https:\/\/sleepwellbed.com\/lv\/izplatitaju-e-veikali\/#breadcrumb","itemListElement":[{"@type":"ListItem","position":1,"name":"Home","item":"https:\/\/sleepwellbed.com\/lv\/"},{"@type":"ListItem","position":2,"name":"Izplat\u012bt\u0101ju e-veikali"}]},{"@type":"WebSite","@id":"https:\/\/sleepwellbed.com\/#website","url":"https:\/\/sleepwellbed.com\/","name":"Sleepwell","description":"","potentialAction":[{"@type":"SearchAction","target":{"@type":"EntryPoint","urlTemplate":"https:\/\/sleepwellbed.com\/?s={search_term_string}"},"query-input":{"@type":"PropertyValueSpecification","valueRequired":true,"valueName":"search_term_string"}}],"inLanguage":"lv-LV"}]}},"_links":{"self":[{"href":"https:\/\/sleepwellbed.com\/lv\/wp-json\/wp\/v2\/pages\/461987","targetHints":{"allow":["GET"]}}],"collection":[{"href":"https:\/\/sleepwellbed.com\/lv\/wp-json\/wp\/v2\/pages"}],"about":[{"href":"https:\/\/sleepwellbed.com\/lv\/wp-json\/wp\/v2\/types\/page"}],"author":[{"embeddable":true,"href":"https:\/\/sleepwellbed.com\/lv\/wp-json\/wp\/v2\/users\/1"}],"replies":[{"embeddable":true,"href":"https:\/\/sleepwellbed.com\/lv\/wp-json\/wp\/v2\/comments?post=461987"}],"version-history":[{"count":3,"href":"https:\/\/sleepwellbed.com\/lv\/wp-json\/wp\/v2\/pages\/461987\/revisions"}],"predecessor-version":[{"id":462006,"href":"https:\/\/sleepwellbed.com\/lv\/wp-json\/wp\/v2\/pages\/461987\/revisions\/462006"}],"wp:attachment":[{"href":"https:\/\/sleepwellbed.com\/lv\/wp-json\/wp\/v2\/media?parent=461987"}],"curies":[{"name":"wp","href":"https:\/\/api.w.org\/{rel}","templated":true}]}}