{"id":461992,"date":"2024-02-08T15:17:21","date_gmt":"2024-02-08T13:17:21","guid":{"rendered":"https:\/\/sleepwellbed.com\/?page_id=461992"},"modified":"2024-02-08T15:19:32","modified_gmt":"2024-02-08T13:19:32","slug":"izplatitaju-veikali","status":"publish","type":"page","link":"https:\/\/sleepwellbed.com\/lv\/izplatitaju-veikali\/","title":{"rendered":"Izplat\u012bt\u0101ju veikali"},"content":{"rendered":"<div class=\"wpb-content-wrapper\"><p>[vc_row][vc_column css=&#8221;.vc_custom_1706281986303{margin-bottom: 20px !important;}&#8221;][vc_column_text]<style>\r\n\t#wpsl-stores .wpsl-store-thumb {height:300px !important; width:300px !important;}\r\n\t#wpsl-stores, #wpsl-direction-details, #wpsl-gmap {height:350px !important;}\r\n\t#wpsl-gmap .wpsl-info-window {max-width:225px !important;}\r\n\t.wpsl-input label, #wpsl-radius label, #wpsl-category label {width:95px;}\r\n\t#wpsl-search-input  {width:179px;}\r\n<\/style>\r\n<div id=\"wpsl-wrap\" class=\"wpsl-store-below\">\r\n\t<div class=\"wpsl-search wpsl-clearfix wpsl-no-filters\">\r\n\t\t<div id=\"wpsl-search-wrap\">\r\n\t\t\t<form autocomplete=\"off\">\r\n\t\t\t\t<div class=\"sw-categories\">\n\t\t<script type=\"text\/javascript\">\n\t\t\tjQuery(\"#wpsl-wrap\").addClass(\"loading\");\n\t\t\tjQuery(\"#wpsl-wrap .sw-categories button\").attr(\"disabled\", true);\n\t\t\tjQuery(document).ready(function($) {\n\t\t\t\t$(document).on(\"click\", \"#wpsl-search-wrap .sw-categories button\", function(e){\n\t\t\t\t\te.preventDefault();\n\t\t\t\t\tvar _this = $(this);\n\t\t\t\t\t_this.closest(\"#wpsl-wrap\").addClass(\"loading\");\n\t\t\t\t\t$(\"#wpsl-wrap .sw-categories button\").attr(\"disabled\", true);\n\t\t\t\t\tjQuery.ajax({\n\t\t\t\t\t\ttype: \"POST\",\n\t\t\t\t\t\turl: select_store_city_obj.ajaxurl,\n\t\t\t\t\t\tdata: {\n\t\t\t\t\t\t\t\"action\": \"select_store_city\",\n\t\t\t\t\t\t\t\"city\" : _this.val(),\n\t\t\t\t\t\t},\n\t\t\t\t\t\tsuccess:function(ajaxresponse) {\n\t\t\t\t\t\t\t$(\"#wpsl-search-wrap .sw-categories button.selected\").removeClass(\"selected\");\n\t\t\t\t\t\t\t_this.addClass(\"selected\");\n\t\t\t\t\t\t\tsetTimeout(function() {\n\t\t\t\t\t\t\t\t$(\"#wpsl-wrap .sw-categories button\").attr(\"disabled\", false);\n\t\t\t\t\t\t\t\t_this.closest(\"#wpsl-wrap\").removeClass(\"loading\");\n\t\t\t\t\t\t\t}, 500);\n\t\t\t\t\t\t},\n\t\t\t\t\t\terror: function(errorThrown){\n\t\t\t\t\t\t\tconsole.log(errorThrown);\n\t\t\t\t\t\t}\n\t\t\t\t\t});\n\t\t\t\t\t$(\"#wpsl-search-input\").val(_this.val());\n\t\t\t\t\t$(\"#wpsl-search-btn\").trigger(\"click\");\n\t\t\t\t});\n\t\t\t\t$(\"#wpsl-search-input\").keypress(function(e) {\n\t\t\t\t\tif (e.which === 13) { e.stopPropagation(); e.preventDefault(); $(\"#wpsl-search-btn\").click(); }\n\t\t\t\t});\n\t\t\t\tsetTimeout(function() {\n\t\t\t\t\t\t$(\"#wpsl-wrap .sw-categories button\").attr(\"disabled\", false);\n\t\t\t\t\tjQuery(\"#wpsl-wrap\").removeClass(\"loading\");\n\t\t\t\t}, 2000);\n\t\t\t});\n\t\t<\/script>\n\t<ul>\n\t\t\t\t<li>\n\t\t\t\t\t<button class=\"dt-btn dt-btn-m\" value=\"valmiera\">Valmiera<\/button>\n\t\t\t\t<\/li>\n\t\t\t\n\t\t\t\t<li>\n\t\t\t\t\t<button class=\"dt-btn dt-btn-m\" value=\"limbazi\">Limba\u017ei<\/button>\n\t\t\t\t<\/li>\n\t\t\t\n\t\t\t\t<li>\n\t\t\t\t\t<button class=\"dt-btn dt-btn-m\" value=\"cesis\">C\u0113sis<\/button>\n\t\t\t\t<\/li>\n\t\t\t\n\t\t\t\t<li>\n\t\t\t\t\t<button class=\"dt-btn dt-btn-m\" value=\"riga\">R\u012bga<\/button>\n\t\t\t\t<\/li>\n\t\t\t\n\t\t\t\t<li>\n\t\t\t\t\t<button class=\"dt-btn dt-btn-m\" value=\"ventspils\">Ventspils<\/button>\n\t\t\t\t<\/li>\n\t\t\t<\/ul><\/div>\r\n\t\t\t<div class=\"wpsl-input\">\r\n\t\t\t\t<input id=\"wpsl-search-input\" type=\"text\" value=\"\" name=\"wpsl-search-input\" placeholder=\"Atra\u0161an\u0101s vieta\" aria-required=\"true\" \/>\r\n\t\t\t<\/div>\r\n\t\t\t\t<div class=\"wpsl-search-btn-wrap\"><input id=\"wpsl-search-btn\" type=\"submit\" value=\"Atrast veikalu\"><\/div>\r\n\t\t<\/form>\r\n\t\t<\/div>\r\n\t<\/div>\r\n\t<p class=\"wpsl-shops-link\"><a href=\"https:\/\/sleepwellbed.com\/lv\/izplatitaju-e-veikali\/\">Skat\u012bt izplat\u012bt\u0101ju e-veikalus <i class=\"fas fa-angle-double-right\"><\/i><\/a><\/p>\r\n\t<div id=\"wpsl-gmap\" class=\"wpsl-gmap-canvas\"><\/div>\r\n\t<div id=\"wpsl-result-list\">\r\n\t\t<div id=\"wpsl-stores\" >\r\n\t\t\t<ul><\/ul>\r\n\t\t<\/div>\r\n\t\t<div id=\"wpsl-direction-details\">\r\n\t\t\t<ul><\/ul>\r\n\t\t<\/div>\r\n\t<\/div>\r\n<\/div>\r\n[\/vc_column_text][\/vc_column][\/vc_row]<\/p>\n<\/div>","protected":false},"excerpt":{"rendered":"<p>[vc_row][vc_column css=&#8221;.vc_custom_1706281986303{margin-bottom: 20px !important;}&#8221;][vc_column_text][\/vc_column_text][\/vc_column][\/vc_row]<\/p>\n","protected":false},"author":1,"featured_media":0,"parent":0,"menu_order":50,"comment_status":"closed","ping_status":"closed","template":"","meta":{"_acf_changed":false,"footnotes":""},"class_list":["post-461992","page","type-page","status-publish","hentry","description-off"],"acf":[],"yoast_head":"<!-- This site is optimized with the Yoast SEO plugin v27.0 - https:\/\/yoast.com\/product\/yoast-seo-wordpress\/ -->\n<title>Izplat\u012bt\u0101ju veikali - Sleepwell<\/title>\n<meta name=\"robots\" content=\"index, follow, max-snippet:-1, max-image-preview:large, max-video-preview:-1\" \/>\n<link rel=\"canonical\" href=\"https:\/\/sleepwellbed.com\/lv\/izplatitaju-veikali\/\" \/>\n<meta property=\"og:locale\" content=\"lv_LV\" \/>\n<meta property=\"og:type\" content=\"article\" \/>\n<meta property=\"og:title\" content=\"Izplat\u012bt\u0101ju veikali - Sleepwell\" \/>\n<meta property=\"og:description\" content=\"[vc_row][vc_column css=&#8221;.vc_custom_1706281986303{margin-bottom: 20px !important;}&#8221;][vc_column_text][\/vc_column_text][\/vc_column][\/vc_row]\" \/>\n<meta property=\"og:url\" content=\"https:\/\/sleepwellbed.com\/lv\/izplatitaju-veikali\/\" \/>\n<meta property=\"og:site_name\" content=\"Sleepwell\" \/>\n<meta property=\"article:modified_time\" content=\"2024-02-08T13:19:32+00:00\" \/>\n<meta name=\"twitter:card\" content=\"summary_large_image\" \/>\n<meta name=\"twitter:label1\" content=\"Est. reading time\" \/>\n\t<meta name=\"twitter:data1\" content=\"1 minute\" \/>\n<script type=\"application\/ld+json\" class=\"yoast-schema-graph\">{\"@context\":\"https:\/\/schema.org\",\"@graph\":[{\"@type\":\"WebPage\",\"@id\":\"https:\/\/sleepwellbed.com\/lv\/izplatitaju-veikali\/\",\"url\":\"https:\/\/sleepwellbed.com\/lv\/izplatitaju-veikali\/\",\"name\":\"Izplat\u012bt\u0101ju veikali - Sleepwell\",\"isPartOf\":{\"@id\":\"https:\/\/sleepwellbed.com\/#website\"},\"datePublished\":\"2024-02-08T13:17:21+00:00\",\"dateModified\":\"2024-02-08T13:19:32+00:00\",\"breadcrumb\":{\"@id\":\"https:\/\/sleepwellbed.com\/lv\/izplatitaju-veikali\/#breadcrumb\"},\"inLanguage\":\"lv-LV\",\"potentialAction\":[{\"@type\":\"ReadAction\",\"target\":[\"https:\/\/sleepwellbed.com\/lv\/izplatitaju-veikali\/\"]}]},{\"@type\":\"BreadcrumbList\",\"@id\":\"https:\/\/sleepwellbed.com\/lv\/izplatitaju-veikali\/#breadcrumb\",\"itemListElement\":[{\"@type\":\"ListItem\",\"position\":1,\"name\":\"Home\",\"item\":\"https:\/\/sleepwellbed.com\/lv\/\"},{\"@type\":\"ListItem\",\"position\":2,\"name\":\"Izplat\u012bt\u0101ju veikali\"}]},{\"@type\":\"WebSite\",\"@id\":\"https:\/\/sleepwellbed.com\/#website\",\"url\":\"https:\/\/sleepwellbed.com\/\",\"name\":\"Sleepwell\",\"description\":\"\",\"potentialAction\":[{\"@type\":\"SearchAction\",\"target\":{\"@type\":\"EntryPoint\",\"urlTemplate\":\"https:\/\/sleepwellbed.com\/?s={search_term_string}\"},\"query-input\":{\"@type\":\"PropertyValueSpecification\",\"valueRequired\":true,\"valueName\":\"search_term_string\"}}],\"inLanguage\":\"lv-LV\"}]}<\/script>\n<!-- \/ Yoast SEO plugin. -->","yoast_head_json":{"title":"Izplat\u012bt\u0101ju veikali - Sleepwell","robots":{"index":"index","follow":"follow","max-snippet":"max-snippet:-1","max-image-preview":"max-image-preview:large","max-video-preview":"max-video-preview:-1"},"canonical":"https:\/\/sleepwellbed.com\/lv\/izplatitaju-veikali\/","og_locale":"lv_LV","og_type":"article","og_title":"Izplat\u012bt\u0101ju veikali - Sleepwell","og_description":"[vc_row][vc_column css=&#8221;.vc_custom_1706281986303{margin-bottom: 20px !important;}&#8221;][vc_column_text][\/vc_column_text][\/vc_column][\/vc_row]","og_url":"https:\/\/sleepwellbed.com\/lv\/izplatitaju-veikali\/","og_site_name":"Sleepwell","article_modified_time":"2024-02-08T13:19:32+00:00","twitter_card":"summary_large_image","twitter_misc":{"Est. reading time":"1 minute"},"schema":{"@context":"https:\/\/schema.org","@graph":[{"@type":"WebPage","@id":"https:\/\/sleepwellbed.com\/lv\/izplatitaju-veikali\/","url":"https:\/\/sleepwellbed.com\/lv\/izplatitaju-veikali\/","name":"Izplat\u012bt\u0101ju veikali - Sleepwell","isPartOf":{"@id":"https:\/\/sleepwellbed.com\/#website"},"datePublished":"2024-02-08T13:17:21+00:00","dateModified":"2024-02-08T13:19:32+00:00","breadcrumb":{"@id":"https:\/\/sleepwellbed.com\/lv\/izplatitaju-veikali\/#breadcrumb"},"inLanguage":"lv-LV","potentialAction":[{"@type":"ReadAction","target":["https:\/\/sleepwellbed.com\/lv\/izplatitaju-veikali\/"]}]},{"@type":"BreadcrumbList","@id":"https:\/\/sleepwellbed.com\/lv\/izplatitaju-veikali\/#breadcrumb","itemListElement":[{"@type":"ListItem","position":1,"name":"Home","item":"https:\/\/sleepwellbed.com\/lv\/"},{"@type":"ListItem","position":2,"name":"Izplat\u012bt\u0101ju veikali"}]},{"@type":"WebSite","@id":"https:\/\/sleepwellbed.com\/#website","url":"https:\/\/sleepwellbed.com\/","name":"Sleepwell","description":"","potentialAction":[{"@type":"SearchAction","target":{"@type":"EntryPoint","urlTemplate":"https:\/\/sleepwellbed.com\/?s={search_term_string}"},"query-input":{"@type":"PropertyValueSpecification","valueRequired":true,"valueName":"search_term_string"}}],"inLanguage":"lv-LV"}]}},"_links":{"self":[{"href":"https:\/\/sleepwellbed.com\/lv\/wp-json\/wp\/v2\/pages\/461992","targetHints":{"allow":["GET"]}}],"collection":[{"href":"https:\/\/sleepwellbed.com\/lv\/wp-json\/wp\/v2\/pages"}],"about":[{"href":"https:\/\/sleepwellbed.com\/lv\/wp-json\/wp\/v2\/types\/page"}],"author":[{"embeddable":true,"href":"https:\/\/sleepwellbed.com\/lv\/wp-json\/wp\/v2\/users\/1"}],"replies":[{"embeddable":true,"href":"https:\/\/sleepwellbed.com\/lv\/wp-json\/wp\/v2\/comments?post=461992"}],"version-history":[{"count":4,"href":"https:\/\/sleepwellbed.com\/lv\/wp-json\/wp\/v2\/pages\/461992\/revisions"}],"predecessor-version":[{"id":462008,"href":"https:\/\/sleepwellbed.com\/lv\/wp-json\/wp\/v2\/pages\/461992\/revisions\/462008"}],"wp:attachment":[{"href":"https:\/\/sleepwellbed.com\/lv\/wp-json\/wp\/v2\/media?parent=461992"}],"curies":[{"name":"wp","href":"https:\/\/api.w.org\/{rel}","templated":true}]}}