{"id":144953,"date":"2023-01-23T20:10:17","date_gmt":"2023-01-23T18:10:17","guid":{"rendered":"https:\/\/sleepwellbed.com\/product\/blue-pocket-kusett\/"},"modified":"2026-04-10T08:15:28","modified_gmt":"2026-04-10T05:15:28","slug":"blue-pocket-kusete","status":"publish","type":"product","link":"https:\/\/sleepwellbed.com\/lv\/product\/blue-pocket-kusete\/","title":{"rendered":"BLUE POCKET KU\u0160ETE"},"content":{"rendered":"<p>Ar m\u0113be\u013cu audumu p\u0101rkl\u0101ta gulta ar stingru atsperojumu. Papildkomfortu nodro\u0161ina augstas kvalit\u0101tes porolona sl\u0101nis, ar kuru p\u0101rkl\u0101ta pakoto atsperu sist\u0113ma.<br \/>BLUE s\u0113rijas m\u0113be\u013cu auduma izv\u0113le ir pieejami 3 da\u017e\u0101du to\u0146u audumi &#8211; <strong>pel\u0113ks, tum\u0161i pel\u0113ks un b\u0113\u0161s<\/strong>. Papildus var pas\u016bt\u012bt ar t\u0101du pa\u0161u audumu p\u0101rkl\u0101tu gultas galvgali. Pied\u0101v\u0101jum\u0101 ir 3 da\u017e\u0101di galvga\u013ci.<\/p>\n<p>Matracis, virsmatracis, galvgalis, k\u0101jas un citi aksesu\u0101ri nav iek\u013cauti komplekt\u0101, un tie ir j\u0101izv\u0113las atbilsto\u0161i sav\u0101m v\u0113lm\u0113m.<br \/>Ieteicamais k\u0101ju augstums \u0161im produktam &#8211; s\u0101kot no 18 cm.<br \/>Pieejamie izm\u0113ri 80&#215;200, 90&#215;200, 120&#215;200 ja 140&#215;200. <\/p>\n<p>Produkts ir izstr\u0101d\u0101ts un ra\u017eots Igaunij\u0101.<br \/><strong>Sleepwell izstr\u0101d\u0101jumos izmantotie materi\u0101li, piem\u0113ram, audums, kokvilna, vilna un vatel\u012bns, atbilst starptautiskajam \u00d6ko-Tex 100 standartam.<\/strong><\/p>\n","protected":false},"excerpt":{"rendered":"<p>Atsperu gulta ar<strong> ciet\u0101ku pocket atsperojumu<\/strong>, kas nevainojami iederas viesistab\u0101 un b\u0113rnistab\u0101.<\/p>\n<p>BLUE s\u0113rijas m\u0113be\u013cu auduma izv\u0113l\u0113 ir pieejami <strong>3 da\u017e\u0101du to\u0146u audumi<\/strong> &#8211; pel\u0113ks, tum\u0161i pel\u0113ks un b\u0113\u0161s.<\/p>\n<p>Papildu komfortu pie\u0161\u0137ir<strong> kvalitat\u012bvs porolona sl\u0101nis<\/strong> virs iepakot\u0101 atsperu bloka.<\/p>\n","protected":false},"featured_media":564062,"template":"","meta":{"_acf_changed":false},"product_brand":[],"product_cat":[692],"product_tag":[684],"class_list":{"0":"post-144953","1":"product","2":"type-product","3":"status-publish","4":"has-post-thumbnail","6":"product_cat-matracis-uz-koka-ramja","7":"product_tag-blue-lv","8":"description-off","10":"first","11":"outofstock","12":"sale","13":"taxable","14":"shipping-taxable","15":"purchasable","16":"product-type-variable"},"acf":[],"yoast_head":"<!-- This site is optimized with the Yoast SEO plugin v27.0 - https:\/\/yoast.com\/product\/yoast-seo-wordpress\/ -->\n<title>BLUE POCKET KU\u0160ETE - Sleepwell<\/title>\n<meta name=\"robots\" content=\"index, follow, max-snippet:-1, max-image-preview:large, max-video-preview:-1\" \/>\n<link rel=\"canonical\" href=\"https:\/\/sleepwellbed.com\/lv\/product\/blue-pocket-kusete\/\" \/>\n<meta property=\"og:locale\" content=\"lv_LV\" \/>\n<meta property=\"og:type\" content=\"article\" \/>\n<meta property=\"og:title\" content=\"BLUE POCKET KU\u0160ETE - Sleepwell\" \/>\n<meta property=\"og:description\" content=\"Atsperu gulta ar ciet\u0101ku pocket atsperojumu, kas nevainojami iederas viesistab\u0101 un b\u0113rnistab\u0101.BLUE s\u0113rijas m\u0113be\u013cu auduma izv\u0113l\u0113 ir pieejami 3 da\u017e\u0101du to\u0146u audumi - pel\u0113ks, tum\u0161i pel\u0113ks un b\u0113\u0161s.Papildu komfortu pie\u0161\u0137ir kvalitat\u012bvs porolona sl\u0101nis virs iepakot\u0101 atsperu bloka.\" \/>\n<meta property=\"og:url\" content=\"https:\/\/sleepwellbed.com\/lv\/product\/blue-pocket-kusete\/\" \/>\n<meta property=\"og:site_name\" content=\"Sleepwell\" \/>\n<meta property=\"article:modified_time\" content=\"2026-04-10T05:15:28+00:00\" \/>\n<meta property=\"og:image\" content=\"https:\/\/sleepwellbed.com\/wp-content\/uploads\/2025\/11\/Blue-Pocket-140-kusett-labiloige.png\" \/>\n\t<meta property=\"og:image:width\" content=\"1414\" \/>\n\t<meta property=\"og:image:height\" content=\"1000\" \/>\n\t<meta property=\"og:image:type\" content=\"image\/png\" \/>\n<meta name=\"twitter:card\" content=\"summary_large_image\" \/>\n<meta name=\"twitter:label1\" content=\"Est. reading time\" \/>\n\t<meta name=\"twitter:data1\" content=\"1 minute\" \/>\n<script type=\"application\/ld+json\" class=\"yoast-schema-graph\">{\"@context\":\"https:\/\/schema.org\",\"@graph\":[{\"@type\":\"WebPage\",\"@id\":\"https:\/\/sleepwellbed.com\/lv\/product\/blue-pocket-kusete\/\",\"url\":\"https:\/\/sleepwellbed.com\/lv\/product\/blue-pocket-kusete\/\",\"name\":\"BLUE POCKET KU\u0160ETE - Sleepwell\",\"isPartOf\":{\"@id\":\"https:\/\/sleepwellbed.com\/#website\"},\"primaryImageOfPage\":{\"@id\":\"https:\/\/sleepwellbed.com\/lv\/product\/blue-pocket-kusete\/#primaryimage\"},\"image\":{\"@id\":\"https:\/\/sleepwellbed.com\/lv\/product\/blue-pocket-kusete\/#primaryimage\"},\"thumbnailUrl\":\"https:\/\/sleepwellbed.com\/wp-content\/uploads\/2025\/11\/Blue-Pocket-140-kusett-labiloige.png\",\"datePublished\":\"2023-01-23T18:10:17+00:00\",\"dateModified\":\"2026-04-10T05:15:28+00:00\",\"breadcrumb\":{\"@id\":\"https:\/\/sleepwellbed.com\/lv\/product\/blue-pocket-kusete\/#breadcrumb\"},\"inLanguage\":\"lv-LV\",\"potentialAction\":[{\"@type\":\"ReadAction\",\"target\":[\"https:\/\/sleepwellbed.com\/lv\/product\/blue-pocket-kusete\/\"]}]},{\"@type\":\"ImageObject\",\"inLanguage\":\"lv-LV\",\"@id\":\"https:\/\/sleepwellbed.com\/lv\/product\/blue-pocket-kusete\/#primaryimage\",\"url\":\"https:\/\/sleepwellbed.com\/wp-content\/uploads\/2025\/11\/Blue-Pocket-140-kusett-labiloige.png\",\"contentUrl\":\"https:\/\/sleepwellbed.com\/wp-content\/uploads\/2025\/11\/Blue-Pocket-140-kusett-labiloige.png\",\"width\":1414,\"height\":1000},{\"@type\":\"BreadcrumbList\",\"@id\":\"https:\/\/sleepwellbed.com\/lv\/product\/blue-pocket-kusete\/#breadcrumb\",\"itemListElement\":[{\"@type\":\"ListItem\",\"position\":1,\"name\":\"Home\",\"item\":\"https:\/\/sleepwellbed.com\/lv\/\"},{\"@type\":\"ListItem\",\"position\":2,\"name\":\"Preces\",\"item\":\"https:\/\/sleepwellbed.com\/lv\/preces\/\"},{\"@type\":\"ListItem\",\"position\":3,\"name\":\"BLUE POCKET KU\u0160ETE\"}]},{\"@type\":\"WebSite\",\"@id\":\"https:\/\/sleepwellbed.com\/#website\",\"url\":\"https:\/\/sleepwellbed.com\/\",\"name\":\"Sleepwell\",\"description\":\"\",\"potentialAction\":[{\"@type\":\"SearchAction\",\"target\":{\"@type\":\"EntryPoint\",\"urlTemplate\":\"https:\/\/sleepwellbed.com\/?s={search_term_string}\"},\"query-input\":{\"@type\":\"PropertyValueSpecification\",\"valueRequired\":true,\"valueName\":\"search_term_string\"}}],\"inLanguage\":\"lv-LV\"}]}<\/script>\n<!-- \/ Yoast SEO plugin. -->","yoast_head_json":{"title":"BLUE POCKET KU\u0160ETE - Sleepwell","robots":{"index":"index","follow":"follow","max-snippet":"max-snippet:-1","max-image-preview":"max-image-preview:large","max-video-preview":"max-video-preview:-1"},"canonical":"https:\/\/sleepwellbed.com\/lv\/product\/blue-pocket-kusete\/","og_locale":"lv_LV","og_type":"article","og_title":"BLUE POCKET KU\u0160ETE - Sleepwell","og_description":"Atsperu gulta ar ciet\u0101ku pocket atsperojumu, kas nevainojami iederas viesistab\u0101 un b\u0113rnistab\u0101.BLUE s\u0113rijas m\u0113be\u013cu auduma izv\u0113l\u0113 ir pieejami 3 da\u017e\u0101du to\u0146u audumi - pel\u0113ks, tum\u0161i pel\u0113ks un b\u0113\u0161s.Papildu komfortu pie\u0161\u0137ir kvalitat\u012bvs porolona sl\u0101nis virs iepakot\u0101 atsperu bloka.","og_url":"https:\/\/sleepwellbed.com\/lv\/product\/blue-pocket-kusete\/","og_site_name":"Sleepwell","article_modified_time":"2026-04-10T05:15:28+00:00","og_image":[{"width":1414,"height":1000,"url":"https:\/\/sleepwellbed.com\/wp-content\/uploads\/2025\/11\/Blue-Pocket-140-kusett-labiloige.png","type":"image\/png"}],"twitter_card":"summary_large_image","twitter_misc":{"Est. reading time":"1 minute"},"schema":{"@context":"https:\/\/schema.org","@graph":[{"@type":"WebPage","@id":"https:\/\/sleepwellbed.com\/lv\/product\/blue-pocket-kusete\/","url":"https:\/\/sleepwellbed.com\/lv\/product\/blue-pocket-kusete\/","name":"BLUE POCKET KU\u0160ETE - Sleepwell","isPartOf":{"@id":"https:\/\/sleepwellbed.com\/#website"},"primaryImageOfPage":{"@id":"https:\/\/sleepwellbed.com\/lv\/product\/blue-pocket-kusete\/#primaryimage"},"image":{"@id":"https:\/\/sleepwellbed.com\/lv\/product\/blue-pocket-kusete\/#primaryimage"},"thumbnailUrl":"https:\/\/sleepwellbed.com\/wp-content\/uploads\/2025\/11\/Blue-Pocket-140-kusett-labiloige.png","datePublished":"2023-01-23T18:10:17+00:00","dateModified":"2026-04-10T05:15:28+00:00","breadcrumb":{"@id":"https:\/\/sleepwellbed.com\/lv\/product\/blue-pocket-kusete\/#breadcrumb"},"inLanguage":"lv-LV","potentialAction":[{"@type":"ReadAction","target":["https:\/\/sleepwellbed.com\/lv\/product\/blue-pocket-kusete\/"]}]},{"@type":"ImageObject","inLanguage":"lv-LV","@id":"https:\/\/sleepwellbed.com\/lv\/product\/blue-pocket-kusete\/#primaryimage","url":"https:\/\/sleepwellbed.com\/wp-content\/uploads\/2025\/11\/Blue-Pocket-140-kusett-labiloige.png","contentUrl":"https:\/\/sleepwellbed.com\/wp-content\/uploads\/2025\/11\/Blue-Pocket-140-kusett-labiloige.png","width":1414,"height":1000},{"@type":"BreadcrumbList","@id":"https:\/\/sleepwellbed.com\/lv\/product\/blue-pocket-kusete\/#breadcrumb","itemListElement":[{"@type":"ListItem","position":1,"name":"Home","item":"https:\/\/sleepwellbed.com\/lv\/"},{"@type":"ListItem","position":2,"name":"Preces","item":"https:\/\/sleepwellbed.com\/lv\/preces\/"},{"@type":"ListItem","position":3,"name":"BLUE POCKET KU\u0160ETE"}]},{"@type":"WebSite","@id":"https:\/\/sleepwellbed.com\/#website","url":"https:\/\/sleepwellbed.com\/","name":"Sleepwell","description":"","potentialAction":[{"@type":"SearchAction","target":{"@type":"EntryPoint","urlTemplate":"https:\/\/sleepwellbed.com\/?s={search_term_string}"},"query-input":{"@type":"PropertyValueSpecification","valueRequired":true,"valueName":"search_term_string"}}],"inLanguage":"lv-LV"}]}},"_links":{"self":[{"href":"https:\/\/sleepwellbed.com\/lv\/wp-json\/wp\/v2\/product\/144953","targetHints":{"allow":["GET"]}}],"collection":[{"href":"https:\/\/sleepwellbed.com\/lv\/wp-json\/wp\/v2\/product"}],"about":[{"href":"https:\/\/sleepwellbed.com\/lv\/wp-json\/wp\/v2\/types\/product"}],"wp:featuredmedia":[{"embeddable":true,"href":"https:\/\/sleepwellbed.com\/lv\/wp-json\/wp\/v2\/media\/564062"}],"wp:attachment":[{"href":"https:\/\/sleepwellbed.com\/lv\/wp-json\/wp\/v2\/media?parent=144953"}],"wp:term":[{"taxonomy":"product_brand","embeddable":true,"href":"https:\/\/sleepwellbed.com\/lv\/wp-json\/wp\/v2\/product_brand?post=144953"},{"taxonomy":"product_cat","embeddable":true,"href":"https:\/\/sleepwellbed.com\/lv\/wp-json\/wp\/v2\/product_cat?post=144953"},{"taxonomy":"product_tag","embeddable":true,"href":"https:\/\/sleepwellbed.com\/lv\/wp-json\/wp\/v2\/product_tag?post=144953"}],"curies":[{"name":"wp","href":"https:\/\/api.w.org\/{rel}","templated":true}]}}