{"id":145201,"date":"2023-01-23T20:15:12","date_gmt":"2023-01-23T18:15:12","guid":{"rendered":"https:\/\/sleepwellbed.com\/product\/red-pocket-kusett\/"},"modified":"2026-04-10T08:15:31","modified_gmt":"2026-04-10T05:15:31","slug":"red-pocket-kusete","status":"publish","type":"product","link":"https:\/\/sleepwellbed.com\/lv\/product\/red-pocket-kusete\/","title":{"rendered":"RED POCKET KU\u0160ETE"},"content":{"rendered":"<p><strong>Divsl\u0101\u0146u atsperu sist\u0113ma &#8211; aug\u0161pus\u0113 5 zonu iepakotu (pocket) atsperu sist\u0113ma, apak\u0161pus\u0113 pakotas mini atsperes.<\/strong><br \/>Ar Tiger Touch porolonu, kas ir jaun\u0101kais v\u0101rds materi\u0101lu industrij\u0101 &#8211; \u013cauj gaisam labi pl\u016bst un veido pat\u012bkami atsper\u012bgu, \u0137ermeni atbalsto\u0161u formu. Papildkomfortu gultas r\u0101mim nodro\u0161ina kokvilnas auduma sl\u0101nis.<\/p>\n<p>Iesp\u0113jams izv\u0113l\u0113ties aug\u0161\u0113jo pakoto atsperu ciet\u012bbu &#8211; cietu vai vid\u0113ju.<br \/>Pla\u0161a audumu izv\u0113le sniedz iesp\u0113ju izv\u0113l\u0113ties ikvienai gu\u013camistabai piem\u0113rotu toni. M\u0113be\u013cu audumu izv\u0113le pied\u0101v\u0101 audumus 14 da\u017e\u0101dos to\u0146os. <br \/>Papildus var pas\u016bt\u012bt ar t\u0101du pa\u0161u audumu p\u0101rkl\u0101tu gultas galvgali. Pied\u0101v\u0101jum\u0101 ir 14 da\u017e\u0101di galvga\u013ci.<\/p>\n<p>No t\u0101da pa\u0161a auduma ir iesp\u0113jams pas\u016bt\u012bt ar\u012b s\u0101nu kabatas, kur ievietot \u017eurn\u0101lus, televizora pulti u.c. Ar t\u0101du pa\u0161u audumu apvilktu var pas\u016bt\u012bt k\u0101jgal\u012b novietojamu kasti s\u0113d\u0113\u0161anai vai ap\u0123\u0113rbu glab\u0101\u0161anai.<br \/><strong>Matracis, virsmatracis, galvgalis, k\u0101jas un citi aksesu\u0101ri nav iek\u013cauti komplekt\u0101, un tie ir j\u0101izv\u0113las atbilsto\u0161i sav\u0101m v\u0113lm\u0113m.<\/strong><br \/>Pieejamie izm\u0113ri 80&#215;200, 90&#215;200, 120&#215;200, 140&#215;200.<\/p>\n<p>Produkts ir izstr\u0101d\u0101ts un ra\u017eots Igaunij\u0101.<br \/><strong>Porolona kvalit\u0101ti ir apstiprin\u0101jusi Igaunijas Aler\u0123ijas biedr\u012bba. Sleepwell izstr\u0101d\u0101jumos izmantotie materi\u0101li, piem\u0113ram, audums, kokvilna, vilna un vatel\u012bns, atbilst starptautiskajam \u00d6ko-Tex 100 standartam.<\/strong><\/p>\n","protected":false},"excerpt":{"rendered":"<p><strong>Divu sl\u0101\u0146u atsperu sist\u0113ma<\/strong> &#8211; aug\u0161pus\u0113<strong> 5 zonu pocket atsperojums<\/strong>, apak\u0161\u0101 <strong>mini pocket<\/strong>.<\/p>\n<p>Iesp\u0113jams izv\u0113l\u0113ties aug\u0161\u0113jo pocket atsperu ciet\u012bbu &#8211;<strong> cietu vai vid\u0113ju.<\/strong><\/p>\n<p>Oder\u0113ts ar <strong>Tiger Touch porolonu<\/strong>, kas ir jaun\u0101kais v\u0101rds materi\u0101lu industrij\u0101 &#8211; \u013cauj gaisam labi pl\u016bst un veido pat\u012bkami atsper\u012bgu, <strong>\u0137ermeni atbalsto\u0161u formu.<br \/><\/strong><br \/>Pla\u0161\u0101 audumu izv\u0113le sniedz iesp\u0113ju izv\u0113l\u0113ties<strong> ikvienai gu\u013camistabai piem\u0113rotu kr\u0101sas toni.<\/strong><\/p>\n","protected":false},"featured_media":564070,"template":"","meta":{"_acf_changed":false},"product_brand":[],"product_cat":[692],"product_tag":[696],"class_list":{"0":"post-145201","1":"product","2":"type-product","3":"status-publish","4":"has-post-thumbnail","6":"product_cat-matracis-uz-koka-ramja","7":"product_tag-red-lv","8":"description-off","10":"first","11":"outofstock","12":"sale","13":"taxable","14":"shipping-taxable","15":"purchasable","16":"product-type-variable"},"acf":[],"yoast_head":"<!-- This site is optimized with the Yoast SEO plugin v27.0 - https:\/\/yoast.com\/product\/yoast-seo-wordpress\/ -->\n<title>RED POCKET KU\u0160ETE - Sleepwell<\/title>\n<meta name=\"robots\" content=\"index, follow, max-snippet:-1, max-image-preview:large, max-video-preview:-1\" \/>\n<link rel=\"canonical\" href=\"https:\/\/sleepwellbed.com\/lv\/product\/red-pocket-kusete\/\" \/>\n<meta property=\"og:locale\" content=\"lv_LV\" \/>\n<meta property=\"og:type\" content=\"article\" \/>\n<meta property=\"og:title\" content=\"RED POCKET KU\u0160ETE - Sleepwell\" \/>\n<meta property=\"og:description\" content=\"Divu sl\u0101\u0146u atsperu sist\u0113ma - aug\u0161pus\u0113 5 zonu pocket atsperojums, apak\u0161\u0101 mini pocket.Iesp\u0113jams izv\u0113l\u0113ties aug\u0161\u0113jo pocket atsperu ciet\u012bbu - cietu vai vid\u0113ju.Oder\u0113ts ar Tiger Touch porolonu, kas ir jaun\u0101kais v\u0101rds materi\u0101lu industrij\u0101 - \u013cauj gaisam labi pl\u016bst un veido pat\u012bkami atsper\u012bgu, \u0137ermeni atbalsto\u0161u formu.Pla\u0161\u0101 audumu izv\u0113le sniedz iesp\u0113ju izv\u0113l\u0113ties ikvienai gu\u013camistabai piem\u0113rotu kr\u0101sas toni.\" \/>\n<meta property=\"og:url\" content=\"https:\/\/sleepwellbed.com\/lv\/product\/red-pocket-kusete\/\" \/>\n<meta property=\"og:site_name\" content=\"Sleepwell\" \/>\n<meta property=\"article:modified_time\" content=\"2026-04-10T05:15:31+00:00\" \/>\n<meta property=\"og:image\" content=\"https:\/\/sleepwellbed.com\/wp-content\/uploads\/2025\/11\/RED-POCKET-KUSETT-140-labiloige.png\" \/>\n\t<meta property=\"og:image:width\" content=\"1414\" \/>\n\t<meta property=\"og:image:height\" content=\"1000\" \/>\n\t<meta property=\"og:image:type\" content=\"image\/png\" \/>\n<meta name=\"twitter:card\" content=\"summary_large_image\" \/>\n<meta name=\"twitter:label1\" content=\"Est. reading time\" \/>\n\t<meta name=\"twitter:data1\" content=\"1 minute\" \/>\n<script type=\"application\/ld+json\" class=\"yoast-schema-graph\">{\"@context\":\"https:\/\/schema.org\",\"@graph\":[{\"@type\":\"WebPage\",\"@id\":\"https:\/\/sleepwellbed.com\/lv\/product\/red-pocket-kusete\/\",\"url\":\"https:\/\/sleepwellbed.com\/lv\/product\/red-pocket-kusete\/\",\"name\":\"RED POCKET KU\u0160ETE - Sleepwell\",\"isPartOf\":{\"@id\":\"https:\/\/sleepwellbed.com\/#website\"},\"primaryImageOfPage\":{\"@id\":\"https:\/\/sleepwellbed.com\/lv\/product\/red-pocket-kusete\/#primaryimage\"},\"image\":{\"@id\":\"https:\/\/sleepwellbed.com\/lv\/product\/red-pocket-kusete\/#primaryimage\"},\"thumbnailUrl\":\"https:\/\/sleepwellbed.com\/wp-content\/uploads\/2025\/11\/RED-POCKET-KUSETT-140-labiloige.png\",\"datePublished\":\"2023-01-23T18:15:12+00:00\",\"dateModified\":\"2026-04-10T05:15:31+00:00\",\"breadcrumb\":{\"@id\":\"https:\/\/sleepwellbed.com\/lv\/product\/red-pocket-kusete\/#breadcrumb\"},\"inLanguage\":\"lv-LV\",\"potentialAction\":[{\"@type\":\"ReadAction\",\"target\":[\"https:\/\/sleepwellbed.com\/lv\/product\/red-pocket-kusete\/\"]}]},{\"@type\":\"ImageObject\",\"inLanguage\":\"lv-LV\",\"@id\":\"https:\/\/sleepwellbed.com\/lv\/product\/red-pocket-kusete\/#primaryimage\",\"url\":\"https:\/\/sleepwellbed.com\/wp-content\/uploads\/2025\/11\/RED-POCKET-KUSETT-140-labiloige.png\",\"contentUrl\":\"https:\/\/sleepwellbed.com\/wp-content\/uploads\/2025\/11\/RED-POCKET-KUSETT-140-labiloige.png\",\"width\":1414,\"height\":1000},{\"@type\":\"BreadcrumbList\",\"@id\":\"https:\/\/sleepwellbed.com\/lv\/product\/red-pocket-kusete\/#breadcrumb\",\"itemListElement\":[{\"@type\":\"ListItem\",\"position\":1,\"name\":\"Home\",\"item\":\"https:\/\/sleepwellbed.com\/lv\/\"},{\"@type\":\"ListItem\",\"position\":2,\"name\":\"Preces\",\"item\":\"https:\/\/sleepwellbed.com\/lv\/preces\/\"},{\"@type\":\"ListItem\",\"position\":3,\"name\":\"RED POCKET KU\u0160ETE\"}]},{\"@type\":\"WebSite\",\"@id\":\"https:\/\/sleepwellbed.com\/#website\",\"url\":\"https:\/\/sleepwellbed.com\/\",\"name\":\"Sleepwell\",\"description\":\"\",\"potentialAction\":[{\"@type\":\"SearchAction\",\"target\":{\"@type\":\"EntryPoint\",\"urlTemplate\":\"https:\/\/sleepwellbed.com\/?s={search_term_string}\"},\"query-input\":{\"@type\":\"PropertyValueSpecification\",\"valueRequired\":true,\"valueName\":\"search_term_string\"}}],\"inLanguage\":\"lv-LV\"}]}<\/script>\n<!-- \/ Yoast SEO plugin. -->","yoast_head_json":{"title":"RED POCKET KU\u0160ETE - Sleepwell","robots":{"index":"index","follow":"follow","max-snippet":"max-snippet:-1","max-image-preview":"max-image-preview:large","max-video-preview":"max-video-preview:-1"},"canonical":"https:\/\/sleepwellbed.com\/lv\/product\/red-pocket-kusete\/","og_locale":"lv_LV","og_type":"article","og_title":"RED POCKET KU\u0160ETE - Sleepwell","og_description":"Divu sl\u0101\u0146u atsperu sist\u0113ma - aug\u0161pus\u0113 5 zonu pocket atsperojums, apak\u0161\u0101 mini pocket.Iesp\u0113jams izv\u0113l\u0113ties aug\u0161\u0113jo pocket atsperu ciet\u012bbu - cietu vai vid\u0113ju.Oder\u0113ts ar Tiger Touch porolonu, kas ir jaun\u0101kais v\u0101rds materi\u0101lu industrij\u0101 - \u013cauj gaisam labi pl\u016bst un veido pat\u012bkami atsper\u012bgu, \u0137ermeni atbalsto\u0161u formu.Pla\u0161\u0101 audumu izv\u0113le sniedz iesp\u0113ju izv\u0113l\u0113ties ikvienai gu\u013camistabai piem\u0113rotu kr\u0101sas toni.","og_url":"https:\/\/sleepwellbed.com\/lv\/product\/red-pocket-kusete\/","og_site_name":"Sleepwell","article_modified_time":"2026-04-10T05:15:31+00:00","og_image":[{"width":1414,"height":1000,"url":"https:\/\/sleepwellbed.com\/wp-content\/uploads\/2025\/11\/RED-POCKET-KUSETT-140-labiloige.png","type":"image\/png"}],"twitter_card":"summary_large_image","twitter_misc":{"Est. reading time":"1 minute"},"schema":{"@context":"https:\/\/schema.org","@graph":[{"@type":"WebPage","@id":"https:\/\/sleepwellbed.com\/lv\/product\/red-pocket-kusete\/","url":"https:\/\/sleepwellbed.com\/lv\/product\/red-pocket-kusete\/","name":"RED POCKET KU\u0160ETE - Sleepwell","isPartOf":{"@id":"https:\/\/sleepwellbed.com\/#website"},"primaryImageOfPage":{"@id":"https:\/\/sleepwellbed.com\/lv\/product\/red-pocket-kusete\/#primaryimage"},"image":{"@id":"https:\/\/sleepwellbed.com\/lv\/product\/red-pocket-kusete\/#primaryimage"},"thumbnailUrl":"https:\/\/sleepwellbed.com\/wp-content\/uploads\/2025\/11\/RED-POCKET-KUSETT-140-labiloige.png","datePublished":"2023-01-23T18:15:12+00:00","dateModified":"2026-04-10T05:15:31+00:00","breadcrumb":{"@id":"https:\/\/sleepwellbed.com\/lv\/product\/red-pocket-kusete\/#breadcrumb"},"inLanguage":"lv-LV","potentialAction":[{"@type":"ReadAction","target":["https:\/\/sleepwellbed.com\/lv\/product\/red-pocket-kusete\/"]}]},{"@type":"ImageObject","inLanguage":"lv-LV","@id":"https:\/\/sleepwellbed.com\/lv\/product\/red-pocket-kusete\/#primaryimage","url":"https:\/\/sleepwellbed.com\/wp-content\/uploads\/2025\/11\/RED-POCKET-KUSETT-140-labiloige.png","contentUrl":"https:\/\/sleepwellbed.com\/wp-content\/uploads\/2025\/11\/RED-POCKET-KUSETT-140-labiloige.png","width":1414,"height":1000},{"@type":"BreadcrumbList","@id":"https:\/\/sleepwellbed.com\/lv\/product\/red-pocket-kusete\/#breadcrumb","itemListElement":[{"@type":"ListItem","position":1,"name":"Home","item":"https:\/\/sleepwellbed.com\/lv\/"},{"@type":"ListItem","position":2,"name":"Preces","item":"https:\/\/sleepwellbed.com\/lv\/preces\/"},{"@type":"ListItem","position":3,"name":"RED POCKET KU\u0160ETE"}]},{"@type":"WebSite","@id":"https:\/\/sleepwellbed.com\/#website","url":"https:\/\/sleepwellbed.com\/","name":"Sleepwell","description":"","potentialAction":[{"@type":"SearchAction","target":{"@type":"EntryPoint","urlTemplate":"https:\/\/sleepwellbed.com\/?s={search_term_string}"},"query-input":{"@type":"PropertyValueSpecification","valueRequired":true,"valueName":"search_term_string"}}],"inLanguage":"lv-LV"}]}},"_links":{"self":[{"href":"https:\/\/sleepwellbed.com\/lv\/wp-json\/wp\/v2\/product\/145201","targetHints":{"allow":["GET"]}}],"collection":[{"href":"https:\/\/sleepwellbed.com\/lv\/wp-json\/wp\/v2\/product"}],"about":[{"href":"https:\/\/sleepwellbed.com\/lv\/wp-json\/wp\/v2\/types\/product"}],"wp:featuredmedia":[{"embeddable":true,"href":"https:\/\/sleepwellbed.com\/lv\/wp-json\/wp\/v2\/media\/564070"}],"wp:attachment":[{"href":"https:\/\/sleepwellbed.com\/lv\/wp-json\/wp\/v2\/media?parent=145201"}],"wp:term":[{"taxonomy":"product_brand","embeddable":true,"href":"https:\/\/sleepwellbed.com\/lv\/wp-json\/wp\/v2\/product_brand?post=145201"},{"taxonomy":"product_cat","embeddable":true,"href":"https:\/\/sleepwellbed.com\/lv\/wp-json\/wp\/v2\/product_cat?post=145201"},{"taxonomy":"product_tag","embeddable":true,"href":"https:\/\/sleepwellbed.com\/lv\/wp-json\/wp\/v2\/product_tag?post=145201"}],"curies":[{"name":"wp","href":"https:\/\/api.w.org\/{rel}","templated":true}]}}