{"id":150709,"date":"2023-01-23T20:39:09","date_gmt":"2023-01-23T18:39:09","guid":{"rendered":"https:\/\/sleepwellbed.com\/product\/red-voodiraam\/"},"modified":"2026-04-26T06:30:55","modified_gmt":"2026-04-26T03:30:55","slug":"red-gultas-ramis","status":"publish","type":"product","link":"https:\/\/sleepwellbed.com\/lv\/product\/red-gultas-ramis\/","title":{"rendered":"RED GULTAS R\u0100MIS"},"content":{"rendered":"<p>Kvalitat\u012bvs, ar m\u0113be\u013cu audumu apvilkts koka r\u0101mis. Papildkomfortu uz gultas r\u0101mja virsmas nodro\u0161ina porolona sl\u0101nis ar augstu bl\u012bvuma pak\u0101pi.<br \/>Gultas r\u0101mim ieg\u0101d\u0101to matraci var novietot gan gareniski, gan \u0161\u0137\u0113rsvirzien\u0101, t\u0101d\u0113j\u0101di nodro\u0161inot matracim ilg\u0101ku kalpo\u0161anas laiku.<\/p>\n<p>Pla\u0161a audumu izv\u0113le sniedz iesp\u0113ju izv\u0113l\u0113ties ikvienai gu\u013camistabai piem\u0113rotu toni. M\u0113be\u013cu audumu izv\u0113le pied\u0101v\u0101 audumus 14 da\u017e\u0101dos to\u0146os.<br \/>Papildus var pas\u016bt\u012bt ar t\u0101du pa\u0161u audumu p\u0101rkl\u0101tu gultas galvgali. Pied\u0101v\u0101jum\u0101 ir 14 da\u017e\u0101di galvga\u013ci.<br \/>Matracis, virsmatracis, galvgalis, k\u0101jas un citi aksesu\u0101ri nav iek\u013cauti komplekt\u0101, un tie ir j\u0101izv\u0113las atbilsto\u0161i sav\u0101m v\u0113lm\u0113m.<\/p>\n<p><strong>Ieteicamais k\u0101ju augstums \u0161im produktam &#8211; s\u0101kot no 18 cm<\/strong>.<br \/>Pieejamie izm\u0113ri&nbsp; 80&#215;200, 90&#215;200, 120&#215;200, 140&#215;200.<\/p>\n<p>Produkts ir izstr\u0101d\u0101ts un ra\u017eots Igaunij\u0101.<br \/><strong>Sleepwell izstr\u0101d\u0101jumos izmantotie materi\u0101li, piem\u0113ram, audums, kokvilna, vilna un vatel\u012bns, atbilst starptautiskajam \u00d6ko-Tex 100 standartam.<\/strong><\/p>\n","protected":false},"excerpt":{"rendered":"<p>Ar m\u0113be\u013cu audumu p\u0101rkl\u0101ts<b> kvalitat\u012bvs gultas r\u0101mis<\/b>.<\/p>\n<p>Pievienojot atsperu matraci, virsmatraci un galvgali <b>veidojas \u0113rta gulta.<br \/><\/b><br \/>Pla\u0161ais audumu kl\u0101sts sniedz iesp\u0113ju izv\u0113l\u0113ties <b>jebkurai gu\u013camistabai piem\u0113rotu kr\u0101su toni<\/b>.<\/p>\n<p>Papildkomfortu uz gultas r\u0101mja virsmas nodro\u0161ina porolona sl\u0101nis ar <b>augstu bl\u012bvuma pak\u0101pi.<\/b><\/p>\n","protected":false},"featured_media":564078,"template":"","meta":{"_acf_changed":false},"product_brand":[],"product_cat":[692],"product_tag":[696],"class_list":{"0":"post-150709","1":"product","2":"type-product","3":"status-publish","4":"has-post-thumbnail","6":"product_cat-matracis-uz-koka-ramja","7":"product_tag-red-lv","8":"description-off","10":"first","11":"outofstock","12":"sale","13":"taxable","14":"shipping-taxable","15":"purchasable","16":"product-type-variable"},"acf":[],"yoast_head":"<!-- This site is optimized with the Yoast SEO plugin v27.0 - https:\/\/yoast.com\/product\/yoast-seo-wordpress\/ -->\n<title>RED GULTAS R\u0100MIS - Sleepwell<\/title>\n<meta name=\"robots\" content=\"index, follow, max-snippet:-1, max-image-preview:large, max-video-preview:-1\" \/>\n<link rel=\"canonical\" href=\"https:\/\/sleepwellbed.com\/lv\/product\/red-gultas-ramis\/\" \/>\n<meta property=\"og:locale\" content=\"lv_LV\" \/>\n<meta property=\"og:type\" content=\"article\" \/>\n<meta property=\"og:title\" content=\"RED GULTAS R\u0100MIS - Sleepwell\" \/>\n<meta property=\"og:description\" content=\"Ar m\u0113be\u013cu audumu p\u0101rkl\u0101ts kvalitat\u012bvs gultas r\u0101mis.Pievienojot atsperu matraci, virsmatraci un galvgali veidojas \u0113rta gulta.Pla\u0161ais audumu kl\u0101sts sniedz iesp\u0113ju izv\u0113l\u0113ties jebkurai gu\u013camistabai piem\u0113rotu kr\u0101su toni.Papildkomfortu uz gultas r\u0101mja virsmas nodro\u0161ina porolona sl\u0101nis ar augstu bl\u012bvuma pak\u0101pi.\" \/>\n<meta property=\"og:url\" content=\"https:\/\/sleepwellbed.com\/lv\/product\/red-gultas-ramis\/\" \/>\n<meta property=\"og:site_name\" content=\"Sleepwell\" \/>\n<meta property=\"article:modified_time\" content=\"2026-04-26T03:30:55+00:00\" \/>\n<meta property=\"og:image\" content=\"https:\/\/sleepwellbed.com\/wp-content\/uploads\/2025\/11\/RED-voodiraam-160-labiloige.png\" \/>\n\t<meta property=\"og:image:width\" content=\"1414\" \/>\n\t<meta property=\"og:image:height\" content=\"1000\" \/>\n\t<meta property=\"og:image:type\" content=\"image\/png\" \/>\n<meta name=\"twitter:card\" content=\"summary_large_image\" \/>\n<meta name=\"twitter:label1\" content=\"Est. reading time\" \/>\n\t<meta name=\"twitter:data1\" content=\"1 minute\" \/>\n<script type=\"application\/ld+json\" class=\"yoast-schema-graph\">{\"@context\":\"https:\/\/schema.org\",\"@graph\":[{\"@type\":\"WebPage\",\"@id\":\"https:\/\/sleepwellbed.com\/lv\/product\/red-gultas-ramis\/\",\"url\":\"https:\/\/sleepwellbed.com\/lv\/product\/red-gultas-ramis\/\",\"name\":\"RED GULTAS R\u0100MIS - Sleepwell\",\"isPartOf\":{\"@id\":\"https:\/\/sleepwellbed.com\/#website\"},\"primaryImageOfPage\":{\"@id\":\"https:\/\/sleepwellbed.com\/lv\/product\/red-gultas-ramis\/#primaryimage\"},\"image\":{\"@id\":\"https:\/\/sleepwellbed.com\/lv\/product\/red-gultas-ramis\/#primaryimage\"},\"thumbnailUrl\":\"https:\/\/sleepwellbed.com\/wp-content\/uploads\/2025\/11\/RED-voodiraam-160-labiloige.png\",\"datePublished\":\"2023-01-23T18:39:09+00:00\",\"dateModified\":\"2026-04-26T03:30:55+00:00\",\"breadcrumb\":{\"@id\":\"https:\/\/sleepwellbed.com\/lv\/product\/red-gultas-ramis\/#breadcrumb\"},\"inLanguage\":\"lv-LV\",\"potentialAction\":[{\"@type\":\"ReadAction\",\"target\":[\"https:\/\/sleepwellbed.com\/lv\/product\/red-gultas-ramis\/\"]}]},{\"@type\":\"ImageObject\",\"inLanguage\":\"lv-LV\",\"@id\":\"https:\/\/sleepwellbed.com\/lv\/product\/red-gultas-ramis\/#primaryimage\",\"url\":\"https:\/\/sleepwellbed.com\/wp-content\/uploads\/2025\/11\/RED-voodiraam-160-labiloige.png\",\"contentUrl\":\"https:\/\/sleepwellbed.com\/wp-content\/uploads\/2025\/11\/RED-voodiraam-160-labiloige.png\",\"width\":1414,\"height\":1000},{\"@type\":\"BreadcrumbList\",\"@id\":\"https:\/\/sleepwellbed.com\/lv\/product\/red-gultas-ramis\/#breadcrumb\",\"itemListElement\":[{\"@type\":\"ListItem\",\"position\":1,\"name\":\"Home\",\"item\":\"https:\/\/sleepwellbed.com\/lv\/\"},{\"@type\":\"ListItem\",\"position\":2,\"name\":\"Preces\",\"item\":\"https:\/\/sleepwellbed.com\/lv\/preces\/\"},{\"@type\":\"ListItem\",\"position\":3,\"name\":\"RED GULTAS R\u0100MIS\"}]},{\"@type\":\"WebSite\",\"@id\":\"https:\/\/sleepwellbed.com\/#website\",\"url\":\"https:\/\/sleepwellbed.com\/\",\"name\":\"Sleepwell\",\"description\":\"\",\"potentialAction\":[{\"@type\":\"SearchAction\",\"target\":{\"@type\":\"EntryPoint\",\"urlTemplate\":\"https:\/\/sleepwellbed.com\/?s={search_term_string}\"},\"query-input\":{\"@type\":\"PropertyValueSpecification\",\"valueRequired\":true,\"valueName\":\"search_term_string\"}}],\"inLanguage\":\"lv-LV\"}]}<\/script>\n<!-- \/ Yoast SEO plugin. -->","yoast_head_json":{"title":"RED GULTAS R\u0100MIS - Sleepwell","robots":{"index":"index","follow":"follow","max-snippet":"max-snippet:-1","max-image-preview":"max-image-preview:large","max-video-preview":"max-video-preview:-1"},"canonical":"https:\/\/sleepwellbed.com\/lv\/product\/red-gultas-ramis\/","og_locale":"lv_LV","og_type":"article","og_title":"RED GULTAS R\u0100MIS - Sleepwell","og_description":"Ar m\u0113be\u013cu audumu p\u0101rkl\u0101ts kvalitat\u012bvs gultas r\u0101mis.Pievienojot atsperu matraci, virsmatraci un galvgali veidojas \u0113rta gulta.Pla\u0161ais audumu kl\u0101sts sniedz iesp\u0113ju izv\u0113l\u0113ties jebkurai gu\u013camistabai piem\u0113rotu kr\u0101su toni.Papildkomfortu uz gultas r\u0101mja virsmas nodro\u0161ina porolona sl\u0101nis ar augstu bl\u012bvuma pak\u0101pi.","og_url":"https:\/\/sleepwellbed.com\/lv\/product\/red-gultas-ramis\/","og_site_name":"Sleepwell","article_modified_time":"2026-04-26T03:30:55+00:00","og_image":[{"width":1414,"height":1000,"url":"https:\/\/sleepwellbed.com\/wp-content\/uploads\/2025\/11\/RED-voodiraam-160-labiloige.png","type":"image\/png"}],"twitter_card":"summary_large_image","twitter_misc":{"Est. reading time":"1 minute"},"schema":{"@context":"https:\/\/schema.org","@graph":[{"@type":"WebPage","@id":"https:\/\/sleepwellbed.com\/lv\/product\/red-gultas-ramis\/","url":"https:\/\/sleepwellbed.com\/lv\/product\/red-gultas-ramis\/","name":"RED GULTAS R\u0100MIS - Sleepwell","isPartOf":{"@id":"https:\/\/sleepwellbed.com\/#website"},"primaryImageOfPage":{"@id":"https:\/\/sleepwellbed.com\/lv\/product\/red-gultas-ramis\/#primaryimage"},"image":{"@id":"https:\/\/sleepwellbed.com\/lv\/product\/red-gultas-ramis\/#primaryimage"},"thumbnailUrl":"https:\/\/sleepwellbed.com\/wp-content\/uploads\/2025\/11\/RED-voodiraam-160-labiloige.png","datePublished":"2023-01-23T18:39:09+00:00","dateModified":"2026-04-26T03:30:55+00:00","breadcrumb":{"@id":"https:\/\/sleepwellbed.com\/lv\/product\/red-gultas-ramis\/#breadcrumb"},"inLanguage":"lv-LV","potentialAction":[{"@type":"ReadAction","target":["https:\/\/sleepwellbed.com\/lv\/product\/red-gultas-ramis\/"]}]},{"@type":"ImageObject","inLanguage":"lv-LV","@id":"https:\/\/sleepwellbed.com\/lv\/product\/red-gultas-ramis\/#primaryimage","url":"https:\/\/sleepwellbed.com\/wp-content\/uploads\/2025\/11\/RED-voodiraam-160-labiloige.png","contentUrl":"https:\/\/sleepwellbed.com\/wp-content\/uploads\/2025\/11\/RED-voodiraam-160-labiloige.png","width":1414,"height":1000},{"@type":"BreadcrumbList","@id":"https:\/\/sleepwellbed.com\/lv\/product\/red-gultas-ramis\/#breadcrumb","itemListElement":[{"@type":"ListItem","position":1,"name":"Home","item":"https:\/\/sleepwellbed.com\/lv\/"},{"@type":"ListItem","position":2,"name":"Preces","item":"https:\/\/sleepwellbed.com\/lv\/preces\/"},{"@type":"ListItem","position":3,"name":"RED GULTAS R\u0100MIS"}]},{"@type":"WebSite","@id":"https:\/\/sleepwellbed.com\/#website","url":"https:\/\/sleepwellbed.com\/","name":"Sleepwell","description":"","potentialAction":[{"@type":"SearchAction","target":{"@type":"EntryPoint","urlTemplate":"https:\/\/sleepwellbed.com\/?s={search_term_string}"},"query-input":{"@type":"PropertyValueSpecification","valueRequired":true,"valueName":"search_term_string"}}],"inLanguage":"lv-LV"}]}},"_links":{"self":[{"href":"https:\/\/sleepwellbed.com\/lv\/wp-json\/wp\/v2\/product\/150709","targetHints":{"allow":["GET"]}}],"collection":[{"href":"https:\/\/sleepwellbed.com\/lv\/wp-json\/wp\/v2\/product"}],"about":[{"href":"https:\/\/sleepwellbed.com\/lv\/wp-json\/wp\/v2\/types\/product"}],"wp:featuredmedia":[{"embeddable":true,"href":"https:\/\/sleepwellbed.com\/lv\/wp-json\/wp\/v2\/media\/564078"}],"wp:attachment":[{"href":"https:\/\/sleepwellbed.com\/lv\/wp-json\/wp\/v2\/media?parent=150709"}],"wp:term":[{"taxonomy":"product_brand","embeddable":true,"href":"https:\/\/sleepwellbed.com\/lv\/wp-json\/wp\/v2\/product_brand?post=150709"},{"taxonomy":"product_cat","embeddable":true,"href":"https:\/\/sleepwellbed.com\/lv\/wp-json\/wp\/v2\/product_cat?post=150709"},{"taxonomy":"product_tag","embeddable":true,"href":"https:\/\/sleepwellbed.com\/lv\/wp-json\/wp\/v2\/product_tag?post=150709"}],"curies":[{"name":"wp","href":"https:\/\/api.w.org\/{rel}","templated":true}]}}