{"id":152377,"date":"2023-01-23T20:54:57","date_gmt":"2023-01-23T18:54:57","guid":{"rendered":"https:\/\/sleepwellbed.com\/product\/top-hygienic-lux-madratsikaitse\/"},"modified":"2026-04-17T04:50:40","modified_gmt":"2026-04-17T01:50:40","slug":"top-hygienic-lux-matraca-aizsardziba","status":"publish","type":"product","link":"https:\/\/sleepwellbed.com\/lv\/product\/top-hygienic-lux-matraca-aizsardziba\/","title":{"rendered":"TOP HYGIENIC LUX MATRA\u010cA AIZSARDZ\u012aBA"},"content":{"rendered":"<div>Matra\u010da aizsargs ir paredz\u0113ts pamatmatra\u010da aizsardz\u012bbai no net\u012brumiem. <br \/>Step\u0113tais, gai\u0161ais p\u0101rvalks no elast\u012bg\u0101 auduma ir ra\u017eots no Super Soft\u2122 <strong>auduma<\/strong>, kas regul\u0113 mitrumu, un, pateicoties termostata funkcijai, tas pal\u012bdz uztur\u0113t ar\u012b \u0137erme\u0146a temperat\u016bru miega laik\u0101, nodro\u0161inot maksim\u0101lu komfortu.<\/p>\n<p>Audums ar \u012bpa\u0161u Sensity\u2122 apstr\u0101di, kas nov\u0113r\u0161 putek\u013cu \u0113rc\u012b\u0161u, pel\u0113juma un kait\u012bgo bakt\u0113riju veido\u0161anos un neitraliz\u0113 nepat\u012bkam\u0101s smakas. Svaigs un vesel\u012bgs miers jums tiks garant\u0113ts.<br \/>P\u0101rvalka st\u016bros ir gumijas lentes,, ar kur\u0101m \u0113rti nostiprin\u0101t p\u0101rvalku pie pamatmatra\u010da.<br \/>Matra\u010da p\u0101rvalku <strong>dr\u012bkst mazg\u0101t \u016bden\u012b, kura temperat\u016bra nep\u0101rsniedz 60 gr\u0101dus.<\/strong><br \/>Pieejamie izm\u0113ri 80&#215;200, 90&#215;200,120&#215;200, 140&#215;200, 160&#215;200 ja 180&#215;200. Iesp\u0113jams pas\u016bt\u012bt produktus ar\u012b \u012bpa\u0161os izm\u0113ros.<\/p>\n<p>Produkts ir izstr\u0101d\u0101ts un ra\u017eots Igaunij\u0101.<br \/>Produktam ir pie\u0161\u0137irta Igaunijas Aler\u0123ijas biedr\u012bbas atzin\u012bbas z\u012bme. <strong>Sleepwell izstr\u0101d\u0101jumos izmantotie materi\u0101li, piem\u0113ram, audums, kokvilna, vilna un vatel\u012bns, atbilst starptautiskajam \u00d6ko-Tex 100 standartam.<\/strong><\/div>\n","protected":false},"excerpt":{"rendered":"<div><strong>Luksusa matra\u010da aizsargs<\/strong>, kas paredz\u0113ts pamatmatra\u010da aizsardz\u012bbai no net\u012brumiem.<\/p>\n<p>\u012apa\u0161i m\u012bksts<strong> luksusa klases audums Super Soft\u2122<\/strong>.<\/p>\n<p><strong>Sensity\u2122 apstr\u0101de iev\u0113rojami samazina alerg\u0113nu daudzum<\/strong>u un uztur matraci svaigu.<\/p>\n<p>P\u0101rsegam ir <strong>Igaunijas aler\u0123ijas asoci\u0101cijas mar\u0137\u0113jums,<\/strong> un to dr\u012bkst mazg\u0101t \u016bden\u012b, kura temperat\u016bra nep\u0101rsniedz 60 gr\u0101dus.<\/div>\n","protected":false},"featured_media":564088,"template":"","meta":{"_acf_changed":false},"product_brand":[],"product_cat":[705],"product_tag":[715],"class_list":{"0":"post-152377","1":"product","2":"type-product","3":"status-publish","4":"has-post-thumbnail","6":"product_cat-virsmatracis","7":"product_tag-top-lv","8":"description-off","10":"first","11":"outofstock","12":"sale","13":"taxable","14":"shipping-taxable","15":"purchasable","16":"product-type-variable"},"acf":[],"yoast_head":"<!-- This site is optimized with the Yoast SEO plugin v27.0 - https:\/\/yoast.com\/product\/yoast-seo-wordpress\/ -->\n<title>TOP HYGIENIC LUX MATRA\u010cA AIZSARDZ\u012aBA - Sleepwell<\/title>\n<meta name=\"robots\" content=\"index, follow, max-snippet:-1, max-image-preview:large, max-video-preview:-1\" \/>\n<link rel=\"canonical\" href=\"https:\/\/sleepwellbed.com\/lv\/product\/top-hygienic-lux-matraca-aizsardziba\/\" \/>\n<meta property=\"og:locale\" content=\"lv_LV\" \/>\n<meta property=\"og:type\" content=\"article\" \/>\n<meta property=\"og:title\" content=\"TOP HYGIENIC LUX MATRA\u010cA AIZSARDZ\u012aBA - Sleepwell\" \/>\n<meta property=\"og:description\" content=\"Luksusa matra\u010da aizsargs, kas paredz\u0113ts pamatmatra\u010da aizsardz\u012bbai no net\u012brumiem.\u012apa\u0161i m\u012bksts luksusa klases audums Super Soft\u2122.Sensity\u2122 apstr\u0101de iev\u0113rojami samazina alerg\u0113nu daudzumu un uztur matraci svaigu.P\u0101rsegam ir Igaunijas aler\u0123ijas asoci\u0101cijas mar\u0137\u0113jums, un to dr\u012bkst mazg\u0101t \u016bden\u012b, kura temperat\u016bra nep\u0101rsniedz 60 gr\u0101dus.\" \/>\n<meta property=\"og:url\" content=\"https:\/\/sleepwellbed.com\/lv\/product\/top-hygienic-lux-matraca-aizsardziba\/\" \/>\n<meta property=\"og:site_name\" content=\"Sleepwell\" \/>\n<meta property=\"article:modified_time\" content=\"2026-04-17T01:50:40+00:00\" \/>\n<meta property=\"og:image\" content=\"https:\/\/sleepwellbed.com\/wp-content\/uploads\/2025\/11\/TOP-HYGENIC-LUX-160-kattetekk.png\" \/>\n\t<meta property=\"og:image:width\" content=\"1414\" \/>\n\t<meta property=\"og:image:height\" content=\"1000\" \/>\n\t<meta property=\"og:image:type\" content=\"image\/png\" \/>\n<meta name=\"twitter:card\" content=\"summary_large_image\" \/>\n<meta name=\"twitter:label1\" content=\"Est. reading time\" \/>\n\t<meta name=\"twitter:data1\" content=\"1 minute\" \/>\n<script type=\"application\/ld+json\" class=\"yoast-schema-graph\">{\"@context\":\"https:\/\/schema.org\",\"@graph\":[{\"@type\":\"WebPage\",\"@id\":\"https:\/\/sleepwellbed.com\/lv\/product\/top-hygienic-lux-matraca-aizsardziba\/\",\"url\":\"https:\/\/sleepwellbed.com\/lv\/product\/top-hygienic-lux-matraca-aizsardziba\/\",\"name\":\"TOP HYGIENIC LUX MATRA\u010cA AIZSARDZ\u012aBA - Sleepwell\",\"isPartOf\":{\"@id\":\"https:\/\/sleepwellbed.com\/#website\"},\"primaryImageOfPage\":{\"@id\":\"https:\/\/sleepwellbed.com\/lv\/product\/top-hygienic-lux-matraca-aizsardziba\/#primaryimage\"},\"image\":{\"@id\":\"https:\/\/sleepwellbed.com\/lv\/product\/top-hygienic-lux-matraca-aizsardziba\/#primaryimage\"},\"thumbnailUrl\":\"https:\/\/sleepwellbed.com\/wp-content\/uploads\/2025\/11\/TOP-HYGENIC-LUX-160-kattetekk.png\",\"datePublished\":\"2023-01-23T18:54:57+00:00\",\"dateModified\":\"2026-04-17T01:50:40+00:00\",\"breadcrumb\":{\"@id\":\"https:\/\/sleepwellbed.com\/lv\/product\/top-hygienic-lux-matraca-aizsardziba\/#breadcrumb\"},\"inLanguage\":\"lv-LV\",\"potentialAction\":[{\"@type\":\"ReadAction\",\"target\":[\"https:\/\/sleepwellbed.com\/lv\/product\/top-hygienic-lux-matraca-aizsardziba\/\"]}]},{\"@type\":\"ImageObject\",\"inLanguage\":\"lv-LV\",\"@id\":\"https:\/\/sleepwellbed.com\/lv\/product\/top-hygienic-lux-matraca-aizsardziba\/#primaryimage\",\"url\":\"https:\/\/sleepwellbed.com\/wp-content\/uploads\/2025\/11\/TOP-HYGENIC-LUX-160-kattetekk.png\",\"contentUrl\":\"https:\/\/sleepwellbed.com\/wp-content\/uploads\/2025\/11\/TOP-HYGENIC-LUX-160-kattetekk.png\",\"width\":1414,\"height\":1000},{\"@type\":\"BreadcrumbList\",\"@id\":\"https:\/\/sleepwellbed.com\/lv\/product\/top-hygienic-lux-matraca-aizsardziba\/#breadcrumb\",\"itemListElement\":[{\"@type\":\"ListItem\",\"position\":1,\"name\":\"Home\",\"item\":\"https:\/\/sleepwellbed.com\/lv\/\"},{\"@type\":\"ListItem\",\"position\":2,\"name\":\"Preces\",\"item\":\"https:\/\/sleepwellbed.com\/lv\/preces\/\"},{\"@type\":\"ListItem\",\"position\":3,\"name\":\"TOP HYGIENIC LUX MATRA\u010cA AIZSARDZ\u012aBA\"}]},{\"@type\":\"WebSite\",\"@id\":\"https:\/\/sleepwellbed.com\/#website\",\"url\":\"https:\/\/sleepwellbed.com\/\",\"name\":\"Sleepwell\",\"description\":\"\",\"potentialAction\":[{\"@type\":\"SearchAction\",\"target\":{\"@type\":\"EntryPoint\",\"urlTemplate\":\"https:\/\/sleepwellbed.com\/?s={search_term_string}\"},\"query-input\":{\"@type\":\"PropertyValueSpecification\",\"valueRequired\":true,\"valueName\":\"search_term_string\"}}],\"inLanguage\":\"lv-LV\"}]}<\/script>\n<!-- \/ Yoast SEO plugin. -->","yoast_head_json":{"title":"TOP HYGIENIC LUX MATRA\u010cA AIZSARDZ\u012aBA - Sleepwell","robots":{"index":"index","follow":"follow","max-snippet":"max-snippet:-1","max-image-preview":"max-image-preview:large","max-video-preview":"max-video-preview:-1"},"canonical":"https:\/\/sleepwellbed.com\/lv\/product\/top-hygienic-lux-matraca-aizsardziba\/","og_locale":"lv_LV","og_type":"article","og_title":"TOP HYGIENIC LUX MATRA\u010cA AIZSARDZ\u012aBA - Sleepwell","og_description":"Luksusa matra\u010da aizsargs, kas paredz\u0113ts pamatmatra\u010da aizsardz\u012bbai no net\u012brumiem.\u012apa\u0161i m\u012bksts luksusa klases audums Super Soft\u2122.Sensity\u2122 apstr\u0101de iev\u0113rojami samazina alerg\u0113nu daudzumu un uztur matraci svaigu.P\u0101rsegam ir Igaunijas aler\u0123ijas asoci\u0101cijas mar\u0137\u0113jums, un to dr\u012bkst mazg\u0101t \u016bden\u012b, kura temperat\u016bra nep\u0101rsniedz 60 gr\u0101dus.","og_url":"https:\/\/sleepwellbed.com\/lv\/product\/top-hygienic-lux-matraca-aizsardziba\/","og_site_name":"Sleepwell","article_modified_time":"2026-04-17T01:50:40+00:00","og_image":[{"width":1414,"height":1000,"url":"https:\/\/sleepwellbed.com\/wp-content\/uploads\/2025\/11\/TOP-HYGENIC-LUX-160-kattetekk.png","type":"image\/png"}],"twitter_card":"summary_large_image","twitter_misc":{"Est. reading time":"1 minute"},"schema":{"@context":"https:\/\/schema.org","@graph":[{"@type":"WebPage","@id":"https:\/\/sleepwellbed.com\/lv\/product\/top-hygienic-lux-matraca-aizsardziba\/","url":"https:\/\/sleepwellbed.com\/lv\/product\/top-hygienic-lux-matraca-aizsardziba\/","name":"TOP HYGIENIC LUX MATRA\u010cA AIZSARDZ\u012aBA - Sleepwell","isPartOf":{"@id":"https:\/\/sleepwellbed.com\/#website"},"primaryImageOfPage":{"@id":"https:\/\/sleepwellbed.com\/lv\/product\/top-hygienic-lux-matraca-aizsardziba\/#primaryimage"},"image":{"@id":"https:\/\/sleepwellbed.com\/lv\/product\/top-hygienic-lux-matraca-aizsardziba\/#primaryimage"},"thumbnailUrl":"https:\/\/sleepwellbed.com\/wp-content\/uploads\/2025\/11\/TOP-HYGENIC-LUX-160-kattetekk.png","datePublished":"2023-01-23T18:54:57+00:00","dateModified":"2026-04-17T01:50:40+00:00","breadcrumb":{"@id":"https:\/\/sleepwellbed.com\/lv\/product\/top-hygienic-lux-matraca-aizsardziba\/#breadcrumb"},"inLanguage":"lv-LV","potentialAction":[{"@type":"ReadAction","target":["https:\/\/sleepwellbed.com\/lv\/product\/top-hygienic-lux-matraca-aizsardziba\/"]}]},{"@type":"ImageObject","inLanguage":"lv-LV","@id":"https:\/\/sleepwellbed.com\/lv\/product\/top-hygienic-lux-matraca-aizsardziba\/#primaryimage","url":"https:\/\/sleepwellbed.com\/wp-content\/uploads\/2025\/11\/TOP-HYGENIC-LUX-160-kattetekk.png","contentUrl":"https:\/\/sleepwellbed.com\/wp-content\/uploads\/2025\/11\/TOP-HYGENIC-LUX-160-kattetekk.png","width":1414,"height":1000},{"@type":"BreadcrumbList","@id":"https:\/\/sleepwellbed.com\/lv\/product\/top-hygienic-lux-matraca-aizsardziba\/#breadcrumb","itemListElement":[{"@type":"ListItem","position":1,"name":"Home","item":"https:\/\/sleepwellbed.com\/lv\/"},{"@type":"ListItem","position":2,"name":"Preces","item":"https:\/\/sleepwellbed.com\/lv\/preces\/"},{"@type":"ListItem","position":3,"name":"TOP HYGIENIC LUX MATRA\u010cA AIZSARDZ\u012aBA"}]},{"@type":"WebSite","@id":"https:\/\/sleepwellbed.com\/#website","url":"https:\/\/sleepwellbed.com\/","name":"Sleepwell","description":"","potentialAction":[{"@type":"SearchAction","target":{"@type":"EntryPoint","urlTemplate":"https:\/\/sleepwellbed.com\/?s={search_term_string}"},"query-input":{"@type":"PropertyValueSpecification","valueRequired":true,"valueName":"search_term_string"}}],"inLanguage":"lv-LV"}]}},"_links":{"self":[{"href":"https:\/\/sleepwellbed.com\/lv\/wp-json\/wp\/v2\/product\/152377","targetHints":{"allow":["GET"]}}],"collection":[{"href":"https:\/\/sleepwellbed.com\/lv\/wp-json\/wp\/v2\/product"}],"about":[{"href":"https:\/\/sleepwellbed.com\/lv\/wp-json\/wp\/v2\/types\/product"}],"wp:featuredmedia":[{"embeddable":true,"href":"https:\/\/sleepwellbed.com\/lv\/wp-json\/wp\/v2\/media\/564088"}],"wp:attachment":[{"href":"https:\/\/sleepwellbed.com\/lv\/wp-json\/wp\/v2\/media?parent=152377"}],"wp:term":[{"taxonomy":"product_brand","embeddable":true,"href":"https:\/\/sleepwellbed.com\/lv\/wp-json\/wp\/v2\/product_brand?post=152377"},{"taxonomy":"product_cat","embeddable":true,"href":"https:\/\/sleepwellbed.com\/lv\/wp-json\/wp\/v2\/product_cat?post=152377"},{"taxonomy":"product_tag","embeddable":true,"href":"https:\/\/sleepwellbed.com\/lv\/wp-json\/wp\/v2\/product_tag?post=152377"}],"curies":[{"name":"wp","href":"https:\/\/api.w.org\/{rel}","templated":true}]}}