{"id":152481,"date":"2023-01-23T20:55:21","date_gmt":"2023-01-23T18:55:21","guid":{"rendered":"https:\/\/sleepwellbed.com\/product\/blue-h20-low-peatsiots\/"},"modified":"2026-04-12T06:30:37","modified_gmt":"2026-04-12T03:30:37","slug":"blue-h20-low-galvgali","status":"publish","type":"product","link":"https:\/\/sleepwellbed.com\/lv\/product\/blue-h20-low-galvgali\/","title":{"rendered":"BLUE H20 LOW GALVGA\u013bI"},"content":{"rendered":"<p><strong>J\u016bs varat izv\u0113l\u0113ties starp tr\u012bs m\u0113be\u013cu v\u0101kiem&nbsp; \u2013 tum\u0161i pel\u0113ka, gai\u0161i pel\u0113ka un be\u017ea.<\/strong><\/p>\n<p>Platums 81, 91, 121, 141, 161, 181cm.<\/p>\n<p>Augstums 95cm.<\/p>\n<p>Biezums 7cm.<\/p>\n","protected":false},"excerpt":{"rendered":"<p>J\u016bs varat izv\u0113l\u0113ties 3 m\u0113be\u013cu uzliku \u2013 tum\u0161i pel\u0113ks, gai\u0161i pel\u0113ks un be\u017ea.<\/p>\n","protected":false},"featured_media":564091,"template":"","meta":{"_acf_changed":false},"product_brand":[],"product_cat":[726],"product_tag":[684],"class_list":{"0":"post-152481","1":"product","2":"type-product","3":"status-publish","4":"has-post-thumbnail","6":"product_cat-galvgali","7":"product_tag-blue-lv","8":"description-off","10":"first","11":"outofstock","12":"sale","13":"taxable","14":"shipping-taxable","15":"purchasable","16":"product-type-variable"},"acf":[],"yoast_head":"<!-- This site is optimized with the Yoast SEO plugin v27.0 - https:\/\/yoast.com\/product\/yoast-seo-wordpress\/ -->\n<title>BLUE H20 LOW GALVGA\u013bI - Sleepwell<\/title>\n<meta name=\"robots\" content=\"index, follow, max-snippet:-1, max-image-preview:large, max-video-preview:-1\" \/>\n<link rel=\"canonical\" href=\"https:\/\/sleepwellbed.com\/lv\/product\/blue-h20-low-galvgali\/\" \/>\n<meta property=\"og:locale\" content=\"lv_LV\" \/>\n<meta property=\"og:type\" content=\"article\" \/>\n<meta property=\"og:title\" content=\"BLUE H20 LOW GALVGA\u013bI - Sleepwell\" \/>\n<meta property=\"og:description\" content=\"J\u016bs varat izv\u0113l\u0113ties 3 m\u0113be\u013cu uzliku \u2013 tum\u0161i pel\u0113ks, gai\u0161i pel\u0113ks un be\u017ea.\" \/>\n<meta property=\"og:url\" content=\"https:\/\/sleepwellbed.com\/lv\/product\/blue-h20-low-galvgali\/\" \/>\n<meta property=\"og:site_name\" content=\"Sleepwell\" \/>\n<meta property=\"article:modified_time\" content=\"2026-04-12T03:30:37+00:00\" \/>\n<meta property=\"og:image\" content=\"https:\/\/sleepwellbed.com\/wp-content\/uploads\/2025\/11\/H20-LOW-PEATSIOTS-160.png\" \/>\n\t<meta property=\"og:image:width\" content=\"1414\" \/>\n\t<meta property=\"og:image:height\" content=\"1000\" \/>\n\t<meta property=\"og:image:type\" content=\"image\/png\" \/>\n<meta name=\"twitter:card\" content=\"summary_large_image\" \/>\n<meta name=\"twitter:label1\" content=\"Est. reading time\" \/>\n\t<meta name=\"twitter:data1\" content=\"1 minute\" \/>\n<script type=\"application\/ld+json\" class=\"yoast-schema-graph\">{\"@context\":\"https:\/\/schema.org\",\"@graph\":[{\"@type\":\"WebPage\",\"@id\":\"https:\/\/sleepwellbed.com\/lv\/product\/blue-h20-low-galvgali\/\",\"url\":\"https:\/\/sleepwellbed.com\/lv\/product\/blue-h20-low-galvgali\/\",\"name\":\"BLUE H20 LOW GALVGA\u013bI - Sleepwell\",\"isPartOf\":{\"@id\":\"https:\/\/sleepwellbed.com\/#website\"},\"primaryImageOfPage\":{\"@id\":\"https:\/\/sleepwellbed.com\/lv\/product\/blue-h20-low-galvgali\/#primaryimage\"},\"image\":{\"@id\":\"https:\/\/sleepwellbed.com\/lv\/product\/blue-h20-low-galvgali\/#primaryimage\"},\"thumbnailUrl\":\"https:\/\/sleepwellbed.com\/wp-content\/uploads\/2025\/11\/H20-LOW-PEATSIOTS-160.png\",\"datePublished\":\"2023-01-23T18:55:21+00:00\",\"dateModified\":\"2026-04-12T03:30:37+00:00\",\"breadcrumb\":{\"@id\":\"https:\/\/sleepwellbed.com\/lv\/product\/blue-h20-low-galvgali\/#breadcrumb\"},\"inLanguage\":\"lv-LV\",\"potentialAction\":[{\"@type\":\"ReadAction\",\"target\":[\"https:\/\/sleepwellbed.com\/lv\/product\/blue-h20-low-galvgali\/\"]}]},{\"@type\":\"ImageObject\",\"inLanguage\":\"lv-LV\",\"@id\":\"https:\/\/sleepwellbed.com\/lv\/product\/blue-h20-low-galvgali\/#primaryimage\",\"url\":\"https:\/\/sleepwellbed.com\/wp-content\/uploads\/2025\/11\/H20-LOW-PEATSIOTS-160.png\",\"contentUrl\":\"https:\/\/sleepwellbed.com\/wp-content\/uploads\/2025\/11\/H20-LOW-PEATSIOTS-160.png\",\"width\":1414,\"height\":1000},{\"@type\":\"BreadcrumbList\",\"@id\":\"https:\/\/sleepwellbed.com\/lv\/product\/blue-h20-low-galvgali\/#breadcrumb\",\"itemListElement\":[{\"@type\":\"ListItem\",\"position\":1,\"name\":\"Home\",\"item\":\"https:\/\/sleepwellbed.com\/lv\/\"},{\"@type\":\"ListItem\",\"position\":2,\"name\":\"Preces\",\"item\":\"https:\/\/sleepwellbed.com\/lv\/preces\/\"},{\"@type\":\"ListItem\",\"position\":3,\"name\":\"BLUE H20 LOW GALVGA\u013bI\"}]},{\"@type\":\"WebSite\",\"@id\":\"https:\/\/sleepwellbed.com\/#website\",\"url\":\"https:\/\/sleepwellbed.com\/\",\"name\":\"Sleepwell\",\"description\":\"\",\"potentialAction\":[{\"@type\":\"SearchAction\",\"target\":{\"@type\":\"EntryPoint\",\"urlTemplate\":\"https:\/\/sleepwellbed.com\/?s={search_term_string}\"},\"query-input\":{\"@type\":\"PropertyValueSpecification\",\"valueRequired\":true,\"valueName\":\"search_term_string\"}}],\"inLanguage\":\"lv-LV\"}]}<\/script>\n<!-- \/ Yoast SEO plugin. -->","yoast_head_json":{"title":"BLUE H20 LOW GALVGA\u013bI - Sleepwell","robots":{"index":"index","follow":"follow","max-snippet":"max-snippet:-1","max-image-preview":"max-image-preview:large","max-video-preview":"max-video-preview:-1"},"canonical":"https:\/\/sleepwellbed.com\/lv\/product\/blue-h20-low-galvgali\/","og_locale":"lv_LV","og_type":"article","og_title":"BLUE H20 LOW GALVGA\u013bI - Sleepwell","og_description":"J\u016bs varat izv\u0113l\u0113ties 3 m\u0113be\u013cu uzliku \u2013 tum\u0161i pel\u0113ks, gai\u0161i pel\u0113ks un be\u017ea.","og_url":"https:\/\/sleepwellbed.com\/lv\/product\/blue-h20-low-galvgali\/","og_site_name":"Sleepwell","article_modified_time":"2026-04-12T03:30:37+00:00","og_image":[{"width":1414,"height":1000,"url":"https:\/\/sleepwellbed.com\/wp-content\/uploads\/2025\/11\/H20-LOW-PEATSIOTS-160.png","type":"image\/png"}],"twitter_card":"summary_large_image","twitter_misc":{"Est. reading time":"1 minute"},"schema":{"@context":"https:\/\/schema.org","@graph":[{"@type":"WebPage","@id":"https:\/\/sleepwellbed.com\/lv\/product\/blue-h20-low-galvgali\/","url":"https:\/\/sleepwellbed.com\/lv\/product\/blue-h20-low-galvgali\/","name":"BLUE H20 LOW GALVGA\u013bI - Sleepwell","isPartOf":{"@id":"https:\/\/sleepwellbed.com\/#website"},"primaryImageOfPage":{"@id":"https:\/\/sleepwellbed.com\/lv\/product\/blue-h20-low-galvgali\/#primaryimage"},"image":{"@id":"https:\/\/sleepwellbed.com\/lv\/product\/blue-h20-low-galvgali\/#primaryimage"},"thumbnailUrl":"https:\/\/sleepwellbed.com\/wp-content\/uploads\/2025\/11\/H20-LOW-PEATSIOTS-160.png","datePublished":"2023-01-23T18:55:21+00:00","dateModified":"2026-04-12T03:30:37+00:00","breadcrumb":{"@id":"https:\/\/sleepwellbed.com\/lv\/product\/blue-h20-low-galvgali\/#breadcrumb"},"inLanguage":"lv-LV","potentialAction":[{"@type":"ReadAction","target":["https:\/\/sleepwellbed.com\/lv\/product\/blue-h20-low-galvgali\/"]}]},{"@type":"ImageObject","inLanguage":"lv-LV","@id":"https:\/\/sleepwellbed.com\/lv\/product\/blue-h20-low-galvgali\/#primaryimage","url":"https:\/\/sleepwellbed.com\/wp-content\/uploads\/2025\/11\/H20-LOW-PEATSIOTS-160.png","contentUrl":"https:\/\/sleepwellbed.com\/wp-content\/uploads\/2025\/11\/H20-LOW-PEATSIOTS-160.png","width":1414,"height":1000},{"@type":"BreadcrumbList","@id":"https:\/\/sleepwellbed.com\/lv\/product\/blue-h20-low-galvgali\/#breadcrumb","itemListElement":[{"@type":"ListItem","position":1,"name":"Home","item":"https:\/\/sleepwellbed.com\/lv\/"},{"@type":"ListItem","position":2,"name":"Preces","item":"https:\/\/sleepwellbed.com\/lv\/preces\/"},{"@type":"ListItem","position":3,"name":"BLUE H20 LOW GALVGA\u013bI"}]},{"@type":"WebSite","@id":"https:\/\/sleepwellbed.com\/#website","url":"https:\/\/sleepwellbed.com\/","name":"Sleepwell","description":"","potentialAction":[{"@type":"SearchAction","target":{"@type":"EntryPoint","urlTemplate":"https:\/\/sleepwellbed.com\/?s={search_term_string}"},"query-input":{"@type":"PropertyValueSpecification","valueRequired":true,"valueName":"search_term_string"}}],"inLanguage":"lv-LV"}]}},"_links":{"self":[{"href":"https:\/\/sleepwellbed.com\/lv\/wp-json\/wp\/v2\/product\/152481","targetHints":{"allow":["GET"]}}],"collection":[{"href":"https:\/\/sleepwellbed.com\/lv\/wp-json\/wp\/v2\/product"}],"about":[{"href":"https:\/\/sleepwellbed.com\/lv\/wp-json\/wp\/v2\/types\/product"}],"wp:featuredmedia":[{"embeddable":true,"href":"https:\/\/sleepwellbed.com\/lv\/wp-json\/wp\/v2\/media\/564091"}],"wp:attachment":[{"href":"https:\/\/sleepwellbed.com\/lv\/wp-json\/wp\/v2\/media?parent=152481"}],"wp:term":[{"taxonomy":"product_brand","embeddable":true,"href":"https:\/\/sleepwellbed.com\/lv\/wp-json\/wp\/v2\/product_brand?post=152481"},{"taxonomy":"product_cat","embeddable":true,"href":"https:\/\/sleepwellbed.com\/lv\/wp-json\/wp\/v2\/product_cat?post=152481"},{"taxonomy":"product_tag","embeddable":true,"href":"https:\/\/sleepwellbed.com\/lv\/wp-json\/wp\/v2\/product_tag?post=152481"}],"curies":[{"name":"wp","href":"https:\/\/api.w.org\/{rel}","templated":true}]}}