{"id":167473,"date":"2023-01-23T22:22:29","date_gmt":"2023-01-23T20:22:29","guid":{"rendered":"https:\/\/sleepwellbed.com\/product\/blue-continental-kontinentaalvoodi\/"},"modified":"2026-04-12T06:31:16","modified_gmt":"2026-04-12T03:31:16","slug":"blue-continental-kontinentala-gulta","status":"publish","type":"product","link":"https:\/\/sleepwellbed.com\/lv\/product\/blue-continental-kontinentala-gulta\/","title":{"rendered":"BLUE CONTINENTAL KONTINENT\u0100L\u0100 GULTA"},"content":{"rendered":"<p><strong>BLUE Continental kontinent\u0101l\u0101 gulta n<\/strong>odro\u0161ina saldu naktsmieru. <br \/>Kontinent\u0101l\u0101s gultas komplekts sast\u0101v no vienas (140&#215;200 izm\u0113ra gad\u012bjum\u0101) vai div\u0101m pamata ku\u0161et\u0113m un atsperu matra\u010da. Matracis, virsmatracis, galvgalis, k\u0101jas un citi aksesu\u0101ri nav iek\u013cauti komplekt\u0101, un tie ir j\u0101izv\u0113las atbilsto\u0161i sav\u0101m v\u0113lm\u0113m.<\/p>\n<p>Atsperu matracis ir ar stingru <strong>pocket atsperojumu,<\/strong> no ab\u0101m pus\u0113m p\u0101rkl\u0101ts ar kvalitat\u012bvu porolonu.<br \/>BLUE s\u0113rijas m\u0113be\u013cu auduma izv\u0113l\u0113 ir pieejami 3 da\u017e\u0101du to\u0146u audumi &#8211; pel\u0113ks, tum\u0161i pel\u0113ks un b\u0113\u0161s. Papildus var pas\u016bt\u012bt ar t\u0101du pa\u0161u audumu p\u0101rkl\u0101tu gultas galvgali. Pied\u0101v\u0101jum\u0101 ir 3 da\u017e\u0101di galvga\u013ci.<br \/>Pieejamie izm\u0113ri 140&#215;200, 160&#215;200 ja 180&#215;200.<\/p>\n<p>Produkts ir izstr\u0101d\u0101ts un ra\u017eots Igaunij\u0101.<br \/><strong>Sleepwell izstr\u0101d\u0101jumos izmantotie materi\u0101li, piem\u0113ram, audums, kokvilna, vilna un vatel\u012bns, atbilst starptautiskajam \u00d6ko-Tex 100 standartam.<\/strong><\/p>\n","protected":false},"excerpt":{"rendered":"<p><strong>\u0112rta kontinent\u0101l\u0101 gulta<\/strong>, kura atkar\u012bb\u0101 no lieluma sast\u0101v no vienas vai div\u0101m apak\u0161ku\u0161et\u0113m un atsperu matra\u010da. Atsperu matra\u010da pamat\u0101 ir \u0137ermeni balsto\u0161s <strong>pocket atsperojums<\/strong>.<\/p>\n<p>BLUE s\u0113rijas m\u0113be\u013cu audumu sortiments pied\u0101v\u0101 <strong>3 da\u017e\u0101du to\u0146u audumu<\/strong>s \u2013 pel\u0113ks, tum\u0161i pel\u0113ks un b\u0113\u0161s.<\/p>\n<p>Oder\u0113ts ar<strong> kvalitat\u012bvu porolonu<\/strong>.<\/p>\n","protected":false},"featured_media":564106,"template":"","meta":{"_acf_changed":false},"product_brand":[],"product_cat":[723],"product_tag":[684],"class_list":{"0":"post-167473","1":"product","2":"type-product","3":"status-publish","4":"has-post-thumbnail","6":"product_cat-kontinentala-gulta","7":"product_tag-blue-lv","8":"description-off","10":"first","11":"outofstock","12":"sale","13":"taxable","14":"shipping-taxable","15":"purchasable","16":"product-type-variable"},"acf":[],"yoast_head":"<!-- This site is optimized with the Yoast SEO plugin v27.0 - https:\/\/yoast.com\/product\/yoast-seo-wordpress\/ -->\n<title>BLUE CONTINENTAL KONTINENT\u0100L\u0100 GULTA - Sleepwell<\/title>\n<meta name=\"robots\" content=\"index, follow, max-snippet:-1, max-image-preview:large, max-video-preview:-1\" \/>\n<link rel=\"canonical\" href=\"https:\/\/sleepwellbed.com\/lv\/product\/blue-continental-kontinentala-gulta\/\" \/>\n<meta property=\"og:locale\" content=\"lv_LV\" \/>\n<meta property=\"og:type\" content=\"article\" \/>\n<meta property=\"og:title\" content=\"BLUE CONTINENTAL KONTINENT\u0100L\u0100 GULTA - Sleepwell\" \/>\n<meta property=\"og:description\" content=\"\u0112rta kontinent\u0101l\u0101 gulta, kura atkar\u012bb\u0101 no lieluma sast\u0101v no vienas vai div\u0101m apak\u0161ku\u0161et\u0113m un atsperu matra\u010da. Atsperu matra\u010da pamat\u0101 ir \u0137ermeni balsto\u0161s pocket atsperojums.BLUE s\u0113rijas m\u0113be\u013cu audumu sortiments pied\u0101v\u0101 3 da\u017e\u0101du to\u0146u audumus \u2013 pel\u0113ks, tum\u0161i pel\u0113ks un b\u0113\u0161s.Oder\u0113ts ar kvalitat\u012bvu porolonu.\" \/>\n<meta property=\"og:url\" content=\"https:\/\/sleepwellbed.com\/lv\/product\/blue-continental-kontinentala-gulta\/\" \/>\n<meta property=\"og:site_name\" content=\"Sleepwell\" \/>\n<meta property=\"article:modified_time\" content=\"2026-04-12T03:31:16+00:00\" \/>\n<meta property=\"og:image\" content=\"https:\/\/sleepwellbed.com\/wp-content\/uploads\/2025\/11\/BLUE-CONTINENTAL-KONTINENTAALVOODI-160-labiloige.png\" \/>\n\t<meta property=\"og:image:width\" content=\"1414\" \/>\n\t<meta property=\"og:image:height\" content=\"1000\" \/>\n\t<meta property=\"og:image:type\" content=\"image\/png\" \/>\n<meta name=\"twitter:card\" content=\"summary_large_image\" \/>\n<meta name=\"twitter:label1\" content=\"Est. reading time\" \/>\n\t<meta name=\"twitter:data1\" content=\"1 minute\" \/>\n<script type=\"application\/ld+json\" class=\"yoast-schema-graph\">{\"@context\":\"https:\/\/schema.org\",\"@graph\":[{\"@type\":\"WebPage\",\"@id\":\"https:\/\/sleepwellbed.com\/lv\/product\/blue-continental-kontinentala-gulta\/\",\"url\":\"https:\/\/sleepwellbed.com\/lv\/product\/blue-continental-kontinentala-gulta\/\",\"name\":\"BLUE CONTINENTAL KONTINENT\u0100L\u0100 GULTA - Sleepwell\",\"isPartOf\":{\"@id\":\"https:\/\/sleepwellbed.com\/#website\"},\"primaryImageOfPage\":{\"@id\":\"https:\/\/sleepwellbed.com\/lv\/product\/blue-continental-kontinentala-gulta\/#primaryimage\"},\"image\":{\"@id\":\"https:\/\/sleepwellbed.com\/lv\/product\/blue-continental-kontinentala-gulta\/#primaryimage\"},\"thumbnailUrl\":\"https:\/\/sleepwellbed.com\/wp-content\/uploads\/2025\/11\/BLUE-CONTINENTAL-KONTINENTAALVOODI-160-labiloige.png\",\"datePublished\":\"2023-01-23T20:22:29+00:00\",\"dateModified\":\"2026-04-12T03:31:16+00:00\",\"breadcrumb\":{\"@id\":\"https:\/\/sleepwellbed.com\/lv\/product\/blue-continental-kontinentala-gulta\/#breadcrumb\"},\"inLanguage\":\"lv-LV\",\"potentialAction\":[{\"@type\":\"ReadAction\",\"target\":[\"https:\/\/sleepwellbed.com\/lv\/product\/blue-continental-kontinentala-gulta\/\"]}]},{\"@type\":\"ImageObject\",\"inLanguage\":\"lv-LV\",\"@id\":\"https:\/\/sleepwellbed.com\/lv\/product\/blue-continental-kontinentala-gulta\/#primaryimage\",\"url\":\"https:\/\/sleepwellbed.com\/wp-content\/uploads\/2025\/11\/BLUE-CONTINENTAL-KONTINENTAALVOODI-160-labiloige.png\",\"contentUrl\":\"https:\/\/sleepwellbed.com\/wp-content\/uploads\/2025\/11\/BLUE-CONTINENTAL-KONTINENTAALVOODI-160-labiloige.png\",\"width\":1414,\"height\":1000},{\"@type\":\"BreadcrumbList\",\"@id\":\"https:\/\/sleepwellbed.com\/lv\/product\/blue-continental-kontinentala-gulta\/#breadcrumb\",\"itemListElement\":[{\"@type\":\"ListItem\",\"position\":1,\"name\":\"Home\",\"item\":\"https:\/\/sleepwellbed.com\/lv\/\"},{\"@type\":\"ListItem\",\"position\":2,\"name\":\"Preces\",\"item\":\"https:\/\/sleepwellbed.com\/lv\/preces\/\"},{\"@type\":\"ListItem\",\"position\":3,\"name\":\"BLUE CONTINENTAL KONTINENT\u0100L\u0100 GULTA\"}]},{\"@type\":\"WebSite\",\"@id\":\"https:\/\/sleepwellbed.com\/#website\",\"url\":\"https:\/\/sleepwellbed.com\/\",\"name\":\"Sleepwell\",\"description\":\"\",\"potentialAction\":[{\"@type\":\"SearchAction\",\"target\":{\"@type\":\"EntryPoint\",\"urlTemplate\":\"https:\/\/sleepwellbed.com\/?s={search_term_string}\"},\"query-input\":{\"@type\":\"PropertyValueSpecification\",\"valueRequired\":true,\"valueName\":\"search_term_string\"}}],\"inLanguage\":\"lv-LV\"}]}<\/script>\n<!-- \/ Yoast SEO plugin. -->","yoast_head_json":{"title":"BLUE CONTINENTAL KONTINENT\u0100L\u0100 GULTA - Sleepwell","robots":{"index":"index","follow":"follow","max-snippet":"max-snippet:-1","max-image-preview":"max-image-preview:large","max-video-preview":"max-video-preview:-1"},"canonical":"https:\/\/sleepwellbed.com\/lv\/product\/blue-continental-kontinentala-gulta\/","og_locale":"lv_LV","og_type":"article","og_title":"BLUE CONTINENTAL KONTINENT\u0100L\u0100 GULTA - Sleepwell","og_description":"\u0112rta kontinent\u0101l\u0101 gulta, kura atkar\u012bb\u0101 no lieluma sast\u0101v no vienas vai div\u0101m apak\u0161ku\u0161et\u0113m un atsperu matra\u010da. Atsperu matra\u010da pamat\u0101 ir \u0137ermeni balsto\u0161s pocket atsperojums.BLUE s\u0113rijas m\u0113be\u013cu audumu sortiments pied\u0101v\u0101 3 da\u017e\u0101du to\u0146u audumus \u2013 pel\u0113ks, tum\u0161i pel\u0113ks un b\u0113\u0161s.Oder\u0113ts ar kvalitat\u012bvu porolonu.","og_url":"https:\/\/sleepwellbed.com\/lv\/product\/blue-continental-kontinentala-gulta\/","og_site_name":"Sleepwell","article_modified_time":"2026-04-12T03:31:16+00:00","og_image":[{"width":1414,"height":1000,"url":"https:\/\/sleepwellbed.com\/wp-content\/uploads\/2025\/11\/BLUE-CONTINENTAL-KONTINENTAALVOODI-160-labiloige.png","type":"image\/png"}],"twitter_card":"summary_large_image","twitter_misc":{"Est. reading time":"1 minute"},"schema":{"@context":"https:\/\/schema.org","@graph":[{"@type":"WebPage","@id":"https:\/\/sleepwellbed.com\/lv\/product\/blue-continental-kontinentala-gulta\/","url":"https:\/\/sleepwellbed.com\/lv\/product\/blue-continental-kontinentala-gulta\/","name":"BLUE CONTINENTAL KONTINENT\u0100L\u0100 GULTA - Sleepwell","isPartOf":{"@id":"https:\/\/sleepwellbed.com\/#website"},"primaryImageOfPage":{"@id":"https:\/\/sleepwellbed.com\/lv\/product\/blue-continental-kontinentala-gulta\/#primaryimage"},"image":{"@id":"https:\/\/sleepwellbed.com\/lv\/product\/blue-continental-kontinentala-gulta\/#primaryimage"},"thumbnailUrl":"https:\/\/sleepwellbed.com\/wp-content\/uploads\/2025\/11\/BLUE-CONTINENTAL-KONTINENTAALVOODI-160-labiloige.png","datePublished":"2023-01-23T20:22:29+00:00","dateModified":"2026-04-12T03:31:16+00:00","breadcrumb":{"@id":"https:\/\/sleepwellbed.com\/lv\/product\/blue-continental-kontinentala-gulta\/#breadcrumb"},"inLanguage":"lv-LV","potentialAction":[{"@type":"ReadAction","target":["https:\/\/sleepwellbed.com\/lv\/product\/blue-continental-kontinentala-gulta\/"]}]},{"@type":"ImageObject","inLanguage":"lv-LV","@id":"https:\/\/sleepwellbed.com\/lv\/product\/blue-continental-kontinentala-gulta\/#primaryimage","url":"https:\/\/sleepwellbed.com\/wp-content\/uploads\/2025\/11\/BLUE-CONTINENTAL-KONTINENTAALVOODI-160-labiloige.png","contentUrl":"https:\/\/sleepwellbed.com\/wp-content\/uploads\/2025\/11\/BLUE-CONTINENTAL-KONTINENTAALVOODI-160-labiloige.png","width":1414,"height":1000},{"@type":"BreadcrumbList","@id":"https:\/\/sleepwellbed.com\/lv\/product\/blue-continental-kontinentala-gulta\/#breadcrumb","itemListElement":[{"@type":"ListItem","position":1,"name":"Home","item":"https:\/\/sleepwellbed.com\/lv\/"},{"@type":"ListItem","position":2,"name":"Preces","item":"https:\/\/sleepwellbed.com\/lv\/preces\/"},{"@type":"ListItem","position":3,"name":"BLUE CONTINENTAL KONTINENT\u0100L\u0100 GULTA"}]},{"@type":"WebSite","@id":"https:\/\/sleepwellbed.com\/#website","url":"https:\/\/sleepwellbed.com\/","name":"Sleepwell","description":"","potentialAction":[{"@type":"SearchAction","target":{"@type":"EntryPoint","urlTemplate":"https:\/\/sleepwellbed.com\/?s={search_term_string}"},"query-input":{"@type":"PropertyValueSpecification","valueRequired":true,"valueName":"search_term_string"}}],"inLanguage":"lv-LV"}]}},"_links":{"self":[{"href":"https:\/\/sleepwellbed.com\/lv\/wp-json\/wp\/v2\/product\/167473","targetHints":{"allow":["GET"]}}],"collection":[{"href":"https:\/\/sleepwellbed.com\/lv\/wp-json\/wp\/v2\/product"}],"about":[{"href":"https:\/\/sleepwellbed.com\/lv\/wp-json\/wp\/v2\/types\/product"}],"wp:featuredmedia":[{"embeddable":true,"href":"https:\/\/sleepwellbed.com\/lv\/wp-json\/wp\/v2\/media\/564106"}],"wp:attachment":[{"href":"https:\/\/sleepwellbed.com\/lv\/wp-json\/wp\/v2\/media?parent=167473"}],"wp:term":[{"taxonomy":"product_brand","embeddable":true,"href":"https:\/\/sleepwellbed.com\/lv\/wp-json\/wp\/v2\/product_brand?post=167473"},{"taxonomy":"product_cat","embeddable":true,"href":"https:\/\/sleepwellbed.com\/lv\/wp-json\/wp\/v2\/product_cat?post=167473"},{"taxonomy":"product_tag","embeddable":true,"href":"https:\/\/sleepwellbed.com\/lv\/wp-json\/wp\/v2\/product_tag?post=167473"}],"curies":[{"name":"wp","href":"https:\/\/api.w.org\/{rel}","templated":true}]}}