{"id":167513,"date":"2023-01-23T22:26:06","date_gmt":"2023-01-23T20:26:06","guid":{"rendered":"https:\/\/sleepwellbed.com\/product\/red-continental-kontinentaalvoodi\/"},"modified":"2026-05-04T08:16:20","modified_gmt":"2026-05-04T05:16:20","slug":"red-continental-kontinentala-gulta","status":"publish","type":"product","link":"https:\/\/sleepwellbed.com\/lv\/product\/red-continental-kontinentala-gulta\/","title":{"rendered":"RED CONTINENTAL KONTINENT\u0100L\u0100 GULTA"},"content":{"rendered":"<p>Gultas komplekts ar platumu 160cm un 180cm sast\u0101v no div\u0101m pamata ku\u0161et\u0113m un atsperu matra\u010da virs t\u0101m. Gultas komplekts ar platumu 140cm sast\u0101v no vienas pamata ku\u0161etes un atsperu matra\u010da virs t\u0101s.<br \/>Matracis ar 5 zonu pocket atsperu sist\u0113mu un Tiger Touch porolonu, kas ir jaun\u0101kais v\u0101rds materi\u0101lu industrij\u0101 &#8211; tas \u013cauj gaisam br\u012bvi pl\u016bst un rada pat\u012bkami atsper\u012bgu, \u0137ermeni atbalsto\u0161u formu.<br \/>Pamatku\u0161ete sast\u0101v no iepakotu atsperu sist\u0113mas, bet virspus\u0113 p\u0101rkl\u0101ta augstas kvalit\u0101tes porolonu.<br \/>Atsperu matra\u010da stingr\u012bbu vari izv\u0113l\u0113ties \u2013 stingru, vid\u0113ju vai m\u012bkstu.<br \/>&nbsp;<br \/>Pla\u0161a audumu izv\u0113le sniedz iesp\u0113ju izv\u0113l\u0113ties ikvienai gu\u013camistabai piem\u0113rotu toni. M\u0113be\u013cu audumu izv\u0113le pied\u0101v\u0101 audumus 14 da\u017e\u0101dos to\u0146os. <br \/>Papildus var pas\u016bt\u012bt ar t\u0101du pa\u0161u audumu p\u0101rkl\u0101tu gultas galvgali. Pied\u0101v\u0101jum\u0101 ir 14 da\u017e\u0101di galvga\u013ci.<br \/>No t\u0101da pa\u0161a auduma ir iesp\u0113jams pas\u016bt\u012bt ar\u012b s\u0101nu kabatas, kur ievietot \u017eurn\u0101lus, televizora pulti u.c. Ar t\u0101du pa\u0161u audumu apvilktu var pas\u016bt\u012bt k\u0101jgal\u012b novietojamu kasti s\u0113d\u0113\u0161anai vai ap\u0123\u0113rbu glab\u0101\u0161anai.<\/p>\n<p><strong>Virsmatracis komplekt\u0101 neietilpst, tas ir j\u0101izv\u0113las p\u0113c vajadz\u012bbas.<\/strong><br \/>Pieejamie izm\u0113ri 140&#215;200, 160&#215;200, 180&#215;200.<\/p>\n<p><strong>Produkts ir izstr\u0101d\u0101ts un ra\u017eots Igaunij\u0101.<br \/>Porolona kvalit\u0101ti ir apstiprin\u0101jusi Igaunijas Aler\u0123ijas biedr\u012bba. Sleepwell izstr\u0101d\u0101jumos izmantotie materi\u0101li, piem\u0113ram, audums, kokvilna, vilna un vatel\u012bns, atbilst starptautiskajam \u00d6ko-Tex 100 standartam.<\/strong><\/p>\n","protected":false},"excerpt":{"rendered":"<p>\u0100rk\u0101rt\u012bgi \u0113rta gulta ar <strong>2 sl\u0101\u0146u atsperu sist\u0113mu<\/strong>. Apak\u0161\u0113jo ku\u0161e\u0161u pamat\u0101 ir pocket atsperu bloks, kas no virspuses ir oder\u0113ts ar kvalitat\u012bvu porolonu. Atsperu matra\u010da pamat\u0101 ir \u0137ermeni prec\u012bzi balsto\u0161s<strong> 5 zonu pocket atsperojums<\/strong>.<\/p>\n<p>Atsperu matracis ir oder\u0113ts ar <strong>Tiger Touch porolonu<\/strong>, kas ir jaun\u0101kais v\u0101rds materi\u0101lu industrij\u0101 &#8211; \u013cauj gaisam labi pl\u016bst un veido pat\u012bkami atsper\u012bgu, \u0137ermeni atbalsto\u0161u formu. <strong>Porolonu ir apstiprin\u0101jusi Igaunijas Aler\u0123ijas asoci\u0101cija. <\/strong><\/p>\n<p>Iesp\u0113jams izv\u0113l\u0113ties \u201cpocket\u201d atsperu ciet\u012bbu &#8211; <strong>cietu, vid\u0113ju vai m\u012bkstu<\/strong>.<\/p>\n<p>Pla\u0161\u0101 audumu izv\u0113le sniedz iesp\u0113ju izv\u0113l\u0113ties <strong>ikvienai gu\u013camistabai piem\u0113rotu kr\u0101sas toni<\/strong>.<\/p>\n","protected":false},"featured_media":564110,"template":"","meta":{"_acf_changed":false},"product_brand":[],"product_cat":[723],"product_tag":[696],"class_list":{"0":"post-167513","1":"product","2":"type-product","3":"status-publish","4":"has-post-thumbnail","6":"product_cat-kontinentala-gulta","7":"product_tag-red-lv","8":"description-off","10":"first","11":"outofstock","12":"sale","13":"featured","14":"taxable","15":"shipping-taxable","16":"purchasable","17":"product-type-variable"},"acf":[],"yoast_head":"<!-- This site is optimized with the Yoast SEO plugin v27.0 - https:\/\/yoast.com\/product\/yoast-seo-wordpress\/ -->\n<title>RED CONTINENTAL KONTINENT\u0100L\u0100 GULTA - Sleepwell<\/title>\n<meta name=\"robots\" content=\"index, follow, max-snippet:-1, max-image-preview:large, max-video-preview:-1\" \/>\n<link rel=\"canonical\" href=\"https:\/\/sleepwellbed.com\/lv\/product\/red-continental-kontinentala-gulta\/\" \/>\n<meta property=\"og:locale\" content=\"lv_LV\" \/>\n<meta property=\"og:type\" content=\"article\" \/>\n<meta property=\"og:title\" content=\"RED CONTINENTAL KONTINENT\u0100L\u0100 GULTA - Sleepwell\" \/>\n<meta property=\"og:description\" content=\"\u0100rk\u0101rt\u012bgi \u0113rta gulta ar 2 sl\u0101\u0146u atsperu sist\u0113mu. Apak\u0161\u0113jo ku\u0161e\u0161u pamat\u0101 ir pocket atsperu bloks, kas no virspuses ir oder\u0113ts ar kvalitat\u012bvu porolonu. Atsperu matra\u010da pamat\u0101 ir \u0137ermeni prec\u012bzi balsto\u0161s 5 zonu pocket atsperojums.Atsperu matracis ir oder\u0113ts ar Tiger Touch porolonu, kas ir jaun\u0101kais v\u0101rds materi\u0101lu industrij\u0101 - \u013cauj gaisam labi pl\u016bst un veido pat\u012bkami atsper\u012bgu, \u0137ermeni atbalsto\u0161u formu. Porolonu ir apstiprin\u0101jusi Igaunijas Aler\u0123ijas asoci\u0101cija. Iesp\u0113jams izv\u0113l\u0113ties \u201cpocket\u201d atsperu ciet\u012bbu - cietu, vid\u0113ju vai m\u012bkstu.Pla\u0161\u0101 audumu izv\u0113le sniedz iesp\u0113ju izv\u0113l\u0113ties ikvienai gu\u013camistabai piem\u0113rotu kr\u0101sas toni.\" \/>\n<meta property=\"og:url\" content=\"https:\/\/sleepwellbed.com\/lv\/product\/red-continental-kontinentala-gulta\/\" \/>\n<meta property=\"og:site_name\" content=\"Sleepwell\" \/>\n<meta property=\"article:modified_time\" content=\"2026-05-04T05:16:20+00:00\" \/>\n<meta property=\"og:image\" content=\"https:\/\/sleepwellbed.com\/wp-content\/uploads\/2025\/11\/RED-CONTINENTAL-KONTINENTAALVOODI-labiloige-A33.png\" \/>\n\t<meta property=\"og:image:width\" content=\"1414\" \/>\n\t<meta property=\"og:image:height\" content=\"1000\" \/>\n\t<meta property=\"og:image:type\" content=\"image\/png\" \/>\n<meta name=\"twitter:card\" content=\"summary_large_image\" \/>\n<meta name=\"twitter:label1\" content=\"Est. reading time\" \/>\n\t<meta name=\"twitter:data1\" content=\"2 minutes\" \/>\n<script type=\"application\/ld+json\" class=\"yoast-schema-graph\">{\"@context\":\"https:\/\/schema.org\",\"@graph\":[{\"@type\":\"WebPage\",\"@id\":\"https:\/\/sleepwellbed.com\/lv\/product\/red-continental-kontinentala-gulta\/\",\"url\":\"https:\/\/sleepwellbed.com\/lv\/product\/red-continental-kontinentala-gulta\/\",\"name\":\"RED CONTINENTAL KONTINENT\u0100L\u0100 GULTA - Sleepwell\",\"isPartOf\":{\"@id\":\"https:\/\/sleepwellbed.com\/#website\"},\"primaryImageOfPage\":{\"@id\":\"https:\/\/sleepwellbed.com\/lv\/product\/red-continental-kontinentala-gulta\/#primaryimage\"},\"image\":{\"@id\":\"https:\/\/sleepwellbed.com\/lv\/product\/red-continental-kontinentala-gulta\/#primaryimage\"},\"thumbnailUrl\":\"https:\/\/sleepwellbed.com\/wp-content\/uploads\/2025\/11\/RED-CONTINENTAL-KONTINENTAALVOODI-labiloige-A33.png\",\"datePublished\":\"2023-01-23T20:26:06+00:00\",\"dateModified\":\"2026-05-04T05:16:20+00:00\",\"breadcrumb\":{\"@id\":\"https:\/\/sleepwellbed.com\/lv\/product\/red-continental-kontinentala-gulta\/#breadcrumb\"},\"inLanguage\":\"lv-LV\",\"potentialAction\":[{\"@type\":\"ReadAction\",\"target\":[\"https:\/\/sleepwellbed.com\/lv\/product\/red-continental-kontinentala-gulta\/\"]}]},{\"@type\":\"ImageObject\",\"inLanguage\":\"lv-LV\",\"@id\":\"https:\/\/sleepwellbed.com\/lv\/product\/red-continental-kontinentala-gulta\/#primaryimage\",\"url\":\"https:\/\/sleepwellbed.com\/wp-content\/uploads\/2025\/11\/RED-CONTINENTAL-KONTINENTAALVOODI-labiloige-A33.png\",\"contentUrl\":\"https:\/\/sleepwellbed.com\/wp-content\/uploads\/2025\/11\/RED-CONTINENTAL-KONTINENTAALVOODI-labiloige-A33.png\",\"width\":1414,\"height\":1000},{\"@type\":\"BreadcrumbList\",\"@id\":\"https:\/\/sleepwellbed.com\/lv\/product\/red-continental-kontinentala-gulta\/#breadcrumb\",\"itemListElement\":[{\"@type\":\"ListItem\",\"position\":1,\"name\":\"Home\",\"item\":\"https:\/\/sleepwellbed.com\/lv\/\"},{\"@type\":\"ListItem\",\"position\":2,\"name\":\"Preces\",\"item\":\"https:\/\/sleepwellbed.com\/lv\/preces\/\"},{\"@type\":\"ListItem\",\"position\":3,\"name\":\"RED CONTINENTAL KONTINENT\u0100L\u0100 GULTA\"}]},{\"@type\":\"WebSite\",\"@id\":\"https:\/\/sleepwellbed.com\/#website\",\"url\":\"https:\/\/sleepwellbed.com\/\",\"name\":\"Sleepwell\",\"description\":\"\",\"potentialAction\":[{\"@type\":\"SearchAction\",\"target\":{\"@type\":\"EntryPoint\",\"urlTemplate\":\"https:\/\/sleepwellbed.com\/?s={search_term_string}\"},\"query-input\":{\"@type\":\"PropertyValueSpecification\",\"valueRequired\":true,\"valueName\":\"search_term_string\"}}],\"inLanguage\":\"lv-LV\"}]}<\/script>\n<!-- \/ Yoast SEO plugin. -->","yoast_head_json":{"title":"RED CONTINENTAL KONTINENT\u0100L\u0100 GULTA - Sleepwell","robots":{"index":"index","follow":"follow","max-snippet":"max-snippet:-1","max-image-preview":"max-image-preview:large","max-video-preview":"max-video-preview:-1"},"canonical":"https:\/\/sleepwellbed.com\/lv\/product\/red-continental-kontinentala-gulta\/","og_locale":"lv_LV","og_type":"article","og_title":"RED CONTINENTAL KONTINENT\u0100L\u0100 GULTA - Sleepwell","og_description":"\u0100rk\u0101rt\u012bgi \u0113rta gulta ar 2 sl\u0101\u0146u atsperu sist\u0113mu. Apak\u0161\u0113jo ku\u0161e\u0161u pamat\u0101 ir pocket atsperu bloks, kas no virspuses ir oder\u0113ts ar kvalitat\u012bvu porolonu. Atsperu matra\u010da pamat\u0101 ir \u0137ermeni prec\u012bzi balsto\u0161s 5 zonu pocket atsperojums.Atsperu matracis ir oder\u0113ts ar Tiger Touch porolonu, kas ir jaun\u0101kais v\u0101rds materi\u0101lu industrij\u0101 - \u013cauj gaisam labi pl\u016bst un veido pat\u012bkami atsper\u012bgu, \u0137ermeni atbalsto\u0161u formu. Porolonu ir apstiprin\u0101jusi Igaunijas Aler\u0123ijas asoci\u0101cija. Iesp\u0113jams izv\u0113l\u0113ties \u201cpocket\u201d atsperu ciet\u012bbu - cietu, vid\u0113ju vai m\u012bkstu.Pla\u0161\u0101 audumu izv\u0113le sniedz iesp\u0113ju izv\u0113l\u0113ties ikvienai gu\u013camistabai piem\u0113rotu kr\u0101sas toni.","og_url":"https:\/\/sleepwellbed.com\/lv\/product\/red-continental-kontinentala-gulta\/","og_site_name":"Sleepwell","article_modified_time":"2026-05-04T05:16:20+00:00","og_image":[{"width":1414,"height":1000,"url":"https:\/\/sleepwellbed.com\/wp-content\/uploads\/2025\/11\/RED-CONTINENTAL-KONTINENTAALVOODI-labiloige-A33.png","type":"image\/png"}],"twitter_card":"summary_large_image","twitter_misc":{"Est. reading time":"2 minutes"},"schema":{"@context":"https:\/\/schema.org","@graph":[{"@type":"WebPage","@id":"https:\/\/sleepwellbed.com\/lv\/product\/red-continental-kontinentala-gulta\/","url":"https:\/\/sleepwellbed.com\/lv\/product\/red-continental-kontinentala-gulta\/","name":"RED CONTINENTAL KONTINENT\u0100L\u0100 GULTA - Sleepwell","isPartOf":{"@id":"https:\/\/sleepwellbed.com\/#website"},"primaryImageOfPage":{"@id":"https:\/\/sleepwellbed.com\/lv\/product\/red-continental-kontinentala-gulta\/#primaryimage"},"image":{"@id":"https:\/\/sleepwellbed.com\/lv\/product\/red-continental-kontinentala-gulta\/#primaryimage"},"thumbnailUrl":"https:\/\/sleepwellbed.com\/wp-content\/uploads\/2025\/11\/RED-CONTINENTAL-KONTINENTAALVOODI-labiloige-A33.png","datePublished":"2023-01-23T20:26:06+00:00","dateModified":"2026-05-04T05:16:20+00:00","breadcrumb":{"@id":"https:\/\/sleepwellbed.com\/lv\/product\/red-continental-kontinentala-gulta\/#breadcrumb"},"inLanguage":"lv-LV","potentialAction":[{"@type":"ReadAction","target":["https:\/\/sleepwellbed.com\/lv\/product\/red-continental-kontinentala-gulta\/"]}]},{"@type":"ImageObject","inLanguage":"lv-LV","@id":"https:\/\/sleepwellbed.com\/lv\/product\/red-continental-kontinentala-gulta\/#primaryimage","url":"https:\/\/sleepwellbed.com\/wp-content\/uploads\/2025\/11\/RED-CONTINENTAL-KONTINENTAALVOODI-labiloige-A33.png","contentUrl":"https:\/\/sleepwellbed.com\/wp-content\/uploads\/2025\/11\/RED-CONTINENTAL-KONTINENTAALVOODI-labiloige-A33.png","width":1414,"height":1000},{"@type":"BreadcrumbList","@id":"https:\/\/sleepwellbed.com\/lv\/product\/red-continental-kontinentala-gulta\/#breadcrumb","itemListElement":[{"@type":"ListItem","position":1,"name":"Home","item":"https:\/\/sleepwellbed.com\/lv\/"},{"@type":"ListItem","position":2,"name":"Preces","item":"https:\/\/sleepwellbed.com\/lv\/preces\/"},{"@type":"ListItem","position":3,"name":"RED CONTINENTAL KONTINENT\u0100L\u0100 GULTA"}]},{"@type":"WebSite","@id":"https:\/\/sleepwellbed.com\/#website","url":"https:\/\/sleepwellbed.com\/","name":"Sleepwell","description":"","potentialAction":[{"@type":"SearchAction","target":{"@type":"EntryPoint","urlTemplate":"https:\/\/sleepwellbed.com\/?s={search_term_string}"},"query-input":{"@type":"PropertyValueSpecification","valueRequired":true,"valueName":"search_term_string"}}],"inLanguage":"lv-LV"}]}},"_links":{"self":[{"href":"https:\/\/sleepwellbed.com\/lv\/wp-json\/wp\/v2\/product\/167513","targetHints":{"allow":["GET"]}}],"collection":[{"href":"https:\/\/sleepwellbed.com\/lv\/wp-json\/wp\/v2\/product"}],"about":[{"href":"https:\/\/sleepwellbed.com\/lv\/wp-json\/wp\/v2\/types\/product"}],"wp:featuredmedia":[{"embeddable":true,"href":"https:\/\/sleepwellbed.com\/lv\/wp-json\/wp\/v2\/media\/564110"}],"wp:attachment":[{"href":"https:\/\/sleepwellbed.com\/lv\/wp-json\/wp\/v2\/media?parent=167513"}],"wp:term":[{"taxonomy":"product_brand","embeddable":true,"href":"https:\/\/sleepwellbed.com\/lv\/wp-json\/wp\/v2\/product_brand?post=167513"},{"taxonomy":"product_cat","embeddable":true,"href":"https:\/\/sleepwellbed.com\/lv\/wp-json\/wp\/v2\/product_cat?post=167513"},{"taxonomy":"product_tag","embeddable":true,"href":"https:\/\/sleepwellbed.com\/lv\/wp-json\/wp\/v2\/product_tag?post=167513"}],"curies":[{"name":"wp","href":"https:\/\/api.w.org\/{rel}","templated":true}]}}