{"id":173685,"date":"2023-01-23T22:50:14","date_gmt":"2023-01-23T20:50:14","guid":{"rendered":"https:\/\/sleepwellbed.com\/product\/black-continental-kontinentaalvoodi-4-jalaga\/"},"modified":"2026-04-26T06:31:47","modified_gmt":"2026-04-26T03:31:47","slug":"black-continental-kontinentala-gulta-ar-4-kajam","status":"publish","type":"product","link":"https:\/\/sleepwellbed.com\/lv\/product\/black-continental-kontinentala-gulta-ar-4-kajam\/","title":{"rendered":"BLACK CONTINENTAL KONTINENT\u0100L\u0100 GULTA (ar 4 k\u0101j\u0101m)"},"content":{"rendered":"<div>&nbsp;Komplekts sast\u0101v no div\u0101m pamatku\u0161et\u0113m un atsperu matra\u010da, kas novietots uz t\u0101m.<br \/>&nbsp;Eleganta kontinent\u0101l\u0101 gulta ar 4 k\u0101j\u0101m, centr\u0101lo k\u0101ju viet\u0101 ir sl\u0113ptas atbalsta k\u0101jas. M\u0101j\u0101s abas pamatku\u0161etes ir j\u0101p\u0101rvelk ar kop\u012bgu p\u0101rvalku, kuru var nostiprin\u0101t ar klip\u0161u lent\u0113m pie ku\u0161etes apak\u0161\u0113j\u0101s malas. T\u0101d\u0101 veid\u0101 2 ku\u0161etes k\u013c\u016bst par vienu, un gulta izskat\u0101s skaista un gluda.<br \/>&nbsp;Ku\u0161etes sast\u0101v no divsl\u0101\u0146u <em>pocket<\/em> atsperu bloka, \u013coti \u0113rta matra\u010da ar 7-zonu <em>multipocket<\/em> atsper\u0113m, kura lielais atsperu skaits uz m2 nodro\u0161ina maksim\u0101lu atbalstu \u0137ermenim. 3 savstarp\u0113ji papildino\u0161i atsperu sl\u0101\u0146i veido kombin\u0101ciju, kas ir katra miega cien\u012bt\u0101ja sapnis.<\/p>\n<p> Atsperu matra\u010da vien\u0101 pus\u0113 ir dab\u012bg\u0101 gumijkoka latekss, bet otr\u0101 pus\u0113 tas ir oder\u0113ts ar <em>Tiger Touch<\/em> porolonu, kas ir jaun\u0101kais v\u0101rds materi\u0101lu industrij\u0101 &#8211; tas \u013cauj gaisam br\u012bvi pl\u016bst un rada pat\u012bkami atsper\u012bgu, \u0137ermeni atbalsto\u0161u formu.<br \/> Atsperu matra\u010da stingr\u012bbu vari izv\u0113l\u0113ties \u2013 m\u012bkstu vai stingru.<br \/>&nbsp; <br \/> Pla\u0161a audumu izv\u0113le sniedz iesp\u0113ju izv\u0113l\u0113ties ikvienai gu\u013camistabai piem\u0113rotu toni. <br \/> Papildus var pas\u016bt\u012bt ar t\u0101du pa\u0161u audumu p\u0101rkl\u0101tu gultas galvgali. Pied\u0101v\u0101jum\u0101 ir 9 da\u017e\u0101di galvga\u013ci. Galvgalim augstuma regul\u0113\u0161anai var pieskr\u016bv\u0113t ar 12 cm plastmasas k\u0101jas. \u0160\u0101d\u0101 gad\u012bjum\u0101 ar\u012b kontinent\u0101l\u0101s gultas k\u0101j\u0101m j\u0101b\u016bt 12 cm augst\u0101m.<br \/> No t\u0101da pa\u0161a auduma ir iesp\u0113jams pas\u016bt\u012bt ar\u012b s\u0101nu kabatas, kur ievietot \u017eurn\u0101lus, televizora pulti u.c. Ar t\u0101du pa\u0161u audumu apvilktu var pas\u016bt\u012bt k\u0101jgal\u012b novietojamu kasti s\u0113d\u0113\u0161anai vai ap\u0123\u0113rbu glab\u0101\u0161anai.<\/p>\n<p> Virsmatracis, galvgalis, k\u0101jas un citi aksesu\u0101ri nav iek\u013cauti komplekt\u0101, un tie ir j\u0101izv\u0113las atbilsto\u0161i sav\u0101m v\u0113lm\u0113m.<br \/> Pieejamie izm\u0113ri 160&#215;200 ja 180&#215;200.<\/p>\n<p> Produkts ir izstr\u0101d\u0101ts un ra\u017eots Igaunij\u0101.<br \/> Sleepwell izstr\u0101d\u0101jumos izmantotie materi\u0101li, piem\u0113ram, audums, kokvilna, vilna un vatel\u012bns, atbilst starptautiskajam <em>\u00d6ko-Tex 100<\/em> standartam. Atsperu sist\u0113mu kvalit\u0101ti garant\u0113 DIN EN ISO 9001 sertifik\u0101ts.<\/div>\n","protected":false},"excerpt":{"rendered":"<div>&nbsp;\u0100rk\u0101rt\u012bgi \u0113rta gulta ar 3 k\u0101rtu atsperu sist\u0113m\u0101m. Apak\u0161\u0113j\u0101s ku\u0161et\u0113s <em>pocket<\/em> atsperu bloks balst\u0101s uz <em>mini-pocket<\/em> atsper\u0113m. Atsperu matra\u010da pamat\u0101 ir \u0137ermeni \u0101rk\u0101rt\u012bgi prec\u012bzi balsto\u0161s 7 zonu <em>multipocket<\/em> atsperojums.<\/p>\n<p> Atsperu matra\u010da vien\u0101 pus\u0113 ir dab\u012bgais latekss, bet otr\u0101 pus\u0113 tas ir oder\u0113ts ar <em>Tiger Touch <\/em>porolonu, kas ir materi\u0101lu apstr\u0101des galav\u0101rds. Porolonu ir apstiprin\u0101jusi Igaunijas Aler\u0123ijas asoci\u0101cija.<br \/>&nbsp;<br \/>&nbsp;Iesp\u0113jams izv\u0113l\u0113ties atsperu matra\u010da stingr\u012bbu \u2013 m\u012bkstu vai cietu.<br \/>&nbsp;<br \/>&nbsp;BLACK s\u0113rija pied\u0101v\u0101 pla\u0161u m\u0113be\u013cu auduma izv\u0113li, lai gulta gu\u013camistab\u0101 ieder\u0113tos nevainojami.<br \/>&nbsp;<br \/>&nbsp;Elegantais 4 k\u0101ju kontinent\u0101l\u0101s gultas risin\u0101jums, kur vid\u0113jo k\u0101ju viet\u0101 ir apsl\u0113ptas balsta k\u0101jas.<\/div>\n","protected":false},"featured_media":564130,"template":"","meta":{"_acf_changed":false},"product_brand":[],"product_cat":[723],"product_tag":[713],"class_list":{"0":"post-173685","1":"product","2":"type-product","3":"status-publish","4":"has-post-thumbnail","6":"product_cat-kontinentala-gulta","7":"product_tag-black-lv","8":"description-off","10":"first","11":"outofstock","12":"sale","13":"taxable","14":"shipping-taxable","15":"purchasable","16":"product-type-variable"},"acf":[],"yoast_head":"<!-- This site is optimized with the Yoast SEO plugin v27.0 - https:\/\/yoast.com\/product\/yoast-seo-wordpress\/ -->\n<title>BLACK CONTINENTAL KONTINENT\u0100L\u0100 GULTA (ar 4 k\u0101j\u0101m) - Sleepwell<\/title>\n<meta name=\"robots\" content=\"index, follow, max-snippet:-1, max-image-preview:large, max-video-preview:-1\" \/>\n<link rel=\"canonical\" href=\"https:\/\/sleepwellbed.com\/lv\/product\/black-continental-kontinentala-gulta-ar-4-kajam\/\" \/>\n<meta property=\"og:locale\" content=\"lv_LV\" \/>\n<meta property=\"og:type\" content=\"article\" \/>\n<meta property=\"og:title\" content=\"BLACK CONTINENTAL KONTINENT\u0100L\u0100 GULTA (ar 4 k\u0101j\u0101m) - Sleepwell\" \/>\n<meta property=\"og:description\" content=\"&nbsp;\u0100rk\u0101rt\u012bgi \u0113rta gulta ar 3 k\u0101rtu atsperu sist\u0113m\u0101m. Apak\u0161\u0113j\u0101s ku\u0161et\u0113s pocket atsperu bloks balst\u0101s uz mini-pocket atsper\u0113m. Atsperu matra\u010da pamat\u0101 ir \u0137ermeni \u0101rk\u0101rt\u012bgi prec\u012bzi balsto\u0161s 7 zonu multipocket atsperojums. Atsperu matra\u010da vien\u0101 pus\u0113 ir dab\u012bgais latekss, bet otr\u0101 pus\u0113 tas ir oder\u0113ts ar Tiger Touch porolonu, kas ir materi\u0101lu apstr\u0101des galav\u0101rds. Porolonu ir apstiprin\u0101jusi Igaunijas Aler\u0123ijas asoci\u0101cija.&nbsp;&nbsp;Iesp\u0113jams izv\u0113l\u0113ties atsperu matra\u010da stingr\u012bbu \u2013 m\u012bkstu vai cietu.&nbsp;&nbsp;BLACK s\u0113rija pied\u0101v\u0101 pla\u0161u m\u0113be\u013cu auduma izv\u0113li, lai gulta gu\u013camistab\u0101 ieder\u0113tos nevainojami.&nbsp;&nbsp;Elegantais 4 k\u0101ju kontinent\u0101l\u0101s gultas risin\u0101jums, kur vid\u0113jo k\u0101ju viet\u0101 ir apsl\u0113ptas balsta k\u0101jas.\" \/>\n<meta property=\"og:url\" content=\"https:\/\/sleepwellbed.com\/lv\/product\/black-continental-kontinentala-gulta-ar-4-kajam\/\" \/>\n<meta property=\"og:site_name\" content=\"Sleepwell\" \/>\n<meta property=\"article:modified_time\" content=\"2026-04-26T03:31:47+00:00\" \/>\n<meta property=\"og:image\" content=\"https:\/\/sleepwellbed.com\/wp-content\/uploads\/2025\/11\/BLACK-CONTINENTAL-KONTINENTAALVOODI-4-jalaga-labiloige.png\" \/>\n\t<meta property=\"og:image:width\" content=\"1414\" \/>\n\t<meta property=\"og:image:height\" content=\"1000\" \/>\n\t<meta property=\"og:image:type\" content=\"image\/png\" \/>\n<meta name=\"twitter:card\" content=\"summary_large_image\" \/>\n<meta name=\"twitter:label1\" content=\"Est. reading time\" \/>\n\t<meta name=\"twitter:data1\" content=\"2 minutes\" \/>\n<script type=\"application\/ld+json\" class=\"yoast-schema-graph\">{\"@context\":\"https:\/\/schema.org\",\"@graph\":[{\"@type\":\"WebPage\",\"@id\":\"https:\/\/sleepwellbed.com\/lv\/product\/black-continental-kontinentala-gulta-ar-4-kajam\/\",\"url\":\"https:\/\/sleepwellbed.com\/lv\/product\/black-continental-kontinentala-gulta-ar-4-kajam\/\",\"name\":\"BLACK CONTINENTAL KONTINENT\u0100L\u0100 GULTA (ar 4 k\u0101j\u0101m) - Sleepwell\",\"isPartOf\":{\"@id\":\"https:\/\/sleepwellbed.com\/#website\"},\"primaryImageOfPage\":{\"@id\":\"https:\/\/sleepwellbed.com\/lv\/product\/black-continental-kontinentala-gulta-ar-4-kajam\/#primaryimage\"},\"image\":{\"@id\":\"https:\/\/sleepwellbed.com\/lv\/product\/black-continental-kontinentala-gulta-ar-4-kajam\/#primaryimage\"},\"thumbnailUrl\":\"https:\/\/sleepwellbed.com\/wp-content\/uploads\/2025\/11\/BLACK-CONTINENTAL-KONTINENTAALVOODI-4-jalaga-labiloige.png\",\"datePublished\":\"2023-01-23T20:50:14+00:00\",\"dateModified\":\"2026-04-26T03:31:47+00:00\",\"breadcrumb\":{\"@id\":\"https:\/\/sleepwellbed.com\/lv\/product\/black-continental-kontinentala-gulta-ar-4-kajam\/#breadcrumb\"},\"inLanguage\":\"lv-LV\",\"potentialAction\":[{\"@type\":\"ReadAction\",\"target\":[\"https:\/\/sleepwellbed.com\/lv\/product\/black-continental-kontinentala-gulta-ar-4-kajam\/\"]}]},{\"@type\":\"ImageObject\",\"inLanguage\":\"lv-LV\",\"@id\":\"https:\/\/sleepwellbed.com\/lv\/product\/black-continental-kontinentala-gulta-ar-4-kajam\/#primaryimage\",\"url\":\"https:\/\/sleepwellbed.com\/wp-content\/uploads\/2025\/11\/BLACK-CONTINENTAL-KONTINENTAALVOODI-4-jalaga-labiloige.png\",\"contentUrl\":\"https:\/\/sleepwellbed.com\/wp-content\/uploads\/2025\/11\/BLACK-CONTINENTAL-KONTINENTAALVOODI-4-jalaga-labiloige.png\",\"width\":1414,\"height\":1000},{\"@type\":\"BreadcrumbList\",\"@id\":\"https:\/\/sleepwellbed.com\/lv\/product\/black-continental-kontinentala-gulta-ar-4-kajam\/#breadcrumb\",\"itemListElement\":[{\"@type\":\"ListItem\",\"position\":1,\"name\":\"Home\",\"item\":\"https:\/\/sleepwellbed.com\/lv\/\"},{\"@type\":\"ListItem\",\"position\":2,\"name\":\"Preces\",\"item\":\"https:\/\/sleepwellbed.com\/lv\/preces\/\"},{\"@type\":\"ListItem\",\"position\":3,\"name\":\"BLACK CONTINENTAL KONTINENT\u0100L\u0100 GULTA (ar 4 k\u0101j\u0101m)\"}]},{\"@type\":\"WebSite\",\"@id\":\"https:\/\/sleepwellbed.com\/#website\",\"url\":\"https:\/\/sleepwellbed.com\/\",\"name\":\"Sleepwell\",\"description\":\"\",\"potentialAction\":[{\"@type\":\"SearchAction\",\"target\":{\"@type\":\"EntryPoint\",\"urlTemplate\":\"https:\/\/sleepwellbed.com\/?s={search_term_string}\"},\"query-input\":{\"@type\":\"PropertyValueSpecification\",\"valueRequired\":true,\"valueName\":\"search_term_string\"}}],\"inLanguage\":\"lv-LV\"}]}<\/script>\n<!-- \/ Yoast SEO plugin. -->","yoast_head_json":{"title":"BLACK CONTINENTAL KONTINENT\u0100L\u0100 GULTA (ar 4 k\u0101j\u0101m) - Sleepwell","robots":{"index":"index","follow":"follow","max-snippet":"max-snippet:-1","max-image-preview":"max-image-preview:large","max-video-preview":"max-video-preview:-1"},"canonical":"https:\/\/sleepwellbed.com\/lv\/product\/black-continental-kontinentala-gulta-ar-4-kajam\/","og_locale":"lv_LV","og_type":"article","og_title":"BLACK CONTINENTAL KONTINENT\u0100L\u0100 GULTA (ar 4 k\u0101j\u0101m) - Sleepwell","og_description":"&nbsp;\u0100rk\u0101rt\u012bgi \u0113rta gulta ar 3 k\u0101rtu atsperu sist\u0113m\u0101m. Apak\u0161\u0113j\u0101s ku\u0161et\u0113s pocket atsperu bloks balst\u0101s uz mini-pocket atsper\u0113m. Atsperu matra\u010da pamat\u0101 ir \u0137ermeni \u0101rk\u0101rt\u012bgi prec\u012bzi balsto\u0161s 7 zonu multipocket atsperojums. Atsperu matra\u010da vien\u0101 pus\u0113 ir dab\u012bgais latekss, bet otr\u0101 pus\u0113 tas ir oder\u0113ts ar Tiger Touch porolonu, kas ir materi\u0101lu apstr\u0101des galav\u0101rds. Porolonu ir apstiprin\u0101jusi Igaunijas Aler\u0123ijas asoci\u0101cija.&nbsp;&nbsp;Iesp\u0113jams izv\u0113l\u0113ties atsperu matra\u010da stingr\u012bbu \u2013 m\u012bkstu vai cietu.&nbsp;&nbsp;BLACK s\u0113rija pied\u0101v\u0101 pla\u0161u m\u0113be\u013cu auduma izv\u0113li, lai gulta gu\u013camistab\u0101 ieder\u0113tos nevainojami.&nbsp;&nbsp;Elegantais 4 k\u0101ju kontinent\u0101l\u0101s gultas risin\u0101jums, kur vid\u0113jo k\u0101ju viet\u0101 ir apsl\u0113ptas balsta k\u0101jas.","og_url":"https:\/\/sleepwellbed.com\/lv\/product\/black-continental-kontinentala-gulta-ar-4-kajam\/","og_site_name":"Sleepwell","article_modified_time":"2026-04-26T03:31:47+00:00","og_image":[{"width":1414,"height":1000,"url":"https:\/\/sleepwellbed.com\/wp-content\/uploads\/2025\/11\/BLACK-CONTINENTAL-KONTINENTAALVOODI-4-jalaga-labiloige.png","type":"image\/png"}],"twitter_card":"summary_large_image","twitter_misc":{"Est. reading time":"2 minutes"},"schema":{"@context":"https:\/\/schema.org","@graph":[{"@type":"WebPage","@id":"https:\/\/sleepwellbed.com\/lv\/product\/black-continental-kontinentala-gulta-ar-4-kajam\/","url":"https:\/\/sleepwellbed.com\/lv\/product\/black-continental-kontinentala-gulta-ar-4-kajam\/","name":"BLACK CONTINENTAL KONTINENT\u0100L\u0100 GULTA (ar 4 k\u0101j\u0101m) - Sleepwell","isPartOf":{"@id":"https:\/\/sleepwellbed.com\/#website"},"primaryImageOfPage":{"@id":"https:\/\/sleepwellbed.com\/lv\/product\/black-continental-kontinentala-gulta-ar-4-kajam\/#primaryimage"},"image":{"@id":"https:\/\/sleepwellbed.com\/lv\/product\/black-continental-kontinentala-gulta-ar-4-kajam\/#primaryimage"},"thumbnailUrl":"https:\/\/sleepwellbed.com\/wp-content\/uploads\/2025\/11\/BLACK-CONTINENTAL-KONTINENTAALVOODI-4-jalaga-labiloige.png","datePublished":"2023-01-23T20:50:14+00:00","dateModified":"2026-04-26T03:31:47+00:00","breadcrumb":{"@id":"https:\/\/sleepwellbed.com\/lv\/product\/black-continental-kontinentala-gulta-ar-4-kajam\/#breadcrumb"},"inLanguage":"lv-LV","potentialAction":[{"@type":"ReadAction","target":["https:\/\/sleepwellbed.com\/lv\/product\/black-continental-kontinentala-gulta-ar-4-kajam\/"]}]},{"@type":"ImageObject","inLanguage":"lv-LV","@id":"https:\/\/sleepwellbed.com\/lv\/product\/black-continental-kontinentala-gulta-ar-4-kajam\/#primaryimage","url":"https:\/\/sleepwellbed.com\/wp-content\/uploads\/2025\/11\/BLACK-CONTINENTAL-KONTINENTAALVOODI-4-jalaga-labiloige.png","contentUrl":"https:\/\/sleepwellbed.com\/wp-content\/uploads\/2025\/11\/BLACK-CONTINENTAL-KONTINENTAALVOODI-4-jalaga-labiloige.png","width":1414,"height":1000},{"@type":"BreadcrumbList","@id":"https:\/\/sleepwellbed.com\/lv\/product\/black-continental-kontinentala-gulta-ar-4-kajam\/#breadcrumb","itemListElement":[{"@type":"ListItem","position":1,"name":"Home","item":"https:\/\/sleepwellbed.com\/lv\/"},{"@type":"ListItem","position":2,"name":"Preces","item":"https:\/\/sleepwellbed.com\/lv\/preces\/"},{"@type":"ListItem","position":3,"name":"BLACK CONTINENTAL KONTINENT\u0100L\u0100 GULTA (ar 4 k\u0101j\u0101m)"}]},{"@type":"WebSite","@id":"https:\/\/sleepwellbed.com\/#website","url":"https:\/\/sleepwellbed.com\/","name":"Sleepwell","description":"","potentialAction":[{"@type":"SearchAction","target":{"@type":"EntryPoint","urlTemplate":"https:\/\/sleepwellbed.com\/?s={search_term_string}"},"query-input":{"@type":"PropertyValueSpecification","valueRequired":true,"valueName":"search_term_string"}}],"inLanguage":"lv-LV"}]}},"_links":{"self":[{"href":"https:\/\/sleepwellbed.com\/lv\/wp-json\/wp\/v2\/product\/173685","targetHints":{"allow":["GET"]}}],"collection":[{"href":"https:\/\/sleepwellbed.com\/lv\/wp-json\/wp\/v2\/product"}],"about":[{"href":"https:\/\/sleepwellbed.com\/lv\/wp-json\/wp\/v2\/types\/product"}],"wp:featuredmedia":[{"embeddable":true,"href":"https:\/\/sleepwellbed.com\/lv\/wp-json\/wp\/v2\/media\/564130"}],"wp:attachment":[{"href":"https:\/\/sleepwellbed.com\/lv\/wp-json\/wp\/v2\/media?parent=173685"}],"wp:term":[{"taxonomy":"product_brand","embeddable":true,"href":"https:\/\/sleepwellbed.com\/lv\/wp-json\/wp\/v2\/product_brand?post=173685"},{"taxonomy":"product_cat","embeddable":true,"href":"https:\/\/sleepwellbed.com\/lv\/wp-json\/wp\/v2\/product_cat?post=173685"},{"taxonomy":"product_tag","embeddable":true,"href":"https:\/\/sleepwellbed.com\/lv\/wp-json\/wp\/v2\/product_tag?post=173685"}],"curies":[{"name":"wp","href":"https:\/\/api.w.org\/{rel}","templated":true}]}}