{"id":177549,"date":"2023-01-23T23:30:04","date_gmt":"2023-01-23T21:30:04","guid":{"rendered":"https:\/\/sleepwellbed.com\/product\/black-continental-sahtlitega-kontinentaalvoodi\/"},"modified":"2026-04-12T06:31:34","modified_gmt":"2026-04-12T03:31:34","slug":"black-continental-kontinentala-gulta-ar-atvilktnem","status":"publish","type":"product","link":"https:\/\/sleepwellbed.com\/lv\/product\/black-continental-kontinentala-gulta-ar-atvilktnem\/","title":{"rendered":"BLACK CONTINENTAL KONTINENT\u0100L\u0100 GULTA  AR ATVILKTN\u0112M"},"content":{"rendered":"<div>Atsperu matra\u010da satur\u0101 ir 7-zonu multipocket atsperes.&nbsp;<br \/>Atsperu matra\u010da vien\u0101 pus\u0113 ir dab\u012bg\u0101 gumijkoka latekss, bet otr\u0101 pus\u0113 Tiger Touch porolons, kas ir jaun\u0101kais v\u0101rds materi\u0101lu industrij\u0101 &#8211; tas \u013cauj gaisam br\u012bvi pl\u016bst un rada pat\u012bkami atsper\u012bgu, \u0137ermeni atbalsto\u0161u formu.<br \/>Komplekt\u0101, kura platums ir 160 un 180 cm, ir divas ku\u0161etes un atsperu matracis.<\/p>\n<p>Matra\u010da p\u0101rvalks komplekt\u0101 nav iek\u013cauts, tas j\u0101izv\u0113las atbilsto\u0161i j\u016bsu vajadz\u012bb\u0101m.<br \/>Virsmatracis nav iek\u013cauts komplekt\u0101, tas ir j\u0101ieg\u0101d\u0101jas atsevi\u0161\u0137i.<br \/>Papildus var pas\u016bt\u012bt ar t\u0101du pa\u0161u audumu p\u0101rkl\u0101tu gultas galvgali. Pied\u0101v\u0101jum\u0101 ir 9 da\u017e\u0101di galvga\u013ci. Galvgalim augstuma regul\u0113\u0161anai var pieskr\u016bv\u0113t ar 12 cm plastmasas k\u0101jas. \u0160\u0101d\u0101 gad\u012bjum\u0101 ar\u012b kontinent\u0101l\u0101s gultas k\u0101j\u0101m j\u0101b\u016bt 12 cm augst\u0101m.<br \/>&nbsp;<br \/>No t\u0101da pa\u0161a auduma ir iesp\u0113jams pas\u016bt\u012bt ar\u012b s\u0101nu kabatas, kur ievietot \u017eurn\u0101lus, televizora pulti u.c. &nbsp;<\/p>\n<p>Produkts ir izstr\u0101d\u0101ts un ra\u017eots Igaunij\u0101.<br \/>Sleepwell izstr\u0101d\u0101jumos izmantotie materi\u0101li, piem\u0113ram, audums, kokvilna, vilna un vatel\u012bns, atbilst starptautiskajam \u00d6ko-Tex 100 standartam. Atsperu sist\u0113mu kvalit\u0101ti garant\u0113 DIN EN ISO 9001 sertifik\u0101ts.<\/div>\n","protected":false},"excerpt":{"rendered":"<div>Eleganta, \u0113rta gulta ar atvilktn\u0113m. Atsperu matra\u010da pamat\u0101 ir \u0137ermeni \u0101rk\u0101rt\u012bgi prec\u012bzi balsto\u0161s 7 zonu multipocket atsperojums.<\/p>\n<p>Atsperu matra\u010da vien\u0101 pus\u0113 ir dab\u012bgais latekss, bet otr\u0101 pus\u0113 tas ir oder\u0113ts ar Tiger Touch porolonu, kas ir materi\u0101lu apstr\u0101des galav\u0101rds. Porolonu ir apstiprin\u0101jusi Igaunijas Aler\u0123ijas asoci\u0101cija.<\/p>\n<p>Iesp\u0113jams izv\u0113l\u0113ties atsperu matra\u010da stingr\u012bbu \u2013 m\u012bkstu vai cietu.<\/p>\n<p>BLACK s\u0113rija pied\u0101v\u0101 pla\u0161u m\u0113be\u013cu auduma izv\u0113li, lai gulta gu\u013camistab\u0101 ieder\u0113tos nevainojami.<\/p>\n<p>Kontinent\u0101l\u0101 gulta, kas pie\u0161\u0137ir gu\u013camistabai uzglab\u0101\u0161anas telpu.<\/p><\/div>\n","protected":false},"featured_media":564136,"template":"","meta":{"_acf_changed":false},"product_brand":[],"product_cat":[723],"product_tag":[713],"class_list":{"0":"post-177549","1":"product","2":"type-product","3":"status-publish","4":"has-post-thumbnail","6":"product_cat-kontinentala-gulta","7":"product_tag-black-lv","8":"description-off","10":"first","11":"outofstock","12":"sale","13":"featured","14":"taxable","15":"shipping-taxable","16":"purchasable","17":"product-type-variable"},"acf":[],"yoast_head":"<!-- This site is optimized with the Yoast SEO plugin v27.0 - https:\/\/yoast.com\/product\/yoast-seo-wordpress\/ -->\n<title>BLACK CONTINENTAL KONTINENT\u0100L\u0100 GULTA AR ATVILKTN\u0112M - Sleepwell<\/title>\n<meta name=\"robots\" content=\"index, follow, max-snippet:-1, max-image-preview:large, max-video-preview:-1\" \/>\n<link rel=\"canonical\" href=\"https:\/\/sleepwellbed.com\/lv\/product\/black-continental-kontinentala-gulta-ar-atvilktnem\/\" \/>\n<meta property=\"og:locale\" content=\"lv_LV\" \/>\n<meta property=\"og:type\" content=\"article\" \/>\n<meta property=\"og:title\" content=\"BLACK CONTINENTAL KONTINENT\u0100L\u0100 GULTA AR ATVILKTN\u0112M - Sleepwell\" \/>\n<meta property=\"og:description\" content=\"Eleganta, \u0113rta gulta ar atvilktn\u0113m. Atsperu matra\u010da pamat\u0101 ir \u0137ermeni \u0101rk\u0101rt\u012bgi prec\u012bzi balsto\u0161s 7 zonu multipocket atsperojums.Atsperu matra\u010da vien\u0101 pus\u0113 ir dab\u012bgais latekss, bet otr\u0101 pus\u0113 tas ir oder\u0113ts ar Tiger Touch porolonu, kas ir materi\u0101lu apstr\u0101des galav\u0101rds. Porolonu ir apstiprin\u0101jusi Igaunijas Aler\u0123ijas asoci\u0101cija.Iesp\u0113jams izv\u0113l\u0113ties atsperu matra\u010da stingr\u012bbu \u2013 m\u012bkstu vai cietu.BLACK s\u0113rija pied\u0101v\u0101 pla\u0161u m\u0113be\u013cu auduma izv\u0113li, lai gulta gu\u013camistab\u0101 ieder\u0113tos nevainojami.Kontinent\u0101l\u0101 gulta, kas pie\u0161\u0137ir gu\u013camistabai uzglab\u0101\u0161anas telpu.\" \/>\n<meta property=\"og:url\" content=\"https:\/\/sleepwellbed.com\/lv\/product\/black-continental-kontinentala-gulta-ar-atvilktnem\/\" \/>\n<meta property=\"og:site_name\" content=\"Sleepwell\" \/>\n<meta property=\"article:modified_time\" content=\"2026-04-12T03:31:34+00:00\" \/>\n<meta property=\"og:image\" content=\"https:\/\/sleepwellbed.com\/wp-content\/uploads\/2025\/11\/BLACK-CONTINENTAL-SAHTLITEGA-labiloige.png\" \/>\n\t<meta property=\"og:image:width\" content=\"1414\" \/>\n\t<meta property=\"og:image:height\" content=\"1000\" \/>\n\t<meta property=\"og:image:type\" content=\"image\/png\" \/>\n<meta name=\"twitter:card\" content=\"summary_large_image\" \/>\n<meta name=\"twitter:label1\" content=\"Est. reading time\" \/>\n\t<meta name=\"twitter:data1\" content=\"1 minute\" \/>\n<script type=\"application\/ld+json\" class=\"yoast-schema-graph\">{\"@context\":\"https:\/\/schema.org\",\"@graph\":[{\"@type\":\"WebPage\",\"@id\":\"https:\/\/sleepwellbed.com\/lv\/product\/black-continental-kontinentala-gulta-ar-atvilktnem\/\",\"url\":\"https:\/\/sleepwellbed.com\/lv\/product\/black-continental-kontinentala-gulta-ar-atvilktnem\/\",\"name\":\"BLACK CONTINENTAL KONTINENT\u0100L\u0100 GULTA AR ATVILKTN\u0112M - Sleepwell\",\"isPartOf\":{\"@id\":\"https:\/\/sleepwellbed.com\/#website\"},\"primaryImageOfPage\":{\"@id\":\"https:\/\/sleepwellbed.com\/lv\/product\/black-continental-kontinentala-gulta-ar-atvilktnem\/#primaryimage\"},\"image\":{\"@id\":\"https:\/\/sleepwellbed.com\/lv\/product\/black-continental-kontinentala-gulta-ar-atvilktnem\/#primaryimage\"},\"thumbnailUrl\":\"https:\/\/sleepwellbed.com\/wp-content\/uploads\/2025\/11\/BLACK-CONTINENTAL-SAHTLITEGA-labiloige.png\",\"datePublished\":\"2023-01-23T21:30:04+00:00\",\"dateModified\":\"2026-04-12T03:31:34+00:00\",\"breadcrumb\":{\"@id\":\"https:\/\/sleepwellbed.com\/lv\/product\/black-continental-kontinentala-gulta-ar-atvilktnem\/#breadcrumb\"},\"inLanguage\":\"lv-LV\",\"potentialAction\":[{\"@type\":\"ReadAction\",\"target\":[\"https:\/\/sleepwellbed.com\/lv\/product\/black-continental-kontinentala-gulta-ar-atvilktnem\/\"]}]},{\"@type\":\"ImageObject\",\"inLanguage\":\"lv-LV\",\"@id\":\"https:\/\/sleepwellbed.com\/lv\/product\/black-continental-kontinentala-gulta-ar-atvilktnem\/#primaryimage\",\"url\":\"https:\/\/sleepwellbed.com\/wp-content\/uploads\/2025\/11\/BLACK-CONTINENTAL-SAHTLITEGA-labiloige.png\",\"contentUrl\":\"https:\/\/sleepwellbed.com\/wp-content\/uploads\/2025\/11\/BLACK-CONTINENTAL-SAHTLITEGA-labiloige.png\",\"width\":1414,\"height\":1000},{\"@type\":\"BreadcrumbList\",\"@id\":\"https:\/\/sleepwellbed.com\/lv\/product\/black-continental-kontinentala-gulta-ar-atvilktnem\/#breadcrumb\",\"itemListElement\":[{\"@type\":\"ListItem\",\"position\":1,\"name\":\"Home\",\"item\":\"https:\/\/sleepwellbed.com\/lv\/\"},{\"@type\":\"ListItem\",\"position\":2,\"name\":\"Preces\",\"item\":\"https:\/\/sleepwellbed.com\/lv\/preces\/\"},{\"@type\":\"ListItem\",\"position\":3,\"name\":\"BLACK CONTINENTAL KONTINENT\u0100L\u0100 GULTA AR ATVILKTN\u0112M\"}]},{\"@type\":\"WebSite\",\"@id\":\"https:\/\/sleepwellbed.com\/#website\",\"url\":\"https:\/\/sleepwellbed.com\/\",\"name\":\"Sleepwell\",\"description\":\"\",\"potentialAction\":[{\"@type\":\"SearchAction\",\"target\":{\"@type\":\"EntryPoint\",\"urlTemplate\":\"https:\/\/sleepwellbed.com\/?s={search_term_string}\"},\"query-input\":{\"@type\":\"PropertyValueSpecification\",\"valueRequired\":true,\"valueName\":\"search_term_string\"}}],\"inLanguage\":\"lv-LV\"}]}<\/script>\n<!-- \/ Yoast SEO plugin. -->","yoast_head_json":{"title":"BLACK CONTINENTAL KONTINENT\u0100L\u0100 GULTA AR ATVILKTN\u0112M - Sleepwell","robots":{"index":"index","follow":"follow","max-snippet":"max-snippet:-1","max-image-preview":"max-image-preview:large","max-video-preview":"max-video-preview:-1"},"canonical":"https:\/\/sleepwellbed.com\/lv\/product\/black-continental-kontinentala-gulta-ar-atvilktnem\/","og_locale":"lv_LV","og_type":"article","og_title":"BLACK CONTINENTAL KONTINENT\u0100L\u0100 GULTA AR ATVILKTN\u0112M - Sleepwell","og_description":"Eleganta, \u0113rta gulta ar atvilktn\u0113m. Atsperu matra\u010da pamat\u0101 ir \u0137ermeni \u0101rk\u0101rt\u012bgi prec\u012bzi balsto\u0161s 7 zonu multipocket atsperojums.Atsperu matra\u010da vien\u0101 pus\u0113 ir dab\u012bgais latekss, bet otr\u0101 pus\u0113 tas ir oder\u0113ts ar Tiger Touch porolonu, kas ir materi\u0101lu apstr\u0101des galav\u0101rds. Porolonu ir apstiprin\u0101jusi Igaunijas Aler\u0123ijas asoci\u0101cija.Iesp\u0113jams izv\u0113l\u0113ties atsperu matra\u010da stingr\u012bbu \u2013 m\u012bkstu vai cietu.BLACK s\u0113rija pied\u0101v\u0101 pla\u0161u m\u0113be\u013cu auduma izv\u0113li, lai gulta gu\u013camistab\u0101 ieder\u0113tos nevainojami.Kontinent\u0101l\u0101 gulta, kas pie\u0161\u0137ir gu\u013camistabai uzglab\u0101\u0161anas telpu.","og_url":"https:\/\/sleepwellbed.com\/lv\/product\/black-continental-kontinentala-gulta-ar-atvilktnem\/","og_site_name":"Sleepwell","article_modified_time":"2026-04-12T03:31:34+00:00","og_image":[{"width":1414,"height":1000,"url":"https:\/\/sleepwellbed.com\/wp-content\/uploads\/2025\/11\/BLACK-CONTINENTAL-SAHTLITEGA-labiloige.png","type":"image\/png"}],"twitter_card":"summary_large_image","twitter_misc":{"Est. reading time":"1 minute"},"schema":{"@context":"https:\/\/schema.org","@graph":[{"@type":"WebPage","@id":"https:\/\/sleepwellbed.com\/lv\/product\/black-continental-kontinentala-gulta-ar-atvilktnem\/","url":"https:\/\/sleepwellbed.com\/lv\/product\/black-continental-kontinentala-gulta-ar-atvilktnem\/","name":"BLACK CONTINENTAL KONTINENT\u0100L\u0100 GULTA AR ATVILKTN\u0112M - Sleepwell","isPartOf":{"@id":"https:\/\/sleepwellbed.com\/#website"},"primaryImageOfPage":{"@id":"https:\/\/sleepwellbed.com\/lv\/product\/black-continental-kontinentala-gulta-ar-atvilktnem\/#primaryimage"},"image":{"@id":"https:\/\/sleepwellbed.com\/lv\/product\/black-continental-kontinentala-gulta-ar-atvilktnem\/#primaryimage"},"thumbnailUrl":"https:\/\/sleepwellbed.com\/wp-content\/uploads\/2025\/11\/BLACK-CONTINENTAL-SAHTLITEGA-labiloige.png","datePublished":"2023-01-23T21:30:04+00:00","dateModified":"2026-04-12T03:31:34+00:00","breadcrumb":{"@id":"https:\/\/sleepwellbed.com\/lv\/product\/black-continental-kontinentala-gulta-ar-atvilktnem\/#breadcrumb"},"inLanguage":"lv-LV","potentialAction":[{"@type":"ReadAction","target":["https:\/\/sleepwellbed.com\/lv\/product\/black-continental-kontinentala-gulta-ar-atvilktnem\/"]}]},{"@type":"ImageObject","inLanguage":"lv-LV","@id":"https:\/\/sleepwellbed.com\/lv\/product\/black-continental-kontinentala-gulta-ar-atvilktnem\/#primaryimage","url":"https:\/\/sleepwellbed.com\/wp-content\/uploads\/2025\/11\/BLACK-CONTINENTAL-SAHTLITEGA-labiloige.png","contentUrl":"https:\/\/sleepwellbed.com\/wp-content\/uploads\/2025\/11\/BLACK-CONTINENTAL-SAHTLITEGA-labiloige.png","width":1414,"height":1000},{"@type":"BreadcrumbList","@id":"https:\/\/sleepwellbed.com\/lv\/product\/black-continental-kontinentala-gulta-ar-atvilktnem\/#breadcrumb","itemListElement":[{"@type":"ListItem","position":1,"name":"Home","item":"https:\/\/sleepwellbed.com\/lv\/"},{"@type":"ListItem","position":2,"name":"Preces","item":"https:\/\/sleepwellbed.com\/lv\/preces\/"},{"@type":"ListItem","position":3,"name":"BLACK CONTINENTAL KONTINENT\u0100L\u0100 GULTA AR ATVILKTN\u0112M"}]},{"@type":"WebSite","@id":"https:\/\/sleepwellbed.com\/#website","url":"https:\/\/sleepwellbed.com\/","name":"Sleepwell","description":"","potentialAction":[{"@type":"SearchAction","target":{"@type":"EntryPoint","urlTemplate":"https:\/\/sleepwellbed.com\/?s={search_term_string}"},"query-input":{"@type":"PropertyValueSpecification","valueRequired":true,"valueName":"search_term_string"}}],"inLanguage":"lv-LV"}]}},"_links":{"self":[{"href":"https:\/\/sleepwellbed.com\/lv\/wp-json\/wp\/v2\/product\/177549","targetHints":{"allow":["GET"]}}],"collection":[{"href":"https:\/\/sleepwellbed.com\/lv\/wp-json\/wp\/v2\/product"}],"about":[{"href":"https:\/\/sleepwellbed.com\/lv\/wp-json\/wp\/v2\/types\/product"}],"wp:featuredmedia":[{"embeddable":true,"href":"https:\/\/sleepwellbed.com\/lv\/wp-json\/wp\/v2\/media\/564136"}],"wp:attachment":[{"href":"https:\/\/sleepwellbed.com\/lv\/wp-json\/wp\/v2\/media?parent=177549"}],"wp:term":[{"taxonomy":"product_brand","embeddable":true,"href":"https:\/\/sleepwellbed.com\/lv\/wp-json\/wp\/v2\/product_brand?post=177549"},{"taxonomy":"product_cat","embeddable":true,"href":"https:\/\/sleepwellbed.com\/lv\/wp-json\/wp\/v2\/product_cat?post=177549"},{"taxonomy":"product_tag","embeddable":true,"href":"https:\/\/sleepwellbed.com\/lv\/wp-json\/wp\/v2\/product_tag?post=177549"}],"curies":[{"name":"wp","href":"https:\/\/api.w.org\/{rel}","templated":true}]}}