{"id":178281,"date":"2023-01-23T23:40:05","date_gmt":"2023-01-23T21:40:05","guid":{"rendered":"https:\/\/sleepwellbed.com\/product\/red-pocket-storage-kusett\/"},"modified":"2026-04-12T06:31:41","modified_gmt":"2026-04-12T03:31:41","slug":"red-storage-kusete","status":"publish","type":"product","link":"https:\/\/sleepwellbed.com\/lv\/product\/red-storage-kusete\/","title":{"rendered":"RED STORAGE KU\u0160ETE"},"content":{"rendered":"<div>Komplekts sast\u0101v no ietilp\u012bga uzglab\u0101\u0161anas nodal\u012bjuma apak\u0161\u0101 un aug\u0161\u0113j\u0101s ku\u0161ete.<br \/>Ar Tiger Touch porolonu, kas ir jaun\u0101kais v\u0101rds materi\u0101lu industrij\u0101 &#8211; \u013cauj gaisam labi pl\u016bst un veido pat\u012bkami atsper\u012bgu, \u0137ermeni atbalsto\u0161u formu. Papildkomfortu gultas r\u0101mim nodro\u0161ina kokvilnas auduma sl\u0101nis.<br \/>Gultai ir g\u0101zes pacel\u0161anas meh\u0101nisms, kas darbojas viegli un klusi.<\/p>\n<p>Iesp\u0113jams izv\u0113l\u0113ties \u201cpocket\u201d atsperu ciet\u012bbu &#8211; cietu, vid\u0113ju vai m\u012bkstu.<br \/>Pla\u0161a audumu izv\u0113le sniedz iesp\u0113ju izv\u0113l\u0113ties ikvienai gu\u013camistabai piem\u0113rotu toni. M\u0113be\u013cu audumu izv\u0113le pied\u0101v\u0101 audumus 14 da\u017e\u0101dos to\u0146os.<br \/>Papildus var pas\u016bt\u012bt ar t\u0101du pa\u0161u audumu p\u0101rkl\u0101tu gultas galvgali. Pied\u0101v\u0101jum\u0101 ir 14 da\u017e\u0101di galvga\u013ci.<br \/>No t\u0101da pa\u0161a auduma ir iesp\u0113jams pas\u016bt\u012bt ar\u012b s\u0101nu kabatas, kur ievietot \u017eurn\u0101lus, televizora pulti u.c.<\/p>\n<p><strong>Kontinent\u0101lo gultu ar platumu 160cm vai 180cm ir iesp\u0113jams izveidot ar\u012b no div\u0101m ku\u0161et\u0113m, ieg\u0101d\u0101joties papildus matra\u010da p\u0101rvalku, kas p\u0101rkl\u0101j abas ku\u0161etes.<\/strong> Iesak\u0101m izv\u0113l\u0113ties biez\u0101ku, vismaz 4 cm biezu virsmatraci.<br \/>Matracis, virsmatracis, galvgalis, k\u0101jas un citi aksesu\u0101ri nav iek\u013cauti komplekt\u0101, un tie ir j\u0101izv\u0113las atbilsto\u0161i sav\u0101m v\u0113lm\u0113m.<br \/>Pieejamie izm\u0113ri 80&#215;200, 90&#215;200 ja 120&#215;200.<\/p>\n<p>Produkts ir izstr\u0101d\u0101ts un ra\u017eots Igaunij\u0101.<br \/><strong>Porolona kvalit\u0101ti ir apstiprin\u0101jusi Igaunijas Aler\u0123ijas biedr\u012bba. Sleepwell izstr\u0101d\u0101jumos izmantotie materi\u0101li, piem\u0113ram, audums, kokvilna, vilna un vatel\u012bns, atbilst starptautiskajam \u00d6ko-Tex 100 standartam.<\/strong><\/div>\n","protected":false},"excerpt":{"rendered":"<div>Stil\u012bg\u0101s un praktisk\u0101s ku\u0161etes apak\u0161\u0101 ir <strong>ietilp\u012bgs ve\u013cas uzglab\u0101\u0161anas nodal\u012bjums<\/strong>, kas ir ide\u0101li piem\u0113rots gultas ve\u013cas un citu b\u016btisku lietu novieto\u0161anai. Ku\u0161etei ir <strong>5 zonu pocket atsperojums<\/strong>. <\/p>\n<p>Iesp\u0113jams izv\u0113l\u0113ties \u201cpocket\u201d atsperu ciet\u012bbu &#8211; <strong>cietu, vid\u0113ju vai m\u012bkstu.<\/strong><\/p>\n<p>Oder\u0113ts ar <strong>Tiger Touch porolonu<\/strong>, kas ir jaun\u0101kais v\u0101rds materi\u0101lu industrij\u0101 &#8211; \u013cauj gaisam labi pl\u016bst un veido pat\u012bkami atsper\u012bgu, \u0137ermeni atbalsto\u0161u formu<strong>. Porolonu ir apstiprin\u0101jusi Igaunijas Aler\u0123ijas asoci\u0101cija.<\/strong> <\/p>\n<p>Pla\u0161\u0101 audumu izv\u0113le sniedz iesp\u0113ju izv\u0113l\u0113ties <strong>ikvienai gu\u013camistabai piem\u0113rotu kr\u0101sas toni.<\/strong><\/div>\n","protected":false},"featured_media":564143,"template":"","meta":{"_acf_changed":false},"product_brand":[],"product_cat":[723],"product_tag":[696],"class_list":{"0":"post-178281","1":"product","2":"type-product","3":"status-publish","4":"has-post-thumbnail","6":"product_cat-kontinentala-gulta","7":"product_tag-red-lv","8":"description-off","10":"first","11":"outofstock","12":"sale","13":"taxable","14":"shipping-taxable","15":"purchasable","16":"product-type-variable"},"acf":[],"yoast_head":"<!-- This site is optimized with the Yoast SEO plugin v27.0 - https:\/\/yoast.com\/product\/yoast-seo-wordpress\/ -->\n<title>RED STORAGE KU\u0160ETE - Sleepwell<\/title>\n<meta name=\"robots\" content=\"index, follow, max-snippet:-1, max-image-preview:large, max-video-preview:-1\" \/>\n<link rel=\"canonical\" href=\"https:\/\/sleepwellbed.com\/lv\/product\/red-storage-kusete\/\" \/>\n<meta property=\"og:locale\" content=\"lv_LV\" \/>\n<meta property=\"og:type\" content=\"article\" \/>\n<meta property=\"og:title\" content=\"RED STORAGE KU\u0160ETE - Sleepwell\" \/>\n<meta property=\"og:description\" content=\"Stil\u012bg\u0101s un praktisk\u0101s ku\u0161etes apak\u0161\u0101 ir ietilp\u012bgs ve\u013cas uzglab\u0101\u0161anas nodal\u012bjums, kas ir ide\u0101li piem\u0113rots gultas ve\u013cas un citu b\u016btisku lietu novieto\u0161anai. Ku\u0161etei ir 5 zonu pocket atsperojums. Iesp\u0113jams izv\u0113l\u0113ties \u201cpocket\u201d atsperu ciet\u012bbu - cietu, vid\u0113ju vai m\u012bkstu.Oder\u0113ts ar Tiger Touch porolonu, kas ir jaun\u0101kais v\u0101rds materi\u0101lu industrij\u0101 - \u013cauj gaisam labi pl\u016bst un veido pat\u012bkami atsper\u012bgu, \u0137ermeni atbalsto\u0161u formu. Porolonu ir apstiprin\u0101jusi Igaunijas Aler\u0123ijas asoci\u0101cija. Pla\u0161\u0101 audumu izv\u0113le sniedz iesp\u0113ju izv\u0113l\u0113ties ikvienai gu\u013camistabai piem\u0113rotu kr\u0101sas toni.\" \/>\n<meta property=\"og:url\" content=\"https:\/\/sleepwellbed.com\/lv\/product\/red-storage-kusete\/\" \/>\n<meta property=\"og:site_name\" content=\"Sleepwell\" \/>\n<meta property=\"article:modified_time\" content=\"2026-04-12T03:31:41+00:00\" \/>\n<meta property=\"og:image\" content=\"https:\/\/sleepwellbed.com\/wp-content\/uploads\/2025\/11\/RED-POCKET-STORAGE-KUSETT-90-labiloige.png\" \/>\n\t<meta property=\"og:image:width\" content=\"1414\" \/>\n\t<meta property=\"og:image:height\" content=\"1000\" \/>\n\t<meta property=\"og:image:type\" content=\"image\/png\" \/>\n<meta name=\"twitter:card\" content=\"summary_large_image\" \/>\n<meta name=\"twitter:label1\" content=\"Est. reading time\" \/>\n\t<meta name=\"twitter:data1\" content=\"2 minutes\" \/>\n<script type=\"application\/ld+json\" class=\"yoast-schema-graph\">{\"@context\":\"https:\/\/schema.org\",\"@graph\":[{\"@type\":\"WebPage\",\"@id\":\"https:\/\/sleepwellbed.com\/lv\/product\/red-storage-kusete\/\",\"url\":\"https:\/\/sleepwellbed.com\/lv\/product\/red-storage-kusete\/\",\"name\":\"RED STORAGE KU\u0160ETE - Sleepwell\",\"isPartOf\":{\"@id\":\"https:\/\/sleepwellbed.com\/#website\"},\"primaryImageOfPage\":{\"@id\":\"https:\/\/sleepwellbed.com\/lv\/product\/red-storage-kusete\/#primaryimage\"},\"image\":{\"@id\":\"https:\/\/sleepwellbed.com\/lv\/product\/red-storage-kusete\/#primaryimage\"},\"thumbnailUrl\":\"https:\/\/sleepwellbed.com\/wp-content\/uploads\/2025\/11\/RED-POCKET-STORAGE-KUSETT-90-labiloige.png\",\"datePublished\":\"2023-01-23T21:40:05+00:00\",\"dateModified\":\"2026-04-12T03:31:41+00:00\",\"breadcrumb\":{\"@id\":\"https:\/\/sleepwellbed.com\/lv\/product\/red-storage-kusete\/#breadcrumb\"},\"inLanguage\":\"lv-LV\",\"potentialAction\":[{\"@type\":\"ReadAction\",\"target\":[\"https:\/\/sleepwellbed.com\/lv\/product\/red-storage-kusete\/\"]}]},{\"@type\":\"ImageObject\",\"inLanguage\":\"lv-LV\",\"@id\":\"https:\/\/sleepwellbed.com\/lv\/product\/red-storage-kusete\/#primaryimage\",\"url\":\"https:\/\/sleepwellbed.com\/wp-content\/uploads\/2025\/11\/RED-POCKET-STORAGE-KUSETT-90-labiloige.png\",\"contentUrl\":\"https:\/\/sleepwellbed.com\/wp-content\/uploads\/2025\/11\/RED-POCKET-STORAGE-KUSETT-90-labiloige.png\",\"width\":1414,\"height\":1000},{\"@type\":\"BreadcrumbList\",\"@id\":\"https:\/\/sleepwellbed.com\/lv\/product\/red-storage-kusete\/#breadcrumb\",\"itemListElement\":[{\"@type\":\"ListItem\",\"position\":1,\"name\":\"Home\",\"item\":\"https:\/\/sleepwellbed.com\/lv\/\"},{\"@type\":\"ListItem\",\"position\":2,\"name\":\"Preces\",\"item\":\"https:\/\/sleepwellbed.com\/lv\/preces\/\"},{\"@type\":\"ListItem\",\"position\":3,\"name\":\"RED STORAGE KU\u0160ETE\"}]},{\"@type\":\"WebSite\",\"@id\":\"https:\/\/sleepwellbed.com\/#website\",\"url\":\"https:\/\/sleepwellbed.com\/\",\"name\":\"Sleepwell\",\"description\":\"\",\"potentialAction\":[{\"@type\":\"SearchAction\",\"target\":{\"@type\":\"EntryPoint\",\"urlTemplate\":\"https:\/\/sleepwellbed.com\/?s={search_term_string}\"},\"query-input\":{\"@type\":\"PropertyValueSpecification\",\"valueRequired\":true,\"valueName\":\"search_term_string\"}}],\"inLanguage\":\"lv-LV\"}]}<\/script>\n<!-- \/ Yoast SEO plugin. -->","yoast_head_json":{"title":"RED STORAGE KU\u0160ETE - Sleepwell","robots":{"index":"index","follow":"follow","max-snippet":"max-snippet:-1","max-image-preview":"max-image-preview:large","max-video-preview":"max-video-preview:-1"},"canonical":"https:\/\/sleepwellbed.com\/lv\/product\/red-storage-kusete\/","og_locale":"lv_LV","og_type":"article","og_title":"RED STORAGE KU\u0160ETE - Sleepwell","og_description":"Stil\u012bg\u0101s un praktisk\u0101s ku\u0161etes apak\u0161\u0101 ir ietilp\u012bgs ve\u013cas uzglab\u0101\u0161anas nodal\u012bjums, kas ir ide\u0101li piem\u0113rots gultas ve\u013cas un citu b\u016btisku lietu novieto\u0161anai. Ku\u0161etei ir 5 zonu pocket atsperojums. Iesp\u0113jams izv\u0113l\u0113ties \u201cpocket\u201d atsperu ciet\u012bbu - cietu, vid\u0113ju vai m\u012bkstu.Oder\u0113ts ar Tiger Touch porolonu, kas ir jaun\u0101kais v\u0101rds materi\u0101lu industrij\u0101 - \u013cauj gaisam labi pl\u016bst un veido pat\u012bkami atsper\u012bgu, \u0137ermeni atbalsto\u0161u formu. Porolonu ir apstiprin\u0101jusi Igaunijas Aler\u0123ijas asoci\u0101cija. Pla\u0161\u0101 audumu izv\u0113le sniedz iesp\u0113ju izv\u0113l\u0113ties ikvienai gu\u013camistabai piem\u0113rotu kr\u0101sas toni.","og_url":"https:\/\/sleepwellbed.com\/lv\/product\/red-storage-kusete\/","og_site_name":"Sleepwell","article_modified_time":"2026-04-12T03:31:41+00:00","og_image":[{"width":1414,"height":1000,"url":"https:\/\/sleepwellbed.com\/wp-content\/uploads\/2025\/11\/RED-POCKET-STORAGE-KUSETT-90-labiloige.png","type":"image\/png"}],"twitter_card":"summary_large_image","twitter_misc":{"Est. reading time":"2 minutes"},"schema":{"@context":"https:\/\/schema.org","@graph":[{"@type":"WebPage","@id":"https:\/\/sleepwellbed.com\/lv\/product\/red-storage-kusete\/","url":"https:\/\/sleepwellbed.com\/lv\/product\/red-storage-kusete\/","name":"RED STORAGE KU\u0160ETE - Sleepwell","isPartOf":{"@id":"https:\/\/sleepwellbed.com\/#website"},"primaryImageOfPage":{"@id":"https:\/\/sleepwellbed.com\/lv\/product\/red-storage-kusete\/#primaryimage"},"image":{"@id":"https:\/\/sleepwellbed.com\/lv\/product\/red-storage-kusete\/#primaryimage"},"thumbnailUrl":"https:\/\/sleepwellbed.com\/wp-content\/uploads\/2025\/11\/RED-POCKET-STORAGE-KUSETT-90-labiloige.png","datePublished":"2023-01-23T21:40:05+00:00","dateModified":"2026-04-12T03:31:41+00:00","breadcrumb":{"@id":"https:\/\/sleepwellbed.com\/lv\/product\/red-storage-kusete\/#breadcrumb"},"inLanguage":"lv-LV","potentialAction":[{"@type":"ReadAction","target":["https:\/\/sleepwellbed.com\/lv\/product\/red-storage-kusete\/"]}]},{"@type":"ImageObject","inLanguage":"lv-LV","@id":"https:\/\/sleepwellbed.com\/lv\/product\/red-storage-kusete\/#primaryimage","url":"https:\/\/sleepwellbed.com\/wp-content\/uploads\/2025\/11\/RED-POCKET-STORAGE-KUSETT-90-labiloige.png","contentUrl":"https:\/\/sleepwellbed.com\/wp-content\/uploads\/2025\/11\/RED-POCKET-STORAGE-KUSETT-90-labiloige.png","width":1414,"height":1000},{"@type":"BreadcrumbList","@id":"https:\/\/sleepwellbed.com\/lv\/product\/red-storage-kusete\/#breadcrumb","itemListElement":[{"@type":"ListItem","position":1,"name":"Home","item":"https:\/\/sleepwellbed.com\/lv\/"},{"@type":"ListItem","position":2,"name":"Preces","item":"https:\/\/sleepwellbed.com\/lv\/preces\/"},{"@type":"ListItem","position":3,"name":"RED STORAGE KU\u0160ETE"}]},{"@type":"WebSite","@id":"https:\/\/sleepwellbed.com\/#website","url":"https:\/\/sleepwellbed.com\/","name":"Sleepwell","description":"","potentialAction":[{"@type":"SearchAction","target":{"@type":"EntryPoint","urlTemplate":"https:\/\/sleepwellbed.com\/?s={search_term_string}"},"query-input":{"@type":"PropertyValueSpecification","valueRequired":true,"valueName":"search_term_string"}}],"inLanguage":"lv-LV"}]}},"_links":{"self":[{"href":"https:\/\/sleepwellbed.com\/lv\/wp-json\/wp\/v2\/product\/178281","targetHints":{"allow":["GET"]}}],"collection":[{"href":"https:\/\/sleepwellbed.com\/lv\/wp-json\/wp\/v2\/product"}],"about":[{"href":"https:\/\/sleepwellbed.com\/lv\/wp-json\/wp\/v2\/types\/product"}],"wp:featuredmedia":[{"embeddable":true,"href":"https:\/\/sleepwellbed.com\/lv\/wp-json\/wp\/v2\/media\/564143"}],"wp:attachment":[{"href":"https:\/\/sleepwellbed.com\/lv\/wp-json\/wp\/v2\/media?parent=178281"}],"wp:term":[{"taxonomy":"product_brand","embeddable":true,"href":"https:\/\/sleepwellbed.com\/lv\/wp-json\/wp\/v2\/product_brand?post=178281"},{"taxonomy":"product_cat","embeddable":true,"href":"https:\/\/sleepwellbed.com\/lv\/wp-json\/wp\/v2\/product_cat?post=178281"},{"taxonomy":"product_tag","embeddable":true,"href":"https:\/\/sleepwellbed.com\/lv\/wp-json\/wp\/v2\/product_tag?post=178281"}],"curies":[{"name":"wp","href":"https:\/\/api.w.org\/{rel}","templated":true}]}}