{"id":179869,"date":"2023-01-23T23:50:05","date_gmt":"2023-01-23T21:50:05","guid":{"rendered":"https:\/\/sleepwellbed.com\/product\/umarad-puitjalad\/"},"modified":"2026-05-01T04:50:49","modified_gmt":"2026-05-01T01:50:49","slug":"koka-karbas-konusu-kajas","status":"publish","type":"product","link":"https:\/\/sleepwellbed.com\/lv\/product\/koka-karbas-konusu-kajas\/","title":{"rendered":"KOKA K\u0100RBAS KONUSU K\u0100JAS"},"content":{"rendered":"<p>4 gab. \/iek\u013cauts.<br \/>Augstas kvalit\u0101tes koka k\u0101jas.<\/p>\n<p><strong>2 da\u017e\u0101das iesp\u0113jas:<br \/>&nbsp;<br \/><\/strong>Retro konusu k\u0101jas (kr\u0101sa: di\u017esk\u0101bar\u017ea).<br \/>Augstums 18 cm<\/p>\n<p>K\u0101rt\u0101s konusu k\u0101jas (kr\u0101sa: \u0137irsis).<br \/>Augstums 5, 12, 18 cm<\/p>\n","protected":false},"excerpt":{"rendered":"<p>Augstas kvalit\u0101tes koka k\u0101jas.<\/p>\n<p>4 gab. \/iek\u013cauts.<\/p>\n","protected":false},"featured_media":564155,"template":"","meta":{"_acf_changed":false},"product_brand":[],"product_cat":[4139],"product_tag":[],"class_list":{"0":"post-179869","1":"product","2":"type-product","3":"status-publish","4":"has-post-thumbnail","6":"product_cat-kajas","7":"description-off","9":"first","10":"outofstock","11":"sale","12":"taxable","13":"shipping-taxable","14":"purchasable","15":"product-type-variable"},"acf":[],"yoast_head":"<!-- This site is optimized with the Yoast SEO plugin v27.0 - https:\/\/yoast.com\/product\/yoast-seo-wordpress\/ -->\n<title>KOKA K\u0100RBAS KONUSU K\u0100JAS - Sleepwell<\/title>\n<meta name=\"robots\" content=\"index, follow, max-snippet:-1, max-image-preview:large, max-video-preview:-1\" \/>\n<link rel=\"canonical\" href=\"https:\/\/sleepwellbed.com\/lv\/product\/koka-karbas-konusu-kajas\/\" \/>\n<meta property=\"og:locale\" content=\"lv_LV\" \/>\n<meta property=\"og:type\" content=\"article\" \/>\n<meta property=\"og:title\" content=\"KOKA K\u0100RBAS KONUSU K\u0100JAS - Sleepwell\" \/>\n<meta property=\"og:description\" content=\"Augstas kvalit\u0101tes koka k\u0101jas.4 gab. \/iek\u013cauts.\" \/>\n<meta property=\"og:url\" content=\"https:\/\/sleepwellbed.com\/lv\/product\/koka-karbas-konusu-kajas\/\" \/>\n<meta property=\"og:site_name\" content=\"Sleepwell\" \/>\n<meta property=\"article:modified_time\" content=\"2026-05-01T01:50:49+00:00\" \/>\n<meta property=\"og:image\" content=\"https:\/\/sleepwellbed.com\/wp-content\/uploads\/2025\/11\/C10860084-Jalg-koonus-18cm-puit-pook.png\" \/>\n\t<meta property=\"og:image:width\" content=\"1501\" \/>\n\t<meta property=\"og:image:height\" content=\"1000\" \/>\n\t<meta property=\"og:image:type\" content=\"image\/png\" \/>\n<meta name=\"twitter:card\" content=\"summary_large_image\" \/>\n<meta name=\"twitter:label1\" content=\"Est. reading time\" \/>\n\t<meta name=\"twitter:data1\" content=\"1 minute\" \/>\n<script type=\"application\/ld+json\" class=\"yoast-schema-graph\">{\"@context\":\"https:\/\/schema.org\",\"@graph\":[{\"@type\":\"WebPage\",\"@id\":\"https:\/\/sleepwellbed.com\/lv\/product\/koka-karbas-konusu-kajas\/\",\"url\":\"https:\/\/sleepwellbed.com\/lv\/product\/koka-karbas-konusu-kajas\/\",\"name\":\"KOKA K\u0100RBAS KONUSU K\u0100JAS - Sleepwell\",\"isPartOf\":{\"@id\":\"https:\/\/sleepwellbed.com\/#website\"},\"primaryImageOfPage\":{\"@id\":\"https:\/\/sleepwellbed.com\/lv\/product\/koka-karbas-konusu-kajas\/#primaryimage\"},\"image\":{\"@id\":\"https:\/\/sleepwellbed.com\/lv\/product\/koka-karbas-konusu-kajas\/#primaryimage\"},\"thumbnailUrl\":\"https:\/\/sleepwellbed.com\/wp-content\/uploads\/2025\/11\/C10860084-Jalg-koonus-18cm-puit-pook.png\",\"datePublished\":\"2023-01-23T21:50:05+00:00\",\"dateModified\":\"2026-05-01T01:50:49+00:00\",\"breadcrumb\":{\"@id\":\"https:\/\/sleepwellbed.com\/lv\/product\/koka-karbas-konusu-kajas\/#breadcrumb\"},\"inLanguage\":\"lv-LV\",\"potentialAction\":[{\"@type\":\"ReadAction\",\"target\":[\"https:\/\/sleepwellbed.com\/lv\/product\/koka-karbas-konusu-kajas\/\"]}]},{\"@type\":\"ImageObject\",\"inLanguage\":\"lv-LV\",\"@id\":\"https:\/\/sleepwellbed.com\/lv\/product\/koka-karbas-konusu-kajas\/#primaryimage\",\"url\":\"https:\/\/sleepwellbed.com\/wp-content\/uploads\/2025\/11\/C10860084-Jalg-koonus-18cm-puit-pook.png\",\"contentUrl\":\"https:\/\/sleepwellbed.com\/wp-content\/uploads\/2025\/11\/C10860084-Jalg-koonus-18cm-puit-pook.png\",\"width\":1501,\"height\":1000},{\"@type\":\"BreadcrumbList\",\"@id\":\"https:\/\/sleepwellbed.com\/lv\/product\/koka-karbas-konusu-kajas\/#breadcrumb\",\"itemListElement\":[{\"@type\":\"ListItem\",\"position\":1,\"name\":\"Home\",\"item\":\"https:\/\/sleepwellbed.com\/lv\/\"},{\"@type\":\"ListItem\",\"position\":2,\"name\":\"Preces\",\"item\":\"https:\/\/sleepwellbed.com\/lv\/preces\/\"},{\"@type\":\"ListItem\",\"position\":3,\"name\":\"KOKA K\u0100RBAS KONUSU K\u0100JAS\"}]},{\"@type\":\"WebSite\",\"@id\":\"https:\/\/sleepwellbed.com\/#website\",\"url\":\"https:\/\/sleepwellbed.com\/\",\"name\":\"Sleepwell\",\"description\":\"\",\"potentialAction\":[{\"@type\":\"SearchAction\",\"target\":{\"@type\":\"EntryPoint\",\"urlTemplate\":\"https:\/\/sleepwellbed.com\/?s={search_term_string}\"},\"query-input\":{\"@type\":\"PropertyValueSpecification\",\"valueRequired\":true,\"valueName\":\"search_term_string\"}}],\"inLanguage\":\"lv-LV\"}]}<\/script>\n<!-- \/ Yoast SEO plugin. -->","yoast_head_json":{"title":"KOKA K\u0100RBAS KONUSU K\u0100JAS - Sleepwell","robots":{"index":"index","follow":"follow","max-snippet":"max-snippet:-1","max-image-preview":"max-image-preview:large","max-video-preview":"max-video-preview:-1"},"canonical":"https:\/\/sleepwellbed.com\/lv\/product\/koka-karbas-konusu-kajas\/","og_locale":"lv_LV","og_type":"article","og_title":"KOKA K\u0100RBAS KONUSU K\u0100JAS - Sleepwell","og_description":"Augstas kvalit\u0101tes koka k\u0101jas.4 gab. \/iek\u013cauts.","og_url":"https:\/\/sleepwellbed.com\/lv\/product\/koka-karbas-konusu-kajas\/","og_site_name":"Sleepwell","article_modified_time":"2026-05-01T01:50:49+00:00","og_image":[{"width":1501,"height":1000,"url":"https:\/\/sleepwellbed.com\/wp-content\/uploads\/2025\/11\/C10860084-Jalg-koonus-18cm-puit-pook.png","type":"image\/png"}],"twitter_card":"summary_large_image","twitter_misc":{"Est. reading time":"1 minute"},"schema":{"@context":"https:\/\/schema.org","@graph":[{"@type":"WebPage","@id":"https:\/\/sleepwellbed.com\/lv\/product\/koka-karbas-konusu-kajas\/","url":"https:\/\/sleepwellbed.com\/lv\/product\/koka-karbas-konusu-kajas\/","name":"KOKA K\u0100RBAS KONUSU K\u0100JAS - Sleepwell","isPartOf":{"@id":"https:\/\/sleepwellbed.com\/#website"},"primaryImageOfPage":{"@id":"https:\/\/sleepwellbed.com\/lv\/product\/koka-karbas-konusu-kajas\/#primaryimage"},"image":{"@id":"https:\/\/sleepwellbed.com\/lv\/product\/koka-karbas-konusu-kajas\/#primaryimage"},"thumbnailUrl":"https:\/\/sleepwellbed.com\/wp-content\/uploads\/2025\/11\/C10860084-Jalg-koonus-18cm-puit-pook.png","datePublished":"2023-01-23T21:50:05+00:00","dateModified":"2026-05-01T01:50:49+00:00","breadcrumb":{"@id":"https:\/\/sleepwellbed.com\/lv\/product\/koka-karbas-konusu-kajas\/#breadcrumb"},"inLanguage":"lv-LV","potentialAction":[{"@type":"ReadAction","target":["https:\/\/sleepwellbed.com\/lv\/product\/koka-karbas-konusu-kajas\/"]}]},{"@type":"ImageObject","inLanguage":"lv-LV","@id":"https:\/\/sleepwellbed.com\/lv\/product\/koka-karbas-konusu-kajas\/#primaryimage","url":"https:\/\/sleepwellbed.com\/wp-content\/uploads\/2025\/11\/C10860084-Jalg-koonus-18cm-puit-pook.png","contentUrl":"https:\/\/sleepwellbed.com\/wp-content\/uploads\/2025\/11\/C10860084-Jalg-koonus-18cm-puit-pook.png","width":1501,"height":1000},{"@type":"BreadcrumbList","@id":"https:\/\/sleepwellbed.com\/lv\/product\/koka-karbas-konusu-kajas\/#breadcrumb","itemListElement":[{"@type":"ListItem","position":1,"name":"Home","item":"https:\/\/sleepwellbed.com\/lv\/"},{"@type":"ListItem","position":2,"name":"Preces","item":"https:\/\/sleepwellbed.com\/lv\/preces\/"},{"@type":"ListItem","position":3,"name":"KOKA K\u0100RBAS KONUSU K\u0100JAS"}]},{"@type":"WebSite","@id":"https:\/\/sleepwellbed.com\/#website","url":"https:\/\/sleepwellbed.com\/","name":"Sleepwell","description":"","potentialAction":[{"@type":"SearchAction","target":{"@type":"EntryPoint","urlTemplate":"https:\/\/sleepwellbed.com\/?s={search_term_string}"},"query-input":{"@type":"PropertyValueSpecification","valueRequired":true,"valueName":"search_term_string"}}],"inLanguage":"lv-LV"}]}},"_links":{"self":[{"href":"https:\/\/sleepwellbed.com\/lv\/wp-json\/wp\/v2\/product\/179869","targetHints":{"allow":["GET"]}}],"collection":[{"href":"https:\/\/sleepwellbed.com\/lv\/wp-json\/wp\/v2\/product"}],"about":[{"href":"https:\/\/sleepwellbed.com\/lv\/wp-json\/wp\/v2\/types\/product"}],"wp:featuredmedia":[{"embeddable":true,"href":"https:\/\/sleepwellbed.com\/lv\/wp-json\/wp\/v2\/media\/564155"}],"wp:attachment":[{"href":"https:\/\/sleepwellbed.com\/lv\/wp-json\/wp\/v2\/media?parent=179869"}],"wp:term":[{"taxonomy":"product_brand","embeddable":true,"href":"https:\/\/sleepwellbed.com\/lv\/wp-json\/wp\/v2\/product_brand?post=179869"},{"taxonomy":"product_cat","embeddable":true,"href":"https:\/\/sleepwellbed.com\/lv\/wp-json\/wp\/v2\/product_cat?post=179869"},{"taxonomy":"product_tag","embeddable":true,"href":"https:\/\/sleepwellbed.com\/lv\/wp-json\/wp\/v2\/product_tag?post=179869"}],"curies":[{"name":"wp","href":"https:\/\/api.w.org\/{rel}","templated":true}]}}