{"id":180001,"date":"2023-01-24T00:50:05","date_gmt":"2023-01-23T22:50:05","guid":{"rendered":"https:\/\/sleepwellbed.com\/product\/red-black-solhall-kontinentaalvoodi-jalutsikast\/"},"modified":"2026-04-10T08:16:59","modified_gmt":"2026-04-10T05:16:59","slug":"red-black-solhall-kontinentalas-gultas-velas-kaste","status":"publish","type":"product","link":"https:\/\/sleepwellbed.com\/lv\/product\/red-black-solhall-kontinentalas-gultas-velas-kaste\/","title":{"rendered":"RED\/BLACK SOLHALL KONTINENT\u0100L\u0100S GULTAS VE\u013bAS KASTE"},"content":{"rendered":"<p><strong>Laba un \u0113rta vieta, kur novietot ap\u0123\u0113rbu vai citas mantas.<br \/><\/strong>Uz t\u0101s var ar\u012b aps\u0113sties.<\/p>\n<p>Sortiment\u0101 ir 14 da\u017e\u0101di audumi no RED un BLACK s\u0113rijas<br \/>Kvalitat\u012bvas sl\u0113dzenes \u2013 kastes v\u0101ks aizveras klus\u0101m.<\/p>\n<p><strong>NB! K\u0101jas neietilpst komplekt\u0101!<\/strong><\/p>\n","protected":false},"excerpt":{"rendered":"<p>Laba un \u0113rta vieta, kur novietot ap\u0123\u0113rbu vai citas mantas.<\/p>\n<p>Sortiment\u0101 ir 14 da\u017e\u0101di audumi no RED un BLACK s\u0113rijas.<\/p>\n","protected":false},"featured_media":564179,"template":"","meta":{"_acf_changed":false},"product_brand":[],"product_cat":[726],"product_tag":[696],"class_list":{"0":"post-180001","1":"product","2":"type-product","3":"status-publish","4":"has-post-thumbnail","6":"product_cat-galvgali","7":"product_tag-red-lv","8":"description-off","10":"first","11":"outofstock","12":"sale","13":"taxable","14":"shipping-taxable","15":"purchasable","16":"product-type-variable"},"acf":[],"yoast_head":"<!-- This site is optimized with the Yoast SEO plugin v27.0 - https:\/\/yoast.com\/product\/yoast-seo-wordpress\/ -->\n<title>RED\/BLACK SOLHALL KONTINENT\u0100L\u0100S GULTAS VE\u013bAS KASTE - Sleepwell<\/title>\n<meta name=\"robots\" content=\"index, follow, max-snippet:-1, max-image-preview:large, max-video-preview:-1\" \/>\n<link rel=\"canonical\" href=\"https:\/\/sleepwellbed.com\/lv\/product\/red-black-solhall-kontinentalas-gultas-velas-kaste\/\" \/>\n<meta property=\"og:locale\" content=\"lv_LV\" \/>\n<meta property=\"og:type\" content=\"article\" \/>\n<meta property=\"og:title\" content=\"RED\/BLACK SOLHALL KONTINENT\u0100L\u0100S GULTAS VE\u013bAS KASTE - Sleepwell\" \/>\n<meta property=\"og:description\" content=\"Laba un \u0113rta vieta, kur novietot ap\u0123\u0113rbu vai citas mantas.Sortiment\u0101 ir 14 da\u017e\u0101di audumi no RED un BLACK s\u0113rijas.\" \/>\n<meta property=\"og:url\" content=\"https:\/\/sleepwellbed.com\/lv\/product\/red-black-solhall-kontinentalas-gultas-velas-kaste\/\" \/>\n<meta property=\"og:site_name\" content=\"Sleepwell\" \/>\n<meta property=\"article:modified_time\" content=\"2026-04-10T05:16:59+00:00\" \/>\n<meta property=\"og:image\" content=\"https:\/\/sleepwellbed.com\/wp-content\/uploads\/2025\/11\/Solhal.png\" \/>\n\t<meta property=\"og:image:width\" content=\"1414\" \/>\n\t<meta property=\"og:image:height\" content=\"1000\" \/>\n\t<meta property=\"og:image:type\" content=\"image\/png\" \/>\n<meta name=\"twitter:card\" content=\"summary_large_image\" \/>\n<meta name=\"twitter:label1\" content=\"Est. reading time\" \/>\n\t<meta name=\"twitter:data1\" content=\"1 minute\" \/>\n<script type=\"application\/ld+json\" class=\"yoast-schema-graph\">{\"@context\":\"https:\/\/schema.org\",\"@graph\":[{\"@type\":\"WebPage\",\"@id\":\"https:\/\/sleepwellbed.com\/lv\/product\/red-black-solhall-kontinentalas-gultas-velas-kaste\/\",\"url\":\"https:\/\/sleepwellbed.com\/lv\/product\/red-black-solhall-kontinentalas-gultas-velas-kaste\/\",\"name\":\"RED\/BLACK SOLHALL KONTINENT\u0100L\u0100S GULTAS VE\u013bAS KASTE - Sleepwell\",\"isPartOf\":{\"@id\":\"https:\/\/sleepwellbed.com\/#website\"},\"primaryImageOfPage\":{\"@id\":\"https:\/\/sleepwellbed.com\/lv\/product\/red-black-solhall-kontinentalas-gultas-velas-kaste\/#primaryimage\"},\"image\":{\"@id\":\"https:\/\/sleepwellbed.com\/lv\/product\/red-black-solhall-kontinentalas-gultas-velas-kaste\/#primaryimage\"},\"thumbnailUrl\":\"https:\/\/sleepwellbed.com\/wp-content\/uploads\/2025\/11\/Solhal.png\",\"datePublished\":\"2023-01-23T22:50:05+00:00\",\"dateModified\":\"2026-04-10T05:16:59+00:00\",\"breadcrumb\":{\"@id\":\"https:\/\/sleepwellbed.com\/lv\/product\/red-black-solhall-kontinentalas-gultas-velas-kaste\/#breadcrumb\"},\"inLanguage\":\"lv-LV\",\"potentialAction\":[{\"@type\":\"ReadAction\",\"target\":[\"https:\/\/sleepwellbed.com\/lv\/product\/red-black-solhall-kontinentalas-gultas-velas-kaste\/\"]}]},{\"@type\":\"ImageObject\",\"inLanguage\":\"lv-LV\",\"@id\":\"https:\/\/sleepwellbed.com\/lv\/product\/red-black-solhall-kontinentalas-gultas-velas-kaste\/#primaryimage\",\"url\":\"https:\/\/sleepwellbed.com\/wp-content\/uploads\/2025\/11\/Solhal.png\",\"contentUrl\":\"https:\/\/sleepwellbed.com\/wp-content\/uploads\/2025\/11\/Solhal.png\",\"width\":1414,\"height\":1000},{\"@type\":\"BreadcrumbList\",\"@id\":\"https:\/\/sleepwellbed.com\/lv\/product\/red-black-solhall-kontinentalas-gultas-velas-kaste\/#breadcrumb\",\"itemListElement\":[{\"@type\":\"ListItem\",\"position\":1,\"name\":\"Home\",\"item\":\"https:\/\/sleepwellbed.com\/lv\/\"},{\"@type\":\"ListItem\",\"position\":2,\"name\":\"Preces\",\"item\":\"https:\/\/sleepwellbed.com\/lv\/preces\/\"},{\"@type\":\"ListItem\",\"position\":3,\"name\":\"RED\/BLACK SOLHALL KONTINENT\u0100L\u0100S GULTAS VE\u013bAS KASTE\"}]},{\"@type\":\"WebSite\",\"@id\":\"https:\/\/sleepwellbed.com\/#website\",\"url\":\"https:\/\/sleepwellbed.com\/\",\"name\":\"Sleepwell\",\"description\":\"\",\"potentialAction\":[{\"@type\":\"SearchAction\",\"target\":{\"@type\":\"EntryPoint\",\"urlTemplate\":\"https:\/\/sleepwellbed.com\/?s={search_term_string}\"},\"query-input\":{\"@type\":\"PropertyValueSpecification\",\"valueRequired\":true,\"valueName\":\"search_term_string\"}}],\"inLanguage\":\"lv-LV\"}]}<\/script>\n<!-- \/ Yoast SEO plugin. -->","yoast_head_json":{"title":"RED\/BLACK SOLHALL KONTINENT\u0100L\u0100S GULTAS VE\u013bAS KASTE - Sleepwell","robots":{"index":"index","follow":"follow","max-snippet":"max-snippet:-1","max-image-preview":"max-image-preview:large","max-video-preview":"max-video-preview:-1"},"canonical":"https:\/\/sleepwellbed.com\/lv\/product\/red-black-solhall-kontinentalas-gultas-velas-kaste\/","og_locale":"lv_LV","og_type":"article","og_title":"RED\/BLACK SOLHALL KONTINENT\u0100L\u0100S GULTAS VE\u013bAS KASTE - Sleepwell","og_description":"Laba un \u0113rta vieta, kur novietot ap\u0123\u0113rbu vai citas mantas.Sortiment\u0101 ir 14 da\u017e\u0101di audumi no RED un BLACK s\u0113rijas.","og_url":"https:\/\/sleepwellbed.com\/lv\/product\/red-black-solhall-kontinentalas-gultas-velas-kaste\/","og_site_name":"Sleepwell","article_modified_time":"2026-04-10T05:16:59+00:00","og_image":[{"width":1414,"height":1000,"url":"https:\/\/sleepwellbed.com\/wp-content\/uploads\/2025\/11\/Solhal.png","type":"image\/png"}],"twitter_card":"summary_large_image","twitter_misc":{"Est. reading time":"1 minute"},"schema":{"@context":"https:\/\/schema.org","@graph":[{"@type":"WebPage","@id":"https:\/\/sleepwellbed.com\/lv\/product\/red-black-solhall-kontinentalas-gultas-velas-kaste\/","url":"https:\/\/sleepwellbed.com\/lv\/product\/red-black-solhall-kontinentalas-gultas-velas-kaste\/","name":"RED\/BLACK SOLHALL KONTINENT\u0100L\u0100S GULTAS VE\u013bAS KASTE - Sleepwell","isPartOf":{"@id":"https:\/\/sleepwellbed.com\/#website"},"primaryImageOfPage":{"@id":"https:\/\/sleepwellbed.com\/lv\/product\/red-black-solhall-kontinentalas-gultas-velas-kaste\/#primaryimage"},"image":{"@id":"https:\/\/sleepwellbed.com\/lv\/product\/red-black-solhall-kontinentalas-gultas-velas-kaste\/#primaryimage"},"thumbnailUrl":"https:\/\/sleepwellbed.com\/wp-content\/uploads\/2025\/11\/Solhal.png","datePublished":"2023-01-23T22:50:05+00:00","dateModified":"2026-04-10T05:16:59+00:00","breadcrumb":{"@id":"https:\/\/sleepwellbed.com\/lv\/product\/red-black-solhall-kontinentalas-gultas-velas-kaste\/#breadcrumb"},"inLanguage":"lv-LV","potentialAction":[{"@type":"ReadAction","target":["https:\/\/sleepwellbed.com\/lv\/product\/red-black-solhall-kontinentalas-gultas-velas-kaste\/"]}]},{"@type":"ImageObject","inLanguage":"lv-LV","@id":"https:\/\/sleepwellbed.com\/lv\/product\/red-black-solhall-kontinentalas-gultas-velas-kaste\/#primaryimage","url":"https:\/\/sleepwellbed.com\/wp-content\/uploads\/2025\/11\/Solhal.png","contentUrl":"https:\/\/sleepwellbed.com\/wp-content\/uploads\/2025\/11\/Solhal.png","width":1414,"height":1000},{"@type":"BreadcrumbList","@id":"https:\/\/sleepwellbed.com\/lv\/product\/red-black-solhall-kontinentalas-gultas-velas-kaste\/#breadcrumb","itemListElement":[{"@type":"ListItem","position":1,"name":"Home","item":"https:\/\/sleepwellbed.com\/lv\/"},{"@type":"ListItem","position":2,"name":"Preces","item":"https:\/\/sleepwellbed.com\/lv\/preces\/"},{"@type":"ListItem","position":3,"name":"RED\/BLACK SOLHALL KONTINENT\u0100L\u0100S GULTAS VE\u013bAS KASTE"}]},{"@type":"WebSite","@id":"https:\/\/sleepwellbed.com\/#website","url":"https:\/\/sleepwellbed.com\/","name":"Sleepwell","description":"","potentialAction":[{"@type":"SearchAction","target":{"@type":"EntryPoint","urlTemplate":"https:\/\/sleepwellbed.com\/?s={search_term_string}"},"query-input":{"@type":"PropertyValueSpecification","valueRequired":true,"valueName":"search_term_string"}}],"inLanguage":"lv-LV"}]}},"_links":{"self":[{"href":"https:\/\/sleepwellbed.com\/lv\/wp-json\/wp\/v2\/product\/180001","targetHints":{"allow":["GET"]}}],"collection":[{"href":"https:\/\/sleepwellbed.com\/lv\/wp-json\/wp\/v2\/product"}],"about":[{"href":"https:\/\/sleepwellbed.com\/lv\/wp-json\/wp\/v2\/types\/product"}],"wp:featuredmedia":[{"embeddable":true,"href":"https:\/\/sleepwellbed.com\/lv\/wp-json\/wp\/v2\/media\/564179"}],"wp:attachment":[{"href":"https:\/\/sleepwellbed.com\/lv\/wp-json\/wp\/v2\/media?parent=180001"}],"wp:term":[{"taxonomy":"product_brand","embeddable":true,"href":"https:\/\/sleepwellbed.com\/lv\/wp-json\/wp\/v2\/product_brand?post=180001"},{"taxonomy":"product_cat","embeddable":true,"href":"https:\/\/sleepwellbed.com\/lv\/wp-json\/wp\/v2\/product_cat?post=180001"},{"taxonomy":"product_tag","embeddable":true,"href":"https:\/\/sleepwellbed.com\/lv\/wp-json\/wp\/v2\/product_tag?post=180001"}],"curies":[{"name":"wp","href":"https:\/\/api.w.org\/{rel}","templated":true}]}}