{"id":181597,"date":"2023-01-24T01:20:04","date_gmt":"2023-01-23T23:20:04","guid":{"rendered":"https:\/\/sleepwellbed.com\/product\/blue-pocket-vedrumadrats\/"},"modified":"2026-04-10T08:17:10","modified_gmt":"2026-04-10T05:17:10","slug":"blue-pocket-atsperu-matracis","status":"publish","type":"product","link":"https:\/\/sleepwellbed.com\/lv\/product\/blue-pocket-atsperu-matracis\/","title":{"rendered":"BLUE POCKET ATSPERU MATRACIS"},"content":{"rendered":"<p>Atsperu matracis ir ar vid\u0113js atsperojumu, kas no ab\u0101m pus\u0113m p\u0101rkl\u0101ts ar kvalitat\u012bvu porolonu.<br \/>Gai\u0161ais matra\u010da p\u0101rvalks ir izgatavots no m\u012bksta, \u0101dai draudz\u012bga un gaisu caurlaid\u012bga elast\u012bga auduma, kuru var viegli no\u0146emt ar r\u0101v\u0113jsl\u0113dz\u0113ju un mazg\u0101t \u016bden\u012b<strong> l\u012bdz 40 gr\u0101diem<\/strong>.<\/p>\n<p>Pieejamie izm\u0113ri 80&#215;200, 90&#215;200,120&#215;200, 140&#215;200, 160&#215;200 ja 180&#215;200.<br \/>Matracis j\u0101p\u0101rkl\u0101j ar Sleepwell virsmatraci, kas rada papildkomfortu, aizsarg\u0101 matraci, pagarina t\u0101 kalpo\u0161anas laiku un veicina vesel\u012bgu gultas higi\u0113nu.<\/p>\n<p>Produkts ir izstr\u0101d\u0101ts un ra\u017eots Igaunij\u0101.<br \/><strong>Sleepwell izstr\u0101d\u0101jumos izmantotie materi\u0101li, piem\u0113ram, audums, kokvilna, vilna un vatel\u012bns, atbilst starptautiskajam \u00d6ko-Tex 100 standartam.<\/strong><\/p>\n","protected":false},"excerpt":{"rendered":"<p>Atsperu matra\u010da pamat\u0101 ir <strong>pocket<\/strong> atsperojums.<\/p>\n<p><strong>Stingrs<\/strong> atsperu matracis.<\/p>\n<p>Matracis no ab\u0101m pus\u0113m ir oder\u0113ts ar<strong> kvalitat\u012bvu porolonu<\/strong>.<\/p>\n","protected":false},"featured_media":564186,"template":"","meta":{"_acf_changed":false},"product_brand":[],"product_cat":[683],"product_tag":[684],"class_list":{"0":"post-181597","1":"product","2":"type-product","3":"status-publish","4":"has-post-thumbnail","6":"product_cat-atsperu-matracis","7":"product_tag-blue-lv","8":"description-off","10":"first","11":"outofstock","12":"sale","13":"taxable","14":"shipping-taxable","15":"purchasable","16":"product-type-variable"},"acf":[],"yoast_head":"<!-- This site is optimized with the Yoast SEO plugin v27.0 - https:\/\/yoast.com\/product\/yoast-seo-wordpress\/ -->\n<title>BLUE POCKET ATSPERU MATRACIS - Sleepwell<\/title>\n<meta name=\"robots\" content=\"index, follow, max-snippet:-1, max-image-preview:large, max-video-preview:-1\" \/>\n<link rel=\"canonical\" href=\"https:\/\/sleepwellbed.com\/lv\/product\/blue-pocket-atsperu-matracis\/\" \/>\n<meta property=\"og:locale\" content=\"lv_LV\" \/>\n<meta property=\"og:type\" content=\"article\" \/>\n<meta property=\"og:title\" content=\"BLUE POCKET ATSPERU MATRACIS - Sleepwell\" \/>\n<meta property=\"og:description\" content=\"Atsperu matra\u010da pamat\u0101 ir pocket atsperojums.Stingrs atsperu matracis.Matracis no ab\u0101m pus\u0113m ir oder\u0113ts ar kvalitat\u012bvu porolonu.\" \/>\n<meta property=\"og:url\" content=\"https:\/\/sleepwellbed.com\/lv\/product\/blue-pocket-atsperu-matracis\/\" \/>\n<meta property=\"og:site_name\" content=\"Sleepwell\" \/>\n<meta property=\"article:modified_time\" content=\"2026-04-10T05:17:10+00:00\" \/>\n<meta property=\"og:image\" content=\"https:\/\/sleepwellbed.com\/wp-content\/uploads\/2025\/11\/BLUE-POCKET-160-labiloige.png\" \/>\n\t<meta property=\"og:image:width\" content=\"1414\" \/>\n\t<meta property=\"og:image:height\" content=\"1000\" \/>\n\t<meta property=\"og:image:type\" content=\"image\/png\" \/>\n<meta name=\"twitter:card\" content=\"summary_large_image\" \/>\n<meta name=\"twitter:label1\" content=\"Est. reading time\" \/>\n\t<meta name=\"twitter:data1\" content=\"1 minute\" \/>\n<script type=\"application\/ld+json\" class=\"yoast-schema-graph\">{\"@context\":\"https:\/\/schema.org\",\"@graph\":[{\"@type\":\"WebPage\",\"@id\":\"https:\/\/sleepwellbed.com\/lv\/product\/blue-pocket-atsperu-matracis\/\",\"url\":\"https:\/\/sleepwellbed.com\/lv\/product\/blue-pocket-atsperu-matracis\/\",\"name\":\"BLUE POCKET ATSPERU MATRACIS - Sleepwell\",\"isPartOf\":{\"@id\":\"https:\/\/sleepwellbed.com\/#website\"},\"primaryImageOfPage\":{\"@id\":\"https:\/\/sleepwellbed.com\/lv\/product\/blue-pocket-atsperu-matracis\/#primaryimage\"},\"image\":{\"@id\":\"https:\/\/sleepwellbed.com\/lv\/product\/blue-pocket-atsperu-matracis\/#primaryimage\"},\"thumbnailUrl\":\"https:\/\/sleepwellbed.com\/wp-content\/uploads\/2025\/11\/BLUE-POCKET-160-labiloige.png\",\"datePublished\":\"2023-01-23T23:20:04+00:00\",\"dateModified\":\"2026-04-10T05:17:10+00:00\",\"breadcrumb\":{\"@id\":\"https:\/\/sleepwellbed.com\/lv\/product\/blue-pocket-atsperu-matracis\/#breadcrumb\"},\"inLanguage\":\"lv-LV\",\"potentialAction\":[{\"@type\":\"ReadAction\",\"target\":[\"https:\/\/sleepwellbed.com\/lv\/product\/blue-pocket-atsperu-matracis\/\"]}]},{\"@type\":\"ImageObject\",\"inLanguage\":\"lv-LV\",\"@id\":\"https:\/\/sleepwellbed.com\/lv\/product\/blue-pocket-atsperu-matracis\/#primaryimage\",\"url\":\"https:\/\/sleepwellbed.com\/wp-content\/uploads\/2025\/11\/BLUE-POCKET-160-labiloige.png\",\"contentUrl\":\"https:\/\/sleepwellbed.com\/wp-content\/uploads\/2025\/11\/BLUE-POCKET-160-labiloige.png\",\"width\":1414,\"height\":1000},{\"@type\":\"BreadcrumbList\",\"@id\":\"https:\/\/sleepwellbed.com\/lv\/product\/blue-pocket-atsperu-matracis\/#breadcrumb\",\"itemListElement\":[{\"@type\":\"ListItem\",\"position\":1,\"name\":\"Home\",\"item\":\"https:\/\/sleepwellbed.com\/lv\/\"},{\"@type\":\"ListItem\",\"position\":2,\"name\":\"Preces\",\"item\":\"https:\/\/sleepwellbed.com\/lv\/preces\/\"},{\"@type\":\"ListItem\",\"position\":3,\"name\":\"BLUE POCKET ATSPERU MATRACIS\"}]},{\"@type\":\"WebSite\",\"@id\":\"https:\/\/sleepwellbed.com\/#website\",\"url\":\"https:\/\/sleepwellbed.com\/\",\"name\":\"Sleepwell\",\"description\":\"\",\"potentialAction\":[{\"@type\":\"SearchAction\",\"target\":{\"@type\":\"EntryPoint\",\"urlTemplate\":\"https:\/\/sleepwellbed.com\/?s={search_term_string}\"},\"query-input\":{\"@type\":\"PropertyValueSpecification\",\"valueRequired\":true,\"valueName\":\"search_term_string\"}}],\"inLanguage\":\"lv-LV\"}]}<\/script>\n<!-- \/ Yoast SEO plugin. -->","yoast_head_json":{"title":"BLUE POCKET ATSPERU MATRACIS - Sleepwell","robots":{"index":"index","follow":"follow","max-snippet":"max-snippet:-1","max-image-preview":"max-image-preview:large","max-video-preview":"max-video-preview:-1"},"canonical":"https:\/\/sleepwellbed.com\/lv\/product\/blue-pocket-atsperu-matracis\/","og_locale":"lv_LV","og_type":"article","og_title":"BLUE POCKET ATSPERU MATRACIS - Sleepwell","og_description":"Atsperu matra\u010da pamat\u0101 ir pocket atsperojums.Stingrs atsperu matracis.Matracis no ab\u0101m pus\u0113m ir oder\u0113ts ar kvalitat\u012bvu porolonu.","og_url":"https:\/\/sleepwellbed.com\/lv\/product\/blue-pocket-atsperu-matracis\/","og_site_name":"Sleepwell","article_modified_time":"2026-04-10T05:17:10+00:00","og_image":[{"width":1414,"height":1000,"url":"https:\/\/sleepwellbed.com\/wp-content\/uploads\/2025\/11\/BLUE-POCKET-160-labiloige.png","type":"image\/png"}],"twitter_card":"summary_large_image","twitter_misc":{"Est. reading time":"1 minute"},"schema":{"@context":"https:\/\/schema.org","@graph":[{"@type":"WebPage","@id":"https:\/\/sleepwellbed.com\/lv\/product\/blue-pocket-atsperu-matracis\/","url":"https:\/\/sleepwellbed.com\/lv\/product\/blue-pocket-atsperu-matracis\/","name":"BLUE POCKET ATSPERU MATRACIS - Sleepwell","isPartOf":{"@id":"https:\/\/sleepwellbed.com\/#website"},"primaryImageOfPage":{"@id":"https:\/\/sleepwellbed.com\/lv\/product\/blue-pocket-atsperu-matracis\/#primaryimage"},"image":{"@id":"https:\/\/sleepwellbed.com\/lv\/product\/blue-pocket-atsperu-matracis\/#primaryimage"},"thumbnailUrl":"https:\/\/sleepwellbed.com\/wp-content\/uploads\/2025\/11\/BLUE-POCKET-160-labiloige.png","datePublished":"2023-01-23T23:20:04+00:00","dateModified":"2026-04-10T05:17:10+00:00","breadcrumb":{"@id":"https:\/\/sleepwellbed.com\/lv\/product\/blue-pocket-atsperu-matracis\/#breadcrumb"},"inLanguage":"lv-LV","potentialAction":[{"@type":"ReadAction","target":["https:\/\/sleepwellbed.com\/lv\/product\/blue-pocket-atsperu-matracis\/"]}]},{"@type":"ImageObject","inLanguage":"lv-LV","@id":"https:\/\/sleepwellbed.com\/lv\/product\/blue-pocket-atsperu-matracis\/#primaryimage","url":"https:\/\/sleepwellbed.com\/wp-content\/uploads\/2025\/11\/BLUE-POCKET-160-labiloige.png","contentUrl":"https:\/\/sleepwellbed.com\/wp-content\/uploads\/2025\/11\/BLUE-POCKET-160-labiloige.png","width":1414,"height":1000},{"@type":"BreadcrumbList","@id":"https:\/\/sleepwellbed.com\/lv\/product\/blue-pocket-atsperu-matracis\/#breadcrumb","itemListElement":[{"@type":"ListItem","position":1,"name":"Home","item":"https:\/\/sleepwellbed.com\/lv\/"},{"@type":"ListItem","position":2,"name":"Preces","item":"https:\/\/sleepwellbed.com\/lv\/preces\/"},{"@type":"ListItem","position":3,"name":"BLUE POCKET ATSPERU MATRACIS"}]},{"@type":"WebSite","@id":"https:\/\/sleepwellbed.com\/#website","url":"https:\/\/sleepwellbed.com\/","name":"Sleepwell","description":"","potentialAction":[{"@type":"SearchAction","target":{"@type":"EntryPoint","urlTemplate":"https:\/\/sleepwellbed.com\/?s={search_term_string}"},"query-input":{"@type":"PropertyValueSpecification","valueRequired":true,"valueName":"search_term_string"}}],"inLanguage":"lv-LV"}]}},"_links":{"self":[{"href":"https:\/\/sleepwellbed.com\/lv\/wp-json\/wp\/v2\/product\/181597","targetHints":{"allow":["GET"]}}],"collection":[{"href":"https:\/\/sleepwellbed.com\/lv\/wp-json\/wp\/v2\/product"}],"about":[{"href":"https:\/\/sleepwellbed.com\/lv\/wp-json\/wp\/v2\/types\/product"}],"wp:featuredmedia":[{"embeddable":true,"href":"https:\/\/sleepwellbed.com\/lv\/wp-json\/wp\/v2\/media\/564186"}],"wp:attachment":[{"href":"https:\/\/sleepwellbed.com\/lv\/wp-json\/wp\/v2\/media?parent=181597"}],"wp:term":[{"taxonomy":"product_brand","embeddable":true,"href":"https:\/\/sleepwellbed.com\/lv\/wp-json\/wp\/v2\/product_brand?post=181597"},{"taxonomy":"product_cat","embeddable":true,"href":"https:\/\/sleepwellbed.com\/lv\/wp-json\/wp\/v2\/product_cat?post=181597"},{"taxonomy":"product_tag","embeddable":true,"href":"https:\/\/sleepwellbed.com\/lv\/wp-json\/wp\/v2\/product_tag?post=181597"}],"curies":[{"name":"wp","href":"https:\/\/api.w.org\/{rel}","templated":true}]}}