{"id":181733,"date":"2023-01-24T02:10:05","date_gmt":"2023-01-24T00:10:05","guid":{"rendered":"https:\/\/sleepwellbed.com\/product\/blue-children-plus-vedrumadrats\/"},"modified":"2026-04-13T04:51:04","modified_gmt":"2026-04-13T01:51:04","slug":"blue-children-plus-atsperu-matracis","status":"publish","type":"product","link":"https:\/\/sleepwellbed.com\/lv\/product\/blue-children-plus-atsperu-matracis\/","title":{"rendered":"BLUE CHILDREN PLUS ATSPERU MATRACIS"},"content":{"rendered":"<p>Atsperu matracis ar jautru aiti\u0146u rakstu un iztur\u012bgu \u201cpocket\u201d atsperojumu b\u0113rniem. <br \/>Abas matra\u010da puses ir p\u0101rkl\u0101tas ar augstas kvalit\u0101tes porolonu. <\/p>\n<p><strong>Gai\u0161ais matra\u010da p\u0101rvalks ir izgatavots no m\u012bksta, \u0101dai draudz\u012bga un gaisu caurlaid\u012bga elast\u012bga auduma, kuru var viegli no\u0146emt ar r\u0101v\u0113jsl\u0113dz\u0113ju un mazg\u0101t \u016bden\u012b l\u012bdz 40 gr\u0101diem.<\/strong><br \/>Audums ar \u012bpa\u0161u Sensity\u2122 apstr\u0101di, kas nov\u0113r\u0161 putek\u013cu \u0113rc\u012b\u0161u, pel\u0113juma un kait\u012bgo bakt\u0113riju veido\u0161anos un neitraliz\u0113 nepat\u012bkam\u0101s smakas. Svaigs un vesel\u012bgs miers j\u016bsu b\u0113rnam tiks garant\u0113ts.<br \/>Pieejamie izm\u0113ri 70&#215;155, 80&#215;200, 80&#215;160, 80&#215;120 un 90&#215;200. Iesp\u0113jams pas\u016bt\u012bt produktus ar\u012b \u012bpa\u0161os izm\u0113ros.<\/p>\n<p>Produkts ir izstr\u0101d\u0101ts un ra\u017eots Igaunij\u0101.<br \/><strong>Sleepwell izstr\u0101d\u0101jumos izmantotie materi\u0101li, piem\u0113ram, audums, kokvilna, vilna un vatel\u012bns, atbilst starptautiskajam \u00d6ko-Tex 100 standartam.<\/strong><\/p>\n","protected":false},"excerpt":{"rendered":"<p><b>Atsperu matracis b\u0113rniem<\/b> ar jautru aiti\u0146u rakstu.<\/p>\n<p>Iztur\u012bgs<b> \u201cpocket\u201d<\/b> atsperojums.<\/p>\n<p>Sensity\u2122 apstr\u0101de<b> samazina alerg\u0113nu<\/b> daudzumu un uztur b\u0113rna matraci svaigu.<\/p>\n<p>Matra\u010da p\u0101rvalks ir no\u0146emams un <b>mazg\u0101jams.<\/b><\/p>\n","protected":false},"featured_media":564194,"template":"","meta":{"_acf_changed":false},"product_brand":[],"product_cat":[683],"product_tag":[684],"class_list":{"0":"post-181733","1":"product","2":"type-product","3":"status-publish","4":"has-post-thumbnail","6":"product_cat-atsperu-matracis","7":"product_tag-blue-lv","8":"description-off","10":"first","11":"outofstock","12":"sale","13":"taxable","14":"shipping-taxable","15":"purchasable","16":"product-type-variable"},"acf":[],"yoast_head":"<!-- This site is optimized with the Yoast SEO plugin v27.0 - https:\/\/yoast.com\/product\/yoast-seo-wordpress\/ -->\n<title>BLUE CHILDREN PLUS ATSPERU MATRACIS - Sleepwell<\/title>\n<meta name=\"robots\" content=\"index, follow, max-snippet:-1, max-image-preview:large, max-video-preview:-1\" \/>\n<link rel=\"canonical\" href=\"https:\/\/sleepwellbed.com\/lv\/product\/blue-children-plus-atsperu-matracis\/\" \/>\n<meta property=\"og:locale\" content=\"lv_LV\" \/>\n<meta property=\"og:type\" content=\"article\" \/>\n<meta property=\"og:title\" content=\"BLUE CHILDREN PLUS ATSPERU MATRACIS - Sleepwell\" \/>\n<meta property=\"og:description\" content=\"Atsperu matracis b\u0113rniem ar jautru aiti\u0146u rakstu.Iztur\u012bgs \u201cpocket\u201d atsperojums.Sensity\u2122 apstr\u0101de samazina alerg\u0113nu daudzumu un uztur b\u0113rna matraci svaigu.Matra\u010da p\u0101rvalks ir no\u0146emams un mazg\u0101jams.\" \/>\n<meta property=\"og:url\" content=\"https:\/\/sleepwellbed.com\/lv\/product\/blue-children-plus-atsperu-matracis\/\" \/>\n<meta property=\"og:site_name\" content=\"Sleepwell\" \/>\n<meta property=\"article:modified_time\" content=\"2026-04-13T01:51:04+00:00\" \/>\n<meta property=\"og:image\" content=\"https:\/\/sleepwellbed.com\/wp-content\/uploads\/2025\/11\/BLUE-CHILDREN-POCKET-90-labiloige-vedrumadrats.png\" \/>\n\t<meta property=\"og:image:width\" content=\"1414\" \/>\n\t<meta property=\"og:image:height\" content=\"1000\" \/>\n\t<meta property=\"og:image:type\" content=\"image\/png\" \/>\n<meta name=\"twitter:card\" content=\"summary_large_image\" \/>\n<meta name=\"twitter:label1\" content=\"Est. reading time\" \/>\n\t<meta name=\"twitter:data1\" content=\"1 minute\" \/>\n<script type=\"application\/ld+json\" class=\"yoast-schema-graph\">{\"@context\":\"https:\/\/schema.org\",\"@graph\":[{\"@type\":\"WebPage\",\"@id\":\"https:\/\/sleepwellbed.com\/lv\/product\/blue-children-plus-atsperu-matracis\/\",\"url\":\"https:\/\/sleepwellbed.com\/lv\/product\/blue-children-plus-atsperu-matracis\/\",\"name\":\"BLUE CHILDREN PLUS ATSPERU MATRACIS - Sleepwell\",\"isPartOf\":{\"@id\":\"https:\/\/sleepwellbed.com\/#website\"},\"primaryImageOfPage\":{\"@id\":\"https:\/\/sleepwellbed.com\/lv\/product\/blue-children-plus-atsperu-matracis\/#primaryimage\"},\"image\":{\"@id\":\"https:\/\/sleepwellbed.com\/lv\/product\/blue-children-plus-atsperu-matracis\/#primaryimage\"},\"thumbnailUrl\":\"https:\/\/sleepwellbed.com\/wp-content\/uploads\/2025\/11\/BLUE-CHILDREN-POCKET-90-labiloige-vedrumadrats.png\",\"datePublished\":\"2023-01-24T00:10:05+00:00\",\"dateModified\":\"2026-04-13T01:51:04+00:00\",\"breadcrumb\":{\"@id\":\"https:\/\/sleepwellbed.com\/lv\/product\/blue-children-plus-atsperu-matracis\/#breadcrumb\"},\"inLanguage\":\"lv-LV\",\"potentialAction\":[{\"@type\":\"ReadAction\",\"target\":[\"https:\/\/sleepwellbed.com\/lv\/product\/blue-children-plus-atsperu-matracis\/\"]}]},{\"@type\":\"ImageObject\",\"inLanguage\":\"lv-LV\",\"@id\":\"https:\/\/sleepwellbed.com\/lv\/product\/blue-children-plus-atsperu-matracis\/#primaryimage\",\"url\":\"https:\/\/sleepwellbed.com\/wp-content\/uploads\/2025\/11\/BLUE-CHILDREN-POCKET-90-labiloige-vedrumadrats.png\",\"contentUrl\":\"https:\/\/sleepwellbed.com\/wp-content\/uploads\/2025\/11\/BLUE-CHILDREN-POCKET-90-labiloige-vedrumadrats.png\",\"width\":1414,\"height\":1000},{\"@type\":\"BreadcrumbList\",\"@id\":\"https:\/\/sleepwellbed.com\/lv\/product\/blue-children-plus-atsperu-matracis\/#breadcrumb\",\"itemListElement\":[{\"@type\":\"ListItem\",\"position\":1,\"name\":\"Home\",\"item\":\"https:\/\/sleepwellbed.com\/lv\/\"},{\"@type\":\"ListItem\",\"position\":2,\"name\":\"Preces\",\"item\":\"https:\/\/sleepwellbed.com\/lv\/preces\/\"},{\"@type\":\"ListItem\",\"position\":3,\"name\":\"BLUE CHILDREN PLUS ATSPERU MATRACIS\"}]},{\"@type\":\"WebSite\",\"@id\":\"https:\/\/sleepwellbed.com\/#website\",\"url\":\"https:\/\/sleepwellbed.com\/\",\"name\":\"Sleepwell\",\"description\":\"\",\"potentialAction\":[{\"@type\":\"SearchAction\",\"target\":{\"@type\":\"EntryPoint\",\"urlTemplate\":\"https:\/\/sleepwellbed.com\/?s={search_term_string}\"},\"query-input\":{\"@type\":\"PropertyValueSpecification\",\"valueRequired\":true,\"valueName\":\"search_term_string\"}}],\"inLanguage\":\"lv-LV\"}]}<\/script>\n<!-- \/ Yoast SEO plugin. -->","yoast_head_json":{"title":"BLUE CHILDREN PLUS ATSPERU MATRACIS - Sleepwell","robots":{"index":"index","follow":"follow","max-snippet":"max-snippet:-1","max-image-preview":"max-image-preview:large","max-video-preview":"max-video-preview:-1"},"canonical":"https:\/\/sleepwellbed.com\/lv\/product\/blue-children-plus-atsperu-matracis\/","og_locale":"lv_LV","og_type":"article","og_title":"BLUE CHILDREN PLUS ATSPERU MATRACIS - Sleepwell","og_description":"Atsperu matracis b\u0113rniem ar jautru aiti\u0146u rakstu.Iztur\u012bgs \u201cpocket\u201d atsperojums.Sensity\u2122 apstr\u0101de samazina alerg\u0113nu daudzumu un uztur b\u0113rna matraci svaigu.Matra\u010da p\u0101rvalks ir no\u0146emams un mazg\u0101jams.","og_url":"https:\/\/sleepwellbed.com\/lv\/product\/blue-children-plus-atsperu-matracis\/","og_site_name":"Sleepwell","article_modified_time":"2026-04-13T01:51:04+00:00","og_image":[{"width":1414,"height":1000,"url":"https:\/\/sleepwellbed.com\/wp-content\/uploads\/2025\/11\/BLUE-CHILDREN-POCKET-90-labiloige-vedrumadrats.png","type":"image\/png"}],"twitter_card":"summary_large_image","twitter_misc":{"Est. reading time":"1 minute"},"schema":{"@context":"https:\/\/schema.org","@graph":[{"@type":"WebPage","@id":"https:\/\/sleepwellbed.com\/lv\/product\/blue-children-plus-atsperu-matracis\/","url":"https:\/\/sleepwellbed.com\/lv\/product\/blue-children-plus-atsperu-matracis\/","name":"BLUE CHILDREN PLUS ATSPERU MATRACIS - Sleepwell","isPartOf":{"@id":"https:\/\/sleepwellbed.com\/#website"},"primaryImageOfPage":{"@id":"https:\/\/sleepwellbed.com\/lv\/product\/blue-children-plus-atsperu-matracis\/#primaryimage"},"image":{"@id":"https:\/\/sleepwellbed.com\/lv\/product\/blue-children-plus-atsperu-matracis\/#primaryimage"},"thumbnailUrl":"https:\/\/sleepwellbed.com\/wp-content\/uploads\/2025\/11\/BLUE-CHILDREN-POCKET-90-labiloige-vedrumadrats.png","datePublished":"2023-01-24T00:10:05+00:00","dateModified":"2026-04-13T01:51:04+00:00","breadcrumb":{"@id":"https:\/\/sleepwellbed.com\/lv\/product\/blue-children-plus-atsperu-matracis\/#breadcrumb"},"inLanguage":"lv-LV","potentialAction":[{"@type":"ReadAction","target":["https:\/\/sleepwellbed.com\/lv\/product\/blue-children-plus-atsperu-matracis\/"]}]},{"@type":"ImageObject","inLanguage":"lv-LV","@id":"https:\/\/sleepwellbed.com\/lv\/product\/blue-children-plus-atsperu-matracis\/#primaryimage","url":"https:\/\/sleepwellbed.com\/wp-content\/uploads\/2025\/11\/BLUE-CHILDREN-POCKET-90-labiloige-vedrumadrats.png","contentUrl":"https:\/\/sleepwellbed.com\/wp-content\/uploads\/2025\/11\/BLUE-CHILDREN-POCKET-90-labiloige-vedrumadrats.png","width":1414,"height":1000},{"@type":"BreadcrumbList","@id":"https:\/\/sleepwellbed.com\/lv\/product\/blue-children-plus-atsperu-matracis\/#breadcrumb","itemListElement":[{"@type":"ListItem","position":1,"name":"Home","item":"https:\/\/sleepwellbed.com\/lv\/"},{"@type":"ListItem","position":2,"name":"Preces","item":"https:\/\/sleepwellbed.com\/lv\/preces\/"},{"@type":"ListItem","position":3,"name":"BLUE CHILDREN PLUS ATSPERU MATRACIS"}]},{"@type":"WebSite","@id":"https:\/\/sleepwellbed.com\/#website","url":"https:\/\/sleepwellbed.com\/","name":"Sleepwell","description":"","potentialAction":[{"@type":"SearchAction","target":{"@type":"EntryPoint","urlTemplate":"https:\/\/sleepwellbed.com\/?s={search_term_string}"},"query-input":{"@type":"PropertyValueSpecification","valueRequired":true,"valueName":"search_term_string"}}],"inLanguage":"lv-LV"}]}},"_links":{"self":[{"href":"https:\/\/sleepwellbed.com\/lv\/wp-json\/wp\/v2\/product\/181733","targetHints":{"allow":["GET"]}}],"collection":[{"href":"https:\/\/sleepwellbed.com\/lv\/wp-json\/wp\/v2\/product"}],"about":[{"href":"https:\/\/sleepwellbed.com\/lv\/wp-json\/wp\/v2\/types\/product"}],"wp:featuredmedia":[{"embeddable":true,"href":"https:\/\/sleepwellbed.com\/lv\/wp-json\/wp\/v2\/media\/564194"}],"wp:attachment":[{"href":"https:\/\/sleepwellbed.com\/lv\/wp-json\/wp\/v2\/media?parent=181733"}],"wp:term":[{"taxonomy":"product_brand","embeddable":true,"href":"https:\/\/sleepwellbed.com\/lv\/wp-json\/wp\/v2\/product_brand?post=181733"},{"taxonomy":"product_cat","embeddable":true,"href":"https:\/\/sleepwellbed.com\/lv\/wp-json\/wp\/v2\/product_cat?post=181733"},{"taxonomy":"product_tag","embeddable":true,"href":"https:\/\/sleepwellbed.com\/lv\/wp-json\/wp\/v2\/product_tag?post=181733"}],"curies":[{"name":"wp","href":"https:\/\/api.w.org\/{rel}","templated":true}]}}