{"id":181749,"date":"2023-01-24T02:20:05","date_gmt":"2023-01-24T00:20:05","guid":{"rendered":"https:\/\/sleepwellbed.com\/product\/red-pocket-vedrumadrats\/"},"modified":"2026-05-06T08:02:25","modified_gmt":"2026-05-06T05:02:25","slug":"red-pocket-atsperu-matracis","status":"publish","type":"product","link":"https:\/\/sleepwellbed.com\/lv\/product\/red-pocket-atsperu-matracis\/","title":{"rendered":"RED POCKET ATSPERU MATRACIS"},"content":{"rendered":"<p>Patiesi \u0113rts un kvalitat\u012bvs atsperu matracis, kuru veido ar 5 zonu iepakotu atsperu sist\u0113ma.<br \/>Ab\u0101s matra\u010da pus\u0113s ir Tiger Touch porolons, kas ir jaun\u0101kais v\u0101rds materi\u0101lu industrij\u0101 &#8211; tas \u013cauj gaisam br\u012bvi pl\u016bst un rada pat\u012bkami atsper\u012bgu, \u0137ermeni atbalsto\u0161u formu. <br \/>Papildkomfortu nodro\u0161ina vilna vien\u0101 pus\u0113 (ziemas pus\u0113), bet kokvilna otr\u0101 pus\u0113 (vasaras pus\u0113).<\/p>\n<p>Audums ar \u012bpa\u0161u Sensity\u2122 apstr\u0101di, kas nov\u0113r\u0161 putek\u013cu \u0113rc\u012b\u0161u, pel\u0113juma un kait\u012bgo bakt\u0113riju veido\u0161anos un neitraliz\u0113 nepat\u012bkam\u0101s smakas. <br \/>Iesp\u0113jams izv\u0113l\u0113ties atsperu ciet\u012bbu &#8211; cietu, vid\u0113ju vai m\u012bkstu.<br \/>Matra\u010da p\u0101rvalks ir no\u0146emams un to dr\u012bkst mazg\u0101t \u016bden\u012b, kura temperat\u016bra nep\u0101rsniedz 40 gr\u0101dus.<br \/>Pieejamie izm\u0113ri 80&#215;200, 90&#215;200, 120&#215;200, 140&#215;200, 160&#215;200 ja 180&#215;200. Iesp\u0113jams pas\u016bt\u012bt produktus ar\u012b \u012bpa\u0161os izm\u0113ros.<strong><br \/>Iesp\u0113jams pas\u016bt\u012bt atsperu matraci ar m\u0113be\u013cu auduma malu.<\/strong><br \/>Matracis j\u0101p\u0101rkl\u0101j ar Sleepwell virsmatraci, kas rada papildkomfortu, aizsarg\u0101 matraci, pagarina t\u0101 kalpo\u0161anas laiku un veicina vesel\u012bgu gultas higi\u0113nu.<\/p>\n<p>Produkts ir izstr\u0101d\u0101ts un ra\u017eots Igaunij\u0101.<br \/><strong>Porolona kvalit\u0101ti ir apstiprin\u0101jusi Igaunijas Aler\u0123ijas biedr\u012bba. Sleepwell izstr\u0101d\u0101jumos izmantotie materi\u0101li, piem\u0113ram, audums, kokvilna, vilna un vatel\u012bns, atbilst starptautiskajam \u00d6ko-Tex 100 standartam.<\/strong><\/p>\n","protected":false},"excerpt":{"rendered":"<p>Atsperu matra\u010da pamat\u0101 ir \u0113rts<b> 5 zonu<\/b> pocket atsperojums.<\/p>\n<p>Iesp\u0113jams izv\u0113l\u0113ties atsperu ciet\u012bbu \u2013 <b>ciets, vid\u0113js vai m\u012bksts<\/b>.<\/p>\n<p>Abas atsperu matra\u010da puses ir oder\u0113tas ar <b>Tiger Touch porolonu<\/b>, kas ir materi\u0101lu ra\u017eo\u0161anas p\u0113d\u0113jais v\u0101rds \u2013 labi \u013cauj cirkul\u0113t gaisam un veido atsper\u012bgu, \u0137ermeni atbalsto\u0161u formu. <\/p>\n<p>P\u0101rkl\u0101juma audumam ir Sensity\u2122 aizsardz\u012bba<b> pret putek\u013cu \u0113rc\u012bt\u0113m<\/b>.<\/p>\n","protected":false},"featured_media":564196,"template":"","meta":{"_acf_changed":false},"product_brand":[],"product_cat":[683],"product_tag":[696],"class_list":{"0":"post-181749","1":"product","2":"type-product","3":"status-publish","4":"has-post-thumbnail","6":"product_cat-atsperu-matracis","7":"product_tag-red-lv","8":"description-off","10":"first","11":"outofstock","12":"sale","13":"featured","14":"taxable","15":"shipping-taxable","16":"purchasable","17":"product-type-variable"},"acf":[],"yoast_head":"<!-- This site is optimized with the Yoast SEO plugin v27.0 - https:\/\/yoast.com\/product\/yoast-seo-wordpress\/ -->\n<title>RED POCKET ATSPERU MATRACIS - Sleepwell<\/title>\n<meta name=\"robots\" content=\"index, follow, max-snippet:-1, max-image-preview:large, max-video-preview:-1\" \/>\n<link rel=\"canonical\" href=\"https:\/\/sleepwellbed.com\/lv\/product\/red-pocket-atsperu-matracis\/\" \/>\n<meta property=\"og:locale\" content=\"lv_LV\" \/>\n<meta property=\"og:type\" content=\"article\" \/>\n<meta property=\"og:title\" content=\"RED POCKET ATSPERU MATRACIS - Sleepwell\" \/>\n<meta property=\"og:description\" content=\"Atsperu matra\u010da pamat\u0101 ir \u0113rts 5 zonu pocket atsperojums.Iesp\u0113jams izv\u0113l\u0113ties atsperu ciet\u012bbu \u2013 ciets, vid\u0113js vai m\u012bksts.Abas atsperu matra\u010da puses ir oder\u0113tas ar Tiger Touch porolonu, kas ir materi\u0101lu ra\u017eo\u0161anas p\u0113d\u0113jais v\u0101rds \u2013 labi \u013cauj cirkul\u0113t gaisam un veido atsper\u012bgu, \u0137ermeni atbalsto\u0161u formu. P\u0101rkl\u0101juma audumam ir Sensity\u2122 aizsardz\u012bba pret putek\u013cu \u0113rc\u012bt\u0113m.\" \/>\n<meta property=\"og:url\" content=\"https:\/\/sleepwellbed.com\/lv\/product\/red-pocket-atsperu-matracis\/\" \/>\n<meta property=\"og:site_name\" content=\"Sleepwell\" \/>\n<meta property=\"article:modified_time\" content=\"2026-05-06T05:02:25+00:00\" \/>\n<meta property=\"og:image\" content=\"https:\/\/sleepwellbed.com\/wp-content\/uploads\/2025\/11\/RED-POCKET-160-vedrumadrats-labiloige.png\" \/>\n\t<meta property=\"og:image:width\" content=\"1414\" \/>\n\t<meta property=\"og:image:height\" content=\"1000\" \/>\n\t<meta property=\"og:image:type\" content=\"image\/png\" \/>\n<meta name=\"twitter:card\" content=\"summary_large_image\" \/>\n<meta name=\"twitter:label1\" content=\"Est. reading time\" \/>\n\t<meta name=\"twitter:data1\" content=\"1 minute\" \/>\n<script type=\"application\/ld+json\" class=\"yoast-schema-graph\">{\"@context\":\"https:\/\/schema.org\",\"@graph\":[{\"@type\":\"WebPage\",\"@id\":\"https:\/\/sleepwellbed.com\/lv\/product\/red-pocket-atsperu-matracis\/\",\"url\":\"https:\/\/sleepwellbed.com\/lv\/product\/red-pocket-atsperu-matracis\/\",\"name\":\"RED POCKET ATSPERU MATRACIS - Sleepwell\",\"isPartOf\":{\"@id\":\"https:\/\/sleepwellbed.com\/#website\"},\"primaryImageOfPage\":{\"@id\":\"https:\/\/sleepwellbed.com\/lv\/product\/red-pocket-atsperu-matracis\/#primaryimage\"},\"image\":{\"@id\":\"https:\/\/sleepwellbed.com\/lv\/product\/red-pocket-atsperu-matracis\/#primaryimage\"},\"thumbnailUrl\":\"https:\/\/sleepwellbed.com\/wp-content\/uploads\/2025\/11\/RED-POCKET-160-vedrumadrats-labiloige.png\",\"datePublished\":\"2023-01-24T00:20:05+00:00\",\"dateModified\":\"2026-05-06T05:02:25+00:00\",\"breadcrumb\":{\"@id\":\"https:\/\/sleepwellbed.com\/lv\/product\/red-pocket-atsperu-matracis\/#breadcrumb\"},\"inLanguage\":\"lv-LV\",\"potentialAction\":[{\"@type\":\"ReadAction\",\"target\":[\"https:\/\/sleepwellbed.com\/lv\/product\/red-pocket-atsperu-matracis\/\"]}]},{\"@type\":\"ImageObject\",\"inLanguage\":\"lv-LV\",\"@id\":\"https:\/\/sleepwellbed.com\/lv\/product\/red-pocket-atsperu-matracis\/#primaryimage\",\"url\":\"https:\/\/sleepwellbed.com\/wp-content\/uploads\/2025\/11\/RED-POCKET-160-vedrumadrats-labiloige.png\",\"contentUrl\":\"https:\/\/sleepwellbed.com\/wp-content\/uploads\/2025\/11\/RED-POCKET-160-vedrumadrats-labiloige.png\",\"width\":1414,\"height\":1000},{\"@type\":\"BreadcrumbList\",\"@id\":\"https:\/\/sleepwellbed.com\/lv\/product\/red-pocket-atsperu-matracis\/#breadcrumb\",\"itemListElement\":[{\"@type\":\"ListItem\",\"position\":1,\"name\":\"Home\",\"item\":\"https:\/\/sleepwellbed.com\/lv\/\"},{\"@type\":\"ListItem\",\"position\":2,\"name\":\"Preces\",\"item\":\"https:\/\/sleepwellbed.com\/lv\/preces\/\"},{\"@type\":\"ListItem\",\"position\":3,\"name\":\"RED POCKET ATSPERU MATRACIS\"}]},{\"@type\":\"WebSite\",\"@id\":\"https:\/\/sleepwellbed.com\/#website\",\"url\":\"https:\/\/sleepwellbed.com\/\",\"name\":\"Sleepwell\",\"description\":\"\",\"potentialAction\":[{\"@type\":\"SearchAction\",\"target\":{\"@type\":\"EntryPoint\",\"urlTemplate\":\"https:\/\/sleepwellbed.com\/?s={search_term_string}\"},\"query-input\":{\"@type\":\"PropertyValueSpecification\",\"valueRequired\":true,\"valueName\":\"search_term_string\"}}],\"inLanguage\":\"lv-LV\"}]}<\/script>\n<!-- \/ Yoast SEO plugin. -->","yoast_head_json":{"title":"RED POCKET ATSPERU MATRACIS - Sleepwell","robots":{"index":"index","follow":"follow","max-snippet":"max-snippet:-1","max-image-preview":"max-image-preview:large","max-video-preview":"max-video-preview:-1"},"canonical":"https:\/\/sleepwellbed.com\/lv\/product\/red-pocket-atsperu-matracis\/","og_locale":"lv_LV","og_type":"article","og_title":"RED POCKET ATSPERU MATRACIS - Sleepwell","og_description":"Atsperu matra\u010da pamat\u0101 ir \u0113rts 5 zonu pocket atsperojums.Iesp\u0113jams izv\u0113l\u0113ties atsperu ciet\u012bbu \u2013 ciets, vid\u0113js vai m\u012bksts.Abas atsperu matra\u010da puses ir oder\u0113tas ar Tiger Touch porolonu, kas ir materi\u0101lu ra\u017eo\u0161anas p\u0113d\u0113jais v\u0101rds \u2013 labi \u013cauj cirkul\u0113t gaisam un veido atsper\u012bgu, \u0137ermeni atbalsto\u0161u formu. P\u0101rkl\u0101juma audumam ir Sensity\u2122 aizsardz\u012bba pret putek\u013cu \u0113rc\u012bt\u0113m.","og_url":"https:\/\/sleepwellbed.com\/lv\/product\/red-pocket-atsperu-matracis\/","og_site_name":"Sleepwell","article_modified_time":"2026-05-06T05:02:25+00:00","og_image":[{"width":1414,"height":1000,"url":"https:\/\/sleepwellbed.com\/wp-content\/uploads\/2025\/11\/RED-POCKET-160-vedrumadrats-labiloige.png","type":"image\/png"}],"twitter_card":"summary_large_image","twitter_misc":{"Est. reading time":"1 minute"},"schema":{"@context":"https:\/\/schema.org","@graph":[{"@type":"WebPage","@id":"https:\/\/sleepwellbed.com\/lv\/product\/red-pocket-atsperu-matracis\/","url":"https:\/\/sleepwellbed.com\/lv\/product\/red-pocket-atsperu-matracis\/","name":"RED POCKET ATSPERU MATRACIS - Sleepwell","isPartOf":{"@id":"https:\/\/sleepwellbed.com\/#website"},"primaryImageOfPage":{"@id":"https:\/\/sleepwellbed.com\/lv\/product\/red-pocket-atsperu-matracis\/#primaryimage"},"image":{"@id":"https:\/\/sleepwellbed.com\/lv\/product\/red-pocket-atsperu-matracis\/#primaryimage"},"thumbnailUrl":"https:\/\/sleepwellbed.com\/wp-content\/uploads\/2025\/11\/RED-POCKET-160-vedrumadrats-labiloige.png","datePublished":"2023-01-24T00:20:05+00:00","dateModified":"2026-05-06T05:02:25+00:00","breadcrumb":{"@id":"https:\/\/sleepwellbed.com\/lv\/product\/red-pocket-atsperu-matracis\/#breadcrumb"},"inLanguage":"lv-LV","potentialAction":[{"@type":"ReadAction","target":["https:\/\/sleepwellbed.com\/lv\/product\/red-pocket-atsperu-matracis\/"]}]},{"@type":"ImageObject","inLanguage":"lv-LV","@id":"https:\/\/sleepwellbed.com\/lv\/product\/red-pocket-atsperu-matracis\/#primaryimage","url":"https:\/\/sleepwellbed.com\/wp-content\/uploads\/2025\/11\/RED-POCKET-160-vedrumadrats-labiloige.png","contentUrl":"https:\/\/sleepwellbed.com\/wp-content\/uploads\/2025\/11\/RED-POCKET-160-vedrumadrats-labiloige.png","width":1414,"height":1000},{"@type":"BreadcrumbList","@id":"https:\/\/sleepwellbed.com\/lv\/product\/red-pocket-atsperu-matracis\/#breadcrumb","itemListElement":[{"@type":"ListItem","position":1,"name":"Home","item":"https:\/\/sleepwellbed.com\/lv\/"},{"@type":"ListItem","position":2,"name":"Preces","item":"https:\/\/sleepwellbed.com\/lv\/preces\/"},{"@type":"ListItem","position":3,"name":"RED POCKET ATSPERU MATRACIS"}]},{"@type":"WebSite","@id":"https:\/\/sleepwellbed.com\/#website","url":"https:\/\/sleepwellbed.com\/","name":"Sleepwell","description":"","potentialAction":[{"@type":"SearchAction","target":{"@type":"EntryPoint","urlTemplate":"https:\/\/sleepwellbed.com\/?s={search_term_string}"},"query-input":{"@type":"PropertyValueSpecification","valueRequired":true,"valueName":"search_term_string"}}],"inLanguage":"lv-LV"}]}},"_links":{"self":[{"href":"https:\/\/sleepwellbed.com\/lv\/wp-json\/wp\/v2\/product\/181749","targetHints":{"allow":["GET"]}}],"collection":[{"href":"https:\/\/sleepwellbed.com\/lv\/wp-json\/wp\/v2\/product"}],"about":[{"href":"https:\/\/sleepwellbed.com\/lv\/wp-json\/wp\/v2\/types\/product"}],"wp:featuredmedia":[{"embeddable":true,"href":"https:\/\/sleepwellbed.com\/lv\/wp-json\/wp\/v2\/media\/564196"}],"wp:attachment":[{"href":"https:\/\/sleepwellbed.com\/lv\/wp-json\/wp\/v2\/media?parent=181749"}],"wp:term":[{"taxonomy":"product_brand","embeddable":true,"href":"https:\/\/sleepwellbed.com\/lv\/wp-json\/wp\/v2\/product_brand?post=181749"},{"taxonomy":"product_cat","embeddable":true,"href":"https:\/\/sleepwellbed.com\/lv\/wp-json\/wp\/v2\/product_cat?post=181749"},{"taxonomy":"product_tag","embeddable":true,"href":"https:\/\/sleepwellbed.com\/lv\/wp-json\/wp\/v2\/product_tag?post=181749"}],"curies":[{"name":"wp","href":"https:\/\/api.w.org\/{rel}","templated":true}]}}