{"id":184993,"date":"2023-01-24T02:40:04","date_gmt":"2023-01-24T00:40:04","guid":{"rendered":"https:\/\/sleepwellbed.com\/product\/red-pocket-plus-vedrumadrats\/"},"modified":"2026-05-12T06:38:28","modified_gmt":"2026-05-12T03:38:28","slug":"red-pocket-natural-atsperu-matracis","status":"publish","type":"product","link":"https:\/\/sleepwellbed.com\/lv\/product\/red-pocket-natural-atsperu-matracis\/","title":{"rendered":"RED POCKET NATURAL ATSPERU MATRACIS"},"content":{"rendered":"<div>Patiesi \u0113rts un augstas kvalit\u0101tes atsperu matracis ar 5 zonu iepakotu atsperu sist\u0113mu.<br \/>Viena atsperu matra\u010da puse ir oder\u0113ta&nbsp; ar dab\u012bg\u0101 gumijkoka lateksu, kas nodro\u0161ina labu gaisa cirkul\u0101ciju un veido pat\u012bkami elast\u012bgu, \u0137ermeni balsto\u0161u formu. Otr\u0101 pus\u0113 ir Memory foam putas, kur\u0101s izmantota dab\u012bg\u0101 r\u012bcine\u013c\u013ca, kam piem\u012bt prets\u0113n\u012b\u0161u un antibakteri\u0101las \u012bpa\u0161\u012bbas.<\/p>\n<p>Papildkomfortu nodro\u0161ina ab\u0101s matra\u010da pus\u0113s eso\u0161\u0101 kokvilna.&nbsp;<br \/>Lai nodro\u0161in\u0101tu lab\u0101ku gaisa cirkul\u0101ciju, matra\u010da s\u0101nos atrodas 3D auduma sloksne.<br \/>Audums ar \u012bpa\u0161u Sensity\u2122 apstr\u0101di, kas nov\u0113r\u0161 putek\u013cu \u0113rc\u012b\u0161u, pel\u0113juma un kait\u012bgo bakt\u0113riju veido\u0161anos un neitraliz\u0113 nepat\u012bkam\u0101s smakas.<br \/>Iesp\u0113jams izv\u0113l\u0113ties atsperu ciet\u012bbu: cietas vai vid\u0113jas ciet\u012bbas.<\/p>\n<p>Matra\u010da p\u0101rvalks ir no\u0146emams un mazg\u0101jams \u016bden\u012b l\u012bdz 40 gr\u0101diem.<br \/>Pieejamie izm\u0113ri 80&#215;200, 90&#215;200, 120&#215;200, 140&#215;200, 160&#215;200 un 180&#215;200.&nbsp;<br \/>Iesak\u0101m matraci p\u0101rkl\u0101t ar Sleepwell virsmatraci, kas rada papildkomfortu, aizsarg\u0101 matraci, pagarina t\u0101 kalpo\u0161anas laiku un veicina vesel\u012bgu gultas higi\u0113nu.<br \/>Produkts ir izstr\u0101d\u0101ts un ra\u017eots Igaunij\u0101.<br \/>Porolona kvalit\u0101ti ir apstiprin\u0101jusi Igaunijas Aler\u0123ijas biedr\u012bba. Sleepwell izstr\u0101d\u0101jumos izmantotie materi\u0101li, piem\u0113ram, audums, kokvilna, vilna un vatel\u012bns, atbilst starptautiskajam \u00d6ko-Tex 100 standartam.<\/div>\n","protected":false},"excerpt":{"rendered":"<div>Atsperu matra\u010da pamat\u0101 ir \u0113rts 5 zonu pocket atsperojums.<\/p>\n<p>Iesp\u0113jams izv\u0113l\u0113ties atsperu ciet\u012bbu: cietas vai vid\u0113jas.<\/p>\n<p>Vien\u0101 pus\u0113 ir 3 cm dab\u012bga lateksa, otr\u0101 pus\u0113 Memory foam putas, kur\u0101m piem\u012bt antibakteri\u0101las \u012bpa\u0161\u012bbas.&nbsp;<\/p>\n<p>P\u0101rkl\u0101juma audumam ir Sensity\u2122 aizsardz\u012bba pret putek\u013cu \u0113rc\u012bt\u0113m.<\/p>\n<p><\/div>\n","protected":false},"featured_media":564205,"template":"","meta":{"_acf_changed":false},"product_brand":[],"product_cat":[683],"product_tag":[696],"class_list":{"0":"post-184993","1":"product","2":"type-product","3":"status-publish","4":"has-post-thumbnail","6":"product_cat-atsperu-matracis","7":"product_tag-red-lv","8":"description-off","10":"first","11":"outofstock","12":"sale","13":"featured","14":"taxable","15":"shipping-taxable","16":"purchasable","17":"product-type-variable"},"acf":[],"yoast_head":"<!-- This site is optimized with the Yoast SEO plugin v27.0 - https:\/\/yoast.com\/product\/yoast-seo-wordpress\/ -->\n<title>RED POCKET NATURAL ATSPERU MATRACIS - Sleepwell<\/title>\n<meta name=\"robots\" content=\"index, follow, max-snippet:-1, max-image-preview:large, max-video-preview:-1\" \/>\n<link rel=\"canonical\" href=\"https:\/\/sleepwellbed.com\/lv\/product\/red-pocket-natural-atsperu-matracis\/\" \/>\n<meta property=\"og:locale\" content=\"lv_LV\" \/>\n<meta property=\"og:type\" content=\"article\" \/>\n<meta property=\"og:title\" content=\"RED POCKET NATURAL ATSPERU MATRACIS - Sleepwell\" \/>\n<meta property=\"og:description\" content=\"Atsperu matra\u010da pamat\u0101 ir \u0113rts 5 zonu pocket atsperojums.Iesp\u0113jams izv\u0113l\u0113ties atsperu ciet\u012bbu: cietas vai vid\u0113jas.Vien\u0101 pus\u0113 ir 3 cm dab\u012bga lateksa, otr\u0101 pus\u0113 Memory foam putas, kur\u0101m piem\u012bt antibakteri\u0101las \u012bpa\u0161\u012bbas.&nbsp;P\u0101rkl\u0101juma audumam ir Sensity\u2122 aizsardz\u012bba pret putek\u013cu \u0113rc\u012bt\u0113m.\" \/>\n<meta property=\"og:url\" content=\"https:\/\/sleepwellbed.com\/lv\/product\/red-pocket-natural-atsperu-matracis\/\" \/>\n<meta property=\"og:site_name\" content=\"Sleepwell\" \/>\n<meta property=\"article:modified_time\" content=\"2026-05-12T03:38:28+00:00\" \/>\n<meta property=\"og:image\" content=\"https:\/\/sleepwellbed.com\/wp-content\/uploads\/2025\/11\/RED-POCKET-NATURAL-160-vedrumadrats.png\" \/>\n\t<meta property=\"og:image:width\" content=\"1414\" \/>\n\t<meta property=\"og:image:height\" content=\"1000\" \/>\n\t<meta property=\"og:image:type\" content=\"image\/png\" \/>\n<meta name=\"twitter:card\" content=\"summary_large_image\" \/>\n<meta name=\"twitter:label1\" content=\"Est. reading time\" \/>\n\t<meta name=\"twitter:data1\" content=\"1 minute\" \/>\n<script type=\"application\/ld+json\" class=\"yoast-schema-graph\">{\"@context\":\"https:\/\/schema.org\",\"@graph\":[{\"@type\":\"WebPage\",\"@id\":\"https:\/\/sleepwellbed.com\/lv\/product\/red-pocket-natural-atsperu-matracis\/\",\"url\":\"https:\/\/sleepwellbed.com\/lv\/product\/red-pocket-natural-atsperu-matracis\/\",\"name\":\"RED POCKET NATURAL ATSPERU MATRACIS - Sleepwell\",\"isPartOf\":{\"@id\":\"https:\/\/sleepwellbed.com\/#website\"},\"primaryImageOfPage\":{\"@id\":\"https:\/\/sleepwellbed.com\/lv\/product\/red-pocket-natural-atsperu-matracis\/#primaryimage\"},\"image\":{\"@id\":\"https:\/\/sleepwellbed.com\/lv\/product\/red-pocket-natural-atsperu-matracis\/#primaryimage\"},\"thumbnailUrl\":\"https:\/\/sleepwellbed.com\/wp-content\/uploads\/2025\/11\/RED-POCKET-NATURAL-160-vedrumadrats.png\",\"datePublished\":\"2023-01-24T00:40:04+00:00\",\"dateModified\":\"2026-05-12T03:38:28+00:00\",\"breadcrumb\":{\"@id\":\"https:\/\/sleepwellbed.com\/lv\/product\/red-pocket-natural-atsperu-matracis\/#breadcrumb\"},\"inLanguage\":\"lv-LV\",\"potentialAction\":[{\"@type\":\"ReadAction\",\"target\":[\"https:\/\/sleepwellbed.com\/lv\/product\/red-pocket-natural-atsperu-matracis\/\"]}]},{\"@type\":\"ImageObject\",\"inLanguage\":\"lv-LV\",\"@id\":\"https:\/\/sleepwellbed.com\/lv\/product\/red-pocket-natural-atsperu-matracis\/#primaryimage\",\"url\":\"https:\/\/sleepwellbed.com\/wp-content\/uploads\/2025\/11\/RED-POCKET-NATURAL-160-vedrumadrats.png\",\"contentUrl\":\"https:\/\/sleepwellbed.com\/wp-content\/uploads\/2025\/11\/RED-POCKET-NATURAL-160-vedrumadrats.png\",\"width\":1414,\"height\":1000},{\"@type\":\"BreadcrumbList\",\"@id\":\"https:\/\/sleepwellbed.com\/lv\/product\/red-pocket-natural-atsperu-matracis\/#breadcrumb\",\"itemListElement\":[{\"@type\":\"ListItem\",\"position\":1,\"name\":\"Home\",\"item\":\"https:\/\/sleepwellbed.com\/lv\/\"},{\"@type\":\"ListItem\",\"position\":2,\"name\":\"Preces\",\"item\":\"https:\/\/sleepwellbed.com\/lv\/preces\/\"},{\"@type\":\"ListItem\",\"position\":3,\"name\":\"RED POCKET NATURAL ATSPERU MATRACIS\"}]},{\"@type\":\"WebSite\",\"@id\":\"https:\/\/sleepwellbed.com\/#website\",\"url\":\"https:\/\/sleepwellbed.com\/\",\"name\":\"Sleepwell\",\"description\":\"\",\"potentialAction\":[{\"@type\":\"SearchAction\",\"target\":{\"@type\":\"EntryPoint\",\"urlTemplate\":\"https:\/\/sleepwellbed.com\/?s={search_term_string}\"},\"query-input\":{\"@type\":\"PropertyValueSpecification\",\"valueRequired\":true,\"valueName\":\"search_term_string\"}}],\"inLanguage\":\"lv-LV\"}]}<\/script>\n<!-- \/ Yoast SEO plugin. -->","yoast_head_json":{"title":"RED POCKET NATURAL ATSPERU MATRACIS - Sleepwell","robots":{"index":"index","follow":"follow","max-snippet":"max-snippet:-1","max-image-preview":"max-image-preview:large","max-video-preview":"max-video-preview:-1"},"canonical":"https:\/\/sleepwellbed.com\/lv\/product\/red-pocket-natural-atsperu-matracis\/","og_locale":"lv_LV","og_type":"article","og_title":"RED POCKET NATURAL ATSPERU MATRACIS - Sleepwell","og_description":"Atsperu matra\u010da pamat\u0101 ir \u0113rts 5 zonu pocket atsperojums.Iesp\u0113jams izv\u0113l\u0113ties atsperu ciet\u012bbu: cietas vai vid\u0113jas.Vien\u0101 pus\u0113 ir 3 cm dab\u012bga lateksa, otr\u0101 pus\u0113 Memory foam putas, kur\u0101m piem\u012bt antibakteri\u0101las \u012bpa\u0161\u012bbas.&nbsp;P\u0101rkl\u0101juma audumam ir Sensity\u2122 aizsardz\u012bba pret putek\u013cu \u0113rc\u012bt\u0113m.","og_url":"https:\/\/sleepwellbed.com\/lv\/product\/red-pocket-natural-atsperu-matracis\/","og_site_name":"Sleepwell","article_modified_time":"2026-05-12T03:38:28+00:00","og_image":[{"width":1414,"height":1000,"url":"https:\/\/sleepwellbed.com\/wp-content\/uploads\/2025\/11\/RED-POCKET-NATURAL-160-vedrumadrats.png","type":"image\/png"}],"twitter_card":"summary_large_image","twitter_misc":{"Est. reading time":"1 minute"},"schema":{"@context":"https:\/\/schema.org","@graph":[{"@type":"WebPage","@id":"https:\/\/sleepwellbed.com\/lv\/product\/red-pocket-natural-atsperu-matracis\/","url":"https:\/\/sleepwellbed.com\/lv\/product\/red-pocket-natural-atsperu-matracis\/","name":"RED POCKET NATURAL ATSPERU MATRACIS - Sleepwell","isPartOf":{"@id":"https:\/\/sleepwellbed.com\/#website"},"primaryImageOfPage":{"@id":"https:\/\/sleepwellbed.com\/lv\/product\/red-pocket-natural-atsperu-matracis\/#primaryimage"},"image":{"@id":"https:\/\/sleepwellbed.com\/lv\/product\/red-pocket-natural-atsperu-matracis\/#primaryimage"},"thumbnailUrl":"https:\/\/sleepwellbed.com\/wp-content\/uploads\/2025\/11\/RED-POCKET-NATURAL-160-vedrumadrats.png","datePublished":"2023-01-24T00:40:04+00:00","dateModified":"2026-05-12T03:38:28+00:00","breadcrumb":{"@id":"https:\/\/sleepwellbed.com\/lv\/product\/red-pocket-natural-atsperu-matracis\/#breadcrumb"},"inLanguage":"lv-LV","potentialAction":[{"@type":"ReadAction","target":["https:\/\/sleepwellbed.com\/lv\/product\/red-pocket-natural-atsperu-matracis\/"]}]},{"@type":"ImageObject","inLanguage":"lv-LV","@id":"https:\/\/sleepwellbed.com\/lv\/product\/red-pocket-natural-atsperu-matracis\/#primaryimage","url":"https:\/\/sleepwellbed.com\/wp-content\/uploads\/2025\/11\/RED-POCKET-NATURAL-160-vedrumadrats.png","contentUrl":"https:\/\/sleepwellbed.com\/wp-content\/uploads\/2025\/11\/RED-POCKET-NATURAL-160-vedrumadrats.png","width":1414,"height":1000},{"@type":"BreadcrumbList","@id":"https:\/\/sleepwellbed.com\/lv\/product\/red-pocket-natural-atsperu-matracis\/#breadcrumb","itemListElement":[{"@type":"ListItem","position":1,"name":"Home","item":"https:\/\/sleepwellbed.com\/lv\/"},{"@type":"ListItem","position":2,"name":"Preces","item":"https:\/\/sleepwellbed.com\/lv\/preces\/"},{"@type":"ListItem","position":3,"name":"RED POCKET NATURAL ATSPERU MATRACIS"}]},{"@type":"WebSite","@id":"https:\/\/sleepwellbed.com\/#website","url":"https:\/\/sleepwellbed.com\/","name":"Sleepwell","description":"","potentialAction":[{"@type":"SearchAction","target":{"@type":"EntryPoint","urlTemplate":"https:\/\/sleepwellbed.com\/?s={search_term_string}"},"query-input":{"@type":"PropertyValueSpecification","valueRequired":true,"valueName":"search_term_string"}}],"inLanguage":"lv-LV"}]}},"_links":{"self":[{"href":"https:\/\/sleepwellbed.com\/lv\/wp-json\/wp\/v2\/product\/184993","targetHints":{"allow":["GET"]}}],"collection":[{"href":"https:\/\/sleepwellbed.com\/lv\/wp-json\/wp\/v2\/product"}],"about":[{"href":"https:\/\/sleepwellbed.com\/lv\/wp-json\/wp\/v2\/types\/product"}],"wp:featuredmedia":[{"embeddable":true,"href":"https:\/\/sleepwellbed.com\/lv\/wp-json\/wp\/v2\/media\/564205"}],"wp:attachment":[{"href":"https:\/\/sleepwellbed.com\/lv\/wp-json\/wp\/v2\/media?parent=184993"}],"wp:term":[{"taxonomy":"product_brand","embeddable":true,"href":"https:\/\/sleepwellbed.com\/lv\/wp-json\/wp\/v2\/product_brand?post=184993"},{"taxonomy":"product_cat","embeddable":true,"href":"https:\/\/sleepwellbed.com\/lv\/wp-json\/wp\/v2\/product_cat?post=184993"},{"taxonomy":"product_tag","embeddable":true,"href":"https:\/\/sleepwellbed.com\/lv\/wp-json\/wp\/v2\/product_tag?post=184993"}],"curies":[{"name":"wp","href":"https:\/\/api.w.org\/{rel}","templated":true}]}}