{"id":188313,"date":"2023-01-24T03:00:05","date_gmt":"2023-01-24T01:00:05","guid":{"rendered":"https:\/\/sleepwellbed.com\/product\/red-orthopedic-vedrumadrats\/"},"modified":"2026-05-05T04:51:21","modified_gmt":"2026-05-05T01:51:21","slug":"red-orthopedic-atsperu-matracis","status":"publish","type":"product","link":"https:\/\/sleepwellbed.com\/lv\/product\/red-orthopedic-atsperu-matracis\/","title":{"rendered":"RED ORTHOPEDIC ATSPERU MATRACIS"},"content":{"rendered":"<div>Visu cieta matra\u010da cien\u012bt\u0101ju sap\u0146u matracis, kuru veido ar 5 zonu iepakotu atsperu sist\u0113ma.<br \/>Vien\u0101 pus\u0113 ir stingrs sl\u0101nis, kas izgatavots no dab\u012bg\u0101m kokosriekstu \u0161\u0137iedr\u0101m. Otr\u0101 pus\u0113 ir Tiger Touch porolons, kas ir jaun\u0101kais v\u0101rds materi\u0101lu industrij\u0101 &#8211; \u013cauj gaisam labi pl\u016bst un veido pat\u012bkami atsper\u012bgu, \u0137ermeni atbalsto\u0161u formu.<\/p>\n<p>Audums, kas satur dab\u012bg\u0101s bambusa \u0161\u0137iedras, labi novada mitrumu un mazina sv\u012b\u0161anas risku.<br \/>Matra\u010da p\u0101rvalks ir no\u0146emams un mazg\u0101jams \u016bden\u012b, kura temperat\u016bra nep\u0101rsniedz 40 gr\u0101dus.<br \/>Pieejamie izm\u0113ri 80&#215;200, 90&#215;200, 120&#215;200, 140&#215;200, 160&#215;200 ja 180&#215;200.<\/p>\n<p>Iesak\u0101m matraci p\u0101rkl\u0101t ar Sleepwell virsmatraci, kas rada papildkomfortu, aizsarg\u0101 matraci, pagarina t\u0101 kalpo\u0161anas laiku un veicina vesel\u012bgu gultas higi\u0113nu.<\/p>\n<p>Produkts ir izstr\u0101d\u0101ts un ra\u017eots Igaunij\u0101.<br \/>Porolona kvalit\u0101ti ir apstiprin\u0101jusi Igaunijas Aler\u0123ijas biedr\u012bba. Sleepwell izstr\u0101d\u0101jumos izmantotie materi\u0101li, piem\u0113ram, audums, kokvilna, vilna un vatel\u012bns, atbilst starptautiskajam \u00d6ko-Tex 100 standartam.<\/div>\n","protected":false},"excerpt":{"rendered":"<div>Atsperu matra\u010da pamat\u0101 ir \u0113rts 5 zonu pocket atsperojums.<\/p>\n<p>Ciets atsperu matracis, kas galvenok\u0101rt ir paredz\u0113ts cilv\u0113kiem ar muguras probl\u0113m\u0101m.<\/p>\n<p>Vien\u0101 matra\u010da pus\u0113 ir ciets kokosa sl\u0101nis, otra puse ir oder\u0113ta ar kvalitat\u012bvu Tiger Touch porolonu.<\/p>\n<p>Audums, kas satur dab\u012bg\u0101s bambusa \u0161\u0137iedras, labi vada mitrumu, k\u0101 ar\u012b mazina sv\u012b\u0161anas risku.<\/p><\/div>\n","protected":false},"featured_media":564210,"template":"","meta":{"_acf_changed":false},"product_brand":[],"product_cat":[683],"product_tag":[696],"class_list":{"0":"post-188313","1":"product","2":"type-product","3":"status-publish","4":"has-post-thumbnail","6":"product_cat-atsperu-matracis","7":"product_tag-red-lv","8":"description-off","10":"first","11":"outofstock","12":"sale","13":"featured","14":"taxable","15":"shipping-taxable","16":"purchasable","17":"product-type-variable"},"acf":[],"yoast_head":"<!-- This site is optimized with the Yoast SEO plugin v27.0 - https:\/\/yoast.com\/product\/yoast-seo-wordpress\/ -->\n<title>RED ORTHOPEDIC ATSPERU MATRACIS - Sleepwell<\/title>\n<meta name=\"robots\" content=\"index, follow, max-snippet:-1, max-image-preview:large, max-video-preview:-1\" \/>\n<link rel=\"canonical\" href=\"https:\/\/sleepwellbed.com\/lv\/product\/red-orthopedic-atsperu-matracis\/\" \/>\n<meta property=\"og:locale\" content=\"lv_LV\" \/>\n<meta property=\"og:type\" content=\"article\" \/>\n<meta property=\"og:title\" content=\"RED ORTHOPEDIC ATSPERU MATRACIS - Sleepwell\" \/>\n<meta property=\"og:description\" content=\"Atsperu matra\u010da pamat\u0101 ir \u0113rts 5 zonu pocket atsperojums.Ciets atsperu matracis, kas galvenok\u0101rt ir paredz\u0113ts cilv\u0113kiem ar muguras probl\u0113m\u0101m.Vien\u0101 matra\u010da pus\u0113 ir ciets kokosa sl\u0101nis, otra puse ir oder\u0113ta ar kvalitat\u012bvu Tiger Touch porolonu.Audums, kas satur dab\u012bg\u0101s bambusa \u0161\u0137iedras, labi vada mitrumu, k\u0101 ar\u012b mazina sv\u012b\u0161anas risku.\" \/>\n<meta property=\"og:url\" content=\"https:\/\/sleepwellbed.com\/lv\/product\/red-orthopedic-atsperu-matracis\/\" \/>\n<meta property=\"og:site_name\" content=\"Sleepwell\" \/>\n<meta property=\"article:modified_time\" content=\"2026-05-05T01:51:21+00:00\" \/>\n<meta property=\"og:image\" content=\"https:\/\/sleepwellbed.com\/wp-content\/uploads\/2025\/11\/RED-ORTHOPEDIC-160-vedrumadrats-labiloige.png\" \/>\n\t<meta property=\"og:image:width\" content=\"1414\" \/>\n\t<meta property=\"og:image:height\" content=\"1000\" \/>\n\t<meta property=\"og:image:type\" content=\"image\/png\" \/>\n<meta name=\"twitter:card\" content=\"summary_large_image\" \/>\n<meta name=\"twitter:label1\" content=\"Est. reading time\" \/>\n\t<meta name=\"twitter:data1\" content=\"1 minute\" \/>\n<script type=\"application\/ld+json\" class=\"yoast-schema-graph\">{\"@context\":\"https:\/\/schema.org\",\"@graph\":[{\"@type\":\"WebPage\",\"@id\":\"https:\/\/sleepwellbed.com\/lv\/product\/red-orthopedic-atsperu-matracis\/\",\"url\":\"https:\/\/sleepwellbed.com\/lv\/product\/red-orthopedic-atsperu-matracis\/\",\"name\":\"RED ORTHOPEDIC ATSPERU MATRACIS - Sleepwell\",\"isPartOf\":{\"@id\":\"https:\/\/sleepwellbed.com\/#website\"},\"primaryImageOfPage\":{\"@id\":\"https:\/\/sleepwellbed.com\/lv\/product\/red-orthopedic-atsperu-matracis\/#primaryimage\"},\"image\":{\"@id\":\"https:\/\/sleepwellbed.com\/lv\/product\/red-orthopedic-atsperu-matracis\/#primaryimage\"},\"thumbnailUrl\":\"https:\/\/sleepwellbed.com\/wp-content\/uploads\/2025\/11\/RED-ORTHOPEDIC-160-vedrumadrats-labiloige.png\",\"datePublished\":\"2023-01-24T01:00:05+00:00\",\"dateModified\":\"2026-05-05T01:51:21+00:00\",\"breadcrumb\":{\"@id\":\"https:\/\/sleepwellbed.com\/lv\/product\/red-orthopedic-atsperu-matracis\/#breadcrumb\"},\"inLanguage\":\"lv-LV\",\"potentialAction\":[{\"@type\":\"ReadAction\",\"target\":[\"https:\/\/sleepwellbed.com\/lv\/product\/red-orthopedic-atsperu-matracis\/\"]}]},{\"@type\":\"ImageObject\",\"inLanguage\":\"lv-LV\",\"@id\":\"https:\/\/sleepwellbed.com\/lv\/product\/red-orthopedic-atsperu-matracis\/#primaryimage\",\"url\":\"https:\/\/sleepwellbed.com\/wp-content\/uploads\/2025\/11\/RED-ORTHOPEDIC-160-vedrumadrats-labiloige.png\",\"contentUrl\":\"https:\/\/sleepwellbed.com\/wp-content\/uploads\/2025\/11\/RED-ORTHOPEDIC-160-vedrumadrats-labiloige.png\",\"width\":1414,\"height\":1000},{\"@type\":\"BreadcrumbList\",\"@id\":\"https:\/\/sleepwellbed.com\/lv\/product\/red-orthopedic-atsperu-matracis\/#breadcrumb\",\"itemListElement\":[{\"@type\":\"ListItem\",\"position\":1,\"name\":\"Home\",\"item\":\"https:\/\/sleepwellbed.com\/lv\/\"},{\"@type\":\"ListItem\",\"position\":2,\"name\":\"Preces\",\"item\":\"https:\/\/sleepwellbed.com\/lv\/preces\/\"},{\"@type\":\"ListItem\",\"position\":3,\"name\":\"RED ORTHOPEDIC ATSPERU MATRACIS\"}]},{\"@type\":\"WebSite\",\"@id\":\"https:\/\/sleepwellbed.com\/#website\",\"url\":\"https:\/\/sleepwellbed.com\/\",\"name\":\"Sleepwell\",\"description\":\"\",\"potentialAction\":[{\"@type\":\"SearchAction\",\"target\":{\"@type\":\"EntryPoint\",\"urlTemplate\":\"https:\/\/sleepwellbed.com\/?s={search_term_string}\"},\"query-input\":{\"@type\":\"PropertyValueSpecification\",\"valueRequired\":true,\"valueName\":\"search_term_string\"}}],\"inLanguage\":\"lv-LV\"}]}<\/script>\n<!-- \/ Yoast SEO plugin. -->","yoast_head_json":{"title":"RED ORTHOPEDIC ATSPERU MATRACIS - Sleepwell","robots":{"index":"index","follow":"follow","max-snippet":"max-snippet:-1","max-image-preview":"max-image-preview:large","max-video-preview":"max-video-preview:-1"},"canonical":"https:\/\/sleepwellbed.com\/lv\/product\/red-orthopedic-atsperu-matracis\/","og_locale":"lv_LV","og_type":"article","og_title":"RED ORTHOPEDIC ATSPERU MATRACIS - Sleepwell","og_description":"Atsperu matra\u010da pamat\u0101 ir \u0113rts 5 zonu pocket atsperojums.Ciets atsperu matracis, kas galvenok\u0101rt ir paredz\u0113ts cilv\u0113kiem ar muguras probl\u0113m\u0101m.Vien\u0101 matra\u010da pus\u0113 ir ciets kokosa sl\u0101nis, otra puse ir oder\u0113ta ar kvalitat\u012bvu Tiger Touch porolonu.Audums, kas satur dab\u012bg\u0101s bambusa \u0161\u0137iedras, labi vada mitrumu, k\u0101 ar\u012b mazina sv\u012b\u0161anas risku.","og_url":"https:\/\/sleepwellbed.com\/lv\/product\/red-orthopedic-atsperu-matracis\/","og_site_name":"Sleepwell","article_modified_time":"2026-05-05T01:51:21+00:00","og_image":[{"width":1414,"height":1000,"url":"https:\/\/sleepwellbed.com\/wp-content\/uploads\/2025\/11\/RED-ORTHOPEDIC-160-vedrumadrats-labiloige.png","type":"image\/png"}],"twitter_card":"summary_large_image","twitter_misc":{"Est. reading time":"1 minute"},"schema":{"@context":"https:\/\/schema.org","@graph":[{"@type":"WebPage","@id":"https:\/\/sleepwellbed.com\/lv\/product\/red-orthopedic-atsperu-matracis\/","url":"https:\/\/sleepwellbed.com\/lv\/product\/red-orthopedic-atsperu-matracis\/","name":"RED ORTHOPEDIC ATSPERU MATRACIS - Sleepwell","isPartOf":{"@id":"https:\/\/sleepwellbed.com\/#website"},"primaryImageOfPage":{"@id":"https:\/\/sleepwellbed.com\/lv\/product\/red-orthopedic-atsperu-matracis\/#primaryimage"},"image":{"@id":"https:\/\/sleepwellbed.com\/lv\/product\/red-orthopedic-atsperu-matracis\/#primaryimage"},"thumbnailUrl":"https:\/\/sleepwellbed.com\/wp-content\/uploads\/2025\/11\/RED-ORTHOPEDIC-160-vedrumadrats-labiloige.png","datePublished":"2023-01-24T01:00:05+00:00","dateModified":"2026-05-05T01:51:21+00:00","breadcrumb":{"@id":"https:\/\/sleepwellbed.com\/lv\/product\/red-orthopedic-atsperu-matracis\/#breadcrumb"},"inLanguage":"lv-LV","potentialAction":[{"@type":"ReadAction","target":["https:\/\/sleepwellbed.com\/lv\/product\/red-orthopedic-atsperu-matracis\/"]}]},{"@type":"ImageObject","inLanguage":"lv-LV","@id":"https:\/\/sleepwellbed.com\/lv\/product\/red-orthopedic-atsperu-matracis\/#primaryimage","url":"https:\/\/sleepwellbed.com\/wp-content\/uploads\/2025\/11\/RED-ORTHOPEDIC-160-vedrumadrats-labiloige.png","contentUrl":"https:\/\/sleepwellbed.com\/wp-content\/uploads\/2025\/11\/RED-ORTHOPEDIC-160-vedrumadrats-labiloige.png","width":1414,"height":1000},{"@type":"BreadcrumbList","@id":"https:\/\/sleepwellbed.com\/lv\/product\/red-orthopedic-atsperu-matracis\/#breadcrumb","itemListElement":[{"@type":"ListItem","position":1,"name":"Home","item":"https:\/\/sleepwellbed.com\/lv\/"},{"@type":"ListItem","position":2,"name":"Preces","item":"https:\/\/sleepwellbed.com\/lv\/preces\/"},{"@type":"ListItem","position":3,"name":"RED ORTHOPEDIC ATSPERU MATRACIS"}]},{"@type":"WebSite","@id":"https:\/\/sleepwellbed.com\/#website","url":"https:\/\/sleepwellbed.com\/","name":"Sleepwell","description":"","potentialAction":[{"@type":"SearchAction","target":{"@type":"EntryPoint","urlTemplate":"https:\/\/sleepwellbed.com\/?s={search_term_string}"},"query-input":{"@type":"PropertyValueSpecification","valueRequired":true,"valueName":"search_term_string"}}],"inLanguage":"lv-LV"}]}},"_links":{"self":[{"href":"https:\/\/sleepwellbed.com\/lv\/wp-json\/wp\/v2\/product\/188313","targetHints":{"allow":["GET"]}}],"collection":[{"href":"https:\/\/sleepwellbed.com\/lv\/wp-json\/wp\/v2\/product"}],"about":[{"href":"https:\/\/sleepwellbed.com\/lv\/wp-json\/wp\/v2\/types\/product"}],"wp:featuredmedia":[{"embeddable":true,"href":"https:\/\/sleepwellbed.com\/lv\/wp-json\/wp\/v2\/media\/564210"}],"wp:attachment":[{"href":"https:\/\/sleepwellbed.com\/lv\/wp-json\/wp\/v2\/media?parent=188313"}],"wp:term":[{"taxonomy":"product_brand","embeddable":true,"href":"https:\/\/sleepwellbed.com\/lv\/wp-json\/wp\/v2\/product_brand?post=188313"},{"taxonomy":"product_cat","embeddable":true,"href":"https:\/\/sleepwellbed.com\/lv\/wp-json\/wp\/v2\/product_cat?post=188313"},{"taxonomy":"product_tag","embeddable":true,"href":"https:\/\/sleepwellbed.com\/lv\/wp-json\/wp\/v2\/product_tag?post=188313"}],"curies":[{"name":"wp","href":"https:\/\/api.w.org\/{rel}","templated":true}]}}