{"id":190529,"date":"2026-01-20T04:51:05","date_gmt":"2026-01-20T02:51:05","guid":{"rendered":"https:\/\/sleepwellbed.com\/product\/black-multipocket-vedrumadrats\/"},"modified":"2026-05-01T04:51:44","modified_gmt":"2026-05-01T01:51:44","slug":"black-multipocket-atsperu-matracis","status":"publish","type":"product","link":"https:\/\/sleepwellbed.com\/lv\/product\/black-multipocket-atsperu-matracis\/","title":{"rendered":"BLACK MULTIPOCKET ATSPERU MATRACIS"},"content":{"rendered":"<div>Matra\u010da ar 7-zonu multipocket atsper\u0113m vien\u0101 pus\u0113 ir dab\u012bg\u0101 gumijkoka latekss, bet otr\u0101 pus\u0113 Tiger Touch porolons, kas ir jaun\u0101kais v\u0101rds materi\u0101lu industrij\u0101 &#8211; tas \u013cauj gaisam br\u012bvi pl\u016bst un rada pat\u012bkami atsper\u012bgu, \u0137ermeni atbalsto\u0161u formu.<br \/>Lielais atsperu skaits nodro\u0161ina maksim\u0101lu atbalstu \u0137ermenim.<br \/>Papildkomfortu nodro\u0161ina vilna vien\u0101 pus\u0113 (ziemas pus\u0113), bet kokvilna otr\u0101 pus\u0113 (vasaras pus\u0113).<\/p>\n<p>\u012apa\u0161i m\u012bkstajam Supersoft virs\u0113jam audumam ir Sensity\u2122 apstr\u0101de pret putek\u013cu \u0113rc\u012bti, matra\u010da p\u0101rvalks ir no\u0146emams un mazg\u0101jams \u016bden\u012b, kura temperat\u016bra nep\u0101rsniedz 60 gr\u0101dus. Produktam ir pie\u0161\u0137irta Igaunijas Aler\u0123ijas biedr\u012bbas atzin\u012bbas z\u012bme.<br \/>P\u0101rsegam ir divi r\u0101v\u0113jsl\u0113dz\u0113ji (aug\u0161pus\u0113 un apak\u0161pus\u0113), un, pateicoties tam, to iesp\u0113jams atdal\u012bt 3 atsevi\u0161\u0137\u0101s da\u013c\u0101s: aug\u0161\u0113j\u0101 un apak\u0161\u0113j\u0101, k\u0101 ar\u012b s\u0101nu da\u013c\u0101.<br \/>Izstr\u0101d\u0101juma s\u0101nos ir no stingra auduma izgatavoti rokturi, kas atvieglo matra\u010da pacel\u0161anu un pagrie\u0161anu.<br \/>Iesp\u0113jams izv\u0113l\u0113ties atsperu ciet\u012bbu &#8211; cietu vai m\u012bkstu.<\/p>\n<p>Pieejamie izm\u0113ri 80&#215;200, 90&#215;200, 120&#215;200, 140&#215;200, 160&#215;200 ja 180&#215;200. Iesp\u0113jams pas\u016bt\u012bt produktus ar\u012b&nbsp; \u012bpa\u0161os izm\u0113ros.<br \/>Iesp\u0113jams pas\u016bt\u012bt atsperu matraci ar m\u0113be\u013cu auduma malu.<br \/>Iesak\u0101m matraci p\u0101rkl\u0101t ar Sleepwell virsmatraci, kas rada papildkomfortu, aizsarg\u0101 matraci, pagarina t\u0101 kalpo\u0161anas laiku un veicina vesel\u012bgu gultas higi\u0113nu.<\/p>\n<p>Produkts ir izstr\u0101d\u0101ts un ra\u017eots Igaunij\u0101.<br \/>Sleepwell izstr\u0101d\u0101jumos izmantotie materi\u0101li, piem\u0113ram, audums, kokvilna, vilna un vatel\u012bns, atbilst starptautiskajam \u00d6ko-Tex 100 standartam. Atsperu sist\u0113mu kvalit\u0101ti garant\u0113 DIN EN ISO 9001 sertifik\u0101ts.<\/div>\n","protected":false},"excerpt":{"rendered":"<div>Atsperu matra\u010da pamat\u0101 ir \u0101rk\u0101rt\u012bgi \u0113rts 7 zonu multipocket atsperojums.<\/p>\n<p>Iesp\u0113jams izv\u0113l\u0113ties starp 2 atsperu ciet\u012bbu: cietas vai m\u012bkstas.<\/p>\n<p>Ab\u0101s atsperu matra\u010da pus\u0113s ir Tiger Touch porolons, kas ir jaun\u0101kais v\u0101rds materi\u0101lu industrij\u0101.<\/p>\n<p>Supersoft p\u0101rkl\u0101juma audumam ir Sensity\u2122 aizsardz\u012bba pret putek\u013cu \u0113rc\u012bt\u0113m.<\/p>\n<p>P\u0101rkl\u0101js ir ar Igaunijas aler\u0123ijas asoci\u0101cijas simbolu un ir mazg\u0101jams \u016bden\u012b, kas nep\u0101rsniedz 60 gr\u0101dus.<\/p><\/div>\n","protected":false},"featured_media":578969,"template":"","meta":{"_acf_changed":false},"product_brand":[],"product_cat":[683],"product_tag":[713],"class_list":{"0":"post-190529","1":"product","2":"type-product","3":"status-publish","4":"has-post-thumbnail","6":"product_cat-atsperu-matracis","7":"product_tag-black-lv","8":"description-off","10":"first","11":"outofstock","12":"sale","13":"taxable","14":"shipping-taxable","15":"purchasable","16":"product-type-variable"},"acf":[],"yoast_head":"<!-- This site is optimized with the Yoast SEO plugin v27.0 - https:\/\/yoast.com\/product\/yoast-seo-wordpress\/ -->\n<title>BLACK MULTIPOCKET ATSPERU MATRACIS - Sleepwell<\/title>\n<meta name=\"robots\" content=\"index, follow, max-snippet:-1, max-image-preview:large, max-video-preview:-1\" \/>\n<link rel=\"canonical\" href=\"https:\/\/sleepwellbed.com\/lv\/product\/black-multipocket-atsperu-matracis\/\" \/>\n<meta property=\"og:locale\" content=\"lv_LV\" \/>\n<meta property=\"og:type\" content=\"article\" \/>\n<meta property=\"og:title\" content=\"BLACK MULTIPOCKET ATSPERU MATRACIS - Sleepwell\" \/>\n<meta property=\"og:description\" content=\"Atsperu matra\u010da pamat\u0101 ir \u0101rk\u0101rt\u012bgi \u0113rts 7 zonu multipocket atsperojums.Iesp\u0113jams izv\u0113l\u0113ties starp 2 atsperu ciet\u012bbu: cietas vai m\u012bkstas.Ab\u0101s atsperu matra\u010da pus\u0113s ir Tiger Touch porolons, kas ir jaun\u0101kais v\u0101rds materi\u0101lu industrij\u0101.Supersoft p\u0101rkl\u0101juma audumam ir Sensity\u2122 aizsardz\u012bba pret putek\u013cu \u0113rc\u012bt\u0113m.P\u0101rkl\u0101js ir ar Igaunijas aler\u0123ijas asoci\u0101cijas simbolu un ir mazg\u0101jams \u016bden\u012b, kas nep\u0101rsniedz 60 gr\u0101dus.\" \/>\n<meta property=\"og:url\" content=\"https:\/\/sleepwellbed.com\/lv\/product\/black-multipocket-atsperu-matracis\/\" \/>\n<meta property=\"og:site_name\" content=\"Sleepwell\" \/>\n<meta property=\"article:modified_time\" content=\"2026-05-01T01:51:44+00:00\" \/>\n<meta property=\"og:image\" content=\"https:\/\/sleepwellbed.com\/wp-content\/uploads\/2025\/11\/BLACK-MULTIPOCKET-180-vedrumadrats-labiloige.png\" \/>\n\t<meta property=\"og:image:width\" content=\"1414\" \/>\n\t<meta property=\"og:image:height\" content=\"1000\" \/>\n\t<meta property=\"og:image:type\" content=\"image\/png\" \/>\n<meta name=\"twitter:card\" content=\"summary_large_image\" \/>\n<meta name=\"twitter:label1\" content=\"Est. reading time\" \/>\n\t<meta name=\"twitter:data1\" content=\"2 minutes\" \/>\n<script type=\"application\/ld+json\" class=\"yoast-schema-graph\">{\"@context\":\"https:\/\/schema.org\",\"@graph\":[{\"@type\":\"WebPage\",\"@id\":\"https:\/\/sleepwellbed.com\/lv\/product\/black-multipocket-atsperu-matracis\/\",\"url\":\"https:\/\/sleepwellbed.com\/lv\/product\/black-multipocket-atsperu-matracis\/\",\"name\":\"BLACK MULTIPOCKET ATSPERU MATRACIS - Sleepwell\",\"isPartOf\":{\"@id\":\"https:\/\/sleepwellbed.com\/#website\"},\"primaryImageOfPage\":{\"@id\":\"https:\/\/sleepwellbed.com\/lv\/product\/black-multipocket-atsperu-matracis\/#primaryimage\"},\"image\":{\"@id\":\"https:\/\/sleepwellbed.com\/lv\/product\/black-multipocket-atsperu-matracis\/#primaryimage\"},\"thumbnailUrl\":\"https:\/\/sleepwellbed.com\/wp-content\/uploads\/2025\/11\/BLACK-MULTIPOCKET-180-vedrumadrats-labiloige.png\",\"datePublished\":\"2026-01-20T02:51:05+00:00\",\"dateModified\":\"2026-05-01T01:51:44+00:00\",\"breadcrumb\":{\"@id\":\"https:\/\/sleepwellbed.com\/lv\/product\/black-multipocket-atsperu-matracis\/#breadcrumb\"},\"inLanguage\":\"lv-LV\",\"potentialAction\":[{\"@type\":\"ReadAction\",\"target\":[\"https:\/\/sleepwellbed.com\/lv\/product\/black-multipocket-atsperu-matracis\/\"]}]},{\"@type\":\"ImageObject\",\"inLanguage\":\"lv-LV\",\"@id\":\"https:\/\/sleepwellbed.com\/lv\/product\/black-multipocket-atsperu-matracis\/#primaryimage\",\"url\":\"https:\/\/sleepwellbed.com\/wp-content\/uploads\/2025\/11\/BLACK-MULTIPOCKET-180-vedrumadrats-labiloige.png\",\"contentUrl\":\"https:\/\/sleepwellbed.com\/wp-content\/uploads\/2025\/11\/BLACK-MULTIPOCKET-180-vedrumadrats-labiloige.png\",\"width\":1414,\"height\":1000},{\"@type\":\"BreadcrumbList\",\"@id\":\"https:\/\/sleepwellbed.com\/lv\/product\/black-multipocket-atsperu-matracis\/#breadcrumb\",\"itemListElement\":[{\"@type\":\"ListItem\",\"position\":1,\"name\":\"Home\",\"item\":\"https:\/\/sleepwellbed.com\/lv\/\"},{\"@type\":\"ListItem\",\"position\":2,\"name\":\"Preces\",\"item\":\"https:\/\/sleepwellbed.com\/lv\/preces\/\"},{\"@type\":\"ListItem\",\"position\":3,\"name\":\"BLACK MULTIPOCKET ATSPERU MATRACIS\"}]},{\"@type\":\"WebSite\",\"@id\":\"https:\/\/sleepwellbed.com\/#website\",\"url\":\"https:\/\/sleepwellbed.com\/\",\"name\":\"Sleepwell\",\"description\":\"\",\"potentialAction\":[{\"@type\":\"SearchAction\",\"target\":{\"@type\":\"EntryPoint\",\"urlTemplate\":\"https:\/\/sleepwellbed.com\/?s={search_term_string}\"},\"query-input\":{\"@type\":\"PropertyValueSpecification\",\"valueRequired\":true,\"valueName\":\"search_term_string\"}}],\"inLanguage\":\"lv-LV\"}]}<\/script>\n<!-- \/ Yoast SEO plugin. -->","yoast_head_json":{"title":"BLACK MULTIPOCKET ATSPERU MATRACIS - Sleepwell","robots":{"index":"index","follow":"follow","max-snippet":"max-snippet:-1","max-image-preview":"max-image-preview:large","max-video-preview":"max-video-preview:-1"},"canonical":"https:\/\/sleepwellbed.com\/lv\/product\/black-multipocket-atsperu-matracis\/","og_locale":"lv_LV","og_type":"article","og_title":"BLACK MULTIPOCKET ATSPERU MATRACIS - Sleepwell","og_description":"Atsperu matra\u010da pamat\u0101 ir \u0101rk\u0101rt\u012bgi \u0113rts 7 zonu multipocket atsperojums.Iesp\u0113jams izv\u0113l\u0113ties starp 2 atsperu ciet\u012bbu: cietas vai m\u012bkstas.Ab\u0101s atsperu matra\u010da pus\u0113s ir Tiger Touch porolons, kas ir jaun\u0101kais v\u0101rds materi\u0101lu industrij\u0101.Supersoft p\u0101rkl\u0101juma audumam ir Sensity\u2122 aizsardz\u012bba pret putek\u013cu \u0113rc\u012bt\u0113m.P\u0101rkl\u0101js ir ar Igaunijas aler\u0123ijas asoci\u0101cijas simbolu un ir mazg\u0101jams \u016bden\u012b, kas nep\u0101rsniedz 60 gr\u0101dus.","og_url":"https:\/\/sleepwellbed.com\/lv\/product\/black-multipocket-atsperu-matracis\/","og_site_name":"Sleepwell","article_modified_time":"2026-05-01T01:51:44+00:00","og_image":[{"width":1414,"height":1000,"url":"https:\/\/sleepwellbed.com\/wp-content\/uploads\/2025\/11\/BLACK-MULTIPOCKET-180-vedrumadrats-labiloige.png","type":"image\/png"}],"twitter_card":"summary_large_image","twitter_misc":{"Est. reading time":"2 minutes"},"schema":{"@context":"https:\/\/schema.org","@graph":[{"@type":"WebPage","@id":"https:\/\/sleepwellbed.com\/lv\/product\/black-multipocket-atsperu-matracis\/","url":"https:\/\/sleepwellbed.com\/lv\/product\/black-multipocket-atsperu-matracis\/","name":"BLACK MULTIPOCKET ATSPERU MATRACIS - Sleepwell","isPartOf":{"@id":"https:\/\/sleepwellbed.com\/#website"},"primaryImageOfPage":{"@id":"https:\/\/sleepwellbed.com\/lv\/product\/black-multipocket-atsperu-matracis\/#primaryimage"},"image":{"@id":"https:\/\/sleepwellbed.com\/lv\/product\/black-multipocket-atsperu-matracis\/#primaryimage"},"thumbnailUrl":"https:\/\/sleepwellbed.com\/wp-content\/uploads\/2025\/11\/BLACK-MULTIPOCKET-180-vedrumadrats-labiloige.png","datePublished":"2026-01-20T02:51:05+00:00","dateModified":"2026-05-01T01:51:44+00:00","breadcrumb":{"@id":"https:\/\/sleepwellbed.com\/lv\/product\/black-multipocket-atsperu-matracis\/#breadcrumb"},"inLanguage":"lv-LV","potentialAction":[{"@type":"ReadAction","target":["https:\/\/sleepwellbed.com\/lv\/product\/black-multipocket-atsperu-matracis\/"]}]},{"@type":"ImageObject","inLanguage":"lv-LV","@id":"https:\/\/sleepwellbed.com\/lv\/product\/black-multipocket-atsperu-matracis\/#primaryimage","url":"https:\/\/sleepwellbed.com\/wp-content\/uploads\/2025\/11\/BLACK-MULTIPOCKET-180-vedrumadrats-labiloige.png","contentUrl":"https:\/\/sleepwellbed.com\/wp-content\/uploads\/2025\/11\/BLACK-MULTIPOCKET-180-vedrumadrats-labiloige.png","width":1414,"height":1000},{"@type":"BreadcrumbList","@id":"https:\/\/sleepwellbed.com\/lv\/product\/black-multipocket-atsperu-matracis\/#breadcrumb","itemListElement":[{"@type":"ListItem","position":1,"name":"Home","item":"https:\/\/sleepwellbed.com\/lv\/"},{"@type":"ListItem","position":2,"name":"Preces","item":"https:\/\/sleepwellbed.com\/lv\/preces\/"},{"@type":"ListItem","position":3,"name":"BLACK MULTIPOCKET ATSPERU MATRACIS"}]},{"@type":"WebSite","@id":"https:\/\/sleepwellbed.com\/#website","url":"https:\/\/sleepwellbed.com\/","name":"Sleepwell","description":"","potentialAction":[{"@type":"SearchAction","target":{"@type":"EntryPoint","urlTemplate":"https:\/\/sleepwellbed.com\/?s={search_term_string}"},"query-input":{"@type":"PropertyValueSpecification","valueRequired":true,"valueName":"search_term_string"}}],"inLanguage":"lv-LV"}]}},"_links":{"self":[{"href":"https:\/\/sleepwellbed.com\/lv\/wp-json\/wp\/v2\/product\/190529","targetHints":{"allow":["GET"]}}],"collection":[{"href":"https:\/\/sleepwellbed.com\/lv\/wp-json\/wp\/v2\/product"}],"about":[{"href":"https:\/\/sleepwellbed.com\/lv\/wp-json\/wp\/v2\/types\/product"}],"wp:featuredmedia":[{"embeddable":true,"href":"https:\/\/sleepwellbed.com\/lv\/wp-json\/wp\/v2\/media\/578969"}],"wp:attachment":[{"href":"https:\/\/sleepwellbed.com\/lv\/wp-json\/wp\/v2\/media?parent=190529"}],"wp:term":[{"taxonomy":"product_brand","embeddable":true,"href":"https:\/\/sleepwellbed.com\/lv\/wp-json\/wp\/v2\/product_brand?post=190529"},{"taxonomy":"product_cat","embeddable":true,"href":"https:\/\/sleepwellbed.com\/lv\/wp-json\/wp\/v2\/product_cat?post=190529"},{"taxonomy":"product_tag","embeddable":true,"href":"https:\/\/sleepwellbed.com\/lv\/wp-json\/wp\/v2\/product_tag?post=190529"}],"curies":[{"name":"wp","href":"https:\/\/api.w.org\/{rel}","templated":true}]}}