{"id":193857,"date":"2023-01-24T04:00:04","date_gmt":"2023-01-24T02:00:04","guid":{"rendered":"https:\/\/sleepwellbed.com\/product\/top-profiled-foam-kattemadrats\/"},"modified":"2026-05-16T04:51:29","modified_gmt":"2026-05-16T01:51:29","slug":"top-profiled-foam-virsmatracis","status":"publish","type":"product","link":"https:\/\/sleepwellbed.com\/lv\/product\/top-profiled-foam-virsmatracis\/","title":{"rendered":"TOP PROFILED FOAM VIRSMATRACIS"},"content":{"rendered":"<p>Virsmatracis sast\u0101v <strong>no profil\u0113ta porolona,<\/strong> kas nodro\u0161ina labu gaisa pl\u016bsmu un novada mitrumu. Profil\u0113tas porolons pie\u0161\u0137ir matracim m\u012bkstumu un komfortu, k\u0101 ar\u012b labi aizpilda spraugas starp d\u012bv\u0101ngultas spilveniem.<\/p>\n<p>Virsmtra\u010da glud\u0101 puse <strong>ir ciet\u0101ka<\/strong>, bet profil\u0113t\u0101 puse<strong> ir m\u012bkst\u0101ka <\/strong>&#8211; tas nodro\u0161ina j\u016bsu \u0137ermenim vislab\u0101ko atbalstu un miegu.<br \/>Gai\u0161ais matra\u010da p\u0101rvalks ir izgatavots no m\u012bksta, \u0101dai draudz\u012bga un gaisu caurlaid\u012bga elast\u012bga auduma, kuru var viegli no\u0146emt ar r\u0101v\u0113jsl\u0113dz\u0113ju un mazg\u0101t \u016bden\u012b<strong> l\u012bdz 40 gr\u0101diem.<\/strong><br \/>Pieejamie izm\u0113ri 80&#215;200, 90&#215;200,120&#215;200, 140&#215;200, 160&#215;200 ja 180&#215;200.<\/p>\n<p>Produkts ir izstr\u0101d\u0101ts un ra\u017eots Igaunij\u0101.<br \/><strong>Sleepwell izstr\u0101d\u0101jumos izmantotie materi\u0101li, piem\u0113ram, audums, kokvilna, vilna un vatel\u012bns, atbilst starptautiskajam \u00d6ko-Tex 100 standartam.<\/strong><\/p>\n","protected":false},"excerpt":{"rendered":"<p>Virsmatra\u010da sast\u0101v\u0101 ir <b>kvalitat\u012bvs profil\u0113tais porolons<\/b>.<\/p>\n<p><b>Glud\u0101 puse ir ciet\u0101ka, bet profil\u0113t\u0101 puse ir m\u012bkst\u0101ka. <\/b>Atbilsto\u0161i vajadz\u012bbai, virsmatraci var pagriezt, lai garant\u0113tu \u0137ermenim lab\u0101ko atbalstu un miegu.<\/p>\n","protected":false},"featured_media":564229,"template":"","meta":{"_acf_changed":false},"product_brand":[],"product_cat":[705],"product_tag":[715],"class_list":{"0":"post-193857","1":"product","2":"type-product","3":"status-publish","4":"has-post-thumbnail","6":"product_cat-virsmatracis","7":"product_tag-top-lv","8":"description-off","10":"first","11":"outofstock","12":"sale","13":"taxable","14":"shipping-taxable","15":"purchasable","16":"product-type-variable"},"acf":[],"yoast_head":"<!-- This site is optimized with the Yoast SEO plugin v27.0 - https:\/\/yoast.com\/product\/yoast-seo-wordpress\/ -->\n<title>TOP PROFILED FOAM VIRSMATRACIS - Sleepwell<\/title>\n<meta name=\"robots\" content=\"index, follow, max-snippet:-1, max-image-preview:large, max-video-preview:-1\" \/>\n<link rel=\"canonical\" href=\"https:\/\/sleepwellbed.com\/lv\/product\/top-profiled-foam-virsmatracis\/\" \/>\n<meta property=\"og:locale\" content=\"lv_LV\" \/>\n<meta property=\"og:type\" content=\"article\" \/>\n<meta property=\"og:title\" content=\"TOP PROFILED FOAM VIRSMATRACIS - Sleepwell\" \/>\n<meta property=\"og:description\" content=\"Virsmatra\u010da sast\u0101v\u0101 ir kvalitat\u012bvs profil\u0113tais porolons.Glud\u0101 puse ir ciet\u0101ka, bet profil\u0113t\u0101 puse ir m\u012bkst\u0101ka. Atbilsto\u0161i vajadz\u012bbai, virsmatraci var pagriezt, lai garant\u0113tu \u0137ermenim lab\u0101ko atbalstu un miegu.\" \/>\n<meta property=\"og:url\" content=\"https:\/\/sleepwellbed.com\/lv\/product\/top-profiled-foam-virsmatracis\/\" \/>\n<meta property=\"og:site_name\" content=\"Sleepwell\" \/>\n<meta property=\"article:modified_time\" content=\"2026-05-16T01:51:29+00:00\" \/>\n<meta property=\"og:image\" content=\"https:\/\/sleepwellbed.com\/wp-content\/uploads\/2025\/11\/TOP-PROFILED-FOAM-160-labiloige-kattemadrats.png\" \/>\n\t<meta property=\"og:image:width\" content=\"1414\" \/>\n\t<meta property=\"og:image:height\" content=\"1000\" \/>\n\t<meta property=\"og:image:type\" content=\"image\/png\" \/>\n<meta name=\"twitter:card\" content=\"summary_large_image\" \/>\n<meta name=\"twitter:label1\" content=\"Est. reading time\" \/>\n\t<meta name=\"twitter:data1\" content=\"1 minute\" \/>\n<script type=\"application\/ld+json\" class=\"yoast-schema-graph\">{\"@context\":\"https:\/\/schema.org\",\"@graph\":[{\"@type\":\"WebPage\",\"@id\":\"https:\/\/sleepwellbed.com\/lv\/product\/top-profiled-foam-virsmatracis\/\",\"url\":\"https:\/\/sleepwellbed.com\/lv\/product\/top-profiled-foam-virsmatracis\/\",\"name\":\"TOP PROFILED FOAM VIRSMATRACIS - Sleepwell\",\"isPartOf\":{\"@id\":\"https:\/\/sleepwellbed.com\/#website\"},\"primaryImageOfPage\":{\"@id\":\"https:\/\/sleepwellbed.com\/lv\/product\/top-profiled-foam-virsmatracis\/#primaryimage\"},\"image\":{\"@id\":\"https:\/\/sleepwellbed.com\/lv\/product\/top-profiled-foam-virsmatracis\/#primaryimage\"},\"thumbnailUrl\":\"https:\/\/sleepwellbed.com\/wp-content\/uploads\/2025\/11\/TOP-PROFILED-FOAM-160-labiloige-kattemadrats.png\",\"datePublished\":\"2023-01-24T02:00:04+00:00\",\"dateModified\":\"2026-05-16T01:51:29+00:00\",\"breadcrumb\":{\"@id\":\"https:\/\/sleepwellbed.com\/lv\/product\/top-profiled-foam-virsmatracis\/#breadcrumb\"},\"inLanguage\":\"lv-LV\",\"potentialAction\":[{\"@type\":\"ReadAction\",\"target\":[\"https:\/\/sleepwellbed.com\/lv\/product\/top-profiled-foam-virsmatracis\/\"]}]},{\"@type\":\"ImageObject\",\"inLanguage\":\"lv-LV\",\"@id\":\"https:\/\/sleepwellbed.com\/lv\/product\/top-profiled-foam-virsmatracis\/#primaryimage\",\"url\":\"https:\/\/sleepwellbed.com\/wp-content\/uploads\/2025\/11\/TOP-PROFILED-FOAM-160-labiloige-kattemadrats.png\",\"contentUrl\":\"https:\/\/sleepwellbed.com\/wp-content\/uploads\/2025\/11\/TOP-PROFILED-FOAM-160-labiloige-kattemadrats.png\",\"width\":1414,\"height\":1000},{\"@type\":\"BreadcrumbList\",\"@id\":\"https:\/\/sleepwellbed.com\/lv\/product\/top-profiled-foam-virsmatracis\/#breadcrumb\",\"itemListElement\":[{\"@type\":\"ListItem\",\"position\":1,\"name\":\"Home\",\"item\":\"https:\/\/sleepwellbed.com\/lv\/\"},{\"@type\":\"ListItem\",\"position\":2,\"name\":\"Preces\",\"item\":\"https:\/\/sleepwellbed.com\/lv\/preces\/\"},{\"@type\":\"ListItem\",\"position\":3,\"name\":\"TOP PROFILED FOAM VIRSMATRACIS\"}]},{\"@type\":\"WebSite\",\"@id\":\"https:\/\/sleepwellbed.com\/#website\",\"url\":\"https:\/\/sleepwellbed.com\/\",\"name\":\"Sleepwell\",\"description\":\"\",\"potentialAction\":[{\"@type\":\"SearchAction\",\"target\":{\"@type\":\"EntryPoint\",\"urlTemplate\":\"https:\/\/sleepwellbed.com\/?s={search_term_string}\"},\"query-input\":{\"@type\":\"PropertyValueSpecification\",\"valueRequired\":true,\"valueName\":\"search_term_string\"}}],\"inLanguage\":\"lv-LV\"}]}<\/script>\n<!-- \/ Yoast SEO plugin. -->","yoast_head_json":{"title":"TOP PROFILED FOAM VIRSMATRACIS - Sleepwell","robots":{"index":"index","follow":"follow","max-snippet":"max-snippet:-1","max-image-preview":"max-image-preview:large","max-video-preview":"max-video-preview:-1"},"canonical":"https:\/\/sleepwellbed.com\/lv\/product\/top-profiled-foam-virsmatracis\/","og_locale":"lv_LV","og_type":"article","og_title":"TOP PROFILED FOAM VIRSMATRACIS - Sleepwell","og_description":"Virsmatra\u010da sast\u0101v\u0101 ir kvalitat\u012bvs profil\u0113tais porolons.Glud\u0101 puse ir ciet\u0101ka, bet profil\u0113t\u0101 puse ir m\u012bkst\u0101ka. Atbilsto\u0161i vajadz\u012bbai, virsmatraci var pagriezt, lai garant\u0113tu \u0137ermenim lab\u0101ko atbalstu un miegu.","og_url":"https:\/\/sleepwellbed.com\/lv\/product\/top-profiled-foam-virsmatracis\/","og_site_name":"Sleepwell","article_modified_time":"2026-05-16T01:51:29+00:00","og_image":[{"width":1414,"height":1000,"url":"https:\/\/sleepwellbed.com\/wp-content\/uploads\/2025\/11\/TOP-PROFILED-FOAM-160-labiloige-kattemadrats.png","type":"image\/png"}],"twitter_card":"summary_large_image","twitter_misc":{"Est. reading time":"1 minute"},"schema":{"@context":"https:\/\/schema.org","@graph":[{"@type":"WebPage","@id":"https:\/\/sleepwellbed.com\/lv\/product\/top-profiled-foam-virsmatracis\/","url":"https:\/\/sleepwellbed.com\/lv\/product\/top-profiled-foam-virsmatracis\/","name":"TOP PROFILED FOAM VIRSMATRACIS - Sleepwell","isPartOf":{"@id":"https:\/\/sleepwellbed.com\/#website"},"primaryImageOfPage":{"@id":"https:\/\/sleepwellbed.com\/lv\/product\/top-profiled-foam-virsmatracis\/#primaryimage"},"image":{"@id":"https:\/\/sleepwellbed.com\/lv\/product\/top-profiled-foam-virsmatracis\/#primaryimage"},"thumbnailUrl":"https:\/\/sleepwellbed.com\/wp-content\/uploads\/2025\/11\/TOP-PROFILED-FOAM-160-labiloige-kattemadrats.png","datePublished":"2023-01-24T02:00:04+00:00","dateModified":"2026-05-16T01:51:29+00:00","breadcrumb":{"@id":"https:\/\/sleepwellbed.com\/lv\/product\/top-profiled-foam-virsmatracis\/#breadcrumb"},"inLanguage":"lv-LV","potentialAction":[{"@type":"ReadAction","target":["https:\/\/sleepwellbed.com\/lv\/product\/top-profiled-foam-virsmatracis\/"]}]},{"@type":"ImageObject","inLanguage":"lv-LV","@id":"https:\/\/sleepwellbed.com\/lv\/product\/top-profiled-foam-virsmatracis\/#primaryimage","url":"https:\/\/sleepwellbed.com\/wp-content\/uploads\/2025\/11\/TOP-PROFILED-FOAM-160-labiloige-kattemadrats.png","contentUrl":"https:\/\/sleepwellbed.com\/wp-content\/uploads\/2025\/11\/TOP-PROFILED-FOAM-160-labiloige-kattemadrats.png","width":1414,"height":1000},{"@type":"BreadcrumbList","@id":"https:\/\/sleepwellbed.com\/lv\/product\/top-profiled-foam-virsmatracis\/#breadcrumb","itemListElement":[{"@type":"ListItem","position":1,"name":"Home","item":"https:\/\/sleepwellbed.com\/lv\/"},{"@type":"ListItem","position":2,"name":"Preces","item":"https:\/\/sleepwellbed.com\/lv\/preces\/"},{"@type":"ListItem","position":3,"name":"TOP PROFILED FOAM VIRSMATRACIS"}]},{"@type":"WebSite","@id":"https:\/\/sleepwellbed.com\/#website","url":"https:\/\/sleepwellbed.com\/","name":"Sleepwell","description":"","potentialAction":[{"@type":"SearchAction","target":{"@type":"EntryPoint","urlTemplate":"https:\/\/sleepwellbed.com\/?s={search_term_string}"},"query-input":{"@type":"PropertyValueSpecification","valueRequired":true,"valueName":"search_term_string"}}],"inLanguage":"lv-LV"}]}},"_links":{"self":[{"href":"https:\/\/sleepwellbed.com\/lv\/wp-json\/wp\/v2\/product\/193857","targetHints":{"allow":["GET"]}}],"collection":[{"href":"https:\/\/sleepwellbed.com\/lv\/wp-json\/wp\/v2\/product"}],"about":[{"href":"https:\/\/sleepwellbed.com\/lv\/wp-json\/wp\/v2\/types\/product"}],"wp:featuredmedia":[{"embeddable":true,"href":"https:\/\/sleepwellbed.com\/lv\/wp-json\/wp\/v2\/media\/564229"}],"wp:attachment":[{"href":"https:\/\/sleepwellbed.com\/lv\/wp-json\/wp\/v2\/media?parent=193857"}],"wp:term":[{"taxonomy":"product_brand","embeddable":true,"href":"https:\/\/sleepwellbed.com\/lv\/wp-json\/wp\/v2\/product_brand?post=193857"},{"taxonomy":"product_cat","embeddable":true,"href":"https:\/\/sleepwellbed.com\/lv\/wp-json\/wp\/v2\/product_cat?post=193857"},{"taxonomy":"product_tag","embeddable":true,"href":"https:\/\/sleepwellbed.com\/lv\/wp-json\/wp\/v2\/product_tag?post=193857"}],"curies":[{"name":"wp","href":"https:\/\/api.w.org\/{rel}","templated":true}]}}