{"id":193937,"date":"2023-01-24T04:20:05","date_gmt":"2023-01-24T02:20:05","guid":{"rendered":"https:\/\/sleepwellbed.com\/product\/top-tiger-touch-plus-kattemadrats\/"},"modified":"2026-04-17T04:51:45","modified_gmt":"2026-04-17T01:51:45","slug":"top-tiger-touch-plus-virsmatracis","status":"publish","type":"product","link":"https:\/\/sleepwellbed.com\/lv\/product\/top-tiger-touch-plus-virsmatracis\/","title":{"rendered":"TOP TIGER TOUCH PLUS VIRSMATRACIS"},"content":{"rendered":"<p>T\u0101 sast\u0101v\u0101 ir profil\u0113ts 7 zonu Tiger Touch porolons, kas ir jaun\u0101kais v\u0101rds materi\u0101lu industrij\u0101 &#8211; \u013cauj gaisam labi pl\u016bst un veido pat\u012bkami atsper\u012bgu, \u0137ermeni atbalsto\u0161u formu.<\/p>\n<p>Audums ar \u012bpa\u0161u Sensity\u2122 apstr\u0101di, kas nov\u0113r\u0161 putek\u013cu \u0113rc\u012b\u0161u, pel\u0113juma un kait\u012bgo bakt\u0113riju veido\u0161anos un neitraliz\u0113 nepat\u012bkam\u0101s smakas.<br \/>Lai nodro\u0161in\u0101tu lab\u0101ku gaisa cirkul\u0101ciju, matra\u010da s\u0101nos atrodas 3D auduma sloksne.<br \/>Papildkomfortu nodro\u0161ina vilna vien\u0101 pus\u0113 (ziemas pus\u0113), bet kokvilna otr\u0101 pus\u0113 (vasaras pus\u0113).<\/p>\n<p>Matra\u010da p\u0101rvalks ir no\u0146emams un to dr\u012bkst mazg\u0101t \u016bden\u012b, kura temperat\u016bra nep\u0101rsniedz 40 gr\u0101dus.<br \/>Pieejamie izm\u0113ri 80&#215;200, 90&#215;200, 120&#215;200, 140&#215;200, 140&#215;210, 160&#215;200, 160&#215;210, 180&#215;200 ja 180&#215;210. <\/p>\n<p>Produkts ir izstr\u0101d\u0101ts un ra\u017eots Igaunij\u0101.<br \/><strong>Porolona kvalit\u0101ti ir apstiprin\u0101jusi Igaunijas Aler\u0123ijas biedr\u012bba. Sleepwell izstr\u0101d\u0101jumos izmantotie materi\u0101li, piem\u0113ram, audums, kokvilna, vilna un vatel\u012bns, atbilst starptautiskajam \u00d6ko-Tex 100 standartam.<\/strong><\/p>\n","protected":false},"excerpt":{"rendered":"<p>Virsmatra\u010da sast\u0101v\u0101 ir profil\u0113ts <b>7 zonu Tiger Touch porolons<\/b>, kas ir jaun\u0101kais v\u0101rds materi\u0101lu industrij\u0101 &#8211; \u013cauj gaisam labi pl\u016bst un veido pat\u012bkami atsper\u012bgu, \u0137ermeni atbalsto\u0161u formu. <\/p>\n<p>Lai nodro\u0161in\u0101tu lab\u0101ku gaisa cirkul\u0101ciju, virsmatra\u010da s\u0101nos ir<b> 3D auduma josla<\/b>.<\/p>\n<p>P\u0101rkl\u0101juma audumam ir<b> Sensity\u2122 aizsardz\u012bba pret putek\u013cu \u0113rc\u012bt\u0113m.<\/b><\/p>\n<p><b>Porolonu ir apstiprin\u0101jusi Igaunijas Aler\u0123ijas asoci\u0101cija.<\/b><\/p>\n","protected":false},"featured_media":564237,"template":"","meta":{"_acf_changed":false},"product_brand":[],"product_cat":[705],"product_tag":[715],"class_list":{"0":"post-193937","1":"product","2":"type-product","3":"status-publish","4":"has-post-thumbnail","6":"product_cat-virsmatracis","7":"product_tag-top-lv","8":"description-off","10":"first","11":"outofstock","12":"sale","13":"taxable","14":"shipping-taxable","15":"purchasable","16":"product-type-variable"},"acf":[],"yoast_head":"<!-- This site is optimized with the Yoast SEO plugin v27.0 - https:\/\/yoast.com\/product\/yoast-seo-wordpress\/ -->\n<title>TOP TIGER TOUCH PLUS VIRSMATRACIS - Sleepwell<\/title>\n<meta name=\"robots\" content=\"index, follow, max-snippet:-1, max-image-preview:large, max-video-preview:-1\" \/>\n<link rel=\"canonical\" href=\"https:\/\/sleepwellbed.com\/lv\/product\/top-tiger-touch-plus-virsmatracis\/\" \/>\n<meta property=\"og:locale\" content=\"lv_LV\" \/>\n<meta property=\"og:type\" content=\"article\" \/>\n<meta property=\"og:title\" content=\"TOP TIGER TOUCH PLUS VIRSMATRACIS - Sleepwell\" \/>\n<meta property=\"og:description\" content=\"Virsmatra\u010da sast\u0101v\u0101 ir profil\u0113ts 7 zonu Tiger Touch porolons, kas ir jaun\u0101kais v\u0101rds materi\u0101lu industrij\u0101 - \u013cauj gaisam labi pl\u016bst un veido pat\u012bkami atsper\u012bgu, \u0137ermeni atbalsto\u0161u formu. Lai nodro\u0161in\u0101tu lab\u0101ku gaisa cirkul\u0101ciju, virsmatra\u010da s\u0101nos ir 3D auduma josla.P\u0101rkl\u0101juma audumam ir Sensity\u2122 aizsardz\u012bba pret putek\u013cu \u0113rc\u012bt\u0113m.Porolonu ir apstiprin\u0101jusi Igaunijas Aler\u0123ijas asoci\u0101cija.\" \/>\n<meta property=\"og:url\" content=\"https:\/\/sleepwellbed.com\/lv\/product\/top-tiger-touch-plus-virsmatracis\/\" \/>\n<meta property=\"og:site_name\" content=\"Sleepwell\" \/>\n<meta property=\"article:modified_time\" content=\"2026-04-17T01:51:45+00:00\" \/>\n<meta property=\"og:image\" content=\"https:\/\/sleepwellbed.com\/wp-content\/uploads\/2025\/11\/TOP-TIGER-TOUCH-PLUS-160-labiloige-kattemadrats.png\" \/>\n\t<meta property=\"og:image:width\" content=\"1414\" \/>\n\t<meta property=\"og:image:height\" content=\"1000\" \/>\n\t<meta property=\"og:image:type\" content=\"image\/png\" \/>\n<meta name=\"twitter:card\" content=\"summary_large_image\" \/>\n<meta name=\"twitter:label1\" content=\"Est. reading time\" \/>\n\t<meta name=\"twitter:data1\" content=\"1 minute\" \/>\n<script type=\"application\/ld+json\" class=\"yoast-schema-graph\">{\"@context\":\"https:\/\/schema.org\",\"@graph\":[{\"@type\":\"WebPage\",\"@id\":\"https:\/\/sleepwellbed.com\/lv\/product\/top-tiger-touch-plus-virsmatracis\/\",\"url\":\"https:\/\/sleepwellbed.com\/lv\/product\/top-tiger-touch-plus-virsmatracis\/\",\"name\":\"TOP TIGER TOUCH PLUS VIRSMATRACIS - Sleepwell\",\"isPartOf\":{\"@id\":\"https:\/\/sleepwellbed.com\/#website\"},\"primaryImageOfPage\":{\"@id\":\"https:\/\/sleepwellbed.com\/lv\/product\/top-tiger-touch-plus-virsmatracis\/#primaryimage\"},\"image\":{\"@id\":\"https:\/\/sleepwellbed.com\/lv\/product\/top-tiger-touch-plus-virsmatracis\/#primaryimage\"},\"thumbnailUrl\":\"https:\/\/sleepwellbed.com\/wp-content\/uploads\/2025\/11\/TOP-TIGER-TOUCH-PLUS-160-labiloige-kattemadrats.png\",\"datePublished\":\"2023-01-24T02:20:05+00:00\",\"dateModified\":\"2026-04-17T01:51:45+00:00\",\"breadcrumb\":{\"@id\":\"https:\/\/sleepwellbed.com\/lv\/product\/top-tiger-touch-plus-virsmatracis\/#breadcrumb\"},\"inLanguage\":\"lv-LV\",\"potentialAction\":[{\"@type\":\"ReadAction\",\"target\":[\"https:\/\/sleepwellbed.com\/lv\/product\/top-tiger-touch-plus-virsmatracis\/\"]}]},{\"@type\":\"ImageObject\",\"inLanguage\":\"lv-LV\",\"@id\":\"https:\/\/sleepwellbed.com\/lv\/product\/top-tiger-touch-plus-virsmatracis\/#primaryimage\",\"url\":\"https:\/\/sleepwellbed.com\/wp-content\/uploads\/2025\/11\/TOP-TIGER-TOUCH-PLUS-160-labiloige-kattemadrats.png\",\"contentUrl\":\"https:\/\/sleepwellbed.com\/wp-content\/uploads\/2025\/11\/TOP-TIGER-TOUCH-PLUS-160-labiloige-kattemadrats.png\",\"width\":1414,\"height\":1000},{\"@type\":\"BreadcrumbList\",\"@id\":\"https:\/\/sleepwellbed.com\/lv\/product\/top-tiger-touch-plus-virsmatracis\/#breadcrumb\",\"itemListElement\":[{\"@type\":\"ListItem\",\"position\":1,\"name\":\"Home\",\"item\":\"https:\/\/sleepwellbed.com\/lv\/\"},{\"@type\":\"ListItem\",\"position\":2,\"name\":\"Preces\",\"item\":\"https:\/\/sleepwellbed.com\/lv\/preces\/\"},{\"@type\":\"ListItem\",\"position\":3,\"name\":\"TOP TIGER TOUCH PLUS VIRSMATRACIS\"}]},{\"@type\":\"WebSite\",\"@id\":\"https:\/\/sleepwellbed.com\/#website\",\"url\":\"https:\/\/sleepwellbed.com\/\",\"name\":\"Sleepwell\",\"description\":\"\",\"potentialAction\":[{\"@type\":\"SearchAction\",\"target\":{\"@type\":\"EntryPoint\",\"urlTemplate\":\"https:\/\/sleepwellbed.com\/?s={search_term_string}\"},\"query-input\":{\"@type\":\"PropertyValueSpecification\",\"valueRequired\":true,\"valueName\":\"search_term_string\"}}],\"inLanguage\":\"lv-LV\"}]}<\/script>\n<!-- \/ Yoast SEO plugin. -->","yoast_head_json":{"title":"TOP TIGER TOUCH PLUS VIRSMATRACIS - Sleepwell","robots":{"index":"index","follow":"follow","max-snippet":"max-snippet:-1","max-image-preview":"max-image-preview:large","max-video-preview":"max-video-preview:-1"},"canonical":"https:\/\/sleepwellbed.com\/lv\/product\/top-tiger-touch-plus-virsmatracis\/","og_locale":"lv_LV","og_type":"article","og_title":"TOP TIGER TOUCH PLUS VIRSMATRACIS - Sleepwell","og_description":"Virsmatra\u010da sast\u0101v\u0101 ir profil\u0113ts 7 zonu Tiger Touch porolons, kas ir jaun\u0101kais v\u0101rds materi\u0101lu industrij\u0101 - \u013cauj gaisam labi pl\u016bst un veido pat\u012bkami atsper\u012bgu, \u0137ermeni atbalsto\u0161u formu. Lai nodro\u0161in\u0101tu lab\u0101ku gaisa cirkul\u0101ciju, virsmatra\u010da s\u0101nos ir 3D auduma josla.P\u0101rkl\u0101juma audumam ir Sensity\u2122 aizsardz\u012bba pret putek\u013cu \u0113rc\u012bt\u0113m.Porolonu ir apstiprin\u0101jusi Igaunijas Aler\u0123ijas asoci\u0101cija.","og_url":"https:\/\/sleepwellbed.com\/lv\/product\/top-tiger-touch-plus-virsmatracis\/","og_site_name":"Sleepwell","article_modified_time":"2026-04-17T01:51:45+00:00","og_image":[{"width":1414,"height":1000,"url":"https:\/\/sleepwellbed.com\/wp-content\/uploads\/2025\/11\/TOP-TIGER-TOUCH-PLUS-160-labiloige-kattemadrats.png","type":"image\/png"}],"twitter_card":"summary_large_image","twitter_misc":{"Est. reading time":"1 minute"},"schema":{"@context":"https:\/\/schema.org","@graph":[{"@type":"WebPage","@id":"https:\/\/sleepwellbed.com\/lv\/product\/top-tiger-touch-plus-virsmatracis\/","url":"https:\/\/sleepwellbed.com\/lv\/product\/top-tiger-touch-plus-virsmatracis\/","name":"TOP TIGER TOUCH PLUS VIRSMATRACIS - Sleepwell","isPartOf":{"@id":"https:\/\/sleepwellbed.com\/#website"},"primaryImageOfPage":{"@id":"https:\/\/sleepwellbed.com\/lv\/product\/top-tiger-touch-plus-virsmatracis\/#primaryimage"},"image":{"@id":"https:\/\/sleepwellbed.com\/lv\/product\/top-tiger-touch-plus-virsmatracis\/#primaryimage"},"thumbnailUrl":"https:\/\/sleepwellbed.com\/wp-content\/uploads\/2025\/11\/TOP-TIGER-TOUCH-PLUS-160-labiloige-kattemadrats.png","datePublished":"2023-01-24T02:20:05+00:00","dateModified":"2026-04-17T01:51:45+00:00","breadcrumb":{"@id":"https:\/\/sleepwellbed.com\/lv\/product\/top-tiger-touch-plus-virsmatracis\/#breadcrumb"},"inLanguage":"lv-LV","potentialAction":[{"@type":"ReadAction","target":["https:\/\/sleepwellbed.com\/lv\/product\/top-tiger-touch-plus-virsmatracis\/"]}]},{"@type":"ImageObject","inLanguage":"lv-LV","@id":"https:\/\/sleepwellbed.com\/lv\/product\/top-tiger-touch-plus-virsmatracis\/#primaryimage","url":"https:\/\/sleepwellbed.com\/wp-content\/uploads\/2025\/11\/TOP-TIGER-TOUCH-PLUS-160-labiloige-kattemadrats.png","contentUrl":"https:\/\/sleepwellbed.com\/wp-content\/uploads\/2025\/11\/TOP-TIGER-TOUCH-PLUS-160-labiloige-kattemadrats.png","width":1414,"height":1000},{"@type":"BreadcrumbList","@id":"https:\/\/sleepwellbed.com\/lv\/product\/top-tiger-touch-plus-virsmatracis\/#breadcrumb","itemListElement":[{"@type":"ListItem","position":1,"name":"Home","item":"https:\/\/sleepwellbed.com\/lv\/"},{"@type":"ListItem","position":2,"name":"Preces","item":"https:\/\/sleepwellbed.com\/lv\/preces\/"},{"@type":"ListItem","position":3,"name":"TOP TIGER TOUCH PLUS VIRSMATRACIS"}]},{"@type":"WebSite","@id":"https:\/\/sleepwellbed.com\/#website","url":"https:\/\/sleepwellbed.com\/","name":"Sleepwell","description":"","potentialAction":[{"@type":"SearchAction","target":{"@type":"EntryPoint","urlTemplate":"https:\/\/sleepwellbed.com\/?s={search_term_string}"},"query-input":{"@type":"PropertyValueSpecification","valueRequired":true,"valueName":"search_term_string"}}],"inLanguage":"lv-LV"}]}},"_links":{"self":[{"href":"https:\/\/sleepwellbed.com\/lv\/wp-json\/wp\/v2\/product\/193937","targetHints":{"allow":["GET"]}}],"collection":[{"href":"https:\/\/sleepwellbed.com\/lv\/wp-json\/wp\/v2\/product"}],"about":[{"href":"https:\/\/sleepwellbed.com\/lv\/wp-json\/wp\/v2\/types\/product"}],"wp:featuredmedia":[{"embeddable":true,"href":"https:\/\/sleepwellbed.com\/lv\/wp-json\/wp\/v2\/media\/564237"}],"wp:attachment":[{"href":"https:\/\/sleepwellbed.com\/lv\/wp-json\/wp\/v2\/media?parent=193937"}],"wp:term":[{"taxonomy":"product_brand","embeddable":true,"href":"https:\/\/sleepwellbed.com\/lv\/wp-json\/wp\/v2\/product_brand?post=193937"},{"taxonomy":"product_cat","embeddable":true,"href":"https:\/\/sleepwellbed.com\/lv\/wp-json\/wp\/v2\/product_cat?post=193937"},{"taxonomy":"product_tag","embeddable":true,"href":"https:\/\/sleepwellbed.com\/lv\/wp-json\/wp\/v2\/product_tag?post=193937"}],"curies":[{"name":"wp","href":"https:\/\/api.w.org\/{rel}","templated":true}]}}