{"id":194493,"date":"2023-01-24T04:30:05","date_gmt":"2023-01-24T02:30:05","guid":{"rendered":"https:\/\/sleepwellbed.com\/product\/top-coco-kattemadrats\/"},"modified":"2026-04-10T08:18:32","modified_gmt":"2026-04-10T05:18:32","slug":"top-coco-virsmatracis","status":"publish","type":"product","link":"https:\/\/sleepwellbed.com\/lv\/product\/top-coco-virsmatracis\/","title":{"rendered":"TOP COCO  VIRSMATRACIS"},"content":{"rendered":"<p>Virsmatra\u010da sast\u0101v\u0101 ir no dab\u012bg\u0101m kokosriekstu \u0161\u0137iedr\u0101m veidots sl\u0101nis, kas padara visu gultas virsmu ciet\u0101ku.<br \/>Pateicoties \u0161\u0137iedrainajai strukt\u016brai, \u0137ermenis nesv\u012bst, jo virsmatra\u010da iek\u0161pus\u0113 gaiss var br\u012bvi p\u0101rvietoties.<\/p>\n<p>Lai rad\u012btu papildkomfortu, virsmatra\u010da vien\u0101 pus\u0113 ir izmantots 100% kokvilnas sl\u0101nis (vasaras pus\u0113) un 100% vilnas sl\u0101nis (ziemas pus\u0113).<br \/>Audums, kas satur dab\u012bg\u0101s bambusa \u0161\u0137iedras, labi novada mitrumu un mazina sv\u012b\u0161anas risku.<br \/>Matra\u010da p\u0101rvalks ir no\u0146emams un to dr\u012bkst mazg\u0101t \u016bden\u012b, kura temperat\u016bra nep\u0101rsniedz 40 gr\u0101dus.<\/p>\n<p>Pieejamie izm\u0113ri 80&#215;200, 90&#215;200, 120&#215;200, 140&#215;200, 160&#215;200 ja 180&#215;200.<\/p>\n<p>Produkts ir izstr\u0101d\u0101ts un ra\u017eots Igaunij\u0101.<br \/><strong>Sleepwell izstr\u0101d\u0101jumos izmantotie materi\u0101li, piem\u0113ram, audums, kokvilna, vilna un vatel\u012bns, atbilst starptautiskajam \u00d6ko-Tex 100 standartam.<\/strong><\/p>\n","protected":false},"excerpt":{"rendered":"<p>Virsmatra\u010da pamat\u0101 ir dab\u012bgs, no <b>kokosrieksta \u0161\u0137iedr\u0101m veidots sl\u0101nis<\/b>. <\/p>\n<p>Audums, kas satur <b>dab\u012bg\u0101 bambusa \u0161\u0137iedras,<\/b> labi vada mitrumu un<b> mazina sv\u012b\u0161anas risku.<\/b> <\/p>\n<p>Ide\u0101ls virsmatracis, lai <b>padar\u012btu apak\u0161matraci stingr\u0101ku<\/b>. Galvenok\u0101rt paredz\u0113ts cilv\u0113kiem ar <b>muguras probl\u0113m\u0101m<\/b> un tiem, kas dod priek\u0161roku gul\u0113\u0161anai uz ciet\u0101kas virsmas.<\/p>\n","protected":false},"featured_media":564241,"template":"","meta":{"_acf_changed":false},"product_brand":[],"product_cat":[705],"product_tag":[715],"class_list":{"0":"post-194493","1":"product","2":"type-product","3":"status-publish","4":"has-post-thumbnail","6":"product_cat-virsmatracis","7":"product_tag-top-lv","8":"description-off","10":"first","11":"outofstock","12":"sale","13":"taxable","14":"shipping-taxable","15":"purchasable","16":"product-type-variable"},"acf":[],"yoast_head":"<!-- This site is optimized with the Yoast SEO plugin v27.0 - https:\/\/yoast.com\/product\/yoast-seo-wordpress\/ -->\n<title>TOP COCO VIRSMATRACIS - Sleepwell<\/title>\n<meta name=\"robots\" content=\"index, follow, max-snippet:-1, max-image-preview:large, max-video-preview:-1\" \/>\n<link rel=\"canonical\" href=\"https:\/\/sleepwellbed.com\/lv\/product\/top-coco-virsmatracis\/\" \/>\n<meta property=\"og:locale\" content=\"lv_LV\" \/>\n<meta property=\"og:type\" content=\"article\" \/>\n<meta property=\"og:title\" content=\"TOP COCO VIRSMATRACIS - Sleepwell\" \/>\n<meta property=\"og:description\" content=\"Virsmatra\u010da pamat\u0101 ir dab\u012bgs, no kokosrieksta \u0161\u0137iedr\u0101m veidots sl\u0101nis. Audums, kas satur dab\u012bg\u0101 bambusa \u0161\u0137iedras, labi vada mitrumu un mazina sv\u012b\u0161anas risku. Ide\u0101ls virsmatracis, lai padar\u012btu apak\u0161matraci stingr\u0101ku. Galvenok\u0101rt paredz\u0113ts cilv\u0113kiem ar muguras probl\u0113m\u0101m un tiem, kas dod priek\u0161roku gul\u0113\u0161anai uz ciet\u0101kas virsmas.\" \/>\n<meta property=\"og:url\" content=\"https:\/\/sleepwellbed.com\/lv\/product\/top-coco-virsmatracis\/\" \/>\n<meta property=\"og:site_name\" content=\"Sleepwell\" \/>\n<meta property=\"article:modified_time\" content=\"2026-04-10T05:18:32+00:00\" \/>\n<meta property=\"og:image\" content=\"https:\/\/sleepwellbed.com\/wp-content\/uploads\/2025\/11\/TOP-COCO-160-labiloige-kattemadrats.png\" \/>\n\t<meta property=\"og:image:width\" content=\"1414\" \/>\n\t<meta property=\"og:image:height\" content=\"1000\" \/>\n\t<meta property=\"og:image:type\" content=\"image\/png\" \/>\n<meta name=\"twitter:card\" content=\"summary_large_image\" \/>\n<meta name=\"twitter:label1\" content=\"Est. reading time\" \/>\n\t<meta name=\"twitter:data1\" content=\"1 minute\" \/>\n<script type=\"application\/ld+json\" class=\"yoast-schema-graph\">{\"@context\":\"https:\/\/schema.org\",\"@graph\":[{\"@type\":\"WebPage\",\"@id\":\"https:\/\/sleepwellbed.com\/lv\/product\/top-coco-virsmatracis\/\",\"url\":\"https:\/\/sleepwellbed.com\/lv\/product\/top-coco-virsmatracis\/\",\"name\":\"TOP COCO VIRSMATRACIS - Sleepwell\",\"isPartOf\":{\"@id\":\"https:\/\/sleepwellbed.com\/#website\"},\"primaryImageOfPage\":{\"@id\":\"https:\/\/sleepwellbed.com\/lv\/product\/top-coco-virsmatracis\/#primaryimage\"},\"image\":{\"@id\":\"https:\/\/sleepwellbed.com\/lv\/product\/top-coco-virsmatracis\/#primaryimage\"},\"thumbnailUrl\":\"https:\/\/sleepwellbed.com\/wp-content\/uploads\/2025\/11\/TOP-COCO-160-labiloige-kattemadrats.png\",\"datePublished\":\"2023-01-24T02:30:05+00:00\",\"dateModified\":\"2026-04-10T05:18:32+00:00\",\"breadcrumb\":{\"@id\":\"https:\/\/sleepwellbed.com\/lv\/product\/top-coco-virsmatracis\/#breadcrumb\"},\"inLanguage\":\"lv-LV\",\"potentialAction\":[{\"@type\":\"ReadAction\",\"target\":[\"https:\/\/sleepwellbed.com\/lv\/product\/top-coco-virsmatracis\/\"]}]},{\"@type\":\"ImageObject\",\"inLanguage\":\"lv-LV\",\"@id\":\"https:\/\/sleepwellbed.com\/lv\/product\/top-coco-virsmatracis\/#primaryimage\",\"url\":\"https:\/\/sleepwellbed.com\/wp-content\/uploads\/2025\/11\/TOP-COCO-160-labiloige-kattemadrats.png\",\"contentUrl\":\"https:\/\/sleepwellbed.com\/wp-content\/uploads\/2025\/11\/TOP-COCO-160-labiloige-kattemadrats.png\",\"width\":1414,\"height\":1000},{\"@type\":\"BreadcrumbList\",\"@id\":\"https:\/\/sleepwellbed.com\/lv\/product\/top-coco-virsmatracis\/#breadcrumb\",\"itemListElement\":[{\"@type\":\"ListItem\",\"position\":1,\"name\":\"Home\",\"item\":\"https:\/\/sleepwellbed.com\/lv\/\"},{\"@type\":\"ListItem\",\"position\":2,\"name\":\"Preces\",\"item\":\"https:\/\/sleepwellbed.com\/lv\/preces\/\"},{\"@type\":\"ListItem\",\"position\":3,\"name\":\"TOP COCO VIRSMATRACIS\"}]},{\"@type\":\"WebSite\",\"@id\":\"https:\/\/sleepwellbed.com\/#website\",\"url\":\"https:\/\/sleepwellbed.com\/\",\"name\":\"Sleepwell\",\"description\":\"\",\"potentialAction\":[{\"@type\":\"SearchAction\",\"target\":{\"@type\":\"EntryPoint\",\"urlTemplate\":\"https:\/\/sleepwellbed.com\/?s={search_term_string}\"},\"query-input\":{\"@type\":\"PropertyValueSpecification\",\"valueRequired\":true,\"valueName\":\"search_term_string\"}}],\"inLanguage\":\"lv-LV\"}]}<\/script>\n<!-- \/ Yoast SEO plugin. -->","yoast_head_json":{"title":"TOP COCO VIRSMATRACIS - Sleepwell","robots":{"index":"index","follow":"follow","max-snippet":"max-snippet:-1","max-image-preview":"max-image-preview:large","max-video-preview":"max-video-preview:-1"},"canonical":"https:\/\/sleepwellbed.com\/lv\/product\/top-coco-virsmatracis\/","og_locale":"lv_LV","og_type":"article","og_title":"TOP COCO VIRSMATRACIS - Sleepwell","og_description":"Virsmatra\u010da pamat\u0101 ir dab\u012bgs, no kokosrieksta \u0161\u0137iedr\u0101m veidots sl\u0101nis. Audums, kas satur dab\u012bg\u0101 bambusa \u0161\u0137iedras, labi vada mitrumu un mazina sv\u012b\u0161anas risku. Ide\u0101ls virsmatracis, lai padar\u012btu apak\u0161matraci stingr\u0101ku. Galvenok\u0101rt paredz\u0113ts cilv\u0113kiem ar muguras probl\u0113m\u0101m un tiem, kas dod priek\u0161roku gul\u0113\u0161anai uz ciet\u0101kas virsmas.","og_url":"https:\/\/sleepwellbed.com\/lv\/product\/top-coco-virsmatracis\/","og_site_name":"Sleepwell","article_modified_time":"2026-04-10T05:18:32+00:00","og_image":[{"width":1414,"height":1000,"url":"https:\/\/sleepwellbed.com\/wp-content\/uploads\/2025\/11\/TOP-COCO-160-labiloige-kattemadrats.png","type":"image\/png"}],"twitter_card":"summary_large_image","twitter_misc":{"Est. reading time":"1 minute"},"schema":{"@context":"https:\/\/schema.org","@graph":[{"@type":"WebPage","@id":"https:\/\/sleepwellbed.com\/lv\/product\/top-coco-virsmatracis\/","url":"https:\/\/sleepwellbed.com\/lv\/product\/top-coco-virsmatracis\/","name":"TOP COCO VIRSMATRACIS - Sleepwell","isPartOf":{"@id":"https:\/\/sleepwellbed.com\/#website"},"primaryImageOfPage":{"@id":"https:\/\/sleepwellbed.com\/lv\/product\/top-coco-virsmatracis\/#primaryimage"},"image":{"@id":"https:\/\/sleepwellbed.com\/lv\/product\/top-coco-virsmatracis\/#primaryimage"},"thumbnailUrl":"https:\/\/sleepwellbed.com\/wp-content\/uploads\/2025\/11\/TOP-COCO-160-labiloige-kattemadrats.png","datePublished":"2023-01-24T02:30:05+00:00","dateModified":"2026-04-10T05:18:32+00:00","breadcrumb":{"@id":"https:\/\/sleepwellbed.com\/lv\/product\/top-coco-virsmatracis\/#breadcrumb"},"inLanguage":"lv-LV","potentialAction":[{"@type":"ReadAction","target":["https:\/\/sleepwellbed.com\/lv\/product\/top-coco-virsmatracis\/"]}]},{"@type":"ImageObject","inLanguage":"lv-LV","@id":"https:\/\/sleepwellbed.com\/lv\/product\/top-coco-virsmatracis\/#primaryimage","url":"https:\/\/sleepwellbed.com\/wp-content\/uploads\/2025\/11\/TOP-COCO-160-labiloige-kattemadrats.png","contentUrl":"https:\/\/sleepwellbed.com\/wp-content\/uploads\/2025\/11\/TOP-COCO-160-labiloige-kattemadrats.png","width":1414,"height":1000},{"@type":"BreadcrumbList","@id":"https:\/\/sleepwellbed.com\/lv\/product\/top-coco-virsmatracis\/#breadcrumb","itemListElement":[{"@type":"ListItem","position":1,"name":"Home","item":"https:\/\/sleepwellbed.com\/lv\/"},{"@type":"ListItem","position":2,"name":"Preces","item":"https:\/\/sleepwellbed.com\/lv\/preces\/"},{"@type":"ListItem","position":3,"name":"TOP COCO VIRSMATRACIS"}]},{"@type":"WebSite","@id":"https:\/\/sleepwellbed.com\/#website","url":"https:\/\/sleepwellbed.com\/","name":"Sleepwell","description":"","potentialAction":[{"@type":"SearchAction","target":{"@type":"EntryPoint","urlTemplate":"https:\/\/sleepwellbed.com\/?s={search_term_string}"},"query-input":{"@type":"PropertyValueSpecification","valueRequired":true,"valueName":"search_term_string"}}],"inLanguage":"lv-LV"}]}},"_links":{"self":[{"href":"https:\/\/sleepwellbed.com\/lv\/wp-json\/wp\/v2\/product\/194493","targetHints":{"allow":["GET"]}}],"collection":[{"href":"https:\/\/sleepwellbed.com\/lv\/wp-json\/wp\/v2\/product"}],"about":[{"href":"https:\/\/sleepwellbed.com\/lv\/wp-json\/wp\/v2\/types\/product"}],"wp:featuredmedia":[{"embeddable":true,"href":"https:\/\/sleepwellbed.com\/lv\/wp-json\/wp\/v2\/media\/564241"}],"wp:attachment":[{"href":"https:\/\/sleepwellbed.com\/lv\/wp-json\/wp\/v2\/media?parent=194493"}],"wp:term":[{"taxonomy":"product_brand","embeddable":true,"href":"https:\/\/sleepwellbed.com\/lv\/wp-json\/wp\/v2\/product_brand?post=194493"},{"taxonomy":"product_cat","embeddable":true,"href":"https:\/\/sleepwellbed.com\/lv\/wp-json\/wp\/v2\/product_cat?post=194493"},{"taxonomy":"product_tag","embeddable":true,"href":"https:\/\/sleepwellbed.com\/lv\/wp-json\/wp\/v2\/product_tag?post=194493"}],"curies":[{"name":"wp","href":"https:\/\/api.w.org\/{rel}","templated":true}]}}