{"id":196753,"date":"2023-01-24T05:10:05","date_gmt":"2023-01-24T03:10:05","guid":{"rendered":"https:\/\/sleepwellbed.com\/product\/top-green-kattemadrats\/"},"modified":"2026-04-10T08:18:38","modified_gmt":"2026-04-10T05:18:38","slug":"top-memory-virsmatracis","status":"publish","type":"product","link":"https:\/\/sleepwellbed.com\/lv\/product\/top-memory-virsmatracis\/","title":{"rendered":"TOP MEMORY VIRSMATRACIS"},"content":{"rendered":"<div>Virsmatra\u010da satur\u0101 ir 5 cm perfor\u0113tas Memory Foam putas, kas satur iev\u0113rojamu daudzumu dab\u012bg\u0101s r\u012bcine\u013c\u013cas. R\u012bcine\u013c\u013ca kav\u0113 putek\u013cu \u0113rc\u012b\u0161u un bakt\u0113riju vairo\u0161anos un tai piem\u012bt aler\u0123iju mazino\u0161a iedarb\u012bba<\/p>\n<p>Matra\u010da p\u0101rvalks ir izgatavots no inovat\u012bva Seaqual auduma, kas ra\u017eots no 100% p\u0101rstr\u0101d\u0101tiem materi\u0101liem.<br \/>Lai nodro\u0161in\u0101tu lab\u0101ku gaisa cirkul\u0101ciju, matra\u010da s\u0101nos atrodas 3D auduma sloksne.<br \/>Papildkomfortu nodro\u0161ina vilna vien\u0101 pus\u0113 (ziemas pus\u0113), bet kokvilna otr\u0101 pus\u0113 (vasaras pus\u0113). Produktam ir pie\u0161\u0137irta Igaunijas Aler\u0123ijas biedr\u012bbas atzin\u012bbas z\u012bme.<\/p>\n<p>Pieejamie izm\u0113ri 80&#215;200, 90&#215;200, 120&#215;200, 140&#215;200, 140&#215;210, 160&#215;200, 160&#215;210, 180&#215;200 ja 180x210cm. Produkts ir izstr\u0101d\u0101ts un ra\u017eots Igaunij\u0101.<br \/>Sleepwell izstr\u0101d\u0101jumos izmantotie materi\u0101li, piem\u0113ram, audums, kokvilna, vilna un vatel\u012bns, atbilst starptautiskajam \u00d6ko-Tex 100 standartam.<\/div>\n","protected":false},"excerpt":{"rendered":"<div>Virsmatra\u010da satur\u0101 ir profil\u0113tas 7 zonu Memory foam atmi\u0146as putas, ka satur iev\u0113rojamu daudzumu dab\u012bg\u0101s r\u012bcine\u013c\u013cas. R\u012bcine\u013c\u013ca kav\u0113 putek\u013cu \u0113rc\u012b\u0161u un bakt\u0113riju vairo\u0161anos un tai piem\u012bt aler\u0123iju mazino\u0161a iedarb\u012bba.<\/p>\n<p>Matra\u010da p\u0101rvalks ir izgatavots no inovat\u012bva Seaqual auduma, kas ra\u017eots no 100% p\u0101rstr\u0101d\u0101tiem materi\u0101liem.<\/p>\n<p>P\u0101rvalkam ir Igaunijas aler\u0123ijas asoci\u0101cijas mar\u0137\u0113jums, p\u0101rvalku dr\u012bkst mazg\u0101t \u016bden\u012b, kura temperat\u016bra nep\u0101rsniedz 60 gr\u0101dus.<\/p><\/div>\n","protected":false},"featured_media":564254,"template":"","meta":{"_acf_changed":false},"product_brand":[],"product_cat":[705],"product_tag":[715],"class_list":{"0":"post-196753","1":"product","2":"type-product","3":"status-publish","4":"has-post-thumbnail","6":"product_cat-virsmatracis","7":"product_tag-top-lv","8":"description-off","10":"first","11":"outofstock","12":"sale","13":"taxable","14":"shipping-taxable","15":"purchasable","16":"product-type-variable"},"acf":[],"yoast_head":"<!-- This site is optimized with the Yoast SEO plugin v27.0 - https:\/\/yoast.com\/product\/yoast-seo-wordpress\/ -->\n<title>TOP MEMORY VIRSMATRACIS - Sleepwell<\/title>\n<meta name=\"robots\" content=\"index, follow, max-snippet:-1, max-image-preview:large, max-video-preview:-1\" \/>\n<link rel=\"canonical\" href=\"https:\/\/sleepwellbed.com\/lv\/product\/top-memory-virsmatracis\/\" \/>\n<meta property=\"og:locale\" content=\"lv_LV\" \/>\n<meta property=\"og:type\" content=\"article\" \/>\n<meta property=\"og:title\" content=\"TOP MEMORY VIRSMATRACIS - Sleepwell\" \/>\n<meta property=\"og:description\" content=\"Virsmatra\u010da satur\u0101 ir profil\u0113tas 7 zonu Memory foam atmi\u0146as putas, ka satur iev\u0113rojamu daudzumu dab\u012bg\u0101s r\u012bcine\u013c\u013cas. R\u012bcine\u013c\u013ca kav\u0113 putek\u013cu \u0113rc\u012b\u0161u un bakt\u0113riju vairo\u0161anos un tai piem\u012bt aler\u0123iju mazino\u0161a iedarb\u012bba.Matra\u010da p\u0101rvalks ir izgatavots no inovat\u012bva Seaqual auduma, kas ra\u017eots no 100% p\u0101rstr\u0101d\u0101tiem materi\u0101liem.P\u0101rvalkam ir Igaunijas aler\u0123ijas asoci\u0101cijas mar\u0137\u0113jums, p\u0101rvalku dr\u012bkst mazg\u0101t \u016bden\u012b, kura temperat\u016bra nep\u0101rsniedz 60 gr\u0101dus.\" \/>\n<meta property=\"og:url\" content=\"https:\/\/sleepwellbed.com\/lv\/product\/top-memory-virsmatracis\/\" \/>\n<meta property=\"og:site_name\" content=\"Sleepwell\" \/>\n<meta property=\"article:modified_time\" content=\"2026-04-10T05:18:38+00:00\" \/>\n<meta property=\"og:image\" content=\"https:\/\/sleepwellbed.com\/wp-content\/uploads\/2025\/11\/TOP-GREEN-160-labiloige-kattemadrats.png\" \/>\n\t<meta property=\"og:image:width\" content=\"1414\" \/>\n\t<meta property=\"og:image:height\" content=\"1000\" \/>\n\t<meta property=\"og:image:type\" content=\"image\/png\" \/>\n<meta name=\"twitter:card\" content=\"summary_large_image\" \/>\n<meta name=\"twitter:label1\" content=\"Est. reading time\" \/>\n\t<meta name=\"twitter:data1\" content=\"1 minute\" \/>\n<script type=\"application\/ld+json\" class=\"yoast-schema-graph\">{\"@context\":\"https:\/\/schema.org\",\"@graph\":[{\"@type\":\"WebPage\",\"@id\":\"https:\/\/sleepwellbed.com\/lv\/product\/top-memory-virsmatracis\/\",\"url\":\"https:\/\/sleepwellbed.com\/lv\/product\/top-memory-virsmatracis\/\",\"name\":\"TOP MEMORY VIRSMATRACIS - Sleepwell\",\"isPartOf\":{\"@id\":\"https:\/\/sleepwellbed.com\/#website\"},\"primaryImageOfPage\":{\"@id\":\"https:\/\/sleepwellbed.com\/lv\/product\/top-memory-virsmatracis\/#primaryimage\"},\"image\":{\"@id\":\"https:\/\/sleepwellbed.com\/lv\/product\/top-memory-virsmatracis\/#primaryimage\"},\"thumbnailUrl\":\"https:\/\/sleepwellbed.com\/wp-content\/uploads\/2025\/11\/TOP-GREEN-160-labiloige-kattemadrats.png\",\"datePublished\":\"2023-01-24T03:10:05+00:00\",\"dateModified\":\"2026-04-10T05:18:38+00:00\",\"breadcrumb\":{\"@id\":\"https:\/\/sleepwellbed.com\/lv\/product\/top-memory-virsmatracis\/#breadcrumb\"},\"inLanguage\":\"lv-LV\",\"potentialAction\":[{\"@type\":\"ReadAction\",\"target\":[\"https:\/\/sleepwellbed.com\/lv\/product\/top-memory-virsmatracis\/\"]}]},{\"@type\":\"ImageObject\",\"inLanguage\":\"lv-LV\",\"@id\":\"https:\/\/sleepwellbed.com\/lv\/product\/top-memory-virsmatracis\/#primaryimage\",\"url\":\"https:\/\/sleepwellbed.com\/wp-content\/uploads\/2025\/11\/TOP-GREEN-160-labiloige-kattemadrats.png\",\"contentUrl\":\"https:\/\/sleepwellbed.com\/wp-content\/uploads\/2025\/11\/TOP-GREEN-160-labiloige-kattemadrats.png\",\"width\":1414,\"height\":1000},{\"@type\":\"BreadcrumbList\",\"@id\":\"https:\/\/sleepwellbed.com\/lv\/product\/top-memory-virsmatracis\/#breadcrumb\",\"itemListElement\":[{\"@type\":\"ListItem\",\"position\":1,\"name\":\"Home\",\"item\":\"https:\/\/sleepwellbed.com\/lv\/\"},{\"@type\":\"ListItem\",\"position\":2,\"name\":\"Preces\",\"item\":\"https:\/\/sleepwellbed.com\/lv\/preces\/\"},{\"@type\":\"ListItem\",\"position\":3,\"name\":\"TOP MEMORY VIRSMATRACIS\"}]},{\"@type\":\"WebSite\",\"@id\":\"https:\/\/sleepwellbed.com\/#website\",\"url\":\"https:\/\/sleepwellbed.com\/\",\"name\":\"Sleepwell\",\"description\":\"\",\"potentialAction\":[{\"@type\":\"SearchAction\",\"target\":{\"@type\":\"EntryPoint\",\"urlTemplate\":\"https:\/\/sleepwellbed.com\/?s={search_term_string}\"},\"query-input\":{\"@type\":\"PropertyValueSpecification\",\"valueRequired\":true,\"valueName\":\"search_term_string\"}}],\"inLanguage\":\"lv-LV\"}]}<\/script>\n<!-- \/ Yoast SEO plugin. -->","yoast_head_json":{"title":"TOP MEMORY VIRSMATRACIS - Sleepwell","robots":{"index":"index","follow":"follow","max-snippet":"max-snippet:-1","max-image-preview":"max-image-preview:large","max-video-preview":"max-video-preview:-1"},"canonical":"https:\/\/sleepwellbed.com\/lv\/product\/top-memory-virsmatracis\/","og_locale":"lv_LV","og_type":"article","og_title":"TOP MEMORY VIRSMATRACIS - Sleepwell","og_description":"Virsmatra\u010da satur\u0101 ir profil\u0113tas 7 zonu Memory foam atmi\u0146as putas, ka satur iev\u0113rojamu daudzumu dab\u012bg\u0101s r\u012bcine\u013c\u013cas. R\u012bcine\u013c\u013ca kav\u0113 putek\u013cu \u0113rc\u012b\u0161u un bakt\u0113riju vairo\u0161anos un tai piem\u012bt aler\u0123iju mazino\u0161a iedarb\u012bba.Matra\u010da p\u0101rvalks ir izgatavots no inovat\u012bva Seaqual auduma, kas ra\u017eots no 100% p\u0101rstr\u0101d\u0101tiem materi\u0101liem.P\u0101rvalkam ir Igaunijas aler\u0123ijas asoci\u0101cijas mar\u0137\u0113jums, p\u0101rvalku dr\u012bkst mazg\u0101t \u016bden\u012b, kura temperat\u016bra nep\u0101rsniedz 60 gr\u0101dus.","og_url":"https:\/\/sleepwellbed.com\/lv\/product\/top-memory-virsmatracis\/","og_site_name":"Sleepwell","article_modified_time":"2026-04-10T05:18:38+00:00","og_image":[{"width":1414,"height":1000,"url":"https:\/\/sleepwellbed.com\/wp-content\/uploads\/2025\/11\/TOP-GREEN-160-labiloige-kattemadrats.png","type":"image\/png"}],"twitter_card":"summary_large_image","twitter_misc":{"Est. reading time":"1 minute"},"schema":{"@context":"https:\/\/schema.org","@graph":[{"@type":"WebPage","@id":"https:\/\/sleepwellbed.com\/lv\/product\/top-memory-virsmatracis\/","url":"https:\/\/sleepwellbed.com\/lv\/product\/top-memory-virsmatracis\/","name":"TOP MEMORY VIRSMATRACIS - Sleepwell","isPartOf":{"@id":"https:\/\/sleepwellbed.com\/#website"},"primaryImageOfPage":{"@id":"https:\/\/sleepwellbed.com\/lv\/product\/top-memory-virsmatracis\/#primaryimage"},"image":{"@id":"https:\/\/sleepwellbed.com\/lv\/product\/top-memory-virsmatracis\/#primaryimage"},"thumbnailUrl":"https:\/\/sleepwellbed.com\/wp-content\/uploads\/2025\/11\/TOP-GREEN-160-labiloige-kattemadrats.png","datePublished":"2023-01-24T03:10:05+00:00","dateModified":"2026-04-10T05:18:38+00:00","breadcrumb":{"@id":"https:\/\/sleepwellbed.com\/lv\/product\/top-memory-virsmatracis\/#breadcrumb"},"inLanguage":"lv-LV","potentialAction":[{"@type":"ReadAction","target":["https:\/\/sleepwellbed.com\/lv\/product\/top-memory-virsmatracis\/"]}]},{"@type":"ImageObject","inLanguage":"lv-LV","@id":"https:\/\/sleepwellbed.com\/lv\/product\/top-memory-virsmatracis\/#primaryimage","url":"https:\/\/sleepwellbed.com\/wp-content\/uploads\/2025\/11\/TOP-GREEN-160-labiloige-kattemadrats.png","contentUrl":"https:\/\/sleepwellbed.com\/wp-content\/uploads\/2025\/11\/TOP-GREEN-160-labiloige-kattemadrats.png","width":1414,"height":1000},{"@type":"BreadcrumbList","@id":"https:\/\/sleepwellbed.com\/lv\/product\/top-memory-virsmatracis\/#breadcrumb","itemListElement":[{"@type":"ListItem","position":1,"name":"Home","item":"https:\/\/sleepwellbed.com\/lv\/"},{"@type":"ListItem","position":2,"name":"Preces","item":"https:\/\/sleepwellbed.com\/lv\/preces\/"},{"@type":"ListItem","position":3,"name":"TOP MEMORY VIRSMATRACIS"}]},{"@type":"WebSite","@id":"https:\/\/sleepwellbed.com\/#website","url":"https:\/\/sleepwellbed.com\/","name":"Sleepwell","description":"","potentialAction":[{"@type":"SearchAction","target":{"@type":"EntryPoint","urlTemplate":"https:\/\/sleepwellbed.com\/?s={search_term_string}"},"query-input":{"@type":"PropertyValueSpecification","valueRequired":true,"valueName":"search_term_string"}}],"inLanguage":"lv-LV"}]}},"_links":{"self":[{"href":"https:\/\/sleepwellbed.com\/lv\/wp-json\/wp\/v2\/product\/196753","targetHints":{"allow":["GET"]}}],"collection":[{"href":"https:\/\/sleepwellbed.com\/lv\/wp-json\/wp\/v2\/product"}],"about":[{"href":"https:\/\/sleepwellbed.com\/lv\/wp-json\/wp\/v2\/types\/product"}],"wp:featuredmedia":[{"embeddable":true,"href":"https:\/\/sleepwellbed.com\/lv\/wp-json\/wp\/v2\/media\/564254"}],"wp:attachment":[{"href":"https:\/\/sleepwellbed.com\/lv\/wp-json\/wp\/v2\/media?parent=196753"}],"wp:term":[{"taxonomy":"product_brand","embeddable":true,"href":"https:\/\/sleepwellbed.com\/lv\/wp-json\/wp\/v2\/product_brand?post=196753"},{"taxonomy":"product_cat","embeddable":true,"href":"https:\/\/sleepwellbed.com\/lv\/wp-json\/wp\/v2\/product_cat?post=196753"},{"taxonomy":"product_tag","embeddable":true,"href":"https:\/\/sleepwellbed.com\/lv\/wp-json\/wp\/v2\/product_tag?post=196753"}],"curies":[{"name":"wp","href":"https:\/\/api.w.org\/{rel}","templated":true}]}}