{"id":197865,"date":"2023-01-24T05:30:05","date_gmt":"2023-01-24T03:30:05","guid":{"rendered":"https:\/\/sleepwellbed.com\/product\/top-micropocket-kattemadrats\/"},"modified":"2026-04-10T08:18:39","modified_gmt":"2026-04-10T05:18:39","slug":"top-micropocket-virsmatracis","status":"publish","type":"product","link":"https:\/\/sleepwellbed.com\/lv\/product\/top-micropocket-virsmatracis\/","title":{"rendered":"TOP MICROPOCKET VIRSMATRACIS"},"content":{"rendered":"<div>Virsmatra\u010da sast\u0101v\u0101 ir micropocket atsperojums, kas nodro\u0161ina izcilu gul\u0113\u0161anas komfortu un sniedz \u0137ermenim papildu atbalstu.<br \/>&nbsp;V\u0113l liel\u0101kam komfortam viena puses virsmatra\u010da puse ir p\u0101rkl\u0101ta ar 3 cm dab\u012bg\u0101 kau\u010duka koka sulas lateksa sl\u0101ni, bet otra puse \u2013 ar m\u012bkstu HR putu poliuret\u0101nu. <\/p>\n<p>Greznais Anti Pilling audums samazina auduma pl\u016bk\u0161an\u0101s iesp\u0113ju.<br \/>Lai nodro\u0161in\u0101tu lab\u0101ku gaisa cirkul\u0101ciju, matra\u010da s\u0101nos atrodas 3D auduma sloksne.<br \/>Papildkomfortu nodro\u0161ina vilna vien\u0101 pus\u0113 (ziemas pus\u0113), bet kokvilna otr\u0101 pus\u0113 (vasaras pus\u0113).<\/p>\n<p>Matra\u010da p\u0101rvalks ir no\u0146emams un to dr\u012bkst mazg\u0101t \u016bden\u012b, kura temperat\u016bra nep\u0101rsniedz 60 gr\u0101dus.<strong> Produktam ir pie\u0161\u0137irta Igaunijas Aler\u0123ijas biedr\u012bbas atzin\u012bbas z\u012bme.<\/strong><br \/>Pieejamie izm\u0113ri 160&#215;200 ja 180&#215;200.<\/p>\n<p>Produkts ir izstr\u0101d\u0101ts un ra\u017eots Igaunij\u0101.<br \/><strong>Sleepwell izstr\u0101d\u0101jumos izmantotie materi\u0101li, piem\u0113ram, audums, kokvilna, vilna un vatel\u012bns, atbilst starptautiskajam \u00d6ko-Tex 100 standartam.<\/strong><\/div>\n","protected":false},"excerpt":{"rendered":"<div>Virsmatracis ar <strong>unik\u0101lu micropocket<\/strong> atsperojumu, kas nodro\u0161ina izcilu gul\u0113\u0161anas komfortu un sniedz \u0137ermenim papildu atbalstu.<\/p>\n<p> V\u0113l liel\u0101kam komfortam viena puses virsmatra\u010da puse ir p\u0101rkl\u0101ta ar 3 cm dab\u012bg\u0101 kau\u010duka koka sulas lateksa sl\u0101ni, bet otra puse \u2013 ar m\u012bkstu HR putu poliuret\u0101nu. <\/p>\n<p>Greznais <strong>Anti Pilling audum<\/strong>s samazina auduma pl\u016bk\u0101\u0161an\u0101s iesp\u0113ju.<\/p>\n<p>Matra\u010da p\u0101rvalks ir ar<strong> Igaunijas aler\u0123ijas asoci\u0101cijas mar\u0137\u0113jumu<\/strong>, to dr\u012bkst mazg\u0101t \u016bden\u012b, kura temperat\u016bra nep\u0101rsniedz 60 gr\u0101dus.<\/div>\n","protected":false},"featured_media":564258,"template":"","meta":{"_acf_changed":false},"product_brand":[],"product_cat":[705],"product_tag":[715],"class_list":{"0":"post-197865","1":"product","2":"type-product","3":"status-publish","4":"has-post-thumbnail","6":"product_cat-virsmatracis","7":"product_tag-top-lv","8":"description-off","10":"first","11":"outofstock","12":"sale","13":"taxable","14":"shipping-taxable","15":"purchasable","16":"product-type-variable"},"acf":[],"yoast_head":"<!-- This site is optimized with the Yoast SEO plugin v27.0 - https:\/\/yoast.com\/product\/yoast-seo-wordpress\/ -->\n<title>TOP MICROPOCKET VIRSMATRACIS - Sleepwell<\/title>\n<meta name=\"robots\" content=\"index, follow, max-snippet:-1, max-image-preview:large, max-video-preview:-1\" \/>\n<link rel=\"canonical\" href=\"https:\/\/sleepwellbed.com\/lv\/product\/top-micropocket-virsmatracis\/\" \/>\n<meta property=\"og:locale\" content=\"lv_LV\" \/>\n<meta property=\"og:type\" content=\"article\" \/>\n<meta property=\"og:title\" content=\"TOP MICROPOCKET VIRSMATRACIS - Sleepwell\" \/>\n<meta property=\"og:description\" content=\"Virsmatracis ar unik\u0101lu micropocket atsperojumu, kas nodro\u0161ina izcilu gul\u0113\u0161anas komfortu un sniedz \u0137ermenim papildu atbalstu. V\u0113l liel\u0101kam komfortam viena puses virsmatra\u010da puse ir p\u0101rkl\u0101ta ar 3 cm dab\u012bg\u0101 kau\u010duka koka sulas lateksa sl\u0101ni, bet otra puse \u2013 ar m\u012bkstu HR putu poliuret\u0101nu. Greznais Anti Pilling audums samazina auduma pl\u016bk\u0101\u0161an\u0101s iesp\u0113ju.Matra\u010da p\u0101rvalks ir ar Igaunijas aler\u0123ijas asoci\u0101cijas mar\u0137\u0113jumu, to dr\u012bkst mazg\u0101t \u016bden\u012b, kura temperat\u016bra nep\u0101rsniedz 60 gr\u0101dus.\" \/>\n<meta property=\"og:url\" content=\"https:\/\/sleepwellbed.com\/lv\/product\/top-micropocket-virsmatracis\/\" \/>\n<meta property=\"og:site_name\" content=\"Sleepwell\" \/>\n<meta property=\"article:modified_time\" content=\"2026-04-10T05:18:39+00:00\" \/>\n<meta property=\"og:image\" content=\"https:\/\/sleepwellbed.com\/wp-content\/uploads\/2025\/11\/TOP-LATEX-MICROPOCKET-160-labiloige-kattemadrats.png\" \/>\n\t<meta property=\"og:image:width\" content=\"1414\" \/>\n\t<meta property=\"og:image:height\" content=\"1000\" \/>\n\t<meta property=\"og:image:type\" content=\"image\/png\" \/>\n<meta name=\"twitter:card\" content=\"summary_large_image\" \/>\n<meta name=\"twitter:label1\" content=\"Est. reading time\" \/>\n\t<meta name=\"twitter:data1\" content=\"1 minute\" \/>\n<script type=\"application\/ld+json\" class=\"yoast-schema-graph\">{\"@context\":\"https:\/\/schema.org\",\"@graph\":[{\"@type\":\"WebPage\",\"@id\":\"https:\/\/sleepwellbed.com\/lv\/product\/top-micropocket-virsmatracis\/\",\"url\":\"https:\/\/sleepwellbed.com\/lv\/product\/top-micropocket-virsmatracis\/\",\"name\":\"TOP MICROPOCKET VIRSMATRACIS - Sleepwell\",\"isPartOf\":{\"@id\":\"https:\/\/sleepwellbed.com\/#website\"},\"primaryImageOfPage\":{\"@id\":\"https:\/\/sleepwellbed.com\/lv\/product\/top-micropocket-virsmatracis\/#primaryimage\"},\"image\":{\"@id\":\"https:\/\/sleepwellbed.com\/lv\/product\/top-micropocket-virsmatracis\/#primaryimage\"},\"thumbnailUrl\":\"https:\/\/sleepwellbed.com\/wp-content\/uploads\/2025\/11\/TOP-LATEX-MICROPOCKET-160-labiloige-kattemadrats.png\",\"datePublished\":\"2023-01-24T03:30:05+00:00\",\"dateModified\":\"2026-04-10T05:18:39+00:00\",\"breadcrumb\":{\"@id\":\"https:\/\/sleepwellbed.com\/lv\/product\/top-micropocket-virsmatracis\/#breadcrumb\"},\"inLanguage\":\"lv-LV\",\"potentialAction\":[{\"@type\":\"ReadAction\",\"target\":[\"https:\/\/sleepwellbed.com\/lv\/product\/top-micropocket-virsmatracis\/\"]}]},{\"@type\":\"ImageObject\",\"inLanguage\":\"lv-LV\",\"@id\":\"https:\/\/sleepwellbed.com\/lv\/product\/top-micropocket-virsmatracis\/#primaryimage\",\"url\":\"https:\/\/sleepwellbed.com\/wp-content\/uploads\/2025\/11\/TOP-LATEX-MICROPOCKET-160-labiloige-kattemadrats.png\",\"contentUrl\":\"https:\/\/sleepwellbed.com\/wp-content\/uploads\/2025\/11\/TOP-LATEX-MICROPOCKET-160-labiloige-kattemadrats.png\",\"width\":1414,\"height\":1000},{\"@type\":\"BreadcrumbList\",\"@id\":\"https:\/\/sleepwellbed.com\/lv\/product\/top-micropocket-virsmatracis\/#breadcrumb\",\"itemListElement\":[{\"@type\":\"ListItem\",\"position\":1,\"name\":\"Home\",\"item\":\"https:\/\/sleepwellbed.com\/lv\/\"},{\"@type\":\"ListItem\",\"position\":2,\"name\":\"Preces\",\"item\":\"https:\/\/sleepwellbed.com\/lv\/preces\/\"},{\"@type\":\"ListItem\",\"position\":3,\"name\":\"TOP MICROPOCKET VIRSMATRACIS\"}]},{\"@type\":\"WebSite\",\"@id\":\"https:\/\/sleepwellbed.com\/#website\",\"url\":\"https:\/\/sleepwellbed.com\/\",\"name\":\"Sleepwell\",\"description\":\"\",\"potentialAction\":[{\"@type\":\"SearchAction\",\"target\":{\"@type\":\"EntryPoint\",\"urlTemplate\":\"https:\/\/sleepwellbed.com\/?s={search_term_string}\"},\"query-input\":{\"@type\":\"PropertyValueSpecification\",\"valueRequired\":true,\"valueName\":\"search_term_string\"}}],\"inLanguage\":\"lv-LV\"}]}<\/script>\n<!-- \/ Yoast SEO plugin. -->","yoast_head_json":{"title":"TOP MICROPOCKET VIRSMATRACIS - Sleepwell","robots":{"index":"index","follow":"follow","max-snippet":"max-snippet:-1","max-image-preview":"max-image-preview:large","max-video-preview":"max-video-preview:-1"},"canonical":"https:\/\/sleepwellbed.com\/lv\/product\/top-micropocket-virsmatracis\/","og_locale":"lv_LV","og_type":"article","og_title":"TOP MICROPOCKET VIRSMATRACIS - Sleepwell","og_description":"Virsmatracis ar unik\u0101lu micropocket atsperojumu, kas nodro\u0161ina izcilu gul\u0113\u0161anas komfortu un sniedz \u0137ermenim papildu atbalstu. V\u0113l liel\u0101kam komfortam viena puses virsmatra\u010da puse ir p\u0101rkl\u0101ta ar 3 cm dab\u012bg\u0101 kau\u010duka koka sulas lateksa sl\u0101ni, bet otra puse \u2013 ar m\u012bkstu HR putu poliuret\u0101nu. Greznais Anti Pilling audums samazina auduma pl\u016bk\u0101\u0161an\u0101s iesp\u0113ju.Matra\u010da p\u0101rvalks ir ar Igaunijas aler\u0123ijas asoci\u0101cijas mar\u0137\u0113jumu, to dr\u012bkst mazg\u0101t \u016bden\u012b, kura temperat\u016bra nep\u0101rsniedz 60 gr\u0101dus.","og_url":"https:\/\/sleepwellbed.com\/lv\/product\/top-micropocket-virsmatracis\/","og_site_name":"Sleepwell","article_modified_time":"2026-04-10T05:18:39+00:00","og_image":[{"width":1414,"height":1000,"url":"https:\/\/sleepwellbed.com\/wp-content\/uploads\/2025\/11\/TOP-LATEX-MICROPOCKET-160-labiloige-kattemadrats.png","type":"image\/png"}],"twitter_card":"summary_large_image","twitter_misc":{"Est. reading time":"1 minute"},"schema":{"@context":"https:\/\/schema.org","@graph":[{"@type":"WebPage","@id":"https:\/\/sleepwellbed.com\/lv\/product\/top-micropocket-virsmatracis\/","url":"https:\/\/sleepwellbed.com\/lv\/product\/top-micropocket-virsmatracis\/","name":"TOP MICROPOCKET VIRSMATRACIS - Sleepwell","isPartOf":{"@id":"https:\/\/sleepwellbed.com\/#website"},"primaryImageOfPage":{"@id":"https:\/\/sleepwellbed.com\/lv\/product\/top-micropocket-virsmatracis\/#primaryimage"},"image":{"@id":"https:\/\/sleepwellbed.com\/lv\/product\/top-micropocket-virsmatracis\/#primaryimage"},"thumbnailUrl":"https:\/\/sleepwellbed.com\/wp-content\/uploads\/2025\/11\/TOP-LATEX-MICROPOCKET-160-labiloige-kattemadrats.png","datePublished":"2023-01-24T03:30:05+00:00","dateModified":"2026-04-10T05:18:39+00:00","breadcrumb":{"@id":"https:\/\/sleepwellbed.com\/lv\/product\/top-micropocket-virsmatracis\/#breadcrumb"},"inLanguage":"lv-LV","potentialAction":[{"@type":"ReadAction","target":["https:\/\/sleepwellbed.com\/lv\/product\/top-micropocket-virsmatracis\/"]}]},{"@type":"ImageObject","inLanguage":"lv-LV","@id":"https:\/\/sleepwellbed.com\/lv\/product\/top-micropocket-virsmatracis\/#primaryimage","url":"https:\/\/sleepwellbed.com\/wp-content\/uploads\/2025\/11\/TOP-LATEX-MICROPOCKET-160-labiloige-kattemadrats.png","contentUrl":"https:\/\/sleepwellbed.com\/wp-content\/uploads\/2025\/11\/TOP-LATEX-MICROPOCKET-160-labiloige-kattemadrats.png","width":1414,"height":1000},{"@type":"BreadcrumbList","@id":"https:\/\/sleepwellbed.com\/lv\/product\/top-micropocket-virsmatracis\/#breadcrumb","itemListElement":[{"@type":"ListItem","position":1,"name":"Home","item":"https:\/\/sleepwellbed.com\/lv\/"},{"@type":"ListItem","position":2,"name":"Preces","item":"https:\/\/sleepwellbed.com\/lv\/preces\/"},{"@type":"ListItem","position":3,"name":"TOP MICROPOCKET VIRSMATRACIS"}]},{"@type":"WebSite","@id":"https:\/\/sleepwellbed.com\/#website","url":"https:\/\/sleepwellbed.com\/","name":"Sleepwell","description":"","potentialAction":[{"@type":"SearchAction","target":{"@type":"EntryPoint","urlTemplate":"https:\/\/sleepwellbed.com\/?s={search_term_string}"},"query-input":{"@type":"PropertyValueSpecification","valueRequired":true,"valueName":"search_term_string"}}],"inLanguage":"lv-LV"}]}},"_links":{"self":[{"href":"https:\/\/sleepwellbed.com\/lv\/wp-json\/wp\/v2\/product\/197865","targetHints":{"allow":["GET"]}}],"collection":[{"href":"https:\/\/sleepwellbed.com\/lv\/wp-json\/wp\/v2\/product"}],"about":[{"href":"https:\/\/sleepwellbed.com\/lv\/wp-json\/wp\/v2\/types\/product"}],"wp:featuredmedia":[{"embeddable":true,"href":"https:\/\/sleepwellbed.com\/lv\/wp-json\/wp\/v2\/media\/564258"}],"wp:attachment":[{"href":"https:\/\/sleepwellbed.com\/lv\/wp-json\/wp\/v2\/media?parent=197865"}],"wp:term":[{"taxonomy":"product_brand","embeddable":true,"href":"https:\/\/sleepwellbed.com\/lv\/wp-json\/wp\/v2\/product_brand?post=197865"},{"taxonomy":"product_cat","embeddable":true,"href":"https:\/\/sleepwellbed.com\/lv\/wp-json\/wp\/v2\/product_cat?post=197865"},{"taxonomy":"product_tag","embeddable":true,"href":"https:\/\/sleepwellbed.com\/lv\/wp-json\/wp\/v2\/product_tag?post=197865"}],"curies":[{"name":"wp","href":"https:\/\/api.w.org\/{rel}","templated":true}]}}